{"id":4621,"date":"2025-12-25T12:48:09","date_gmt":"2025-12-25T05:48:09","guid":{"rendered":"https:\/\/tourcruiser.com\/product\/to-my-wife-woman-of-my-dreams-forever-love-heart-pendant-and-earring-set\/"},"modified":"2026-03-14T17:45:17","modified_gmt":"2026-03-14T10:45:17","slug":"to-my-wife-woman-of-my-dreams-forever-love-heart-pendant-and-earring-set","status":"publish","type":"product","link":"https:\/\/tourcruiser.com\/fr\/products\/to-my-wife-woman-of-my-dreams-forever-love-heart-pendant-and-earring-set\/","title":{"rendered":"To My Wife &#8211; Woman of my Dreams &#8211; Forever Love Heart Pendant and Earring Set"},"content":{"rendered":"<p>Caract\u00e9ristiques du collier\u00a0: Finition or blanc 14 carats\u00a0; Cristal de zircone cubique rond de 6,5 mm\u00a0; 2,2 cm \/ 1,8 cm\u00a0; Cha\u00eene maille c\u00e2ble ajustable\u00a0: 40,6 cm &#8211; 55,9 cm\u00a0; Fermoir mousqueton. Caract\u00e9ristiques des boucles d&rsquo;oreilles\u00a0: Finition or blanc 14 carats\u00a0; Cristaux de zircone cubique ronds de 6 mm\u00a0; Fermoir \u00e0 tige. Offrez \u00e0 votre bien-aim\u00e9e un cadeau qui la comblera de joie\u00a0! Cet ensemble collier et boucles d&rsquo;oreilles offre un \u00e9clat \u00e9blouissant, port\u00e9 ensemble ou s\u00e9par\u00e9ment, et est parfait pour toutes les occasions\u00a0! Ne manquez pas cette offre exceptionnelle\u00a0! Votre bijou est soigneusement emball\u00e9 dans un coffret doux au toucher, id\u00e9al pour offrir. Sublimez votre pr\u00e9sentation en choisissant le coffret de luxe style acajou, dot\u00e9 d&rsquo;un \u00e9clairage LED lumineux.<\/p>\n","protected":false},"excerpt":{"rendered":"<p>Caract\u00e9ristiques du collier\u00a0: Finition or blanc 14 carats\u00a0; Cristal de zircone cubique rond de 6,5 mm\u00a0; 2,2 cm \/ 1,8 cm\u00a0; Cha\u00eene maille c\u00e2ble ajustable\u00a0: 40,6 cm &#8211; 55,9 cm\u00a0; Fermoir mousqueton. Caract\u00e9ristiques des boucles d&rsquo;oreilles\u00a0: Finition or blanc 14 carats\u00a0; Cristaux de zircone cubique ronds de 6 mm\u00a0; Fermoir \u00e0 tige. Offrez \u00e0 votre [&hellip;]<\/p>\n","protected":false},"featured_media":4620,"comment_status":"open","ping_status":"closed","template":"","meta":[],"product_brand":[],"product_cat":[210,207],"product_tag":[209],"class_list":{"0":"post-4621","1":"product","2":"type-product","3":"status-publish","4":"has-post-thumbnail","6":"product_cat-earrings-jewelrys","7":"product_cat-jewelrys","8":"product_tag-earrings","9":"wcpa_has_options","11":"first","12":"instock","13":"taxable","14":"shipping-taxable","15":"purchasable","16":"product-type-simple"},"wcpa_form_fields":{"rules":{"pric_overide_base_price":false,"pric_overide_base_price_if_gt_zero":false,"pric_overide_base_price_fully":false,"pric_cal_option_once":false,"pric_use_as_fee":false,"bind_quantity":false,"quantity_bind_formula":false},"fields":[{"type":"color-group","required":true,"elementId":"wcpa-color-group-66c4a75505e74","label":"Taille","inline":true,"priceOptions":"different_for_all","pricingType":"fixed","className":"hassizechart product-shoes-size-eu product-shoes-size","name":"color-group-66c4a75505e89","disp_type":"square","selection_type":"tick-border","disp_size":"42","show_label_inside":true,"adjust_width":true,"cart_display_type":"text","other_text":"Other","cl_rule":"show","col":6,"values":[{"label":"EU 35.5","value":"EU 35.5","price":"","pimage":"","pimage_id":"","pthumb":"","color":""},{"label":"EU 36","value":"EU 36","price":"","pimage":"","pimage_id":"","pthumb":"","color":"","selected":true},{"label":"EU 36.5","value":"EU 36.5","price":"","pimage":"","pimage_id":"","pthumb":"","color":""},{"label":"EU 37.5","value":"EU 37.5","price":"","pimage":"","pimage_id":"","pthumb":"","color":""},{"label":"EU 38","value":"EU 38","price":"","pimage":"","pimage_id":"","pthumb":"","color":""},{"label":"EU 38.5","value":"EU 38.5","price":"","pimage":"","pimage_id":"","pthumb":"","color":""},{"label":"EU 39","value":"EU 39","price":"","pimage":"","pimage_id":"","pthumb":"","color":""},{"label":"EU 40","value":"EU 40","price":"","pimage":"","pimage_id":"","pthumb":"","color":""},{"label":"EU 40.5","value":"EU 40.5","price":"","pimage":"","pimage_id":"","pthumb":"","color":""},{"label":"EU 41","value":"EU 41","price":"","pimage":"","pimage_id":"","pthumb":"","color":""},{"label":"EU 42","value":"EU 42","price":"","pimage":"","pimage_id":"","pthumb":"","color":""},{"label":"EU 42.5","value":"EU 42.5","price":"","pimage":"","pimage_id":"","pthumb":"","color":""},{"label":"EU 43","value":"EU 43","price":"","pimage":"","pimage_id":"","pthumb":"","color":""},{"label":"EU 44","value":"EU 44","price":"","pimage":"","pimage_id":"","pthumb":"","color":""},{"label":"EU 44.5","value":"EU 44.5","price":"","pimage":"","pimage_id":"","pthumb":"","color":""},{"label":"EU 45","value":"EU 45","price":"","pimage":"","pimage_id":"","pthumb":"","color":""},{"label":"EU 45.5","value":"EU 45.5","price":"","pimage":"","pimage_id":"","pthumb":"","color":""},{"label":"EU 46","value":"EU 46","price":"","pimage":"","pimage_id":"","pthumb":"","color":""},{"label":"EU 47","value":"EU 47","price":"","pimage":"","pimage_id":"","pthumb":"","color":""},{"label":"EU 47.5","value":"EU 47.5","price":"","pimage":"","pimage_id":"","pthumb":"","color":""},{"label":"EU 48","value":"EU 48","price":"","pimage":"","pimage_id":"","pthumb":"","color":""}],"relations":[{"operator":false,"rules":[]}],"form_id":4984,"form_rules":{"pric_cal_option_once":false,"exclude_from_discount":false,"pric_use_as_fee":false,"fee_label":"Fee","render_after_acb":false,"disp_hide_options_price":false}}]},"yoast_head":"<!-- This site is optimized with the Yoast SEO plugin v26.5 - https:\/\/yoast.com\/wordpress\/plugins\/seo\/ -->\n<title>To My Wife - Woman of my Dreams - Forever Love Heart Pendant and Earring Set - TOURCRUISER PTE. LTD<\/title>\n<meta name=\"robots\" content=\"index, follow, max-snippet:-1, max-image-preview:large, max-video-preview:-1\" \/>\n<link rel=\"canonical\" href=\"https:\/\/tourcruiser.com\/\" \/>\n<meta property=\"og:locale\" content=\"fr_FR\" \/>\n<meta property=\"og:type\" content=\"article\" \/>\n<meta property=\"og:title\" content=\"To My Wife - Woman of my Dreams - Forever Love Heart Pendant and Earring Set - TOURCRUISER PTE. LTD\" \/>\n<meta property=\"og:description\" content=\"Caract\u00e9ristiques du collier\u00a0: Finition or blanc 14 carats\u00a0; Cristal de zircone cubique rond de 6,5 mm\u00a0; 2,2 cm \/ 1,8 cm\u00a0; Cha\u00eene maille c\u00e2ble ajustable\u00a0: 40,6 cm &#8211; 55,9 cm\u00a0; Fermoir mousqueton. Caract\u00e9ristiques des boucles d&rsquo;oreilles\u00a0: Finition or blanc 14 carats\u00a0; Cristaux de zircone cubique ronds de 6 mm\u00a0; Fermoir \u00e0 tige. Offrez \u00e0 votre [&hellip;]\" \/>\n<meta property=\"og:url\" content=\"\/\" \/>\n<meta property=\"og:site_name\" content=\"Tourcruiser Sneaker Store\" \/>\n<meta property=\"article:modified_time\" content=\"2026-03-14T10:45:17+00:00\" \/>\n<meta property=\"og:image\" content=\"https:\/\/tourcruiser.com\/wp-content\/uploads\/2025\/12\/asset_4524_transformation_13946_4101323a-0f30-4c9a-9ce0-6826aa31c262.jpg\" \/>\n\t<meta property=\"og:image:width\" content=\"1000\" \/>\n\t<meta property=\"og:image:height\" content=\"1000\" \/>\n\t<meta property=\"og:image:type\" content=\"image\/jpeg\" \/>\n<meta name=\"twitter:card\" content=\"summary_large_image\" \/>\n<meta name=\"twitter:label1\" content=\"Dur\u00e9e de lecture estim\u00e9e\" \/>\n\t<meta name=\"twitter:data1\" content=\"1 minute\" \/>\n<script type=\"application\/ld+json\" class=\"yoast-schema-graph\">{\"@context\":\"https:\/\/schema.org\",\"@graph\":[{\"@type\":\"WebPage\",\"@id\":\"\/\",\"url\":\"https:\/\/tourcruiser.com\/\",\"name\":\"To My Wife - Woman of my Dreams - Forever Love Heart Pendant and Earring Set - TOURCRUISER PTE. LTD\",\"isPartOf\":{\"@id\":\"https:\/\/tourcruiser.com\/fr\/#website\"},\"primaryImageOfPage\":{\"@id\":\"https:\/\/tourcruiser.com\/#primaryimage\"},\"image\":{\"@id\":\"https:\/\/tourcruiser.com\/#primaryimage\"},\"thumbnailUrl\":\"https:\/\/tourcruiser.com\/wp-content\/uploads\/2025\/12\/asset_4524_transformation_13946_4101323a-0f30-4c9a-9ce0-6826aa31c262.jpg\",\"datePublished\":\"2025-12-25T05:48:09+00:00\",\"dateModified\":\"2026-03-14T10:45:17+00:00\",\"breadcrumb\":{\"@id\":\"https:\/\/tourcruiser.com\/#breadcrumb\"},\"inLanguage\":\"fr-FR\",\"potentialAction\":[{\"@type\":\"ReadAction\",\"target\":[\"https:\/\/tourcruiser.com\/\"]}]},{\"@type\":\"ImageObject\",\"inLanguage\":\"fr-FR\",\"@id\":\"https:\/\/tourcruiser.com\/#primaryimage\",\"url\":\"https:\/\/tourcruiser.com\/wp-content\/uploads\/2025\/12\/asset_4524_transformation_13946_4101323a-0f30-4c9a-9ce0-6826aa31c262.jpg\",\"contentUrl\":\"https:\/\/tourcruiser.com\/wp-content\/uploads\/2025\/12\/asset_4524_transformation_13946_4101323a-0f30-4c9a-9ce0-6826aa31c262.jpg\",\"width\":1000,\"height\":1000},{\"@type\":\"BreadcrumbList\",\"@id\":\"https:\/\/tourcruiser.com\/#breadcrumb\",\"itemListElement\":[{\"@type\":\"ListItem\",\"position\":1,\"name\":\"Home\",\"item\":\"https:\/\/tourcruiser.com\/fr\/\"},{\"@type\":\"ListItem\",\"position\":2,\"name\":\"Shop\",\"item\":\"https:\/\/tourcruiser.com\/fr\/shop\/\"},{\"@type\":\"ListItem\",\"position\":3,\"name\":\"To My Wife &#8211; Woman of my Dreams &#8211; Forever Love Heart Pendant and Earring Set\"}]},{\"@type\":\"WebSite\",\"@id\":\"https:\/\/tourcruiser.com\/fr\/#website\",\"url\":\"https:\/\/tourcruiser.com\/fr\/\",\"name\":\"Styloral Jewelry Shop\",\"description\":\"Tourcruiser Sneaker Store \u2014 L\u2019endroit o\u00f9 l\u2019univers rencontre votre singularit\u00e9.\",\"publisher\":{\"@id\":\"https:\/\/tourcruiser.com\/fr\/#organization\"},\"potentialAction\":[{\"@type\":\"SearchAction\",\"target\":{\"@type\":\"EntryPoint\",\"urlTemplate\":\"https:\/\/tourcruiser.com\/fr\/?s={search_term_string}\"},\"query-input\":{\"@type\":\"PropertyValueSpecification\",\"valueRequired\":true,\"valueName\":\"search_term_string\"}}],\"inLanguage\":\"fr-FR\"},{\"@type\":\"Organization\",\"@id\":\"https:\/\/tourcruiser.com\/fr\/#organization\",\"name\":\"STYLORAL PTE. LTD\",\"url\":\"https:\/\/tourcruiser.com\/fr\/\",\"logo\":{\"@type\":\"ImageObject\",\"inLanguage\":\"fr-FR\",\"@id\":\"https:\/\/tourcruiser.com\/fr\/#\/schema\/logo\/image\/\",\"url\":\"https:\/\/www.tourcruiser.com\/wp-content\/uploads\/2025\/12\/logo.png\",\"contentUrl\":\"https:\/\/www.tourcruiser.com\/wp-content\/uploads\/2025\/12\/logo.png\",\"width\":200,\"height\":65,\"caption\":\"STYLORAL PTE. LTD\"},\"image\":{\"@id\":\"https:\/\/tourcruiser.com\/fr\/#\/schema\/logo\/image\/\"}}]}<\/script>\n<!-- \/ Yoast SEO plugin. -->","yoast_head_json":{"title":"To My Wife - Woman of my Dreams - Forever Love Heart Pendant and Earring Set - TOURCRUISER PTE. LTD","robots":{"index":"index","follow":"follow","max-snippet":"max-snippet:-1","max-image-preview":"max-image-preview:large","max-video-preview":"max-video-preview:-1"},"canonical":"https:\/\/tourcruiser.com\/","og_locale":"fr_FR","og_type":"article","og_title":"To My Wife - Woman of my Dreams - Forever Love Heart Pendant and Earring Set - TOURCRUISER PTE. LTD","og_description":"Caract\u00e9ristiques du collier\u00a0: Finition or blanc 14 carats\u00a0; Cristal de zircone cubique rond de 6,5 mm\u00a0; 2,2 cm \/ 1,8 cm\u00a0; Cha\u00eene maille c\u00e2ble ajustable\u00a0: 40,6 cm &#8211; 55,9 cm\u00a0; Fermoir mousqueton. Caract\u00e9ristiques des boucles d&rsquo;oreilles\u00a0: Finition or blanc 14 carats\u00a0; Cristaux de zircone cubique ronds de 6 mm\u00a0; Fermoir \u00e0 tige. Offrez \u00e0 votre [&hellip;]","og_url":"\/","og_site_name":"Tourcruiser Sneaker Store","article_modified_time":"2026-03-14T10:45:17+00:00","og_image":[{"width":1000,"height":1000,"url":"https:\/\/tourcruiser.com\/wp-content\/uploads\/2025\/12\/asset_4524_transformation_13946_4101323a-0f30-4c9a-9ce0-6826aa31c262.jpg","type":"image\/jpeg"}],"twitter_card":"summary_large_image","twitter_misc":{"Dur\u00e9e de lecture estim\u00e9e":"1 minute"},"schema":{"@context":"https:\/\/schema.org","@graph":[{"@type":"WebPage","@id":"\/","url":"https:\/\/tourcruiser.com\/","name":"To My Wife - Woman of my Dreams - Forever Love Heart Pendant and Earring Set - TOURCRUISER PTE. LTD","isPartOf":{"@id":"https:\/\/tourcruiser.com\/fr\/#website"},"primaryImageOfPage":{"@id":"https:\/\/tourcruiser.com\/#primaryimage"},"image":{"@id":"https:\/\/tourcruiser.com\/#primaryimage"},"thumbnailUrl":"https:\/\/tourcruiser.com\/wp-content\/uploads\/2025\/12\/asset_4524_transformation_13946_4101323a-0f30-4c9a-9ce0-6826aa31c262.jpg","datePublished":"2025-12-25T05:48:09+00:00","dateModified":"2026-03-14T10:45:17+00:00","breadcrumb":{"@id":"https:\/\/tourcruiser.com\/#breadcrumb"},"inLanguage":"fr-FR","potentialAction":[{"@type":"ReadAction","target":["https:\/\/tourcruiser.com\/"]}]},{"@type":"ImageObject","inLanguage":"fr-FR","@id":"https:\/\/tourcruiser.com\/#primaryimage","url":"https:\/\/tourcruiser.com\/wp-content\/uploads\/2025\/12\/asset_4524_transformation_13946_4101323a-0f30-4c9a-9ce0-6826aa31c262.jpg","contentUrl":"https:\/\/tourcruiser.com\/wp-content\/uploads\/2025\/12\/asset_4524_transformation_13946_4101323a-0f30-4c9a-9ce0-6826aa31c262.jpg","width":1000,"height":1000},{"@type":"BreadcrumbList","@id":"https:\/\/tourcruiser.com\/#breadcrumb","itemListElement":[{"@type":"ListItem","position":1,"name":"Home","item":"https:\/\/tourcruiser.com\/fr\/"},{"@type":"ListItem","position":2,"name":"Shop","item":"https:\/\/tourcruiser.com\/fr\/shop\/"},{"@type":"ListItem","position":3,"name":"To My Wife &#8211; Woman of my Dreams &#8211; Forever Love Heart Pendant and Earring Set"}]},{"@type":"WebSite","@id":"https:\/\/tourcruiser.com\/fr\/#website","url":"https:\/\/tourcruiser.com\/fr\/","name":"Styloral Jewelry Shop","description":"Tourcruiser Sneaker Store \u2014 L\u2019endroit o\u00f9 l\u2019univers rencontre votre singularit\u00e9.","publisher":{"@id":"https:\/\/tourcruiser.com\/fr\/#organization"},"potentialAction":[{"@type":"SearchAction","target":{"@type":"EntryPoint","urlTemplate":"https:\/\/tourcruiser.com\/fr\/?s={search_term_string}"},"query-input":{"@type":"PropertyValueSpecification","valueRequired":true,"valueName":"search_term_string"}}],"inLanguage":"fr-FR"},{"@type":"Organization","@id":"https:\/\/tourcruiser.com\/fr\/#organization","name":"STYLORAL PTE. LTD","url":"https:\/\/tourcruiser.com\/fr\/","logo":{"@type":"ImageObject","inLanguage":"fr-FR","@id":"https:\/\/tourcruiser.com\/fr\/#\/schema\/logo\/image\/","url":"https:\/\/www.tourcruiser.com\/wp-content\/uploads\/2025\/12\/logo.png","contentUrl":"https:\/\/www.tourcruiser.com\/wp-content\/uploads\/2025\/12\/logo.png","width":200,"height":65,"caption":"STYLORAL PTE. LTD"},"image":{"@id":"https:\/\/tourcruiser.com\/fr\/#\/schema\/logo\/image\/"}}]}},"_links":{"self":[{"href":"https:\/\/tourcruiser.com\/fr\/wp-json\/wp\/v2\/product\/4621","targetHints":{"allow":["GET"]}}],"collection":[{"href":"https:\/\/tourcruiser.com\/fr\/wp-json\/wp\/v2\/product"}],"about":[{"href":"https:\/\/tourcruiser.com\/fr\/wp-json\/wp\/v2\/types\/product"}],"replies":[{"embeddable":true,"href":"https:\/\/tourcruiser.com\/fr\/wp-json\/wp\/v2\/comments?post=4621"}],"wp:featuredmedia":[{"embeddable":true,"href":"https:\/\/tourcruiser.com\/fr\/wp-json\/wp\/v2\/media\/4620"}],"wp:attachment":[{"href":"https:\/\/tourcruiser.com\/fr\/wp-json\/wp\/v2\/media?parent=4621"}],"wp:term":[{"taxonomy":"product_brand","embeddable":true,"href":"https:\/\/tourcruiser.com\/fr\/wp-json\/wp\/v2\/product_brand?post=4621"},{"taxonomy":"product_cat","embeddable":true,"href":"https:\/\/tourcruiser.com\/fr\/wp-json\/wp\/v2\/product_cat?post=4621"},{"taxonomy":"product_tag","embeddable":true,"href":"https:\/\/tourcruiser.com\/fr\/wp-json\/wp\/v2\/product_tag?post=4621"}],"curies":[{"name":"wp","href":"https:\/\/api.w.org\/{rel}","templated":true}]}}