{"id":45525,"date":"2026-03-02T15:01:32","date_gmt":"2026-03-02T08:01:32","guid":{"rendered":"http:\/\/tourcruiser.com\/product\/women-adidas-originals-sl-72-night-indigosemi-green-sparkcollege-green"},"modified":"2026-03-14T17:59:12","modified_gmt":"2026-03-14T10:59:12","slug":"women-adidas-originals-sl-72-night-indigosemi-green-sparkcollege-green","status":"publish","type":"product","link":"https:\/\/tourcruiser.com\/fr\/products\/women-adidas-originals-sl-72-night-indigosemi-green-sparkcollege-green\/","title":{"rendered":"(Women) adidas Originals SL 72 \u00ab\u00a0Night Indigo\/Semi Green Spark\/College Green\u00a0\u00bb"},"content":{"rendered":"<p>Affirmez votre style avec les sneakers adidas Originals SL 72, coloris Night Indigo, Semi Green Spark et College Green. Ces sneakers styl\u00e9es allient esprit r\u00e9tro et fonctionnalit\u00e9 moderne. L&#8217;empeigne en mesh assure une respirabilit\u00e9 optimale, tandis que les empi\u00e8cements en daim ajoutent une touche d&rsquo;\u00e9l\u00e9gance. La semelle interm\u00e9diaire Boost r\u00e9active offre un amorti exceptionnel pour un confort optimal tout au long de la journ\u00e9e. Que ce soit pour une vir\u00e9e en ville ou un look d\u00e9contract\u00e9, ces sneakers ne manqueront pas de faire sensation. Coloris\u00a0: Night Indigo\/Semi Green Spark\/Collegiate Green. Code article\u00a0: IE3427. Mati\u00e8re de l&#8217;empeigne\u00a0: Daim. Couleur\u00a0: Vert.<\/p>\n","protected":false},"excerpt":{"rendered":"<p>adidas Originals SL 72 \u201d\u201d Night Indigo\/Semi Green Spark\/Collegiate Green<\/p>\n","protected":false},"featured_media":45526,"comment_status":"open","ping_status":"closed","template":"","meta":[],"product_brand":[],"product_cat":[10941],"product_tag":[10759,10750,10926,10754,10765,10768,10758],"class_list":{"0":"post-45525","1":"product","2":"type-product","3":"status-publish","4":"has-post-thumbnail","6":"product_cat-adidas-women","7":"product_tag-adidas","8":"product_tag-athleisure-shoes","9":"product_tag-gift-for-her","10":"product_tag-lifestyle-casual-shoes","11":"product_tag-lifestyle-shoes-running-inspired","12":"product_tag-retro-running-shoes","13":"product_tag-under-retail","14":"wcpa_has_options","16":"first","17":"instock","18":"taxable","19":"shipping-taxable","20":"purchasable","21":"product-type-simple"},"wcpa_form_fields":{"rules":{"pric_overide_base_price":false,"pric_overide_base_price_if_gt_zero":false,"pric_overide_base_price_fully":false,"pric_cal_option_once":false,"pric_use_as_fee":false,"bind_quantity":false,"quantity_bind_formula":false},"fields":[{"type":"color-group","required":true,"elementId":"wcpa-color-group-66c4a7f817afe","label":"Taille","inline":true,"priceOptions":"different_for_all","pricingType":"fixed","className":"hassizechart product-shoes-size-eu product-shoes-size","name":"color-group-66c4a7f817b18","disp_type":"square","selection_type":"tick-border","disp_size":"50","show_label_inside":true,"adjust_width":true,"cart_display_type":"text","other_text":"Other","cl_rule":"show","col":6,"values":[{"label":"35","value":"EU 35","price":"","pimage":"","pimage_id":"","pthumb":"","color":""},{"label":"35.5","value":"EU 35.5","price":"","pimage":"","pimage_id":"","pthumb":"","color":""},{"label":"36","value":"EU 36","price":"","pimage":"","pimage_id":"","pthumb":"","color":"","selected":true},{"label":"36 2\/3","value":"EU 36 2\/3","price":"","pimage":"","pimage_id":"","pthumb":"","color":""},{"label":"37 1\/3","value":"EU 37 1\/3","price":"","pimage":"","pimage_id":"","pthumb":"","color":""},{"label":"38","value":"EU 38","price":"","pimage":"","pimage_id":"","pthumb":"","color":""},{"label":"38 2\/3","value":"EU 38 2\/3","price":"","pimage":"","pimage_id":"","pthumb":"","color":""},{"label":"39 1\/3","value":"EU 39 1\/3","price":"","pimage":"","pimage_id":"","pthumb":"","color":""},{"label":"40","value":"EU 40","price":"","pimage":"","pimage_id":"","pthumb":"","color":""},{"label":"40 2\/3","value":"EU 40 2\/3","price":"","pimage":"","pimage_id":"","pthumb":"","color":""},{"label":"41 1\/3","value":"EU 41 1\/3","price":"","pimage":"","pimage_id":"","pthumb":"","color":""},{"label":"42","value":"EU 42","price":"","pimage":"","pimage_id":"","pthumb":"","color":""},{"label":"42 2\/3","value":"EU 42 2\/3","price":"","pimage":"","pimage_id":"","pthumb":"","color":""},{"label":"43 1\/3","value":"EU 43 1\/3","price":"","pimage":"","pimage_id":"","pthumb":"","color":""},{"label":"44","value":"EU 44","price":"","pimage":"","pimage_id":"","pthumb":"","color":""},{"label":"44 2\/3","value":"EU 44 2\/3","price":"","pimage":"","pimage_id":"","pthumb":"","color":""},{"label":"45 1\/3","value":"EU 45 1\/3","price":"","pimage":"","pimage_id":"","pthumb":"","color":""},{"label":"46","value":"EU 46","price":"","pimage":"","pimage_id":"","pthumb":"","color":""},{"label":"46 2\/3","value":"EU 46 2\/3","price":"","pimage":"","pimage_id":"","pthumb":"","color":""},{"label":"47 1\/3","value":"EU 47 1\/3","price":"","pimage":"","pimage_id":"","pthumb":"","color":""}],"relations":[{"operator":false,"rules":[]}],"form_id":24802,"form_rules":{"pric_cal_option_once":false,"exclude_from_discount":false,"pric_use_as_fee":false,"fee_label":"Fee","render_after_acb":false,"disp_hide_options_price":false}}]},"yoast_head":"<!-- This site is optimized with the Yoast SEO plugin v26.5 - https:\/\/yoast.com\/wordpress\/plugins\/seo\/ -->\n<title>(Women) adidas Originals SL 72 &quot;Night Indigo\/Semi Green Spark\/College Green&quot; - TOURCRUISER PTE. LTD<\/title>\n<meta name=\"robots\" content=\"index, follow, max-snippet:-1, max-image-preview:large, max-video-preview:-1\" \/>\n<link rel=\"canonical\" href=\"https:\/\/tourcruiser.com\/fr\/products\/women-adidas-originals-sl-72-night-indigosemi-green-sparkcollege-green\/\" \/>\n<meta property=\"og:locale\" content=\"fr_FR\" \/>\n<meta property=\"og:type\" content=\"article\" \/>\n<meta property=\"og:title\" content=\"(Women) adidas Originals SL 72 &quot;Night Indigo\/Semi Green Spark\/College Green&quot; - TOURCRUISER PTE. LTD\" \/>\n<meta property=\"og:description\" content=\"adidas Originals SL 72 \u201d\u201d Night Indigo\/Semi Green Spark\/Collegiate Green\" \/>\n<meta property=\"og:url\" content=\"https:\/\/tourcruiser.com\/fr\/products\/women-adidas-originals-sl-72-night-indigosemi-green-sparkcollege-green\/\" \/>\n<meta property=\"og:site_name\" content=\"Tourcruiser Sneaker Store\" \/>\n<meta property=\"article:modified_time\" content=\"2026-03-14T10:59:12+00:00\" \/>\n<meta name=\"twitter:card\" content=\"summary_large_image\" \/>\n<meta name=\"twitter:image\" content=\"https:\/\/images.novelship.com\/product\/adidas_originals_sl_72__night_indigo_semi_green_sp_0_67095.jpeg\" \/>\n<meta name=\"twitter:label1\" content=\"Dur\u00e9e de lecture estim\u00e9e\" \/>\n\t<meta name=\"twitter:data1\" content=\"1 minute\" \/>\n<script type=\"application\/ld+json\" class=\"yoast-schema-graph\">{\"@context\":\"https:\/\/schema.org\",\"@graph\":[{\"@type\":\"WebPage\",\"@id\":\"https:\/\/tourcruiser.com\/fr\/products\/women-adidas-originals-sl-72-night-indigosemi-green-sparkcollege-green\/\",\"url\":\"https:\/\/tourcruiser.com\/fr\/products\/women-adidas-originals-sl-72-night-indigosemi-green-sparkcollege-green\/\",\"name\":\"(Women) adidas Originals SL 72 \\\"Night Indigo\/Semi Green Spark\/College Green\\\" - TOURCRUISER PTE. LTD\",\"isPartOf\":{\"@id\":\"https:\/\/tourcruiser.com\/fr\/#website\"},\"primaryImageOfPage\":{\"@id\":\"https:\/\/tourcruiser.com\/fr\/products\/women-adidas-originals-sl-72-night-indigosemi-green-sparkcollege-green\/#primaryimage\"},\"image\":{\"@id\":\"https:\/\/tourcruiser.com\/fr\/products\/women-adidas-originals-sl-72-night-indigosemi-green-sparkcollege-green\/#primaryimage\"},\"thumbnailUrl\":\"https:\/\/images.novelship.com\/product\/adidas_originals_sl_72__night_indigo_semi_green_sp_0_67095.jpeg\",\"datePublished\":\"2026-03-02T08:01:32+00:00\",\"dateModified\":\"2026-03-14T10:59:12+00:00\",\"breadcrumb\":{\"@id\":\"https:\/\/tourcruiser.com\/fr\/products\/women-adidas-originals-sl-72-night-indigosemi-green-sparkcollege-green\/#breadcrumb\"},\"inLanguage\":\"fr-FR\",\"potentialAction\":[{\"@type\":\"ReadAction\",\"target\":[\"https:\/\/tourcruiser.com\/fr\/products\/women-adidas-originals-sl-72-night-indigosemi-green-sparkcollege-green\/\"]}]},{\"@type\":\"ImageObject\",\"inLanguage\":\"fr-FR\",\"@id\":\"https:\/\/tourcruiser.com\/fr\/products\/women-adidas-originals-sl-72-night-indigosemi-green-sparkcollege-green\/#primaryimage\",\"url\":\"https:\/\/images.novelship.com\/product\/adidas_originals_sl_72__night_indigo_semi_green_sp_0_67095.jpeg\",\"contentUrl\":\"https:\/\/images.novelship.com\/product\/adidas_originals_sl_72__night_indigo_semi_green_sp_0_67095.jpeg\"},{\"@type\":\"BreadcrumbList\",\"@id\":\"https:\/\/tourcruiser.com\/fr\/products\/women-adidas-originals-sl-72-night-indigosemi-green-sparkcollege-green\/#breadcrumb\",\"itemListElement\":[{\"@type\":\"ListItem\",\"position\":1,\"name\":\"Home\",\"item\":\"https:\/\/tourcruiser.com\/fr\/\"},{\"@type\":\"ListItem\",\"position\":2,\"name\":\"Shop\",\"item\":\"https:\/\/tourcruiser.com\/fr\/shop\/\"},{\"@type\":\"ListItem\",\"position\":3,\"name\":\"(Women) adidas Originals SL 72 \\\"Night Indigo\/Semi Green Spark\/College Green\\\"\"}]},{\"@type\":\"WebSite\",\"@id\":\"https:\/\/tourcruiser.com\/fr\/#website\",\"url\":\"https:\/\/tourcruiser.com\/fr\/\",\"name\":\"Styloral Jewelry Shop\",\"description\":\"Tourcruiser Sneaker Store \u2014 L\u2019endroit o\u00f9 l\u2019univers rencontre votre singularit\u00e9.\",\"publisher\":{\"@id\":\"https:\/\/tourcruiser.com\/fr\/#organization\"},\"potentialAction\":[{\"@type\":\"SearchAction\",\"target\":{\"@type\":\"EntryPoint\",\"urlTemplate\":\"https:\/\/tourcruiser.com\/fr\/?s={search_term_string}\"},\"query-input\":{\"@type\":\"PropertyValueSpecification\",\"valueRequired\":true,\"valueName\":\"search_term_string\"}}],\"inLanguage\":\"fr-FR\"},{\"@type\":\"Organization\",\"@id\":\"https:\/\/tourcruiser.com\/fr\/#organization\",\"name\":\"STYLORAL PTE. LTD\",\"url\":\"https:\/\/tourcruiser.com\/fr\/\",\"logo\":{\"@type\":\"ImageObject\",\"inLanguage\":\"fr-FR\",\"@id\":\"https:\/\/tourcruiser.com\/fr\/#\/schema\/logo\/image\/\",\"url\":\"https:\/\/www.tourcruiser.com\/wp-content\/uploads\/2025\/12\/logo.png\",\"contentUrl\":\"https:\/\/www.tourcruiser.com\/wp-content\/uploads\/2025\/12\/logo.png\",\"width\":200,\"height\":65,\"caption\":\"STYLORAL PTE. LTD\"},\"image\":{\"@id\":\"https:\/\/tourcruiser.com\/fr\/#\/schema\/logo\/image\/\"}}]}<\/script>\n<!-- \/ Yoast SEO plugin. -->","yoast_head_json":{"title":"(Women) adidas Originals SL 72 \"Night Indigo\/Semi Green Spark\/College Green\" - TOURCRUISER PTE. LTD","robots":{"index":"index","follow":"follow","max-snippet":"max-snippet:-1","max-image-preview":"max-image-preview:large","max-video-preview":"max-video-preview:-1"},"canonical":"https:\/\/tourcruiser.com\/fr\/products\/women-adidas-originals-sl-72-night-indigosemi-green-sparkcollege-green\/","og_locale":"fr_FR","og_type":"article","og_title":"(Women) adidas Originals SL 72 \"Night Indigo\/Semi Green Spark\/College Green\" - TOURCRUISER PTE. LTD","og_description":"adidas Originals SL 72 \u201d\u201d Night Indigo\/Semi Green Spark\/Collegiate Green","og_url":"https:\/\/tourcruiser.com\/fr\/products\/women-adidas-originals-sl-72-night-indigosemi-green-sparkcollege-green\/","og_site_name":"Tourcruiser Sneaker Store","article_modified_time":"2026-03-14T10:59:12+00:00","twitter_card":"summary_large_image","twitter_image":"https:\/\/images.novelship.com\/product\/adidas_originals_sl_72__night_indigo_semi_green_sp_0_67095.jpeg","twitter_misc":{"Dur\u00e9e de lecture estim\u00e9e":"1 minute"},"schema":{"@context":"https:\/\/schema.org","@graph":[{"@type":"WebPage","@id":"https:\/\/tourcruiser.com\/fr\/products\/women-adidas-originals-sl-72-night-indigosemi-green-sparkcollege-green\/","url":"https:\/\/tourcruiser.com\/fr\/products\/women-adidas-originals-sl-72-night-indigosemi-green-sparkcollege-green\/","name":"(Women) adidas Originals SL 72 \"Night Indigo\/Semi Green Spark\/College Green\" - TOURCRUISER PTE. LTD","isPartOf":{"@id":"https:\/\/tourcruiser.com\/fr\/#website"},"primaryImageOfPage":{"@id":"https:\/\/tourcruiser.com\/fr\/products\/women-adidas-originals-sl-72-night-indigosemi-green-sparkcollege-green\/#primaryimage"},"image":{"@id":"https:\/\/tourcruiser.com\/fr\/products\/women-adidas-originals-sl-72-night-indigosemi-green-sparkcollege-green\/#primaryimage"},"thumbnailUrl":"https:\/\/images.novelship.com\/product\/adidas_originals_sl_72__night_indigo_semi_green_sp_0_67095.jpeg","datePublished":"2026-03-02T08:01:32+00:00","dateModified":"2026-03-14T10:59:12+00:00","breadcrumb":{"@id":"https:\/\/tourcruiser.com\/fr\/products\/women-adidas-originals-sl-72-night-indigosemi-green-sparkcollege-green\/#breadcrumb"},"inLanguage":"fr-FR","potentialAction":[{"@type":"ReadAction","target":["https:\/\/tourcruiser.com\/fr\/products\/women-adidas-originals-sl-72-night-indigosemi-green-sparkcollege-green\/"]}]},{"@type":"ImageObject","inLanguage":"fr-FR","@id":"https:\/\/tourcruiser.com\/fr\/products\/women-adidas-originals-sl-72-night-indigosemi-green-sparkcollege-green\/#primaryimage","url":"https:\/\/images.novelship.com\/product\/adidas_originals_sl_72__night_indigo_semi_green_sp_0_67095.jpeg","contentUrl":"https:\/\/images.novelship.com\/product\/adidas_originals_sl_72__night_indigo_semi_green_sp_0_67095.jpeg"},{"@type":"BreadcrumbList","@id":"https:\/\/tourcruiser.com\/fr\/products\/women-adidas-originals-sl-72-night-indigosemi-green-sparkcollege-green\/#breadcrumb","itemListElement":[{"@type":"ListItem","position":1,"name":"Home","item":"https:\/\/tourcruiser.com\/fr\/"},{"@type":"ListItem","position":2,"name":"Shop","item":"https:\/\/tourcruiser.com\/fr\/shop\/"},{"@type":"ListItem","position":3,"name":"(Women) adidas Originals SL 72 \"Night Indigo\/Semi Green Spark\/College Green\""}]},{"@type":"WebSite","@id":"https:\/\/tourcruiser.com\/fr\/#website","url":"https:\/\/tourcruiser.com\/fr\/","name":"Styloral Jewelry Shop","description":"Tourcruiser Sneaker Store \u2014 L\u2019endroit o\u00f9 l\u2019univers rencontre votre singularit\u00e9.","publisher":{"@id":"https:\/\/tourcruiser.com\/fr\/#organization"},"potentialAction":[{"@type":"SearchAction","target":{"@type":"EntryPoint","urlTemplate":"https:\/\/tourcruiser.com\/fr\/?s={search_term_string}"},"query-input":{"@type":"PropertyValueSpecification","valueRequired":true,"valueName":"search_term_string"}}],"inLanguage":"fr-FR"},{"@type":"Organization","@id":"https:\/\/tourcruiser.com\/fr\/#organization","name":"STYLORAL PTE. LTD","url":"https:\/\/tourcruiser.com\/fr\/","logo":{"@type":"ImageObject","inLanguage":"fr-FR","@id":"https:\/\/tourcruiser.com\/fr\/#\/schema\/logo\/image\/","url":"https:\/\/www.tourcruiser.com\/wp-content\/uploads\/2025\/12\/logo.png","contentUrl":"https:\/\/www.tourcruiser.com\/wp-content\/uploads\/2025\/12\/logo.png","width":200,"height":65,"caption":"STYLORAL PTE. LTD"},"image":{"@id":"https:\/\/tourcruiser.com\/fr\/#\/schema\/logo\/image\/"}}]}},"_links":{"self":[{"href":"https:\/\/tourcruiser.com\/fr\/wp-json\/wp\/v2\/product\/45525","targetHints":{"allow":["GET"]}}],"collection":[{"href":"https:\/\/tourcruiser.com\/fr\/wp-json\/wp\/v2\/product"}],"about":[{"href":"https:\/\/tourcruiser.com\/fr\/wp-json\/wp\/v2\/types\/product"}],"replies":[{"embeddable":true,"href":"https:\/\/tourcruiser.com\/fr\/wp-json\/wp\/v2\/comments?post=45525"}],"wp:featuredmedia":[{"embeddable":true,"href":"https:\/\/tourcruiser.com\/fr\/wp-json\/wp\/v2\/media\/45526"}],"wp:attachment":[{"href":"https:\/\/tourcruiser.com\/fr\/wp-json\/wp\/v2\/media?parent=45525"}],"wp:term":[{"taxonomy":"product_brand","embeddable":true,"href":"https:\/\/tourcruiser.com\/fr\/wp-json\/wp\/v2\/product_brand?post=45525"},{"taxonomy":"product_cat","embeddable":true,"href":"https:\/\/tourcruiser.com\/fr\/wp-json\/wp\/v2\/product_cat?post=45525"},{"taxonomy":"product_tag","embeddable":true,"href":"https:\/\/tourcruiser.com\/fr\/wp-json\/wp\/v2\/product_tag?post=45525"}],"curies":[{"name":"wp","href":"https:\/\/api.w.org\/{rel}","templated":true}]}}