{"id":4528,"date":"2025-12-25T10:58:48","date_gmt":"2025-12-25T03:58:48","guid":{"rendered":"https:\/\/tourcruiser.com\/product\/gift-for-boyfriends-mom-i-will-forever-be-grateful-for-you\/"},"modified":"2026-03-14T17:34:08","modified_gmt":"2026-03-14T10:34:08","slug":"gift-for-boyfriends-mom-i-will-forever-be-grateful-for-you","status":"publish","type":"product","link":"https:\/\/tourcruiser.com\/fr\/products\/gift-for-boyfriends-mom-i-will-forever-be-grateful-for-you\/","title":{"rendered":"Gift for Boyfriend&rsquo;s Mom &#8211; I will forever be grateful for you."},"content":{"rendered":"<p>Des id\u00e9es cadeaux attentionn\u00e9es et pratiques pour toutes les occasions\u00a0: chaque bijou est accompagn\u00e9 d&rsquo;un message significatif, laissant une impression durable. Cadeaux id\u00e9aux pour un anniversaire, un mariage, une remise de dipl\u00f4me, la Saint-Valentin, les f\u00eates de fin d&rsquo;ann\u00e9e, No\u00ebl\u2026<\/p>\n<p>Garantie de s\u00e9curit\u00e9 \u00e0 100\u00a0%\u00a0: tous nos bijoux sont hypoallerg\u00e9niques et r\u00e9sistants au ternissement. Nous souhaitons cr\u00e9er des pi\u00e8ces durables que chacun pourra ch\u00e9rir, quel que soit son prix.<\/p>\n<p>Longueur et taille\u00a0:<\/p>\n<p>\u2192 Finition or blanc 14\u00a0carats ou or jaune 18\u00a0carats<\/p>\n<p>\u2192 Cha\u00eene maille c\u00e2ble ajustable de 45,7\u00a0cm \u00e0 55,9\u00a0cm<\/p>\n<p>\u2192 Zirconium cubique rond de 6,5\u00a0mm<\/p>\n<p>\u2192 Hauteur\u00a0: 2,2\u00a0cm Largeur\u00a0: 1,8\u00a0cm<\/p>\n<p>Garantie du fabricant\u00a0: les m\u00e9taux que nous utilisons ne contiennent pas de nickel. De plus, notre excellent service client est \u00e0 votre disposition et nous vous accompagnerons en cas de probl\u00e8me avec votre bijou\u00a0! Personnalisez ce bijou avec votre propre message. Des pi\u00e8ces personnelles et intemporelles que vous ne voudrez plus quitter \u2013 con\u00e7ues pour garder vos sentiments pr\u00e8s de vous.<\/p>\n<p>Comment prendre soin de vos bijoux en argent sterling\u00a0?<\/p>\n<p>\u2022 N\u2019utilisez pas de produits chimiques pour nettoyer vos bijoux.<\/p>\n<p>\u2022 Retirez vos bijoux avant d\u2019aller vous coucher.<\/p>\n<p>\u2022 \u00c9vitez de porter vos bijoux en plein soleil.<\/p>\n<p>\u2022 Mettez vos bijoux apr\u00e8s vous \u00eatre maquill\u00e9e et parfum\u00e9e.<\/p>\n<p>\u2022 Retirez vos bijoux avant d\u2019aller nager.<\/p>\n<p>\u2022 Retirez vos bijoux avant de prendre un bain ou une douche.<\/p>\n<p>Garantie du fabricant\u00a0: Les m\u00e9taux que nous utilisons ne contiennent pas de nickel. Notre service client est excellent et nous serons toujours l\u00e0 pour vous aider en cas de probl\u00e8me avec votre bijou\u00a0!<\/p>\n","protected":false},"excerpt":{"rendered":"<p>Des id\u00e9es cadeaux attentionn\u00e9es et pratiques pour toutes les occasions\u00a0: chaque bijou est accompagn\u00e9 d&rsquo;un message significatif, laissant une impression durable. Cadeaux id\u00e9aux pour un anniversaire, un mariage, une remise de dipl\u00f4me, la Saint-Valentin, les f\u00eates de fin d&rsquo;ann\u00e9e, No\u00ebl\u2026 Garantie de s\u00e9curit\u00e9 \u00e0 100\u00a0%\u00a0: tous nos bijoux sont hypoallerg\u00e9niques et r\u00e9sistants au ternissement. Nous [&hellip;]<\/p>\n","protected":false},"featured_media":4527,"comment_status":"open","ping_status":"closed","template":"","meta":[],"product_brand":[],"product_cat":[207,213],"product_tag":[214],"class_list":{"0":"post-4528","1":"product","2":"type-product","3":"status-publish","4":"has-post-thumbnail","6":"product_cat-jewelrys","7":"product_cat-necklaces","8":"product_tag-necklaces","10":"first","11":"instock","12":"taxable","13":"shipping-taxable","14":"purchasable","15":"product-type-simple"},"wcpa_form_fields":null,"yoast_head":"<!-- This site is optimized with the Yoast SEO plugin v26.5 - https:\/\/yoast.com\/wordpress\/plugins\/seo\/ -->\n<title>Gift for Boyfriend&#039;s Mom - I will forever be grateful for you. - TOURCRUISER PTE. LTD<\/title>\n<meta name=\"robots\" content=\"index, follow, max-snippet:-1, max-image-preview:large, max-video-preview:-1\" \/>\n<link rel=\"canonical\" href=\"https:\/\/tourcruiser.com\/\" \/>\n<meta property=\"og:locale\" content=\"fr_FR\" \/>\n<meta property=\"og:type\" content=\"article\" \/>\n<meta property=\"og:title\" content=\"Gift for Boyfriend&#039;s Mom - I will forever be grateful for you. - TOURCRUISER PTE. LTD\" \/>\n<meta property=\"og:description\" content=\"Des id\u00e9es cadeaux attentionn\u00e9es et pratiques pour toutes les occasions\u00a0: chaque bijou est accompagn\u00e9 d&rsquo;un message significatif, laissant une impression durable. Cadeaux id\u00e9aux pour un anniversaire, un mariage, une remise de dipl\u00f4me, la Saint-Valentin, les f\u00eates de fin d&rsquo;ann\u00e9e, No\u00ebl\u2026 Garantie de s\u00e9curit\u00e9 \u00e0 100\u00a0%\u00a0: tous nos bijoux sont hypoallerg\u00e9niques et r\u00e9sistants au ternissement. Nous [&hellip;]\" \/>\n<meta property=\"og:url\" content=\"\/\" \/>\n<meta property=\"og:site_name\" content=\"Tourcruiser Sneaker Store\" \/>\n<meta property=\"article:modified_time\" content=\"2026-03-14T10:34:08+00:00\" \/>\n<meta property=\"og:image\" content=\"https:\/\/tourcruiser.com\/wp-content\/uploads\/2025\/12\/mk22-595x595.png\" \/>\n\t<meta property=\"og:image:width\" content=\"595\" \/>\n\t<meta property=\"og:image:height\" content=\"595\" \/>\n\t<meta property=\"og:image:type\" content=\"image\/png\" \/>\n<meta name=\"twitter:card\" content=\"summary_large_image\" \/>\n<meta name=\"twitter:label1\" content=\"Dur\u00e9e de lecture estim\u00e9e\" \/>\n\t<meta name=\"twitter:data1\" content=\"1 minute\" \/>\n<script type=\"application\/ld+json\" class=\"yoast-schema-graph\">{\"@context\":\"https:\/\/schema.org\",\"@graph\":[{\"@type\":\"WebPage\",\"@id\":\"\/\",\"url\":\"https:\/\/tourcruiser.com\/\",\"name\":\"Gift for Boyfriend's Mom - I will forever be grateful for you. - TOURCRUISER PTE. LTD\",\"isPartOf\":{\"@id\":\"https:\/\/tourcruiser.com\/fr\/#website\"},\"primaryImageOfPage\":{\"@id\":\"https:\/\/tourcruiser.com\/#primaryimage\"},\"image\":{\"@id\":\"https:\/\/tourcruiser.com\/#primaryimage\"},\"thumbnailUrl\":\"https:\/\/tourcruiser.com\/wp-content\/uploads\/2025\/12\/mk22.png\",\"datePublished\":\"2025-12-25T03:58:48+00:00\",\"dateModified\":\"2026-03-14T10:34:08+00:00\",\"breadcrumb\":{\"@id\":\"https:\/\/tourcruiser.com\/#breadcrumb\"},\"inLanguage\":\"fr-FR\",\"potentialAction\":[{\"@type\":\"ReadAction\",\"target\":[\"https:\/\/tourcruiser.com\/\"]}]},{\"@type\":\"ImageObject\",\"inLanguage\":\"fr-FR\",\"@id\":\"https:\/\/tourcruiser.com\/#primaryimage\",\"url\":\"https:\/\/tourcruiser.com\/wp-content\/uploads\/2025\/12\/mk22.png\",\"contentUrl\":\"https:\/\/tourcruiser.com\/wp-content\/uploads\/2025\/12\/mk22.png\",\"width\":2000,\"height\":2000},{\"@type\":\"BreadcrumbList\",\"@id\":\"https:\/\/tourcruiser.com\/#breadcrumb\",\"itemListElement\":[{\"@type\":\"ListItem\",\"position\":1,\"name\":\"Home\",\"item\":\"https:\/\/tourcruiser.com\/fr\/\"},{\"@type\":\"ListItem\",\"position\":2,\"name\":\"Shop\",\"item\":\"https:\/\/tourcruiser.com\/fr\/shop\/\"},{\"@type\":\"ListItem\",\"position\":3,\"name\":\"Gift for Boyfriend&rsquo;s Mom &#8211; I will forever be grateful for you.\"}]},{\"@type\":\"WebSite\",\"@id\":\"https:\/\/tourcruiser.com\/fr\/#website\",\"url\":\"https:\/\/tourcruiser.com\/fr\/\",\"name\":\"Styloral Jewelry Shop\",\"description\":\"Tourcruiser Sneaker Store \u2014 L\u2019endroit o\u00f9 l\u2019univers rencontre votre singularit\u00e9.\",\"publisher\":{\"@id\":\"https:\/\/tourcruiser.com\/fr\/#organization\"},\"potentialAction\":[{\"@type\":\"SearchAction\",\"target\":{\"@type\":\"EntryPoint\",\"urlTemplate\":\"https:\/\/tourcruiser.com\/fr\/?s={search_term_string}\"},\"query-input\":{\"@type\":\"PropertyValueSpecification\",\"valueRequired\":true,\"valueName\":\"search_term_string\"}}],\"inLanguage\":\"fr-FR\"},{\"@type\":\"Organization\",\"@id\":\"https:\/\/tourcruiser.com\/fr\/#organization\",\"name\":\"STYLORAL PTE. LTD\",\"url\":\"https:\/\/tourcruiser.com\/fr\/\",\"logo\":{\"@type\":\"ImageObject\",\"inLanguage\":\"fr-FR\",\"@id\":\"https:\/\/tourcruiser.com\/fr\/#\/schema\/logo\/image\/\",\"url\":\"https:\/\/www.tourcruiser.com\/wp-content\/uploads\/2025\/12\/logo.png\",\"contentUrl\":\"https:\/\/www.tourcruiser.com\/wp-content\/uploads\/2025\/12\/logo.png\",\"width\":200,\"height\":65,\"caption\":\"STYLORAL PTE. LTD\"},\"image\":{\"@id\":\"https:\/\/tourcruiser.com\/fr\/#\/schema\/logo\/image\/\"}}]}<\/script>\n<!-- \/ Yoast SEO plugin. -->","yoast_head_json":{"title":"Gift for Boyfriend's Mom - I will forever be grateful for you. - TOURCRUISER PTE. LTD","robots":{"index":"index","follow":"follow","max-snippet":"max-snippet:-1","max-image-preview":"max-image-preview:large","max-video-preview":"max-video-preview:-1"},"canonical":"https:\/\/tourcruiser.com\/","og_locale":"fr_FR","og_type":"article","og_title":"Gift for Boyfriend's Mom - I will forever be grateful for you. - TOURCRUISER PTE. LTD","og_description":"Des id\u00e9es cadeaux attentionn\u00e9es et pratiques pour toutes les occasions\u00a0: chaque bijou est accompagn\u00e9 d&rsquo;un message significatif, laissant une impression durable. Cadeaux id\u00e9aux pour un anniversaire, un mariage, une remise de dipl\u00f4me, la Saint-Valentin, les f\u00eates de fin d&rsquo;ann\u00e9e, No\u00ebl\u2026 Garantie de s\u00e9curit\u00e9 \u00e0 100\u00a0%\u00a0: tous nos bijoux sont hypoallerg\u00e9niques et r\u00e9sistants au ternissement. Nous [&hellip;]","og_url":"\/","og_site_name":"Tourcruiser Sneaker Store","article_modified_time":"2026-03-14T10:34:08+00:00","og_image":[{"width":595,"height":595,"url":"https:\/\/tourcruiser.com\/wp-content\/uploads\/2025\/12\/mk22-595x595.png","type":"image\/png"}],"twitter_card":"summary_large_image","twitter_misc":{"Dur\u00e9e de lecture estim\u00e9e":"1 minute"},"schema":{"@context":"https:\/\/schema.org","@graph":[{"@type":"WebPage","@id":"\/","url":"https:\/\/tourcruiser.com\/","name":"Gift for Boyfriend's Mom - I will forever be grateful for you. - TOURCRUISER PTE. LTD","isPartOf":{"@id":"https:\/\/tourcruiser.com\/fr\/#website"},"primaryImageOfPage":{"@id":"https:\/\/tourcruiser.com\/#primaryimage"},"image":{"@id":"https:\/\/tourcruiser.com\/#primaryimage"},"thumbnailUrl":"https:\/\/tourcruiser.com\/wp-content\/uploads\/2025\/12\/mk22.png","datePublished":"2025-12-25T03:58:48+00:00","dateModified":"2026-03-14T10:34:08+00:00","breadcrumb":{"@id":"https:\/\/tourcruiser.com\/#breadcrumb"},"inLanguage":"fr-FR","potentialAction":[{"@type":"ReadAction","target":["https:\/\/tourcruiser.com\/"]}]},{"@type":"ImageObject","inLanguage":"fr-FR","@id":"https:\/\/tourcruiser.com\/#primaryimage","url":"https:\/\/tourcruiser.com\/wp-content\/uploads\/2025\/12\/mk22.png","contentUrl":"https:\/\/tourcruiser.com\/wp-content\/uploads\/2025\/12\/mk22.png","width":2000,"height":2000},{"@type":"BreadcrumbList","@id":"https:\/\/tourcruiser.com\/#breadcrumb","itemListElement":[{"@type":"ListItem","position":1,"name":"Home","item":"https:\/\/tourcruiser.com\/fr\/"},{"@type":"ListItem","position":2,"name":"Shop","item":"https:\/\/tourcruiser.com\/fr\/shop\/"},{"@type":"ListItem","position":3,"name":"Gift for Boyfriend&rsquo;s Mom &#8211; I will forever be grateful for you."}]},{"@type":"WebSite","@id":"https:\/\/tourcruiser.com\/fr\/#website","url":"https:\/\/tourcruiser.com\/fr\/","name":"Styloral Jewelry Shop","description":"Tourcruiser Sneaker Store \u2014 L\u2019endroit o\u00f9 l\u2019univers rencontre votre singularit\u00e9.","publisher":{"@id":"https:\/\/tourcruiser.com\/fr\/#organization"},"potentialAction":[{"@type":"SearchAction","target":{"@type":"EntryPoint","urlTemplate":"https:\/\/tourcruiser.com\/fr\/?s={search_term_string}"},"query-input":{"@type":"PropertyValueSpecification","valueRequired":true,"valueName":"search_term_string"}}],"inLanguage":"fr-FR"},{"@type":"Organization","@id":"https:\/\/tourcruiser.com\/fr\/#organization","name":"STYLORAL PTE. LTD","url":"https:\/\/tourcruiser.com\/fr\/","logo":{"@type":"ImageObject","inLanguage":"fr-FR","@id":"https:\/\/tourcruiser.com\/fr\/#\/schema\/logo\/image\/","url":"https:\/\/www.tourcruiser.com\/wp-content\/uploads\/2025\/12\/logo.png","contentUrl":"https:\/\/www.tourcruiser.com\/wp-content\/uploads\/2025\/12\/logo.png","width":200,"height":65,"caption":"STYLORAL PTE. LTD"},"image":{"@id":"https:\/\/tourcruiser.com\/fr\/#\/schema\/logo\/image\/"}}]}},"_links":{"self":[{"href":"https:\/\/tourcruiser.com\/fr\/wp-json\/wp\/v2\/product\/4528","targetHints":{"allow":["GET"]}}],"collection":[{"href":"https:\/\/tourcruiser.com\/fr\/wp-json\/wp\/v2\/product"}],"about":[{"href":"https:\/\/tourcruiser.com\/fr\/wp-json\/wp\/v2\/types\/product"}],"replies":[{"embeddable":true,"href":"https:\/\/tourcruiser.com\/fr\/wp-json\/wp\/v2\/comments?post=4528"}],"wp:featuredmedia":[{"embeddable":true,"href":"https:\/\/tourcruiser.com\/fr\/wp-json\/wp\/v2\/media\/4527"}],"wp:attachment":[{"href":"https:\/\/tourcruiser.com\/fr\/wp-json\/wp\/v2\/media?parent=4528"}],"wp:term":[{"taxonomy":"product_brand","embeddable":true,"href":"https:\/\/tourcruiser.com\/fr\/wp-json\/wp\/v2\/product_brand?post=4528"},{"taxonomy":"product_cat","embeddable":true,"href":"https:\/\/tourcruiser.com\/fr\/wp-json\/wp\/v2\/product_cat?post=4528"},{"taxonomy":"product_tag","embeddable":true,"href":"https:\/\/tourcruiser.com\/fr\/wp-json\/wp\/v2\/product_tag?post=4528"}],"curies":[{"name":"wp","href":"https:\/\/api.w.org\/{rel}","templated":true}]}}