{"id":4516,"date":"2025-12-25T10:58:19","date_gmt":"2025-12-25T03:58:19","guid":{"rendered":"https:\/\/tourcruiser.com\/product\/gift-cuban-necklace-for-son-im-always-here-for-you\/"},"modified":"2026-03-14T17:45:12","modified_gmt":"2026-03-14T10:45:12","slug":"gift-cuban-necklace-for-son-im-always-here-for-you","status":"publish","type":"product","link":"https:\/\/tourcruiser.com\/fr\/products\/gift-cuban-necklace-for-son-im-always-here-for-you\/","title":{"rendered":"Gift Cuban Necklace for Son &#8211; I&rsquo;m always here for you"},"content":{"rendered":"<p>Des id\u00e9es cadeaux attentionn\u00e9es et pratiques pour toutes les occasions\u00a0: chaque article est accompagn\u00e9 d\u2019un message significatif, laissant une impression durable. Cadeaux id\u00e9aux pour un anniversaire, un mariage, une remise de dipl\u00f4me, la Saint-Valentin, les f\u00eates de fin d\u2019ann\u00e9e, No\u00ebl\u2026<\/p>\n<p>Garantie de s\u00e9curit\u00e9 \u00e0 100\u00a0%\u00a0: tous nos bijoux sont hypoallerg\u00e9niques et r\u00e9sistants au ternissement. Nous souhaitons cr\u00e9er des pi\u00e8ces intemporelles que chacun pourra ch\u00e9rir, quel que soit son prix.<\/p>\n<p>Longueur et taille\u00a0:<br \/>\n\u2192 Acier inoxydable poli et plaqu\u00e9 or jaune 14\u00a0carats sur acier inoxydable<\/p>\n<p>\u2192 Longueur\u00a0: 45,72\u00a0cm (18\u00a0po) \/ Largeur\u00a0: 5\u00a0mm<\/p>\n<p>\u2192 Fermoir perroquet<\/p>\n<p>Garantie du fabricant\u00a0: Les m\u00e9taux que nous utilisons ne contiennent pas de nickel. De plus, notre service client est excellent et nous serons toujours l\u00e0 pour vous aider en cas de probl\u00e8me avec votre bijou\u00a0! Personnalisez ce bijou avec un message qui vous est cher. Des pi\u00e8ces personnelles et intemporelles que vous ne voudrez plus quitter\u00a0: elles sont con\u00e7ues pour garder vos sentiments pr\u00e8s de vous. Comment entretenir les bijoux en argent sterling\u00a0? Sous la douche<\/p>\n<p>Garantie du fabricant\u00a0: Les m\u00e9taux que nous utilisons ne contiennent pas de nickel. Notre service client est excellent et nous serons toujours l\u00e0 pour vous aider en cas de probl\u00e8me avec votre bijou\u00a0!<\/p>\n","protected":false},"excerpt":{"rendered":"<p>Des id\u00e9es cadeaux attentionn\u00e9es et pratiques pour toutes les occasions\u00a0: chaque article est accompagn\u00e9 d\u2019un message significatif, laissant une impression durable. Cadeaux id\u00e9aux pour un anniversaire, un mariage, une remise de dipl\u00f4me, la Saint-Valentin, les f\u00eates de fin d\u2019ann\u00e9e, No\u00ebl\u2026 Garantie de s\u00e9curit\u00e9 \u00e0 100\u00a0%\u00a0: tous nos bijoux sont hypoallerg\u00e9niques et r\u00e9sistants au ternissement. Nous [&hellip;]<\/p>\n","protected":false},"featured_media":4515,"comment_status":"open","ping_status":"closed","template":"","meta":[],"product_brand":[],"product_cat":[207,213],"product_tag":[214],"class_list":{"0":"post-4516","1":"product","2":"type-product","3":"status-publish","4":"has-post-thumbnail","6":"product_cat-jewelrys","7":"product_cat-necklaces","8":"product_tag-necklaces","10":"first","11":"instock","12":"taxable","13":"shipping-taxable","14":"purchasable","15":"product-type-simple"},"wcpa_form_fields":null,"yoast_head":"<!-- This site is optimized with the Yoast SEO plugin v26.5 - https:\/\/yoast.com\/wordpress\/plugins\/seo\/ -->\n<title>Gift Cuban Necklace for Son - I&#039;m always here for you - TOURCRUISER PTE. LTD<\/title>\n<meta name=\"robots\" content=\"index, follow, max-snippet:-1, max-image-preview:large, max-video-preview:-1\" \/>\n<link rel=\"canonical\" href=\"https:\/\/tourcruiser.com\/\" \/>\n<meta property=\"og:locale\" content=\"fr_FR\" \/>\n<meta property=\"og:type\" content=\"article\" \/>\n<meta property=\"og:title\" content=\"Gift Cuban Necklace for Son - I&#039;m always here for you - TOURCRUISER PTE. LTD\" \/>\n<meta property=\"og:description\" content=\"Des id\u00e9es cadeaux attentionn\u00e9es et pratiques pour toutes les occasions\u00a0: chaque article est accompagn\u00e9 d\u2019un message significatif, laissant une impression durable. Cadeaux id\u00e9aux pour un anniversaire, un mariage, une remise de dipl\u00f4me, la Saint-Valentin, les f\u00eates de fin d\u2019ann\u00e9e, No\u00ebl\u2026 Garantie de s\u00e9curit\u00e9 \u00e0 100\u00a0%\u00a0: tous nos bijoux sont hypoallerg\u00e9niques et r\u00e9sistants au ternissement. Nous [&hellip;]\" \/>\n<meta property=\"og:url\" content=\"\/\" \/>\n<meta property=\"og:site_name\" content=\"Tourcruiser Sneaker Store\" \/>\n<meta property=\"article:modified_time\" content=\"2026-03-14T10:45:12+00:00\" \/>\n<meta property=\"og:image\" content=\"https:\/\/tourcruiser.com\/wp-content\/uploads\/2025\/12\/asset_1774_transformation_8014_348b3c8e-a77b-4057-9b08-3c5b2d5cb0f2.png\" \/>\n\t<meta property=\"og:image:width\" content=\"1000\" \/>\n\t<meta property=\"og:image:height\" content=\"1000\" \/>\n\t<meta property=\"og:image:type\" content=\"image\/png\" \/>\n<meta name=\"twitter:card\" content=\"summary_large_image\" \/>\n<meta name=\"twitter:label1\" content=\"Dur\u00e9e de lecture estim\u00e9e\" \/>\n\t<meta name=\"twitter:data1\" content=\"1 minute\" \/>\n<script type=\"application\/ld+json\" class=\"yoast-schema-graph\">{\"@context\":\"https:\/\/schema.org\",\"@graph\":[{\"@type\":\"WebPage\",\"@id\":\"\/\",\"url\":\"https:\/\/tourcruiser.com\/\",\"name\":\"Gift Cuban Necklace for Son - I'm always here for you - TOURCRUISER PTE. LTD\",\"isPartOf\":{\"@id\":\"https:\/\/tourcruiser.com\/fr\/#website\"},\"primaryImageOfPage\":{\"@id\":\"https:\/\/tourcruiser.com\/#primaryimage\"},\"image\":{\"@id\":\"https:\/\/tourcruiser.com\/#primaryimage\"},\"thumbnailUrl\":\"https:\/\/tourcruiser.com\/wp-content\/uploads\/2025\/12\/asset_1774_transformation_8014_348b3c8e-a77b-4057-9b08-3c5b2d5cb0f2.png\",\"datePublished\":\"2025-12-25T03:58:19+00:00\",\"dateModified\":\"2026-03-14T10:45:12+00:00\",\"breadcrumb\":{\"@id\":\"https:\/\/tourcruiser.com\/#breadcrumb\"},\"inLanguage\":\"fr-FR\",\"potentialAction\":[{\"@type\":\"ReadAction\",\"target\":[\"https:\/\/tourcruiser.com\/\"]}]},{\"@type\":\"ImageObject\",\"inLanguage\":\"fr-FR\",\"@id\":\"https:\/\/tourcruiser.com\/#primaryimage\",\"url\":\"https:\/\/tourcruiser.com\/wp-content\/uploads\/2025\/12\/asset_1774_transformation_8014_348b3c8e-a77b-4057-9b08-3c5b2d5cb0f2.png\",\"contentUrl\":\"https:\/\/tourcruiser.com\/wp-content\/uploads\/2025\/12\/asset_1774_transformation_8014_348b3c8e-a77b-4057-9b08-3c5b2d5cb0f2.png\",\"width\":1000,\"height\":1000},{\"@type\":\"BreadcrumbList\",\"@id\":\"https:\/\/tourcruiser.com\/#breadcrumb\",\"itemListElement\":[{\"@type\":\"ListItem\",\"position\":1,\"name\":\"Home\",\"item\":\"https:\/\/tourcruiser.com\/fr\/\"},{\"@type\":\"ListItem\",\"position\":2,\"name\":\"Shop\",\"item\":\"https:\/\/tourcruiser.com\/fr\/shop\/\"},{\"@type\":\"ListItem\",\"position\":3,\"name\":\"Gift Cuban Necklace for Son &#8211; I&rsquo;m always here for you\"}]},{\"@type\":\"WebSite\",\"@id\":\"https:\/\/tourcruiser.com\/fr\/#website\",\"url\":\"https:\/\/tourcruiser.com\/fr\/\",\"name\":\"Styloral Jewelry Shop\",\"description\":\"Tourcruiser Sneaker Store \u2014 L\u2019endroit o\u00f9 l\u2019univers rencontre votre singularit\u00e9.\",\"publisher\":{\"@id\":\"https:\/\/tourcruiser.com\/fr\/#organization\"},\"potentialAction\":[{\"@type\":\"SearchAction\",\"target\":{\"@type\":\"EntryPoint\",\"urlTemplate\":\"https:\/\/tourcruiser.com\/fr\/?s={search_term_string}\"},\"query-input\":{\"@type\":\"PropertyValueSpecification\",\"valueRequired\":true,\"valueName\":\"search_term_string\"}}],\"inLanguage\":\"fr-FR\"},{\"@type\":\"Organization\",\"@id\":\"https:\/\/tourcruiser.com\/fr\/#organization\",\"name\":\"STYLORAL PTE. LTD\",\"url\":\"https:\/\/tourcruiser.com\/fr\/\",\"logo\":{\"@type\":\"ImageObject\",\"inLanguage\":\"fr-FR\",\"@id\":\"https:\/\/tourcruiser.com\/fr\/#\/schema\/logo\/image\/\",\"url\":\"https:\/\/www.tourcruiser.com\/wp-content\/uploads\/2025\/12\/logo.png\",\"contentUrl\":\"https:\/\/www.tourcruiser.com\/wp-content\/uploads\/2025\/12\/logo.png\",\"width\":200,\"height\":65,\"caption\":\"STYLORAL PTE. LTD\"},\"image\":{\"@id\":\"https:\/\/tourcruiser.com\/fr\/#\/schema\/logo\/image\/\"}}]}<\/script>\n<!-- \/ Yoast SEO plugin. -->","yoast_head_json":{"title":"Gift Cuban Necklace for Son - I'm always here for you - TOURCRUISER PTE. LTD","robots":{"index":"index","follow":"follow","max-snippet":"max-snippet:-1","max-image-preview":"max-image-preview:large","max-video-preview":"max-video-preview:-1"},"canonical":"https:\/\/tourcruiser.com\/","og_locale":"fr_FR","og_type":"article","og_title":"Gift Cuban Necklace for Son - I'm always here for you - TOURCRUISER PTE. LTD","og_description":"Des id\u00e9es cadeaux attentionn\u00e9es et pratiques pour toutes les occasions\u00a0: chaque article est accompagn\u00e9 d\u2019un message significatif, laissant une impression durable. Cadeaux id\u00e9aux pour un anniversaire, un mariage, une remise de dipl\u00f4me, la Saint-Valentin, les f\u00eates de fin d\u2019ann\u00e9e, No\u00ebl\u2026 Garantie de s\u00e9curit\u00e9 \u00e0 100\u00a0%\u00a0: tous nos bijoux sont hypoallerg\u00e9niques et r\u00e9sistants au ternissement. Nous [&hellip;]","og_url":"\/","og_site_name":"Tourcruiser Sneaker Store","article_modified_time":"2026-03-14T10:45:12+00:00","og_image":[{"width":1000,"height":1000,"url":"https:\/\/tourcruiser.com\/wp-content\/uploads\/2025\/12\/asset_1774_transformation_8014_348b3c8e-a77b-4057-9b08-3c5b2d5cb0f2.png","type":"image\/png"}],"twitter_card":"summary_large_image","twitter_misc":{"Dur\u00e9e de lecture estim\u00e9e":"1 minute"},"schema":{"@context":"https:\/\/schema.org","@graph":[{"@type":"WebPage","@id":"\/","url":"https:\/\/tourcruiser.com\/","name":"Gift Cuban Necklace for Son - I'm always here for you - TOURCRUISER PTE. LTD","isPartOf":{"@id":"https:\/\/tourcruiser.com\/fr\/#website"},"primaryImageOfPage":{"@id":"https:\/\/tourcruiser.com\/#primaryimage"},"image":{"@id":"https:\/\/tourcruiser.com\/#primaryimage"},"thumbnailUrl":"https:\/\/tourcruiser.com\/wp-content\/uploads\/2025\/12\/asset_1774_transformation_8014_348b3c8e-a77b-4057-9b08-3c5b2d5cb0f2.png","datePublished":"2025-12-25T03:58:19+00:00","dateModified":"2026-03-14T10:45:12+00:00","breadcrumb":{"@id":"https:\/\/tourcruiser.com\/#breadcrumb"},"inLanguage":"fr-FR","potentialAction":[{"@type":"ReadAction","target":["https:\/\/tourcruiser.com\/"]}]},{"@type":"ImageObject","inLanguage":"fr-FR","@id":"https:\/\/tourcruiser.com\/#primaryimage","url":"https:\/\/tourcruiser.com\/wp-content\/uploads\/2025\/12\/asset_1774_transformation_8014_348b3c8e-a77b-4057-9b08-3c5b2d5cb0f2.png","contentUrl":"https:\/\/tourcruiser.com\/wp-content\/uploads\/2025\/12\/asset_1774_transformation_8014_348b3c8e-a77b-4057-9b08-3c5b2d5cb0f2.png","width":1000,"height":1000},{"@type":"BreadcrumbList","@id":"https:\/\/tourcruiser.com\/#breadcrumb","itemListElement":[{"@type":"ListItem","position":1,"name":"Home","item":"https:\/\/tourcruiser.com\/fr\/"},{"@type":"ListItem","position":2,"name":"Shop","item":"https:\/\/tourcruiser.com\/fr\/shop\/"},{"@type":"ListItem","position":3,"name":"Gift Cuban Necklace for Son &#8211; I&rsquo;m always here for you"}]},{"@type":"WebSite","@id":"https:\/\/tourcruiser.com\/fr\/#website","url":"https:\/\/tourcruiser.com\/fr\/","name":"Styloral Jewelry Shop","description":"Tourcruiser Sneaker Store \u2014 L\u2019endroit o\u00f9 l\u2019univers rencontre votre singularit\u00e9.","publisher":{"@id":"https:\/\/tourcruiser.com\/fr\/#organization"},"potentialAction":[{"@type":"SearchAction","target":{"@type":"EntryPoint","urlTemplate":"https:\/\/tourcruiser.com\/fr\/?s={search_term_string}"},"query-input":{"@type":"PropertyValueSpecification","valueRequired":true,"valueName":"search_term_string"}}],"inLanguage":"fr-FR"},{"@type":"Organization","@id":"https:\/\/tourcruiser.com\/fr\/#organization","name":"STYLORAL PTE. LTD","url":"https:\/\/tourcruiser.com\/fr\/","logo":{"@type":"ImageObject","inLanguage":"fr-FR","@id":"https:\/\/tourcruiser.com\/fr\/#\/schema\/logo\/image\/","url":"https:\/\/www.tourcruiser.com\/wp-content\/uploads\/2025\/12\/logo.png","contentUrl":"https:\/\/www.tourcruiser.com\/wp-content\/uploads\/2025\/12\/logo.png","width":200,"height":65,"caption":"STYLORAL PTE. LTD"},"image":{"@id":"https:\/\/tourcruiser.com\/fr\/#\/schema\/logo\/image\/"}}]}},"_links":{"self":[{"href":"https:\/\/tourcruiser.com\/fr\/wp-json\/wp\/v2\/product\/4516","targetHints":{"allow":["GET"]}}],"collection":[{"href":"https:\/\/tourcruiser.com\/fr\/wp-json\/wp\/v2\/product"}],"about":[{"href":"https:\/\/tourcruiser.com\/fr\/wp-json\/wp\/v2\/types\/product"}],"replies":[{"embeddable":true,"href":"https:\/\/tourcruiser.com\/fr\/wp-json\/wp\/v2\/comments?post=4516"}],"wp:featuredmedia":[{"embeddable":true,"href":"https:\/\/tourcruiser.com\/fr\/wp-json\/wp\/v2\/media\/4515"}],"wp:attachment":[{"href":"https:\/\/tourcruiser.com\/fr\/wp-json\/wp\/v2\/media?parent=4516"}],"wp:term":[{"taxonomy":"product_brand","embeddable":true,"href":"https:\/\/tourcruiser.com\/fr\/wp-json\/wp\/v2\/product_brand?post=4516"},{"taxonomy":"product_cat","embeddable":true,"href":"https:\/\/tourcruiser.com\/fr\/wp-json\/wp\/v2\/product_cat?post=4516"},{"taxonomy":"product_tag","embeddable":true,"href":"https:\/\/tourcruiser.com\/fr\/wp-json\/wp\/v2\/product_tag?post=4516"}],"curies":[{"name":"wp","href":"https:\/\/api.w.org\/{rel}","templated":true}]}}