{"id":45155,"date":"2026-03-02T15:00:59","date_gmt":"2026-03-02T08:00:59","guid":{"rendered":"http:\/\/tourcruiser.com\/product\/hoka-mach-6-wide-black-outer-orbit"},"modified":"2026-03-14T18:23:44","modified_gmt":"2026-03-14T11:23:44","slug":"hoka-mach-6-wide-black-outer-orbit","status":"publish","type":"product","link":"https:\/\/tourcruiser.com\/fr\/products\/hoka-mach-6-wide-black-outer-orbit\/","title":{"rendered":"HOKA Mach 6 Wide &lsquo;Black Outer Orbit&rsquo;"},"content":{"rendered":"<p>La HOKA Mach 6 Wide \u00ab Black Outer Orbit \u00bb 1147833-BCKT allie confort et l\u00e9g\u00e8ret\u00e9 \u00e0 un design moderne et \u00e9l\u00e9gant, id\u00e9ale pour les coureurs qui privil\u00e9gient \u00e0 la fois confort et vitesse. Cette chaussure de running polyvalente offre un confort accru gr\u00e2ce \u00e0 sa coupe l\u00e9g\u00e8rement plus large. L&#8217;empeigne en mesh respirant et performant assure une a\u00e9ration optimale et un maintien parfait lors des longues courses. Le syst\u00e8me d&rsquo;amorti optimis\u00e9, dot\u00e9 de la semelle interm\u00e9diaire PROFLY+ embl\u00e9matique de HOKA, garantit un amorti doux et une propulsion r\u00e9active pour une foul\u00e9e fluide et dynamique. Le design saisissant \u00ab Black Outer Orbit \u00bb associe d&rsquo;\u00e9l\u00e9gants accents noirs \u00e0 des d\u00e9tails subtils et futuristes, assurant \u00e0 la fois une performance optimale et un style remarquable. La semelle ext\u00e9rieure en caoutchouc durable offre une adh\u00e9rence optimale et une performance durable, sur l&rsquo;asphalte comme au quotidien. La HOKA Mach 6 Wide offre l&rsquo;\u00e9quilibre parfait entre amorti et propulsion et est con\u00e7ue pour suivre votre rythme. Elle offre un confort in\u00e9gal\u00e9 \u00e0 chaque foul\u00e9e. Cette chaussure est id\u00e9ale pour les coureurs qui privil\u00e9gient la stabilit\u00e9, un ajustement optimal et un design \u00e9l\u00e9gant. C&rsquo;est la partenaire id\u00e9ale pour l&rsquo;entra\u00eenement et les loisirs. Que vous soyez un coureur confirm\u00e9 ou d\u00e9butant, la HOKA Mach 6 Wide \u00ab\u00a0Black Outer Orbit\u00a0\u00bb allie \u00e0 la perfection performance, innovation et style. Code article\u00a0: 1147833-BCKT Tige\u00a0: Jacquard Semelle interm\u00e9diaire\u00a0: Mousse Super Critical Couleur\u00a0: Noir<\/p>\n","protected":false},"excerpt":{"rendered":"<p>HOKA Mach 6 Wide &lsquo;Black Outer Orbit&rsquo;<\/p>\n","protected":false},"featured_media":45156,"comment_status":"open","ping_status":"closed","template":"","meta":[],"product_brand":[],"product_cat":[11495],"product_tag":[11494,10839,10802,10840,10758,11692],"class_list":{"0":"post-45155","1":"product","2":"type-product","3":"status-publish","4":"has-post-thumbnail","6":"product_cat-hoka","7":"product_tag-hoka","8":"product_tag-performance-running-shoes","9":"product_tag-performance-sport-shoes","10":"product_tag-running-shoes","11":"product_tag-under-retail","12":"product_tag-wide-running-shoes","13":"wcpa_has_options","15":"first","16":"instock","17":"taxable","18":"shipping-taxable","19":"purchasable","20":"product-type-simple"},"wcpa_form_fields":{"rules":{"pric_overide_base_price":false,"pric_overide_base_price_if_gt_zero":false,"pric_overide_base_price_fully":false,"pric_cal_option_once":false,"pric_use_as_fee":false,"bind_quantity":false,"quantity_bind_formula":false},"fields":[{"type":"color-group","required":true,"elementId":"wcpa-color-group-69a5afd8a7cca","label":"Taille","inline":true,"priceOptions":"different_for_all","pricingType":"fixed","className":"hassizechart product-shoes-size-eu product-shoes-size","name":"color-group-69a5afd8a7cd3","disp_type":"square","selection_type":"tick-border","disp_size":"50","show_label_inside":true,"adjust_width":true,"cart_display_type":"text","other_text":"Other","cl_rule":"show","col":6,"values":[{"label":"35 1\/3","value":"EU 35 1\/3","price":"","pimage":"","pimage_id":"","pthumb":"","color":""},{"label":"36","value":"EU 36","price":"","pimage":"","pimage_id":"","pthumb":"","color":""},{"label":"36 2\/3","value":"EU 36 2\/3","price":"","pimage":"","pimage_id":"","pthumb":"","color":""},{"label":"37 1\/3","value":"EU 37 1\/3","price":"","pimage":"","pimage_id":"","pthumb":"","color":"","selected":true},{"label":"38","value":"EU 38","price":"","pimage":"","pimage_id":"","pthumb":"","color":""},{"label":"38 2\/3","value":"EU 38 2\/3","price":"","pimage":"","pimage_id":"","pthumb":"","color":""},{"label":"39 1\/3","value":"EU 39 1\/3","price":"","pimage":"","pimage_id":"","pthumb":"","color":""},{"label":"39.5","value":"EU 39.5","price":"","pimage":"","pimage_id":"","pthumb":"","color":""},{"label":"40","value":"EU 40","price":"","pimage":"","pimage_id":"","pthumb":"","color":""},{"label":"40 2\/3","value":"EU 40  2\/3","price":"","pimage":"","pimage_id":"","pthumb":"","color":""},{"label":" 41 1\/3","value":"EU 41.5","price":"","pimage":"","pimage_id":"","pthumb":"","color":""},{"label":"42","value":"EU 42","price":"","pimage":"","pimage_id":"","pthumb":"","color":""},{"label":"42 2\/3","value":"EU 42 2\/3","price":"","pimage":"","pimage_id":"","pthumb":"","color":""},{"label":"43 1\/3","value":"EU 43 1\/3","price":"","pimage":"","pimage_id":"","pthumb":"","color":""},{"label":"44","value":"EU 44","price":"","pimage":"","pimage_id":"","pthumb":"","color":""},{"label":"44 2\/3","value":"EU 44 2\/3","price":"","pimage":"","pimage_id":"","pthumb":"","color":""},{"label":"45 1\/3","value":"EU 45 1\/3","price":"","pimage":"","pimage_id":"","pthumb":"","color":""},{"label":"46","value":"EU 46","price":"","pimage":"","pimage_id":"","pthumb":"","color":""},{"label":"46 2\/3","value":"EU 46 2\/3","price":"","pimage":"","pimage_id":"","pthumb":"","color":""},{"label":"47 1\/3","value":"EU 47 1\/3","price":"","pimage":"","pimage_id":"","pthumb":"","color":""},{"label":"48","value":"EU 48","price":"","pimage":"","pimage_id":"","pthumb":"","color":""}],"relations":[{"operator":false,"rules":[]}],"form_id":184317,"form_rules":{"pric_cal_option_once":false,"exclude_from_discount":false,"pric_use_as_fee":false,"fee_label":"Fee","render_after_acb":false,"disp_hide_options_price":false}}]},"yoast_head":"<!-- This site is optimized with the Yoast SEO plugin v26.5 - https:\/\/yoast.com\/wordpress\/plugins\/seo\/ -->\n<title>HOKA Mach 6 Wide &#039;Black Outer Orbit&#039; - TOURCRUISER PTE. LTD<\/title>\n<meta name=\"robots\" content=\"index, follow, max-snippet:-1, max-image-preview:large, max-video-preview:-1\" \/>\n<link rel=\"canonical\" href=\"https:\/\/tourcruiser.com\/fr\/products\/hoka-mach-6-wide-black-outer-orbit\/\" \/>\n<meta property=\"og:locale\" content=\"fr_FR\" \/>\n<meta property=\"og:type\" content=\"article\" \/>\n<meta property=\"og:title\" content=\"HOKA Mach 6 Wide &#039;Black Outer Orbit&#039; - TOURCRUISER PTE. LTD\" \/>\n<meta property=\"og:description\" content=\"HOKA Mach 6 Wide &#039;Black Outer Orbit&#039;\" \/>\n<meta property=\"og:url\" content=\"https:\/\/tourcruiser.com\/fr\/products\/hoka-mach-6-wide-black-outer-orbit\/\" \/>\n<meta property=\"og:site_name\" content=\"Tourcruiser Sneaker Store\" \/>\n<meta property=\"article:modified_time\" content=\"2026-03-14T11:23:44+00:00\" \/>\n<meta name=\"twitter:card\" content=\"summary_large_image\" \/>\n<meta name=\"twitter:image\" content=\"https:\/\/images.novelship.com\/product\/hoka_mach_6_wide__black_outer_orbit__1147833-bckt_0_99878.png\" \/>\n<meta name=\"twitter:label1\" content=\"Dur\u00e9e de lecture estim\u00e9e\" \/>\n\t<meta name=\"twitter:data1\" content=\"1 minute\" \/>\n<script type=\"application\/ld+json\" class=\"yoast-schema-graph\">{\"@context\":\"https:\/\/schema.org\",\"@graph\":[{\"@type\":\"WebPage\",\"@id\":\"https:\/\/tourcruiser.com\/fr\/products\/hoka-mach-6-wide-black-outer-orbit\/\",\"url\":\"https:\/\/tourcruiser.com\/fr\/products\/hoka-mach-6-wide-black-outer-orbit\/\",\"name\":\"HOKA Mach 6 Wide 'Black Outer Orbit' - TOURCRUISER PTE. LTD\",\"isPartOf\":{\"@id\":\"https:\/\/tourcruiser.com\/fr\/#website\"},\"primaryImageOfPage\":{\"@id\":\"https:\/\/tourcruiser.com\/fr\/products\/hoka-mach-6-wide-black-outer-orbit\/#primaryimage\"},\"image\":{\"@id\":\"https:\/\/tourcruiser.com\/fr\/products\/hoka-mach-6-wide-black-outer-orbit\/#primaryimage\"},\"thumbnailUrl\":\"https:\/\/images.novelship.com\/product\/hoka_mach_6_wide__black_outer_orbit__1147833-bckt_0_99878.png\",\"datePublished\":\"2026-03-02T08:00:59+00:00\",\"dateModified\":\"2026-03-14T11:23:44+00:00\",\"breadcrumb\":{\"@id\":\"https:\/\/tourcruiser.com\/fr\/products\/hoka-mach-6-wide-black-outer-orbit\/#breadcrumb\"},\"inLanguage\":\"fr-FR\",\"potentialAction\":[{\"@type\":\"ReadAction\",\"target\":[\"https:\/\/tourcruiser.com\/fr\/products\/hoka-mach-6-wide-black-outer-orbit\/\"]}]},{\"@type\":\"ImageObject\",\"inLanguage\":\"fr-FR\",\"@id\":\"https:\/\/tourcruiser.com\/fr\/products\/hoka-mach-6-wide-black-outer-orbit\/#primaryimage\",\"url\":\"https:\/\/images.novelship.com\/product\/hoka_mach_6_wide__black_outer_orbit__1147833-bckt_0_99878.png\",\"contentUrl\":\"https:\/\/images.novelship.com\/product\/hoka_mach_6_wide__black_outer_orbit__1147833-bckt_0_99878.png\"},{\"@type\":\"BreadcrumbList\",\"@id\":\"https:\/\/tourcruiser.com\/fr\/products\/hoka-mach-6-wide-black-outer-orbit\/#breadcrumb\",\"itemListElement\":[{\"@type\":\"ListItem\",\"position\":1,\"name\":\"Home\",\"item\":\"https:\/\/tourcruiser.com\/fr\/\"},{\"@type\":\"ListItem\",\"position\":2,\"name\":\"Shop\",\"item\":\"https:\/\/tourcruiser.com\/fr\/shop\/\"},{\"@type\":\"ListItem\",\"position\":3,\"name\":\"HOKA Mach 6 Wide 'Black Outer Orbit'\"}]},{\"@type\":\"WebSite\",\"@id\":\"https:\/\/tourcruiser.com\/fr\/#website\",\"url\":\"https:\/\/tourcruiser.com\/fr\/\",\"name\":\"Styloral Jewelry Shop\",\"description\":\"Tourcruiser Sneaker Store \u2014 L\u2019endroit o\u00f9 l\u2019univers rencontre votre singularit\u00e9.\",\"publisher\":{\"@id\":\"https:\/\/tourcruiser.com\/fr\/#organization\"},\"potentialAction\":[{\"@type\":\"SearchAction\",\"target\":{\"@type\":\"EntryPoint\",\"urlTemplate\":\"https:\/\/tourcruiser.com\/fr\/?s={search_term_string}\"},\"query-input\":{\"@type\":\"PropertyValueSpecification\",\"valueRequired\":true,\"valueName\":\"search_term_string\"}}],\"inLanguage\":\"fr-FR\"},{\"@type\":\"Organization\",\"@id\":\"https:\/\/tourcruiser.com\/fr\/#organization\",\"name\":\"STYLORAL PTE. LTD\",\"url\":\"https:\/\/tourcruiser.com\/fr\/\",\"logo\":{\"@type\":\"ImageObject\",\"inLanguage\":\"fr-FR\",\"@id\":\"https:\/\/tourcruiser.com\/fr\/#\/schema\/logo\/image\/\",\"url\":\"https:\/\/www.tourcruiser.com\/wp-content\/uploads\/2025\/12\/logo.png\",\"contentUrl\":\"https:\/\/www.tourcruiser.com\/wp-content\/uploads\/2025\/12\/logo.png\",\"width\":200,\"height\":65,\"caption\":\"STYLORAL PTE. LTD\"},\"image\":{\"@id\":\"https:\/\/tourcruiser.com\/fr\/#\/schema\/logo\/image\/\"}}]}<\/script>\n<!-- \/ Yoast SEO plugin. -->","yoast_head_json":{"title":"HOKA Mach 6 Wide 'Black Outer Orbit' - TOURCRUISER PTE. LTD","robots":{"index":"index","follow":"follow","max-snippet":"max-snippet:-1","max-image-preview":"max-image-preview:large","max-video-preview":"max-video-preview:-1"},"canonical":"https:\/\/tourcruiser.com\/fr\/products\/hoka-mach-6-wide-black-outer-orbit\/","og_locale":"fr_FR","og_type":"article","og_title":"HOKA Mach 6 Wide 'Black Outer Orbit' - TOURCRUISER PTE. LTD","og_description":"HOKA Mach 6 Wide 'Black Outer Orbit'","og_url":"https:\/\/tourcruiser.com\/fr\/products\/hoka-mach-6-wide-black-outer-orbit\/","og_site_name":"Tourcruiser Sneaker Store","article_modified_time":"2026-03-14T11:23:44+00:00","twitter_card":"summary_large_image","twitter_image":"https:\/\/images.novelship.com\/product\/hoka_mach_6_wide__black_outer_orbit__1147833-bckt_0_99878.png","twitter_misc":{"Dur\u00e9e de lecture estim\u00e9e":"1 minute"},"schema":{"@context":"https:\/\/schema.org","@graph":[{"@type":"WebPage","@id":"https:\/\/tourcruiser.com\/fr\/products\/hoka-mach-6-wide-black-outer-orbit\/","url":"https:\/\/tourcruiser.com\/fr\/products\/hoka-mach-6-wide-black-outer-orbit\/","name":"HOKA Mach 6 Wide 'Black Outer Orbit' - TOURCRUISER PTE. LTD","isPartOf":{"@id":"https:\/\/tourcruiser.com\/fr\/#website"},"primaryImageOfPage":{"@id":"https:\/\/tourcruiser.com\/fr\/products\/hoka-mach-6-wide-black-outer-orbit\/#primaryimage"},"image":{"@id":"https:\/\/tourcruiser.com\/fr\/products\/hoka-mach-6-wide-black-outer-orbit\/#primaryimage"},"thumbnailUrl":"https:\/\/images.novelship.com\/product\/hoka_mach_6_wide__black_outer_orbit__1147833-bckt_0_99878.png","datePublished":"2026-03-02T08:00:59+00:00","dateModified":"2026-03-14T11:23:44+00:00","breadcrumb":{"@id":"https:\/\/tourcruiser.com\/fr\/products\/hoka-mach-6-wide-black-outer-orbit\/#breadcrumb"},"inLanguage":"fr-FR","potentialAction":[{"@type":"ReadAction","target":["https:\/\/tourcruiser.com\/fr\/products\/hoka-mach-6-wide-black-outer-orbit\/"]}]},{"@type":"ImageObject","inLanguage":"fr-FR","@id":"https:\/\/tourcruiser.com\/fr\/products\/hoka-mach-6-wide-black-outer-orbit\/#primaryimage","url":"https:\/\/images.novelship.com\/product\/hoka_mach_6_wide__black_outer_orbit__1147833-bckt_0_99878.png","contentUrl":"https:\/\/images.novelship.com\/product\/hoka_mach_6_wide__black_outer_orbit__1147833-bckt_0_99878.png"},{"@type":"BreadcrumbList","@id":"https:\/\/tourcruiser.com\/fr\/products\/hoka-mach-6-wide-black-outer-orbit\/#breadcrumb","itemListElement":[{"@type":"ListItem","position":1,"name":"Home","item":"https:\/\/tourcruiser.com\/fr\/"},{"@type":"ListItem","position":2,"name":"Shop","item":"https:\/\/tourcruiser.com\/fr\/shop\/"},{"@type":"ListItem","position":3,"name":"HOKA Mach 6 Wide 'Black Outer Orbit'"}]},{"@type":"WebSite","@id":"https:\/\/tourcruiser.com\/fr\/#website","url":"https:\/\/tourcruiser.com\/fr\/","name":"Styloral Jewelry Shop","description":"Tourcruiser Sneaker Store \u2014 L\u2019endroit o\u00f9 l\u2019univers rencontre votre singularit\u00e9.","publisher":{"@id":"https:\/\/tourcruiser.com\/fr\/#organization"},"potentialAction":[{"@type":"SearchAction","target":{"@type":"EntryPoint","urlTemplate":"https:\/\/tourcruiser.com\/fr\/?s={search_term_string}"},"query-input":{"@type":"PropertyValueSpecification","valueRequired":true,"valueName":"search_term_string"}}],"inLanguage":"fr-FR"},{"@type":"Organization","@id":"https:\/\/tourcruiser.com\/fr\/#organization","name":"STYLORAL PTE. LTD","url":"https:\/\/tourcruiser.com\/fr\/","logo":{"@type":"ImageObject","inLanguage":"fr-FR","@id":"https:\/\/tourcruiser.com\/fr\/#\/schema\/logo\/image\/","url":"https:\/\/www.tourcruiser.com\/wp-content\/uploads\/2025\/12\/logo.png","contentUrl":"https:\/\/www.tourcruiser.com\/wp-content\/uploads\/2025\/12\/logo.png","width":200,"height":65,"caption":"STYLORAL PTE. LTD"},"image":{"@id":"https:\/\/tourcruiser.com\/fr\/#\/schema\/logo\/image\/"}}]}},"_links":{"self":[{"href":"https:\/\/tourcruiser.com\/fr\/wp-json\/wp\/v2\/product\/45155","targetHints":{"allow":["GET"]}}],"collection":[{"href":"https:\/\/tourcruiser.com\/fr\/wp-json\/wp\/v2\/product"}],"about":[{"href":"https:\/\/tourcruiser.com\/fr\/wp-json\/wp\/v2\/types\/product"}],"replies":[{"embeddable":true,"href":"https:\/\/tourcruiser.com\/fr\/wp-json\/wp\/v2\/comments?post=45155"}],"wp:featuredmedia":[{"embeddable":true,"href":"https:\/\/tourcruiser.com\/fr\/wp-json\/wp\/v2\/media\/45156"}],"wp:attachment":[{"href":"https:\/\/tourcruiser.com\/fr\/wp-json\/wp\/v2\/media?parent=45155"}],"wp:term":[{"taxonomy":"product_brand","embeddable":true,"href":"https:\/\/tourcruiser.com\/fr\/wp-json\/wp\/v2\/product_brand?post=45155"},{"taxonomy":"product_cat","embeddable":true,"href":"https:\/\/tourcruiser.com\/fr\/wp-json\/wp\/v2\/product_cat?post=45155"},{"taxonomy":"product_tag","embeddable":true,"href":"https:\/\/tourcruiser.com\/fr\/wp-json\/wp\/v2\/product_tag?post=45155"}],"curies":[{"name":"wp","href":"https:\/\/api.w.org\/{rel}","templated":true}]}}