{"id":42581,"date":"2026-03-02T14:57:14","date_gmt":"2026-03-02T07:57:14","guid":{"rendered":"http:\/\/tourcruiser.com\/product\/adizero-prime-x3-strung-amg-by-adidas-x-amg-collaboration-core-blacklucid-redcloud-white"},"modified":"2026-03-14T17:58:22","modified_gmt":"2026-03-14T10:58:22","slug":"adizero-prime-x3-strung-amg-by-adidas-x-amg-collaboration-core-blacklucid-redcloud-white","status":"publish","type":"product","link":"https:\/\/tourcruiser.com\/fr\/products\/adizero-prime-x3-strung-amg-by-adidas-x-amg-collaboration-core-blacklucid-redcloud-white\/","title":{"rendered":"ADIZERO PRIME X3 STRUNG AMG by Adidas x AMG Collaboration Core Black\/Lucid Red\/Cloud White"},"content":{"rendered":"<p>D\u00e9couvrez la performance et le style \u00e0 leur apog\u00e9e avec l&rsquo;ADIZERO PRIME X3 STRUNG AMG, fruit de la collaboration embl\u00e9matique entre Adidas et AMG. Cette chaussure de running d&rsquo;\u00e9lite allie technologie de pointe et design sophistiqu\u00e9 dans les coloris saisissants Noir, Rouge et Blanc. Con\u00e7ue pour une vitesse et un confort exceptionnels, la technologie Strung innovante garantit un ajustement personnalis\u00e9. Optimisez vos performances athl\u00e9tiques et marquez les esprits sur toutes les pistes du monde avec ce chef-d&rsquo;\u0153uvre en \u00e9dition limit\u00e9e. Parfaite pour celles et ceux qui exigent le meilleur. <\/p>\n<p>Coloris\u00a0: Noir\/Rouge\/Blanc<\/p>\n<p>R\u00e9f\u00e9rence\u00a0: KJ6946<\/p>\n<p>Mati\u00e8re ext\u00e9rieure\u00a0: Cuir<\/p>\n<p>Couleur\u00a0: Noir<\/p>\n<p>Couleur\u00a0:<\/p>\n","protected":false},"excerpt":{"rendered":"<p>adidas Adizero Prime X3 Strung \u201d\u201d Core Black\/Lucid Red\/Cloud White<\/p>\n","protected":false},"featured_media":42582,"comment_status":"open","ping_status":"closed","template":"","meta":[],"product_brand":[],"product_cat":[10760],"product_tag":[10759,11026,10837,10839,10802,10840,10758],"class_list":{"0":"post-42581","1":"product","2":"type-product","3":"status-publish","4":"has-post-thumbnail","6":"product_cat-adidas","7":"product_tag-adidas","8":"product_tag-carbon-plated-running-shoes","9":"product_tag-marathon-long-distance-running-shoes","10":"product_tag-performance-running-shoes","11":"product_tag-performance-sport-shoes","12":"product_tag-running-shoes","13":"product_tag-under-retail","14":"wcpa_has_options","16":"first","17":"instock","18":"taxable","19":"shipping-taxable","20":"purchasable","21":"product-type-simple"},"wcpa_form_fields":{"rules":{"pric_overide_base_price":false,"pric_overide_base_price_if_gt_zero":false,"pric_overide_base_price_fully":false,"pric_cal_option_once":false,"pric_use_as_fee":false,"bind_quantity":false,"quantity_bind_formula":false},"fields":[{"type":"color-group","required":true,"elementId":"wcpa-color-group-66c4a7f817afe","label":"Taille","inline":true,"priceOptions":"different_for_all","pricingType":"fixed","className":"hassizechart product-shoes-size-eu product-shoes-size","name":"color-group-66c4a7f817b18","disp_type":"square","selection_type":"tick-border","disp_size":"50","show_label_inside":true,"adjust_width":true,"cart_display_type":"text","other_text":"Other","cl_rule":"show","col":6,"values":[{"label":"35","value":"EU 35","price":"","pimage":"","pimage_id":"","pthumb":"","color":""},{"label":"35.5","value":"EU 35.5","price":"","pimage":"","pimage_id":"","pthumb":"","color":""},{"label":"36","value":"EU 36","price":"","pimage":"","pimage_id":"","pthumb":"","color":"","selected":true},{"label":"36 2\/3","value":"EU 36 2\/3","price":"","pimage":"","pimage_id":"","pthumb":"","color":""},{"label":"37 1\/3","value":"EU 37 1\/3","price":"","pimage":"","pimage_id":"","pthumb":"","color":""},{"label":"38","value":"EU 38","price":"","pimage":"","pimage_id":"","pthumb":"","color":""},{"label":"38 2\/3","value":"EU 38 2\/3","price":"","pimage":"","pimage_id":"","pthumb":"","color":""},{"label":"39 1\/3","value":"EU 39 1\/3","price":"","pimage":"","pimage_id":"","pthumb":"","color":""},{"label":"40","value":"EU 40","price":"","pimage":"","pimage_id":"","pthumb":"","color":""},{"label":"40 2\/3","value":"EU 40 2\/3","price":"","pimage":"","pimage_id":"","pthumb":"","color":""},{"label":"41 1\/3","value":"EU 41 1\/3","price":"","pimage":"","pimage_id":"","pthumb":"","color":""},{"label":"42","value":"EU 42","price":"","pimage":"","pimage_id":"","pthumb":"","color":""},{"label":"42 2\/3","value":"EU 42 2\/3","price":"","pimage":"","pimage_id":"","pthumb":"","color":""},{"label":"43 1\/3","value":"EU 43 1\/3","price":"","pimage":"","pimage_id":"","pthumb":"","color":""},{"label":"44","value":"EU 44","price":"","pimage":"","pimage_id":"","pthumb":"","color":""},{"label":"44 2\/3","value":"EU 44 2\/3","price":"","pimage":"","pimage_id":"","pthumb":"","color":""},{"label":"45 1\/3","value":"EU 45 1\/3","price":"","pimage":"","pimage_id":"","pthumb":"","color":""},{"label":"46","value":"EU 46","price":"","pimage":"","pimage_id":"","pthumb":"","color":""},{"label":"46 2\/3","value":"EU 46 2\/3","price":"","pimage":"","pimage_id":"","pthumb":"","color":""},{"label":"47 1\/3","value":"EU 47 1\/3","price":"","pimage":"","pimage_id":"","pthumb":"","color":""}],"relations":[{"operator":false,"rules":[]}],"form_id":24802,"form_rules":{"pric_cal_option_once":false,"exclude_from_discount":false,"pric_use_as_fee":false,"fee_label":"Fee","render_after_acb":false,"disp_hide_options_price":false}}]},"yoast_head":"<!-- This site is optimized with the Yoast SEO plugin v26.5 - https:\/\/yoast.com\/wordpress\/plugins\/seo\/ -->\n<title>ADIZERO PRIME X3 STRUNG AMG by Adidas x AMG Collaboration Core Black\/Lucid Red\/Cloud White - TOURCRUISER PTE. LTD<\/title>\n<meta name=\"robots\" content=\"index, follow, max-snippet:-1, max-image-preview:large, max-video-preview:-1\" \/>\n<link rel=\"canonical\" href=\"https:\/\/tourcruiser.com\/fr\/products\/adizero-prime-x3-strung-amg-by-adidas-x-amg-collaboration-core-blacklucid-redcloud-white\/\" \/>\n<meta property=\"og:locale\" content=\"fr_FR\" \/>\n<meta property=\"og:type\" content=\"article\" \/>\n<meta property=\"og:title\" content=\"ADIZERO PRIME X3 STRUNG AMG by Adidas x AMG Collaboration Core Black\/Lucid Red\/Cloud White - TOURCRUISER PTE. LTD\" \/>\n<meta property=\"og:description\" content=\"adidas Adizero Prime X3 Strung \u201d\u201d Core Black\/Lucid Red\/Cloud White\" \/>\n<meta property=\"og:url\" content=\"https:\/\/tourcruiser.com\/fr\/products\/adizero-prime-x3-strung-amg-by-adidas-x-amg-collaboration-core-blacklucid-redcloud-white\/\" \/>\n<meta property=\"og:site_name\" content=\"Tourcruiser Sneaker Store\" \/>\n<meta property=\"article:modified_time\" content=\"2026-03-14T10:58:22+00:00\" \/>\n<meta name=\"twitter:card\" content=\"summary_large_image\" \/>\n<meta name=\"twitter:image\" content=\"https:\/\/images.novelship.com\/product\/adizero_prime_x3_strung_amg_by_adidas_x_amg_collab_0_77176.jpeg\" \/>\n<meta name=\"twitter:label1\" content=\"Dur\u00e9e de lecture estim\u00e9e\" \/>\n\t<meta name=\"twitter:data1\" content=\"1 minute\" \/>\n<script type=\"application\/ld+json\" class=\"yoast-schema-graph\">{\"@context\":\"https:\/\/schema.org\",\"@graph\":[{\"@type\":\"WebPage\",\"@id\":\"https:\/\/tourcruiser.com\/fr\/products\/adizero-prime-x3-strung-amg-by-adidas-x-amg-collaboration-core-blacklucid-redcloud-white\/\",\"url\":\"https:\/\/tourcruiser.com\/fr\/products\/adizero-prime-x3-strung-amg-by-adidas-x-amg-collaboration-core-blacklucid-redcloud-white\/\",\"name\":\"ADIZERO PRIME X3 STRUNG AMG by Adidas x AMG Collaboration Core Black\/Lucid Red\/Cloud White - TOURCRUISER PTE. LTD\",\"isPartOf\":{\"@id\":\"https:\/\/tourcruiser.com\/fr\/#website\"},\"primaryImageOfPage\":{\"@id\":\"https:\/\/tourcruiser.com\/fr\/products\/adizero-prime-x3-strung-amg-by-adidas-x-amg-collaboration-core-blacklucid-redcloud-white\/#primaryimage\"},\"image\":{\"@id\":\"https:\/\/tourcruiser.com\/fr\/products\/adizero-prime-x3-strung-amg-by-adidas-x-amg-collaboration-core-blacklucid-redcloud-white\/#primaryimage\"},\"thumbnailUrl\":\"https:\/\/images.novelship.com\/product\/adizero_prime_x3_strung_amg_by_adidas_x_amg_collab_0_77176.jpeg\",\"datePublished\":\"2026-03-02T07:57:14+00:00\",\"dateModified\":\"2026-03-14T10:58:22+00:00\",\"breadcrumb\":{\"@id\":\"https:\/\/tourcruiser.com\/fr\/products\/adizero-prime-x3-strung-amg-by-adidas-x-amg-collaboration-core-blacklucid-redcloud-white\/#breadcrumb\"},\"inLanguage\":\"fr-FR\",\"potentialAction\":[{\"@type\":\"ReadAction\",\"target\":[\"https:\/\/tourcruiser.com\/fr\/products\/adizero-prime-x3-strung-amg-by-adidas-x-amg-collaboration-core-blacklucid-redcloud-white\/\"]}]},{\"@type\":\"ImageObject\",\"inLanguage\":\"fr-FR\",\"@id\":\"https:\/\/tourcruiser.com\/fr\/products\/adizero-prime-x3-strung-amg-by-adidas-x-amg-collaboration-core-blacklucid-redcloud-white\/#primaryimage\",\"url\":\"https:\/\/images.novelship.com\/product\/adizero_prime_x3_strung_amg_by_adidas_x_amg_collab_0_77176.jpeg\",\"contentUrl\":\"https:\/\/images.novelship.com\/product\/adizero_prime_x3_strung_amg_by_adidas_x_amg_collab_0_77176.jpeg\"},{\"@type\":\"BreadcrumbList\",\"@id\":\"https:\/\/tourcruiser.com\/fr\/products\/adizero-prime-x3-strung-amg-by-adidas-x-amg-collaboration-core-blacklucid-redcloud-white\/#breadcrumb\",\"itemListElement\":[{\"@type\":\"ListItem\",\"position\":1,\"name\":\"Home\",\"item\":\"https:\/\/tourcruiser.com\/fr\/\"},{\"@type\":\"ListItem\",\"position\":2,\"name\":\"Shop\",\"item\":\"https:\/\/tourcruiser.com\/fr\/shop\/\"},{\"@type\":\"ListItem\",\"position\":3,\"name\":\"ADIZERO PRIME X3 STRUNG AMG by Adidas x AMG Collaboration Core Black\/Lucid Red\/Cloud White\"}]},{\"@type\":\"WebSite\",\"@id\":\"https:\/\/tourcruiser.com\/fr\/#website\",\"url\":\"https:\/\/tourcruiser.com\/fr\/\",\"name\":\"Styloral Jewelry Shop\",\"description\":\"Tourcruiser Sneaker Store \u2014 L\u2019endroit o\u00f9 l\u2019univers rencontre votre singularit\u00e9.\",\"publisher\":{\"@id\":\"https:\/\/tourcruiser.com\/fr\/#organization\"},\"potentialAction\":[{\"@type\":\"SearchAction\",\"target\":{\"@type\":\"EntryPoint\",\"urlTemplate\":\"https:\/\/tourcruiser.com\/fr\/?s={search_term_string}\"},\"query-input\":{\"@type\":\"PropertyValueSpecification\",\"valueRequired\":true,\"valueName\":\"search_term_string\"}}],\"inLanguage\":\"fr-FR\"},{\"@type\":\"Organization\",\"@id\":\"https:\/\/tourcruiser.com\/fr\/#organization\",\"name\":\"STYLORAL PTE. LTD\",\"url\":\"https:\/\/tourcruiser.com\/fr\/\",\"logo\":{\"@type\":\"ImageObject\",\"inLanguage\":\"fr-FR\",\"@id\":\"https:\/\/tourcruiser.com\/fr\/#\/schema\/logo\/image\/\",\"url\":\"https:\/\/www.tourcruiser.com\/wp-content\/uploads\/2025\/12\/logo.png\",\"contentUrl\":\"https:\/\/www.tourcruiser.com\/wp-content\/uploads\/2025\/12\/logo.png\",\"width\":200,\"height\":65,\"caption\":\"STYLORAL PTE. LTD\"},\"image\":{\"@id\":\"https:\/\/tourcruiser.com\/fr\/#\/schema\/logo\/image\/\"}}]}<\/script>\n<!-- \/ Yoast SEO plugin. -->","yoast_head_json":{"title":"ADIZERO PRIME X3 STRUNG AMG by Adidas x AMG Collaboration Core Black\/Lucid Red\/Cloud White - TOURCRUISER PTE. LTD","robots":{"index":"index","follow":"follow","max-snippet":"max-snippet:-1","max-image-preview":"max-image-preview:large","max-video-preview":"max-video-preview:-1"},"canonical":"https:\/\/tourcruiser.com\/fr\/products\/adizero-prime-x3-strung-amg-by-adidas-x-amg-collaboration-core-blacklucid-redcloud-white\/","og_locale":"fr_FR","og_type":"article","og_title":"ADIZERO PRIME X3 STRUNG AMG by Adidas x AMG Collaboration Core Black\/Lucid Red\/Cloud White - TOURCRUISER PTE. LTD","og_description":"adidas Adizero Prime X3 Strung \u201d\u201d Core Black\/Lucid Red\/Cloud White","og_url":"https:\/\/tourcruiser.com\/fr\/products\/adizero-prime-x3-strung-amg-by-adidas-x-amg-collaboration-core-blacklucid-redcloud-white\/","og_site_name":"Tourcruiser Sneaker Store","article_modified_time":"2026-03-14T10:58:22+00:00","twitter_card":"summary_large_image","twitter_image":"https:\/\/images.novelship.com\/product\/adizero_prime_x3_strung_amg_by_adidas_x_amg_collab_0_77176.jpeg","twitter_misc":{"Dur\u00e9e de lecture estim\u00e9e":"1 minute"},"schema":{"@context":"https:\/\/schema.org","@graph":[{"@type":"WebPage","@id":"https:\/\/tourcruiser.com\/fr\/products\/adizero-prime-x3-strung-amg-by-adidas-x-amg-collaboration-core-blacklucid-redcloud-white\/","url":"https:\/\/tourcruiser.com\/fr\/products\/adizero-prime-x3-strung-amg-by-adidas-x-amg-collaboration-core-blacklucid-redcloud-white\/","name":"ADIZERO PRIME X3 STRUNG AMG by Adidas x AMG Collaboration Core Black\/Lucid Red\/Cloud White - TOURCRUISER PTE. LTD","isPartOf":{"@id":"https:\/\/tourcruiser.com\/fr\/#website"},"primaryImageOfPage":{"@id":"https:\/\/tourcruiser.com\/fr\/products\/adizero-prime-x3-strung-amg-by-adidas-x-amg-collaboration-core-blacklucid-redcloud-white\/#primaryimage"},"image":{"@id":"https:\/\/tourcruiser.com\/fr\/products\/adizero-prime-x3-strung-amg-by-adidas-x-amg-collaboration-core-blacklucid-redcloud-white\/#primaryimage"},"thumbnailUrl":"https:\/\/images.novelship.com\/product\/adizero_prime_x3_strung_amg_by_adidas_x_amg_collab_0_77176.jpeg","datePublished":"2026-03-02T07:57:14+00:00","dateModified":"2026-03-14T10:58:22+00:00","breadcrumb":{"@id":"https:\/\/tourcruiser.com\/fr\/products\/adizero-prime-x3-strung-amg-by-adidas-x-amg-collaboration-core-blacklucid-redcloud-white\/#breadcrumb"},"inLanguage":"fr-FR","potentialAction":[{"@type":"ReadAction","target":["https:\/\/tourcruiser.com\/fr\/products\/adizero-prime-x3-strung-amg-by-adidas-x-amg-collaboration-core-blacklucid-redcloud-white\/"]}]},{"@type":"ImageObject","inLanguage":"fr-FR","@id":"https:\/\/tourcruiser.com\/fr\/products\/adizero-prime-x3-strung-amg-by-adidas-x-amg-collaboration-core-blacklucid-redcloud-white\/#primaryimage","url":"https:\/\/images.novelship.com\/product\/adizero_prime_x3_strung_amg_by_adidas_x_amg_collab_0_77176.jpeg","contentUrl":"https:\/\/images.novelship.com\/product\/adizero_prime_x3_strung_amg_by_adidas_x_amg_collab_0_77176.jpeg"},{"@type":"BreadcrumbList","@id":"https:\/\/tourcruiser.com\/fr\/products\/adizero-prime-x3-strung-amg-by-adidas-x-amg-collaboration-core-blacklucid-redcloud-white\/#breadcrumb","itemListElement":[{"@type":"ListItem","position":1,"name":"Home","item":"https:\/\/tourcruiser.com\/fr\/"},{"@type":"ListItem","position":2,"name":"Shop","item":"https:\/\/tourcruiser.com\/fr\/shop\/"},{"@type":"ListItem","position":3,"name":"ADIZERO PRIME X3 STRUNG AMG by Adidas x AMG Collaboration Core Black\/Lucid Red\/Cloud White"}]},{"@type":"WebSite","@id":"https:\/\/tourcruiser.com\/fr\/#website","url":"https:\/\/tourcruiser.com\/fr\/","name":"Styloral Jewelry Shop","description":"Tourcruiser Sneaker Store \u2014 L\u2019endroit o\u00f9 l\u2019univers rencontre votre singularit\u00e9.","publisher":{"@id":"https:\/\/tourcruiser.com\/fr\/#organization"},"potentialAction":[{"@type":"SearchAction","target":{"@type":"EntryPoint","urlTemplate":"https:\/\/tourcruiser.com\/fr\/?s={search_term_string}"},"query-input":{"@type":"PropertyValueSpecification","valueRequired":true,"valueName":"search_term_string"}}],"inLanguage":"fr-FR"},{"@type":"Organization","@id":"https:\/\/tourcruiser.com\/fr\/#organization","name":"STYLORAL PTE. LTD","url":"https:\/\/tourcruiser.com\/fr\/","logo":{"@type":"ImageObject","inLanguage":"fr-FR","@id":"https:\/\/tourcruiser.com\/fr\/#\/schema\/logo\/image\/","url":"https:\/\/www.tourcruiser.com\/wp-content\/uploads\/2025\/12\/logo.png","contentUrl":"https:\/\/www.tourcruiser.com\/wp-content\/uploads\/2025\/12\/logo.png","width":200,"height":65,"caption":"STYLORAL PTE. LTD"},"image":{"@id":"https:\/\/tourcruiser.com\/fr\/#\/schema\/logo\/image\/"}}]}},"_links":{"self":[{"href":"https:\/\/tourcruiser.com\/fr\/wp-json\/wp\/v2\/product\/42581","targetHints":{"allow":["GET"]}}],"collection":[{"href":"https:\/\/tourcruiser.com\/fr\/wp-json\/wp\/v2\/product"}],"about":[{"href":"https:\/\/tourcruiser.com\/fr\/wp-json\/wp\/v2\/types\/product"}],"replies":[{"embeddable":true,"href":"https:\/\/tourcruiser.com\/fr\/wp-json\/wp\/v2\/comments?post=42581"}],"wp:featuredmedia":[{"embeddable":true,"href":"https:\/\/tourcruiser.com\/fr\/wp-json\/wp\/v2\/media\/42582"}],"wp:attachment":[{"href":"https:\/\/tourcruiser.com\/fr\/wp-json\/wp\/v2\/media?parent=42581"}],"wp:term":[{"taxonomy":"product_brand","embeddable":true,"href":"https:\/\/tourcruiser.com\/fr\/wp-json\/wp\/v2\/product_brand?post=42581"},{"taxonomy":"product_cat","embeddable":true,"href":"https:\/\/tourcruiser.com\/fr\/wp-json\/wp\/v2\/product_cat?post=42581"},{"taxonomy":"product_tag","embeddable":true,"href":"https:\/\/tourcruiser.com\/fr\/wp-json\/wp\/v2\/product_tag?post=42581"}],"curies":[{"name":"wp","href":"https:\/\/api.w.org\/{rel}","templated":true}]}}