{"id":42096,"date":"2026-03-02T14:56:34","date_gmt":"2026-03-02T07:56:34","guid":{"rendered":"http:\/\/tourcruiser.com\/product\/nike-mercurial-vapor-16-elite-magic-flamingototal-crimsonblack"},"modified":"2026-03-14T18:20:36","modified_gmt":"2026-03-14T11:20:36","slug":"nike-mercurial-vapor-16-elite-magic-flamingototal-crimsonblack","status":"publish","type":"product","link":"https:\/\/tourcruiser.com\/fr\/products\/nike-mercurial-vapor-16-elite-magic-flamingototal-crimsonblack\/","title":{"rendered":"Nike Mercurial Vapor 16 Elite Magic Flamingo\/Total Crimson\/Black"},"content":{"rendered":"<p>D\u00e9couvrez une vitesse et une agilit\u00e9 exceptionnelles avec la Nike Mercurial Vapor 16 Elite en coloris Magic Flamingo et Total Crimson. Con\u00e7ues pour des performances optimales, ces chaussures de football int\u00e8grent la technologie Flyknit innovante pour un ajustement l\u00e9ger et adaptatif, ainsi qu&rsquo;une semelle ext\u00e9rieure adh\u00e9rente pour une traction optimale sur le terrain. Leur coloris dynamique et captivant vous offre une acc\u00e9l\u00e9ration explosive et vous permet de vous d\u00e9marquer lors des matchs les plus intenses. Dominez votre jeu et affirmez votre style \u00e0 chaque rencontre gr\u00e2ce \u00e0 cette innovation sportive mondialement reconnue.<\/p>\n","protected":false},"excerpt":{"rendered":"<p>Nike Mercurial Vapor 16 Elite \u201d\u201d Magic Flamingo\/Total Crimson\/Black<\/p>\n","protected":false},"featured_media":42097,"comment_status":"open","ping_status":"closed","template":"","meta":[],"product_brand":[],"product_cat":[10803],"product_tag":[10799,10800,10801,10802,10986,10987,10758],"class_list":{"0":"post-42096","1":"product","2":"type-product","3":"status-publish","4":"has-post-thumbnail","6":"product_cat-nike","7":"product_tag-ankle-support-basketball-shoes","8":"product_tag-basketball-shoes","9":"product_tag-nike","10":"product_tag-performance-sport-shoes","11":"product_tag-soccer-shoes","12":"product_tag-soccer-shoes-football-cleats","13":"product_tag-under-retail","14":"wcpa_has_options","16":"first","17":"instock","18":"sale","19":"taxable","20":"shipping-taxable","21":"purchasable","22":"product-type-simple"},"wcpa_form_fields":{"rules":{"pric_overide_base_price":false,"pric_overide_base_price_if_gt_zero":false,"pric_overide_base_price_fully":false,"pric_cal_option_once":false,"pric_use_as_fee":false,"bind_quantity":false,"quantity_bind_formula":false},"fields":[{"type":"color-group","required":true,"elementId":"wcpa-color-group-66c4a75505e74","label":"Taille","inline":true,"priceOptions":"different_for_all","pricingType":"fixed","className":"hassizechart product-shoes-size-eu product-shoes-size","name":"color-group-66c4a75505e89","disp_type":"square","selection_type":"tick-border","disp_size":"44","show_label_inside":true,"adjust_width":true,"cart_display_type":"text","other_text":"Other","cl_rule":"show","col":6,"values":[{"label":"35.5","value":"EU 35.5","price":"","pimage":"","pimage_id":"","pthumb":"","color":""},{"label":"36","value":"EU 36","price":"","pimage":"","pimage_id":"","pthumb":"","color":"","selected":true},{"label":"36.5","value":"EU 36.5","price":"","pimage":"","pimage_id":"","pthumb":"","color":""},{"label":"37.5","value":"EU 37.5","price":"","pimage":"","pimage_id":"","pthumb":"","color":""},{"label":"38","value":"EU 38","price":"","pimage":"","pimage_id":"","pthumb":"","color":""},{"label":"38.5","value":"EU 38.5","price":"","pimage":"","pimage_id":"","pthumb":"","color":""},{"label":"39","value":"EU 39","price":"","pimage":"","pimage_id":"","pthumb":"","color":""},{"label":"40","value":"EU 40","price":"","pimage":"","pimage_id":"","pthumb":"","color":""},{"label":"40.5","value":"EU 40.5","price":"","pimage":"","pimage_id":"","pthumb":"","color":""},{"label":"41","value":"EU 41","price":"","pimage":"","pimage_id":"","pthumb":"","color":""},{"label":"42","value":"EU 42","price":"","pimage":"","pimage_id":"","pthumb":"","color":""},{"label":"42.5","value":"EU 42.5","price":"","pimage":"","pimage_id":"","pthumb":"","color":""},{"label":"43","value":"EU 43","price":"","pimage":"","pimage_id":"","pthumb":"","color":""},{"label":"44","value":"EU 44","price":"","pimage":"","pimage_id":"","pthumb":"","color":""},{"label":"44.5","value":"EU 44.5","price":"","pimage":"","pimage_id":"","pthumb":"","color":""},{"label":"45","value":"EU 45","price":"","pimage":"","pimage_id":"","pthumb":"","color":""},{"label":"45.5","value":"EU 45.5","price":"","pimage":"","pimage_id":"","pthumb":"","color":""},{"label":"46","value":"EU 46","price":"","pimage":"","pimage_id":"","pthumb":"","color":""},{"label":"47","value":"EU 47","price":"","pimage":"","pimage_id":"","pthumb":"","color":""},{"label":"47.5","value":"EU 47.5","price":"","pimage":"","pimage_id":"","pthumb":"","color":""},{"label":"48","value":"EU 48","price":"","pimage":"","pimage_id":"","pthumb":"","color":""}],"relations":[{"operator":false,"rules":[]}],"form_id":18106,"form_rules":{"pric_cal_option_once":false,"exclude_from_discount":false,"pric_use_as_fee":false,"fee_label":"Fee","render_after_acb":false,"disp_hide_options_price":false}}]},"yoast_head":"<!-- This site is optimized with the Yoast SEO plugin v26.5 - https:\/\/yoast.com\/wordpress\/plugins\/seo\/ -->\n<title>Nike Mercurial Vapor 16 Elite Magic Flamingo\/Total Crimson\/Black - TOURCRUISER PTE. LTD<\/title>\n<meta name=\"robots\" content=\"index, follow, max-snippet:-1, max-image-preview:large, max-video-preview:-1\" \/>\n<link rel=\"canonical\" href=\"https:\/\/tourcruiser.com\/fr\/products\/nike-mercurial-vapor-16-elite-magic-flamingototal-crimsonblack\/\" \/>\n<meta property=\"og:locale\" content=\"fr_FR\" \/>\n<meta property=\"og:type\" content=\"article\" \/>\n<meta property=\"og:title\" content=\"Nike Mercurial Vapor 16 Elite Magic Flamingo\/Total Crimson\/Black - TOURCRUISER PTE. LTD\" \/>\n<meta property=\"og:description\" content=\"Nike Mercurial Vapor 16 Elite \u201d\u201d Magic Flamingo\/Total Crimson\/Black\" \/>\n<meta property=\"og:url\" content=\"https:\/\/tourcruiser.com\/fr\/products\/nike-mercurial-vapor-16-elite-magic-flamingototal-crimsonblack\/\" \/>\n<meta property=\"og:site_name\" content=\"Tourcruiser Sneaker Store\" \/>\n<meta property=\"article:modified_time\" content=\"2026-03-14T11:20:36+00:00\" \/>\n<meta name=\"twitter:card\" content=\"summary_large_image\" \/>\n<meta name=\"twitter:image\" content=\"https:\/\/images.novelship.com\/product\/nike_mercurial_vapor_16_elite_magic_flamingo_total_0_77169.png\" \/>\n<script type=\"application\/ld+json\" class=\"yoast-schema-graph\">{\"@context\":\"https:\/\/schema.org\",\"@graph\":[{\"@type\":\"WebPage\",\"@id\":\"https:\/\/tourcruiser.com\/fr\/products\/nike-mercurial-vapor-16-elite-magic-flamingototal-crimsonblack\/\",\"url\":\"https:\/\/tourcruiser.com\/fr\/products\/nike-mercurial-vapor-16-elite-magic-flamingototal-crimsonblack\/\",\"name\":\"Nike Mercurial Vapor 16 Elite Magic Flamingo\/Total Crimson\/Black - TOURCRUISER PTE. LTD\",\"isPartOf\":{\"@id\":\"https:\/\/tourcruiser.com\/fr\/#website\"},\"primaryImageOfPage\":{\"@id\":\"https:\/\/tourcruiser.com\/fr\/products\/nike-mercurial-vapor-16-elite-magic-flamingototal-crimsonblack\/#primaryimage\"},\"image\":{\"@id\":\"https:\/\/tourcruiser.com\/fr\/products\/nike-mercurial-vapor-16-elite-magic-flamingototal-crimsonblack\/#primaryimage\"},\"thumbnailUrl\":\"https:\/\/images.novelship.com\/product\/nike_mercurial_vapor_16_elite_magic_flamingo_total_0_77169.png\",\"datePublished\":\"2026-03-02T07:56:34+00:00\",\"dateModified\":\"2026-03-14T11:20:36+00:00\",\"breadcrumb\":{\"@id\":\"https:\/\/tourcruiser.com\/fr\/products\/nike-mercurial-vapor-16-elite-magic-flamingototal-crimsonblack\/#breadcrumb\"},\"inLanguage\":\"fr-FR\",\"potentialAction\":[{\"@type\":\"ReadAction\",\"target\":[\"https:\/\/tourcruiser.com\/fr\/products\/nike-mercurial-vapor-16-elite-magic-flamingototal-crimsonblack\/\"]}]},{\"@type\":\"ImageObject\",\"inLanguage\":\"fr-FR\",\"@id\":\"https:\/\/tourcruiser.com\/fr\/products\/nike-mercurial-vapor-16-elite-magic-flamingototal-crimsonblack\/#primaryimage\",\"url\":\"https:\/\/images.novelship.com\/product\/nike_mercurial_vapor_16_elite_magic_flamingo_total_0_77169.png\",\"contentUrl\":\"https:\/\/images.novelship.com\/product\/nike_mercurial_vapor_16_elite_magic_flamingo_total_0_77169.png\"},{\"@type\":\"BreadcrumbList\",\"@id\":\"https:\/\/tourcruiser.com\/fr\/products\/nike-mercurial-vapor-16-elite-magic-flamingototal-crimsonblack\/#breadcrumb\",\"itemListElement\":[{\"@type\":\"ListItem\",\"position\":1,\"name\":\"Home\",\"item\":\"https:\/\/tourcruiser.com\/fr\/\"},{\"@type\":\"ListItem\",\"position\":2,\"name\":\"Shop\",\"item\":\"https:\/\/tourcruiser.com\/fr\/shop\/\"},{\"@type\":\"ListItem\",\"position\":3,\"name\":\"Nike Mercurial Vapor 16 Elite Magic Flamingo\/Total Crimson\/Black\"}]},{\"@type\":\"WebSite\",\"@id\":\"https:\/\/tourcruiser.com\/fr\/#website\",\"url\":\"https:\/\/tourcruiser.com\/fr\/\",\"name\":\"Styloral Jewelry Shop\",\"description\":\"Tourcruiser Sneaker Store \u2014 L\u2019endroit o\u00f9 l\u2019univers rencontre votre singularit\u00e9.\",\"publisher\":{\"@id\":\"https:\/\/tourcruiser.com\/fr\/#organization\"},\"potentialAction\":[{\"@type\":\"SearchAction\",\"target\":{\"@type\":\"EntryPoint\",\"urlTemplate\":\"https:\/\/tourcruiser.com\/fr\/?s={search_term_string}\"},\"query-input\":{\"@type\":\"PropertyValueSpecification\",\"valueRequired\":true,\"valueName\":\"search_term_string\"}}],\"inLanguage\":\"fr-FR\"},{\"@type\":\"Organization\",\"@id\":\"https:\/\/tourcruiser.com\/fr\/#organization\",\"name\":\"STYLORAL PTE. LTD\",\"url\":\"https:\/\/tourcruiser.com\/fr\/\",\"logo\":{\"@type\":\"ImageObject\",\"inLanguage\":\"fr-FR\",\"@id\":\"https:\/\/tourcruiser.com\/fr\/#\/schema\/logo\/image\/\",\"url\":\"https:\/\/www.tourcruiser.com\/wp-content\/uploads\/2025\/12\/logo.png\",\"contentUrl\":\"https:\/\/www.tourcruiser.com\/wp-content\/uploads\/2025\/12\/logo.png\",\"width\":200,\"height\":65,\"caption\":\"STYLORAL PTE. LTD\"},\"image\":{\"@id\":\"https:\/\/tourcruiser.com\/fr\/#\/schema\/logo\/image\/\"}}]}<\/script>\n<!-- \/ Yoast SEO plugin. -->","yoast_head_json":{"title":"Nike Mercurial Vapor 16 Elite Magic Flamingo\/Total Crimson\/Black - TOURCRUISER PTE. LTD","robots":{"index":"index","follow":"follow","max-snippet":"max-snippet:-1","max-image-preview":"max-image-preview:large","max-video-preview":"max-video-preview:-1"},"canonical":"https:\/\/tourcruiser.com\/fr\/products\/nike-mercurial-vapor-16-elite-magic-flamingototal-crimsonblack\/","og_locale":"fr_FR","og_type":"article","og_title":"Nike Mercurial Vapor 16 Elite Magic Flamingo\/Total Crimson\/Black - TOURCRUISER PTE. LTD","og_description":"Nike Mercurial Vapor 16 Elite \u201d\u201d Magic Flamingo\/Total Crimson\/Black","og_url":"https:\/\/tourcruiser.com\/fr\/products\/nike-mercurial-vapor-16-elite-magic-flamingototal-crimsonblack\/","og_site_name":"Tourcruiser Sneaker Store","article_modified_time":"2026-03-14T11:20:36+00:00","twitter_card":"summary_large_image","twitter_image":"https:\/\/images.novelship.com\/product\/nike_mercurial_vapor_16_elite_magic_flamingo_total_0_77169.png","schema":{"@context":"https:\/\/schema.org","@graph":[{"@type":"WebPage","@id":"https:\/\/tourcruiser.com\/fr\/products\/nike-mercurial-vapor-16-elite-magic-flamingototal-crimsonblack\/","url":"https:\/\/tourcruiser.com\/fr\/products\/nike-mercurial-vapor-16-elite-magic-flamingototal-crimsonblack\/","name":"Nike Mercurial Vapor 16 Elite Magic Flamingo\/Total Crimson\/Black - TOURCRUISER PTE. LTD","isPartOf":{"@id":"https:\/\/tourcruiser.com\/fr\/#website"},"primaryImageOfPage":{"@id":"https:\/\/tourcruiser.com\/fr\/products\/nike-mercurial-vapor-16-elite-magic-flamingototal-crimsonblack\/#primaryimage"},"image":{"@id":"https:\/\/tourcruiser.com\/fr\/products\/nike-mercurial-vapor-16-elite-magic-flamingototal-crimsonblack\/#primaryimage"},"thumbnailUrl":"https:\/\/images.novelship.com\/product\/nike_mercurial_vapor_16_elite_magic_flamingo_total_0_77169.png","datePublished":"2026-03-02T07:56:34+00:00","dateModified":"2026-03-14T11:20:36+00:00","breadcrumb":{"@id":"https:\/\/tourcruiser.com\/fr\/products\/nike-mercurial-vapor-16-elite-magic-flamingototal-crimsonblack\/#breadcrumb"},"inLanguage":"fr-FR","potentialAction":[{"@type":"ReadAction","target":["https:\/\/tourcruiser.com\/fr\/products\/nike-mercurial-vapor-16-elite-magic-flamingototal-crimsonblack\/"]}]},{"@type":"ImageObject","inLanguage":"fr-FR","@id":"https:\/\/tourcruiser.com\/fr\/products\/nike-mercurial-vapor-16-elite-magic-flamingototal-crimsonblack\/#primaryimage","url":"https:\/\/images.novelship.com\/product\/nike_mercurial_vapor_16_elite_magic_flamingo_total_0_77169.png","contentUrl":"https:\/\/images.novelship.com\/product\/nike_mercurial_vapor_16_elite_magic_flamingo_total_0_77169.png"},{"@type":"BreadcrumbList","@id":"https:\/\/tourcruiser.com\/fr\/products\/nike-mercurial-vapor-16-elite-magic-flamingototal-crimsonblack\/#breadcrumb","itemListElement":[{"@type":"ListItem","position":1,"name":"Home","item":"https:\/\/tourcruiser.com\/fr\/"},{"@type":"ListItem","position":2,"name":"Shop","item":"https:\/\/tourcruiser.com\/fr\/shop\/"},{"@type":"ListItem","position":3,"name":"Nike Mercurial Vapor 16 Elite Magic Flamingo\/Total Crimson\/Black"}]},{"@type":"WebSite","@id":"https:\/\/tourcruiser.com\/fr\/#website","url":"https:\/\/tourcruiser.com\/fr\/","name":"Styloral Jewelry Shop","description":"Tourcruiser Sneaker Store \u2014 L\u2019endroit o\u00f9 l\u2019univers rencontre votre singularit\u00e9.","publisher":{"@id":"https:\/\/tourcruiser.com\/fr\/#organization"},"potentialAction":[{"@type":"SearchAction","target":{"@type":"EntryPoint","urlTemplate":"https:\/\/tourcruiser.com\/fr\/?s={search_term_string}"},"query-input":{"@type":"PropertyValueSpecification","valueRequired":true,"valueName":"search_term_string"}}],"inLanguage":"fr-FR"},{"@type":"Organization","@id":"https:\/\/tourcruiser.com\/fr\/#organization","name":"STYLORAL PTE. LTD","url":"https:\/\/tourcruiser.com\/fr\/","logo":{"@type":"ImageObject","inLanguage":"fr-FR","@id":"https:\/\/tourcruiser.com\/fr\/#\/schema\/logo\/image\/","url":"https:\/\/www.tourcruiser.com\/wp-content\/uploads\/2025\/12\/logo.png","contentUrl":"https:\/\/www.tourcruiser.com\/wp-content\/uploads\/2025\/12\/logo.png","width":200,"height":65,"caption":"STYLORAL PTE. LTD"},"image":{"@id":"https:\/\/tourcruiser.com\/fr\/#\/schema\/logo\/image\/"}}]}},"_links":{"self":[{"href":"https:\/\/tourcruiser.com\/fr\/wp-json\/wp\/v2\/product\/42096","targetHints":{"allow":["GET"]}}],"collection":[{"href":"https:\/\/tourcruiser.com\/fr\/wp-json\/wp\/v2\/product"}],"about":[{"href":"https:\/\/tourcruiser.com\/fr\/wp-json\/wp\/v2\/types\/product"}],"replies":[{"embeddable":true,"href":"https:\/\/tourcruiser.com\/fr\/wp-json\/wp\/v2\/comments?post=42096"}],"wp:featuredmedia":[{"embeddable":true,"href":"https:\/\/tourcruiser.com\/fr\/wp-json\/wp\/v2\/media\/42097"}],"wp:attachment":[{"href":"https:\/\/tourcruiser.com\/fr\/wp-json\/wp\/v2\/media?parent=42096"}],"wp:term":[{"taxonomy":"product_brand","embeddable":true,"href":"https:\/\/tourcruiser.com\/fr\/wp-json\/wp\/v2\/product_brand?post=42096"},{"taxonomy":"product_cat","embeddable":true,"href":"https:\/\/tourcruiser.com\/fr\/wp-json\/wp\/v2\/product_cat?post=42096"},{"taxonomy":"product_tag","embeddable":true,"href":"https:\/\/tourcruiser.com\/fr\/wp-json\/wp\/v2\/product_tag?post=42096"}],"curies":[{"name":"wp","href":"https:\/\/api.w.org\/{rel}","templated":true}]}}