{"id":41677,"date":"2026-03-02T14:55:52","date_gmt":"2026-03-02T07:55:52","guid":{"rendered":"http:\/\/tourcruiser.com\/product\/nike-c1ty-coveralls-obsidian-thunder-blue"},"modified":"2026-03-14T17:58:04","modified_gmt":"2026-03-14T10:58:04","slug":"nike-c1ty-coveralls-obsidian-thunder-blue","status":"publish","type":"product","link":"https:\/\/tourcruiser.com\/fr\/products\/nike-c1ty-coveralls-obsidian-thunder-blue\/","title":{"rendered":"Nike C1TY \u201d\u02dcCoveralls\u201d\u2122 &lsquo;Obsidian Thunder Blue&rsquo;"},"content":{"rendered":"<p>D\u00e9couvrez un style et des performances in\u00e9gal\u00e9s avec la Nike C1TY \u00ab\u00a0Coveralls\u00a0\u00bb en Obsidian Thunder Blue (mod\u00e8le FZ3863-400) \u2013 une chaussure qui allie design urbain et praticit\u00e9 au quotidien. Ces sneakers \u00e9l\u00e9gantes s\u00e9duisent par leur combinaison de couleurs \u00e0 la fois saisissante et polyvalente\u00a0: un noir profond et un bleu tonnerre, parfaits pour les loisirs comme pour le sport. Des mat\u00e9riaux de haute qualit\u00e9 garantissent durabilit\u00e9 et respirabilit\u00e9, tandis qu\u2019un amorti premium assure un confort optimal tout au long de la journ\u00e9e, pour toutes vos aventures. Avec son design \u00e9pur\u00e9 et ses d\u00e9tails innovants, la Nike C1TY \u00ab\u00a0Coveralls\u00a0\u00bb est id\u00e9ale pour celles et ceux qui appr\u00e9cient \u00e0 la fois la mode et la fonctionnalit\u00e9. La semelle textur\u00e9e offre une excellente adh\u00e9rence, ce qui rend ces chaussures parfaites pour la ville ou la salle de sport. Gr\u00e2ce \u00e0 leur design moderne, elles s\u2019int\u00e8grent facilement \u00e0 toutes vos tenues, sublimant votre look tout en vous permettant d\u2019atteindre vos meilleures performances. Que ce soit pour faire du shopping ou explorer de nouveaux horizons, ces sneakers sont le compagnon id\u00e9al \u00e0 chaque pas. Coloris\u00a0: Obsidian\/Summit White\/Thunder Blue. Num\u00e9ro d\u2019article\u00a0: FZ3863-400. Mati\u00e8re ext\u00e9rieure\u00a0: Daim. Couleur\u00a0: Bleu.<\/p>\n","protected":false},"excerpt":{"rendered":"<p>Nike C1TY Coveralls \u201d\u201d Obsidian\/Summit White\/Thunder Blue<\/p>\n","protected":false},"featured_media":41678,"comment_status":"open","ping_status":"closed","template":"","meta":[],"product_brand":[],"product_cat":[10803],"product_tag":[10750,10754,11460,10801,10756,10758],"class_list":{"0":"post-41677","1":"product","2":"type-product","3":"status-publish","4":"has-post-thumbnail","6":"product_cat-nike","7":"product_tag-athleisure-shoes","8":"product_tag-lifestyle-casual-shoes","9":"product_tag-lifestyle-shoes-casual","10":"product_tag-nike","11":"product_tag-retro-casual-shoes","12":"product_tag-under-retail","13":"wcpa_has_options","15":"first","16":"instock","17":"taxable","18":"shipping-taxable","19":"purchasable","20":"product-type-simple"},"wcpa_form_fields":{"rules":{"pric_overide_base_price":false,"pric_overide_base_price_if_gt_zero":false,"pric_overide_base_price_fully":false,"pric_cal_option_once":false,"pric_use_as_fee":false,"bind_quantity":false,"quantity_bind_formula":false},"fields":[{"type":"color-group","required":true,"elementId":"wcpa-color-group-66c4a75505e74","label":"Taille","inline":true,"priceOptions":"different_for_all","pricingType":"fixed","className":"hassizechart product-shoes-size-eu product-shoes-size","name":"color-group-66c4a75505e89","disp_type":"square","selection_type":"tick-border","disp_size":"44","show_label_inside":true,"adjust_width":true,"cart_display_type":"text","other_text":"Other","cl_rule":"show","col":6,"values":[{"label":"35.5","value":"EU 35.5","price":"","pimage":"","pimage_id":"","pthumb":"","color":""},{"label":"36","value":"EU 36","price":"","pimage":"","pimage_id":"","pthumb":"","color":"","selected":true},{"label":"36.5","value":"EU 36.5","price":"","pimage":"","pimage_id":"","pthumb":"","color":""},{"label":"37.5","value":"EU 37.5","price":"","pimage":"","pimage_id":"","pthumb":"","color":""},{"label":"38","value":"EU 38","price":"","pimage":"","pimage_id":"","pthumb":"","color":""},{"label":"38.5","value":"EU 38.5","price":"","pimage":"","pimage_id":"","pthumb":"","color":""},{"label":"39","value":"EU 39","price":"","pimage":"","pimage_id":"","pthumb":"","color":""},{"label":"40","value":"EU 40","price":"","pimage":"","pimage_id":"","pthumb":"","color":""},{"label":"40.5","value":"EU 40.5","price":"","pimage":"","pimage_id":"","pthumb":"","color":""},{"label":"41","value":"EU 41","price":"","pimage":"","pimage_id":"","pthumb":"","color":""},{"label":"42","value":"EU 42","price":"","pimage":"","pimage_id":"","pthumb":"","color":""},{"label":"42.5","value":"EU 42.5","price":"","pimage":"","pimage_id":"","pthumb":"","color":""},{"label":"43","value":"EU 43","price":"","pimage":"","pimage_id":"","pthumb":"","color":""},{"label":"44","value":"EU 44","price":"","pimage":"","pimage_id":"","pthumb":"","color":""},{"label":"44.5","value":"EU 44.5","price":"","pimage":"","pimage_id":"","pthumb":"","color":""},{"label":"45","value":"EU 45","price":"","pimage":"","pimage_id":"","pthumb":"","color":""},{"label":"45.5","value":"EU 45.5","price":"","pimage":"","pimage_id":"","pthumb":"","color":""},{"label":"46","value":"EU 46","price":"","pimage":"","pimage_id":"","pthumb":"","color":""},{"label":"47","value":"EU 47","price":"","pimage":"","pimage_id":"","pthumb":"","color":""},{"label":"47.5","value":"EU 47.5","price":"","pimage":"","pimage_id":"","pthumb":"","color":""},{"label":"48","value":"EU 48","price":"","pimage":"","pimage_id":"","pthumb":"","color":""}],"relations":[{"operator":false,"rules":[]}],"form_id":18106,"form_rules":{"pric_cal_option_once":false,"exclude_from_discount":false,"pric_use_as_fee":false,"fee_label":"Fee","render_after_acb":false,"disp_hide_options_price":false}}]},"yoast_head":"<!-- This site is optimized with the Yoast SEO plugin v26.5 - https:\/\/yoast.com\/wordpress\/plugins\/seo\/ -->\n<title>Nike C1TY \u201d\u02dcCoveralls\u201d\u2122 &#039;Obsidian Thunder Blue&#039; - TOURCRUISER PTE. LTD<\/title>\n<meta name=\"robots\" content=\"index, follow, max-snippet:-1, max-image-preview:large, max-video-preview:-1\" \/>\n<link rel=\"canonical\" href=\"https:\/\/tourcruiser.com\/fr\/products\/nike-c1ty-coveralls-obsidian-thunder-blue\/\" \/>\n<meta property=\"og:locale\" content=\"fr_FR\" \/>\n<meta property=\"og:type\" content=\"article\" \/>\n<meta property=\"og:title\" content=\"Nike C1TY \u201d\u02dcCoveralls\u201d\u2122 &#039;Obsidian Thunder Blue&#039; - TOURCRUISER PTE. LTD\" \/>\n<meta property=\"og:description\" content=\"Nike C1TY Coveralls \u201d\u201d Obsidian\/Summit White\/Thunder Blue\" \/>\n<meta property=\"og:url\" content=\"https:\/\/tourcruiser.com\/fr\/products\/nike-c1ty-coveralls-obsidian-thunder-blue\/\" \/>\n<meta property=\"og:site_name\" content=\"Tourcruiser Sneaker Store\" \/>\n<meta property=\"article:modified_time\" content=\"2026-03-14T10:58:04+00:00\" \/>\n<meta name=\"twitter:card\" content=\"summary_large_image\" \/>\n<meta name=\"twitter:image\" content=\"https:\/\/images.novelship.com\/product\/nike_c1ty__coveralls___obsidian_thunder_blue__fz38_0_57622.jpeg\" \/>\n<meta name=\"twitter:label1\" content=\"Dur\u00e9e de lecture estim\u00e9e\" \/>\n\t<meta name=\"twitter:data1\" content=\"1 minute\" \/>\n<script type=\"application\/ld+json\" class=\"yoast-schema-graph\">{\"@context\":\"https:\/\/schema.org\",\"@graph\":[{\"@type\":\"WebPage\",\"@id\":\"https:\/\/tourcruiser.com\/fr\/products\/nike-c1ty-coveralls-obsidian-thunder-blue\/\",\"url\":\"https:\/\/tourcruiser.com\/fr\/products\/nike-c1ty-coveralls-obsidian-thunder-blue\/\",\"name\":\"Nike C1TY \u201d\u02dcCoveralls\u201d\u2122 'Obsidian Thunder Blue' - TOURCRUISER PTE. LTD\",\"isPartOf\":{\"@id\":\"https:\/\/tourcruiser.com\/fr\/#website\"},\"primaryImageOfPage\":{\"@id\":\"https:\/\/tourcruiser.com\/fr\/products\/nike-c1ty-coveralls-obsidian-thunder-blue\/#primaryimage\"},\"image\":{\"@id\":\"https:\/\/tourcruiser.com\/fr\/products\/nike-c1ty-coveralls-obsidian-thunder-blue\/#primaryimage\"},\"thumbnailUrl\":\"https:\/\/images.novelship.com\/product\/nike_c1ty__coveralls___obsidian_thunder_blue__fz38_0_57622.jpeg\",\"datePublished\":\"2026-03-02T07:55:52+00:00\",\"dateModified\":\"2026-03-14T10:58:04+00:00\",\"breadcrumb\":{\"@id\":\"https:\/\/tourcruiser.com\/fr\/products\/nike-c1ty-coveralls-obsidian-thunder-blue\/#breadcrumb\"},\"inLanguage\":\"fr-FR\",\"potentialAction\":[{\"@type\":\"ReadAction\",\"target\":[\"https:\/\/tourcruiser.com\/fr\/products\/nike-c1ty-coveralls-obsidian-thunder-blue\/\"]}]},{\"@type\":\"ImageObject\",\"inLanguage\":\"fr-FR\",\"@id\":\"https:\/\/tourcruiser.com\/fr\/products\/nike-c1ty-coveralls-obsidian-thunder-blue\/#primaryimage\",\"url\":\"https:\/\/images.novelship.com\/product\/nike_c1ty__coveralls___obsidian_thunder_blue__fz38_0_57622.jpeg\",\"contentUrl\":\"https:\/\/images.novelship.com\/product\/nike_c1ty__coveralls___obsidian_thunder_blue__fz38_0_57622.jpeg\"},{\"@type\":\"BreadcrumbList\",\"@id\":\"https:\/\/tourcruiser.com\/fr\/products\/nike-c1ty-coveralls-obsidian-thunder-blue\/#breadcrumb\",\"itemListElement\":[{\"@type\":\"ListItem\",\"position\":1,\"name\":\"Home\",\"item\":\"https:\/\/tourcruiser.com\/fr\/\"},{\"@type\":\"ListItem\",\"position\":2,\"name\":\"Shop\",\"item\":\"https:\/\/tourcruiser.com\/fr\/shop\/\"},{\"@type\":\"ListItem\",\"position\":3,\"name\":\"Nike C1TY \u201d\u02dcCoveralls\u201d\u2122 'Obsidian Thunder Blue'\"}]},{\"@type\":\"WebSite\",\"@id\":\"https:\/\/tourcruiser.com\/fr\/#website\",\"url\":\"https:\/\/tourcruiser.com\/fr\/\",\"name\":\"Styloral Jewelry Shop\",\"description\":\"Tourcruiser Sneaker Store \u2014 L\u2019endroit o\u00f9 l\u2019univers rencontre votre singularit\u00e9.\",\"publisher\":{\"@id\":\"https:\/\/tourcruiser.com\/fr\/#organization\"},\"potentialAction\":[{\"@type\":\"SearchAction\",\"target\":{\"@type\":\"EntryPoint\",\"urlTemplate\":\"https:\/\/tourcruiser.com\/fr\/?s={search_term_string}\"},\"query-input\":{\"@type\":\"PropertyValueSpecification\",\"valueRequired\":true,\"valueName\":\"search_term_string\"}}],\"inLanguage\":\"fr-FR\"},{\"@type\":\"Organization\",\"@id\":\"https:\/\/tourcruiser.com\/fr\/#organization\",\"name\":\"STYLORAL PTE. LTD\",\"url\":\"https:\/\/tourcruiser.com\/fr\/\",\"logo\":{\"@type\":\"ImageObject\",\"inLanguage\":\"fr-FR\",\"@id\":\"https:\/\/tourcruiser.com\/fr\/#\/schema\/logo\/image\/\",\"url\":\"https:\/\/www.tourcruiser.com\/wp-content\/uploads\/2025\/12\/logo.png\",\"contentUrl\":\"https:\/\/www.tourcruiser.com\/wp-content\/uploads\/2025\/12\/logo.png\",\"width\":200,\"height\":65,\"caption\":\"STYLORAL PTE. LTD\"},\"image\":{\"@id\":\"https:\/\/tourcruiser.com\/fr\/#\/schema\/logo\/image\/\"}}]}<\/script>\n<!-- \/ Yoast SEO plugin. -->","yoast_head_json":{"title":"Nike C1TY \u201d\u02dcCoveralls\u201d\u2122 'Obsidian Thunder Blue' - TOURCRUISER PTE. LTD","robots":{"index":"index","follow":"follow","max-snippet":"max-snippet:-1","max-image-preview":"max-image-preview:large","max-video-preview":"max-video-preview:-1"},"canonical":"https:\/\/tourcruiser.com\/fr\/products\/nike-c1ty-coveralls-obsidian-thunder-blue\/","og_locale":"fr_FR","og_type":"article","og_title":"Nike C1TY \u201d\u02dcCoveralls\u201d\u2122 'Obsidian Thunder Blue' - TOURCRUISER PTE. LTD","og_description":"Nike C1TY Coveralls \u201d\u201d Obsidian\/Summit White\/Thunder Blue","og_url":"https:\/\/tourcruiser.com\/fr\/products\/nike-c1ty-coveralls-obsidian-thunder-blue\/","og_site_name":"Tourcruiser Sneaker Store","article_modified_time":"2026-03-14T10:58:04+00:00","twitter_card":"summary_large_image","twitter_image":"https:\/\/images.novelship.com\/product\/nike_c1ty__coveralls___obsidian_thunder_blue__fz38_0_57622.jpeg","twitter_misc":{"Dur\u00e9e de lecture estim\u00e9e":"1 minute"},"schema":{"@context":"https:\/\/schema.org","@graph":[{"@type":"WebPage","@id":"https:\/\/tourcruiser.com\/fr\/products\/nike-c1ty-coveralls-obsidian-thunder-blue\/","url":"https:\/\/tourcruiser.com\/fr\/products\/nike-c1ty-coveralls-obsidian-thunder-blue\/","name":"Nike C1TY \u201d\u02dcCoveralls\u201d\u2122 'Obsidian Thunder Blue' - TOURCRUISER PTE. LTD","isPartOf":{"@id":"https:\/\/tourcruiser.com\/fr\/#website"},"primaryImageOfPage":{"@id":"https:\/\/tourcruiser.com\/fr\/products\/nike-c1ty-coveralls-obsidian-thunder-blue\/#primaryimage"},"image":{"@id":"https:\/\/tourcruiser.com\/fr\/products\/nike-c1ty-coveralls-obsidian-thunder-blue\/#primaryimage"},"thumbnailUrl":"https:\/\/images.novelship.com\/product\/nike_c1ty__coveralls___obsidian_thunder_blue__fz38_0_57622.jpeg","datePublished":"2026-03-02T07:55:52+00:00","dateModified":"2026-03-14T10:58:04+00:00","breadcrumb":{"@id":"https:\/\/tourcruiser.com\/fr\/products\/nike-c1ty-coveralls-obsidian-thunder-blue\/#breadcrumb"},"inLanguage":"fr-FR","potentialAction":[{"@type":"ReadAction","target":["https:\/\/tourcruiser.com\/fr\/products\/nike-c1ty-coveralls-obsidian-thunder-blue\/"]}]},{"@type":"ImageObject","inLanguage":"fr-FR","@id":"https:\/\/tourcruiser.com\/fr\/products\/nike-c1ty-coveralls-obsidian-thunder-blue\/#primaryimage","url":"https:\/\/images.novelship.com\/product\/nike_c1ty__coveralls___obsidian_thunder_blue__fz38_0_57622.jpeg","contentUrl":"https:\/\/images.novelship.com\/product\/nike_c1ty__coveralls___obsidian_thunder_blue__fz38_0_57622.jpeg"},{"@type":"BreadcrumbList","@id":"https:\/\/tourcruiser.com\/fr\/products\/nike-c1ty-coveralls-obsidian-thunder-blue\/#breadcrumb","itemListElement":[{"@type":"ListItem","position":1,"name":"Home","item":"https:\/\/tourcruiser.com\/fr\/"},{"@type":"ListItem","position":2,"name":"Shop","item":"https:\/\/tourcruiser.com\/fr\/shop\/"},{"@type":"ListItem","position":3,"name":"Nike C1TY \u201d\u02dcCoveralls\u201d\u2122 'Obsidian Thunder Blue'"}]},{"@type":"WebSite","@id":"https:\/\/tourcruiser.com\/fr\/#website","url":"https:\/\/tourcruiser.com\/fr\/","name":"Styloral Jewelry Shop","description":"Tourcruiser Sneaker Store \u2014 L\u2019endroit o\u00f9 l\u2019univers rencontre votre singularit\u00e9.","publisher":{"@id":"https:\/\/tourcruiser.com\/fr\/#organization"},"potentialAction":[{"@type":"SearchAction","target":{"@type":"EntryPoint","urlTemplate":"https:\/\/tourcruiser.com\/fr\/?s={search_term_string}"},"query-input":{"@type":"PropertyValueSpecification","valueRequired":true,"valueName":"search_term_string"}}],"inLanguage":"fr-FR"},{"@type":"Organization","@id":"https:\/\/tourcruiser.com\/fr\/#organization","name":"STYLORAL PTE. LTD","url":"https:\/\/tourcruiser.com\/fr\/","logo":{"@type":"ImageObject","inLanguage":"fr-FR","@id":"https:\/\/tourcruiser.com\/fr\/#\/schema\/logo\/image\/","url":"https:\/\/www.tourcruiser.com\/wp-content\/uploads\/2025\/12\/logo.png","contentUrl":"https:\/\/www.tourcruiser.com\/wp-content\/uploads\/2025\/12\/logo.png","width":200,"height":65,"caption":"STYLORAL PTE. LTD"},"image":{"@id":"https:\/\/tourcruiser.com\/fr\/#\/schema\/logo\/image\/"}}]}},"_links":{"self":[{"href":"https:\/\/tourcruiser.com\/fr\/wp-json\/wp\/v2\/product\/41677","targetHints":{"allow":["GET"]}}],"collection":[{"href":"https:\/\/tourcruiser.com\/fr\/wp-json\/wp\/v2\/product"}],"about":[{"href":"https:\/\/tourcruiser.com\/fr\/wp-json\/wp\/v2\/types\/product"}],"replies":[{"embeddable":true,"href":"https:\/\/tourcruiser.com\/fr\/wp-json\/wp\/v2\/comments?post=41677"}],"wp:featuredmedia":[{"embeddable":true,"href":"https:\/\/tourcruiser.com\/fr\/wp-json\/wp\/v2\/media\/41678"}],"wp:attachment":[{"href":"https:\/\/tourcruiser.com\/fr\/wp-json\/wp\/v2\/media?parent=41677"}],"wp:term":[{"taxonomy":"product_brand","embeddable":true,"href":"https:\/\/tourcruiser.com\/fr\/wp-json\/wp\/v2\/product_brand?post=41677"},{"taxonomy":"product_cat","embeddable":true,"href":"https:\/\/tourcruiser.com\/fr\/wp-json\/wp\/v2\/product_cat?post=41677"},{"taxonomy":"product_tag","embeddable":true,"href":"https:\/\/tourcruiser.com\/fr\/wp-json\/wp\/v2\/product_tag?post=41677"}],"curies":[{"name":"wp","href":"https:\/\/api.w.org\/{rel}","templated":true}]}}