{"id":40985,"date":"2026-03-02T14:54:54","date_gmt":"2026-03-02T07:54:54","guid":{"rendered":"http:\/\/tourcruiser.com\/product\/hal-studios-x-asics-gel-kayano-20-bone"},"modified":"2026-03-14T18:19:20","modified_gmt":"2026-03-14T11:19:20","slug":"hal-studios-x-asics-gel-kayano-20-bone","status":"publish","type":"product","link":"https:\/\/tourcruiser.com\/fr\/products\/hal-studios-x-asics-gel-kayano-20-bone\/","title":{"rendered":"HAL STUDIOS x ASICS Gel Kayano 20 &lsquo;Bone&rsquo;"},"content":{"rendered":"<p>La HAL STUDIOS x ASICS Gel Kayano 20 \u00ab\u00a0Bone\u00a0\u00bb 1203A499-250 apporte une touche d&rsquo;originalit\u00e9 \u00e0 votre style. Ce mod\u00e8le en \u00e9dition limit\u00e9e allie modernit\u00e9 et confort, deux qualit\u00e9s reconnues d&rsquo;ASICS. Son coloris \u00ab\u00a0Bone\u00a0\u00bb cr\u00e9e un look polyvalent et \u00e9l\u00e9gant qui s&rsquo;accorde avec toutes vos tenues. Gr\u00e2ce \u00e0 une technologie d&rsquo;amorti avanc\u00e9e et un maintien optimal, ces sneakers offrent un confort maximal, aussi bien au quotidien que lors de vos entra\u00eenements les plus intenses. D\u00e9couvrez la fusion parfaite du style et de la fonctionnalit\u00e9 gr\u00e2ce \u00e0 cette collaboration exclusive.<\/p>\n<ul>\n<li><strong>Coloris\u00a0:<\/strong> Os<\/li>\n<li><strong>R\u00e9f\u00e9rence\u00a0:<\/strong> 1203A499-250<\/li>\n<li><strong>Tige\u00a0:<\/strong> Mesh<\/li>\n<li><strong>Semelle interm\u00e9diaire\u00a0:<\/strong> Gel<\/li>\n<li><strong>Couleur\u00a0:<\/strong> Noir<\/li>\n<li><strong>Saison\u00a0:<\/strong> Automne<\/li>\n<li><strong>Ann\u00e9e de sortie\u00a0:<\/strong> 2024<\/li>\n<\/ul>\n","protected":false},"excerpt":{"rendered":"<p>ASICS Gel Kayano 20 \u201d\u201d Bone<\/p>\n","protected":false},"featured_media":40986,"comment_status":"open","ping_status":"closed","template":"","meta":[],"product_brand":[],"product_cat":[10792],"product_tag":[10791,10750,10753,10754,10765,10768,10758],"class_list":{"0":"post-40985","1":"product","2":"type-product","3":"status-publish","4":"has-post-thumbnail","6":"product_cat-asics","7":"product_tag-asics","8":"product_tag-athleisure-shoes","9":"product_tag-gift-for-him","10":"product_tag-lifestyle-casual-shoes","11":"product_tag-lifestyle-shoes-running-inspired","12":"product_tag-retro-running-shoes","13":"product_tag-under-retail","14":"wcpa_has_options","16":"first","17":"instock","18":"sale","19":"taxable","20":"shipping-taxable","21":"purchasable","22":"product-type-simple"},"wcpa_form_fields":{"rules":{"pric_overide_base_price":false,"pric_overide_base_price_if_gt_zero":false,"pric_overide_base_price_fully":false,"pric_cal_option_once":false,"pric_use_as_fee":false,"bind_quantity":false,"quantity_bind_formula":false},"fields":[{"type":"color-group","required":true,"elementId":"wcpa-color-group-69a5ab08ee12d","label":"Taille","inline":true,"priceOptions":"different_for_all","pricingType":"fixed","className":"hassizechart product-shoes-size-eu product-shoes-size","name":"color-group-69a5ab08ee136","disp_type":"square","selection_type":"tick-border","disp_size":"50","show_label_inside":true,"adjust_width":true,"cart_display_type":"text","other_text":"Other","cl_rule":"show","col":6,"values":[{"label":"36","value":"EU 36","price":"","pimage":"","pimage_id":"","pthumb":"","color":"","selected":true},{"label":"37","value":"EU 37","price":"","pimage":"","pimage_id":"","pthumb":"","color":""},{"label":"37.5","value":"EU 37.5","price":"","pimage":"","pimage_id":"","pthumb":"","color":""},{"label":"38","value":"EU 38","price":"","pimage":"","pimage_id":"","pthumb":"","color":""},{"label":"38.5","value":"EU 38.5","price":"","pimage":"","pimage_id":"","pthumb":"","color":""},{"label":"39","value":"EU 39","price":"","pimage":"","pimage_id":"","pthumb":"","color":""},{"label":"39.5","value":"EU 39.5","price":"","pimage":"","pimage_id":"","pthumb":"","color":""},{"label":"40","value":"EU 40","price":"","pimage":"","pimage_id":"","pthumb":"","color":""},{"label":"40.5","value":"EU 40.5","price":"","pimage":"","pimage_id":"","pthumb":"","color":""},{"label":" 41.5","value":"EU 41.5","price":"","pimage":"","pimage_id":"","pthumb":"","color":""},{"label":"42","value":"EU 42","price":"","pimage":"","pimage_id":"","pthumb":"","color":""},{"label":"42.5","value":"EU 42.5","price":"","pimage":"","pimage_id":"","pthumb":"","color":""},{"label":"43","value":"EU 43","price":"","pimage":"","pimage_id":"","pthumb":"","color":""},{"label":"44","value":"EU 44","price":"","pimage":"","pimage_id":"","pthumb":"","color":""},{"label":"44.5","value":"EU 44.5","price":"","pimage":"","pimage_id":"","pthumb":"","color":""},{"label":"45","value":"EU 45","price":"","pimage":"","pimage_id":"","pthumb":"","color":""},{"label":"45.5","value":"EU 45.5","price":"","pimage":"","pimage_id":"","pthumb":"","color":""},{"label":"46","value":"EU 46","price":"","pimage":"","pimage_id":"","pthumb":"","color":""},{"label":"46.5","value":"EU 46.5","price":"","pimage":"","pimage_id":"","pthumb":"","color":""},{"label":"47","value":"EU 47","price":"","pimage":"","pimage_id":"","pthumb":"","color":""}],"relations":[{"operator":false,"rules":[]}],"form_id":184311,"form_rules":{"pric_cal_option_once":false,"exclude_from_discount":false,"pric_use_as_fee":false,"fee_label":"Fee","render_after_acb":false,"disp_hide_options_price":false}}]},"yoast_head":"<!-- This site is optimized with the Yoast SEO plugin v26.5 - https:\/\/yoast.com\/wordpress\/plugins\/seo\/ -->\n<title>HAL STUDIOS x ASICS Gel Kayano 20 &#039;Bone&#039; - TOURCRUISER PTE. LTD<\/title>\n<meta name=\"robots\" content=\"index, follow, max-snippet:-1, max-image-preview:large, max-video-preview:-1\" \/>\n<link rel=\"canonical\" href=\"https:\/\/tourcruiser.com\/fr\/products\/hal-studios-x-asics-gel-kayano-20-bone\/\" \/>\n<meta property=\"og:locale\" content=\"fr_FR\" \/>\n<meta property=\"og:type\" content=\"article\" \/>\n<meta property=\"og:title\" content=\"HAL STUDIOS x ASICS Gel Kayano 20 &#039;Bone&#039; - TOURCRUISER PTE. LTD\" \/>\n<meta property=\"og:description\" content=\"ASICS Gel Kayano 20 \u201d\u201d Bone\" \/>\n<meta property=\"og:url\" content=\"https:\/\/tourcruiser.com\/fr\/products\/hal-studios-x-asics-gel-kayano-20-bone\/\" \/>\n<meta property=\"og:site_name\" content=\"Tourcruiser Sneaker Store\" \/>\n<meta property=\"article:modified_time\" content=\"2026-03-14T11:19:20+00:00\" \/>\n<meta name=\"twitter:card\" content=\"summary_large_image\" \/>\n<meta name=\"twitter:image\" content=\"https:\/\/images.novelship.com\/product\/hal_studios_x_asics_gel_kayano_20__bone__1203a499-_0_64327.jpeg\" \/>\n<meta name=\"twitter:label1\" content=\"Dur\u00e9e de lecture estim\u00e9e\" \/>\n\t<meta name=\"twitter:data1\" content=\"1 minute\" \/>\n<script type=\"application\/ld+json\" class=\"yoast-schema-graph\">{\"@context\":\"https:\/\/schema.org\",\"@graph\":[{\"@type\":\"WebPage\",\"@id\":\"https:\/\/tourcruiser.com\/fr\/products\/hal-studios-x-asics-gel-kayano-20-bone\/\",\"url\":\"https:\/\/tourcruiser.com\/fr\/products\/hal-studios-x-asics-gel-kayano-20-bone\/\",\"name\":\"HAL STUDIOS x ASICS Gel Kayano 20 'Bone' - TOURCRUISER PTE. LTD\",\"isPartOf\":{\"@id\":\"https:\/\/tourcruiser.com\/fr\/#website\"},\"primaryImageOfPage\":{\"@id\":\"https:\/\/tourcruiser.com\/fr\/products\/hal-studios-x-asics-gel-kayano-20-bone\/#primaryimage\"},\"image\":{\"@id\":\"https:\/\/tourcruiser.com\/fr\/products\/hal-studios-x-asics-gel-kayano-20-bone\/#primaryimage\"},\"thumbnailUrl\":\"https:\/\/images.novelship.com\/product\/hal_studios_x_asics_gel_kayano_20__bone__1203a499-_0_64327.jpeg\",\"datePublished\":\"2026-03-02T07:54:54+00:00\",\"dateModified\":\"2026-03-14T11:19:20+00:00\",\"breadcrumb\":{\"@id\":\"https:\/\/tourcruiser.com\/fr\/products\/hal-studios-x-asics-gel-kayano-20-bone\/#breadcrumb\"},\"inLanguage\":\"fr-FR\",\"potentialAction\":[{\"@type\":\"ReadAction\",\"target\":[\"https:\/\/tourcruiser.com\/fr\/products\/hal-studios-x-asics-gel-kayano-20-bone\/\"]}]},{\"@type\":\"ImageObject\",\"inLanguage\":\"fr-FR\",\"@id\":\"https:\/\/tourcruiser.com\/fr\/products\/hal-studios-x-asics-gel-kayano-20-bone\/#primaryimage\",\"url\":\"https:\/\/images.novelship.com\/product\/hal_studios_x_asics_gel_kayano_20__bone__1203a499-_0_64327.jpeg\",\"contentUrl\":\"https:\/\/images.novelship.com\/product\/hal_studios_x_asics_gel_kayano_20__bone__1203a499-_0_64327.jpeg\"},{\"@type\":\"BreadcrumbList\",\"@id\":\"https:\/\/tourcruiser.com\/fr\/products\/hal-studios-x-asics-gel-kayano-20-bone\/#breadcrumb\",\"itemListElement\":[{\"@type\":\"ListItem\",\"position\":1,\"name\":\"Home\",\"item\":\"https:\/\/tourcruiser.com\/fr\/\"},{\"@type\":\"ListItem\",\"position\":2,\"name\":\"Shop\",\"item\":\"https:\/\/tourcruiser.com\/fr\/shop\/\"},{\"@type\":\"ListItem\",\"position\":3,\"name\":\"HAL STUDIOS x ASICS Gel Kayano 20 'Bone'\"}]},{\"@type\":\"WebSite\",\"@id\":\"https:\/\/tourcruiser.com\/fr\/#website\",\"url\":\"https:\/\/tourcruiser.com\/fr\/\",\"name\":\"Styloral Jewelry Shop\",\"description\":\"Tourcruiser Sneaker Store \u2014 L\u2019endroit o\u00f9 l\u2019univers rencontre votre singularit\u00e9.\",\"publisher\":{\"@id\":\"https:\/\/tourcruiser.com\/fr\/#organization\"},\"potentialAction\":[{\"@type\":\"SearchAction\",\"target\":{\"@type\":\"EntryPoint\",\"urlTemplate\":\"https:\/\/tourcruiser.com\/fr\/?s={search_term_string}\"},\"query-input\":{\"@type\":\"PropertyValueSpecification\",\"valueRequired\":true,\"valueName\":\"search_term_string\"}}],\"inLanguage\":\"fr-FR\"},{\"@type\":\"Organization\",\"@id\":\"https:\/\/tourcruiser.com\/fr\/#organization\",\"name\":\"STYLORAL PTE. LTD\",\"url\":\"https:\/\/tourcruiser.com\/fr\/\",\"logo\":{\"@type\":\"ImageObject\",\"inLanguage\":\"fr-FR\",\"@id\":\"https:\/\/tourcruiser.com\/fr\/#\/schema\/logo\/image\/\",\"url\":\"https:\/\/www.tourcruiser.com\/wp-content\/uploads\/2025\/12\/logo.png\",\"contentUrl\":\"https:\/\/www.tourcruiser.com\/wp-content\/uploads\/2025\/12\/logo.png\",\"width\":200,\"height\":65,\"caption\":\"STYLORAL PTE. LTD\"},\"image\":{\"@id\":\"https:\/\/tourcruiser.com\/fr\/#\/schema\/logo\/image\/\"}}]}<\/script>\n<!-- \/ Yoast SEO plugin. -->","yoast_head_json":{"title":"HAL STUDIOS x ASICS Gel Kayano 20 'Bone' - TOURCRUISER PTE. LTD","robots":{"index":"index","follow":"follow","max-snippet":"max-snippet:-1","max-image-preview":"max-image-preview:large","max-video-preview":"max-video-preview:-1"},"canonical":"https:\/\/tourcruiser.com\/fr\/products\/hal-studios-x-asics-gel-kayano-20-bone\/","og_locale":"fr_FR","og_type":"article","og_title":"HAL STUDIOS x ASICS Gel Kayano 20 'Bone' - TOURCRUISER PTE. LTD","og_description":"ASICS Gel Kayano 20 \u201d\u201d Bone","og_url":"https:\/\/tourcruiser.com\/fr\/products\/hal-studios-x-asics-gel-kayano-20-bone\/","og_site_name":"Tourcruiser Sneaker Store","article_modified_time":"2026-03-14T11:19:20+00:00","twitter_card":"summary_large_image","twitter_image":"https:\/\/images.novelship.com\/product\/hal_studios_x_asics_gel_kayano_20__bone__1203a499-_0_64327.jpeg","twitter_misc":{"Dur\u00e9e de lecture estim\u00e9e":"1 minute"},"schema":{"@context":"https:\/\/schema.org","@graph":[{"@type":"WebPage","@id":"https:\/\/tourcruiser.com\/fr\/products\/hal-studios-x-asics-gel-kayano-20-bone\/","url":"https:\/\/tourcruiser.com\/fr\/products\/hal-studios-x-asics-gel-kayano-20-bone\/","name":"HAL STUDIOS x ASICS Gel Kayano 20 'Bone' - TOURCRUISER PTE. LTD","isPartOf":{"@id":"https:\/\/tourcruiser.com\/fr\/#website"},"primaryImageOfPage":{"@id":"https:\/\/tourcruiser.com\/fr\/products\/hal-studios-x-asics-gel-kayano-20-bone\/#primaryimage"},"image":{"@id":"https:\/\/tourcruiser.com\/fr\/products\/hal-studios-x-asics-gel-kayano-20-bone\/#primaryimage"},"thumbnailUrl":"https:\/\/images.novelship.com\/product\/hal_studios_x_asics_gel_kayano_20__bone__1203a499-_0_64327.jpeg","datePublished":"2026-03-02T07:54:54+00:00","dateModified":"2026-03-14T11:19:20+00:00","breadcrumb":{"@id":"https:\/\/tourcruiser.com\/fr\/products\/hal-studios-x-asics-gel-kayano-20-bone\/#breadcrumb"},"inLanguage":"fr-FR","potentialAction":[{"@type":"ReadAction","target":["https:\/\/tourcruiser.com\/fr\/products\/hal-studios-x-asics-gel-kayano-20-bone\/"]}]},{"@type":"ImageObject","inLanguage":"fr-FR","@id":"https:\/\/tourcruiser.com\/fr\/products\/hal-studios-x-asics-gel-kayano-20-bone\/#primaryimage","url":"https:\/\/images.novelship.com\/product\/hal_studios_x_asics_gel_kayano_20__bone__1203a499-_0_64327.jpeg","contentUrl":"https:\/\/images.novelship.com\/product\/hal_studios_x_asics_gel_kayano_20__bone__1203a499-_0_64327.jpeg"},{"@type":"BreadcrumbList","@id":"https:\/\/tourcruiser.com\/fr\/products\/hal-studios-x-asics-gel-kayano-20-bone\/#breadcrumb","itemListElement":[{"@type":"ListItem","position":1,"name":"Home","item":"https:\/\/tourcruiser.com\/fr\/"},{"@type":"ListItem","position":2,"name":"Shop","item":"https:\/\/tourcruiser.com\/fr\/shop\/"},{"@type":"ListItem","position":3,"name":"HAL STUDIOS x ASICS Gel Kayano 20 'Bone'"}]},{"@type":"WebSite","@id":"https:\/\/tourcruiser.com\/fr\/#website","url":"https:\/\/tourcruiser.com\/fr\/","name":"Styloral Jewelry Shop","description":"Tourcruiser Sneaker Store \u2014 L\u2019endroit o\u00f9 l\u2019univers rencontre votre singularit\u00e9.","publisher":{"@id":"https:\/\/tourcruiser.com\/fr\/#organization"},"potentialAction":[{"@type":"SearchAction","target":{"@type":"EntryPoint","urlTemplate":"https:\/\/tourcruiser.com\/fr\/?s={search_term_string}"},"query-input":{"@type":"PropertyValueSpecification","valueRequired":true,"valueName":"search_term_string"}}],"inLanguage":"fr-FR"},{"@type":"Organization","@id":"https:\/\/tourcruiser.com\/fr\/#organization","name":"STYLORAL PTE. LTD","url":"https:\/\/tourcruiser.com\/fr\/","logo":{"@type":"ImageObject","inLanguage":"fr-FR","@id":"https:\/\/tourcruiser.com\/fr\/#\/schema\/logo\/image\/","url":"https:\/\/www.tourcruiser.com\/wp-content\/uploads\/2025\/12\/logo.png","contentUrl":"https:\/\/www.tourcruiser.com\/wp-content\/uploads\/2025\/12\/logo.png","width":200,"height":65,"caption":"STYLORAL PTE. LTD"},"image":{"@id":"https:\/\/tourcruiser.com\/fr\/#\/schema\/logo\/image\/"}}]}},"_links":{"self":[{"href":"https:\/\/tourcruiser.com\/fr\/wp-json\/wp\/v2\/product\/40985","targetHints":{"allow":["GET"]}}],"collection":[{"href":"https:\/\/tourcruiser.com\/fr\/wp-json\/wp\/v2\/product"}],"about":[{"href":"https:\/\/tourcruiser.com\/fr\/wp-json\/wp\/v2\/types\/product"}],"replies":[{"embeddable":true,"href":"https:\/\/tourcruiser.com\/fr\/wp-json\/wp\/v2\/comments?post=40985"}],"wp:featuredmedia":[{"embeddable":true,"href":"https:\/\/tourcruiser.com\/fr\/wp-json\/wp\/v2\/media\/40986"}],"wp:attachment":[{"href":"https:\/\/tourcruiser.com\/fr\/wp-json\/wp\/v2\/media?parent=40985"}],"wp:term":[{"taxonomy":"product_brand","embeddable":true,"href":"https:\/\/tourcruiser.com\/fr\/wp-json\/wp\/v2\/product_brand?post=40985"},{"taxonomy":"product_cat","embeddable":true,"href":"https:\/\/tourcruiser.com\/fr\/wp-json\/wp\/v2\/product_cat?post=40985"},{"taxonomy":"product_tag","embeddable":true,"href":"https:\/\/tourcruiser.com\/fr\/wp-json\/wp\/v2\/product_tag?post=40985"}],"curies":[{"name":"wp","href":"https:\/\/api.w.org\/{rel}","templated":true}]}}