{"id":40805,"date":"2026-03-02T14:54:37","date_gmt":"2026-03-02T07:54:37","guid":{"rendered":"http:\/\/tourcruiser.com\/product\/adidas-mercedes-amg-petronas-f1-team-supernova-rise-2-m-core-blackcore-blacksemi-mint-rush"},"modified":"2026-03-14T18:18:35","modified_gmt":"2026-03-14T11:18:35","slug":"adidas-mercedes-amg-petronas-f1-team-supernova-rise-2-m-core-blackcore-blacksemi-mint-rush","status":"publish","type":"product","link":"https:\/\/tourcruiser.com\/fr\/products\/adidas-mercedes-amg-petronas-f1-team-supernova-rise-2-m-core-blackcore-blacksemi-mint-rush\/","title":{"rendered":"Adidas MERCEDES-AMG PETRONAS F1 Team Supernova Rise 2 M Core Black\/Core Black\/Semi Mint Rush"},"content":{"rendered":"<p>D\u00e9couvrez un style et des performances in\u00e9gal\u00e9s avec les sneakers Adidas MERCEDES-AMG PETRONAS F1 Team Supernova Rise 2 M. Confectionn\u00e9es en cuir Core Black \u00e9l\u00e9gant rehauss\u00e9 de touches de vert menthe \u00e9clatant, ces chaussures incarnent l&rsquo;esprit des champions. Con\u00e7ues pour le confort et la durabilit\u00e9, elles offrent un maintien optimal lors des entra\u00eenements intensifs comme au quotidien. Ce mod\u00e8le en \u00e9dition limit\u00e9e allie parfaitement sport et mode et est un incontournable pour les passionn\u00e9s de sport automobile et les influenceurs. Adoptez les nouveaux styles d\u00e8s aujourd&rsquo;hui gr\u00e2ce \u00e0 l&rsquo;innovation Adidas.<\/p>\n","protected":false},"excerpt":{"rendered":"<p>adidas Supernova Rise 2 \u201d\u201d Core Black\/Core Black\/Semi Mint Rush<\/p>\n","protected":false},"featured_media":40806,"comment_status":"open","ping_status":"closed","template":"","meta":[],"product_brand":[],"product_cat":[10760],"product_tag":[10759,11094,11095,11053,10839,10758],"class_list":{"0":"post-40805","1":"product","2":"type-product","3":"status-publish","4":"has-post-thumbnail","6":"product_cat-adidas","7":"product_tag-adidas","8":"product_tag-kids-running-shoes","9":"product_tag-kids-sport-performance-shoes","10":"product_tag-lightweight-running-shoes","11":"product_tag-performance-running-shoes","12":"product_tag-under-retail","13":"wcpa_has_options","15":"first","16":"instock","17":"sale","18":"taxable","19":"shipping-taxable","20":"purchasable","21":"product-type-simple"},"wcpa_form_fields":{"rules":{"pric_overide_base_price":false,"pric_overide_base_price_if_gt_zero":false,"pric_overide_base_price_fully":false,"pric_cal_option_once":false,"pric_use_as_fee":false,"bind_quantity":false,"quantity_bind_formula":false},"fields":[{"type":"color-group","required":true,"elementId":"wcpa-color-group-66c4a7f817afe","label":"Taille","inline":true,"priceOptions":"different_for_all","pricingType":"fixed","className":"hassizechart product-shoes-size-eu product-shoes-size","name":"color-group-66c4a7f817b18","disp_type":"square","selection_type":"tick-border","disp_size":"50","show_label_inside":true,"adjust_width":true,"cart_display_type":"text","other_text":"Other","cl_rule":"show","col":6,"values":[{"label":"35","value":"EU 35","price":"","pimage":"","pimage_id":"","pthumb":"","color":""},{"label":"35.5","value":"EU 35.5","price":"","pimage":"","pimage_id":"","pthumb":"","color":""},{"label":"36","value":"EU 36","price":"","pimage":"","pimage_id":"","pthumb":"","color":"","selected":true},{"label":"36 2\/3","value":"EU 36 2\/3","price":"","pimage":"","pimage_id":"","pthumb":"","color":""},{"label":"37 1\/3","value":"EU 37 1\/3","price":"","pimage":"","pimage_id":"","pthumb":"","color":""},{"label":"38","value":"EU 38","price":"","pimage":"","pimage_id":"","pthumb":"","color":""},{"label":"38 2\/3","value":"EU 38 2\/3","price":"","pimage":"","pimage_id":"","pthumb":"","color":""},{"label":"39 1\/3","value":"EU 39 1\/3","price":"","pimage":"","pimage_id":"","pthumb":"","color":""},{"label":"40","value":"EU 40","price":"","pimage":"","pimage_id":"","pthumb":"","color":""},{"label":"40 2\/3","value":"EU 40 2\/3","price":"","pimage":"","pimage_id":"","pthumb":"","color":""},{"label":"41 1\/3","value":"EU 41 1\/3","price":"","pimage":"","pimage_id":"","pthumb":"","color":""},{"label":"42","value":"EU 42","price":"","pimage":"","pimage_id":"","pthumb":"","color":""},{"label":"42 2\/3","value":"EU 42 2\/3","price":"","pimage":"","pimage_id":"","pthumb":"","color":""},{"label":"43 1\/3","value":"EU 43 1\/3","price":"","pimage":"","pimage_id":"","pthumb":"","color":""},{"label":"44","value":"EU 44","price":"","pimage":"","pimage_id":"","pthumb":"","color":""},{"label":"44 2\/3","value":"EU 44 2\/3","price":"","pimage":"","pimage_id":"","pthumb":"","color":""},{"label":"45 1\/3","value":"EU 45 1\/3","price":"","pimage":"","pimage_id":"","pthumb":"","color":""},{"label":"46","value":"EU 46","price":"","pimage":"","pimage_id":"","pthumb":"","color":""},{"label":"46 2\/3","value":"EU 46 2\/3","price":"","pimage":"","pimage_id":"","pthumb":"","color":""},{"label":"47 1\/3","value":"EU 47 1\/3","price":"","pimage":"","pimage_id":"","pthumb":"","color":""}],"relations":[{"operator":false,"rules":[]}],"form_id":24802,"form_rules":{"pric_cal_option_once":false,"exclude_from_discount":false,"pric_use_as_fee":false,"fee_label":"Fee","render_after_acb":false,"disp_hide_options_price":false}}]},"yoast_head":"<!-- This site is optimized with the Yoast SEO plugin v26.5 - https:\/\/yoast.com\/wordpress\/plugins\/seo\/ -->\n<title>Adidas MERCEDES-AMG PETRONAS F1 Team Supernova Rise 2 M Core Black\/Core Black\/Semi Mint Rush - TOURCRUISER PTE. LTD<\/title>\n<meta name=\"robots\" content=\"index, follow, max-snippet:-1, max-image-preview:large, max-video-preview:-1\" \/>\n<link rel=\"canonical\" href=\"https:\/\/tourcruiser.com\/fr\/products\/adidas-mercedes-amg-petronas-f1-team-supernova-rise-2-m-core-blackcore-blacksemi-mint-rush\/\" \/>\n<meta property=\"og:locale\" content=\"fr_FR\" \/>\n<meta property=\"og:type\" content=\"article\" \/>\n<meta property=\"og:title\" content=\"Adidas MERCEDES-AMG PETRONAS F1 Team Supernova Rise 2 M Core Black\/Core Black\/Semi Mint Rush - TOURCRUISER PTE. LTD\" \/>\n<meta property=\"og:description\" content=\"adidas Supernova Rise 2 \u201d\u201d Core Black\/Core Black\/Semi Mint Rush\" \/>\n<meta property=\"og:url\" content=\"https:\/\/tourcruiser.com\/fr\/products\/adidas-mercedes-amg-petronas-f1-team-supernova-rise-2-m-core-blackcore-blacksemi-mint-rush\/\" \/>\n<meta property=\"og:site_name\" content=\"Tourcruiser Sneaker Store\" \/>\n<meta property=\"article:modified_time\" content=\"2026-03-14T11:18:35+00:00\" \/>\n<meta name=\"twitter:card\" content=\"summary_large_image\" \/>\n<meta name=\"twitter:image\" content=\"https:\/\/images.novelship.com\/product\/adidas_mercedes-amg_petronas_f1_team_supernova_ris_0_90746.jpeg\" \/>\n<meta name=\"twitter:label1\" content=\"Dur\u00e9e de lecture estim\u00e9e\" \/>\n\t<meta name=\"twitter:data1\" content=\"1 minute\" \/>\n<script type=\"application\/ld+json\" class=\"yoast-schema-graph\">{\"@context\":\"https:\/\/schema.org\",\"@graph\":[{\"@type\":\"WebPage\",\"@id\":\"https:\/\/tourcruiser.com\/fr\/products\/adidas-mercedes-amg-petronas-f1-team-supernova-rise-2-m-core-blackcore-blacksemi-mint-rush\/\",\"url\":\"https:\/\/tourcruiser.com\/fr\/products\/adidas-mercedes-amg-petronas-f1-team-supernova-rise-2-m-core-blackcore-blacksemi-mint-rush\/\",\"name\":\"Adidas MERCEDES-AMG PETRONAS F1 Team Supernova Rise 2 M Core Black\/Core Black\/Semi Mint Rush - TOURCRUISER PTE. LTD\",\"isPartOf\":{\"@id\":\"https:\/\/tourcruiser.com\/fr\/#website\"},\"primaryImageOfPage\":{\"@id\":\"https:\/\/tourcruiser.com\/fr\/products\/adidas-mercedes-amg-petronas-f1-team-supernova-rise-2-m-core-blackcore-blacksemi-mint-rush\/#primaryimage\"},\"image\":{\"@id\":\"https:\/\/tourcruiser.com\/fr\/products\/adidas-mercedes-amg-petronas-f1-team-supernova-rise-2-m-core-blackcore-blacksemi-mint-rush\/#primaryimage\"},\"thumbnailUrl\":\"https:\/\/images.novelship.com\/product\/adidas_mercedes-amg_petronas_f1_team_supernova_ris_0_90746.jpeg\",\"datePublished\":\"2026-03-02T07:54:37+00:00\",\"dateModified\":\"2026-03-14T11:18:35+00:00\",\"breadcrumb\":{\"@id\":\"https:\/\/tourcruiser.com\/fr\/products\/adidas-mercedes-amg-petronas-f1-team-supernova-rise-2-m-core-blackcore-blacksemi-mint-rush\/#breadcrumb\"},\"inLanguage\":\"fr-FR\",\"potentialAction\":[{\"@type\":\"ReadAction\",\"target\":[\"https:\/\/tourcruiser.com\/fr\/products\/adidas-mercedes-amg-petronas-f1-team-supernova-rise-2-m-core-blackcore-blacksemi-mint-rush\/\"]}]},{\"@type\":\"ImageObject\",\"inLanguage\":\"fr-FR\",\"@id\":\"https:\/\/tourcruiser.com\/fr\/products\/adidas-mercedes-amg-petronas-f1-team-supernova-rise-2-m-core-blackcore-blacksemi-mint-rush\/#primaryimage\",\"url\":\"https:\/\/images.novelship.com\/product\/adidas_mercedes-amg_petronas_f1_team_supernova_ris_0_90746.jpeg\",\"contentUrl\":\"https:\/\/images.novelship.com\/product\/adidas_mercedes-amg_petronas_f1_team_supernova_ris_0_90746.jpeg\"},{\"@type\":\"BreadcrumbList\",\"@id\":\"https:\/\/tourcruiser.com\/fr\/products\/adidas-mercedes-amg-petronas-f1-team-supernova-rise-2-m-core-blackcore-blacksemi-mint-rush\/#breadcrumb\",\"itemListElement\":[{\"@type\":\"ListItem\",\"position\":1,\"name\":\"Home\",\"item\":\"https:\/\/tourcruiser.com\/fr\/\"},{\"@type\":\"ListItem\",\"position\":2,\"name\":\"Shop\",\"item\":\"https:\/\/tourcruiser.com\/fr\/shop\/\"},{\"@type\":\"ListItem\",\"position\":3,\"name\":\"Adidas MERCEDES-AMG PETRONAS F1 Team Supernova Rise 2 M Core Black\/Core Black\/Semi Mint Rush\"}]},{\"@type\":\"WebSite\",\"@id\":\"https:\/\/tourcruiser.com\/fr\/#website\",\"url\":\"https:\/\/tourcruiser.com\/fr\/\",\"name\":\"Styloral Jewelry Shop\",\"description\":\"Tourcruiser Sneaker Store \u2014 L\u2019endroit o\u00f9 l\u2019univers rencontre votre singularit\u00e9.\",\"publisher\":{\"@id\":\"https:\/\/tourcruiser.com\/fr\/#organization\"},\"potentialAction\":[{\"@type\":\"SearchAction\",\"target\":{\"@type\":\"EntryPoint\",\"urlTemplate\":\"https:\/\/tourcruiser.com\/fr\/?s={search_term_string}\"},\"query-input\":{\"@type\":\"PropertyValueSpecification\",\"valueRequired\":true,\"valueName\":\"search_term_string\"}}],\"inLanguage\":\"fr-FR\"},{\"@type\":\"Organization\",\"@id\":\"https:\/\/tourcruiser.com\/fr\/#organization\",\"name\":\"STYLORAL PTE. LTD\",\"url\":\"https:\/\/tourcruiser.com\/fr\/\",\"logo\":{\"@type\":\"ImageObject\",\"inLanguage\":\"fr-FR\",\"@id\":\"https:\/\/tourcruiser.com\/fr\/#\/schema\/logo\/image\/\",\"url\":\"https:\/\/www.tourcruiser.com\/wp-content\/uploads\/2025\/12\/logo.png\",\"contentUrl\":\"https:\/\/www.tourcruiser.com\/wp-content\/uploads\/2025\/12\/logo.png\",\"width\":200,\"height\":65,\"caption\":\"STYLORAL PTE. LTD\"},\"image\":{\"@id\":\"https:\/\/tourcruiser.com\/fr\/#\/schema\/logo\/image\/\"}}]}<\/script>\n<!-- \/ Yoast SEO plugin. -->","yoast_head_json":{"title":"Adidas MERCEDES-AMG PETRONAS F1 Team Supernova Rise 2 M Core Black\/Core Black\/Semi Mint Rush - TOURCRUISER PTE. LTD","robots":{"index":"index","follow":"follow","max-snippet":"max-snippet:-1","max-image-preview":"max-image-preview:large","max-video-preview":"max-video-preview:-1"},"canonical":"https:\/\/tourcruiser.com\/fr\/products\/adidas-mercedes-amg-petronas-f1-team-supernova-rise-2-m-core-blackcore-blacksemi-mint-rush\/","og_locale":"fr_FR","og_type":"article","og_title":"Adidas MERCEDES-AMG PETRONAS F1 Team Supernova Rise 2 M Core Black\/Core Black\/Semi Mint Rush - TOURCRUISER PTE. LTD","og_description":"adidas Supernova Rise 2 \u201d\u201d Core Black\/Core Black\/Semi Mint Rush","og_url":"https:\/\/tourcruiser.com\/fr\/products\/adidas-mercedes-amg-petronas-f1-team-supernova-rise-2-m-core-blackcore-blacksemi-mint-rush\/","og_site_name":"Tourcruiser Sneaker Store","article_modified_time":"2026-03-14T11:18:35+00:00","twitter_card":"summary_large_image","twitter_image":"https:\/\/images.novelship.com\/product\/adidas_mercedes-amg_petronas_f1_team_supernova_ris_0_90746.jpeg","twitter_misc":{"Dur\u00e9e de lecture estim\u00e9e":"1 minute"},"schema":{"@context":"https:\/\/schema.org","@graph":[{"@type":"WebPage","@id":"https:\/\/tourcruiser.com\/fr\/products\/adidas-mercedes-amg-petronas-f1-team-supernova-rise-2-m-core-blackcore-blacksemi-mint-rush\/","url":"https:\/\/tourcruiser.com\/fr\/products\/adidas-mercedes-amg-petronas-f1-team-supernova-rise-2-m-core-blackcore-blacksemi-mint-rush\/","name":"Adidas MERCEDES-AMG PETRONAS F1 Team Supernova Rise 2 M Core Black\/Core Black\/Semi Mint Rush - TOURCRUISER PTE. LTD","isPartOf":{"@id":"https:\/\/tourcruiser.com\/fr\/#website"},"primaryImageOfPage":{"@id":"https:\/\/tourcruiser.com\/fr\/products\/adidas-mercedes-amg-petronas-f1-team-supernova-rise-2-m-core-blackcore-blacksemi-mint-rush\/#primaryimage"},"image":{"@id":"https:\/\/tourcruiser.com\/fr\/products\/adidas-mercedes-amg-petronas-f1-team-supernova-rise-2-m-core-blackcore-blacksemi-mint-rush\/#primaryimage"},"thumbnailUrl":"https:\/\/images.novelship.com\/product\/adidas_mercedes-amg_petronas_f1_team_supernova_ris_0_90746.jpeg","datePublished":"2026-03-02T07:54:37+00:00","dateModified":"2026-03-14T11:18:35+00:00","breadcrumb":{"@id":"https:\/\/tourcruiser.com\/fr\/products\/adidas-mercedes-amg-petronas-f1-team-supernova-rise-2-m-core-blackcore-blacksemi-mint-rush\/#breadcrumb"},"inLanguage":"fr-FR","potentialAction":[{"@type":"ReadAction","target":["https:\/\/tourcruiser.com\/fr\/products\/adidas-mercedes-amg-petronas-f1-team-supernova-rise-2-m-core-blackcore-blacksemi-mint-rush\/"]}]},{"@type":"ImageObject","inLanguage":"fr-FR","@id":"https:\/\/tourcruiser.com\/fr\/products\/adidas-mercedes-amg-petronas-f1-team-supernova-rise-2-m-core-blackcore-blacksemi-mint-rush\/#primaryimage","url":"https:\/\/images.novelship.com\/product\/adidas_mercedes-amg_petronas_f1_team_supernova_ris_0_90746.jpeg","contentUrl":"https:\/\/images.novelship.com\/product\/adidas_mercedes-amg_petronas_f1_team_supernova_ris_0_90746.jpeg"},{"@type":"BreadcrumbList","@id":"https:\/\/tourcruiser.com\/fr\/products\/adidas-mercedes-amg-petronas-f1-team-supernova-rise-2-m-core-blackcore-blacksemi-mint-rush\/#breadcrumb","itemListElement":[{"@type":"ListItem","position":1,"name":"Home","item":"https:\/\/tourcruiser.com\/fr\/"},{"@type":"ListItem","position":2,"name":"Shop","item":"https:\/\/tourcruiser.com\/fr\/shop\/"},{"@type":"ListItem","position":3,"name":"Adidas MERCEDES-AMG PETRONAS F1 Team Supernova Rise 2 M Core Black\/Core Black\/Semi Mint Rush"}]},{"@type":"WebSite","@id":"https:\/\/tourcruiser.com\/fr\/#website","url":"https:\/\/tourcruiser.com\/fr\/","name":"Styloral Jewelry Shop","description":"Tourcruiser Sneaker Store \u2014 L\u2019endroit o\u00f9 l\u2019univers rencontre votre singularit\u00e9.","publisher":{"@id":"https:\/\/tourcruiser.com\/fr\/#organization"},"potentialAction":[{"@type":"SearchAction","target":{"@type":"EntryPoint","urlTemplate":"https:\/\/tourcruiser.com\/fr\/?s={search_term_string}"},"query-input":{"@type":"PropertyValueSpecification","valueRequired":true,"valueName":"search_term_string"}}],"inLanguage":"fr-FR"},{"@type":"Organization","@id":"https:\/\/tourcruiser.com\/fr\/#organization","name":"STYLORAL PTE. LTD","url":"https:\/\/tourcruiser.com\/fr\/","logo":{"@type":"ImageObject","inLanguage":"fr-FR","@id":"https:\/\/tourcruiser.com\/fr\/#\/schema\/logo\/image\/","url":"https:\/\/www.tourcruiser.com\/wp-content\/uploads\/2025\/12\/logo.png","contentUrl":"https:\/\/www.tourcruiser.com\/wp-content\/uploads\/2025\/12\/logo.png","width":200,"height":65,"caption":"STYLORAL PTE. LTD"},"image":{"@id":"https:\/\/tourcruiser.com\/fr\/#\/schema\/logo\/image\/"}}]}},"_links":{"self":[{"href":"https:\/\/tourcruiser.com\/fr\/wp-json\/wp\/v2\/product\/40805","targetHints":{"allow":["GET"]}}],"collection":[{"href":"https:\/\/tourcruiser.com\/fr\/wp-json\/wp\/v2\/product"}],"about":[{"href":"https:\/\/tourcruiser.com\/fr\/wp-json\/wp\/v2\/types\/product"}],"replies":[{"embeddable":true,"href":"https:\/\/tourcruiser.com\/fr\/wp-json\/wp\/v2\/comments?post=40805"}],"wp:featuredmedia":[{"embeddable":true,"href":"https:\/\/tourcruiser.com\/fr\/wp-json\/wp\/v2\/media\/40806"}],"wp:attachment":[{"href":"https:\/\/tourcruiser.com\/fr\/wp-json\/wp\/v2\/media?parent=40805"}],"wp:term":[{"taxonomy":"product_brand","embeddable":true,"href":"https:\/\/tourcruiser.com\/fr\/wp-json\/wp\/v2\/product_brand?post=40805"},{"taxonomy":"product_cat","embeddable":true,"href":"https:\/\/tourcruiser.com\/fr\/wp-json\/wp\/v2\/product_cat?post=40805"},{"taxonomy":"product_tag","embeddable":true,"href":"https:\/\/tourcruiser.com\/fr\/wp-json\/wp\/v2\/product_tag?post=40805"}],"curies":[{"name":"wp","href":"https:\/\/api.w.org\/{rel}","templated":true}]}}