{"id":35847,"date":"2026-03-02T14:47:27","date_gmt":"2026-03-02T07:47:27","guid":{"rendered":"http:\/\/tourcruiser.com\/product\/caitlin-clark-x-nike-zoom-kobe-6-protro-light-armory-blue"},"modified":"2026-03-14T18:11:58","modified_gmt":"2026-03-14T11:11:58","slug":"caitlin-clark-x-nike-zoom-kobe-6-protro-light-armory-blue","status":"publish","type":"product","link":"https:\/\/tourcruiser.com\/fr\/products\/caitlin-clark-x-nike-zoom-kobe-6-protro-light-armory-blue\/","title":{"rendered":"Caitlin Clark x Nike Zoom Kobe 6 Protro &lsquo;Light Armory Blue&rsquo;"},"content":{"rendered":"<p>Passez au niveau sup\u00e9rieur avec la Caitlin Clark x Nike Zoom Kobe 6 Protro \u00ab Light Armory Blue \u00bb, une chaussure de basketball haute performance d\u00e9velopp\u00e9e en collaboration avec la l\u00e9gende du basketball. Cette sneaker combine la technologie innovante de la Kobe 6 Protro \u00e0 la vision unique de Caitlin Clark, offrant une r\u00e9activit\u00e9 et un confort exceptionnels aux joueuses les plus exigeantes. L&rsquo;\u00e9l\u00e9gant coloris Light Armory Blue arbore une esth\u00e9tique \u00e0 la fois saisissante et discr\u00e8te, alliant style et fonctionnalit\u00e9 sur et en dehors du terrain. Con\u00e7ue pour l&rsquo;agilit\u00e9 et l&rsquo;explosivit\u00e9, la chaussure est dot\u00e9e d&rsquo;un amorti avanc\u00e9 et d&rsquo;une semelle ext\u00e9rieure renforc\u00e9e pour une adh\u00e9rence maximale. Les mat\u00e9riaux l\u00e9gers et r\u00e9sistants offrent un maintien in\u00e9gal\u00e9, permettant aux athl\u00e8tes de dominer chaque match en toute confiance. Id\u00e9ale pour les fans de basketball et les collectionneurs de sneakers : cette \u00e9dition limit\u00e9e allie parfaitement performance et design. Coloris : Light Armory Blue\/Blanc\/Bleu Baltique. Code article : IO3672-400. Mati\u00e8re ext\u00e9rieure : Synth\u00e9tique. Semelle interm\u00e9diaire : Zoom Air. Couleur : Bleu. Designer : Eric Avar.<\/p>\n","protected":false},"excerpt":{"rendered":"<p>Nike Kobe 6 \u201d\u201d Light Armory Blue\/White\/Baltic Blue<\/p>\n","protected":false},"featured_media":35848,"comment_status":"open","ping_status":"closed","template":"","meta":[],"product_brand":[],"product_cat":[10803],"product_tag":[10799,10800,10801,10802],"class_list":{"0":"post-35847","1":"product","2":"type-product","3":"status-publish","4":"has-post-thumbnail","6":"product_cat-nike","7":"product_tag-ankle-support-basketball-shoes","8":"product_tag-basketball-shoes","9":"product_tag-nike","10":"product_tag-performance-sport-shoes","11":"wcpa_has_options","13":"first","14":"instock","15":"taxable","16":"shipping-taxable","17":"purchasable","18":"product-type-simple"},"wcpa_form_fields":{"rules":{"pric_overide_base_price":false,"pric_overide_base_price_if_gt_zero":false,"pric_overide_base_price_fully":false,"pric_cal_option_once":false,"pric_use_as_fee":false,"bind_quantity":false,"quantity_bind_formula":false},"fields":[{"type":"color-group","required":true,"elementId":"wcpa-color-group-66c4a75505e74","label":"Taille","inline":true,"priceOptions":"different_for_all","pricingType":"fixed","className":"hassizechart product-shoes-size-eu product-shoes-size","name":"color-group-66c4a75505e89","disp_type":"square","selection_type":"tick-border","disp_size":"44","show_label_inside":true,"adjust_width":true,"cart_display_type":"text","other_text":"Other","cl_rule":"show","col":6,"values":[{"label":"35.5","value":"EU 35.5","price":"","pimage":"","pimage_id":"","pthumb":"","color":""},{"label":"36","value":"EU 36","price":"","pimage":"","pimage_id":"","pthumb":"","color":"","selected":true},{"label":"36.5","value":"EU 36.5","price":"","pimage":"","pimage_id":"","pthumb":"","color":""},{"label":"37.5","value":"EU 37.5","price":"","pimage":"","pimage_id":"","pthumb":"","color":""},{"label":"38","value":"EU 38","price":"","pimage":"","pimage_id":"","pthumb":"","color":""},{"label":"38.5","value":"EU 38.5","price":"","pimage":"","pimage_id":"","pthumb":"","color":""},{"label":"39","value":"EU 39","price":"","pimage":"","pimage_id":"","pthumb":"","color":""},{"label":"40","value":"EU 40","price":"","pimage":"","pimage_id":"","pthumb":"","color":""},{"label":"40.5","value":"EU 40.5","price":"","pimage":"","pimage_id":"","pthumb":"","color":""},{"label":"41","value":"EU 41","price":"","pimage":"","pimage_id":"","pthumb":"","color":""},{"label":"42","value":"EU 42","price":"","pimage":"","pimage_id":"","pthumb":"","color":""},{"label":"42.5","value":"EU 42.5","price":"","pimage":"","pimage_id":"","pthumb":"","color":""},{"label":"43","value":"EU 43","price":"","pimage":"","pimage_id":"","pthumb":"","color":""},{"label":"44","value":"EU 44","price":"","pimage":"","pimage_id":"","pthumb":"","color":""},{"label":"44.5","value":"EU 44.5","price":"","pimage":"","pimage_id":"","pthumb":"","color":""},{"label":"45","value":"EU 45","price":"","pimage":"","pimage_id":"","pthumb":"","color":""},{"label":"45.5","value":"EU 45.5","price":"","pimage":"","pimage_id":"","pthumb":"","color":""},{"label":"46","value":"EU 46","price":"","pimage":"","pimage_id":"","pthumb":"","color":""},{"label":"47","value":"EU 47","price":"","pimage":"","pimage_id":"","pthumb":"","color":""},{"label":"47.5","value":"EU 47.5","price":"","pimage":"","pimage_id":"","pthumb":"","color":""},{"label":"48","value":"EU 48","price":"","pimage":"","pimage_id":"","pthumb":"","color":""}],"relations":[{"operator":false,"rules":[]}],"form_id":18106,"form_rules":{"pric_cal_option_once":false,"exclude_from_discount":false,"pric_use_as_fee":false,"fee_label":"Fee","render_after_acb":false,"disp_hide_options_price":false}}]},"yoast_head":"<!-- This site is optimized with the Yoast SEO plugin v26.5 - https:\/\/yoast.com\/wordpress\/plugins\/seo\/ -->\n<title>Caitlin Clark x Nike Zoom Kobe 6 Protro &#039;Light Armory Blue&#039; - TOURCRUISER PTE. LTD<\/title>\n<meta name=\"robots\" content=\"index, follow, max-snippet:-1, max-image-preview:large, max-video-preview:-1\" \/>\n<link rel=\"canonical\" href=\"https:\/\/tourcruiser.com\/fr\/products\/caitlin-clark-x-nike-zoom-kobe-6-protro-light-armory-blue\/\" \/>\n<meta property=\"og:locale\" content=\"fr_FR\" \/>\n<meta property=\"og:type\" content=\"article\" \/>\n<meta property=\"og:title\" content=\"Caitlin Clark x Nike Zoom Kobe 6 Protro &#039;Light Armory Blue&#039; - TOURCRUISER PTE. LTD\" \/>\n<meta property=\"og:description\" content=\"Nike Kobe 6 \u201d\u201d Light Armory Blue\/White\/Baltic Blue\" \/>\n<meta property=\"og:url\" content=\"https:\/\/tourcruiser.com\/fr\/products\/caitlin-clark-x-nike-zoom-kobe-6-protro-light-armory-blue\/\" \/>\n<meta property=\"og:site_name\" content=\"Tourcruiser Sneaker Store\" \/>\n<meta property=\"article:modified_time\" content=\"2026-03-14T11:11:58+00:00\" \/>\n<meta name=\"twitter:card\" content=\"summary_large_image\" \/>\n<meta name=\"twitter:image\" content=\"https:\/\/images.novelship.com\/product\/caitlin_clark_x_nike_zoom_kobe_6_protro__light_arm_0_21872.jpeg\" \/>\n<meta name=\"twitter:label1\" content=\"Dur\u00e9e de lecture estim\u00e9e\" \/>\n\t<meta name=\"twitter:data1\" content=\"1 minute\" \/>\n<script type=\"application\/ld+json\" class=\"yoast-schema-graph\">{\"@context\":\"https:\/\/schema.org\",\"@graph\":[{\"@type\":\"WebPage\",\"@id\":\"https:\/\/tourcruiser.com\/fr\/products\/caitlin-clark-x-nike-zoom-kobe-6-protro-light-armory-blue\/\",\"url\":\"https:\/\/tourcruiser.com\/fr\/products\/caitlin-clark-x-nike-zoom-kobe-6-protro-light-armory-blue\/\",\"name\":\"Caitlin Clark x Nike Zoom Kobe 6 Protro 'Light Armory Blue' - TOURCRUISER PTE. LTD\",\"isPartOf\":{\"@id\":\"https:\/\/tourcruiser.com\/fr\/#website\"},\"primaryImageOfPage\":{\"@id\":\"https:\/\/tourcruiser.com\/fr\/products\/caitlin-clark-x-nike-zoom-kobe-6-protro-light-armory-blue\/#primaryimage\"},\"image\":{\"@id\":\"https:\/\/tourcruiser.com\/fr\/products\/caitlin-clark-x-nike-zoom-kobe-6-protro-light-armory-blue\/#primaryimage\"},\"thumbnailUrl\":\"https:\/\/images.novelship.com\/product\/caitlin_clark_x_nike_zoom_kobe_6_protro__light_arm_0_21872.jpeg\",\"datePublished\":\"2026-03-02T07:47:27+00:00\",\"dateModified\":\"2026-03-14T11:11:58+00:00\",\"breadcrumb\":{\"@id\":\"https:\/\/tourcruiser.com\/fr\/products\/caitlin-clark-x-nike-zoom-kobe-6-protro-light-armory-blue\/#breadcrumb\"},\"inLanguage\":\"fr-FR\",\"potentialAction\":[{\"@type\":\"ReadAction\",\"target\":[\"https:\/\/tourcruiser.com\/fr\/products\/caitlin-clark-x-nike-zoom-kobe-6-protro-light-armory-blue\/\"]}]},{\"@type\":\"ImageObject\",\"inLanguage\":\"fr-FR\",\"@id\":\"https:\/\/tourcruiser.com\/fr\/products\/caitlin-clark-x-nike-zoom-kobe-6-protro-light-armory-blue\/#primaryimage\",\"url\":\"https:\/\/images.novelship.com\/product\/caitlin_clark_x_nike_zoom_kobe_6_protro__light_arm_0_21872.jpeg\",\"contentUrl\":\"https:\/\/images.novelship.com\/product\/caitlin_clark_x_nike_zoom_kobe_6_protro__light_arm_0_21872.jpeg\"},{\"@type\":\"BreadcrumbList\",\"@id\":\"https:\/\/tourcruiser.com\/fr\/products\/caitlin-clark-x-nike-zoom-kobe-6-protro-light-armory-blue\/#breadcrumb\",\"itemListElement\":[{\"@type\":\"ListItem\",\"position\":1,\"name\":\"Home\",\"item\":\"https:\/\/tourcruiser.com\/fr\/\"},{\"@type\":\"ListItem\",\"position\":2,\"name\":\"Shop\",\"item\":\"https:\/\/tourcruiser.com\/fr\/shop\/\"},{\"@type\":\"ListItem\",\"position\":3,\"name\":\"Caitlin Clark x Nike Zoom Kobe 6 Protro 'Light Armory Blue'\"}]},{\"@type\":\"WebSite\",\"@id\":\"https:\/\/tourcruiser.com\/fr\/#website\",\"url\":\"https:\/\/tourcruiser.com\/fr\/\",\"name\":\"Styloral Jewelry Shop\",\"description\":\"Tourcruiser Sneaker Store \u2014 L\u2019endroit o\u00f9 l\u2019univers rencontre votre singularit\u00e9.\",\"publisher\":{\"@id\":\"https:\/\/tourcruiser.com\/fr\/#organization\"},\"potentialAction\":[{\"@type\":\"SearchAction\",\"target\":{\"@type\":\"EntryPoint\",\"urlTemplate\":\"https:\/\/tourcruiser.com\/fr\/?s={search_term_string}\"},\"query-input\":{\"@type\":\"PropertyValueSpecification\",\"valueRequired\":true,\"valueName\":\"search_term_string\"}}],\"inLanguage\":\"fr-FR\"},{\"@type\":\"Organization\",\"@id\":\"https:\/\/tourcruiser.com\/fr\/#organization\",\"name\":\"STYLORAL PTE. LTD\",\"url\":\"https:\/\/tourcruiser.com\/fr\/\",\"logo\":{\"@type\":\"ImageObject\",\"inLanguage\":\"fr-FR\",\"@id\":\"https:\/\/tourcruiser.com\/fr\/#\/schema\/logo\/image\/\",\"url\":\"https:\/\/www.tourcruiser.com\/wp-content\/uploads\/2025\/12\/logo.png\",\"contentUrl\":\"https:\/\/www.tourcruiser.com\/wp-content\/uploads\/2025\/12\/logo.png\",\"width\":200,\"height\":65,\"caption\":\"STYLORAL PTE. LTD\"},\"image\":{\"@id\":\"https:\/\/tourcruiser.com\/fr\/#\/schema\/logo\/image\/\"}}]}<\/script>\n<!-- \/ Yoast SEO plugin. -->","yoast_head_json":{"title":"Caitlin Clark x Nike Zoom Kobe 6 Protro 'Light Armory Blue' - TOURCRUISER PTE. LTD","robots":{"index":"index","follow":"follow","max-snippet":"max-snippet:-1","max-image-preview":"max-image-preview:large","max-video-preview":"max-video-preview:-1"},"canonical":"https:\/\/tourcruiser.com\/fr\/products\/caitlin-clark-x-nike-zoom-kobe-6-protro-light-armory-blue\/","og_locale":"fr_FR","og_type":"article","og_title":"Caitlin Clark x Nike Zoom Kobe 6 Protro 'Light Armory Blue' - TOURCRUISER PTE. LTD","og_description":"Nike Kobe 6 \u201d\u201d Light Armory Blue\/White\/Baltic Blue","og_url":"https:\/\/tourcruiser.com\/fr\/products\/caitlin-clark-x-nike-zoom-kobe-6-protro-light-armory-blue\/","og_site_name":"Tourcruiser Sneaker Store","article_modified_time":"2026-03-14T11:11:58+00:00","twitter_card":"summary_large_image","twitter_image":"https:\/\/images.novelship.com\/product\/caitlin_clark_x_nike_zoom_kobe_6_protro__light_arm_0_21872.jpeg","twitter_misc":{"Dur\u00e9e de lecture estim\u00e9e":"1 minute"},"schema":{"@context":"https:\/\/schema.org","@graph":[{"@type":"WebPage","@id":"https:\/\/tourcruiser.com\/fr\/products\/caitlin-clark-x-nike-zoom-kobe-6-protro-light-armory-blue\/","url":"https:\/\/tourcruiser.com\/fr\/products\/caitlin-clark-x-nike-zoom-kobe-6-protro-light-armory-blue\/","name":"Caitlin Clark x Nike Zoom Kobe 6 Protro 'Light Armory Blue' - TOURCRUISER PTE. LTD","isPartOf":{"@id":"https:\/\/tourcruiser.com\/fr\/#website"},"primaryImageOfPage":{"@id":"https:\/\/tourcruiser.com\/fr\/products\/caitlin-clark-x-nike-zoom-kobe-6-protro-light-armory-blue\/#primaryimage"},"image":{"@id":"https:\/\/tourcruiser.com\/fr\/products\/caitlin-clark-x-nike-zoom-kobe-6-protro-light-armory-blue\/#primaryimage"},"thumbnailUrl":"https:\/\/images.novelship.com\/product\/caitlin_clark_x_nike_zoom_kobe_6_protro__light_arm_0_21872.jpeg","datePublished":"2026-03-02T07:47:27+00:00","dateModified":"2026-03-14T11:11:58+00:00","breadcrumb":{"@id":"https:\/\/tourcruiser.com\/fr\/products\/caitlin-clark-x-nike-zoom-kobe-6-protro-light-armory-blue\/#breadcrumb"},"inLanguage":"fr-FR","potentialAction":[{"@type":"ReadAction","target":["https:\/\/tourcruiser.com\/fr\/products\/caitlin-clark-x-nike-zoom-kobe-6-protro-light-armory-blue\/"]}]},{"@type":"ImageObject","inLanguage":"fr-FR","@id":"https:\/\/tourcruiser.com\/fr\/products\/caitlin-clark-x-nike-zoom-kobe-6-protro-light-armory-blue\/#primaryimage","url":"https:\/\/images.novelship.com\/product\/caitlin_clark_x_nike_zoom_kobe_6_protro__light_arm_0_21872.jpeg","contentUrl":"https:\/\/images.novelship.com\/product\/caitlin_clark_x_nike_zoom_kobe_6_protro__light_arm_0_21872.jpeg"},{"@type":"BreadcrumbList","@id":"https:\/\/tourcruiser.com\/fr\/products\/caitlin-clark-x-nike-zoom-kobe-6-protro-light-armory-blue\/#breadcrumb","itemListElement":[{"@type":"ListItem","position":1,"name":"Home","item":"https:\/\/tourcruiser.com\/fr\/"},{"@type":"ListItem","position":2,"name":"Shop","item":"https:\/\/tourcruiser.com\/fr\/shop\/"},{"@type":"ListItem","position":3,"name":"Caitlin Clark x Nike Zoom Kobe 6 Protro 'Light Armory Blue'"}]},{"@type":"WebSite","@id":"https:\/\/tourcruiser.com\/fr\/#website","url":"https:\/\/tourcruiser.com\/fr\/","name":"Styloral Jewelry Shop","description":"Tourcruiser Sneaker Store \u2014 L\u2019endroit o\u00f9 l\u2019univers rencontre votre singularit\u00e9.","publisher":{"@id":"https:\/\/tourcruiser.com\/fr\/#organization"},"potentialAction":[{"@type":"SearchAction","target":{"@type":"EntryPoint","urlTemplate":"https:\/\/tourcruiser.com\/fr\/?s={search_term_string}"},"query-input":{"@type":"PropertyValueSpecification","valueRequired":true,"valueName":"search_term_string"}}],"inLanguage":"fr-FR"},{"@type":"Organization","@id":"https:\/\/tourcruiser.com\/fr\/#organization","name":"STYLORAL PTE. LTD","url":"https:\/\/tourcruiser.com\/fr\/","logo":{"@type":"ImageObject","inLanguage":"fr-FR","@id":"https:\/\/tourcruiser.com\/fr\/#\/schema\/logo\/image\/","url":"https:\/\/www.tourcruiser.com\/wp-content\/uploads\/2025\/12\/logo.png","contentUrl":"https:\/\/www.tourcruiser.com\/wp-content\/uploads\/2025\/12\/logo.png","width":200,"height":65,"caption":"STYLORAL PTE. LTD"},"image":{"@id":"https:\/\/tourcruiser.com\/fr\/#\/schema\/logo\/image\/"}}]}},"_links":{"self":[{"href":"https:\/\/tourcruiser.com\/fr\/wp-json\/wp\/v2\/product\/35847","targetHints":{"allow":["GET"]}}],"collection":[{"href":"https:\/\/tourcruiser.com\/fr\/wp-json\/wp\/v2\/product"}],"about":[{"href":"https:\/\/tourcruiser.com\/fr\/wp-json\/wp\/v2\/types\/product"}],"replies":[{"embeddable":true,"href":"https:\/\/tourcruiser.com\/fr\/wp-json\/wp\/v2\/comments?post=35847"}],"wp:featuredmedia":[{"embeddable":true,"href":"https:\/\/tourcruiser.com\/fr\/wp-json\/wp\/v2\/media\/35848"}],"wp:attachment":[{"href":"https:\/\/tourcruiser.com\/fr\/wp-json\/wp\/v2\/media?parent=35847"}],"wp:term":[{"taxonomy":"product_brand","embeddable":true,"href":"https:\/\/tourcruiser.com\/fr\/wp-json\/wp\/v2\/product_brand?post=35847"},{"taxonomy":"product_cat","embeddable":true,"href":"https:\/\/tourcruiser.com\/fr\/wp-json\/wp\/v2\/product_cat?post=35847"},{"taxonomy":"product_tag","embeddable":true,"href":"https:\/\/tourcruiser.com\/fr\/wp-json\/wp\/v2\/product_tag?post=35847"}],"curies":[{"name":"wp","href":"https:\/\/api.w.org\/{rel}","templated":true}]}}