{"id":34719,"date":"2026-03-02T14:45:45","date_gmt":"2026-03-02T07:45:45","guid":{"rendered":"http:\/\/tourcruiser.com\/product\/bad-bunny-x-adidas-badbo-10-resilience"},"modified":"2026-03-14T18:10:42","modified_gmt":"2026-03-14T11:10:42","slug":"bad-bunny-x-adidas-badbo-10-resilience","status":"publish","type":"product","link":"https:\/\/tourcruiser.com\/fr\/products\/bad-bunny-x-adidas-badbo-10-resilience\/","title":{"rendered":"Bad Bunny x adidas BADBO 1.0 &lsquo;Resilience&rsquo;"},"content":{"rendered":"<p>Affirmez votre style et profitez d&rsquo;un confort optimal avec la Bad Bunny x adidas BADBO 1.0 \u00ab Resilience \u00bb KJ1468. Cette collaboration unique allie esth\u00e9tique urbaine et design haute performance. Confectionn\u00e9es avec un souci du d\u00e9tail exceptionnel, ces sneakers arborent des mat\u00e9riaux premium et une silhouette moderne et audacieuse, reflet du style inimitable de Bad Bunny. L&rsquo;\u00e9dition \u00ab Resilience \u00bb se distingue par ses \u00e9l\u00e9gantes combinaisons de couleurs et sa construction robuste, ce qui en fait le choix id\u00e9al pour les passionn\u00e9s de streetwear et de sneakers. Son amorti innovant garantit un confort optimal tout au long de la journ\u00e9e, tandis que sa semelle ext\u00e9rieure adh\u00e9rente offre une excellente traction sur tous les terrains. Cette \u00e9dition limit\u00e9e est destin\u00e9e \u00e0 celles et ceux qui osent se d\u00e9marquer et incarnent l&rsquo;individualit\u00e9 et le talent artistique. Enrichissez votre collection de sneakers avec cette fusion dynamique de mode et de fonctionnalit\u00e9 \u2013 un v\u00e9ritable atout charme ! Coloris : Blanc\/Talc\/Blanc Code article : KJ1468 Mati\u00e8re ext\u00e9rieure : Daim Couleur : Blanc Saison : Hiver Ann\u00e9e de sortie : 2026<\/p>\n","protected":false},"excerpt":{"rendered":"<p>adidas Bad Bunny BADBO 1.0 \u201d\u201d Core White\/Talc\/Core White<\/p>\n","protected":false},"featured_media":34720,"comment_status":"open","ping_status":"closed","template":"","meta":[],"product_brand":[],"product_cat":[10760],"product_tag":[10759,10750,10800,10754,10777,10778],"class_list":{"0":"post-34719","1":"product","2":"type-product","3":"status-publish","4":"has-post-thumbnail","6":"product_cat-adidas","7":"product_tag-adidas","8":"product_tag-athleisure-shoes","9":"product_tag-basketball-shoes","10":"product_tag-lifestyle-casual-shoes","11":"product_tag-lifestyle-shoes-basketball-inspired","12":"product_tag-new-release","13":"wcpa_has_options","15":"first","16":"instock","17":"taxable","18":"shipping-taxable","19":"purchasable","20":"product-type-simple"},"wcpa_form_fields":{"rules":{"pric_overide_base_price":false,"pric_overide_base_price_if_gt_zero":false,"pric_overide_base_price_fully":false,"pric_cal_option_once":false,"pric_use_as_fee":false,"bind_quantity":false,"quantity_bind_formula":false},"fields":[{"type":"color-group","required":true,"elementId":"wcpa-color-group-66c4a7f817afe","label":"Taille","inline":true,"priceOptions":"different_for_all","pricingType":"fixed","className":"hassizechart product-shoes-size-eu product-shoes-size","name":"color-group-66c4a7f817b18","disp_type":"square","selection_type":"tick-border","disp_size":"50","show_label_inside":true,"adjust_width":true,"cart_display_type":"text","other_text":"Other","cl_rule":"show","col":6,"values":[{"label":"35","value":"EU 35","price":"","pimage":"","pimage_id":"","pthumb":"","color":""},{"label":"35.5","value":"EU 35.5","price":"","pimage":"","pimage_id":"","pthumb":"","color":""},{"label":"36","value":"EU 36","price":"","pimage":"","pimage_id":"","pthumb":"","color":"","selected":true},{"label":"36 2\/3","value":"EU 36 2\/3","price":"","pimage":"","pimage_id":"","pthumb":"","color":""},{"label":"37 1\/3","value":"EU 37 1\/3","price":"","pimage":"","pimage_id":"","pthumb":"","color":""},{"label":"38","value":"EU 38","price":"","pimage":"","pimage_id":"","pthumb":"","color":""},{"label":"38 2\/3","value":"EU 38 2\/3","price":"","pimage":"","pimage_id":"","pthumb":"","color":""},{"label":"39 1\/3","value":"EU 39 1\/3","price":"","pimage":"","pimage_id":"","pthumb":"","color":""},{"label":"40","value":"EU 40","price":"","pimage":"","pimage_id":"","pthumb":"","color":""},{"label":"40 2\/3","value":"EU 40 2\/3","price":"","pimage":"","pimage_id":"","pthumb":"","color":""},{"label":"41 1\/3","value":"EU 41 1\/3","price":"","pimage":"","pimage_id":"","pthumb":"","color":""},{"label":"42","value":"EU 42","price":"","pimage":"","pimage_id":"","pthumb":"","color":""},{"label":"42 2\/3","value":"EU 42 2\/3","price":"","pimage":"","pimage_id":"","pthumb":"","color":""},{"label":"43 1\/3","value":"EU 43 1\/3","price":"","pimage":"","pimage_id":"","pthumb":"","color":""},{"label":"44","value":"EU 44","price":"","pimage":"","pimage_id":"","pthumb":"","color":""},{"label":"44 2\/3","value":"EU 44 2\/3","price":"","pimage":"","pimage_id":"","pthumb":"","color":""},{"label":"45 1\/3","value":"EU 45 1\/3","price":"","pimage":"","pimage_id":"","pthumb":"","color":""},{"label":"46","value":"EU 46","price":"","pimage":"","pimage_id":"","pthumb":"","color":""},{"label":"46 2\/3","value":"EU 46 2\/3","price":"","pimage":"","pimage_id":"","pthumb":"","color":""},{"label":"47 1\/3","value":"EU 47 1\/3","price":"","pimage":"","pimage_id":"","pthumb":"","color":""}],"relations":[{"operator":false,"rules":[]}],"form_id":24802,"form_rules":{"pric_cal_option_once":false,"exclude_from_discount":false,"pric_use_as_fee":false,"fee_label":"Fee","render_after_acb":false,"disp_hide_options_price":false}}]},"yoast_head":"<!-- This site is optimized with the Yoast SEO plugin v26.5 - https:\/\/yoast.com\/wordpress\/plugins\/seo\/ -->\n<title>Bad Bunny x adidas BADBO 1.0 &#039;Resilience&#039; - TOURCRUISER PTE. LTD<\/title>\n<meta name=\"robots\" content=\"index, follow, max-snippet:-1, max-image-preview:large, max-video-preview:-1\" \/>\n<link rel=\"canonical\" href=\"https:\/\/tourcruiser.com\/fr\/products\/bad-bunny-x-adidas-badbo-10-resilience\/\" \/>\n<meta property=\"og:locale\" content=\"fr_FR\" \/>\n<meta property=\"og:type\" content=\"article\" \/>\n<meta property=\"og:title\" content=\"Bad Bunny x adidas BADBO 1.0 &#039;Resilience&#039; - TOURCRUISER PTE. LTD\" \/>\n<meta property=\"og:description\" content=\"adidas Bad Bunny BADBO 1.0 \u201d\u201d Core White\/Talc\/Core White\" \/>\n<meta property=\"og:url\" content=\"https:\/\/tourcruiser.com\/fr\/products\/bad-bunny-x-adidas-badbo-10-resilience\/\" \/>\n<meta property=\"og:site_name\" content=\"Tourcruiser Sneaker Store\" \/>\n<meta property=\"article:modified_time\" content=\"2026-03-14T11:10:42+00:00\" \/>\n<meta name=\"twitter:card\" content=\"summary_large_image\" \/>\n<meta name=\"twitter:image\" content=\"https:\/\/images.novelship.com\/product\/bad_bunny_x_adidas_badbo_1_0__resilience__kj1468_0_28858.jpeg\" \/>\n<meta name=\"twitter:label1\" content=\"Dur\u00e9e de lecture estim\u00e9e\" \/>\n\t<meta name=\"twitter:data1\" content=\"1 minute\" \/>\n<script type=\"application\/ld+json\" class=\"yoast-schema-graph\">{\"@context\":\"https:\/\/schema.org\",\"@graph\":[{\"@type\":\"WebPage\",\"@id\":\"https:\/\/tourcruiser.com\/fr\/products\/bad-bunny-x-adidas-badbo-10-resilience\/\",\"url\":\"https:\/\/tourcruiser.com\/fr\/products\/bad-bunny-x-adidas-badbo-10-resilience\/\",\"name\":\"Bad Bunny x adidas BADBO 1.0 'Resilience' - TOURCRUISER PTE. LTD\",\"isPartOf\":{\"@id\":\"https:\/\/tourcruiser.com\/fr\/#website\"},\"primaryImageOfPage\":{\"@id\":\"https:\/\/tourcruiser.com\/fr\/products\/bad-bunny-x-adidas-badbo-10-resilience\/#primaryimage\"},\"image\":{\"@id\":\"https:\/\/tourcruiser.com\/fr\/products\/bad-bunny-x-adidas-badbo-10-resilience\/#primaryimage\"},\"thumbnailUrl\":\"https:\/\/images.novelship.com\/product\/bad_bunny_x_adidas_badbo_1_0__resilience__kj1468_0_28858.jpeg\",\"datePublished\":\"2026-03-02T07:45:45+00:00\",\"dateModified\":\"2026-03-14T11:10:42+00:00\",\"breadcrumb\":{\"@id\":\"https:\/\/tourcruiser.com\/fr\/products\/bad-bunny-x-adidas-badbo-10-resilience\/#breadcrumb\"},\"inLanguage\":\"fr-FR\",\"potentialAction\":[{\"@type\":\"ReadAction\",\"target\":[\"https:\/\/tourcruiser.com\/fr\/products\/bad-bunny-x-adidas-badbo-10-resilience\/\"]}]},{\"@type\":\"ImageObject\",\"inLanguage\":\"fr-FR\",\"@id\":\"https:\/\/tourcruiser.com\/fr\/products\/bad-bunny-x-adidas-badbo-10-resilience\/#primaryimage\",\"url\":\"https:\/\/images.novelship.com\/product\/bad_bunny_x_adidas_badbo_1_0__resilience__kj1468_0_28858.jpeg\",\"contentUrl\":\"https:\/\/images.novelship.com\/product\/bad_bunny_x_adidas_badbo_1_0__resilience__kj1468_0_28858.jpeg\"},{\"@type\":\"BreadcrumbList\",\"@id\":\"https:\/\/tourcruiser.com\/fr\/products\/bad-bunny-x-adidas-badbo-10-resilience\/#breadcrumb\",\"itemListElement\":[{\"@type\":\"ListItem\",\"position\":1,\"name\":\"Home\",\"item\":\"https:\/\/tourcruiser.com\/fr\/\"},{\"@type\":\"ListItem\",\"position\":2,\"name\":\"Shop\",\"item\":\"https:\/\/tourcruiser.com\/fr\/shop\/\"},{\"@type\":\"ListItem\",\"position\":3,\"name\":\"Bad Bunny x adidas BADBO 1.0 'Resilience'\"}]},{\"@type\":\"WebSite\",\"@id\":\"https:\/\/tourcruiser.com\/fr\/#website\",\"url\":\"https:\/\/tourcruiser.com\/fr\/\",\"name\":\"Styloral Jewelry Shop\",\"description\":\"Tourcruiser Sneaker Store \u2014 L\u2019endroit o\u00f9 l\u2019univers rencontre votre singularit\u00e9.\",\"publisher\":{\"@id\":\"https:\/\/tourcruiser.com\/fr\/#organization\"},\"potentialAction\":[{\"@type\":\"SearchAction\",\"target\":{\"@type\":\"EntryPoint\",\"urlTemplate\":\"https:\/\/tourcruiser.com\/fr\/?s={search_term_string}\"},\"query-input\":{\"@type\":\"PropertyValueSpecification\",\"valueRequired\":true,\"valueName\":\"search_term_string\"}}],\"inLanguage\":\"fr-FR\"},{\"@type\":\"Organization\",\"@id\":\"https:\/\/tourcruiser.com\/fr\/#organization\",\"name\":\"STYLORAL PTE. LTD\",\"url\":\"https:\/\/tourcruiser.com\/fr\/\",\"logo\":{\"@type\":\"ImageObject\",\"inLanguage\":\"fr-FR\",\"@id\":\"https:\/\/tourcruiser.com\/fr\/#\/schema\/logo\/image\/\",\"url\":\"https:\/\/www.tourcruiser.com\/wp-content\/uploads\/2025\/12\/logo.png\",\"contentUrl\":\"https:\/\/www.tourcruiser.com\/wp-content\/uploads\/2025\/12\/logo.png\",\"width\":200,\"height\":65,\"caption\":\"STYLORAL PTE. LTD\"},\"image\":{\"@id\":\"https:\/\/tourcruiser.com\/fr\/#\/schema\/logo\/image\/\"}}]}<\/script>\n<!-- \/ Yoast SEO plugin. -->","yoast_head_json":{"title":"Bad Bunny x adidas BADBO 1.0 'Resilience' - TOURCRUISER PTE. LTD","robots":{"index":"index","follow":"follow","max-snippet":"max-snippet:-1","max-image-preview":"max-image-preview:large","max-video-preview":"max-video-preview:-1"},"canonical":"https:\/\/tourcruiser.com\/fr\/products\/bad-bunny-x-adidas-badbo-10-resilience\/","og_locale":"fr_FR","og_type":"article","og_title":"Bad Bunny x adidas BADBO 1.0 'Resilience' - TOURCRUISER PTE. LTD","og_description":"adidas Bad Bunny BADBO 1.0 \u201d\u201d Core White\/Talc\/Core White","og_url":"https:\/\/tourcruiser.com\/fr\/products\/bad-bunny-x-adidas-badbo-10-resilience\/","og_site_name":"Tourcruiser Sneaker Store","article_modified_time":"2026-03-14T11:10:42+00:00","twitter_card":"summary_large_image","twitter_image":"https:\/\/images.novelship.com\/product\/bad_bunny_x_adidas_badbo_1_0__resilience__kj1468_0_28858.jpeg","twitter_misc":{"Dur\u00e9e de lecture estim\u00e9e":"1 minute"},"schema":{"@context":"https:\/\/schema.org","@graph":[{"@type":"WebPage","@id":"https:\/\/tourcruiser.com\/fr\/products\/bad-bunny-x-adidas-badbo-10-resilience\/","url":"https:\/\/tourcruiser.com\/fr\/products\/bad-bunny-x-adidas-badbo-10-resilience\/","name":"Bad Bunny x adidas BADBO 1.0 'Resilience' - TOURCRUISER PTE. LTD","isPartOf":{"@id":"https:\/\/tourcruiser.com\/fr\/#website"},"primaryImageOfPage":{"@id":"https:\/\/tourcruiser.com\/fr\/products\/bad-bunny-x-adidas-badbo-10-resilience\/#primaryimage"},"image":{"@id":"https:\/\/tourcruiser.com\/fr\/products\/bad-bunny-x-adidas-badbo-10-resilience\/#primaryimage"},"thumbnailUrl":"https:\/\/images.novelship.com\/product\/bad_bunny_x_adidas_badbo_1_0__resilience__kj1468_0_28858.jpeg","datePublished":"2026-03-02T07:45:45+00:00","dateModified":"2026-03-14T11:10:42+00:00","breadcrumb":{"@id":"https:\/\/tourcruiser.com\/fr\/products\/bad-bunny-x-adidas-badbo-10-resilience\/#breadcrumb"},"inLanguage":"fr-FR","potentialAction":[{"@type":"ReadAction","target":["https:\/\/tourcruiser.com\/fr\/products\/bad-bunny-x-adidas-badbo-10-resilience\/"]}]},{"@type":"ImageObject","inLanguage":"fr-FR","@id":"https:\/\/tourcruiser.com\/fr\/products\/bad-bunny-x-adidas-badbo-10-resilience\/#primaryimage","url":"https:\/\/images.novelship.com\/product\/bad_bunny_x_adidas_badbo_1_0__resilience__kj1468_0_28858.jpeg","contentUrl":"https:\/\/images.novelship.com\/product\/bad_bunny_x_adidas_badbo_1_0__resilience__kj1468_0_28858.jpeg"},{"@type":"BreadcrumbList","@id":"https:\/\/tourcruiser.com\/fr\/products\/bad-bunny-x-adidas-badbo-10-resilience\/#breadcrumb","itemListElement":[{"@type":"ListItem","position":1,"name":"Home","item":"https:\/\/tourcruiser.com\/fr\/"},{"@type":"ListItem","position":2,"name":"Shop","item":"https:\/\/tourcruiser.com\/fr\/shop\/"},{"@type":"ListItem","position":3,"name":"Bad Bunny x adidas BADBO 1.0 'Resilience'"}]},{"@type":"WebSite","@id":"https:\/\/tourcruiser.com\/fr\/#website","url":"https:\/\/tourcruiser.com\/fr\/","name":"Styloral Jewelry Shop","description":"Tourcruiser Sneaker Store \u2014 L\u2019endroit o\u00f9 l\u2019univers rencontre votre singularit\u00e9.","publisher":{"@id":"https:\/\/tourcruiser.com\/fr\/#organization"},"potentialAction":[{"@type":"SearchAction","target":{"@type":"EntryPoint","urlTemplate":"https:\/\/tourcruiser.com\/fr\/?s={search_term_string}"},"query-input":{"@type":"PropertyValueSpecification","valueRequired":true,"valueName":"search_term_string"}}],"inLanguage":"fr-FR"},{"@type":"Organization","@id":"https:\/\/tourcruiser.com\/fr\/#organization","name":"STYLORAL PTE. LTD","url":"https:\/\/tourcruiser.com\/fr\/","logo":{"@type":"ImageObject","inLanguage":"fr-FR","@id":"https:\/\/tourcruiser.com\/fr\/#\/schema\/logo\/image\/","url":"https:\/\/www.tourcruiser.com\/wp-content\/uploads\/2025\/12\/logo.png","contentUrl":"https:\/\/www.tourcruiser.com\/wp-content\/uploads\/2025\/12\/logo.png","width":200,"height":65,"caption":"STYLORAL PTE. LTD"},"image":{"@id":"https:\/\/tourcruiser.com\/fr\/#\/schema\/logo\/image\/"}}]}},"_links":{"self":[{"href":"https:\/\/tourcruiser.com\/fr\/wp-json\/wp\/v2\/product\/34719","targetHints":{"allow":["GET"]}}],"collection":[{"href":"https:\/\/tourcruiser.com\/fr\/wp-json\/wp\/v2\/product"}],"about":[{"href":"https:\/\/tourcruiser.com\/fr\/wp-json\/wp\/v2\/types\/product"}],"replies":[{"embeddable":true,"href":"https:\/\/tourcruiser.com\/fr\/wp-json\/wp\/v2\/comments?post=34719"}],"wp:featuredmedia":[{"embeddable":true,"href":"https:\/\/tourcruiser.com\/fr\/wp-json\/wp\/v2\/media\/34720"}],"wp:attachment":[{"href":"https:\/\/tourcruiser.com\/fr\/wp-json\/wp\/v2\/media?parent=34719"}],"wp:term":[{"taxonomy":"product_brand","embeddable":true,"href":"https:\/\/tourcruiser.com\/fr\/wp-json\/wp\/v2\/product_brand?post=34719"},{"taxonomy":"product_cat","embeddable":true,"href":"https:\/\/tourcruiser.com\/fr\/wp-json\/wp\/v2\/product_cat?post=34719"},{"taxonomy":"product_tag","embeddable":true,"href":"https:\/\/tourcruiser.com\/fr\/wp-json\/wp\/v2\/product_tag?post=34719"}],"curies":[{"name":"wp","href":"https:\/\/api.w.org\/{rel}","templated":true}]}}