{"id":32203,"date":"2026-03-02T14:42:03","date_gmt":"2026-03-02T07:42:03","guid":{"rendered":"http:\/\/tourcruiser.com\/product\/eliud-kipchoge-x-nike-zoom-vaporfly-4-no-human-is-limited-muti-color"},"modified":"2026-03-14T18:08:24","modified_gmt":"2026-03-14T11:08:24","slug":"eliud-kipchoge-x-nike-zoom-vaporfly-4-no-human-is-limited-muti-color","status":"publish","type":"product","link":"https:\/\/tourcruiser.com\/fr\/products\/eliud-kipchoge-x-nike-zoom-vaporfly-4-no-human-is-limited-muti-color\/","title":{"rendered":"Eliud Kipchoge x Nike Zoom Vaporfly 4 No Human is Limited &lsquo;Muti-Color&rsquo;"},"content":{"rendered":"<p>D\u00e9couvrez l&rsquo;innovation ultime en mati\u00e8re de chaussures de running avec la Eliud Kipchoge x Nike Zoom Vaporfly 4 No Human, une \u00e9dition limit\u00e9e multicolore con\u00e7ue pour des performances in\u00e9gal\u00e9es. Dot\u00e9e de la mousse innovante ZoomX et d&rsquo;une plaque en fibre de carbone sur toute la longueur, cette chaussure de running de pointe offre un retour d&rsquo;\u00e9nergie et une vitesse exceptionnels pour repousser vos limites \u00e0 chaque foul\u00e9e. Son design multicolore dynamique c\u00e9l\u00e8bre l&rsquo;esprit de d\u00e9passement, tandis que sa tige l\u00e9g\u00e8re et respirante assure un confort et un maintien optimaux pour les longues distances ou les comp\u00e9titions. Con\u00e7ue pour les athl\u00e8tes d&rsquo;\u00e9lite et les coureurs ambitieux, cette \u00e9dition limit\u00e9e incarne la philosophie d&rsquo;endurance et d&rsquo;excellence d&rsquo;Eliud Kipchoge. Que vous visiez un record personnel ou que vous souhaitiez affirmer votre style, la Vaporfly 4 vous offre une longueur d&rsquo;avance sur tous les terrains gr\u00e2ce \u00e0 son adh\u00e9rence et sa durabilit\u00e9 sup\u00e9rieures. Coloris : Rouge Silt\/Vert Shock\/Rose Feu\/C\u00e9ramique Brillante\/Violet Persan\/Aura \u00c9pinette. Num\u00e9ro d&rsquo;article : IH0869-605. Mati\u00e8re de la tige : Textile. Couleur : Rose. Ann\u00e9e de sortie : 2025.<\/p>\n","protected":false},"excerpt":{"rendered":"<p>Nike None \u201d\u201d Silt Red\/Green Shock\/Fire Pink\/Bright Ceramic\/Persian Violet\/Spruce Aura<\/p>\n","protected":false},"featured_media":32204,"comment_status":"open","ping_status":"closed","template":"","meta":[],"product_brand":[],"product_cat":[10803],"product_tag":[11026,10837,10801,10802,10840,10758],"class_list":{"0":"post-32203","1":"product","2":"type-product","3":"status-publish","4":"has-post-thumbnail","6":"product_cat-nike","7":"product_tag-carbon-plated-running-shoes","8":"product_tag-marathon-long-distance-running-shoes","9":"product_tag-nike","10":"product_tag-performance-sport-shoes","11":"product_tag-running-shoes","12":"product_tag-under-retail","13":"wcpa_has_options","15":"first","16":"instock","17":"sale","18":"taxable","19":"shipping-taxable","20":"purchasable","21":"product-type-simple"},"wcpa_form_fields":{"rules":{"pric_overide_base_price":false,"pric_overide_base_price_if_gt_zero":false,"pric_overide_base_price_fully":false,"pric_cal_option_once":false,"pric_use_as_fee":false,"bind_quantity":false,"quantity_bind_formula":false},"fields":[{"type":"color-group","required":true,"elementId":"wcpa-color-group-66c4a75505e74","label":"Taille","inline":true,"priceOptions":"different_for_all","pricingType":"fixed","className":"hassizechart product-shoes-size-eu product-shoes-size","name":"color-group-66c4a75505e89","disp_type":"square","selection_type":"tick-border","disp_size":"44","show_label_inside":true,"adjust_width":true,"cart_display_type":"text","other_text":"Other","cl_rule":"show","col":6,"values":[{"label":"35.5","value":"EU 35.5","price":"","pimage":"","pimage_id":"","pthumb":"","color":""},{"label":"36","value":"EU 36","price":"","pimage":"","pimage_id":"","pthumb":"","color":"","selected":true},{"label":"36.5","value":"EU 36.5","price":"","pimage":"","pimage_id":"","pthumb":"","color":""},{"label":"37.5","value":"EU 37.5","price":"","pimage":"","pimage_id":"","pthumb":"","color":""},{"label":"38","value":"EU 38","price":"","pimage":"","pimage_id":"","pthumb":"","color":""},{"label":"38.5","value":"EU 38.5","price":"","pimage":"","pimage_id":"","pthumb":"","color":""},{"label":"39","value":"EU 39","price":"","pimage":"","pimage_id":"","pthumb":"","color":""},{"label":"40","value":"EU 40","price":"","pimage":"","pimage_id":"","pthumb":"","color":""},{"label":"40.5","value":"EU 40.5","price":"","pimage":"","pimage_id":"","pthumb":"","color":""},{"label":"41","value":"EU 41","price":"","pimage":"","pimage_id":"","pthumb":"","color":""},{"label":"42","value":"EU 42","price":"","pimage":"","pimage_id":"","pthumb":"","color":""},{"label":"42.5","value":"EU 42.5","price":"","pimage":"","pimage_id":"","pthumb":"","color":""},{"label":"43","value":"EU 43","price":"","pimage":"","pimage_id":"","pthumb":"","color":""},{"label":"44","value":"EU 44","price":"","pimage":"","pimage_id":"","pthumb":"","color":""},{"label":"44.5","value":"EU 44.5","price":"","pimage":"","pimage_id":"","pthumb":"","color":""},{"label":"45","value":"EU 45","price":"","pimage":"","pimage_id":"","pthumb":"","color":""},{"label":"45.5","value":"EU 45.5","price":"","pimage":"","pimage_id":"","pthumb":"","color":""},{"label":"46","value":"EU 46","price":"","pimage":"","pimage_id":"","pthumb":"","color":""},{"label":"47","value":"EU 47","price":"","pimage":"","pimage_id":"","pthumb":"","color":""},{"label":"47.5","value":"EU 47.5","price":"","pimage":"","pimage_id":"","pthumb":"","color":""},{"label":"48","value":"EU 48","price":"","pimage":"","pimage_id":"","pthumb":"","color":""}],"relations":[{"operator":false,"rules":[]}],"form_id":18106,"form_rules":{"pric_cal_option_once":false,"exclude_from_discount":false,"pric_use_as_fee":false,"fee_label":"Fee","render_after_acb":false,"disp_hide_options_price":false}}]},"yoast_head":"<!-- This site is optimized with the Yoast SEO plugin v26.5 - https:\/\/yoast.com\/wordpress\/plugins\/seo\/ -->\n<title>Eliud Kipchoge x Nike Zoom Vaporfly 4 No Human is Limited &#039;Muti-Color&#039; - TOURCRUISER PTE. LTD<\/title>\n<meta name=\"robots\" content=\"index, follow, max-snippet:-1, max-image-preview:large, max-video-preview:-1\" \/>\n<link rel=\"canonical\" href=\"https:\/\/tourcruiser.com\/fr\/products\/eliud-kipchoge-x-nike-zoom-vaporfly-4-no-human-is-limited-muti-color\/\" \/>\n<meta property=\"og:locale\" content=\"fr_FR\" \/>\n<meta property=\"og:type\" content=\"article\" \/>\n<meta property=\"og:title\" content=\"Eliud Kipchoge x Nike Zoom Vaporfly 4 No Human is Limited &#039;Muti-Color&#039; - TOURCRUISER PTE. LTD\" \/>\n<meta property=\"og:description\" content=\"Nike None \u201d\u201d Silt Red\/Green Shock\/Fire Pink\/Bright Ceramic\/Persian Violet\/Spruce Aura\" \/>\n<meta property=\"og:url\" content=\"https:\/\/tourcruiser.com\/fr\/products\/eliud-kipchoge-x-nike-zoom-vaporfly-4-no-human-is-limited-muti-color\/\" \/>\n<meta property=\"og:site_name\" content=\"Tourcruiser Sneaker Store\" \/>\n<meta property=\"article:modified_time\" content=\"2026-03-14T11:08:24+00:00\" \/>\n<meta name=\"twitter:card\" content=\"summary_large_image\" \/>\n<meta name=\"twitter:image\" content=\"https:\/\/images.novelship.com\/product\/eliud_kipchoge_x_nike_zoom_vaporfly_4_no_human_is__0_60675.png\" \/>\n<meta name=\"twitter:label1\" content=\"Dur\u00e9e de lecture estim\u00e9e\" \/>\n\t<meta name=\"twitter:data1\" content=\"1 minute\" \/>\n<script type=\"application\/ld+json\" class=\"yoast-schema-graph\">{\"@context\":\"https:\/\/schema.org\",\"@graph\":[{\"@type\":\"WebPage\",\"@id\":\"https:\/\/tourcruiser.com\/fr\/products\/eliud-kipchoge-x-nike-zoom-vaporfly-4-no-human-is-limited-muti-color\/\",\"url\":\"https:\/\/tourcruiser.com\/fr\/products\/eliud-kipchoge-x-nike-zoom-vaporfly-4-no-human-is-limited-muti-color\/\",\"name\":\"Eliud Kipchoge x Nike Zoom Vaporfly 4 No Human is Limited 'Muti-Color' - TOURCRUISER PTE. LTD\",\"isPartOf\":{\"@id\":\"https:\/\/tourcruiser.com\/fr\/#website\"},\"primaryImageOfPage\":{\"@id\":\"https:\/\/tourcruiser.com\/fr\/products\/eliud-kipchoge-x-nike-zoom-vaporfly-4-no-human-is-limited-muti-color\/#primaryimage\"},\"image\":{\"@id\":\"https:\/\/tourcruiser.com\/fr\/products\/eliud-kipchoge-x-nike-zoom-vaporfly-4-no-human-is-limited-muti-color\/#primaryimage\"},\"thumbnailUrl\":\"https:\/\/images.novelship.com\/product\/eliud_kipchoge_x_nike_zoom_vaporfly_4_no_human_is__0_60675.png\",\"datePublished\":\"2026-03-02T07:42:03+00:00\",\"dateModified\":\"2026-03-14T11:08:24+00:00\",\"breadcrumb\":{\"@id\":\"https:\/\/tourcruiser.com\/fr\/products\/eliud-kipchoge-x-nike-zoom-vaporfly-4-no-human-is-limited-muti-color\/#breadcrumb\"},\"inLanguage\":\"fr-FR\",\"potentialAction\":[{\"@type\":\"ReadAction\",\"target\":[\"https:\/\/tourcruiser.com\/fr\/products\/eliud-kipchoge-x-nike-zoom-vaporfly-4-no-human-is-limited-muti-color\/\"]}]},{\"@type\":\"ImageObject\",\"inLanguage\":\"fr-FR\",\"@id\":\"https:\/\/tourcruiser.com\/fr\/products\/eliud-kipchoge-x-nike-zoom-vaporfly-4-no-human-is-limited-muti-color\/#primaryimage\",\"url\":\"https:\/\/images.novelship.com\/product\/eliud_kipchoge_x_nike_zoom_vaporfly_4_no_human_is__0_60675.png\",\"contentUrl\":\"https:\/\/images.novelship.com\/product\/eliud_kipchoge_x_nike_zoom_vaporfly_4_no_human_is__0_60675.png\"},{\"@type\":\"BreadcrumbList\",\"@id\":\"https:\/\/tourcruiser.com\/fr\/products\/eliud-kipchoge-x-nike-zoom-vaporfly-4-no-human-is-limited-muti-color\/#breadcrumb\",\"itemListElement\":[{\"@type\":\"ListItem\",\"position\":1,\"name\":\"Home\",\"item\":\"https:\/\/tourcruiser.com\/fr\/\"},{\"@type\":\"ListItem\",\"position\":2,\"name\":\"Shop\",\"item\":\"https:\/\/tourcruiser.com\/fr\/shop\/\"},{\"@type\":\"ListItem\",\"position\":3,\"name\":\"Eliud Kipchoge x Nike Zoom Vaporfly 4 No Human is Limited 'Muti-Color'\"}]},{\"@type\":\"WebSite\",\"@id\":\"https:\/\/tourcruiser.com\/fr\/#website\",\"url\":\"https:\/\/tourcruiser.com\/fr\/\",\"name\":\"Styloral Jewelry Shop\",\"description\":\"Tourcruiser Sneaker Store \u2014 L\u2019endroit o\u00f9 l\u2019univers rencontre votre singularit\u00e9.\",\"publisher\":{\"@id\":\"https:\/\/tourcruiser.com\/fr\/#organization\"},\"potentialAction\":[{\"@type\":\"SearchAction\",\"target\":{\"@type\":\"EntryPoint\",\"urlTemplate\":\"https:\/\/tourcruiser.com\/fr\/?s={search_term_string}\"},\"query-input\":{\"@type\":\"PropertyValueSpecification\",\"valueRequired\":true,\"valueName\":\"search_term_string\"}}],\"inLanguage\":\"fr-FR\"},{\"@type\":\"Organization\",\"@id\":\"https:\/\/tourcruiser.com\/fr\/#organization\",\"name\":\"STYLORAL PTE. LTD\",\"url\":\"https:\/\/tourcruiser.com\/fr\/\",\"logo\":{\"@type\":\"ImageObject\",\"inLanguage\":\"fr-FR\",\"@id\":\"https:\/\/tourcruiser.com\/fr\/#\/schema\/logo\/image\/\",\"url\":\"https:\/\/www.tourcruiser.com\/wp-content\/uploads\/2025\/12\/logo.png\",\"contentUrl\":\"https:\/\/www.tourcruiser.com\/wp-content\/uploads\/2025\/12\/logo.png\",\"width\":200,\"height\":65,\"caption\":\"STYLORAL PTE. LTD\"},\"image\":{\"@id\":\"https:\/\/tourcruiser.com\/fr\/#\/schema\/logo\/image\/\"}}]}<\/script>\n<!-- \/ Yoast SEO plugin. -->","yoast_head_json":{"title":"Eliud Kipchoge x Nike Zoom Vaporfly 4 No Human is Limited 'Muti-Color' - TOURCRUISER PTE. LTD","robots":{"index":"index","follow":"follow","max-snippet":"max-snippet:-1","max-image-preview":"max-image-preview:large","max-video-preview":"max-video-preview:-1"},"canonical":"https:\/\/tourcruiser.com\/fr\/products\/eliud-kipchoge-x-nike-zoom-vaporfly-4-no-human-is-limited-muti-color\/","og_locale":"fr_FR","og_type":"article","og_title":"Eliud Kipchoge x Nike Zoom Vaporfly 4 No Human is Limited 'Muti-Color' - TOURCRUISER PTE. LTD","og_description":"Nike None \u201d\u201d Silt Red\/Green Shock\/Fire Pink\/Bright Ceramic\/Persian Violet\/Spruce Aura","og_url":"https:\/\/tourcruiser.com\/fr\/products\/eliud-kipchoge-x-nike-zoom-vaporfly-4-no-human-is-limited-muti-color\/","og_site_name":"Tourcruiser Sneaker Store","article_modified_time":"2026-03-14T11:08:24+00:00","twitter_card":"summary_large_image","twitter_image":"https:\/\/images.novelship.com\/product\/eliud_kipchoge_x_nike_zoom_vaporfly_4_no_human_is__0_60675.png","twitter_misc":{"Dur\u00e9e de lecture estim\u00e9e":"1 minute"},"schema":{"@context":"https:\/\/schema.org","@graph":[{"@type":"WebPage","@id":"https:\/\/tourcruiser.com\/fr\/products\/eliud-kipchoge-x-nike-zoom-vaporfly-4-no-human-is-limited-muti-color\/","url":"https:\/\/tourcruiser.com\/fr\/products\/eliud-kipchoge-x-nike-zoom-vaporfly-4-no-human-is-limited-muti-color\/","name":"Eliud Kipchoge x Nike Zoom Vaporfly 4 No Human is Limited 'Muti-Color' - TOURCRUISER PTE. LTD","isPartOf":{"@id":"https:\/\/tourcruiser.com\/fr\/#website"},"primaryImageOfPage":{"@id":"https:\/\/tourcruiser.com\/fr\/products\/eliud-kipchoge-x-nike-zoom-vaporfly-4-no-human-is-limited-muti-color\/#primaryimage"},"image":{"@id":"https:\/\/tourcruiser.com\/fr\/products\/eliud-kipchoge-x-nike-zoom-vaporfly-4-no-human-is-limited-muti-color\/#primaryimage"},"thumbnailUrl":"https:\/\/images.novelship.com\/product\/eliud_kipchoge_x_nike_zoom_vaporfly_4_no_human_is__0_60675.png","datePublished":"2026-03-02T07:42:03+00:00","dateModified":"2026-03-14T11:08:24+00:00","breadcrumb":{"@id":"https:\/\/tourcruiser.com\/fr\/products\/eliud-kipchoge-x-nike-zoom-vaporfly-4-no-human-is-limited-muti-color\/#breadcrumb"},"inLanguage":"fr-FR","potentialAction":[{"@type":"ReadAction","target":["https:\/\/tourcruiser.com\/fr\/products\/eliud-kipchoge-x-nike-zoom-vaporfly-4-no-human-is-limited-muti-color\/"]}]},{"@type":"ImageObject","inLanguage":"fr-FR","@id":"https:\/\/tourcruiser.com\/fr\/products\/eliud-kipchoge-x-nike-zoom-vaporfly-4-no-human-is-limited-muti-color\/#primaryimage","url":"https:\/\/images.novelship.com\/product\/eliud_kipchoge_x_nike_zoom_vaporfly_4_no_human_is__0_60675.png","contentUrl":"https:\/\/images.novelship.com\/product\/eliud_kipchoge_x_nike_zoom_vaporfly_4_no_human_is__0_60675.png"},{"@type":"BreadcrumbList","@id":"https:\/\/tourcruiser.com\/fr\/products\/eliud-kipchoge-x-nike-zoom-vaporfly-4-no-human-is-limited-muti-color\/#breadcrumb","itemListElement":[{"@type":"ListItem","position":1,"name":"Home","item":"https:\/\/tourcruiser.com\/fr\/"},{"@type":"ListItem","position":2,"name":"Shop","item":"https:\/\/tourcruiser.com\/fr\/shop\/"},{"@type":"ListItem","position":3,"name":"Eliud Kipchoge x Nike Zoom Vaporfly 4 No Human is Limited 'Muti-Color'"}]},{"@type":"WebSite","@id":"https:\/\/tourcruiser.com\/fr\/#website","url":"https:\/\/tourcruiser.com\/fr\/","name":"Styloral Jewelry Shop","description":"Tourcruiser Sneaker Store \u2014 L\u2019endroit o\u00f9 l\u2019univers rencontre votre singularit\u00e9.","publisher":{"@id":"https:\/\/tourcruiser.com\/fr\/#organization"},"potentialAction":[{"@type":"SearchAction","target":{"@type":"EntryPoint","urlTemplate":"https:\/\/tourcruiser.com\/fr\/?s={search_term_string}"},"query-input":{"@type":"PropertyValueSpecification","valueRequired":true,"valueName":"search_term_string"}}],"inLanguage":"fr-FR"},{"@type":"Organization","@id":"https:\/\/tourcruiser.com\/fr\/#organization","name":"STYLORAL PTE. LTD","url":"https:\/\/tourcruiser.com\/fr\/","logo":{"@type":"ImageObject","inLanguage":"fr-FR","@id":"https:\/\/tourcruiser.com\/fr\/#\/schema\/logo\/image\/","url":"https:\/\/www.tourcruiser.com\/wp-content\/uploads\/2025\/12\/logo.png","contentUrl":"https:\/\/www.tourcruiser.com\/wp-content\/uploads\/2025\/12\/logo.png","width":200,"height":65,"caption":"STYLORAL PTE. LTD"},"image":{"@id":"https:\/\/tourcruiser.com\/fr\/#\/schema\/logo\/image\/"}}]}},"_links":{"self":[{"href":"https:\/\/tourcruiser.com\/fr\/wp-json\/wp\/v2\/product\/32203","targetHints":{"allow":["GET"]}}],"collection":[{"href":"https:\/\/tourcruiser.com\/fr\/wp-json\/wp\/v2\/product"}],"about":[{"href":"https:\/\/tourcruiser.com\/fr\/wp-json\/wp\/v2\/types\/product"}],"replies":[{"embeddable":true,"href":"https:\/\/tourcruiser.com\/fr\/wp-json\/wp\/v2\/comments?post=32203"}],"wp:featuredmedia":[{"embeddable":true,"href":"https:\/\/tourcruiser.com\/fr\/wp-json\/wp\/v2\/media\/32204"}],"wp:attachment":[{"href":"https:\/\/tourcruiser.com\/fr\/wp-json\/wp\/v2\/media?parent=32203"}],"wp:term":[{"taxonomy":"product_brand","embeddable":true,"href":"https:\/\/tourcruiser.com\/fr\/wp-json\/wp\/v2\/product_brand?post=32203"},{"taxonomy":"product_cat","embeddable":true,"href":"https:\/\/tourcruiser.com\/fr\/wp-json\/wp\/v2\/product_cat?post=32203"},{"taxonomy":"product_tag","embeddable":true,"href":"https:\/\/tourcruiser.com\/fr\/wp-json\/wp\/v2\/product_tag?post=32203"}],"curies":[{"name":"wp","href":"https:\/\/api.w.org\/{rel}","templated":true}]}}