{"id":32017,"date":"2026-03-02T14:41:46","date_gmt":"2026-03-02T07:41:46","guid":{"rendered":"http:\/\/tourcruiser.com\/product\/nike-p-6000-premium-cordura-light-all-wood-brownlightningphantomgreen-abyss"},"modified":"2026-03-14T18:08:15","modified_gmt":"2026-03-14T11:08:15","slug":"nike-p-6000-premium-cordura-light-all-wood-brownlightningphantomgreen-abyss","status":"publish","type":"product","link":"https:\/\/tourcruiser.com\/fr\/products\/nike-p-6000-premium-cordura-light-all-wood-brownlightningphantomgreen-abyss\/","title":{"rendered":"Nike P-6000 Premium CORDURA\u00c2\u00ae Light All Wood Brown\/Lightning\/Phantom\/Green Abyss"},"content":{"rendered":"<p>D\u00e9couvrez le futur de la chaussure avec la Nike P-6000 Premium CORDURA\u00ae. Parfaite pour les influenceurs du monde entier, cette sneaker allie avec brio durabilit\u00e9 et style. Son coloris captivant, Light All Wood Brown\/Lightning\/Phantom\/Green Abyss, apporte une touche de sophistication \u00e0 toutes vos tenues, d\u00e9contract\u00e9es ou sportives. Confectionn\u00e9e en CORDURA\u00ae premium, elle r\u00e9siste aux aventures urbaines tout en offrant un confort optimal. D\u00e9finissez une nouvelle norme en mati\u00e8re de sneakers avec ce mod\u00e8le dynamique et profitez d&rsquo;une qualit\u00e9 et d&rsquo;une innovation in\u00e9gal\u00e9es \u00e0 chaque pas.<\/p>\n","protected":false},"excerpt":{"rendered":"<p>Nike P-6000 Premium CORDURA \u201d\u201d Light All Wood Brown\/Lightning\/Phantom\/Green Abyss<\/p>\n","protected":false},"featured_media":32018,"comment_status":"open","ping_status":"closed","template":"","meta":[],"product_brand":[],"product_cat":[10803],"product_tag":[10750,10754,10765,10801,10768,10758],"class_list":{"0":"post-32017","1":"product","2":"type-product","3":"status-publish","4":"has-post-thumbnail","6":"product_cat-nike","7":"product_tag-athleisure-shoes","8":"product_tag-lifestyle-casual-shoes","9":"product_tag-lifestyle-shoes-running-inspired","10":"product_tag-nike","11":"product_tag-retro-running-shoes","12":"product_tag-under-retail","13":"wcpa_has_options","15":"first","16":"instock","17":"taxable","18":"shipping-taxable","19":"purchasable","20":"product-type-simple"},"wcpa_form_fields":{"rules":{"pric_overide_base_price":false,"pric_overide_base_price_if_gt_zero":false,"pric_overide_base_price_fully":false,"pric_cal_option_once":false,"pric_use_as_fee":false,"bind_quantity":false,"quantity_bind_formula":false},"fields":[{"type":"color-group","required":true,"elementId":"wcpa-color-group-66c4a75505e74","label":"Taille","inline":true,"priceOptions":"different_for_all","pricingType":"fixed","className":"hassizechart product-shoes-size-eu product-shoes-size","name":"color-group-66c4a75505e89","disp_type":"square","selection_type":"tick-border","disp_size":"44","show_label_inside":true,"adjust_width":true,"cart_display_type":"text","other_text":"Other","cl_rule":"show","col":6,"values":[{"label":"35.5","value":"EU 35.5","price":"","pimage":"","pimage_id":"","pthumb":"","color":""},{"label":"36","value":"EU 36","price":"","pimage":"","pimage_id":"","pthumb":"","color":"","selected":true},{"label":"36.5","value":"EU 36.5","price":"","pimage":"","pimage_id":"","pthumb":"","color":""},{"label":"37.5","value":"EU 37.5","price":"","pimage":"","pimage_id":"","pthumb":"","color":""},{"label":"38","value":"EU 38","price":"","pimage":"","pimage_id":"","pthumb":"","color":""},{"label":"38.5","value":"EU 38.5","price":"","pimage":"","pimage_id":"","pthumb":"","color":""},{"label":"39","value":"EU 39","price":"","pimage":"","pimage_id":"","pthumb":"","color":""},{"label":"40","value":"EU 40","price":"","pimage":"","pimage_id":"","pthumb":"","color":""},{"label":"40.5","value":"EU 40.5","price":"","pimage":"","pimage_id":"","pthumb":"","color":""},{"label":"41","value":"EU 41","price":"","pimage":"","pimage_id":"","pthumb":"","color":""},{"label":"42","value":"EU 42","price":"","pimage":"","pimage_id":"","pthumb":"","color":""},{"label":"42.5","value":"EU 42.5","price":"","pimage":"","pimage_id":"","pthumb":"","color":""},{"label":"43","value":"EU 43","price":"","pimage":"","pimage_id":"","pthumb":"","color":""},{"label":"44","value":"EU 44","price":"","pimage":"","pimage_id":"","pthumb":"","color":""},{"label":"44.5","value":"EU 44.5","price":"","pimage":"","pimage_id":"","pthumb":"","color":""},{"label":"45","value":"EU 45","price":"","pimage":"","pimage_id":"","pthumb":"","color":""},{"label":"45.5","value":"EU 45.5","price":"","pimage":"","pimage_id":"","pthumb":"","color":""},{"label":"46","value":"EU 46","price":"","pimage":"","pimage_id":"","pthumb":"","color":""},{"label":"47","value":"EU 47","price":"","pimage":"","pimage_id":"","pthumb":"","color":""},{"label":"47.5","value":"EU 47.5","price":"","pimage":"","pimage_id":"","pthumb":"","color":""},{"label":"48","value":"EU 48","price":"","pimage":"","pimage_id":"","pthumb":"","color":""}],"relations":[{"operator":false,"rules":[]}],"form_id":18106,"form_rules":{"pric_cal_option_once":false,"exclude_from_discount":false,"pric_use_as_fee":false,"fee_label":"Fee","render_after_acb":false,"disp_hide_options_price":false}}]},"yoast_head":"<!-- This site is optimized with the Yoast SEO plugin v26.5 - https:\/\/yoast.com\/wordpress\/plugins\/seo\/ -->\n<title>Nike P-6000 Premium CORDURA\u00c2\u00ae Light All Wood Brown\/Lightning\/Phantom\/Green Abyss - TOURCRUISER PTE. LTD<\/title>\n<meta name=\"robots\" content=\"index, follow, max-snippet:-1, max-image-preview:large, max-video-preview:-1\" \/>\n<link rel=\"canonical\" href=\"https:\/\/tourcruiser.com\/fr\/products\/nike-p-6000-premium-cordura-light-all-wood-brownlightningphantomgreen-abyss\/\" \/>\n<meta property=\"og:locale\" content=\"fr_FR\" \/>\n<meta property=\"og:type\" content=\"article\" \/>\n<meta property=\"og:title\" content=\"Nike P-6000 Premium CORDURA\u00c2\u00ae Light All Wood Brown\/Lightning\/Phantom\/Green Abyss - TOURCRUISER PTE. LTD\" \/>\n<meta property=\"og:description\" content=\"Nike P-6000 Premium CORDURA \u201d\u201d Light All Wood Brown\/Lightning\/Phantom\/Green Abyss\" \/>\n<meta property=\"og:url\" content=\"https:\/\/tourcruiser.com\/fr\/products\/nike-p-6000-premium-cordura-light-all-wood-brownlightningphantomgreen-abyss\/\" \/>\n<meta property=\"og:site_name\" content=\"Tourcruiser Sneaker Store\" \/>\n<meta property=\"article:modified_time\" content=\"2026-03-14T11:08:15+00:00\" \/>\n<meta name=\"twitter:card\" content=\"summary_large_image\" \/>\n<meta name=\"twitter:image\" content=\"https:\/\/images.novelship.com\/product\/nike_p-6000_premium_cordura__light_all_wood_brown__0_77961.png\" \/>\n<script type=\"application\/ld+json\" class=\"yoast-schema-graph\">{\"@context\":\"https:\/\/schema.org\",\"@graph\":[{\"@type\":\"WebPage\",\"@id\":\"https:\/\/tourcruiser.com\/fr\/products\/nike-p-6000-premium-cordura-light-all-wood-brownlightningphantomgreen-abyss\/\",\"url\":\"https:\/\/tourcruiser.com\/fr\/products\/nike-p-6000-premium-cordura-light-all-wood-brownlightningphantomgreen-abyss\/\",\"name\":\"Nike P-6000 Premium CORDURA\u00c2\u00ae Light All Wood Brown\/Lightning\/Phantom\/Green Abyss - TOURCRUISER PTE. LTD\",\"isPartOf\":{\"@id\":\"https:\/\/tourcruiser.com\/fr\/#website\"},\"primaryImageOfPage\":{\"@id\":\"https:\/\/tourcruiser.com\/fr\/products\/nike-p-6000-premium-cordura-light-all-wood-brownlightningphantomgreen-abyss\/#primaryimage\"},\"image\":{\"@id\":\"https:\/\/tourcruiser.com\/fr\/products\/nike-p-6000-premium-cordura-light-all-wood-brownlightningphantomgreen-abyss\/#primaryimage\"},\"thumbnailUrl\":\"https:\/\/images.novelship.com\/product\/nike_p-6000_premium_cordura__light_all_wood_brown__0_77961.png\",\"datePublished\":\"2026-03-02T07:41:46+00:00\",\"dateModified\":\"2026-03-14T11:08:15+00:00\",\"breadcrumb\":{\"@id\":\"https:\/\/tourcruiser.com\/fr\/products\/nike-p-6000-premium-cordura-light-all-wood-brownlightningphantomgreen-abyss\/#breadcrumb\"},\"inLanguage\":\"fr-FR\",\"potentialAction\":[{\"@type\":\"ReadAction\",\"target\":[\"https:\/\/tourcruiser.com\/fr\/products\/nike-p-6000-premium-cordura-light-all-wood-brownlightningphantomgreen-abyss\/\"]}]},{\"@type\":\"ImageObject\",\"inLanguage\":\"fr-FR\",\"@id\":\"https:\/\/tourcruiser.com\/fr\/products\/nike-p-6000-premium-cordura-light-all-wood-brownlightningphantomgreen-abyss\/#primaryimage\",\"url\":\"https:\/\/images.novelship.com\/product\/nike_p-6000_premium_cordura__light_all_wood_brown__0_77961.png\",\"contentUrl\":\"https:\/\/images.novelship.com\/product\/nike_p-6000_premium_cordura__light_all_wood_brown__0_77961.png\"},{\"@type\":\"BreadcrumbList\",\"@id\":\"https:\/\/tourcruiser.com\/fr\/products\/nike-p-6000-premium-cordura-light-all-wood-brownlightningphantomgreen-abyss\/#breadcrumb\",\"itemListElement\":[{\"@type\":\"ListItem\",\"position\":1,\"name\":\"Home\",\"item\":\"https:\/\/tourcruiser.com\/fr\/\"},{\"@type\":\"ListItem\",\"position\":2,\"name\":\"Shop\",\"item\":\"https:\/\/tourcruiser.com\/fr\/shop\/\"},{\"@type\":\"ListItem\",\"position\":3,\"name\":\"Nike P-6000 Premium CORDURA\u00c2\u00ae Light All Wood Brown\/Lightning\/Phantom\/Green Abyss\"}]},{\"@type\":\"WebSite\",\"@id\":\"https:\/\/tourcruiser.com\/fr\/#website\",\"url\":\"https:\/\/tourcruiser.com\/fr\/\",\"name\":\"Styloral Jewelry Shop\",\"description\":\"Tourcruiser Sneaker Store \u2014 L\u2019endroit o\u00f9 l\u2019univers rencontre votre singularit\u00e9.\",\"publisher\":{\"@id\":\"https:\/\/tourcruiser.com\/fr\/#organization\"},\"potentialAction\":[{\"@type\":\"SearchAction\",\"target\":{\"@type\":\"EntryPoint\",\"urlTemplate\":\"https:\/\/tourcruiser.com\/fr\/?s={search_term_string}\"},\"query-input\":{\"@type\":\"PropertyValueSpecification\",\"valueRequired\":true,\"valueName\":\"search_term_string\"}}],\"inLanguage\":\"fr-FR\"},{\"@type\":\"Organization\",\"@id\":\"https:\/\/tourcruiser.com\/fr\/#organization\",\"name\":\"STYLORAL PTE. LTD\",\"url\":\"https:\/\/tourcruiser.com\/fr\/\",\"logo\":{\"@type\":\"ImageObject\",\"inLanguage\":\"fr-FR\",\"@id\":\"https:\/\/tourcruiser.com\/fr\/#\/schema\/logo\/image\/\",\"url\":\"https:\/\/www.tourcruiser.com\/wp-content\/uploads\/2025\/12\/logo.png\",\"contentUrl\":\"https:\/\/www.tourcruiser.com\/wp-content\/uploads\/2025\/12\/logo.png\",\"width\":200,\"height\":65,\"caption\":\"STYLORAL PTE. LTD\"},\"image\":{\"@id\":\"https:\/\/tourcruiser.com\/fr\/#\/schema\/logo\/image\/\"}}]}<\/script>\n<!-- \/ Yoast SEO plugin. -->","yoast_head_json":{"title":"Nike P-6000 Premium CORDURA\u00c2\u00ae Light All Wood Brown\/Lightning\/Phantom\/Green Abyss - TOURCRUISER PTE. LTD","robots":{"index":"index","follow":"follow","max-snippet":"max-snippet:-1","max-image-preview":"max-image-preview:large","max-video-preview":"max-video-preview:-1"},"canonical":"https:\/\/tourcruiser.com\/fr\/products\/nike-p-6000-premium-cordura-light-all-wood-brownlightningphantomgreen-abyss\/","og_locale":"fr_FR","og_type":"article","og_title":"Nike P-6000 Premium CORDURA\u00c2\u00ae Light All Wood Brown\/Lightning\/Phantom\/Green Abyss - TOURCRUISER PTE. LTD","og_description":"Nike P-6000 Premium CORDURA \u201d\u201d Light All Wood Brown\/Lightning\/Phantom\/Green Abyss","og_url":"https:\/\/tourcruiser.com\/fr\/products\/nike-p-6000-premium-cordura-light-all-wood-brownlightningphantomgreen-abyss\/","og_site_name":"Tourcruiser Sneaker Store","article_modified_time":"2026-03-14T11:08:15+00:00","twitter_card":"summary_large_image","twitter_image":"https:\/\/images.novelship.com\/product\/nike_p-6000_premium_cordura__light_all_wood_brown__0_77961.png","schema":{"@context":"https:\/\/schema.org","@graph":[{"@type":"WebPage","@id":"https:\/\/tourcruiser.com\/fr\/products\/nike-p-6000-premium-cordura-light-all-wood-brownlightningphantomgreen-abyss\/","url":"https:\/\/tourcruiser.com\/fr\/products\/nike-p-6000-premium-cordura-light-all-wood-brownlightningphantomgreen-abyss\/","name":"Nike P-6000 Premium CORDURA\u00c2\u00ae Light All Wood Brown\/Lightning\/Phantom\/Green Abyss - TOURCRUISER PTE. LTD","isPartOf":{"@id":"https:\/\/tourcruiser.com\/fr\/#website"},"primaryImageOfPage":{"@id":"https:\/\/tourcruiser.com\/fr\/products\/nike-p-6000-premium-cordura-light-all-wood-brownlightningphantomgreen-abyss\/#primaryimage"},"image":{"@id":"https:\/\/tourcruiser.com\/fr\/products\/nike-p-6000-premium-cordura-light-all-wood-brownlightningphantomgreen-abyss\/#primaryimage"},"thumbnailUrl":"https:\/\/images.novelship.com\/product\/nike_p-6000_premium_cordura__light_all_wood_brown__0_77961.png","datePublished":"2026-03-02T07:41:46+00:00","dateModified":"2026-03-14T11:08:15+00:00","breadcrumb":{"@id":"https:\/\/tourcruiser.com\/fr\/products\/nike-p-6000-premium-cordura-light-all-wood-brownlightningphantomgreen-abyss\/#breadcrumb"},"inLanguage":"fr-FR","potentialAction":[{"@type":"ReadAction","target":["https:\/\/tourcruiser.com\/fr\/products\/nike-p-6000-premium-cordura-light-all-wood-brownlightningphantomgreen-abyss\/"]}]},{"@type":"ImageObject","inLanguage":"fr-FR","@id":"https:\/\/tourcruiser.com\/fr\/products\/nike-p-6000-premium-cordura-light-all-wood-brownlightningphantomgreen-abyss\/#primaryimage","url":"https:\/\/images.novelship.com\/product\/nike_p-6000_premium_cordura__light_all_wood_brown__0_77961.png","contentUrl":"https:\/\/images.novelship.com\/product\/nike_p-6000_premium_cordura__light_all_wood_brown__0_77961.png"},{"@type":"BreadcrumbList","@id":"https:\/\/tourcruiser.com\/fr\/products\/nike-p-6000-premium-cordura-light-all-wood-brownlightningphantomgreen-abyss\/#breadcrumb","itemListElement":[{"@type":"ListItem","position":1,"name":"Home","item":"https:\/\/tourcruiser.com\/fr\/"},{"@type":"ListItem","position":2,"name":"Shop","item":"https:\/\/tourcruiser.com\/fr\/shop\/"},{"@type":"ListItem","position":3,"name":"Nike P-6000 Premium CORDURA\u00c2\u00ae Light All Wood Brown\/Lightning\/Phantom\/Green Abyss"}]},{"@type":"WebSite","@id":"https:\/\/tourcruiser.com\/fr\/#website","url":"https:\/\/tourcruiser.com\/fr\/","name":"Styloral Jewelry Shop","description":"Tourcruiser Sneaker Store \u2014 L\u2019endroit o\u00f9 l\u2019univers rencontre votre singularit\u00e9.","publisher":{"@id":"https:\/\/tourcruiser.com\/fr\/#organization"},"potentialAction":[{"@type":"SearchAction","target":{"@type":"EntryPoint","urlTemplate":"https:\/\/tourcruiser.com\/fr\/?s={search_term_string}"},"query-input":{"@type":"PropertyValueSpecification","valueRequired":true,"valueName":"search_term_string"}}],"inLanguage":"fr-FR"},{"@type":"Organization","@id":"https:\/\/tourcruiser.com\/fr\/#organization","name":"STYLORAL PTE. LTD","url":"https:\/\/tourcruiser.com\/fr\/","logo":{"@type":"ImageObject","inLanguage":"fr-FR","@id":"https:\/\/tourcruiser.com\/fr\/#\/schema\/logo\/image\/","url":"https:\/\/www.tourcruiser.com\/wp-content\/uploads\/2025\/12\/logo.png","contentUrl":"https:\/\/www.tourcruiser.com\/wp-content\/uploads\/2025\/12\/logo.png","width":200,"height":65,"caption":"STYLORAL PTE. LTD"},"image":{"@id":"https:\/\/tourcruiser.com\/fr\/#\/schema\/logo\/image\/"}}]}},"_links":{"self":[{"href":"https:\/\/tourcruiser.com\/fr\/wp-json\/wp\/v2\/product\/32017","targetHints":{"allow":["GET"]}}],"collection":[{"href":"https:\/\/tourcruiser.com\/fr\/wp-json\/wp\/v2\/product"}],"about":[{"href":"https:\/\/tourcruiser.com\/fr\/wp-json\/wp\/v2\/types\/product"}],"replies":[{"embeddable":true,"href":"https:\/\/tourcruiser.com\/fr\/wp-json\/wp\/v2\/comments?post=32017"}],"wp:featuredmedia":[{"embeddable":true,"href":"https:\/\/tourcruiser.com\/fr\/wp-json\/wp\/v2\/media\/32018"}],"wp:attachment":[{"href":"https:\/\/tourcruiser.com\/fr\/wp-json\/wp\/v2\/media?parent=32017"}],"wp:term":[{"taxonomy":"product_brand","embeddable":true,"href":"https:\/\/tourcruiser.com\/fr\/wp-json\/wp\/v2\/product_brand?post=32017"},{"taxonomy":"product_cat","embeddable":true,"href":"https:\/\/tourcruiser.com\/fr\/wp-json\/wp\/v2\/product_cat?post=32017"},{"taxonomy":"product_tag","embeddable":true,"href":"https:\/\/tourcruiser.com\/fr\/wp-json\/wp\/v2\/product_tag?post=32017"}],"curies":[{"name":"wp","href":"https:\/\/api.w.org\/{rel}","templated":true}]}}