{"id":31879,"date":"2026-03-02T14:41:35","date_gmt":"2026-03-02T07:41:35","guid":{"rendered":"http:\/\/tourcruiser.com\/product\/nike-acg-mountain-fly-2-low-gore-tex-dark-smoke-grey"},"modified":"2026-03-14T18:08:08","modified_gmt":"2026-03-14T11:08:08","slug":"nike-acg-mountain-fly-2-low-gore-tex-dark-smoke-grey","status":"publish","type":"product","link":"https:\/\/tourcruiser.com\/fr\/products\/nike-acg-mountain-fly-2-low-gore-tex-dark-smoke-grey\/","title":{"rendered":"Nike ACG Mountain Fly 2 Low Gore-Tex &lsquo;Dark Smoke Grey&rsquo;"},"content":{"rendered":"<p>D\u00e9couvrez la Nike ACG Mountain Fly 2 Low Gore-Tex \u00ab\u00a0Gris Fum\u00e9e Fonc\u00e9\u00a0\u00bb\u00a0: la chaussure id\u00e9ale pour les passionn\u00e9s d\u2019activit\u00e9s outdoor. Sa doublure GORE-TEX offre une protection optimale contre les intemp\u00e9ries, tandis que sa semelle interm\u00e9diaire en mousse r\u00e9active et sa semelle ext\u00e9rieure Vibram\u00ae Megagrip garantissent stabilit\u00e9 et adh\u00e9rence sur tous les terrains. Le col rembourr\u00e9 et le la\u00e7age ajustable assurent un confort maximal. Domptez la nature avec style et performance gr\u00e2ce \u00e0 la Nike ACG Mountain Fly 2 Low Gore-Tex \u00ab\u00a0Gris Fum\u00e9e Fonc\u00e9\u00a0\u00bb. <\/p>\n<ul>\n<li><strong>Coloris\u00a0:<\/strong> Gris fum\u00e9 fonc\u00e9\/Kaki-Brun clair<\/strong>\n<li><strong>Code article\u00a0:<\/strong> HF6245-002<\/li>\n<li><strong>Tige\u00a0:<\/strong> Mesh<\/li>\n<li><strong>Semelle interm\u00e9diaire\u00a0:<\/strong> React<\/li>\n<li><strong>Couleur\u00a0:<\/strong> Noir<\/li>\n<li><strong>Ann\u00e9e de sortie\u00a0:<\/strong> 2023<\/li>\n<\/ul>\n","protected":false},"excerpt":{"rendered":"<p>Nike ACG Mountain Fly 2 Low \u201d\u201d Dark Smoke Grey\/Khaki-Light Orewood Brown<\/p>\n","protected":false},"featured_media":31880,"comment_status":"open","ping_status":"closed","template":"","meta":[],"product_brand":[],"product_cat":[10803],"product_tag":[10753,11114,11774,10801,10802,10758,11116],"class_list":{"0":"post-31879","1":"product","2":"type-product","3":"status-publish","4":"has-post-thumbnail","6":"product_cat-nike","7":"product_tag-gift-for-him","8":"product_tag-hiking-shoes","9":"product_tag-lightweight-hiking-shoes","10":"product_tag-nike","11":"product_tag-performance-sport-shoes","12":"product_tag-under-retail","13":"product_tag-waterproof-hiking-shoes","14":"wcpa_has_options","16":"first","17":"instock","18":"taxable","19":"shipping-taxable","20":"purchasable","21":"product-type-simple"},"wcpa_form_fields":{"rules":{"pric_overide_base_price":false,"pric_overide_base_price_if_gt_zero":false,"pric_overide_base_price_fully":false,"pric_cal_option_once":false,"pric_use_as_fee":false,"bind_quantity":false,"quantity_bind_formula":false},"fields":[{"type":"color-group","required":true,"elementId":"wcpa-color-group-66c4a75505e74","label":"Taille","inline":true,"priceOptions":"different_for_all","pricingType":"fixed","className":"hassizechart product-shoes-size-eu product-shoes-size","name":"color-group-66c4a75505e89","disp_type":"square","selection_type":"tick-border","disp_size":"44","show_label_inside":true,"adjust_width":true,"cart_display_type":"text","other_text":"Other","cl_rule":"show","col":6,"values":[{"label":"35.5","value":"EU 35.5","price":"","pimage":"","pimage_id":"","pthumb":"","color":""},{"label":"36","value":"EU 36","price":"","pimage":"","pimage_id":"","pthumb":"","color":"","selected":true},{"label":"36.5","value":"EU 36.5","price":"","pimage":"","pimage_id":"","pthumb":"","color":""},{"label":"37.5","value":"EU 37.5","price":"","pimage":"","pimage_id":"","pthumb":"","color":""},{"label":"38","value":"EU 38","price":"","pimage":"","pimage_id":"","pthumb":"","color":""},{"label":"38.5","value":"EU 38.5","price":"","pimage":"","pimage_id":"","pthumb":"","color":""},{"label":"39","value":"EU 39","price":"","pimage":"","pimage_id":"","pthumb":"","color":""},{"label":"40","value":"EU 40","price":"","pimage":"","pimage_id":"","pthumb":"","color":""},{"label":"40.5","value":"EU 40.5","price":"","pimage":"","pimage_id":"","pthumb":"","color":""},{"label":"41","value":"EU 41","price":"","pimage":"","pimage_id":"","pthumb":"","color":""},{"label":"42","value":"EU 42","price":"","pimage":"","pimage_id":"","pthumb":"","color":""},{"label":"42.5","value":"EU 42.5","price":"","pimage":"","pimage_id":"","pthumb":"","color":""},{"label":"43","value":"EU 43","price":"","pimage":"","pimage_id":"","pthumb":"","color":""},{"label":"44","value":"EU 44","price":"","pimage":"","pimage_id":"","pthumb":"","color":""},{"label":"44.5","value":"EU 44.5","price":"","pimage":"","pimage_id":"","pthumb":"","color":""},{"label":"45","value":"EU 45","price":"","pimage":"","pimage_id":"","pthumb":"","color":""},{"label":"45.5","value":"EU 45.5","price":"","pimage":"","pimage_id":"","pthumb":"","color":""},{"label":"46","value":"EU 46","price":"","pimage":"","pimage_id":"","pthumb":"","color":""},{"label":"47","value":"EU 47","price":"","pimage":"","pimage_id":"","pthumb":"","color":""},{"label":"47.5","value":"EU 47.5","price":"","pimage":"","pimage_id":"","pthumb":"","color":""},{"label":"48","value":"EU 48","price":"","pimage":"","pimage_id":"","pthumb":"","color":""}],"relations":[{"operator":false,"rules":[]}],"form_id":18106,"form_rules":{"pric_cal_option_once":false,"exclude_from_discount":false,"pric_use_as_fee":false,"fee_label":"Fee","render_after_acb":false,"disp_hide_options_price":false}}]},"yoast_head":"<!-- This site is optimized with the Yoast SEO plugin v26.5 - https:\/\/yoast.com\/wordpress\/plugins\/seo\/ -->\n<title>Nike ACG Mountain Fly 2 Low Gore-Tex &#039;Dark Smoke Grey&#039; - TOURCRUISER PTE. LTD<\/title>\n<meta name=\"robots\" content=\"index, follow, max-snippet:-1, max-image-preview:large, max-video-preview:-1\" \/>\n<link rel=\"canonical\" href=\"https:\/\/tourcruiser.com\/fr\/products\/nike-acg-mountain-fly-2-low-gore-tex-dark-smoke-grey\/\" \/>\n<meta property=\"og:locale\" content=\"fr_FR\" \/>\n<meta property=\"og:type\" content=\"article\" \/>\n<meta property=\"og:title\" content=\"Nike ACG Mountain Fly 2 Low Gore-Tex &#039;Dark Smoke Grey&#039; - TOURCRUISER PTE. LTD\" \/>\n<meta property=\"og:description\" content=\"Nike ACG Mountain Fly 2 Low \u201d\u201d Dark Smoke Grey\/Khaki-Light Orewood Brown\" \/>\n<meta property=\"og:url\" content=\"https:\/\/tourcruiser.com\/fr\/products\/nike-acg-mountain-fly-2-low-gore-tex-dark-smoke-grey\/\" \/>\n<meta property=\"og:site_name\" content=\"Tourcruiser Sneaker Store\" \/>\n<meta property=\"article:modified_time\" content=\"2026-03-14T11:08:08+00:00\" \/>\n<meta name=\"twitter:card\" content=\"summary_large_image\" \/>\n<meta name=\"twitter:image\" content=\"https:\/\/images.novelship.com\/product\/nike_acg_mountain_fly_2_low_gore_tex__dark_smoke_g_0_61583.octet-stream\" \/>\n<meta name=\"twitter:label1\" content=\"Dur\u00e9e de lecture estim\u00e9e\" \/>\n\t<meta name=\"twitter:data1\" content=\"1 minute\" \/>\n<script type=\"application\/ld+json\" class=\"yoast-schema-graph\">{\"@context\":\"https:\/\/schema.org\",\"@graph\":[{\"@type\":\"WebPage\",\"@id\":\"https:\/\/tourcruiser.com\/fr\/products\/nike-acg-mountain-fly-2-low-gore-tex-dark-smoke-grey\/\",\"url\":\"https:\/\/tourcruiser.com\/fr\/products\/nike-acg-mountain-fly-2-low-gore-tex-dark-smoke-grey\/\",\"name\":\"Nike ACG Mountain Fly 2 Low Gore-Tex 'Dark Smoke Grey' - TOURCRUISER PTE. LTD\",\"isPartOf\":{\"@id\":\"https:\/\/tourcruiser.com\/fr\/#website\"},\"primaryImageOfPage\":{\"@id\":\"https:\/\/tourcruiser.com\/fr\/products\/nike-acg-mountain-fly-2-low-gore-tex-dark-smoke-grey\/#primaryimage\"},\"image\":{\"@id\":\"https:\/\/tourcruiser.com\/fr\/products\/nike-acg-mountain-fly-2-low-gore-tex-dark-smoke-grey\/#primaryimage\"},\"thumbnailUrl\":\"https:\/\/images.novelship.com\/product\/nike_acg_mountain_fly_2_low_gore_tex__dark_smoke_g_0_61583.octet-stream\",\"datePublished\":\"2026-03-02T07:41:35+00:00\",\"dateModified\":\"2026-03-14T11:08:08+00:00\",\"breadcrumb\":{\"@id\":\"https:\/\/tourcruiser.com\/fr\/products\/nike-acg-mountain-fly-2-low-gore-tex-dark-smoke-grey\/#breadcrumb\"},\"inLanguage\":\"fr-FR\",\"potentialAction\":[{\"@type\":\"ReadAction\",\"target\":[\"https:\/\/tourcruiser.com\/fr\/products\/nike-acg-mountain-fly-2-low-gore-tex-dark-smoke-grey\/\"]}]},{\"@type\":\"ImageObject\",\"inLanguage\":\"fr-FR\",\"@id\":\"https:\/\/tourcruiser.com\/fr\/products\/nike-acg-mountain-fly-2-low-gore-tex-dark-smoke-grey\/#primaryimage\",\"url\":\"https:\/\/images.novelship.com\/product\/nike_acg_mountain_fly_2_low_gore_tex__dark_smoke_g_0_61583.octet-stream\",\"contentUrl\":\"https:\/\/images.novelship.com\/product\/nike_acg_mountain_fly_2_low_gore_tex__dark_smoke_g_0_61583.octet-stream\"},{\"@type\":\"BreadcrumbList\",\"@id\":\"https:\/\/tourcruiser.com\/fr\/products\/nike-acg-mountain-fly-2-low-gore-tex-dark-smoke-grey\/#breadcrumb\",\"itemListElement\":[{\"@type\":\"ListItem\",\"position\":1,\"name\":\"Home\",\"item\":\"https:\/\/tourcruiser.com\/fr\/\"},{\"@type\":\"ListItem\",\"position\":2,\"name\":\"Shop\",\"item\":\"https:\/\/tourcruiser.com\/fr\/shop\/\"},{\"@type\":\"ListItem\",\"position\":3,\"name\":\"Nike ACG Mountain Fly 2 Low Gore-Tex 'Dark Smoke Grey'\"}]},{\"@type\":\"WebSite\",\"@id\":\"https:\/\/tourcruiser.com\/fr\/#website\",\"url\":\"https:\/\/tourcruiser.com\/fr\/\",\"name\":\"Styloral Jewelry Shop\",\"description\":\"Tourcruiser Sneaker Store \u2014 L\u2019endroit o\u00f9 l\u2019univers rencontre votre singularit\u00e9.\",\"publisher\":{\"@id\":\"https:\/\/tourcruiser.com\/fr\/#organization\"},\"potentialAction\":[{\"@type\":\"SearchAction\",\"target\":{\"@type\":\"EntryPoint\",\"urlTemplate\":\"https:\/\/tourcruiser.com\/fr\/?s={search_term_string}\"},\"query-input\":{\"@type\":\"PropertyValueSpecification\",\"valueRequired\":true,\"valueName\":\"search_term_string\"}}],\"inLanguage\":\"fr-FR\"},{\"@type\":\"Organization\",\"@id\":\"https:\/\/tourcruiser.com\/fr\/#organization\",\"name\":\"STYLORAL PTE. LTD\",\"url\":\"https:\/\/tourcruiser.com\/fr\/\",\"logo\":{\"@type\":\"ImageObject\",\"inLanguage\":\"fr-FR\",\"@id\":\"https:\/\/tourcruiser.com\/fr\/#\/schema\/logo\/image\/\",\"url\":\"https:\/\/www.tourcruiser.com\/wp-content\/uploads\/2025\/12\/logo.png\",\"contentUrl\":\"https:\/\/www.tourcruiser.com\/wp-content\/uploads\/2025\/12\/logo.png\",\"width\":200,\"height\":65,\"caption\":\"STYLORAL PTE. LTD\"},\"image\":{\"@id\":\"https:\/\/tourcruiser.com\/fr\/#\/schema\/logo\/image\/\"}}]}<\/script>\n<!-- \/ Yoast SEO plugin. -->","yoast_head_json":{"title":"Nike ACG Mountain Fly 2 Low Gore-Tex 'Dark Smoke Grey' - TOURCRUISER PTE. LTD","robots":{"index":"index","follow":"follow","max-snippet":"max-snippet:-1","max-image-preview":"max-image-preview:large","max-video-preview":"max-video-preview:-1"},"canonical":"https:\/\/tourcruiser.com\/fr\/products\/nike-acg-mountain-fly-2-low-gore-tex-dark-smoke-grey\/","og_locale":"fr_FR","og_type":"article","og_title":"Nike ACG Mountain Fly 2 Low Gore-Tex 'Dark Smoke Grey' - TOURCRUISER PTE. LTD","og_description":"Nike ACG Mountain Fly 2 Low \u201d\u201d Dark Smoke Grey\/Khaki-Light Orewood Brown","og_url":"https:\/\/tourcruiser.com\/fr\/products\/nike-acg-mountain-fly-2-low-gore-tex-dark-smoke-grey\/","og_site_name":"Tourcruiser Sneaker Store","article_modified_time":"2026-03-14T11:08:08+00:00","twitter_card":"summary_large_image","twitter_image":"https:\/\/images.novelship.com\/product\/nike_acg_mountain_fly_2_low_gore_tex__dark_smoke_g_0_61583.octet-stream","twitter_misc":{"Dur\u00e9e de lecture estim\u00e9e":"1 minute"},"schema":{"@context":"https:\/\/schema.org","@graph":[{"@type":"WebPage","@id":"https:\/\/tourcruiser.com\/fr\/products\/nike-acg-mountain-fly-2-low-gore-tex-dark-smoke-grey\/","url":"https:\/\/tourcruiser.com\/fr\/products\/nike-acg-mountain-fly-2-low-gore-tex-dark-smoke-grey\/","name":"Nike ACG Mountain Fly 2 Low Gore-Tex 'Dark Smoke Grey' - TOURCRUISER PTE. LTD","isPartOf":{"@id":"https:\/\/tourcruiser.com\/fr\/#website"},"primaryImageOfPage":{"@id":"https:\/\/tourcruiser.com\/fr\/products\/nike-acg-mountain-fly-2-low-gore-tex-dark-smoke-grey\/#primaryimage"},"image":{"@id":"https:\/\/tourcruiser.com\/fr\/products\/nike-acg-mountain-fly-2-low-gore-tex-dark-smoke-grey\/#primaryimage"},"thumbnailUrl":"https:\/\/images.novelship.com\/product\/nike_acg_mountain_fly_2_low_gore_tex__dark_smoke_g_0_61583.octet-stream","datePublished":"2026-03-02T07:41:35+00:00","dateModified":"2026-03-14T11:08:08+00:00","breadcrumb":{"@id":"https:\/\/tourcruiser.com\/fr\/products\/nike-acg-mountain-fly-2-low-gore-tex-dark-smoke-grey\/#breadcrumb"},"inLanguage":"fr-FR","potentialAction":[{"@type":"ReadAction","target":["https:\/\/tourcruiser.com\/fr\/products\/nike-acg-mountain-fly-2-low-gore-tex-dark-smoke-grey\/"]}]},{"@type":"ImageObject","inLanguage":"fr-FR","@id":"https:\/\/tourcruiser.com\/fr\/products\/nike-acg-mountain-fly-2-low-gore-tex-dark-smoke-grey\/#primaryimage","url":"https:\/\/images.novelship.com\/product\/nike_acg_mountain_fly_2_low_gore_tex__dark_smoke_g_0_61583.octet-stream","contentUrl":"https:\/\/images.novelship.com\/product\/nike_acg_mountain_fly_2_low_gore_tex__dark_smoke_g_0_61583.octet-stream"},{"@type":"BreadcrumbList","@id":"https:\/\/tourcruiser.com\/fr\/products\/nike-acg-mountain-fly-2-low-gore-tex-dark-smoke-grey\/#breadcrumb","itemListElement":[{"@type":"ListItem","position":1,"name":"Home","item":"https:\/\/tourcruiser.com\/fr\/"},{"@type":"ListItem","position":2,"name":"Shop","item":"https:\/\/tourcruiser.com\/fr\/shop\/"},{"@type":"ListItem","position":3,"name":"Nike ACG Mountain Fly 2 Low Gore-Tex 'Dark Smoke Grey'"}]},{"@type":"WebSite","@id":"https:\/\/tourcruiser.com\/fr\/#website","url":"https:\/\/tourcruiser.com\/fr\/","name":"Styloral Jewelry Shop","description":"Tourcruiser Sneaker Store \u2014 L\u2019endroit o\u00f9 l\u2019univers rencontre votre singularit\u00e9.","publisher":{"@id":"https:\/\/tourcruiser.com\/fr\/#organization"},"potentialAction":[{"@type":"SearchAction","target":{"@type":"EntryPoint","urlTemplate":"https:\/\/tourcruiser.com\/fr\/?s={search_term_string}"},"query-input":{"@type":"PropertyValueSpecification","valueRequired":true,"valueName":"search_term_string"}}],"inLanguage":"fr-FR"},{"@type":"Organization","@id":"https:\/\/tourcruiser.com\/fr\/#organization","name":"STYLORAL PTE. LTD","url":"https:\/\/tourcruiser.com\/fr\/","logo":{"@type":"ImageObject","inLanguage":"fr-FR","@id":"https:\/\/tourcruiser.com\/fr\/#\/schema\/logo\/image\/","url":"https:\/\/www.tourcruiser.com\/wp-content\/uploads\/2025\/12\/logo.png","contentUrl":"https:\/\/www.tourcruiser.com\/wp-content\/uploads\/2025\/12\/logo.png","width":200,"height":65,"caption":"STYLORAL PTE. LTD"},"image":{"@id":"https:\/\/tourcruiser.com\/fr\/#\/schema\/logo\/image\/"}}]}},"_links":{"self":[{"href":"https:\/\/tourcruiser.com\/fr\/wp-json\/wp\/v2\/product\/31879","targetHints":{"allow":["GET"]}}],"collection":[{"href":"https:\/\/tourcruiser.com\/fr\/wp-json\/wp\/v2\/product"}],"about":[{"href":"https:\/\/tourcruiser.com\/fr\/wp-json\/wp\/v2\/types\/product"}],"replies":[{"embeddable":true,"href":"https:\/\/tourcruiser.com\/fr\/wp-json\/wp\/v2\/comments?post=31879"}],"wp:featuredmedia":[{"embeddable":true,"href":"https:\/\/tourcruiser.com\/fr\/wp-json\/wp\/v2\/media\/31880"}],"wp:attachment":[{"href":"https:\/\/tourcruiser.com\/fr\/wp-json\/wp\/v2\/media?parent=31879"}],"wp:term":[{"taxonomy":"product_brand","embeddable":true,"href":"https:\/\/tourcruiser.com\/fr\/wp-json\/wp\/v2\/product_brand?post=31879"},{"taxonomy":"product_cat","embeddable":true,"href":"https:\/\/tourcruiser.com\/fr\/wp-json\/wp\/v2\/product_cat?post=31879"},{"taxonomy":"product_tag","embeddable":true,"href":"https:\/\/tourcruiser.com\/fr\/wp-json\/wp\/v2\/product_tag?post=31879"}],"curies":[{"name":"wp","href":"https:\/\/api.w.org\/{rel}","templated":true}]}}