{"id":31652,"date":"2026-03-02T14:41:16","date_gmt":"2026-03-02T07:41:16","guid":{"rendered":"http:\/\/tourcruiser.com\/product\/asics-sky-elite-ff-mt-3-volleyball-sneakers-whitedragon-fruit"},"modified":"2026-03-14T18:07:58","modified_gmt":"2026-03-14T11:07:58","slug":"asics-sky-elite-ff-mt-3-volleyball-sneakers-whitedragon-fruit","status":"publish","type":"product","link":"https:\/\/tourcruiser.com\/fr\/products\/asics-sky-elite-ff-mt-3-volleyball-sneakers-whitedragon-fruit\/","title":{"rendered":"Asics Sky Elite FF MT 3 Volleyball Sneakers White\/Dragon Fruit"},"content":{"rendered":"<p>Am\u00e9liorez vos performances au volleyball avec les chaussures Asics Sky Elite FF MT 3, coloris blanc\/fruit du dragon. Con\u00e7ues pour les athl\u00e8tes du monde entier, ces chaussures dynamiques offrent un excellent amorti et une stabilit\u00e9 accrue pour les matchs les plus intenses. La technologie FlyteFoam innovante procure une sensation de l\u00e9g\u00e8ret\u00e9, tandis que la semelle ext\u00e9rieure adh\u00e9rente assure une traction optimale sur le terrain. B\u00e9n\u00e9ficiez d&rsquo;une agilit\u00e9 in\u00e9gal\u00e9e et de sauts explosifs gr\u00e2ce \u00e0 un ajustement parfait et des mat\u00e9riaux respirants. D\u00e9passez vos limites gr\u00e2ce au design haut de gamme et aux couleurs \u00e9clatantes d&rsquo;Asics \u2013 un v\u00e9ritable atout pour votre jeu. Coloris\u00a0: Blanc\/Fruit du dragon. Num\u00e9ro d&rsquo;article\u00a0: 1053A080-100. Couleur\u00a0: Blanc.<\/p>\n","protected":false},"excerpt":{"rendered":"<p>ASICS Sky Elite FF MT 3 \u201d\u201d White\/Dragon Fruit<\/p>\n","protected":false},"featured_media":31653,"comment_status":"open","ping_status":"closed","template":"","meta":[],"product_brand":[],"product_cat":[10792],"product_tag":[10791,10751,10911,10802,10912],"class_list":{"0":"post-31652","1":"product","2":"type-product","3":"status-publish","4":"has-post-thumbnail","6":"product_cat-asics","7":"product_tag-asics","8":"product_tag-best-seller","9":"product_tag-indoor-court-shoes","10":"product_tag-performance-sport-shoes","11":"product_tag-volleyball-shoes","12":"wcpa_has_options","14":"first","15":"instock","16":"taxable","17":"shipping-taxable","18":"purchasable","19":"product-type-simple"},"wcpa_form_fields":{"rules":{"pric_overide_base_price":false,"pric_overide_base_price_if_gt_zero":false,"pric_overide_base_price_fully":false,"pric_cal_option_once":false,"pric_use_as_fee":false,"bind_quantity":false,"quantity_bind_formula":false},"fields":[{"type":"color-group","required":true,"elementId":"wcpa-color-group-69a5ab08ee12d","label":"Taille","inline":true,"priceOptions":"different_for_all","pricingType":"fixed","className":"hassizechart product-shoes-size-eu product-shoes-size","name":"color-group-69a5ab08ee136","disp_type":"square","selection_type":"tick-border","disp_size":"50","show_label_inside":true,"adjust_width":true,"cart_display_type":"text","other_text":"Other","cl_rule":"show","col":6,"values":[{"label":"36","value":"EU 36","price":"","pimage":"","pimage_id":"","pthumb":"","color":"","selected":true},{"label":"37","value":"EU 37","price":"","pimage":"","pimage_id":"","pthumb":"","color":""},{"label":"37.5","value":"EU 37.5","price":"","pimage":"","pimage_id":"","pthumb":"","color":""},{"label":"38","value":"EU 38","price":"","pimage":"","pimage_id":"","pthumb":"","color":""},{"label":"38.5","value":"EU 38.5","price":"","pimage":"","pimage_id":"","pthumb":"","color":""},{"label":"39","value":"EU 39","price":"","pimage":"","pimage_id":"","pthumb":"","color":""},{"label":"39.5","value":"EU 39.5","price":"","pimage":"","pimage_id":"","pthumb":"","color":""},{"label":"40","value":"EU 40","price":"","pimage":"","pimage_id":"","pthumb":"","color":""},{"label":"40.5","value":"EU 40.5","price":"","pimage":"","pimage_id":"","pthumb":"","color":""},{"label":" 41.5","value":"EU 41.5","price":"","pimage":"","pimage_id":"","pthumb":"","color":""},{"label":"42","value":"EU 42","price":"","pimage":"","pimage_id":"","pthumb":"","color":""},{"label":"42.5","value":"EU 42.5","price":"","pimage":"","pimage_id":"","pthumb":"","color":""},{"label":"43","value":"EU 43","price":"","pimage":"","pimage_id":"","pthumb":"","color":""},{"label":"44","value":"EU 44","price":"","pimage":"","pimage_id":"","pthumb":"","color":""},{"label":"44.5","value":"EU 44.5","price":"","pimage":"","pimage_id":"","pthumb":"","color":""},{"label":"45","value":"EU 45","price":"","pimage":"","pimage_id":"","pthumb":"","color":""},{"label":"45.5","value":"EU 45.5","price":"","pimage":"","pimage_id":"","pthumb":"","color":""},{"label":"46","value":"EU 46","price":"","pimage":"","pimage_id":"","pthumb":"","color":""},{"label":"46.5","value":"EU 46.5","price":"","pimage":"","pimage_id":"","pthumb":"","color":""},{"label":"47","value":"EU 47","price":"","pimage":"","pimage_id":"","pthumb":"","color":""}],"relations":[{"operator":false,"rules":[]}],"form_id":184311,"form_rules":{"pric_cal_option_once":false,"exclude_from_discount":false,"pric_use_as_fee":false,"fee_label":"Fee","render_after_acb":false,"disp_hide_options_price":false}}]},"yoast_head":"<!-- This site is optimized with the Yoast SEO plugin v26.5 - https:\/\/yoast.com\/wordpress\/plugins\/seo\/ -->\n<title>Asics Sky Elite FF MT 3 Volleyball Sneakers White\/Dragon Fruit - TOURCRUISER PTE. LTD<\/title>\n<meta name=\"robots\" content=\"index, follow, max-snippet:-1, max-image-preview:large, max-video-preview:-1\" \/>\n<link rel=\"canonical\" href=\"https:\/\/tourcruiser.com\/fr\/products\/asics-sky-elite-ff-mt-3-volleyball-sneakers-whitedragon-fruit\/\" \/>\n<meta property=\"og:locale\" content=\"fr_FR\" \/>\n<meta property=\"og:type\" content=\"article\" \/>\n<meta property=\"og:title\" content=\"Asics Sky Elite FF MT 3 Volleyball Sneakers White\/Dragon Fruit - TOURCRUISER PTE. LTD\" \/>\n<meta property=\"og:description\" content=\"ASICS Sky Elite FF MT 3 \u201d\u201d White\/Dragon Fruit\" \/>\n<meta property=\"og:url\" content=\"https:\/\/tourcruiser.com\/fr\/products\/asics-sky-elite-ff-mt-3-volleyball-sneakers-whitedragon-fruit\/\" \/>\n<meta property=\"og:site_name\" content=\"Tourcruiser Sneaker Store\" \/>\n<meta property=\"article:modified_time\" content=\"2026-03-14T11:07:58+00:00\" \/>\n<meta name=\"twitter:card\" content=\"summary_large_image\" \/>\n<meta name=\"twitter:image\" content=\"https:\/\/images.novelship.com\/product\/asics_sky_elite_ff_mt_3_volleyball_sneakers_white__0_31287.jpeg\" \/>\n<meta name=\"twitter:label1\" content=\"Dur\u00e9e de lecture estim\u00e9e\" \/>\n\t<meta name=\"twitter:data1\" content=\"1 minute\" \/>\n<script type=\"application\/ld+json\" class=\"yoast-schema-graph\">{\"@context\":\"https:\/\/schema.org\",\"@graph\":[{\"@type\":\"WebPage\",\"@id\":\"https:\/\/tourcruiser.com\/fr\/products\/asics-sky-elite-ff-mt-3-volleyball-sneakers-whitedragon-fruit\/\",\"url\":\"https:\/\/tourcruiser.com\/fr\/products\/asics-sky-elite-ff-mt-3-volleyball-sneakers-whitedragon-fruit\/\",\"name\":\"Asics Sky Elite FF MT 3 Volleyball Sneakers White\/Dragon Fruit - TOURCRUISER PTE. LTD\",\"isPartOf\":{\"@id\":\"https:\/\/tourcruiser.com\/fr\/#website\"},\"primaryImageOfPage\":{\"@id\":\"https:\/\/tourcruiser.com\/fr\/products\/asics-sky-elite-ff-mt-3-volleyball-sneakers-whitedragon-fruit\/#primaryimage\"},\"image\":{\"@id\":\"https:\/\/tourcruiser.com\/fr\/products\/asics-sky-elite-ff-mt-3-volleyball-sneakers-whitedragon-fruit\/#primaryimage\"},\"thumbnailUrl\":\"https:\/\/images.novelship.com\/product\/asics_sky_elite_ff_mt_3_volleyball_sneakers_white__0_31287.jpeg\",\"datePublished\":\"2026-03-02T07:41:16+00:00\",\"dateModified\":\"2026-03-14T11:07:58+00:00\",\"breadcrumb\":{\"@id\":\"https:\/\/tourcruiser.com\/fr\/products\/asics-sky-elite-ff-mt-3-volleyball-sneakers-whitedragon-fruit\/#breadcrumb\"},\"inLanguage\":\"fr-FR\",\"potentialAction\":[{\"@type\":\"ReadAction\",\"target\":[\"https:\/\/tourcruiser.com\/fr\/products\/asics-sky-elite-ff-mt-3-volleyball-sneakers-whitedragon-fruit\/\"]}]},{\"@type\":\"ImageObject\",\"inLanguage\":\"fr-FR\",\"@id\":\"https:\/\/tourcruiser.com\/fr\/products\/asics-sky-elite-ff-mt-3-volleyball-sneakers-whitedragon-fruit\/#primaryimage\",\"url\":\"https:\/\/images.novelship.com\/product\/asics_sky_elite_ff_mt_3_volleyball_sneakers_white__0_31287.jpeg\",\"contentUrl\":\"https:\/\/images.novelship.com\/product\/asics_sky_elite_ff_mt_3_volleyball_sneakers_white__0_31287.jpeg\"},{\"@type\":\"BreadcrumbList\",\"@id\":\"https:\/\/tourcruiser.com\/fr\/products\/asics-sky-elite-ff-mt-3-volleyball-sneakers-whitedragon-fruit\/#breadcrumb\",\"itemListElement\":[{\"@type\":\"ListItem\",\"position\":1,\"name\":\"Home\",\"item\":\"https:\/\/tourcruiser.com\/fr\/\"},{\"@type\":\"ListItem\",\"position\":2,\"name\":\"Shop\",\"item\":\"https:\/\/tourcruiser.com\/fr\/shop\/\"},{\"@type\":\"ListItem\",\"position\":3,\"name\":\"Asics Sky Elite FF MT 3 Volleyball Sneakers White\/Dragon Fruit\"}]},{\"@type\":\"WebSite\",\"@id\":\"https:\/\/tourcruiser.com\/fr\/#website\",\"url\":\"https:\/\/tourcruiser.com\/fr\/\",\"name\":\"Styloral Jewelry Shop\",\"description\":\"Tourcruiser Sneaker Store \u2014 L\u2019endroit o\u00f9 l\u2019univers rencontre votre singularit\u00e9.\",\"publisher\":{\"@id\":\"https:\/\/tourcruiser.com\/fr\/#organization\"},\"potentialAction\":[{\"@type\":\"SearchAction\",\"target\":{\"@type\":\"EntryPoint\",\"urlTemplate\":\"https:\/\/tourcruiser.com\/fr\/?s={search_term_string}\"},\"query-input\":{\"@type\":\"PropertyValueSpecification\",\"valueRequired\":true,\"valueName\":\"search_term_string\"}}],\"inLanguage\":\"fr-FR\"},{\"@type\":\"Organization\",\"@id\":\"https:\/\/tourcruiser.com\/fr\/#organization\",\"name\":\"STYLORAL PTE. LTD\",\"url\":\"https:\/\/tourcruiser.com\/fr\/\",\"logo\":{\"@type\":\"ImageObject\",\"inLanguage\":\"fr-FR\",\"@id\":\"https:\/\/tourcruiser.com\/fr\/#\/schema\/logo\/image\/\",\"url\":\"https:\/\/www.tourcruiser.com\/wp-content\/uploads\/2025\/12\/logo.png\",\"contentUrl\":\"https:\/\/www.tourcruiser.com\/wp-content\/uploads\/2025\/12\/logo.png\",\"width\":200,\"height\":65,\"caption\":\"STYLORAL PTE. LTD\"},\"image\":{\"@id\":\"https:\/\/tourcruiser.com\/fr\/#\/schema\/logo\/image\/\"}}]}<\/script>\n<!-- \/ Yoast SEO plugin. -->","yoast_head_json":{"title":"Asics Sky Elite FF MT 3 Volleyball Sneakers White\/Dragon Fruit - TOURCRUISER PTE. LTD","robots":{"index":"index","follow":"follow","max-snippet":"max-snippet:-1","max-image-preview":"max-image-preview:large","max-video-preview":"max-video-preview:-1"},"canonical":"https:\/\/tourcruiser.com\/fr\/products\/asics-sky-elite-ff-mt-3-volleyball-sneakers-whitedragon-fruit\/","og_locale":"fr_FR","og_type":"article","og_title":"Asics Sky Elite FF MT 3 Volleyball Sneakers White\/Dragon Fruit - TOURCRUISER PTE. LTD","og_description":"ASICS Sky Elite FF MT 3 \u201d\u201d White\/Dragon Fruit","og_url":"https:\/\/tourcruiser.com\/fr\/products\/asics-sky-elite-ff-mt-3-volleyball-sneakers-whitedragon-fruit\/","og_site_name":"Tourcruiser Sneaker Store","article_modified_time":"2026-03-14T11:07:58+00:00","twitter_card":"summary_large_image","twitter_image":"https:\/\/images.novelship.com\/product\/asics_sky_elite_ff_mt_3_volleyball_sneakers_white__0_31287.jpeg","twitter_misc":{"Dur\u00e9e de lecture estim\u00e9e":"1 minute"},"schema":{"@context":"https:\/\/schema.org","@graph":[{"@type":"WebPage","@id":"https:\/\/tourcruiser.com\/fr\/products\/asics-sky-elite-ff-mt-3-volleyball-sneakers-whitedragon-fruit\/","url":"https:\/\/tourcruiser.com\/fr\/products\/asics-sky-elite-ff-mt-3-volleyball-sneakers-whitedragon-fruit\/","name":"Asics Sky Elite FF MT 3 Volleyball Sneakers White\/Dragon Fruit - TOURCRUISER PTE. LTD","isPartOf":{"@id":"https:\/\/tourcruiser.com\/fr\/#website"},"primaryImageOfPage":{"@id":"https:\/\/tourcruiser.com\/fr\/products\/asics-sky-elite-ff-mt-3-volleyball-sneakers-whitedragon-fruit\/#primaryimage"},"image":{"@id":"https:\/\/tourcruiser.com\/fr\/products\/asics-sky-elite-ff-mt-3-volleyball-sneakers-whitedragon-fruit\/#primaryimage"},"thumbnailUrl":"https:\/\/images.novelship.com\/product\/asics_sky_elite_ff_mt_3_volleyball_sneakers_white__0_31287.jpeg","datePublished":"2026-03-02T07:41:16+00:00","dateModified":"2026-03-14T11:07:58+00:00","breadcrumb":{"@id":"https:\/\/tourcruiser.com\/fr\/products\/asics-sky-elite-ff-mt-3-volleyball-sneakers-whitedragon-fruit\/#breadcrumb"},"inLanguage":"fr-FR","potentialAction":[{"@type":"ReadAction","target":["https:\/\/tourcruiser.com\/fr\/products\/asics-sky-elite-ff-mt-3-volleyball-sneakers-whitedragon-fruit\/"]}]},{"@type":"ImageObject","inLanguage":"fr-FR","@id":"https:\/\/tourcruiser.com\/fr\/products\/asics-sky-elite-ff-mt-3-volleyball-sneakers-whitedragon-fruit\/#primaryimage","url":"https:\/\/images.novelship.com\/product\/asics_sky_elite_ff_mt_3_volleyball_sneakers_white__0_31287.jpeg","contentUrl":"https:\/\/images.novelship.com\/product\/asics_sky_elite_ff_mt_3_volleyball_sneakers_white__0_31287.jpeg"},{"@type":"BreadcrumbList","@id":"https:\/\/tourcruiser.com\/fr\/products\/asics-sky-elite-ff-mt-3-volleyball-sneakers-whitedragon-fruit\/#breadcrumb","itemListElement":[{"@type":"ListItem","position":1,"name":"Home","item":"https:\/\/tourcruiser.com\/fr\/"},{"@type":"ListItem","position":2,"name":"Shop","item":"https:\/\/tourcruiser.com\/fr\/shop\/"},{"@type":"ListItem","position":3,"name":"Asics Sky Elite FF MT 3 Volleyball Sneakers White\/Dragon Fruit"}]},{"@type":"WebSite","@id":"https:\/\/tourcruiser.com\/fr\/#website","url":"https:\/\/tourcruiser.com\/fr\/","name":"Styloral Jewelry Shop","description":"Tourcruiser Sneaker Store \u2014 L\u2019endroit o\u00f9 l\u2019univers rencontre votre singularit\u00e9.","publisher":{"@id":"https:\/\/tourcruiser.com\/fr\/#organization"},"potentialAction":[{"@type":"SearchAction","target":{"@type":"EntryPoint","urlTemplate":"https:\/\/tourcruiser.com\/fr\/?s={search_term_string}"},"query-input":{"@type":"PropertyValueSpecification","valueRequired":true,"valueName":"search_term_string"}}],"inLanguage":"fr-FR"},{"@type":"Organization","@id":"https:\/\/tourcruiser.com\/fr\/#organization","name":"STYLORAL PTE. LTD","url":"https:\/\/tourcruiser.com\/fr\/","logo":{"@type":"ImageObject","inLanguage":"fr-FR","@id":"https:\/\/tourcruiser.com\/fr\/#\/schema\/logo\/image\/","url":"https:\/\/www.tourcruiser.com\/wp-content\/uploads\/2025\/12\/logo.png","contentUrl":"https:\/\/www.tourcruiser.com\/wp-content\/uploads\/2025\/12\/logo.png","width":200,"height":65,"caption":"STYLORAL PTE. LTD"},"image":{"@id":"https:\/\/tourcruiser.com\/fr\/#\/schema\/logo\/image\/"}}]}},"_links":{"self":[{"href":"https:\/\/tourcruiser.com\/fr\/wp-json\/wp\/v2\/product\/31652","targetHints":{"allow":["GET"]}}],"collection":[{"href":"https:\/\/tourcruiser.com\/fr\/wp-json\/wp\/v2\/product"}],"about":[{"href":"https:\/\/tourcruiser.com\/fr\/wp-json\/wp\/v2\/types\/product"}],"replies":[{"embeddable":true,"href":"https:\/\/tourcruiser.com\/fr\/wp-json\/wp\/v2\/comments?post=31652"}],"wp:featuredmedia":[{"embeddable":true,"href":"https:\/\/tourcruiser.com\/fr\/wp-json\/wp\/v2\/media\/31653"}],"wp:attachment":[{"href":"https:\/\/tourcruiser.com\/fr\/wp-json\/wp\/v2\/media?parent=31652"}],"wp:term":[{"taxonomy":"product_brand","embeddable":true,"href":"https:\/\/tourcruiser.com\/fr\/wp-json\/wp\/v2\/product_brand?post=31652"},{"taxonomy":"product_cat","embeddable":true,"href":"https:\/\/tourcruiser.com\/fr\/wp-json\/wp\/v2\/product_cat?post=31652"},{"taxonomy":"product_tag","embeddable":true,"href":"https:\/\/tourcruiser.com\/fr\/wp-json\/wp\/v2\/product_tag?post=31652"}],"curies":[{"name":"wp","href":"https:\/\/api.w.org\/{rel}","templated":true}]}}