{"id":31370,"date":"2026-03-02T14:40:52","date_gmt":"2026-03-02T07:40:52","guid":{"rendered":"http:\/\/tourcruiser.com\/product\/women-ugg-neumel-platform-chelsea-boot-chestnut"},"modified":"2026-03-14T18:07:45","modified_gmt":"2026-03-14T11:07:45","slug":"women-ugg-neumel-platform-chelsea-boot-chestnut","status":"publish","type":"product","link":"https:\/\/tourcruiser.com\/fr\/products\/women-ugg-neumel-platform-chelsea-boot-chestnut\/","title":{"rendered":"(Women) UGG Neumel Platform Chelsea Boot Chestnut"},"content":{"rendered":"<p>D\u00e9couvrez les bottines Chelsea UGG Neumel Platform pour femme, couleur ch\u00e2taigne. Rehaussez votre style avec ces bottines \u00e9l\u00e9gantes et modernes. Gr\u00e2ce \u00e0 leur semelle plateforme et leur luxueuse doublure en peau de mouton, elles offrent confort et allure tendance. Leur design Chelsea classique les rend polyvalentes et faciles \u00e0 associer \u00e0 toutes vos tenues. Ces bottines UGG remarquables ne manqueront pas de faire sensation. <\/p>\n<p>Couleur\u00a0: Ch\u00e2taigne<br \/>\nR\u00e9f\u00e9rence\u00a0: 1134526-CHE<br \/>\nCouleur\u00a0: Marron<br \/>\nAnn\u00e9e de sortie\u00a0: 2022<\/p>\n<p>Couleur\u00a0: Marron<\/p>\n","protected":false},"excerpt":{"rendered":"<p>UGG Neumel \u201d\u201d Chestnut<\/p>\n","protected":false},"featured_media":31371,"comment_status":"open","ping_status":"closed","template":"","meta":[],"product_brand":[],"product_cat":[11247],"product_tag":[10751,12726,10926,10939,11245,10754,10940,12785,11246,11666,10758],"class_list":{"0":"post-31370","1":"product","2":"type-product","3":"status-publish","4":"has-post-thumbnail","6":"product_cat-ugg-women","7":"product_tag-best-seller","8":"product_tag-chelsea-boots","9":"product_tag-gift-for-her","10":"product_tag-international-women-day-coll","11":"product_tag-lifestyle-boots","12":"product_tag-lifestyle-casual-shoes","13":"product_tag-mother-day-coll","14":"product_tag-platform-shoes","15":"product_tag-ugg","16":"product_tag-ugg-collection","17":"product_tag-under-retail","18":"wcpa_has_options","20":"first","21":"instock","22":"taxable","23":"shipping-taxable","24":"purchasable","25":"product-type-simple"},"wcpa_form_fields":{"rules":{"pric_overide_base_price":false,"pric_overide_base_price_if_gt_zero":false,"pric_overide_base_price_fully":false,"pric_cal_option_once":false,"pric_use_as_fee":false,"bind_quantity":false,"quantity_bind_formula":false},"fields":[{"type":"color-group","required":true,"elementId":"wcpa-color-group-69a5ae7a28b88","label":"Taille","inline":true,"priceOptions":"different_for_all","pricingType":"fixed","className":"hassizechart product-shoes-size-eu product-shoes-size","name":"color-group-69a5ae7a28b91","disp_type":"square","selection_type":"tick-border","disp_size":"50","show_label_inside":true,"adjust_width":true,"cart_display_type":"text","other_text":"Other","cl_rule":"show","col":6,"values":[{"label":"34.5","value":"EU 34.5","price":"","pimage":"","pimage_id":"","pthumb":"","color":""},{"label":"35","value":"EU 35","price":"","pimage":"","pimage_id":"","pthumb":"","color":""},{"label":"35.5","value":"EU 35.5","price":"","pimage":"","pimage_id":"","pthumb":"","color":""},{"label":"36","value":"EU 36","price":"","pimage":"","pimage_id":"","pthumb":"","color":"","selected":true},{"label":"37","value":"EU 37","price":"","pimage":"","pimage_id":"","pthumb":"","color":""},{"label":"37.5","value":"EU 37.5","price":"","pimage":"","pimage_id":"","pthumb":"","color":""},{"label":"38","value":"EU 38","price":"","pimage":"","pimage_id":"","pthumb":"","color":""},{"label":"38.5","value":"EU 38.5","price":"","pimage":"","pimage_id":"","pthumb":"","color":""},{"label":"39","value":"EU 39","price":"","pimage":"","pimage_id":"","pthumb":"","color":""},{"label":"39.5","value":"EU 39.5","price":"","pimage":"","pimage_id":"","pthumb":"","color":""},{"label":"40","value":"EU 40","price":"","pimage":"","pimage_id":"","pthumb":"","color":""},{"label":"40.5","value":"EU 40.5","price":"","pimage":"","pimage_id":"","pthumb":"","color":""},{"label":" 41.5","value":"EU 41.5","price":"","pimage":"","pimage_id":"","pthumb":"","color":""},{"label":"42","value":"EU 42","price":"","pimage":"","pimage_id":"","pthumb":"","color":""},{"label":"42.5","value":"EU 42.5","price":"","pimage":"","pimage_id":"","pthumb":"","color":""},{"label":"43","value":"EU 43","price":"","pimage":"","pimage_id":"","pthumb":"","color":""},{"label":"44","value":"EU 44","price":"","pimage":"","pimage_id":"","pthumb":"","color":""},{"label":"45","value":"EU 45","price":"","pimage":"","pimage_id":"","pthumb":"","color":""},{"label":"48","value":"EU 48","price":"","pimage":"","pimage_id":"","pthumb":"","color":""}],"relations":[{"operator":false,"rules":[]}],"form_id":184315,"form_rules":{"pric_cal_option_once":false,"exclude_from_discount":false,"pric_use_as_fee":false,"fee_label":"Fee","render_after_acb":false,"disp_hide_options_price":false}}]},"yoast_head":"<!-- This site is optimized with the Yoast SEO plugin v26.5 - https:\/\/yoast.com\/wordpress\/plugins\/seo\/ -->\n<title>(Women) UGG Neumel Platform Chelsea Boot Chestnut - TOURCRUISER PTE. LTD<\/title>\n<meta name=\"robots\" content=\"index, follow, max-snippet:-1, max-image-preview:large, max-video-preview:-1\" \/>\n<link rel=\"canonical\" href=\"https:\/\/tourcruiser.com\/fr\/products\/women-ugg-neumel-platform-chelsea-boot-chestnut\/\" \/>\n<meta property=\"og:locale\" content=\"fr_FR\" \/>\n<meta property=\"og:type\" content=\"article\" \/>\n<meta property=\"og:title\" content=\"(Women) UGG Neumel Platform Chelsea Boot Chestnut - TOURCRUISER PTE. LTD\" \/>\n<meta property=\"og:description\" content=\"UGG Neumel \u201d\u201d Chestnut\" \/>\n<meta property=\"og:url\" content=\"https:\/\/tourcruiser.com\/fr\/products\/women-ugg-neumel-platform-chelsea-boot-chestnut\/\" \/>\n<meta property=\"og:site_name\" content=\"Tourcruiser Sneaker Store\" \/>\n<meta property=\"article:modified_time\" content=\"2026-03-14T11:07:45+00:00\" \/>\n<meta name=\"twitter:card\" content=\"summary_large_image\" \/>\n<meta name=\"twitter:image\" content=\"https:\/\/images.novelship.com\/product\/_women__ugg_neumel_platform_chelsea_boot_chestnut__0_18942.jpeg\" \/>\n<script type=\"application\/ld+json\" class=\"yoast-schema-graph\">{\"@context\":\"https:\/\/schema.org\",\"@graph\":[{\"@type\":\"WebPage\",\"@id\":\"https:\/\/tourcruiser.com\/fr\/products\/women-ugg-neumel-platform-chelsea-boot-chestnut\/\",\"url\":\"https:\/\/tourcruiser.com\/fr\/products\/women-ugg-neumel-platform-chelsea-boot-chestnut\/\",\"name\":\"(Women) UGG Neumel Platform Chelsea Boot Chestnut - TOURCRUISER PTE. LTD\",\"isPartOf\":{\"@id\":\"https:\/\/tourcruiser.com\/fr\/#website\"},\"primaryImageOfPage\":{\"@id\":\"https:\/\/tourcruiser.com\/fr\/products\/women-ugg-neumel-platform-chelsea-boot-chestnut\/#primaryimage\"},\"image\":{\"@id\":\"https:\/\/tourcruiser.com\/fr\/products\/women-ugg-neumel-platform-chelsea-boot-chestnut\/#primaryimage\"},\"thumbnailUrl\":\"https:\/\/images.novelship.com\/product\/_women__ugg_neumel_platform_chelsea_boot_chestnut__0_18942.jpeg\",\"datePublished\":\"2026-03-02T07:40:52+00:00\",\"dateModified\":\"2026-03-14T11:07:45+00:00\",\"breadcrumb\":{\"@id\":\"https:\/\/tourcruiser.com\/fr\/products\/women-ugg-neumel-platform-chelsea-boot-chestnut\/#breadcrumb\"},\"inLanguage\":\"fr-FR\",\"potentialAction\":[{\"@type\":\"ReadAction\",\"target\":[\"https:\/\/tourcruiser.com\/fr\/products\/women-ugg-neumel-platform-chelsea-boot-chestnut\/\"]}]},{\"@type\":\"ImageObject\",\"inLanguage\":\"fr-FR\",\"@id\":\"https:\/\/tourcruiser.com\/fr\/products\/women-ugg-neumel-platform-chelsea-boot-chestnut\/#primaryimage\",\"url\":\"https:\/\/images.novelship.com\/product\/_women__ugg_neumel_platform_chelsea_boot_chestnut__0_18942.jpeg\",\"contentUrl\":\"https:\/\/images.novelship.com\/product\/_women__ugg_neumel_platform_chelsea_boot_chestnut__0_18942.jpeg\"},{\"@type\":\"BreadcrumbList\",\"@id\":\"https:\/\/tourcruiser.com\/fr\/products\/women-ugg-neumel-platform-chelsea-boot-chestnut\/#breadcrumb\",\"itemListElement\":[{\"@type\":\"ListItem\",\"position\":1,\"name\":\"Home\",\"item\":\"https:\/\/tourcruiser.com\/fr\/\"},{\"@type\":\"ListItem\",\"position\":2,\"name\":\"Shop\",\"item\":\"https:\/\/tourcruiser.com\/fr\/shop\/\"},{\"@type\":\"ListItem\",\"position\":3,\"name\":\"(Women) UGG Neumel Platform Chelsea Boot Chestnut\"}]},{\"@type\":\"WebSite\",\"@id\":\"https:\/\/tourcruiser.com\/fr\/#website\",\"url\":\"https:\/\/tourcruiser.com\/fr\/\",\"name\":\"Styloral Jewelry Shop\",\"description\":\"Tourcruiser Sneaker Store \u2014 L\u2019endroit o\u00f9 l\u2019univers rencontre votre singularit\u00e9.\",\"publisher\":{\"@id\":\"https:\/\/tourcruiser.com\/fr\/#organization\"},\"potentialAction\":[{\"@type\":\"SearchAction\",\"target\":{\"@type\":\"EntryPoint\",\"urlTemplate\":\"https:\/\/tourcruiser.com\/fr\/?s={search_term_string}\"},\"query-input\":{\"@type\":\"PropertyValueSpecification\",\"valueRequired\":true,\"valueName\":\"search_term_string\"}}],\"inLanguage\":\"fr-FR\"},{\"@type\":\"Organization\",\"@id\":\"https:\/\/tourcruiser.com\/fr\/#organization\",\"name\":\"STYLORAL PTE. LTD\",\"url\":\"https:\/\/tourcruiser.com\/fr\/\",\"logo\":{\"@type\":\"ImageObject\",\"inLanguage\":\"fr-FR\",\"@id\":\"https:\/\/tourcruiser.com\/fr\/#\/schema\/logo\/image\/\",\"url\":\"https:\/\/www.tourcruiser.com\/wp-content\/uploads\/2025\/12\/logo.png\",\"contentUrl\":\"https:\/\/www.tourcruiser.com\/wp-content\/uploads\/2025\/12\/logo.png\",\"width\":200,\"height\":65,\"caption\":\"STYLORAL PTE. LTD\"},\"image\":{\"@id\":\"https:\/\/tourcruiser.com\/fr\/#\/schema\/logo\/image\/\"}}]}<\/script>\n<!-- \/ Yoast SEO plugin. -->","yoast_head_json":{"title":"(Women) UGG Neumel Platform Chelsea Boot Chestnut - TOURCRUISER PTE. LTD","robots":{"index":"index","follow":"follow","max-snippet":"max-snippet:-1","max-image-preview":"max-image-preview:large","max-video-preview":"max-video-preview:-1"},"canonical":"https:\/\/tourcruiser.com\/fr\/products\/women-ugg-neumel-platform-chelsea-boot-chestnut\/","og_locale":"fr_FR","og_type":"article","og_title":"(Women) UGG Neumel Platform Chelsea Boot Chestnut - TOURCRUISER PTE. LTD","og_description":"UGG Neumel \u201d\u201d Chestnut","og_url":"https:\/\/tourcruiser.com\/fr\/products\/women-ugg-neumel-platform-chelsea-boot-chestnut\/","og_site_name":"Tourcruiser Sneaker Store","article_modified_time":"2026-03-14T11:07:45+00:00","twitter_card":"summary_large_image","twitter_image":"https:\/\/images.novelship.com\/product\/_women__ugg_neumel_platform_chelsea_boot_chestnut__0_18942.jpeg","schema":{"@context":"https:\/\/schema.org","@graph":[{"@type":"WebPage","@id":"https:\/\/tourcruiser.com\/fr\/products\/women-ugg-neumel-platform-chelsea-boot-chestnut\/","url":"https:\/\/tourcruiser.com\/fr\/products\/women-ugg-neumel-platform-chelsea-boot-chestnut\/","name":"(Women) UGG Neumel Platform Chelsea Boot Chestnut - TOURCRUISER PTE. LTD","isPartOf":{"@id":"https:\/\/tourcruiser.com\/fr\/#website"},"primaryImageOfPage":{"@id":"https:\/\/tourcruiser.com\/fr\/products\/women-ugg-neumel-platform-chelsea-boot-chestnut\/#primaryimage"},"image":{"@id":"https:\/\/tourcruiser.com\/fr\/products\/women-ugg-neumel-platform-chelsea-boot-chestnut\/#primaryimage"},"thumbnailUrl":"https:\/\/images.novelship.com\/product\/_women__ugg_neumel_platform_chelsea_boot_chestnut__0_18942.jpeg","datePublished":"2026-03-02T07:40:52+00:00","dateModified":"2026-03-14T11:07:45+00:00","breadcrumb":{"@id":"https:\/\/tourcruiser.com\/fr\/products\/women-ugg-neumel-platform-chelsea-boot-chestnut\/#breadcrumb"},"inLanguage":"fr-FR","potentialAction":[{"@type":"ReadAction","target":["https:\/\/tourcruiser.com\/fr\/products\/women-ugg-neumel-platform-chelsea-boot-chestnut\/"]}]},{"@type":"ImageObject","inLanguage":"fr-FR","@id":"https:\/\/tourcruiser.com\/fr\/products\/women-ugg-neumel-platform-chelsea-boot-chestnut\/#primaryimage","url":"https:\/\/images.novelship.com\/product\/_women__ugg_neumel_platform_chelsea_boot_chestnut__0_18942.jpeg","contentUrl":"https:\/\/images.novelship.com\/product\/_women__ugg_neumel_platform_chelsea_boot_chestnut__0_18942.jpeg"},{"@type":"BreadcrumbList","@id":"https:\/\/tourcruiser.com\/fr\/products\/women-ugg-neumel-platform-chelsea-boot-chestnut\/#breadcrumb","itemListElement":[{"@type":"ListItem","position":1,"name":"Home","item":"https:\/\/tourcruiser.com\/fr\/"},{"@type":"ListItem","position":2,"name":"Shop","item":"https:\/\/tourcruiser.com\/fr\/shop\/"},{"@type":"ListItem","position":3,"name":"(Women) UGG Neumel Platform Chelsea Boot Chestnut"}]},{"@type":"WebSite","@id":"https:\/\/tourcruiser.com\/fr\/#website","url":"https:\/\/tourcruiser.com\/fr\/","name":"Styloral Jewelry Shop","description":"Tourcruiser Sneaker Store \u2014 L\u2019endroit o\u00f9 l\u2019univers rencontre votre singularit\u00e9.","publisher":{"@id":"https:\/\/tourcruiser.com\/fr\/#organization"},"potentialAction":[{"@type":"SearchAction","target":{"@type":"EntryPoint","urlTemplate":"https:\/\/tourcruiser.com\/fr\/?s={search_term_string}"},"query-input":{"@type":"PropertyValueSpecification","valueRequired":true,"valueName":"search_term_string"}}],"inLanguage":"fr-FR"},{"@type":"Organization","@id":"https:\/\/tourcruiser.com\/fr\/#organization","name":"STYLORAL PTE. LTD","url":"https:\/\/tourcruiser.com\/fr\/","logo":{"@type":"ImageObject","inLanguage":"fr-FR","@id":"https:\/\/tourcruiser.com\/fr\/#\/schema\/logo\/image\/","url":"https:\/\/www.tourcruiser.com\/wp-content\/uploads\/2025\/12\/logo.png","contentUrl":"https:\/\/www.tourcruiser.com\/wp-content\/uploads\/2025\/12\/logo.png","width":200,"height":65,"caption":"STYLORAL PTE. LTD"},"image":{"@id":"https:\/\/tourcruiser.com\/fr\/#\/schema\/logo\/image\/"}}]}},"_links":{"self":[{"href":"https:\/\/tourcruiser.com\/fr\/wp-json\/wp\/v2\/product\/31370","targetHints":{"allow":["GET"]}}],"collection":[{"href":"https:\/\/tourcruiser.com\/fr\/wp-json\/wp\/v2\/product"}],"about":[{"href":"https:\/\/tourcruiser.com\/fr\/wp-json\/wp\/v2\/types\/product"}],"replies":[{"embeddable":true,"href":"https:\/\/tourcruiser.com\/fr\/wp-json\/wp\/v2\/comments?post=31370"}],"wp:featuredmedia":[{"embeddable":true,"href":"https:\/\/tourcruiser.com\/fr\/wp-json\/wp\/v2\/media\/31371"}],"wp:attachment":[{"href":"https:\/\/tourcruiser.com\/fr\/wp-json\/wp\/v2\/media?parent=31370"}],"wp:term":[{"taxonomy":"product_brand","embeddable":true,"href":"https:\/\/tourcruiser.com\/fr\/wp-json\/wp\/v2\/product_brand?post=31370"},{"taxonomy":"product_cat","embeddable":true,"href":"https:\/\/tourcruiser.com\/fr\/wp-json\/wp\/v2\/product_cat?post=31370"},{"taxonomy":"product_tag","embeddable":true,"href":"https:\/\/tourcruiser.com\/fr\/wp-json\/wp\/v2\/product_tag?post=31370"}],"curies":[{"name":"wp","href":"https:\/\/api.w.org\/{rel}","templated":true}]}}