{"id":30031,"date":"2026-03-02T14:39:02","date_gmt":"2026-03-02T07:39:02","guid":{"rendered":"http:\/\/tourcruiser.com\/product\/women-nike-sabrina-3-me-vs-me-ep-whitewolf-grayphoton-dustmetallic-dark-gray"},"modified":"2026-03-14T18:06:43","modified_gmt":"2026-03-14T11:06:43","slug":"women-nike-sabrina-3-me-vs-me-ep-whitewolf-grayphoton-dustmetallic-dark-gray","status":"publish","type":"product","link":"https:\/\/tourcruiser.com\/fr\/products\/women-nike-sabrina-3-me-vs-me-ep-whitewolf-grayphoton-dustmetallic-dark-gray\/","title":{"rendered":"(Women) Nike Sabrina 3 &lsquo;Me vs. Me&rsquo; EP White\/Wolf Gray\/Photon Dust\/Metallic Dark Gray"},"content":{"rendered":"<p>Am\u00e9liorez votre jeu avec la Nike Sabrina 3 \u00ab\u00a0Me vs. Me\u00a0\u00bb EP, l&rsquo;alliance parfaite du style et de la performance. Avec sa palette de couleurs \u00e9l\u00e9gante (blanc, gris loup, gris anthracite et gris fonc\u00e9 m\u00e9tallis\u00e9), cette chaussure offre un confort et une durabilit\u00e9 exceptionnels. Gr\u00e2ce \u00e0 une technologie de pointe qui optimise l&rsquo;agilit\u00e9 et le contr\u00f4le, elle est le partenaire id\u00e9al de votre parcours fitness. D\u00e9passez vos limites et lib\u00e9rez tout votre potentiel avec cette chaussure au succ\u00e8s mondial, con\u00e7ue pour les champions. Parfaite pour les athl\u00e8tes qui se surpassent. <\/p>\n<p>Coloris\u00a0: Blanc\/Gris loup\/Gris anthracite\/Gris fonc\u00e9 m\u00e9tallis\u00e9<br \/>\nCode article\u00a0: IQ5083-102<br \/>\nMati\u00e8re ext\u00e9rieure\u00a0: Mesh<br \/>\nCouleur\u00a0: Blanc<\/p>\n","protected":false},"excerpt":{"rendered":"<p>Nike Sabrina 3 \u201d\u201d White\/Wolf Gray\/Photon Dust\/Metallic Dark Gray<\/p>\n","protected":false},"featured_media":30032,"comment_status":"open","ping_status":"closed","template":"","meta":[],"product_brand":[],"product_cat":[10809],"product_tag":[10800,10801,10802,10758],"class_list":{"0":"post-30031","1":"product","2":"type-product","3":"status-publish","4":"has-post-thumbnail","6":"product_cat-nike-women","7":"product_tag-basketball-shoes","8":"product_tag-nike","9":"product_tag-performance-sport-shoes","10":"product_tag-under-retail","11":"wcpa_has_options","13":"first","14":"instock","15":"sale","16":"taxable","17":"shipping-taxable","18":"purchasable","19":"product-type-simple"},"wcpa_form_fields":{"rules":{"pric_overide_base_price":false,"pric_overide_base_price_if_gt_zero":false,"pric_overide_base_price_fully":false,"pric_cal_option_once":false,"pric_use_as_fee":false,"bind_quantity":false,"quantity_bind_formula":false},"fields":[{"type":"color-group","required":true,"elementId":"wcpa-color-group-66c4a75505e74","label":"Taille","inline":true,"priceOptions":"different_for_all","pricingType":"fixed","className":"hassizechart product-shoes-size-eu product-shoes-size","name":"color-group-66c4a75505e89","disp_type":"square","selection_type":"tick-border","disp_size":"44","show_label_inside":true,"adjust_width":true,"cart_display_type":"text","other_text":"Other","cl_rule":"show","col":6,"values":[{"label":"35.5","value":"EU 35.5","price":"","pimage":"","pimage_id":"","pthumb":"","color":""},{"label":"36","value":"EU 36","price":"","pimage":"","pimage_id":"","pthumb":"","color":"","selected":true},{"label":"36.5","value":"EU 36.5","price":"","pimage":"","pimage_id":"","pthumb":"","color":""},{"label":"37.5","value":"EU 37.5","price":"","pimage":"","pimage_id":"","pthumb":"","color":""},{"label":"38","value":"EU 38","price":"","pimage":"","pimage_id":"","pthumb":"","color":""},{"label":"38.5","value":"EU 38.5","price":"","pimage":"","pimage_id":"","pthumb":"","color":""},{"label":"39","value":"EU 39","price":"","pimage":"","pimage_id":"","pthumb":"","color":""},{"label":"40","value":"EU 40","price":"","pimage":"","pimage_id":"","pthumb":"","color":""},{"label":"40.5","value":"EU 40.5","price":"","pimage":"","pimage_id":"","pthumb":"","color":""},{"label":"41","value":"EU 41","price":"","pimage":"","pimage_id":"","pthumb":"","color":""},{"label":"42","value":"EU 42","price":"","pimage":"","pimage_id":"","pthumb":"","color":""},{"label":"42.5","value":"EU 42.5","price":"","pimage":"","pimage_id":"","pthumb":"","color":""},{"label":"43","value":"EU 43","price":"","pimage":"","pimage_id":"","pthumb":"","color":""},{"label":"44","value":"EU 44","price":"","pimage":"","pimage_id":"","pthumb":"","color":""},{"label":"44.5","value":"EU 44.5","price":"","pimage":"","pimage_id":"","pthumb":"","color":""},{"label":"45","value":"EU 45","price":"","pimage":"","pimage_id":"","pthumb":"","color":""},{"label":"45.5","value":"EU 45.5","price":"","pimage":"","pimage_id":"","pthumb":"","color":""},{"label":"46","value":"EU 46","price":"","pimage":"","pimage_id":"","pthumb":"","color":""},{"label":"47","value":"EU 47","price":"","pimage":"","pimage_id":"","pthumb":"","color":""},{"label":"47.5","value":"EU 47.5","price":"","pimage":"","pimage_id":"","pthumb":"","color":""},{"label":"48","value":"EU 48","price":"","pimage":"","pimage_id":"","pthumb":"","color":""}],"relations":[{"operator":false,"rules":[]}],"form_id":18106,"form_rules":{"pric_cal_option_once":false,"exclude_from_discount":false,"pric_use_as_fee":false,"fee_label":"Fee","render_after_acb":false,"disp_hide_options_price":false}}]},"yoast_head":"<!-- This site is optimized with the Yoast SEO plugin v26.5 - https:\/\/yoast.com\/wordpress\/plugins\/seo\/ -->\n<title>(Women) Nike Sabrina 3 &#039;Me vs. Me&#039; EP White\/Wolf Gray\/Photon Dust\/Metallic Dark Gray - TOURCRUISER PTE. LTD<\/title>\n<meta name=\"robots\" content=\"index, follow, max-snippet:-1, max-image-preview:large, max-video-preview:-1\" \/>\n<link rel=\"canonical\" href=\"https:\/\/tourcruiser.com\/fr\/products\/women-nike-sabrina-3-me-vs-me-ep-whitewolf-grayphoton-dustmetallic-dark-gray\/\" \/>\n<meta property=\"og:locale\" content=\"fr_FR\" \/>\n<meta property=\"og:type\" content=\"article\" \/>\n<meta property=\"og:title\" content=\"(Women) Nike Sabrina 3 &#039;Me vs. Me&#039; EP White\/Wolf Gray\/Photon Dust\/Metallic Dark Gray - TOURCRUISER PTE. LTD\" \/>\n<meta property=\"og:description\" content=\"Nike Sabrina 3 \u201d\u201d White\/Wolf Gray\/Photon Dust\/Metallic Dark Gray\" \/>\n<meta property=\"og:url\" content=\"https:\/\/tourcruiser.com\/fr\/products\/women-nike-sabrina-3-me-vs-me-ep-whitewolf-grayphoton-dustmetallic-dark-gray\/\" \/>\n<meta property=\"og:site_name\" content=\"Tourcruiser Sneaker Store\" \/>\n<meta property=\"article:modified_time\" content=\"2026-03-14T11:06:43+00:00\" \/>\n<meta name=\"twitter:card\" content=\"summary_large_image\" \/>\n<meta name=\"twitter:image\" content=\"https:\/\/images.novelship.com\/product\/nike_sabrina_3__me_vs__me__ep_white_wolf_gray_phot_0_16057.png\" \/>\n<meta name=\"twitter:label1\" content=\"Dur\u00e9e de lecture estim\u00e9e\" \/>\n\t<meta name=\"twitter:data1\" content=\"1 minute\" \/>\n<script type=\"application\/ld+json\" class=\"yoast-schema-graph\">{\"@context\":\"https:\/\/schema.org\",\"@graph\":[{\"@type\":\"WebPage\",\"@id\":\"https:\/\/tourcruiser.com\/fr\/products\/women-nike-sabrina-3-me-vs-me-ep-whitewolf-grayphoton-dustmetallic-dark-gray\/\",\"url\":\"https:\/\/tourcruiser.com\/fr\/products\/women-nike-sabrina-3-me-vs-me-ep-whitewolf-grayphoton-dustmetallic-dark-gray\/\",\"name\":\"(Women) Nike Sabrina 3 'Me vs. Me' EP White\/Wolf Gray\/Photon Dust\/Metallic Dark Gray - TOURCRUISER PTE. LTD\",\"isPartOf\":{\"@id\":\"https:\/\/tourcruiser.com\/fr\/#website\"},\"primaryImageOfPage\":{\"@id\":\"https:\/\/tourcruiser.com\/fr\/products\/women-nike-sabrina-3-me-vs-me-ep-whitewolf-grayphoton-dustmetallic-dark-gray\/#primaryimage\"},\"image\":{\"@id\":\"https:\/\/tourcruiser.com\/fr\/products\/women-nike-sabrina-3-me-vs-me-ep-whitewolf-grayphoton-dustmetallic-dark-gray\/#primaryimage\"},\"thumbnailUrl\":\"https:\/\/images.novelship.com\/product\/nike_sabrina_3__me_vs__me__ep_white_wolf_gray_phot_0_16057.png\",\"datePublished\":\"2026-03-02T07:39:02+00:00\",\"dateModified\":\"2026-03-14T11:06:43+00:00\",\"breadcrumb\":{\"@id\":\"https:\/\/tourcruiser.com\/fr\/products\/women-nike-sabrina-3-me-vs-me-ep-whitewolf-grayphoton-dustmetallic-dark-gray\/#breadcrumb\"},\"inLanguage\":\"fr-FR\",\"potentialAction\":[{\"@type\":\"ReadAction\",\"target\":[\"https:\/\/tourcruiser.com\/fr\/products\/women-nike-sabrina-3-me-vs-me-ep-whitewolf-grayphoton-dustmetallic-dark-gray\/\"]}]},{\"@type\":\"ImageObject\",\"inLanguage\":\"fr-FR\",\"@id\":\"https:\/\/tourcruiser.com\/fr\/products\/women-nike-sabrina-3-me-vs-me-ep-whitewolf-grayphoton-dustmetallic-dark-gray\/#primaryimage\",\"url\":\"https:\/\/images.novelship.com\/product\/nike_sabrina_3__me_vs__me__ep_white_wolf_gray_phot_0_16057.png\",\"contentUrl\":\"https:\/\/images.novelship.com\/product\/nike_sabrina_3__me_vs__me__ep_white_wolf_gray_phot_0_16057.png\"},{\"@type\":\"BreadcrumbList\",\"@id\":\"https:\/\/tourcruiser.com\/fr\/products\/women-nike-sabrina-3-me-vs-me-ep-whitewolf-grayphoton-dustmetallic-dark-gray\/#breadcrumb\",\"itemListElement\":[{\"@type\":\"ListItem\",\"position\":1,\"name\":\"Home\",\"item\":\"https:\/\/tourcruiser.com\/fr\/\"},{\"@type\":\"ListItem\",\"position\":2,\"name\":\"Shop\",\"item\":\"https:\/\/tourcruiser.com\/fr\/shop\/\"},{\"@type\":\"ListItem\",\"position\":3,\"name\":\"(Women) Nike Sabrina 3 'Me vs. Me' EP White\/Wolf Gray\/Photon Dust\/Metallic Dark Gray\"}]},{\"@type\":\"WebSite\",\"@id\":\"https:\/\/tourcruiser.com\/fr\/#website\",\"url\":\"https:\/\/tourcruiser.com\/fr\/\",\"name\":\"Styloral Jewelry Shop\",\"description\":\"Tourcruiser Sneaker Store \u2014 L\u2019endroit o\u00f9 l\u2019univers rencontre votre singularit\u00e9.\",\"publisher\":{\"@id\":\"https:\/\/tourcruiser.com\/fr\/#organization\"},\"potentialAction\":[{\"@type\":\"SearchAction\",\"target\":{\"@type\":\"EntryPoint\",\"urlTemplate\":\"https:\/\/tourcruiser.com\/fr\/?s={search_term_string}\"},\"query-input\":{\"@type\":\"PropertyValueSpecification\",\"valueRequired\":true,\"valueName\":\"search_term_string\"}}],\"inLanguage\":\"fr-FR\"},{\"@type\":\"Organization\",\"@id\":\"https:\/\/tourcruiser.com\/fr\/#organization\",\"name\":\"STYLORAL PTE. LTD\",\"url\":\"https:\/\/tourcruiser.com\/fr\/\",\"logo\":{\"@type\":\"ImageObject\",\"inLanguage\":\"fr-FR\",\"@id\":\"https:\/\/tourcruiser.com\/fr\/#\/schema\/logo\/image\/\",\"url\":\"https:\/\/www.tourcruiser.com\/wp-content\/uploads\/2025\/12\/logo.png\",\"contentUrl\":\"https:\/\/www.tourcruiser.com\/wp-content\/uploads\/2025\/12\/logo.png\",\"width\":200,\"height\":65,\"caption\":\"STYLORAL PTE. LTD\"},\"image\":{\"@id\":\"https:\/\/tourcruiser.com\/fr\/#\/schema\/logo\/image\/\"}}]}<\/script>\n<!-- \/ Yoast SEO plugin. -->","yoast_head_json":{"title":"(Women) Nike Sabrina 3 'Me vs. Me' EP White\/Wolf Gray\/Photon Dust\/Metallic Dark Gray - TOURCRUISER PTE. LTD","robots":{"index":"index","follow":"follow","max-snippet":"max-snippet:-1","max-image-preview":"max-image-preview:large","max-video-preview":"max-video-preview:-1"},"canonical":"https:\/\/tourcruiser.com\/fr\/products\/women-nike-sabrina-3-me-vs-me-ep-whitewolf-grayphoton-dustmetallic-dark-gray\/","og_locale":"fr_FR","og_type":"article","og_title":"(Women) Nike Sabrina 3 'Me vs. Me' EP White\/Wolf Gray\/Photon Dust\/Metallic Dark Gray - TOURCRUISER PTE. LTD","og_description":"Nike Sabrina 3 \u201d\u201d White\/Wolf Gray\/Photon Dust\/Metallic Dark Gray","og_url":"https:\/\/tourcruiser.com\/fr\/products\/women-nike-sabrina-3-me-vs-me-ep-whitewolf-grayphoton-dustmetallic-dark-gray\/","og_site_name":"Tourcruiser Sneaker Store","article_modified_time":"2026-03-14T11:06:43+00:00","twitter_card":"summary_large_image","twitter_image":"https:\/\/images.novelship.com\/product\/nike_sabrina_3__me_vs__me__ep_white_wolf_gray_phot_0_16057.png","twitter_misc":{"Dur\u00e9e de lecture estim\u00e9e":"1 minute"},"schema":{"@context":"https:\/\/schema.org","@graph":[{"@type":"WebPage","@id":"https:\/\/tourcruiser.com\/fr\/products\/women-nike-sabrina-3-me-vs-me-ep-whitewolf-grayphoton-dustmetallic-dark-gray\/","url":"https:\/\/tourcruiser.com\/fr\/products\/women-nike-sabrina-3-me-vs-me-ep-whitewolf-grayphoton-dustmetallic-dark-gray\/","name":"(Women) Nike Sabrina 3 'Me vs. Me' EP White\/Wolf Gray\/Photon Dust\/Metallic Dark Gray - TOURCRUISER PTE. LTD","isPartOf":{"@id":"https:\/\/tourcruiser.com\/fr\/#website"},"primaryImageOfPage":{"@id":"https:\/\/tourcruiser.com\/fr\/products\/women-nike-sabrina-3-me-vs-me-ep-whitewolf-grayphoton-dustmetallic-dark-gray\/#primaryimage"},"image":{"@id":"https:\/\/tourcruiser.com\/fr\/products\/women-nike-sabrina-3-me-vs-me-ep-whitewolf-grayphoton-dustmetallic-dark-gray\/#primaryimage"},"thumbnailUrl":"https:\/\/images.novelship.com\/product\/nike_sabrina_3__me_vs__me__ep_white_wolf_gray_phot_0_16057.png","datePublished":"2026-03-02T07:39:02+00:00","dateModified":"2026-03-14T11:06:43+00:00","breadcrumb":{"@id":"https:\/\/tourcruiser.com\/fr\/products\/women-nike-sabrina-3-me-vs-me-ep-whitewolf-grayphoton-dustmetallic-dark-gray\/#breadcrumb"},"inLanguage":"fr-FR","potentialAction":[{"@type":"ReadAction","target":["https:\/\/tourcruiser.com\/fr\/products\/women-nike-sabrina-3-me-vs-me-ep-whitewolf-grayphoton-dustmetallic-dark-gray\/"]}]},{"@type":"ImageObject","inLanguage":"fr-FR","@id":"https:\/\/tourcruiser.com\/fr\/products\/women-nike-sabrina-3-me-vs-me-ep-whitewolf-grayphoton-dustmetallic-dark-gray\/#primaryimage","url":"https:\/\/images.novelship.com\/product\/nike_sabrina_3__me_vs__me__ep_white_wolf_gray_phot_0_16057.png","contentUrl":"https:\/\/images.novelship.com\/product\/nike_sabrina_3__me_vs__me__ep_white_wolf_gray_phot_0_16057.png"},{"@type":"BreadcrumbList","@id":"https:\/\/tourcruiser.com\/fr\/products\/women-nike-sabrina-3-me-vs-me-ep-whitewolf-grayphoton-dustmetallic-dark-gray\/#breadcrumb","itemListElement":[{"@type":"ListItem","position":1,"name":"Home","item":"https:\/\/tourcruiser.com\/fr\/"},{"@type":"ListItem","position":2,"name":"Shop","item":"https:\/\/tourcruiser.com\/fr\/shop\/"},{"@type":"ListItem","position":3,"name":"(Women) Nike Sabrina 3 'Me vs. Me' EP White\/Wolf Gray\/Photon Dust\/Metallic Dark Gray"}]},{"@type":"WebSite","@id":"https:\/\/tourcruiser.com\/fr\/#website","url":"https:\/\/tourcruiser.com\/fr\/","name":"Styloral Jewelry Shop","description":"Tourcruiser Sneaker Store \u2014 L\u2019endroit o\u00f9 l\u2019univers rencontre votre singularit\u00e9.","publisher":{"@id":"https:\/\/tourcruiser.com\/fr\/#organization"},"potentialAction":[{"@type":"SearchAction","target":{"@type":"EntryPoint","urlTemplate":"https:\/\/tourcruiser.com\/fr\/?s={search_term_string}"},"query-input":{"@type":"PropertyValueSpecification","valueRequired":true,"valueName":"search_term_string"}}],"inLanguage":"fr-FR"},{"@type":"Organization","@id":"https:\/\/tourcruiser.com\/fr\/#organization","name":"STYLORAL PTE. LTD","url":"https:\/\/tourcruiser.com\/fr\/","logo":{"@type":"ImageObject","inLanguage":"fr-FR","@id":"https:\/\/tourcruiser.com\/fr\/#\/schema\/logo\/image\/","url":"https:\/\/www.tourcruiser.com\/wp-content\/uploads\/2025\/12\/logo.png","contentUrl":"https:\/\/www.tourcruiser.com\/wp-content\/uploads\/2025\/12\/logo.png","width":200,"height":65,"caption":"STYLORAL PTE. LTD"},"image":{"@id":"https:\/\/tourcruiser.com\/fr\/#\/schema\/logo\/image\/"}}]}},"_links":{"self":[{"href":"https:\/\/tourcruiser.com\/fr\/wp-json\/wp\/v2\/product\/30031","targetHints":{"allow":["GET"]}}],"collection":[{"href":"https:\/\/tourcruiser.com\/fr\/wp-json\/wp\/v2\/product"}],"about":[{"href":"https:\/\/tourcruiser.com\/fr\/wp-json\/wp\/v2\/types\/product"}],"replies":[{"embeddable":true,"href":"https:\/\/tourcruiser.com\/fr\/wp-json\/wp\/v2\/comments?post=30031"}],"wp:featuredmedia":[{"embeddable":true,"href":"https:\/\/tourcruiser.com\/fr\/wp-json\/wp\/v2\/media\/30032"}],"wp:attachment":[{"href":"https:\/\/tourcruiser.com\/fr\/wp-json\/wp\/v2\/media?parent=30031"}],"wp:term":[{"taxonomy":"product_brand","embeddable":true,"href":"https:\/\/tourcruiser.com\/fr\/wp-json\/wp\/v2\/product_brand?post=30031"},{"taxonomy":"product_cat","embeddable":true,"href":"https:\/\/tourcruiser.com\/fr\/wp-json\/wp\/v2\/product_cat?post=30031"},{"taxonomy":"product_tag","embeddable":true,"href":"https:\/\/tourcruiser.com\/fr\/wp-json\/wp\/v2\/product_tag?post=30031"}],"curies":[{"name":"wp","href":"https:\/\/api.w.org\/{rel}","templated":true}]}}