{"id":29860,"date":"2026-03-02T14:38:50","date_gmt":"2026-03-02T07:38:50","guid":{"rendered":"http:\/\/tourcruiser.com\/product\/new-balance-fuelcell-supercomp-elite-v4-white-lime-mango"},"modified":"2026-03-14T17:54:46","modified_gmt":"2026-03-14T10:54:46","slug":"new-balance-fuelcell-supercomp-elite-v4-white-lime-mango","status":"publish","type":"product","link":"https:\/\/tourcruiser.com\/fr\/products\/new-balance-fuelcell-supercomp-elite-v4-white-lime-mango\/","title":{"rendered":"New Balance FuelCell SuperComp Elite v4 &lsquo;White Lime Mango&rsquo;"},"content":{"rendered":"<p>D\u00e9couvrez la chaussure de running New Balance FuelCell SuperComp Elite v4 \u00ab\u00a0Blanc Citron Vert Mangue\u00a0\u00bb, con\u00e7ue pour une vitesse et un confort in\u00e9gal\u00e9s. Dot\u00e9e d&rsquo;une semelle interm\u00e9diaire FuelCell r\u00e9active et d&rsquo;une tige respirante et l\u00e9g\u00e8re, cette chaussure offre un retour d&rsquo;\u00e9nergie exceptionnel et un maintien optimal. Sa plaque innovante en fibre de carbone assure une acc\u00e9l\u00e9ration explosive, tandis que son \u00e9l\u00e9gante combinaison de blanc et de citron vert mangue ne passera pas inaper\u00e7ue, sur piste comme en ville. Optimisez vos performances sur de longues distances avec les chaussures FuelCell SuperComp Elite v4 \u00ab\u00a0Blanc Citron Vert Mangue\u00a0\u00bb. <\/p>\n<ul>\n<li><strong>Coloris\u00a0:<\/strong> Blanc\/Vert citron\/Mangue chaude<\/strong>\n<li><strong>Code article\u00a0:<\/strong> MRCELLA4<\/strong>\n<li><strong>Tige\u00a0:<\/strong> FantomFit<\/strong>\n<li><strong>Semelle interm\u00e9diaire\u00a0:<\/strong> FuelCell<\/strong>\n<li><strong>Couleur\u00a0:<\/strong> Blanc<\/strong>\n<li><strong>Ann\u00e9e de sortie\u00a0:<\/strong> 2024<\/strong>\n<\/ul>\n","protected":false},"excerpt":{"rendered":"<p>New Balance FuelCell SuperComp Elite v4 \u201d\u201d White\/Bleached Lime Glo\/Hot Mango<\/p>\n","protected":false},"featured_media":29861,"comment_status":"open","ping_status":"closed","template":"","meta":[],"product_brand":[],"product_cat":[10771],"product_tag":[11026,10753,10837,10766,10839,10802,10840,10758],"class_list":{"0":"post-29860","1":"product","2":"type-product","3":"status-publish","4":"has-post-thumbnail","6":"product_cat-new-balance","7":"product_tag-carbon-plated-running-shoes","8":"product_tag-gift-for-him","9":"product_tag-marathon-long-distance-running-shoes","10":"product_tag-new-balance","11":"product_tag-performance-running-shoes","12":"product_tag-performance-sport-shoes","13":"product_tag-running-shoes","14":"product_tag-under-retail","15":"wcpa_has_options","17":"first","18":"instock","19":"sale","20":"taxable","21":"shipping-taxable","22":"purchasable","23":"product-type-simple"},"wcpa_form_fields":{"rules":{"pric_overide_base_price":false,"pric_overide_base_price_if_gt_zero":false,"pric_overide_base_price_fully":false,"pric_cal_option_once":false,"pric_use_as_fee":false,"bind_quantity":false,"quantity_bind_formula":false},"fields":[{"type":"color-group","required":true,"elementId":"wcpa-color-group-66c4a928225d2","label":"Taille","inline":true,"priceOptions":"different_for_all","pricingType":"fixed","className":"hassizechart product-shoes-size-eu product-shoes-size","name":"color-group-66c4a928225e2","disp_type":"square","selection_type":"tick-border","disp_size":"50","show_label_inside":true,"adjust_width":true,"cart_display_type":"text","other_text":"Other","cl_rule":"show","col":6,"values":[{"label":"35","value":"EU 35","price":"","pimage":"","pimage_id":"","pthumb":"","color":""},{"label":"36","value":"EU 36","price":"","pimage":"","pimage_id":"","pthumb":"","color":"","selected":true},{"label":"37","value":"EU 37","price":"","pimage":"","pimage_id":"","pthumb":"","color":""},{"label":"37.5","value":"EU 37.5","price":"","pimage":"","pimage_id":"","pthumb":"","color":""},{"label":"38","value":"EU 38","price":"","pimage":"","pimage_id":"","pthumb":"","color":""},{"label":"38.5","value":"EU 38.5","price":"","pimage":"","pimage_id":"","pthumb":"","color":""},{"label":"39","value":"EU 39","price":"","pimage":"","pimage_id":"","pthumb":"","color":""},{"label":"39.5","value":"EU 39.5","price":"","pimage":"","pimage_id":"","pthumb":"","color":""},{"label":"40","value":"EU 40","price":"","pimage":"","pimage_id":"","pthumb":"","color":""},{"label":"40.5","value":"EU 40.5","price":"","pimage":"","pimage_id":"","pthumb":"","color":""},{"label":" 41.5","value":"EU 41.5","price":"","pimage":"","pimage_id":"","pthumb":"","color":""},{"label":"42","value":"EU 42","price":"","pimage":"","pimage_id":"","pthumb":"","color":""},{"label":"42.5","value":"EU 42.5","price":"","pimage":"","pimage_id":"","pthumb":"","color":""},{"label":"43","value":"EU 43","price":"","pimage":"","pimage_id":"","pthumb":"","color":""},{"label":"44","value":"EU 44","price":"","pimage":"","pimage_id":"","pthumb":"","color":""},{"label":"44.5","value":"EU 44.5","price":"","pimage":"","pimage_id":"","pthumb":"","color":""},{"label":"45","value":"EU 45","price":"","pimage":"","pimage_id":"","pthumb":"","color":""},{"label":"45.5","value":"EU 45.5","price":"","pimage":"","pimage_id":"","pthumb":"","color":""},{"label":"46","value":"EU 46","price":"","pimage":"","pimage_id":"","pthumb":"","color":""}],"relations":[{"operator":false,"rules":[]}],"form_id":24803,"form_rules":{"pric_cal_option_once":false,"exclude_from_discount":false,"pric_use_as_fee":false,"fee_label":"Fee","render_after_acb":false,"disp_hide_options_price":false}}]},"yoast_head":"<!-- This site is optimized with the Yoast SEO plugin v26.5 - https:\/\/yoast.com\/wordpress\/plugins\/seo\/ -->\n<title>New Balance FuelCell SuperComp Elite v4 &#039;White Lime Mango&#039; - TOURCRUISER PTE. LTD<\/title>\n<meta name=\"robots\" content=\"index, follow, max-snippet:-1, max-image-preview:large, max-video-preview:-1\" \/>\n<link rel=\"canonical\" href=\"https:\/\/tourcruiser.com\/fr\/products\/new-balance-fuelcell-supercomp-elite-v4-white-lime-mango\/\" \/>\n<meta property=\"og:locale\" content=\"fr_FR\" \/>\n<meta property=\"og:type\" content=\"article\" \/>\n<meta property=\"og:title\" content=\"New Balance FuelCell SuperComp Elite v4 &#039;White Lime Mango&#039; - TOURCRUISER PTE. LTD\" \/>\n<meta property=\"og:description\" content=\"New Balance FuelCell SuperComp Elite v4 \u201d\u201d White\/Bleached Lime Glo\/Hot Mango\" \/>\n<meta property=\"og:url\" content=\"https:\/\/tourcruiser.com\/fr\/products\/new-balance-fuelcell-supercomp-elite-v4-white-lime-mango\/\" \/>\n<meta property=\"og:site_name\" content=\"Tourcruiser Sneaker Store\" \/>\n<meta property=\"article:modified_time\" content=\"2026-03-14T10:54:46+00:00\" \/>\n<meta name=\"twitter:card\" content=\"summary_large_image\" \/>\n<meta name=\"twitter:image\" content=\"https:\/\/images.novelship.com\/product\/new_balance_fuelcell_supercomp_elite_v4__white_lim_0_51878.jpeg\" \/>\n<meta name=\"twitter:label1\" content=\"Dur\u00e9e de lecture estim\u00e9e\" \/>\n\t<meta name=\"twitter:data1\" content=\"1 minute\" \/>\n<script type=\"application\/ld+json\" class=\"yoast-schema-graph\">{\"@context\":\"https:\/\/schema.org\",\"@graph\":[{\"@type\":\"WebPage\",\"@id\":\"https:\/\/tourcruiser.com\/fr\/products\/new-balance-fuelcell-supercomp-elite-v4-white-lime-mango\/\",\"url\":\"https:\/\/tourcruiser.com\/fr\/products\/new-balance-fuelcell-supercomp-elite-v4-white-lime-mango\/\",\"name\":\"New Balance FuelCell SuperComp Elite v4 'White Lime Mango' - TOURCRUISER PTE. LTD\",\"isPartOf\":{\"@id\":\"https:\/\/tourcruiser.com\/fr\/#website\"},\"primaryImageOfPage\":{\"@id\":\"https:\/\/tourcruiser.com\/fr\/products\/new-balance-fuelcell-supercomp-elite-v4-white-lime-mango\/#primaryimage\"},\"image\":{\"@id\":\"https:\/\/tourcruiser.com\/fr\/products\/new-balance-fuelcell-supercomp-elite-v4-white-lime-mango\/#primaryimage\"},\"thumbnailUrl\":\"https:\/\/images.novelship.com\/product\/new_balance_fuelcell_supercomp_elite_v4__white_lim_0_51878.jpeg\",\"datePublished\":\"2026-03-02T07:38:50+00:00\",\"dateModified\":\"2026-03-14T10:54:46+00:00\",\"breadcrumb\":{\"@id\":\"https:\/\/tourcruiser.com\/fr\/products\/new-balance-fuelcell-supercomp-elite-v4-white-lime-mango\/#breadcrumb\"},\"inLanguage\":\"fr-FR\",\"potentialAction\":[{\"@type\":\"ReadAction\",\"target\":[\"https:\/\/tourcruiser.com\/fr\/products\/new-balance-fuelcell-supercomp-elite-v4-white-lime-mango\/\"]}]},{\"@type\":\"ImageObject\",\"inLanguage\":\"fr-FR\",\"@id\":\"https:\/\/tourcruiser.com\/fr\/products\/new-balance-fuelcell-supercomp-elite-v4-white-lime-mango\/#primaryimage\",\"url\":\"https:\/\/images.novelship.com\/product\/new_balance_fuelcell_supercomp_elite_v4__white_lim_0_51878.jpeg\",\"contentUrl\":\"https:\/\/images.novelship.com\/product\/new_balance_fuelcell_supercomp_elite_v4__white_lim_0_51878.jpeg\"},{\"@type\":\"BreadcrumbList\",\"@id\":\"https:\/\/tourcruiser.com\/fr\/products\/new-balance-fuelcell-supercomp-elite-v4-white-lime-mango\/#breadcrumb\",\"itemListElement\":[{\"@type\":\"ListItem\",\"position\":1,\"name\":\"Home\",\"item\":\"https:\/\/tourcruiser.com\/fr\/\"},{\"@type\":\"ListItem\",\"position\":2,\"name\":\"Shop\",\"item\":\"https:\/\/tourcruiser.com\/fr\/shop\/\"},{\"@type\":\"ListItem\",\"position\":3,\"name\":\"New Balance FuelCell SuperComp Elite v4 'White Lime Mango'\"}]},{\"@type\":\"WebSite\",\"@id\":\"https:\/\/tourcruiser.com\/fr\/#website\",\"url\":\"https:\/\/tourcruiser.com\/fr\/\",\"name\":\"Styloral Jewelry Shop\",\"description\":\"Tourcruiser Sneaker Store \u2014 L\u2019endroit o\u00f9 l\u2019univers rencontre votre singularit\u00e9.\",\"publisher\":{\"@id\":\"https:\/\/tourcruiser.com\/fr\/#organization\"},\"potentialAction\":[{\"@type\":\"SearchAction\",\"target\":{\"@type\":\"EntryPoint\",\"urlTemplate\":\"https:\/\/tourcruiser.com\/fr\/?s={search_term_string}\"},\"query-input\":{\"@type\":\"PropertyValueSpecification\",\"valueRequired\":true,\"valueName\":\"search_term_string\"}}],\"inLanguage\":\"fr-FR\"},{\"@type\":\"Organization\",\"@id\":\"https:\/\/tourcruiser.com\/fr\/#organization\",\"name\":\"STYLORAL PTE. LTD\",\"url\":\"https:\/\/tourcruiser.com\/fr\/\",\"logo\":{\"@type\":\"ImageObject\",\"inLanguage\":\"fr-FR\",\"@id\":\"https:\/\/tourcruiser.com\/fr\/#\/schema\/logo\/image\/\",\"url\":\"https:\/\/www.tourcruiser.com\/wp-content\/uploads\/2025\/12\/logo.png\",\"contentUrl\":\"https:\/\/www.tourcruiser.com\/wp-content\/uploads\/2025\/12\/logo.png\",\"width\":200,\"height\":65,\"caption\":\"STYLORAL PTE. LTD\"},\"image\":{\"@id\":\"https:\/\/tourcruiser.com\/fr\/#\/schema\/logo\/image\/\"}}]}<\/script>\n<!-- \/ Yoast SEO plugin. -->","yoast_head_json":{"title":"New Balance FuelCell SuperComp Elite v4 'White Lime Mango' - TOURCRUISER PTE. LTD","robots":{"index":"index","follow":"follow","max-snippet":"max-snippet:-1","max-image-preview":"max-image-preview:large","max-video-preview":"max-video-preview:-1"},"canonical":"https:\/\/tourcruiser.com\/fr\/products\/new-balance-fuelcell-supercomp-elite-v4-white-lime-mango\/","og_locale":"fr_FR","og_type":"article","og_title":"New Balance FuelCell SuperComp Elite v4 'White Lime Mango' - TOURCRUISER PTE. LTD","og_description":"New Balance FuelCell SuperComp Elite v4 \u201d\u201d White\/Bleached Lime Glo\/Hot Mango","og_url":"https:\/\/tourcruiser.com\/fr\/products\/new-balance-fuelcell-supercomp-elite-v4-white-lime-mango\/","og_site_name":"Tourcruiser Sneaker Store","article_modified_time":"2026-03-14T10:54:46+00:00","twitter_card":"summary_large_image","twitter_image":"https:\/\/images.novelship.com\/product\/new_balance_fuelcell_supercomp_elite_v4__white_lim_0_51878.jpeg","twitter_misc":{"Dur\u00e9e de lecture estim\u00e9e":"1 minute"},"schema":{"@context":"https:\/\/schema.org","@graph":[{"@type":"WebPage","@id":"https:\/\/tourcruiser.com\/fr\/products\/new-balance-fuelcell-supercomp-elite-v4-white-lime-mango\/","url":"https:\/\/tourcruiser.com\/fr\/products\/new-balance-fuelcell-supercomp-elite-v4-white-lime-mango\/","name":"New Balance FuelCell SuperComp Elite v4 'White Lime Mango' - TOURCRUISER PTE. LTD","isPartOf":{"@id":"https:\/\/tourcruiser.com\/fr\/#website"},"primaryImageOfPage":{"@id":"https:\/\/tourcruiser.com\/fr\/products\/new-balance-fuelcell-supercomp-elite-v4-white-lime-mango\/#primaryimage"},"image":{"@id":"https:\/\/tourcruiser.com\/fr\/products\/new-balance-fuelcell-supercomp-elite-v4-white-lime-mango\/#primaryimage"},"thumbnailUrl":"https:\/\/images.novelship.com\/product\/new_balance_fuelcell_supercomp_elite_v4__white_lim_0_51878.jpeg","datePublished":"2026-03-02T07:38:50+00:00","dateModified":"2026-03-14T10:54:46+00:00","breadcrumb":{"@id":"https:\/\/tourcruiser.com\/fr\/products\/new-balance-fuelcell-supercomp-elite-v4-white-lime-mango\/#breadcrumb"},"inLanguage":"fr-FR","potentialAction":[{"@type":"ReadAction","target":["https:\/\/tourcruiser.com\/fr\/products\/new-balance-fuelcell-supercomp-elite-v4-white-lime-mango\/"]}]},{"@type":"ImageObject","inLanguage":"fr-FR","@id":"https:\/\/tourcruiser.com\/fr\/products\/new-balance-fuelcell-supercomp-elite-v4-white-lime-mango\/#primaryimage","url":"https:\/\/images.novelship.com\/product\/new_balance_fuelcell_supercomp_elite_v4__white_lim_0_51878.jpeg","contentUrl":"https:\/\/images.novelship.com\/product\/new_balance_fuelcell_supercomp_elite_v4__white_lim_0_51878.jpeg"},{"@type":"BreadcrumbList","@id":"https:\/\/tourcruiser.com\/fr\/products\/new-balance-fuelcell-supercomp-elite-v4-white-lime-mango\/#breadcrumb","itemListElement":[{"@type":"ListItem","position":1,"name":"Home","item":"https:\/\/tourcruiser.com\/fr\/"},{"@type":"ListItem","position":2,"name":"Shop","item":"https:\/\/tourcruiser.com\/fr\/shop\/"},{"@type":"ListItem","position":3,"name":"New Balance FuelCell SuperComp Elite v4 'White Lime Mango'"}]},{"@type":"WebSite","@id":"https:\/\/tourcruiser.com\/fr\/#website","url":"https:\/\/tourcruiser.com\/fr\/","name":"Styloral Jewelry Shop","description":"Tourcruiser Sneaker Store \u2014 L\u2019endroit o\u00f9 l\u2019univers rencontre votre singularit\u00e9.","publisher":{"@id":"https:\/\/tourcruiser.com\/fr\/#organization"},"potentialAction":[{"@type":"SearchAction","target":{"@type":"EntryPoint","urlTemplate":"https:\/\/tourcruiser.com\/fr\/?s={search_term_string}"},"query-input":{"@type":"PropertyValueSpecification","valueRequired":true,"valueName":"search_term_string"}}],"inLanguage":"fr-FR"},{"@type":"Organization","@id":"https:\/\/tourcruiser.com\/fr\/#organization","name":"STYLORAL PTE. LTD","url":"https:\/\/tourcruiser.com\/fr\/","logo":{"@type":"ImageObject","inLanguage":"fr-FR","@id":"https:\/\/tourcruiser.com\/fr\/#\/schema\/logo\/image\/","url":"https:\/\/www.tourcruiser.com\/wp-content\/uploads\/2025\/12\/logo.png","contentUrl":"https:\/\/www.tourcruiser.com\/wp-content\/uploads\/2025\/12\/logo.png","width":200,"height":65,"caption":"STYLORAL PTE. LTD"},"image":{"@id":"https:\/\/tourcruiser.com\/fr\/#\/schema\/logo\/image\/"}}]}},"_links":{"self":[{"href":"https:\/\/tourcruiser.com\/fr\/wp-json\/wp\/v2\/product\/29860","targetHints":{"allow":["GET"]}}],"collection":[{"href":"https:\/\/tourcruiser.com\/fr\/wp-json\/wp\/v2\/product"}],"about":[{"href":"https:\/\/tourcruiser.com\/fr\/wp-json\/wp\/v2\/types\/product"}],"replies":[{"embeddable":true,"href":"https:\/\/tourcruiser.com\/fr\/wp-json\/wp\/v2\/comments?post=29860"}],"wp:featuredmedia":[{"embeddable":true,"href":"https:\/\/tourcruiser.com\/fr\/wp-json\/wp\/v2\/media\/29861"}],"wp:attachment":[{"href":"https:\/\/tourcruiser.com\/fr\/wp-json\/wp\/v2\/media?parent=29860"}],"wp:term":[{"taxonomy":"product_brand","embeddable":true,"href":"https:\/\/tourcruiser.com\/fr\/wp-json\/wp\/v2\/product_brand?post=29860"},{"taxonomy":"product_cat","embeddable":true,"href":"https:\/\/tourcruiser.com\/fr\/wp-json\/wp\/v2\/product_cat?post=29860"},{"taxonomy":"product_tag","embeddable":true,"href":"https:\/\/tourcruiser.com\/fr\/wp-json\/wp\/v2\/product_tag?post=29860"}],"curies":[{"name":"wp","href":"https:\/\/api.w.org\/{rel}","templated":true}]}}