{"id":29760,"date":"2026-03-02T14:38:41","date_gmt":"2026-03-02T07:38:41","guid":{"rendered":"http:\/\/tourcruiser.com\/product\/women-nike-air-max-95-pink-foam"},"modified":"2026-03-14T18:06:28","modified_gmt":"2026-03-14T11:06:28","slug":"women-nike-air-max-95-pink-foam","status":"publish","type":"product","link":"https:\/\/tourcruiser.com\/fr\/products\/women-nike-air-max-95-pink-foam\/","title":{"rendered":"(Women) Nike Air Max 95 &lsquo;Pink Foam&rsquo;"},"content":{"rendered":"<p>D\u00e9couvrez l&rsquo;\u00e9l\u00e9gance et le confort des sneakers Nike Air Max 95 \u00ab\u00a0Pink Foam\u00a0\u00bb pour femme. Ces sneakers iconiques, au d\u00e9grad\u00e9 rose et blanc chic, offrent l&rsquo;amorti Air Max classique pour un maintien in\u00e9gal\u00e9, id\u00e9al pour \u00eatre port\u00e9es toute la journ\u00e9e. L&#8217;empeigne respirante assure un confort et un style impeccables, tandis que la semelle ext\u00e9rieure r\u00e9sistante garantit une adh\u00e9rence optimale. Parfaites pour les fashionistas et les passionn\u00e9es de fitness, les Nike Air Max 95 \u00ab\u00a0Pink Foam\u00a0\u00bb apportent une touche de sophistication \u00e0 votre style. Parfait pour toutes les occasions, des loisirs \u00e0 la salle de sport<\/p>\n<ul>\n<li><strong>Coloris\u00a0:<\/strong> Noir\/Rose mousse\/Blanc\/Argent r\u00e9fl\u00e9chissant\/Anthracite\/Gris clair<\/li>\n<li><strong>R\u00e9f\u00e9rence\u00a0:<\/strong> HJ5996-001<\/li>\n<li><strong>Tige\u00a0:<\/strong> Daim<\/li>\n<li><strong>Semelle interm\u00e9diaire\u00a0:<\/strong> Air<\/li>\n<li><strong>Couleur\u00a0:<\/strong> Noir<\/li>\n<li><strong>Designer\u00a0:<\/strong> Sergio Lozano<\/li>\n<\/ul>\n","protected":false},"excerpt":{"rendered":"<p>Nike Air Max 95 \u201d\u201d Black\/Pink Foam\/White\/Reflect Silver\/Anthracite\/Light Graphite<\/p>\n","protected":false},"featured_media":29761,"comment_status":"open","ping_status":"closed","template":"","meta":[],"product_brand":[],"product_cat":[10809],"product_tag":[10754,10765,10801,10768],"class_list":{"0":"post-29760","1":"product","2":"type-product","3":"status-publish","4":"has-post-thumbnail","6":"product_cat-nike-women","7":"product_tag-lifestyle-casual-shoes","8":"product_tag-lifestyle-shoes-running-inspired","9":"product_tag-nike","10":"product_tag-retro-running-shoes","11":"wcpa_has_options","13":"first","14":"instock","15":"taxable","16":"shipping-taxable","17":"purchasable","18":"product-type-simple"},"wcpa_form_fields":{"rules":{"pric_overide_base_price":false,"pric_overide_base_price_if_gt_zero":false,"pric_overide_base_price_fully":false,"pric_cal_option_once":false,"pric_use_as_fee":false,"bind_quantity":false,"quantity_bind_formula":false},"fields":[{"type":"color-group","required":true,"elementId":"wcpa-color-group-66c4a75505e74","label":"Taille","inline":true,"priceOptions":"different_for_all","pricingType":"fixed","className":"hassizechart product-shoes-size-eu product-shoes-size","name":"color-group-66c4a75505e89","disp_type":"square","selection_type":"tick-border","disp_size":"44","show_label_inside":true,"adjust_width":true,"cart_display_type":"text","other_text":"Other","cl_rule":"show","col":6,"values":[{"label":"35.5","value":"EU 35.5","price":"","pimage":"","pimage_id":"","pthumb":"","color":""},{"label":"36","value":"EU 36","price":"","pimage":"","pimage_id":"","pthumb":"","color":"","selected":true},{"label":"36.5","value":"EU 36.5","price":"","pimage":"","pimage_id":"","pthumb":"","color":""},{"label":"37.5","value":"EU 37.5","price":"","pimage":"","pimage_id":"","pthumb":"","color":""},{"label":"38","value":"EU 38","price":"","pimage":"","pimage_id":"","pthumb":"","color":""},{"label":"38.5","value":"EU 38.5","price":"","pimage":"","pimage_id":"","pthumb":"","color":""},{"label":"39","value":"EU 39","price":"","pimage":"","pimage_id":"","pthumb":"","color":""},{"label":"40","value":"EU 40","price":"","pimage":"","pimage_id":"","pthumb":"","color":""},{"label":"40.5","value":"EU 40.5","price":"","pimage":"","pimage_id":"","pthumb":"","color":""},{"label":"41","value":"EU 41","price":"","pimage":"","pimage_id":"","pthumb":"","color":""},{"label":"42","value":"EU 42","price":"","pimage":"","pimage_id":"","pthumb":"","color":""},{"label":"42.5","value":"EU 42.5","price":"","pimage":"","pimage_id":"","pthumb":"","color":""},{"label":"43","value":"EU 43","price":"","pimage":"","pimage_id":"","pthumb":"","color":""},{"label":"44","value":"EU 44","price":"","pimage":"","pimage_id":"","pthumb":"","color":""},{"label":"44.5","value":"EU 44.5","price":"","pimage":"","pimage_id":"","pthumb":"","color":""},{"label":"45","value":"EU 45","price":"","pimage":"","pimage_id":"","pthumb":"","color":""},{"label":"45.5","value":"EU 45.5","price":"","pimage":"","pimage_id":"","pthumb":"","color":""},{"label":"46","value":"EU 46","price":"","pimage":"","pimage_id":"","pthumb":"","color":""},{"label":"47","value":"EU 47","price":"","pimage":"","pimage_id":"","pthumb":"","color":""},{"label":"47.5","value":"EU 47.5","price":"","pimage":"","pimage_id":"","pthumb":"","color":""},{"label":"48","value":"EU 48","price":"","pimage":"","pimage_id":"","pthumb":"","color":""}],"relations":[{"operator":false,"rules":[]}],"form_id":18106,"form_rules":{"pric_cal_option_once":false,"exclude_from_discount":false,"pric_use_as_fee":false,"fee_label":"Fee","render_after_acb":false,"disp_hide_options_price":false}}]},"yoast_head":"<!-- This site is optimized with the Yoast SEO plugin v26.5 - https:\/\/yoast.com\/wordpress\/plugins\/seo\/ -->\n<title>(Women) Nike Air Max 95 &#039;Pink Foam&#039; - TOURCRUISER PTE. LTD<\/title>\n<meta name=\"robots\" content=\"index, follow, max-snippet:-1, max-image-preview:large, max-video-preview:-1\" \/>\n<link rel=\"canonical\" href=\"https:\/\/tourcruiser.com\/fr\/products\/women-nike-air-max-95-pink-foam\/\" \/>\n<meta property=\"og:locale\" content=\"fr_FR\" \/>\n<meta property=\"og:type\" content=\"article\" \/>\n<meta property=\"og:title\" content=\"(Women) Nike Air Max 95 &#039;Pink Foam&#039; - TOURCRUISER PTE. LTD\" \/>\n<meta property=\"og:description\" content=\"Nike Air Max 95 \u201d\u201d Black\/Pink Foam\/White\/Reflect Silver\/Anthracite\/Light Graphite\" \/>\n<meta property=\"og:url\" content=\"https:\/\/tourcruiser.com\/fr\/products\/women-nike-air-max-95-pink-foam\/\" \/>\n<meta property=\"og:site_name\" content=\"Tourcruiser Sneaker Store\" \/>\n<meta property=\"article:modified_time\" content=\"2026-03-14T11:06:28+00:00\" \/>\n<meta name=\"twitter:card\" content=\"summary_large_image\" \/>\n<meta name=\"twitter:image\" content=\"https:\/\/images.novelship.com\/product\/_women__nike_air_max_95__pink_foam__hj5996-001_0_84864.jpeg\" \/>\n<meta name=\"twitter:label1\" content=\"Dur\u00e9e de lecture estim\u00e9e\" \/>\n\t<meta name=\"twitter:data1\" content=\"1 minute\" \/>\n<script type=\"application\/ld+json\" class=\"yoast-schema-graph\">{\"@context\":\"https:\/\/schema.org\",\"@graph\":[{\"@type\":\"WebPage\",\"@id\":\"https:\/\/tourcruiser.com\/fr\/products\/women-nike-air-max-95-pink-foam\/\",\"url\":\"https:\/\/tourcruiser.com\/fr\/products\/women-nike-air-max-95-pink-foam\/\",\"name\":\"(Women) Nike Air Max 95 'Pink Foam' - TOURCRUISER PTE. LTD\",\"isPartOf\":{\"@id\":\"https:\/\/tourcruiser.com\/fr\/#website\"},\"primaryImageOfPage\":{\"@id\":\"https:\/\/tourcruiser.com\/fr\/products\/women-nike-air-max-95-pink-foam\/#primaryimage\"},\"image\":{\"@id\":\"https:\/\/tourcruiser.com\/fr\/products\/women-nike-air-max-95-pink-foam\/#primaryimage\"},\"thumbnailUrl\":\"https:\/\/images.novelship.com\/product\/_women__nike_air_max_95__pink_foam__hj5996-001_0_84864.jpeg\",\"datePublished\":\"2026-03-02T07:38:41+00:00\",\"dateModified\":\"2026-03-14T11:06:28+00:00\",\"breadcrumb\":{\"@id\":\"https:\/\/tourcruiser.com\/fr\/products\/women-nike-air-max-95-pink-foam\/#breadcrumb\"},\"inLanguage\":\"fr-FR\",\"potentialAction\":[{\"@type\":\"ReadAction\",\"target\":[\"https:\/\/tourcruiser.com\/fr\/products\/women-nike-air-max-95-pink-foam\/\"]}]},{\"@type\":\"ImageObject\",\"inLanguage\":\"fr-FR\",\"@id\":\"https:\/\/tourcruiser.com\/fr\/products\/women-nike-air-max-95-pink-foam\/#primaryimage\",\"url\":\"https:\/\/images.novelship.com\/product\/_women__nike_air_max_95__pink_foam__hj5996-001_0_84864.jpeg\",\"contentUrl\":\"https:\/\/images.novelship.com\/product\/_women__nike_air_max_95__pink_foam__hj5996-001_0_84864.jpeg\"},{\"@type\":\"BreadcrumbList\",\"@id\":\"https:\/\/tourcruiser.com\/fr\/products\/women-nike-air-max-95-pink-foam\/#breadcrumb\",\"itemListElement\":[{\"@type\":\"ListItem\",\"position\":1,\"name\":\"Home\",\"item\":\"https:\/\/tourcruiser.com\/fr\/\"},{\"@type\":\"ListItem\",\"position\":2,\"name\":\"Shop\",\"item\":\"https:\/\/tourcruiser.com\/fr\/shop\/\"},{\"@type\":\"ListItem\",\"position\":3,\"name\":\"(Women) Nike Air Max 95 'Pink Foam'\"}]},{\"@type\":\"WebSite\",\"@id\":\"https:\/\/tourcruiser.com\/fr\/#website\",\"url\":\"https:\/\/tourcruiser.com\/fr\/\",\"name\":\"Styloral Jewelry Shop\",\"description\":\"Tourcruiser Sneaker Store \u2014 L\u2019endroit o\u00f9 l\u2019univers rencontre votre singularit\u00e9.\",\"publisher\":{\"@id\":\"https:\/\/tourcruiser.com\/fr\/#organization\"},\"potentialAction\":[{\"@type\":\"SearchAction\",\"target\":{\"@type\":\"EntryPoint\",\"urlTemplate\":\"https:\/\/tourcruiser.com\/fr\/?s={search_term_string}\"},\"query-input\":{\"@type\":\"PropertyValueSpecification\",\"valueRequired\":true,\"valueName\":\"search_term_string\"}}],\"inLanguage\":\"fr-FR\"},{\"@type\":\"Organization\",\"@id\":\"https:\/\/tourcruiser.com\/fr\/#organization\",\"name\":\"STYLORAL PTE. LTD\",\"url\":\"https:\/\/tourcruiser.com\/fr\/\",\"logo\":{\"@type\":\"ImageObject\",\"inLanguage\":\"fr-FR\",\"@id\":\"https:\/\/tourcruiser.com\/fr\/#\/schema\/logo\/image\/\",\"url\":\"https:\/\/www.tourcruiser.com\/wp-content\/uploads\/2025\/12\/logo.png\",\"contentUrl\":\"https:\/\/www.tourcruiser.com\/wp-content\/uploads\/2025\/12\/logo.png\",\"width\":200,\"height\":65,\"caption\":\"STYLORAL PTE. LTD\"},\"image\":{\"@id\":\"https:\/\/tourcruiser.com\/fr\/#\/schema\/logo\/image\/\"}}]}<\/script>\n<!-- \/ Yoast SEO plugin. -->","yoast_head_json":{"title":"(Women) Nike Air Max 95 'Pink Foam' - TOURCRUISER PTE. LTD","robots":{"index":"index","follow":"follow","max-snippet":"max-snippet:-1","max-image-preview":"max-image-preview:large","max-video-preview":"max-video-preview:-1"},"canonical":"https:\/\/tourcruiser.com\/fr\/products\/women-nike-air-max-95-pink-foam\/","og_locale":"fr_FR","og_type":"article","og_title":"(Women) Nike Air Max 95 'Pink Foam' - TOURCRUISER PTE. LTD","og_description":"Nike Air Max 95 \u201d\u201d Black\/Pink Foam\/White\/Reflect Silver\/Anthracite\/Light Graphite","og_url":"https:\/\/tourcruiser.com\/fr\/products\/women-nike-air-max-95-pink-foam\/","og_site_name":"Tourcruiser Sneaker Store","article_modified_time":"2026-03-14T11:06:28+00:00","twitter_card":"summary_large_image","twitter_image":"https:\/\/images.novelship.com\/product\/_women__nike_air_max_95__pink_foam__hj5996-001_0_84864.jpeg","twitter_misc":{"Dur\u00e9e de lecture estim\u00e9e":"1 minute"},"schema":{"@context":"https:\/\/schema.org","@graph":[{"@type":"WebPage","@id":"https:\/\/tourcruiser.com\/fr\/products\/women-nike-air-max-95-pink-foam\/","url":"https:\/\/tourcruiser.com\/fr\/products\/women-nike-air-max-95-pink-foam\/","name":"(Women) Nike Air Max 95 'Pink Foam' - TOURCRUISER PTE. LTD","isPartOf":{"@id":"https:\/\/tourcruiser.com\/fr\/#website"},"primaryImageOfPage":{"@id":"https:\/\/tourcruiser.com\/fr\/products\/women-nike-air-max-95-pink-foam\/#primaryimage"},"image":{"@id":"https:\/\/tourcruiser.com\/fr\/products\/women-nike-air-max-95-pink-foam\/#primaryimage"},"thumbnailUrl":"https:\/\/images.novelship.com\/product\/_women__nike_air_max_95__pink_foam__hj5996-001_0_84864.jpeg","datePublished":"2026-03-02T07:38:41+00:00","dateModified":"2026-03-14T11:06:28+00:00","breadcrumb":{"@id":"https:\/\/tourcruiser.com\/fr\/products\/women-nike-air-max-95-pink-foam\/#breadcrumb"},"inLanguage":"fr-FR","potentialAction":[{"@type":"ReadAction","target":["https:\/\/tourcruiser.com\/fr\/products\/women-nike-air-max-95-pink-foam\/"]}]},{"@type":"ImageObject","inLanguage":"fr-FR","@id":"https:\/\/tourcruiser.com\/fr\/products\/women-nike-air-max-95-pink-foam\/#primaryimage","url":"https:\/\/images.novelship.com\/product\/_women__nike_air_max_95__pink_foam__hj5996-001_0_84864.jpeg","contentUrl":"https:\/\/images.novelship.com\/product\/_women__nike_air_max_95__pink_foam__hj5996-001_0_84864.jpeg"},{"@type":"BreadcrumbList","@id":"https:\/\/tourcruiser.com\/fr\/products\/women-nike-air-max-95-pink-foam\/#breadcrumb","itemListElement":[{"@type":"ListItem","position":1,"name":"Home","item":"https:\/\/tourcruiser.com\/fr\/"},{"@type":"ListItem","position":2,"name":"Shop","item":"https:\/\/tourcruiser.com\/fr\/shop\/"},{"@type":"ListItem","position":3,"name":"(Women) Nike Air Max 95 'Pink Foam'"}]},{"@type":"WebSite","@id":"https:\/\/tourcruiser.com\/fr\/#website","url":"https:\/\/tourcruiser.com\/fr\/","name":"Styloral Jewelry Shop","description":"Tourcruiser Sneaker Store \u2014 L\u2019endroit o\u00f9 l\u2019univers rencontre votre singularit\u00e9.","publisher":{"@id":"https:\/\/tourcruiser.com\/fr\/#organization"},"potentialAction":[{"@type":"SearchAction","target":{"@type":"EntryPoint","urlTemplate":"https:\/\/tourcruiser.com\/fr\/?s={search_term_string}"},"query-input":{"@type":"PropertyValueSpecification","valueRequired":true,"valueName":"search_term_string"}}],"inLanguage":"fr-FR"},{"@type":"Organization","@id":"https:\/\/tourcruiser.com\/fr\/#organization","name":"STYLORAL PTE. LTD","url":"https:\/\/tourcruiser.com\/fr\/","logo":{"@type":"ImageObject","inLanguage":"fr-FR","@id":"https:\/\/tourcruiser.com\/fr\/#\/schema\/logo\/image\/","url":"https:\/\/www.tourcruiser.com\/wp-content\/uploads\/2025\/12\/logo.png","contentUrl":"https:\/\/www.tourcruiser.com\/wp-content\/uploads\/2025\/12\/logo.png","width":200,"height":65,"caption":"STYLORAL PTE. LTD"},"image":{"@id":"https:\/\/tourcruiser.com\/fr\/#\/schema\/logo\/image\/"}}]}},"_links":{"self":[{"href":"https:\/\/tourcruiser.com\/fr\/wp-json\/wp\/v2\/product\/29760","targetHints":{"allow":["GET"]}}],"collection":[{"href":"https:\/\/tourcruiser.com\/fr\/wp-json\/wp\/v2\/product"}],"about":[{"href":"https:\/\/tourcruiser.com\/fr\/wp-json\/wp\/v2\/types\/product"}],"replies":[{"embeddable":true,"href":"https:\/\/tourcruiser.com\/fr\/wp-json\/wp\/v2\/comments?post=29760"}],"wp:featuredmedia":[{"embeddable":true,"href":"https:\/\/tourcruiser.com\/fr\/wp-json\/wp\/v2\/media\/29761"}],"wp:attachment":[{"href":"https:\/\/tourcruiser.com\/fr\/wp-json\/wp\/v2\/media?parent=29760"}],"wp:term":[{"taxonomy":"product_brand","embeddable":true,"href":"https:\/\/tourcruiser.com\/fr\/wp-json\/wp\/v2\/product_brand?post=29760"},{"taxonomy":"product_cat","embeddable":true,"href":"https:\/\/tourcruiser.com\/fr\/wp-json\/wp\/v2\/product_cat?post=29760"},{"taxonomy":"product_tag","embeddable":true,"href":"https:\/\/tourcruiser.com\/fr\/wp-json\/wp\/v2\/product_tag?post=29760"}],"curies":[{"name":"wp","href":"https:\/\/api.w.org\/{rel}","templated":true}]}}