{"id":28610,"date":"2026-03-02T14:37:08","date_gmt":"2026-03-02T07:37:08","guid":{"rendered":"http:\/\/tourcruiser.com\/product\/asics-ds-light-x-fly-5-white-sea-glass"},"modified":"2026-03-14T18:05:33","modified_gmt":"2026-03-14T11:05:33","slug":"asics-ds-light-x-fly-5-white-sea-glass","status":"publish","type":"product","link":"https:\/\/tourcruiser.com\/fr\/products\/asics-ds-light-x-fly-5-white-sea-glass\/","title":{"rendered":"ASICS Ds Light X-Fly 5 &lsquo;White Sea Glass&rsquo;"},"content":{"rendered":"<p>Am\u00e9liorez votre jeu avec la chaussure de football ASICS DS Light X-Fly 5 \u00ab\u00a0White Sea Glass\u00a0\u00bb, un mod\u00e8le haut de gamme alliant l\u00e9g\u00e8ret\u00e9 et confort exceptionnel pour des performances optimales. Con\u00e7ue pour les athl\u00e8tes modernes, cette chaussure est dot\u00e9e d&rsquo;une tige en cuir de kangourou souple et r\u00e9sistant qui \u00e9pouse la forme de votre pied pour un contr\u00f4le de balle am\u00e9lior\u00e9 et un ajustement parfait. L&rsquo;association intemporelle du blanc et du vert d&rsquo;eau apporte une touche d&rsquo;\u00e9l\u00e9gance, tandis que la semelle ergonomique avec crampons strat\u00e9giquement plac\u00e9s offre une adh\u00e9rence, une stabilit\u00e9 et une agilit\u00e9 optimales sur terrain ferme. Con\u00e7ue pour r\u00e9duire le poids superflu sans compromettre la durabilit\u00e9, la DS Light X-Fly 5 am\u00e9liore la vitesse et la r\u00e9activit\u00e9, vous permettant de prendre l&rsquo;avantage sur vos adversaires. Que vous jouiez au plus haut niveau ou que vous perfectionniez votre technique, ces chaussures offrent pr\u00e9cision, confort et fiabilit\u00e9 \u00e0 chaque match. D\u00e9couvrez l&rsquo;alliance parfaite de la fonctionnalit\u00e9 et du style gr\u00e2ce \u00e0 la technologie de pointe d&rsquo;ASICS et \u00e0 son engagement \u00e0 d\u00e9velopper des chaussures pour les athl\u00e8tes les plus exigeants. Red\u00e9finissez vos performances avec l&rsquo;ASICS DS Light X-Fly 5. Elle est con\u00e7ue pour offrir un maintien optimal sur le terrain \u00e0 chaque pas, changement de direction et tir. Coloris\u00a0: Blanc\/Verre de mer R\u00e9f\u00e9rence\u00a0: 1101A047-105 Couleur\u00a0: Blanc<\/p>\n","protected":false},"excerpt":{"rendered":"<p>ASICS Nova Surge Low \u201d\u201d White\/Sea Glass<\/p>\n","protected":false},"featured_media":28611,"comment_status":"open","ping_status":"closed","template":"","meta":[],"product_brand":[],"product_cat":[10792],"product_tag":[10791,11087,10753,10802,10986,10987,10758],"class_list":{"0":"post-28610","1":"product","2":"type-product","3":"status-publish","4":"has-post-thumbnail","6":"product_cat-asics","7":"product_tag-asics","8":"product_tag-firm-ground-fg-football-boots","9":"product_tag-gift-for-him","10":"product_tag-performance-sport-shoes","11":"product_tag-soccer-shoes","12":"product_tag-soccer-shoes-football-cleats","13":"product_tag-under-retail","14":"wcpa_has_options","16":"first","17":"instock","18":"sale","19":"taxable","20":"shipping-taxable","21":"purchasable","22":"product-type-simple"},"wcpa_form_fields":{"rules":{"pric_overide_base_price":false,"pric_overide_base_price_if_gt_zero":false,"pric_overide_base_price_fully":false,"pric_cal_option_once":false,"pric_use_as_fee":false,"bind_quantity":false,"quantity_bind_formula":false},"fields":[{"type":"color-group","required":true,"elementId":"wcpa-color-group-69a5ab08ee12d","label":"Taille","inline":true,"priceOptions":"different_for_all","pricingType":"fixed","className":"hassizechart product-shoes-size-eu product-shoes-size","name":"color-group-69a5ab08ee136","disp_type":"square","selection_type":"tick-border","disp_size":"50","show_label_inside":true,"adjust_width":true,"cart_display_type":"text","other_text":"Other","cl_rule":"show","col":6,"values":[{"label":"36","value":"EU 36","price":"","pimage":"","pimage_id":"","pthumb":"","color":"","selected":true},{"label":"37","value":"EU 37","price":"","pimage":"","pimage_id":"","pthumb":"","color":""},{"label":"37.5","value":"EU 37.5","price":"","pimage":"","pimage_id":"","pthumb":"","color":""},{"label":"38","value":"EU 38","price":"","pimage":"","pimage_id":"","pthumb":"","color":""},{"label":"38.5","value":"EU 38.5","price":"","pimage":"","pimage_id":"","pthumb":"","color":""},{"label":"39","value":"EU 39","price":"","pimage":"","pimage_id":"","pthumb":"","color":""},{"label":"39.5","value":"EU 39.5","price":"","pimage":"","pimage_id":"","pthumb":"","color":""},{"label":"40","value":"EU 40","price":"","pimage":"","pimage_id":"","pthumb":"","color":""},{"label":"40.5","value":"EU 40.5","price":"","pimage":"","pimage_id":"","pthumb":"","color":""},{"label":" 41.5","value":"EU 41.5","price":"","pimage":"","pimage_id":"","pthumb":"","color":""},{"label":"42","value":"EU 42","price":"","pimage":"","pimage_id":"","pthumb":"","color":""},{"label":"42.5","value":"EU 42.5","price":"","pimage":"","pimage_id":"","pthumb":"","color":""},{"label":"43","value":"EU 43","price":"","pimage":"","pimage_id":"","pthumb":"","color":""},{"label":"44","value":"EU 44","price":"","pimage":"","pimage_id":"","pthumb":"","color":""},{"label":"44.5","value":"EU 44.5","price":"","pimage":"","pimage_id":"","pthumb":"","color":""},{"label":"45","value":"EU 45","price":"","pimage":"","pimage_id":"","pthumb":"","color":""},{"label":"45.5","value":"EU 45.5","price":"","pimage":"","pimage_id":"","pthumb":"","color":""},{"label":"46","value":"EU 46","price":"","pimage":"","pimage_id":"","pthumb":"","color":""},{"label":"46.5","value":"EU 46.5","price":"","pimage":"","pimage_id":"","pthumb":"","color":""},{"label":"47","value":"EU 47","price":"","pimage":"","pimage_id":"","pthumb":"","color":""}],"relations":[{"operator":false,"rules":[]}],"form_id":184311,"form_rules":{"pric_cal_option_once":false,"exclude_from_discount":false,"pric_use_as_fee":false,"fee_label":"Fee","render_after_acb":false,"disp_hide_options_price":false}}]},"yoast_head":"<!-- This site is optimized with the Yoast SEO plugin v26.5 - https:\/\/yoast.com\/wordpress\/plugins\/seo\/ -->\n<title>ASICS Ds Light X-Fly 5 &#039;White Sea Glass&#039; - TOURCRUISER PTE. LTD<\/title>\n<meta name=\"robots\" content=\"index, follow, max-snippet:-1, max-image-preview:large, max-video-preview:-1\" \/>\n<link rel=\"canonical\" href=\"https:\/\/tourcruiser.com\/fr\/products\/asics-ds-light-x-fly-5-white-sea-glass\/\" \/>\n<meta property=\"og:locale\" content=\"fr_FR\" \/>\n<meta property=\"og:type\" content=\"article\" \/>\n<meta property=\"og:title\" content=\"ASICS Ds Light X-Fly 5 &#039;White Sea Glass&#039; - TOURCRUISER PTE. LTD\" \/>\n<meta property=\"og:description\" content=\"ASICS Nova Surge Low \u201d\u201d White\/Sea Glass\" \/>\n<meta property=\"og:url\" content=\"https:\/\/tourcruiser.com\/fr\/products\/asics-ds-light-x-fly-5-white-sea-glass\/\" \/>\n<meta property=\"og:site_name\" content=\"Tourcruiser Sneaker Store\" \/>\n<meta property=\"article:modified_time\" content=\"2026-03-14T11:05:33+00:00\" \/>\n<meta name=\"twitter:card\" content=\"summary_large_image\" \/>\n<meta name=\"twitter:image\" content=\"https:\/\/images.novelship.com\/product\/asics_ds_light_x-fly_5__white_sea_glass__1101a047-_0_53601.jpeg\" \/>\n<meta name=\"twitter:label1\" content=\"Dur\u00e9e de lecture estim\u00e9e\" \/>\n\t<meta name=\"twitter:data1\" content=\"1 minute\" \/>\n<script type=\"application\/ld+json\" class=\"yoast-schema-graph\">{\"@context\":\"https:\/\/schema.org\",\"@graph\":[{\"@type\":\"WebPage\",\"@id\":\"https:\/\/tourcruiser.com\/fr\/products\/asics-ds-light-x-fly-5-white-sea-glass\/\",\"url\":\"https:\/\/tourcruiser.com\/fr\/products\/asics-ds-light-x-fly-5-white-sea-glass\/\",\"name\":\"ASICS Ds Light X-Fly 5 'White Sea Glass' - TOURCRUISER PTE. LTD\",\"isPartOf\":{\"@id\":\"https:\/\/tourcruiser.com\/fr\/#website\"},\"primaryImageOfPage\":{\"@id\":\"https:\/\/tourcruiser.com\/fr\/products\/asics-ds-light-x-fly-5-white-sea-glass\/#primaryimage\"},\"image\":{\"@id\":\"https:\/\/tourcruiser.com\/fr\/products\/asics-ds-light-x-fly-5-white-sea-glass\/#primaryimage\"},\"thumbnailUrl\":\"https:\/\/images.novelship.com\/product\/asics_ds_light_x-fly_5__white_sea_glass__1101a047-_0_53601.jpeg\",\"datePublished\":\"2026-03-02T07:37:08+00:00\",\"dateModified\":\"2026-03-14T11:05:33+00:00\",\"breadcrumb\":{\"@id\":\"https:\/\/tourcruiser.com\/fr\/products\/asics-ds-light-x-fly-5-white-sea-glass\/#breadcrumb\"},\"inLanguage\":\"fr-FR\",\"potentialAction\":[{\"@type\":\"ReadAction\",\"target\":[\"https:\/\/tourcruiser.com\/fr\/products\/asics-ds-light-x-fly-5-white-sea-glass\/\"]}]},{\"@type\":\"ImageObject\",\"inLanguage\":\"fr-FR\",\"@id\":\"https:\/\/tourcruiser.com\/fr\/products\/asics-ds-light-x-fly-5-white-sea-glass\/#primaryimage\",\"url\":\"https:\/\/images.novelship.com\/product\/asics_ds_light_x-fly_5__white_sea_glass__1101a047-_0_53601.jpeg\",\"contentUrl\":\"https:\/\/images.novelship.com\/product\/asics_ds_light_x-fly_5__white_sea_glass__1101a047-_0_53601.jpeg\"},{\"@type\":\"BreadcrumbList\",\"@id\":\"https:\/\/tourcruiser.com\/fr\/products\/asics-ds-light-x-fly-5-white-sea-glass\/#breadcrumb\",\"itemListElement\":[{\"@type\":\"ListItem\",\"position\":1,\"name\":\"Home\",\"item\":\"https:\/\/tourcruiser.com\/fr\/\"},{\"@type\":\"ListItem\",\"position\":2,\"name\":\"Shop\",\"item\":\"https:\/\/tourcruiser.com\/fr\/shop\/\"},{\"@type\":\"ListItem\",\"position\":3,\"name\":\"ASICS Ds Light X-Fly 5 'White Sea Glass'\"}]},{\"@type\":\"WebSite\",\"@id\":\"https:\/\/tourcruiser.com\/fr\/#website\",\"url\":\"https:\/\/tourcruiser.com\/fr\/\",\"name\":\"Styloral Jewelry Shop\",\"description\":\"Tourcruiser Sneaker Store \u2014 L\u2019endroit o\u00f9 l\u2019univers rencontre votre singularit\u00e9.\",\"publisher\":{\"@id\":\"https:\/\/tourcruiser.com\/fr\/#organization\"},\"potentialAction\":[{\"@type\":\"SearchAction\",\"target\":{\"@type\":\"EntryPoint\",\"urlTemplate\":\"https:\/\/tourcruiser.com\/fr\/?s={search_term_string}\"},\"query-input\":{\"@type\":\"PropertyValueSpecification\",\"valueRequired\":true,\"valueName\":\"search_term_string\"}}],\"inLanguage\":\"fr-FR\"},{\"@type\":\"Organization\",\"@id\":\"https:\/\/tourcruiser.com\/fr\/#organization\",\"name\":\"STYLORAL PTE. LTD\",\"url\":\"https:\/\/tourcruiser.com\/fr\/\",\"logo\":{\"@type\":\"ImageObject\",\"inLanguage\":\"fr-FR\",\"@id\":\"https:\/\/tourcruiser.com\/fr\/#\/schema\/logo\/image\/\",\"url\":\"https:\/\/www.tourcruiser.com\/wp-content\/uploads\/2025\/12\/logo.png\",\"contentUrl\":\"https:\/\/www.tourcruiser.com\/wp-content\/uploads\/2025\/12\/logo.png\",\"width\":200,\"height\":65,\"caption\":\"STYLORAL PTE. LTD\"},\"image\":{\"@id\":\"https:\/\/tourcruiser.com\/fr\/#\/schema\/logo\/image\/\"}}]}<\/script>\n<!-- \/ Yoast SEO plugin. -->","yoast_head_json":{"title":"ASICS Ds Light X-Fly 5 'White Sea Glass' - TOURCRUISER PTE. LTD","robots":{"index":"index","follow":"follow","max-snippet":"max-snippet:-1","max-image-preview":"max-image-preview:large","max-video-preview":"max-video-preview:-1"},"canonical":"https:\/\/tourcruiser.com\/fr\/products\/asics-ds-light-x-fly-5-white-sea-glass\/","og_locale":"fr_FR","og_type":"article","og_title":"ASICS Ds Light X-Fly 5 'White Sea Glass' - TOURCRUISER PTE. LTD","og_description":"ASICS Nova Surge Low \u201d\u201d White\/Sea Glass","og_url":"https:\/\/tourcruiser.com\/fr\/products\/asics-ds-light-x-fly-5-white-sea-glass\/","og_site_name":"Tourcruiser Sneaker Store","article_modified_time":"2026-03-14T11:05:33+00:00","twitter_card":"summary_large_image","twitter_image":"https:\/\/images.novelship.com\/product\/asics_ds_light_x-fly_5__white_sea_glass__1101a047-_0_53601.jpeg","twitter_misc":{"Dur\u00e9e de lecture estim\u00e9e":"1 minute"},"schema":{"@context":"https:\/\/schema.org","@graph":[{"@type":"WebPage","@id":"https:\/\/tourcruiser.com\/fr\/products\/asics-ds-light-x-fly-5-white-sea-glass\/","url":"https:\/\/tourcruiser.com\/fr\/products\/asics-ds-light-x-fly-5-white-sea-glass\/","name":"ASICS Ds Light X-Fly 5 'White Sea Glass' - TOURCRUISER PTE. LTD","isPartOf":{"@id":"https:\/\/tourcruiser.com\/fr\/#website"},"primaryImageOfPage":{"@id":"https:\/\/tourcruiser.com\/fr\/products\/asics-ds-light-x-fly-5-white-sea-glass\/#primaryimage"},"image":{"@id":"https:\/\/tourcruiser.com\/fr\/products\/asics-ds-light-x-fly-5-white-sea-glass\/#primaryimage"},"thumbnailUrl":"https:\/\/images.novelship.com\/product\/asics_ds_light_x-fly_5__white_sea_glass__1101a047-_0_53601.jpeg","datePublished":"2026-03-02T07:37:08+00:00","dateModified":"2026-03-14T11:05:33+00:00","breadcrumb":{"@id":"https:\/\/tourcruiser.com\/fr\/products\/asics-ds-light-x-fly-5-white-sea-glass\/#breadcrumb"},"inLanguage":"fr-FR","potentialAction":[{"@type":"ReadAction","target":["https:\/\/tourcruiser.com\/fr\/products\/asics-ds-light-x-fly-5-white-sea-glass\/"]}]},{"@type":"ImageObject","inLanguage":"fr-FR","@id":"https:\/\/tourcruiser.com\/fr\/products\/asics-ds-light-x-fly-5-white-sea-glass\/#primaryimage","url":"https:\/\/images.novelship.com\/product\/asics_ds_light_x-fly_5__white_sea_glass__1101a047-_0_53601.jpeg","contentUrl":"https:\/\/images.novelship.com\/product\/asics_ds_light_x-fly_5__white_sea_glass__1101a047-_0_53601.jpeg"},{"@type":"BreadcrumbList","@id":"https:\/\/tourcruiser.com\/fr\/products\/asics-ds-light-x-fly-5-white-sea-glass\/#breadcrumb","itemListElement":[{"@type":"ListItem","position":1,"name":"Home","item":"https:\/\/tourcruiser.com\/fr\/"},{"@type":"ListItem","position":2,"name":"Shop","item":"https:\/\/tourcruiser.com\/fr\/shop\/"},{"@type":"ListItem","position":3,"name":"ASICS Ds Light X-Fly 5 'White Sea Glass'"}]},{"@type":"WebSite","@id":"https:\/\/tourcruiser.com\/fr\/#website","url":"https:\/\/tourcruiser.com\/fr\/","name":"Styloral Jewelry Shop","description":"Tourcruiser Sneaker Store \u2014 L\u2019endroit o\u00f9 l\u2019univers rencontre votre singularit\u00e9.","publisher":{"@id":"https:\/\/tourcruiser.com\/fr\/#organization"},"potentialAction":[{"@type":"SearchAction","target":{"@type":"EntryPoint","urlTemplate":"https:\/\/tourcruiser.com\/fr\/?s={search_term_string}"},"query-input":{"@type":"PropertyValueSpecification","valueRequired":true,"valueName":"search_term_string"}}],"inLanguage":"fr-FR"},{"@type":"Organization","@id":"https:\/\/tourcruiser.com\/fr\/#organization","name":"STYLORAL PTE. LTD","url":"https:\/\/tourcruiser.com\/fr\/","logo":{"@type":"ImageObject","inLanguage":"fr-FR","@id":"https:\/\/tourcruiser.com\/fr\/#\/schema\/logo\/image\/","url":"https:\/\/www.tourcruiser.com\/wp-content\/uploads\/2025\/12\/logo.png","contentUrl":"https:\/\/www.tourcruiser.com\/wp-content\/uploads\/2025\/12\/logo.png","width":200,"height":65,"caption":"STYLORAL PTE. LTD"},"image":{"@id":"https:\/\/tourcruiser.com\/fr\/#\/schema\/logo\/image\/"}}]}},"_links":{"self":[{"href":"https:\/\/tourcruiser.com\/fr\/wp-json\/wp\/v2\/product\/28610","targetHints":{"allow":["GET"]}}],"collection":[{"href":"https:\/\/tourcruiser.com\/fr\/wp-json\/wp\/v2\/product"}],"about":[{"href":"https:\/\/tourcruiser.com\/fr\/wp-json\/wp\/v2\/types\/product"}],"replies":[{"embeddable":true,"href":"https:\/\/tourcruiser.com\/fr\/wp-json\/wp\/v2\/comments?post=28610"}],"wp:featuredmedia":[{"embeddable":true,"href":"https:\/\/tourcruiser.com\/fr\/wp-json\/wp\/v2\/media\/28611"}],"wp:attachment":[{"href":"https:\/\/tourcruiser.com\/fr\/wp-json\/wp\/v2\/media?parent=28610"}],"wp:term":[{"taxonomy":"product_brand","embeddable":true,"href":"https:\/\/tourcruiser.com\/fr\/wp-json\/wp\/v2\/product_brand?post=28610"},{"taxonomy":"product_cat","embeddable":true,"href":"https:\/\/tourcruiser.com\/fr\/wp-json\/wp\/v2\/product_cat?post=28610"},{"taxonomy":"product_tag","embeddable":true,"href":"https:\/\/tourcruiser.com\/fr\/wp-json\/wp\/v2\/product_tag?post=28610"}],"curies":[{"name":"wp","href":"https:\/\/api.w.org\/{rel}","templated":true}]}}