{"id":27838,"date":"2026-03-02T14:36:08","date_gmt":"2026-03-02T07:36:08","guid":{"rendered":"http:\/\/tourcruiser.com\/product\/spongebob-squarepants-x-adidas-superstar-patrick-star"},"modified":"2026-03-14T18:04:51","modified_gmt":"2026-03-14T11:04:51","slug":"spongebob-squarepants-x-adidas-superstar-patrick-star","status":"publish","type":"product","link":"https:\/\/tourcruiser.com\/fr\/products\/spongebob-squarepants-x-adidas-superstar-patrick-star\/","title":{"rendered":"SpongeBob SquarePants x adidas Superstar &lsquo;Patrick Star&rsquo;"},"content":{"rendered":"<p>Plongez dans l&rsquo;univers d\u00e9cal\u00e9 de Bikini Bottom avec la SpongeBob SquarePants x adidas Superstar \u00ab Patrick Star \u00bb, une collaboration ludique qui transpose l&rsquo;\u00e9toile de mer embl\u00e9matique de Patrick sur la silhouette intemporelle de l&rsquo;adidas Superstar. L&#8217;empeigne rose vif, inspir\u00e9e de la couleur f\u00e9tiche et de la personnalit\u00e9 excentrique de Patrick, est rehauss\u00e9e de d\u00e9tails vert citron rappelant son short \u2013 une pi\u00e8ce ma\u00eetresse pour votre collection de sneakers. Confectionn\u00e9e \u00e0 partir de mat\u00e9riaux haut de gamme pour un confort et une durabilit\u00e9 optimaux, cette collaboration unique offre \u00e0 la Superstar, avec son bout renforc\u00e9 et ses trois bandes classiques, une touche de modernit\u00e9. Parfaite pour les fans de SpongeBob et les passionn\u00e9s de sneakers, son design vibrant est compl\u00e9t\u00e9 par des d\u00e9tails th\u00e9matiques subtils, cr\u00e9ant un style \u00e0 la fois nostalgique et contemporain. Que vous fl\u00e2niez sur la plage ou en ville, avec ces sneakers, exprimez votre c\u00f4t\u00e9 Patrick Star et affichez votre passion pour la pop culture. Coloris : Couleur fournisseur\/Noir\/Gris argile. Num\u00e9ro d&rsquo;article : JQ6778. Mati\u00e8re de l&#8217;empeigne : Daim. Couleur : Rose. Designer : Horst Dassler. Ann\u00e9e de sortie : 2025.<\/p>\n","protected":false},"excerpt":{"rendered":"<p>adidas Superstar \u201d\u201d Supplier Colour\/Core Black\/Wonder Clay<\/p>\n","protected":false},"featured_media":27839,"comment_status":"open","ping_status":"closed","template":"","meta":[],"product_brand":[],"product_cat":[10760],"product_tag":[10759,10750,10754,11460,10756,10758],"class_list":{"0":"post-27838","1":"product","2":"type-product","3":"status-publish","4":"has-post-thumbnail","6":"product_cat-adidas","7":"product_tag-adidas","8":"product_tag-athleisure-shoes","9":"product_tag-lifestyle-casual-shoes","10":"product_tag-lifestyle-shoes-casual","11":"product_tag-retro-casual-shoes","12":"product_tag-under-retail","13":"wcpa_has_options","15":"first","16":"instock","17":"taxable","18":"shipping-taxable","19":"purchasable","20":"product-type-simple"},"wcpa_form_fields":{"rules":{"pric_overide_base_price":false,"pric_overide_base_price_if_gt_zero":false,"pric_overide_base_price_fully":false,"pric_cal_option_once":false,"pric_use_as_fee":false,"bind_quantity":false,"quantity_bind_formula":false},"fields":[{"type":"color-group","required":true,"elementId":"wcpa-color-group-66c4a7f817afe","label":"Taille","inline":true,"priceOptions":"different_for_all","pricingType":"fixed","className":"hassizechart product-shoes-size-eu product-shoes-size","name":"color-group-66c4a7f817b18","disp_type":"square","selection_type":"tick-border","disp_size":"50","show_label_inside":true,"adjust_width":true,"cart_display_type":"text","other_text":"Other","cl_rule":"show","col":6,"values":[{"label":"35","value":"EU 35","price":"","pimage":"","pimage_id":"","pthumb":"","color":""},{"label":"35.5","value":"EU 35.5","price":"","pimage":"","pimage_id":"","pthumb":"","color":""},{"label":"36","value":"EU 36","price":"","pimage":"","pimage_id":"","pthumb":"","color":"","selected":true},{"label":"36 2\/3","value":"EU 36 2\/3","price":"","pimage":"","pimage_id":"","pthumb":"","color":""},{"label":"37 1\/3","value":"EU 37 1\/3","price":"","pimage":"","pimage_id":"","pthumb":"","color":""},{"label":"38","value":"EU 38","price":"","pimage":"","pimage_id":"","pthumb":"","color":""},{"label":"38 2\/3","value":"EU 38 2\/3","price":"","pimage":"","pimage_id":"","pthumb":"","color":""},{"label":"39 1\/3","value":"EU 39 1\/3","price":"","pimage":"","pimage_id":"","pthumb":"","color":""},{"label":"40","value":"EU 40","price":"","pimage":"","pimage_id":"","pthumb":"","color":""},{"label":"40 2\/3","value":"EU 40 2\/3","price":"","pimage":"","pimage_id":"","pthumb":"","color":""},{"label":"41 1\/3","value":"EU 41 1\/3","price":"","pimage":"","pimage_id":"","pthumb":"","color":""},{"label":"42","value":"EU 42","price":"","pimage":"","pimage_id":"","pthumb":"","color":""},{"label":"42 2\/3","value":"EU 42 2\/3","price":"","pimage":"","pimage_id":"","pthumb":"","color":""},{"label":"43 1\/3","value":"EU 43 1\/3","price":"","pimage":"","pimage_id":"","pthumb":"","color":""},{"label":"44","value":"EU 44","price":"","pimage":"","pimage_id":"","pthumb":"","color":""},{"label":"44 2\/3","value":"EU 44 2\/3","price":"","pimage":"","pimage_id":"","pthumb":"","color":""},{"label":"45 1\/3","value":"EU 45 1\/3","price":"","pimage":"","pimage_id":"","pthumb":"","color":""},{"label":"46","value":"EU 46","price":"","pimage":"","pimage_id":"","pthumb":"","color":""},{"label":"46 2\/3","value":"EU 46 2\/3","price":"","pimage":"","pimage_id":"","pthumb":"","color":""},{"label":"47 1\/3","value":"EU 47 1\/3","price":"","pimage":"","pimage_id":"","pthumb":"","color":""}],"relations":[{"operator":false,"rules":[]}],"form_id":24802,"form_rules":{"pric_cal_option_once":false,"exclude_from_discount":false,"pric_use_as_fee":false,"fee_label":"Fee","render_after_acb":false,"disp_hide_options_price":false}}]},"yoast_head":"<!-- This site is optimized with the Yoast SEO plugin v26.5 - https:\/\/yoast.com\/wordpress\/plugins\/seo\/ -->\n<title>SpongeBob SquarePants x adidas Superstar &#039;Patrick Star&#039; - TOURCRUISER PTE. LTD<\/title>\n<meta name=\"robots\" content=\"index, follow, max-snippet:-1, max-image-preview:large, max-video-preview:-1\" \/>\n<link rel=\"canonical\" href=\"https:\/\/tourcruiser.com\/fr\/products\/spongebob-squarepants-x-adidas-superstar-patrick-star\/\" \/>\n<meta property=\"og:locale\" content=\"fr_FR\" \/>\n<meta property=\"og:type\" content=\"article\" \/>\n<meta property=\"og:title\" content=\"SpongeBob SquarePants x adidas Superstar &#039;Patrick Star&#039; - TOURCRUISER PTE. LTD\" \/>\n<meta property=\"og:description\" content=\"adidas Superstar \u201d\u201d Supplier Colour\/Core Black\/Wonder Clay\" \/>\n<meta property=\"og:url\" content=\"https:\/\/tourcruiser.com\/fr\/products\/spongebob-squarepants-x-adidas-superstar-patrick-star\/\" \/>\n<meta property=\"og:site_name\" content=\"Tourcruiser Sneaker Store\" \/>\n<meta property=\"article:modified_time\" content=\"2026-03-14T11:04:51+00:00\" \/>\n<meta name=\"twitter:card\" content=\"summary_large_image\" \/>\n<meta name=\"twitter:image\" content=\"https:\/\/images.novelship.com\/product\/spongebob_squarepants_x_adidas_superstar__patrick__0_91804.jpeg\" \/>\n<meta name=\"twitter:label1\" content=\"Dur\u00e9e de lecture estim\u00e9e\" \/>\n\t<meta name=\"twitter:data1\" content=\"1 minute\" \/>\n<script type=\"application\/ld+json\" class=\"yoast-schema-graph\">{\"@context\":\"https:\/\/schema.org\",\"@graph\":[{\"@type\":\"WebPage\",\"@id\":\"https:\/\/tourcruiser.com\/fr\/products\/spongebob-squarepants-x-adidas-superstar-patrick-star\/\",\"url\":\"https:\/\/tourcruiser.com\/fr\/products\/spongebob-squarepants-x-adidas-superstar-patrick-star\/\",\"name\":\"SpongeBob SquarePants x adidas Superstar 'Patrick Star' - TOURCRUISER PTE. LTD\",\"isPartOf\":{\"@id\":\"https:\/\/tourcruiser.com\/fr\/#website\"},\"primaryImageOfPage\":{\"@id\":\"https:\/\/tourcruiser.com\/fr\/products\/spongebob-squarepants-x-adidas-superstar-patrick-star\/#primaryimage\"},\"image\":{\"@id\":\"https:\/\/tourcruiser.com\/fr\/products\/spongebob-squarepants-x-adidas-superstar-patrick-star\/#primaryimage\"},\"thumbnailUrl\":\"https:\/\/images.novelship.com\/product\/spongebob_squarepants_x_adidas_superstar__patrick__0_91804.jpeg\",\"datePublished\":\"2026-03-02T07:36:08+00:00\",\"dateModified\":\"2026-03-14T11:04:51+00:00\",\"breadcrumb\":{\"@id\":\"https:\/\/tourcruiser.com\/fr\/products\/spongebob-squarepants-x-adidas-superstar-patrick-star\/#breadcrumb\"},\"inLanguage\":\"fr-FR\",\"potentialAction\":[{\"@type\":\"ReadAction\",\"target\":[\"https:\/\/tourcruiser.com\/fr\/products\/spongebob-squarepants-x-adidas-superstar-patrick-star\/\"]}]},{\"@type\":\"ImageObject\",\"inLanguage\":\"fr-FR\",\"@id\":\"https:\/\/tourcruiser.com\/fr\/products\/spongebob-squarepants-x-adidas-superstar-patrick-star\/#primaryimage\",\"url\":\"https:\/\/images.novelship.com\/product\/spongebob_squarepants_x_adidas_superstar__patrick__0_91804.jpeg\",\"contentUrl\":\"https:\/\/images.novelship.com\/product\/spongebob_squarepants_x_adidas_superstar__patrick__0_91804.jpeg\"},{\"@type\":\"BreadcrumbList\",\"@id\":\"https:\/\/tourcruiser.com\/fr\/products\/spongebob-squarepants-x-adidas-superstar-patrick-star\/#breadcrumb\",\"itemListElement\":[{\"@type\":\"ListItem\",\"position\":1,\"name\":\"Home\",\"item\":\"https:\/\/tourcruiser.com\/fr\/\"},{\"@type\":\"ListItem\",\"position\":2,\"name\":\"Shop\",\"item\":\"https:\/\/tourcruiser.com\/fr\/shop\/\"},{\"@type\":\"ListItem\",\"position\":3,\"name\":\"SpongeBob SquarePants x adidas Superstar 'Patrick Star'\"}]},{\"@type\":\"WebSite\",\"@id\":\"https:\/\/tourcruiser.com\/fr\/#website\",\"url\":\"https:\/\/tourcruiser.com\/fr\/\",\"name\":\"Styloral Jewelry Shop\",\"description\":\"Tourcruiser Sneaker Store \u2014 L\u2019endroit o\u00f9 l\u2019univers rencontre votre singularit\u00e9.\",\"publisher\":{\"@id\":\"https:\/\/tourcruiser.com\/fr\/#organization\"},\"potentialAction\":[{\"@type\":\"SearchAction\",\"target\":{\"@type\":\"EntryPoint\",\"urlTemplate\":\"https:\/\/tourcruiser.com\/fr\/?s={search_term_string}\"},\"query-input\":{\"@type\":\"PropertyValueSpecification\",\"valueRequired\":true,\"valueName\":\"search_term_string\"}}],\"inLanguage\":\"fr-FR\"},{\"@type\":\"Organization\",\"@id\":\"https:\/\/tourcruiser.com\/fr\/#organization\",\"name\":\"STYLORAL PTE. LTD\",\"url\":\"https:\/\/tourcruiser.com\/fr\/\",\"logo\":{\"@type\":\"ImageObject\",\"inLanguage\":\"fr-FR\",\"@id\":\"https:\/\/tourcruiser.com\/fr\/#\/schema\/logo\/image\/\",\"url\":\"https:\/\/www.tourcruiser.com\/wp-content\/uploads\/2025\/12\/logo.png\",\"contentUrl\":\"https:\/\/www.tourcruiser.com\/wp-content\/uploads\/2025\/12\/logo.png\",\"width\":200,\"height\":65,\"caption\":\"STYLORAL PTE. LTD\"},\"image\":{\"@id\":\"https:\/\/tourcruiser.com\/fr\/#\/schema\/logo\/image\/\"}}]}<\/script>\n<!-- \/ Yoast SEO plugin. -->","yoast_head_json":{"title":"SpongeBob SquarePants x adidas Superstar 'Patrick Star' - TOURCRUISER PTE. LTD","robots":{"index":"index","follow":"follow","max-snippet":"max-snippet:-1","max-image-preview":"max-image-preview:large","max-video-preview":"max-video-preview:-1"},"canonical":"https:\/\/tourcruiser.com\/fr\/products\/spongebob-squarepants-x-adidas-superstar-patrick-star\/","og_locale":"fr_FR","og_type":"article","og_title":"SpongeBob SquarePants x adidas Superstar 'Patrick Star' - TOURCRUISER PTE. LTD","og_description":"adidas Superstar \u201d\u201d Supplier Colour\/Core Black\/Wonder Clay","og_url":"https:\/\/tourcruiser.com\/fr\/products\/spongebob-squarepants-x-adidas-superstar-patrick-star\/","og_site_name":"Tourcruiser Sneaker Store","article_modified_time":"2026-03-14T11:04:51+00:00","twitter_card":"summary_large_image","twitter_image":"https:\/\/images.novelship.com\/product\/spongebob_squarepants_x_adidas_superstar__patrick__0_91804.jpeg","twitter_misc":{"Dur\u00e9e de lecture estim\u00e9e":"1 minute"},"schema":{"@context":"https:\/\/schema.org","@graph":[{"@type":"WebPage","@id":"https:\/\/tourcruiser.com\/fr\/products\/spongebob-squarepants-x-adidas-superstar-patrick-star\/","url":"https:\/\/tourcruiser.com\/fr\/products\/spongebob-squarepants-x-adidas-superstar-patrick-star\/","name":"SpongeBob SquarePants x adidas Superstar 'Patrick Star' - TOURCRUISER PTE. LTD","isPartOf":{"@id":"https:\/\/tourcruiser.com\/fr\/#website"},"primaryImageOfPage":{"@id":"https:\/\/tourcruiser.com\/fr\/products\/spongebob-squarepants-x-adidas-superstar-patrick-star\/#primaryimage"},"image":{"@id":"https:\/\/tourcruiser.com\/fr\/products\/spongebob-squarepants-x-adidas-superstar-patrick-star\/#primaryimage"},"thumbnailUrl":"https:\/\/images.novelship.com\/product\/spongebob_squarepants_x_adidas_superstar__patrick__0_91804.jpeg","datePublished":"2026-03-02T07:36:08+00:00","dateModified":"2026-03-14T11:04:51+00:00","breadcrumb":{"@id":"https:\/\/tourcruiser.com\/fr\/products\/spongebob-squarepants-x-adidas-superstar-patrick-star\/#breadcrumb"},"inLanguage":"fr-FR","potentialAction":[{"@type":"ReadAction","target":["https:\/\/tourcruiser.com\/fr\/products\/spongebob-squarepants-x-adidas-superstar-patrick-star\/"]}]},{"@type":"ImageObject","inLanguage":"fr-FR","@id":"https:\/\/tourcruiser.com\/fr\/products\/spongebob-squarepants-x-adidas-superstar-patrick-star\/#primaryimage","url":"https:\/\/images.novelship.com\/product\/spongebob_squarepants_x_adidas_superstar__patrick__0_91804.jpeg","contentUrl":"https:\/\/images.novelship.com\/product\/spongebob_squarepants_x_adidas_superstar__patrick__0_91804.jpeg"},{"@type":"BreadcrumbList","@id":"https:\/\/tourcruiser.com\/fr\/products\/spongebob-squarepants-x-adidas-superstar-patrick-star\/#breadcrumb","itemListElement":[{"@type":"ListItem","position":1,"name":"Home","item":"https:\/\/tourcruiser.com\/fr\/"},{"@type":"ListItem","position":2,"name":"Shop","item":"https:\/\/tourcruiser.com\/fr\/shop\/"},{"@type":"ListItem","position":3,"name":"SpongeBob SquarePants x adidas Superstar 'Patrick Star'"}]},{"@type":"WebSite","@id":"https:\/\/tourcruiser.com\/fr\/#website","url":"https:\/\/tourcruiser.com\/fr\/","name":"Styloral Jewelry Shop","description":"Tourcruiser Sneaker Store \u2014 L\u2019endroit o\u00f9 l\u2019univers rencontre votre singularit\u00e9.","publisher":{"@id":"https:\/\/tourcruiser.com\/fr\/#organization"},"potentialAction":[{"@type":"SearchAction","target":{"@type":"EntryPoint","urlTemplate":"https:\/\/tourcruiser.com\/fr\/?s={search_term_string}"},"query-input":{"@type":"PropertyValueSpecification","valueRequired":true,"valueName":"search_term_string"}}],"inLanguage":"fr-FR"},{"@type":"Organization","@id":"https:\/\/tourcruiser.com\/fr\/#organization","name":"STYLORAL PTE. LTD","url":"https:\/\/tourcruiser.com\/fr\/","logo":{"@type":"ImageObject","inLanguage":"fr-FR","@id":"https:\/\/tourcruiser.com\/fr\/#\/schema\/logo\/image\/","url":"https:\/\/www.tourcruiser.com\/wp-content\/uploads\/2025\/12\/logo.png","contentUrl":"https:\/\/www.tourcruiser.com\/wp-content\/uploads\/2025\/12\/logo.png","width":200,"height":65,"caption":"STYLORAL PTE. LTD"},"image":{"@id":"https:\/\/tourcruiser.com\/fr\/#\/schema\/logo\/image\/"}}]}},"_links":{"self":[{"href":"https:\/\/tourcruiser.com\/fr\/wp-json\/wp\/v2\/product\/27838","targetHints":{"allow":["GET"]}}],"collection":[{"href":"https:\/\/tourcruiser.com\/fr\/wp-json\/wp\/v2\/product"}],"about":[{"href":"https:\/\/tourcruiser.com\/fr\/wp-json\/wp\/v2\/types\/product"}],"replies":[{"embeddable":true,"href":"https:\/\/tourcruiser.com\/fr\/wp-json\/wp\/v2\/comments?post=27838"}],"wp:featuredmedia":[{"embeddable":true,"href":"https:\/\/tourcruiser.com\/fr\/wp-json\/wp\/v2\/media\/27839"}],"wp:attachment":[{"href":"https:\/\/tourcruiser.com\/fr\/wp-json\/wp\/v2\/media?parent=27838"}],"wp:term":[{"taxonomy":"product_brand","embeddable":true,"href":"https:\/\/tourcruiser.com\/fr\/wp-json\/wp\/v2\/product_brand?post=27838"},{"taxonomy":"product_cat","embeddable":true,"href":"https:\/\/tourcruiser.com\/fr\/wp-json\/wp\/v2\/product_cat?post=27838"},{"taxonomy":"product_tag","embeddable":true,"href":"https:\/\/tourcruiser.com\/fr\/wp-json\/wp\/v2\/product_tag?post=27838"}],"curies":[{"name":"wp","href":"https:\/\/api.w.org\/{rel}","templated":true}]}}