{"id":26584,"date":"2026-03-02T14:34:30","date_gmt":"2026-03-02T07:34:30","guid":{"rendered":"http:\/\/tourcruiser.com\/product\/asics-court-ff-3-novak-white-pitch-green"},"modified":"2026-03-14T18:03:44","modified_gmt":"2026-03-14T11:03:44","slug":"asics-court-ff-3-novak-white-pitch-green","status":"publish","type":"product","link":"https:\/\/tourcruiser.com\/fr\/products\/asics-court-ff-3-novak-white-pitch-green\/","title":{"rendered":"ASICS Court FF 3 Novak &lsquo;White Pitch Green&rsquo;"},"content":{"rendered":"<p>Dominez le court avec la chaussure de tennis ASICS Court FF 3 Novak \u00ab\u00a0Blanc Vert\u00a0\u00bb 1041A361-100, un mod\u00e8le haut de gamme d\u00e9velopp\u00e9 en collaboration avec Novak Djokovic. Con\u00e7ue pour les athl\u00e8tes ambitieux, cette chaussure innovante offre un maintien, une stabilit\u00e9 et une agilit\u00e9 exceptionnels lors des matchs les plus intenses gr\u00e2ce \u00e0 une technologie de pointe. L&rsquo;\u00e9l\u00e9gante combinaison de blanc et de vert allie style et fonctionnalit\u00e9. La semelle interm\u00e9diaire FlyteFoam absorbe les chocs et offre un retour d&rsquo;\u00e9nergie r\u00e9actif. La technologie GEL \u00e0 l&rsquo;arri\u00e8re du pied assure une absorption maximale des chocs pour un confort durable. La construction mono-chaussette offre un maintien ajust\u00e9 et confortable, minimisant les distractions et permettant un meilleur contr\u00f4le. La semelle ext\u00e9rieure AHAR, r\u00e9sistante et durable, est sp\u00e9cialement con\u00e7ue pour une adh\u00e9rence et une r\u00e9sistance \u00e0 l&rsquo;abrasion optimales et convient \u00e0 toutes les surfaces. L&rsquo;ASICS Court FF 3 Novak a \u00e9t\u00e9 con\u00e7ue pour les champions et, gr\u00e2ce \u00e0 son syst\u00e8me TWISTRUSS, favorise des mouvements fluides et explosifs pour optimiser vos performances multidirectionnelles. Que vous soyez un pro ou que vous souhaitiez simplement jouer comme un champion, cette chaussure offre la combinaison parfaite de confort, de durabilit\u00e9 et de style. Am\u00e9liorez votre jeu et gardez une longueur d&rsquo;avance avec ce compagnon id\u00e9al au tennis.<\/p>\n","protected":false},"excerpt":{"rendered":"<p>ASICS Court FF 3 Novak \u201d\u201d White\/Pitch Green<\/p>\n","protected":false},"featured_media":26585,"comment_status":"open","ping_status":"closed","template":"","meta":[],"product_brand":[],"product_cat":[10792],"product_tag":[10791,10751,10753,10802,11082],"class_list":{"0":"post-26584","1":"product","2":"type-product","3":"status-publish","4":"has-post-thumbnail","6":"product_cat-asics","7":"product_tag-asics","8":"product_tag-best-seller","9":"product_tag-gift-for-him","10":"product_tag-performance-sport-shoes","11":"product_tag-tennis-shoes","12":"wcpa_has_options","14":"first","15":"instock","16":"taxable","17":"shipping-taxable","18":"purchasable","19":"product-type-simple"},"wcpa_form_fields":{"rules":{"pric_overide_base_price":false,"pric_overide_base_price_if_gt_zero":false,"pric_overide_base_price_fully":false,"pric_cal_option_once":false,"pric_use_as_fee":false,"bind_quantity":false,"quantity_bind_formula":false},"fields":[{"type":"color-group","required":true,"elementId":"wcpa-color-group-69a5ab08ee12d","label":"Taille","inline":true,"priceOptions":"different_for_all","pricingType":"fixed","className":"hassizechart product-shoes-size-eu product-shoes-size","name":"color-group-69a5ab08ee136","disp_type":"square","selection_type":"tick-border","disp_size":"50","show_label_inside":true,"adjust_width":true,"cart_display_type":"text","other_text":"Other","cl_rule":"show","col":6,"values":[{"label":"36","value":"EU 36","price":"","pimage":"","pimage_id":"","pthumb":"","color":"","selected":true},{"label":"37","value":"EU 37","price":"","pimage":"","pimage_id":"","pthumb":"","color":""},{"label":"37.5","value":"EU 37.5","price":"","pimage":"","pimage_id":"","pthumb":"","color":""},{"label":"38","value":"EU 38","price":"","pimage":"","pimage_id":"","pthumb":"","color":""},{"label":"38.5","value":"EU 38.5","price":"","pimage":"","pimage_id":"","pthumb":"","color":""},{"label":"39","value":"EU 39","price":"","pimage":"","pimage_id":"","pthumb":"","color":""},{"label":"39.5","value":"EU 39.5","price":"","pimage":"","pimage_id":"","pthumb":"","color":""},{"label":"40","value":"EU 40","price":"","pimage":"","pimage_id":"","pthumb":"","color":""},{"label":"40.5","value":"EU 40.5","price":"","pimage":"","pimage_id":"","pthumb":"","color":""},{"label":" 41.5","value":"EU 41.5","price":"","pimage":"","pimage_id":"","pthumb":"","color":""},{"label":"42","value":"EU 42","price":"","pimage":"","pimage_id":"","pthumb":"","color":""},{"label":"42.5","value":"EU 42.5","price":"","pimage":"","pimage_id":"","pthumb":"","color":""},{"label":"43","value":"EU 43","price":"","pimage":"","pimage_id":"","pthumb":"","color":""},{"label":"44","value":"EU 44","price":"","pimage":"","pimage_id":"","pthumb":"","color":""},{"label":"44.5","value":"EU 44.5","price":"","pimage":"","pimage_id":"","pthumb":"","color":""},{"label":"45","value":"EU 45","price":"","pimage":"","pimage_id":"","pthumb":"","color":""},{"label":"45.5","value":"EU 45.5","price":"","pimage":"","pimage_id":"","pthumb":"","color":""},{"label":"46","value":"EU 46","price":"","pimage":"","pimage_id":"","pthumb":"","color":""},{"label":"46.5","value":"EU 46.5","price":"","pimage":"","pimage_id":"","pthumb":"","color":""},{"label":"47","value":"EU 47","price":"","pimage":"","pimage_id":"","pthumb":"","color":""}],"relations":[{"operator":false,"rules":[]}],"form_id":184311,"form_rules":{"pric_cal_option_once":false,"exclude_from_discount":false,"pric_use_as_fee":false,"fee_label":"Fee","render_after_acb":false,"disp_hide_options_price":false}}]},"yoast_head":"<!-- This site is optimized with the Yoast SEO plugin v26.5 - https:\/\/yoast.com\/wordpress\/plugins\/seo\/ -->\n<title>ASICS Court FF 3 Novak &#039;White Pitch Green&#039; - TOURCRUISER PTE. LTD<\/title>\n<meta name=\"robots\" content=\"index, follow, max-snippet:-1, max-image-preview:large, max-video-preview:-1\" \/>\n<link rel=\"canonical\" href=\"https:\/\/tourcruiser.com\/fr\/products\/asics-court-ff-3-novak-white-pitch-green\/\" \/>\n<meta property=\"og:locale\" content=\"fr_FR\" \/>\n<meta property=\"og:type\" content=\"article\" \/>\n<meta property=\"og:title\" content=\"ASICS Court FF 3 Novak &#039;White Pitch Green&#039; - TOURCRUISER PTE. LTD\" \/>\n<meta property=\"og:description\" content=\"ASICS Court FF 3 Novak \u201d\u201d White\/Pitch Green\" \/>\n<meta property=\"og:url\" content=\"https:\/\/tourcruiser.com\/fr\/products\/asics-court-ff-3-novak-white-pitch-green\/\" \/>\n<meta property=\"og:site_name\" content=\"Tourcruiser Sneaker Store\" \/>\n<meta property=\"article:modified_time\" content=\"2026-03-14T11:03:44+00:00\" \/>\n<meta name=\"twitter:card\" content=\"summary_large_image\" \/>\n<meta name=\"twitter:image\" content=\"https:\/\/images.novelship.com\/product\/asics_court_ff_3_novak__white_pitch_green__1041a36_0_36992.jpeg\" \/>\n<meta name=\"twitter:label1\" content=\"Dur\u00e9e de lecture estim\u00e9e\" \/>\n\t<meta name=\"twitter:data1\" content=\"1 minute\" \/>\n<script type=\"application\/ld+json\" class=\"yoast-schema-graph\">{\"@context\":\"https:\/\/schema.org\",\"@graph\":[{\"@type\":\"WebPage\",\"@id\":\"https:\/\/tourcruiser.com\/fr\/products\/asics-court-ff-3-novak-white-pitch-green\/\",\"url\":\"https:\/\/tourcruiser.com\/fr\/products\/asics-court-ff-3-novak-white-pitch-green\/\",\"name\":\"ASICS Court FF 3 Novak 'White Pitch Green' - TOURCRUISER PTE. LTD\",\"isPartOf\":{\"@id\":\"https:\/\/tourcruiser.com\/fr\/#website\"},\"primaryImageOfPage\":{\"@id\":\"https:\/\/tourcruiser.com\/fr\/products\/asics-court-ff-3-novak-white-pitch-green\/#primaryimage\"},\"image\":{\"@id\":\"https:\/\/tourcruiser.com\/fr\/products\/asics-court-ff-3-novak-white-pitch-green\/#primaryimage\"},\"thumbnailUrl\":\"https:\/\/images.novelship.com\/product\/asics_court_ff_3_novak__white_pitch_green__1041a36_0_36992.jpeg\",\"datePublished\":\"2026-03-02T07:34:30+00:00\",\"dateModified\":\"2026-03-14T11:03:44+00:00\",\"breadcrumb\":{\"@id\":\"https:\/\/tourcruiser.com\/fr\/products\/asics-court-ff-3-novak-white-pitch-green\/#breadcrumb\"},\"inLanguage\":\"fr-FR\",\"potentialAction\":[{\"@type\":\"ReadAction\",\"target\":[\"https:\/\/tourcruiser.com\/fr\/products\/asics-court-ff-3-novak-white-pitch-green\/\"]}]},{\"@type\":\"ImageObject\",\"inLanguage\":\"fr-FR\",\"@id\":\"https:\/\/tourcruiser.com\/fr\/products\/asics-court-ff-3-novak-white-pitch-green\/#primaryimage\",\"url\":\"https:\/\/images.novelship.com\/product\/asics_court_ff_3_novak__white_pitch_green__1041a36_0_36992.jpeg\",\"contentUrl\":\"https:\/\/images.novelship.com\/product\/asics_court_ff_3_novak__white_pitch_green__1041a36_0_36992.jpeg\"},{\"@type\":\"BreadcrumbList\",\"@id\":\"https:\/\/tourcruiser.com\/fr\/products\/asics-court-ff-3-novak-white-pitch-green\/#breadcrumb\",\"itemListElement\":[{\"@type\":\"ListItem\",\"position\":1,\"name\":\"Home\",\"item\":\"https:\/\/tourcruiser.com\/fr\/\"},{\"@type\":\"ListItem\",\"position\":2,\"name\":\"Shop\",\"item\":\"https:\/\/tourcruiser.com\/fr\/shop\/\"},{\"@type\":\"ListItem\",\"position\":3,\"name\":\"ASICS Court FF 3 Novak 'White Pitch Green'\"}]},{\"@type\":\"WebSite\",\"@id\":\"https:\/\/tourcruiser.com\/fr\/#website\",\"url\":\"https:\/\/tourcruiser.com\/fr\/\",\"name\":\"Styloral Jewelry Shop\",\"description\":\"Tourcruiser Sneaker Store \u2014 L\u2019endroit o\u00f9 l\u2019univers rencontre votre singularit\u00e9.\",\"publisher\":{\"@id\":\"https:\/\/tourcruiser.com\/fr\/#organization\"},\"potentialAction\":[{\"@type\":\"SearchAction\",\"target\":{\"@type\":\"EntryPoint\",\"urlTemplate\":\"https:\/\/tourcruiser.com\/fr\/?s={search_term_string}\"},\"query-input\":{\"@type\":\"PropertyValueSpecification\",\"valueRequired\":true,\"valueName\":\"search_term_string\"}}],\"inLanguage\":\"fr-FR\"},{\"@type\":\"Organization\",\"@id\":\"https:\/\/tourcruiser.com\/fr\/#organization\",\"name\":\"STYLORAL PTE. LTD\",\"url\":\"https:\/\/tourcruiser.com\/fr\/\",\"logo\":{\"@type\":\"ImageObject\",\"inLanguage\":\"fr-FR\",\"@id\":\"https:\/\/tourcruiser.com\/fr\/#\/schema\/logo\/image\/\",\"url\":\"https:\/\/www.tourcruiser.com\/wp-content\/uploads\/2025\/12\/logo.png\",\"contentUrl\":\"https:\/\/www.tourcruiser.com\/wp-content\/uploads\/2025\/12\/logo.png\",\"width\":200,\"height\":65,\"caption\":\"STYLORAL PTE. LTD\"},\"image\":{\"@id\":\"https:\/\/tourcruiser.com\/fr\/#\/schema\/logo\/image\/\"}}]}<\/script>\n<!-- \/ Yoast SEO plugin. -->","yoast_head_json":{"title":"ASICS Court FF 3 Novak 'White Pitch Green' - TOURCRUISER PTE. LTD","robots":{"index":"index","follow":"follow","max-snippet":"max-snippet:-1","max-image-preview":"max-image-preview:large","max-video-preview":"max-video-preview:-1"},"canonical":"https:\/\/tourcruiser.com\/fr\/products\/asics-court-ff-3-novak-white-pitch-green\/","og_locale":"fr_FR","og_type":"article","og_title":"ASICS Court FF 3 Novak 'White Pitch Green' - TOURCRUISER PTE. LTD","og_description":"ASICS Court FF 3 Novak \u201d\u201d White\/Pitch Green","og_url":"https:\/\/tourcruiser.com\/fr\/products\/asics-court-ff-3-novak-white-pitch-green\/","og_site_name":"Tourcruiser Sneaker Store","article_modified_time":"2026-03-14T11:03:44+00:00","twitter_card":"summary_large_image","twitter_image":"https:\/\/images.novelship.com\/product\/asics_court_ff_3_novak__white_pitch_green__1041a36_0_36992.jpeg","twitter_misc":{"Dur\u00e9e de lecture estim\u00e9e":"1 minute"},"schema":{"@context":"https:\/\/schema.org","@graph":[{"@type":"WebPage","@id":"https:\/\/tourcruiser.com\/fr\/products\/asics-court-ff-3-novak-white-pitch-green\/","url":"https:\/\/tourcruiser.com\/fr\/products\/asics-court-ff-3-novak-white-pitch-green\/","name":"ASICS Court FF 3 Novak 'White Pitch Green' - TOURCRUISER PTE. LTD","isPartOf":{"@id":"https:\/\/tourcruiser.com\/fr\/#website"},"primaryImageOfPage":{"@id":"https:\/\/tourcruiser.com\/fr\/products\/asics-court-ff-3-novak-white-pitch-green\/#primaryimage"},"image":{"@id":"https:\/\/tourcruiser.com\/fr\/products\/asics-court-ff-3-novak-white-pitch-green\/#primaryimage"},"thumbnailUrl":"https:\/\/images.novelship.com\/product\/asics_court_ff_3_novak__white_pitch_green__1041a36_0_36992.jpeg","datePublished":"2026-03-02T07:34:30+00:00","dateModified":"2026-03-14T11:03:44+00:00","breadcrumb":{"@id":"https:\/\/tourcruiser.com\/fr\/products\/asics-court-ff-3-novak-white-pitch-green\/#breadcrumb"},"inLanguage":"fr-FR","potentialAction":[{"@type":"ReadAction","target":["https:\/\/tourcruiser.com\/fr\/products\/asics-court-ff-3-novak-white-pitch-green\/"]}]},{"@type":"ImageObject","inLanguage":"fr-FR","@id":"https:\/\/tourcruiser.com\/fr\/products\/asics-court-ff-3-novak-white-pitch-green\/#primaryimage","url":"https:\/\/images.novelship.com\/product\/asics_court_ff_3_novak__white_pitch_green__1041a36_0_36992.jpeg","contentUrl":"https:\/\/images.novelship.com\/product\/asics_court_ff_3_novak__white_pitch_green__1041a36_0_36992.jpeg"},{"@type":"BreadcrumbList","@id":"https:\/\/tourcruiser.com\/fr\/products\/asics-court-ff-3-novak-white-pitch-green\/#breadcrumb","itemListElement":[{"@type":"ListItem","position":1,"name":"Home","item":"https:\/\/tourcruiser.com\/fr\/"},{"@type":"ListItem","position":2,"name":"Shop","item":"https:\/\/tourcruiser.com\/fr\/shop\/"},{"@type":"ListItem","position":3,"name":"ASICS Court FF 3 Novak 'White Pitch Green'"}]},{"@type":"WebSite","@id":"https:\/\/tourcruiser.com\/fr\/#website","url":"https:\/\/tourcruiser.com\/fr\/","name":"Styloral Jewelry Shop","description":"Tourcruiser Sneaker Store \u2014 L\u2019endroit o\u00f9 l\u2019univers rencontre votre singularit\u00e9.","publisher":{"@id":"https:\/\/tourcruiser.com\/fr\/#organization"},"potentialAction":[{"@type":"SearchAction","target":{"@type":"EntryPoint","urlTemplate":"https:\/\/tourcruiser.com\/fr\/?s={search_term_string}"},"query-input":{"@type":"PropertyValueSpecification","valueRequired":true,"valueName":"search_term_string"}}],"inLanguage":"fr-FR"},{"@type":"Organization","@id":"https:\/\/tourcruiser.com\/fr\/#organization","name":"STYLORAL PTE. LTD","url":"https:\/\/tourcruiser.com\/fr\/","logo":{"@type":"ImageObject","inLanguage":"fr-FR","@id":"https:\/\/tourcruiser.com\/fr\/#\/schema\/logo\/image\/","url":"https:\/\/www.tourcruiser.com\/wp-content\/uploads\/2025\/12\/logo.png","contentUrl":"https:\/\/www.tourcruiser.com\/wp-content\/uploads\/2025\/12\/logo.png","width":200,"height":65,"caption":"STYLORAL PTE. LTD"},"image":{"@id":"https:\/\/tourcruiser.com\/fr\/#\/schema\/logo\/image\/"}}]}},"_links":{"self":[{"href":"https:\/\/tourcruiser.com\/fr\/wp-json\/wp\/v2\/product\/26584","targetHints":{"allow":["GET"]}}],"collection":[{"href":"https:\/\/tourcruiser.com\/fr\/wp-json\/wp\/v2\/product"}],"about":[{"href":"https:\/\/tourcruiser.com\/fr\/wp-json\/wp\/v2\/types\/product"}],"replies":[{"embeddable":true,"href":"https:\/\/tourcruiser.com\/fr\/wp-json\/wp\/v2\/comments?post=26584"}],"wp:featuredmedia":[{"embeddable":true,"href":"https:\/\/tourcruiser.com\/fr\/wp-json\/wp\/v2\/media\/26585"}],"wp:attachment":[{"href":"https:\/\/tourcruiser.com\/fr\/wp-json\/wp\/v2\/media?parent=26584"}],"wp:term":[{"taxonomy":"product_brand","embeddable":true,"href":"https:\/\/tourcruiser.com\/fr\/wp-json\/wp\/v2\/product_brand?post=26584"},{"taxonomy":"product_cat","embeddable":true,"href":"https:\/\/tourcruiser.com\/fr\/wp-json\/wp\/v2\/product_cat?post=26584"},{"taxonomy":"product_tag","embeddable":true,"href":"https:\/\/tourcruiser.com\/fr\/wp-json\/wp\/v2\/product_tag?post=26584"}],"curies":[{"name":"wp","href":"https:\/\/api.w.org\/{rel}","templated":true}]}}