{"id":25993,"date":"2026-03-02T14:33:44","date_gmt":"2026-03-02T07:33:44","guid":{"rendered":"http:\/\/tourcruiser.com\/product\/levis-x-air-jordan-3-retro-sp-black-denim"},"modified":"2026-03-17T00:32:46","modified_gmt":"2026-03-16T17:32:46","slug":"levis-x-air-jordan-3-retro-sp-black-denim","status":"publish","type":"product","link":"https:\/\/tourcruiser.com\/fr\/products\/levis-x-air-jordan-3-retro-sp-black-denim\/","title":{"rendered":"Levi&rsquo;s x Air Jordan 3 Retro SP &lsquo;Black Denim&rsquo;"},"content":{"rendered":"<p>La Levi&rsquo;s x Air Jordan 3 Retro SP \u00ab Black Denim \u00bb allie le style streetwear embl\u00e9matique \u00e0 des mat\u00e9riaux haut de gamme, cr\u00e9ant une fusion audacieuse entre tradition et modernit\u00e9 pour les fans de sneakers du monde entier. Cette collaboration innovante, avec ses empi\u00e8cements en denim noir, conf\u00e8re \u00e0 la silhouette classique de l&rsquo;Air Jordan 3 une touche unique, compl\u00e9t\u00e9e par les d\u00e9tails signature de Levi&rsquo;s pour une esth\u00e9tique \u00e0 la fois intemporelle et contemporaine. Avec le co-branding Jumpman et Levi&rsquo;s, des accents en cuir et une semelle en caoutchouc r\u00e9sistante, cette sneaker premium offre un confort exceptionnel et un look saisissant. Parfaite pour les collectionneurs et au quotidien : le mod\u00e8le \u00ab Black Denim \u00bb allie polyvalence et savoir-faire d&rsquo;exception, ce qui en fait un incontournable pour les personnes soucieuses de leur style. Coloris : Denim\/Noir-Rouge Gym. Num\u00e9ro d&rsquo;article : IR0914-400. Mati\u00e8re ext\u00e9rieure : Textile. Couleur : Bleu. Saison : Hiver. Ann\u00e9e de sortie : 2026.<\/p>\n","protected":false},"excerpt":{"rendered":"<p>Jordan Jordan 3 Retro SP Levi&rsquo;s \u201d\u201d Denim\/Black-Gym Red<\/p>\n","protected":false},"featured_media":25994,"comment_status":"open","ping_status":"closed","template":"","meta":[],"product_brand":[],"product_cat":[10780],"product_tag":[10750,10776,10754,10777,10778,10756,10758],"class_list":{"0":"post-25993","1":"product","2":"type-product","3":"status-publish","4":"has-post-thumbnail","6":"product_cat-air-jordan","7":"product_tag-athleisure-shoes","8":"product_tag-jordan","9":"product_tag-lifestyle-casual-shoes","10":"product_tag-lifestyle-shoes-basketball-inspired","11":"product_tag-new-release","12":"product_tag-retro-casual-shoes","13":"product_tag-under-retail","14":"wcpa_has_options","16":"first","17":"outofstock","18":"taxable","19":"shipping-taxable","20":"purchasable","21":"product-type-simple"},"wcpa_form_fields":{"rules":{"pric_overide_base_price":false,"pric_overide_base_price_if_gt_zero":false,"pric_overide_base_price_fully":false,"pric_cal_option_once":false,"pric_use_as_fee":false,"bind_quantity":false,"quantity_bind_formula":false},"fields":[{"type":"color-group","required":true,"elementId":"wcpa-color-group-66c4a75505e74","label":"Taille","inline":true,"priceOptions":"different_for_all","pricingType":"fixed","className":"hassizechart product-shoes-size-eu product-shoes-size","name":"color-group-66c4a75505e89","disp_type":"square","selection_type":"tick-border","disp_size":"44","show_label_inside":true,"adjust_width":true,"cart_display_type":"text","other_text":"Other","cl_rule":"show","col":6,"values":[{"label":"35.5","value":"EU 35.5","price":"","pimage":"","pimage_id":"","pthumb":"","color":""},{"label":"36","value":"EU 36","price":"","pimage":"","pimage_id":"","pthumb":"","color":"","selected":true},{"label":"36.5","value":"EU 36.5","price":"","pimage":"","pimage_id":"","pthumb":"","color":""},{"label":"37.5","value":"EU 37.5","price":"","pimage":"","pimage_id":"","pthumb":"","color":""},{"label":"38","value":"EU 38","price":"","pimage":"","pimage_id":"","pthumb":"","color":""},{"label":"38.5","value":"EU 38.5","price":"","pimage":"","pimage_id":"","pthumb":"","color":""},{"label":"39","value":"EU 39","price":"","pimage":"","pimage_id":"","pthumb":"","color":""},{"label":"40","value":"EU 40","price":"","pimage":"","pimage_id":"","pthumb":"","color":""},{"label":"40.5","value":"EU 40.5","price":"","pimage":"","pimage_id":"","pthumb":"","color":""},{"label":"41","value":"EU 41","price":"","pimage":"","pimage_id":"","pthumb":"","color":""},{"label":"42","value":"EU 42","price":"","pimage":"","pimage_id":"","pthumb":"","color":""},{"label":"42.5","value":"EU 42.5","price":"","pimage":"","pimage_id":"","pthumb":"","color":""},{"label":"43","value":"EU 43","price":"","pimage":"","pimage_id":"","pthumb":"","color":""},{"label":"44","value":"EU 44","price":"","pimage":"","pimage_id":"","pthumb":"","color":""},{"label":"44.5","value":"EU 44.5","price":"","pimage":"","pimage_id":"","pthumb":"","color":""},{"label":"45","value":"EU 45","price":"","pimage":"","pimage_id":"","pthumb":"","color":""},{"label":"45.5","value":"EU 45.5","price":"","pimage":"","pimage_id":"","pthumb":"","color":""},{"label":"46","value":"EU 46","price":"","pimage":"","pimage_id":"","pthumb":"","color":""},{"label":"47","value":"EU 47","price":"","pimage":"","pimage_id":"","pthumb":"","color":""},{"label":"47.5","value":"EU 47.5","price":"","pimage":"","pimage_id":"","pthumb":"","color":""},{"label":"48","value":"EU 48","price":"","pimage":"","pimage_id":"","pthumb":"","color":""}],"relations":[{"operator":false,"rules":[]}],"form_id":18106,"form_rules":{"pric_cal_option_once":false,"exclude_from_discount":false,"pric_use_as_fee":false,"fee_label":"Fee","render_after_acb":false,"disp_hide_options_price":false}}]},"yoast_head":"<!-- This site is optimized with the Yoast SEO plugin v26.5 - https:\/\/yoast.com\/wordpress\/plugins\/seo\/ -->\n<title>Levi&#039;s x Air Jordan 3 Retro SP &#039;Black Denim&#039; - TOURCRUISER PTE. LTD<\/title>\n<meta name=\"robots\" content=\"index, follow, max-snippet:-1, max-image-preview:large, max-video-preview:-1\" \/>\n<link rel=\"canonical\" href=\"https:\/\/tourcruiser.com\/fr\/products\/levis-x-air-jordan-3-retro-sp-black-denim\/\" \/>\n<meta property=\"og:locale\" content=\"fr_FR\" \/>\n<meta property=\"og:type\" content=\"article\" \/>\n<meta property=\"og:title\" content=\"Levi&#039;s x Air Jordan 3 Retro SP &#039;Black Denim&#039; - TOURCRUISER PTE. LTD\" \/>\n<meta property=\"og:description\" content=\"Jordan Jordan 3 Retro SP Levi&#039;s \u201d\u201d Denim\/Black-Gym Red\" \/>\n<meta property=\"og:url\" content=\"https:\/\/tourcruiser.com\/fr\/products\/levis-x-air-jordan-3-retro-sp-black-denim\/\" \/>\n<meta property=\"og:site_name\" content=\"Tourcruiser Sneaker Store\" \/>\n<meta property=\"article:modified_time\" content=\"2026-03-16T17:32:46+00:00\" \/>\n<meta name=\"twitter:card\" content=\"summary_large_image\" \/>\n<meta name=\"twitter:image\" content=\"https:\/\/images.novelship.com\/product\/levi_s_x_air_jordan_3_retro_sp__black_denim__ir091_0_64823.jpeg\" \/>\n<meta name=\"twitter:label1\" content=\"Dur\u00e9e de lecture estim\u00e9e\" \/>\n\t<meta name=\"twitter:data1\" content=\"1 minute\" \/>\n<script type=\"application\/ld+json\" class=\"yoast-schema-graph\">{\"@context\":\"https:\/\/schema.org\",\"@graph\":[{\"@type\":\"WebPage\",\"@id\":\"https:\/\/tourcruiser.com\/fr\/products\/levis-x-air-jordan-3-retro-sp-black-denim\/\",\"url\":\"https:\/\/tourcruiser.com\/fr\/products\/levis-x-air-jordan-3-retro-sp-black-denim\/\",\"name\":\"Levi's x Air Jordan 3 Retro SP 'Black Denim' - TOURCRUISER PTE. LTD\",\"isPartOf\":{\"@id\":\"https:\/\/tourcruiser.com\/fr\/#website\"},\"primaryImageOfPage\":{\"@id\":\"https:\/\/tourcruiser.com\/fr\/products\/levis-x-air-jordan-3-retro-sp-black-denim\/#primaryimage\"},\"image\":{\"@id\":\"https:\/\/tourcruiser.com\/fr\/products\/levis-x-air-jordan-3-retro-sp-black-denim\/#primaryimage\"},\"thumbnailUrl\":\"https:\/\/images.novelship.com\/product\/levi_s_x_air_jordan_3_retro_sp__black_denim__ir091_0_64823.jpeg\",\"datePublished\":\"2026-03-02T07:33:44+00:00\",\"dateModified\":\"2026-03-16T17:32:46+00:00\",\"breadcrumb\":{\"@id\":\"https:\/\/tourcruiser.com\/fr\/products\/levis-x-air-jordan-3-retro-sp-black-denim\/#breadcrumb\"},\"inLanguage\":\"fr-FR\",\"potentialAction\":[{\"@type\":\"ReadAction\",\"target\":[\"https:\/\/tourcruiser.com\/fr\/products\/levis-x-air-jordan-3-retro-sp-black-denim\/\"]}]},{\"@type\":\"ImageObject\",\"inLanguage\":\"fr-FR\",\"@id\":\"https:\/\/tourcruiser.com\/fr\/products\/levis-x-air-jordan-3-retro-sp-black-denim\/#primaryimage\",\"url\":\"https:\/\/images.novelship.com\/product\/levi_s_x_air_jordan_3_retro_sp__black_denim__ir091_0_64823.jpeg\",\"contentUrl\":\"https:\/\/images.novelship.com\/product\/levi_s_x_air_jordan_3_retro_sp__black_denim__ir091_0_64823.jpeg\"},{\"@type\":\"BreadcrumbList\",\"@id\":\"https:\/\/tourcruiser.com\/fr\/products\/levis-x-air-jordan-3-retro-sp-black-denim\/#breadcrumb\",\"itemListElement\":[{\"@type\":\"ListItem\",\"position\":1,\"name\":\"Home\",\"item\":\"https:\/\/tourcruiser.com\/fr\/\"},{\"@type\":\"ListItem\",\"position\":2,\"name\":\"Shop\",\"item\":\"https:\/\/tourcruiser.com\/fr\/shop\/\"},{\"@type\":\"ListItem\",\"position\":3,\"name\":\"Levi's x Air Jordan 3 Retro SP 'Black Denim'\"}]},{\"@type\":\"WebSite\",\"@id\":\"https:\/\/tourcruiser.com\/fr\/#website\",\"url\":\"https:\/\/tourcruiser.com\/fr\/\",\"name\":\"Styloral Jewelry Shop\",\"description\":\"Tourcruiser Sneaker Store \u2014 L\u2019endroit o\u00f9 l\u2019univers rencontre votre singularit\u00e9.\",\"publisher\":{\"@id\":\"https:\/\/tourcruiser.com\/fr\/#organization\"},\"potentialAction\":[{\"@type\":\"SearchAction\",\"target\":{\"@type\":\"EntryPoint\",\"urlTemplate\":\"https:\/\/tourcruiser.com\/fr\/?s={search_term_string}\"},\"query-input\":{\"@type\":\"PropertyValueSpecification\",\"valueRequired\":true,\"valueName\":\"search_term_string\"}}],\"inLanguage\":\"fr-FR\"},{\"@type\":\"Organization\",\"@id\":\"https:\/\/tourcruiser.com\/fr\/#organization\",\"name\":\"STYLORAL PTE. LTD\",\"url\":\"https:\/\/tourcruiser.com\/fr\/\",\"logo\":{\"@type\":\"ImageObject\",\"inLanguage\":\"fr-FR\",\"@id\":\"https:\/\/tourcruiser.com\/fr\/#\/schema\/logo\/image\/\",\"url\":\"https:\/\/www.tourcruiser.com\/wp-content\/uploads\/2025\/12\/logo.png\",\"contentUrl\":\"https:\/\/www.tourcruiser.com\/wp-content\/uploads\/2025\/12\/logo.png\",\"width\":200,\"height\":65,\"caption\":\"STYLORAL PTE. LTD\"},\"image\":{\"@id\":\"https:\/\/tourcruiser.com\/fr\/#\/schema\/logo\/image\/\"}}]}<\/script>\n<!-- \/ Yoast SEO plugin. -->","yoast_head_json":{"title":"Levi's x Air Jordan 3 Retro SP 'Black Denim' - TOURCRUISER PTE. LTD","robots":{"index":"index","follow":"follow","max-snippet":"max-snippet:-1","max-image-preview":"max-image-preview:large","max-video-preview":"max-video-preview:-1"},"canonical":"https:\/\/tourcruiser.com\/fr\/products\/levis-x-air-jordan-3-retro-sp-black-denim\/","og_locale":"fr_FR","og_type":"article","og_title":"Levi's x Air Jordan 3 Retro SP 'Black Denim' - TOURCRUISER PTE. LTD","og_description":"Jordan Jordan 3 Retro SP Levi's \u201d\u201d Denim\/Black-Gym Red","og_url":"https:\/\/tourcruiser.com\/fr\/products\/levis-x-air-jordan-3-retro-sp-black-denim\/","og_site_name":"Tourcruiser Sneaker Store","article_modified_time":"2026-03-16T17:32:46+00:00","twitter_card":"summary_large_image","twitter_image":"https:\/\/images.novelship.com\/product\/levi_s_x_air_jordan_3_retro_sp__black_denim__ir091_0_64823.jpeg","twitter_misc":{"Dur\u00e9e de lecture estim\u00e9e":"1 minute"},"schema":{"@context":"https:\/\/schema.org","@graph":[{"@type":"WebPage","@id":"https:\/\/tourcruiser.com\/fr\/products\/levis-x-air-jordan-3-retro-sp-black-denim\/","url":"https:\/\/tourcruiser.com\/fr\/products\/levis-x-air-jordan-3-retro-sp-black-denim\/","name":"Levi's x Air Jordan 3 Retro SP 'Black Denim' - TOURCRUISER PTE. LTD","isPartOf":{"@id":"https:\/\/tourcruiser.com\/fr\/#website"},"primaryImageOfPage":{"@id":"https:\/\/tourcruiser.com\/fr\/products\/levis-x-air-jordan-3-retro-sp-black-denim\/#primaryimage"},"image":{"@id":"https:\/\/tourcruiser.com\/fr\/products\/levis-x-air-jordan-3-retro-sp-black-denim\/#primaryimage"},"thumbnailUrl":"https:\/\/images.novelship.com\/product\/levi_s_x_air_jordan_3_retro_sp__black_denim__ir091_0_64823.jpeg","datePublished":"2026-03-02T07:33:44+00:00","dateModified":"2026-03-16T17:32:46+00:00","breadcrumb":{"@id":"https:\/\/tourcruiser.com\/fr\/products\/levis-x-air-jordan-3-retro-sp-black-denim\/#breadcrumb"},"inLanguage":"fr-FR","potentialAction":[{"@type":"ReadAction","target":["https:\/\/tourcruiser.com\/fr\/products\/levis-x-air-jordan-3-retro-sp-black-denim\/"]}]},{"@type":"ImageObject","inLanguage":"fr-FR","@id":"https:\/\/tourcruiser.com\/fr\/products\/levis-x-air-jordan-3-retro-sp-black-denim\/#primaryimage","url":"https:\/\/images.novelship.com\/product\/levi_s_x_air_jordan_3_retro_sp__black_denim__ir091_0_64823.jpeg","contentUrl":"https:\/\/images.novelship.com\/product\/levi_s_x_air_jordan_3_retro_sp__black_denim__ir091_0_64823.jpeg"},{"@type":"BreadcrumbList","@id":"https:\/\/tourcruiser.com\/fr\/products\/levis-x-air-jordan-3-retro-sp-black-denim\/#breadcrumb","itemListElement":[{"@type":"ListItem","position":1,"name":"Home","item":"https:\/\/tourcruiser.com\/fr\/"},{"@type":"ListItem","position":2,"name":"Shop","item":"https:\/\/tourcruiser.com\/fr\/shop\/"},{"@type":"ListItem","position":3,"name":"Levi's x Air Jordan 3 Retro SP 'Black Denim'"}]},{"@type":"WebSite","@id":"https:\/\/tourcruiser.com\/fr\/#website","url":"https:\/\/tourcruiser.com\/fr\/","name":"Styloral Jewelry Shop","description":"Tourcruiser Sneaker Store \u2014 L\u2019endroit o\u00f9 l\u2019univers rencontre votre singularit\u00e9.","publisher":{"@id":"https:\/\/tourcruiser.com\/fr\/#organization"},"potentialAction":[{"@type":"SearchAction","target":{"@type":"EntryPoint","urlTemplate":"https:\/\/tourcruiser.com\/fr\/?s={search_term_string}"},"query-input":{"@type":"PropertyValueSpecification","valueRequired":true,"valueName":"search_term_string"}}],"inLanguage":"fr-FR"},{"@type":"Organization","@id":"https:\/\/tourcruiser.com\/fr\/#organization","name":"STYLORAL PTE. LTD","url":"https:\/\/tourcruiser.com\/fr\/","logo":{"@type":"ImageObject","inLanguage":"fr-FR","@id":"https:\/\/tourcruiser.com\/fr\/#\/schema\/logo\/image\/","url":"https:\/\/www.tourcruiser.com\/wp-content\/uploads\/2025\/12\/logo.png","contentUrl":"https:\/\/www.tourcruiser.com\/wp-content\/uploads\/2025\/12\/logo.png","width":200,"height":65,"caption":"STYLORAL PTE. LTD"},"image":{"@id":"https:\/\/tourcruiser.com\/fr\/#\/schema\/logo\/image\/"}}]}},"_links":{"self":[{"href":"https:\/\/tourcruiser.com\/fr\/wp-json\/wp\/v2\/product\/25993","targetHints":{"allow":["GET"]}}],"collection":[{"href":"https:\/\/tourcruiser.com\/fr\/wp-json\/wp\/v2\/product"}],"about":[{"href":"https:\/\/tourcruiser.com\/fr\/wp-json\/wp\/v2\/types\/product"}],"replies":[{"embeddable":true,"href":"https:\/\/tourcruiser.com\/fr\/wp-json\/wp\/v2\/comments?post=25993"}],"wp:featuredmedia":[{"embeddable":true,"href":"https:\/\/tourcruiser.com\/fr\/wp-json\/wp\/v2\/media\/25994"}],"wp:attachment":[{"href":"https:\/\/tourcruiser.com\/fr\/wp-json\/wp\/v2\/media?parent=25993"}],"wp:term":[{"taxonomy":"product_brand","embeddable":true,"href":"https:\/\/tourcruiser.com\/fr\/wp-json\/wp\/v2\/product_brand?post=25993"},{"taxonomy":"product_cat","embeddable":true,"href":"https:\/\/tourcruiser.com\/fr\/wp-json\/wp\/v2\/product_cat?post=25993"},{"taxonomy":"product_tag","embeddable":true,"href":"https:\/\/tourcruiser.com\/fr\/wp-json\/wp\/v2\/product_tag?post=25993"}],"curies":[{"name":"wp","href":"https:\/\/api.w.org\/{rel}","templated":true}]}}