{"id":25258,"date":"2026-03-02T14:32:49","date_gmt":"2026-03-02T07:32:49","guid":{"rendered":"http:\/\/tourcruiser.com\/product\/nike-gt-cut-3-ep-phantomcobalt-tintmetallic-platinumpink-blast"},"modified":"2026-03-14T17:53:21","modified_gmt":"2026-03-14T10:53:21","slug":"nike-gt-cut-3-ep-phantomcobalt-tintmetallic-platinumpink-blast","status":"publish","type":"product","link":"https:\/\/tourcruiser.com\/fr\/products\/nike-gt-cut-3-ep-phantomcobalt-tintmetallic-platinumpink-blast\/","title":{"rendered":"Nike G.T. Cut 3 EP Phantom\/Cobalt Tint\/Metallic Platinum\/Pink Blast"},"content":{"rendered":"<p>Am\u00e9liorez votre jeu avec la Nike G.T. Cut 3 EP en coloris Phantom\/Cobalt Tint\/Metallic Platinum\/Pink Blast. Con\u00e7ue pour une agilit\u00e9 maximale, cette chaussure de basketball offre un amorti et un maintien sup\u00e9rieurs, vous permettant de percer les d\u00e9fenses adverses sans effort. Son design \u00e9l\u00e9gant et sa palette de couleurs vibrantes vous assurent de vous d\u00e9marquer sur le terrain. Con\u00e7ue pour la durabilit\u00e9 et le confort, la G.T. Cut 3 EP optimisera vos performances, ce qui en fait le choix id\u00e9al pour les athl\u00e8tes qui souhaitent dominer le basketball mondial.<\/p>\n<ul>\n<li><strong>Coloris\u00a0:<\/strong> Phantom\/Cobalt Tint\/Metallic Platinum\/Pink Blast<\/li>\n<li><strong>Code article\u00a0:<\/strong> DV2918-007<\/li>\n<li><strong>Mati\u00e8re ext\u00e9rieure\u00a0:<\/strong> Textile<\/li>\n<li><strong>Couleur\u00a0:<\/strong> Beige<\/li>\n<\/ul>\n","protected":false},"excerpt":{"rendered":"<p>Nike G.T. Cut 3 \u201d\u201d Phantom\/Cobalt Tint\/Metallic Platinum\/Pink Blast<\/p>\n","protected":false},"featured_media":25259,"comment_status":"open","ping_status":"closed","template":"","meta":[],"product_brand":[],"product_cat":[10803],"product_tag":[10799,10800,10801,10802,10758],"class_list":{"0":"post-25258","1":"product","2":"type-product","3":"status-publish","4":"has-post-thumbnail","6":"product_cat-nike","7":"product_tag-ankle-support-basketball-shoes","8":"product_tag-basketball-shoes","9":"product_tag-nike","10":"product_tag-performance-sport-shoes","11":"product_tag-under-retail","12":"wcpa_has_options","14":"first","15":"instock","16":"sale","17":"taxable","18":"shipping-taxable","19":"purchasable","20":"product-type-simple"},"wcpa_form_fields":{"rules":{"pric_overide_base_price":false,"pric_overide_base_price_if_gt_zero":false,"pric_overide_base_price_fully":false,"pric_cal_option_once":false,"pric_use_as_fee":false,"bind_quantity":false,"quantity_bind_formula":false},"fields":[{"type":"color-group","required":true,"elementId":"wcpa-color-group-66c4a75505e74","label":"Taille","inline":true,"priceOptions":"different_for_all","pricingType":"fixed","className":"hassizechart product-shoes-size-eu product-shoes-size","name":"color-group-66c4a75505e89","disp_type":"square","selection_type":"tick-border","disp_size":"44","show_label_inside":true,"adjust_width":true,"cart_display_type":"text","other_text":"Other","cl_rule":"show","col":6,"values":[{"label":"35.5","value":"EU 35.5","price":"","pimage":"","pimage_id":"","pthumb":"","color":""},{"label":"36","value":"EU 36","price":"","pimage":"","pimage_id":"","pthumb":"","color":"","selected":true},{"label":"36.5","value":"EU 36.5","price":"","pimage":"","pimage_id":"","pthumb":"","color":""},{"label":"37.5","value":"EU 37.5","price":"","pimage":"","pimage_id":"","pthumb":"","color":""},{"label":"38","value":"EU 38","price":"","pimage":"","pimage_id":"","pthumb":"","color":""},{"label":"38.5","value":"EU 38.5","price":"","pimage":"","pimage_id":"","pthumb":"","color":""},{"label":"39","value":"EU 39","price":"","pimage":"","pimage_id":"","pthumb":"","color":""},{"label":"40","value":"EU 40","price":"","pimage":"","pimage_id":"","pthumb":"","color":""},{"label":"40.5","value":"EU 40.5","price":"","pimage":"","pimage_id":"","pthumb":"","color":""},{"label":"41","value":"EU 41","price":"","pimage":"","pimage_id":"","pthumb":"","color":""},{"label":"42","value":"EU 42","price":"","pimage":"","pimage_id":"","pthumb":"","color":""},{"label":"42.5","value":"EU 42.5","price":"","pimage":"","pimage_id":"","pthumb":"","color":""},{"label":"43","value":"EU 43","price":"","pimage":"","pimage_id":"","pthumb":"","color":""},{"label":"44","value":"EU 44","price":"","pimage":"","pimage_id":"","pthumb":"","color":""},{"label":"44.5","value":"EU 44.5","price":"","pimage":"","pimage_id":"","pthumb":"","color":""},{"label":"45","value":"EU 45","price":"","pimage":"","pimage_id":"","pthumb":"","color":""},{"label":"45.5","value":"EU 45.5","price":"","pimage":"","pimage_id":"","pthumb":"","color":""},{"label":"46","value":"EU 46","price":"","pimage":"","pimage_id":"","pthumb":"","color":""},{"label":"47","value":"EU 47","price":"","pimage":"","pimage_id":"","pthumb":"","color":""},{"label":"47.5","value":"EU 47.5","price":"","pimage":"","pimage_id":"","pthumb":"","color":""},{"label":"48","value":"EU 48","price":"","pimage":"","pimage_id":"","pthumb":"","color":""}],"relations":[{"operator":false,"rules":[]}],"form_id":18106,"form_rules":{"pric_cal_option_once":false,"exclude_from_discount":false,"pric_use_as_fee":false,"fee_label":"Fee","render_after_acb":false,"disp_hide_options_price":false}}]},"yoast_head":"<!-- This site is optimized with the Yoast SEO plugin v26.5 - https:\/\/yoast.com\/wordpress\/plugins\/seo\/ -->\n<title>Nike G.T. Cut 3 EP Phantom\/Cobalt Tint\/Metallic Platinum\/Pink Blast - TOURCRUISER PTE. LTD<\/title>\n<meta name=\"robots\" content=\"index, follow, max-snippet:-1, max-image-preview:large, max-video-preview:-1\" \/>\n<link rel=\"canonical\" href=\"https:\/\/tourcruiser.com\/fr\/products\/nike-gt-cut-3-ep-phantomcobalt-tintmetallic-platinumpink-blast\/\" \/>\n<meta property=\"og:locale\" content=\"fr_FR\" \/>\n<meta property=\"og:type\" content=\"article\" \/>\n<meta property=\"og:title\" content=\"Nike G.T. Cut 3 EP Phantom\/Cobalt Tint\/Metallic Platinum\/Pink Blast - TOURCRUISER PTE. LTD\" \/>\n<meta property=\"og:description\" content=\"Nike G.T. Cut 3 \u201d\u201d Phantom\/Cobalt Tint\/Metallic Platinum\/Pink Blast\" \/>\n<meta property=\"og:url\" content=\"https:\/\/tourcruiser.com\/fr\/products\/nike-gt-cut-3-ep-phantomcobalt-tintmetallic-platinumpink-blast\/\" \/>\n<meta property=\"og:site_name\" content=\"Tourcruiser Sneaker Store\" \/>\n<meta property=\"article:modified_time\" content=\"2026-03-14T10:53:21+00:00\" \/>\n<meta name=\"twitter:card\" content=\"summary_large_image\" \/>\n<meta name=\"twitter:image\" content=\"https:\/\/images.novelship.com\/product\/nike_g_t__cut_3_ep_phantom_cobalt_tint_metallic_pl_0_75213.png\" \/>\n<meta name=\"twitter:label1\" content=\"Dur\u00e9e de lecture estim\u00e9e\" \/>\n\t<meta name=\"twitter:data1\" content=\"1 minute\" \/>\n<script type=\"application\/ld+json\" class=\"yoast-schema-graph\">{\"@context\":\"https:\/\/schema.org\",\"@graph\":[{\"@type\":\"WebPage\",\"@id\":\"https:\/\/tourcruiser.com\/fr\/products\/nike-gt-cut-3-ep-phantomcobalt-tintmetallic-platinumpink-blast\/\",\"url\":\"https:\/\/tourcruiser.com\/fr\/products\/nike-gt-cut-3-ep-phantomcobalt-tintmetallic-platinumpink-blast\/\",\"name\":\"Nike G.T. Cut 3 EP Phantom\/Cobalt Tint\/Metallic Platinum\/Pink Blast - TOURCRUISER PTE. LTD\",\"isPartOf\":{\"@id\":\"https:\/\/tourcruiser.com\/fr\/#website\"},\"primaryImageOfPage\":{\"@id\":\"https:\/\/tourcruiser.com\/fr\/products\/nike-gt-cut-3-ep-phantomcobalt-tintmetallic-platinumpink-blast\/#primaryimage\"},\"image\":{\"@id\":\"https:\/\/tourcruiser.com\/fr\/products\/nike-gt-cut-3-ep-phantomcobalt-tintmetallic-platinumpink-blast\/#primaryimage\"},\"thumbnailUrl\":\"https:\/\/images.novelship.com\/product\/nike_g_t__cut_3_ep_phantom_cobalt_tint_metallic_pl_0_75213.png\",\"datePublished\":\"2026-03-02T07:32:49+00:00\",\"dateModified\":\"2026-03-14T10:53:21+00:00\",\"breadcrumb\":{\"@id\":\"https:\/\/tourcruiser.com\/fr\/products\/nike-gt-cut-3-ep-phantomcobalt-tintmetallic-platinumpink-blast\/#breadcrumb\"},\"inLanguage\":\"fr-FR\",\"potentialAction\":[{\"@type\":\"ReadAction\",\"target\":[\"https:\/\/tourcruiser.com\/fr\/products\/nike-gt-cut-3-ep-phantomcobalt-tintmetallic-platinumpink-blast\/\"]}]},{\"@type\":\"ImageObject\",\"inLanguage\":\"fr-FR\",\"@id\":\"https:\/\/tourcruiser.com\/fr\/products\/nike-gt-cut-3-ep-phantomcobalt-tintmetallic-platinumpink-blast\/#primaryimage\",\"url\":\"https:\/\/images.novelship.com\/product\/nike_g_t__cut_3_ep_phantom_cobalt_tint_metallic_pl_0_75213.png\",\"contentUrl\":\"https:\/\/images.novelship.com\/product\/nike_g_t__cut_3_ep_phantom_cobalt_tint_metallic_pl_0_75213.png\"},{\"@type\":\"BreadcrumbList\",\"@id\":\"https:\/\/tourcruiser.com\/fr\/products\/nike-gt-cut-3-ep-phantomcobalt-tintmetallic-platinumpink-blast\/#breadcrumb\",\"itemListElement\":[{\"@type\":\"ListItem\",\"position\":1,\"name\":\"Home\",\"item\":\"https:\/\/tourcruiser.com\/fr\/\"},{\"@type\":\"ListItem\",\"position\":2,\"name\":\"Shop\",\"item\":\"https:\/\/tourcruiser.com\/fr\/shop\/\"},{\"@type\":\"ListItem\",\"position\":3,\"name\":\"Nike G.T. Cut 3 EP Phantom\/Cobalt Tint\/Metallic Platinum\/Pink Blast\"}]},{\"@type\":\"WebSite\",\"@id\":\"https:\/\/tourcruiser.com\/fr\/#website\",\"url\":\"https:\/\/tourcruiser.com\/fr\/\",\"name\":\"Styloral Jewelry Shop\",\"description\":\"Tourcruiser Sneaker Store \u2014 L\u2019endroit o\u00f9 l\u2019univers rencontre votre singularit\u00e9.\",\"publisher\":{\"@id\":\"https:\/\/tourcruiser.com\/fr\/#organization\"},\"potentialAction\":[{\"@type\":\"SearchAction\",\"target\":{\"@type\":\"EntryPoint\",\"urlTemplate\":\"https:\/\/tourcruiser.com\/fr\/?s={search_term_string}\"},\"query-input\":{\"@type\":\"PropertyValueSpecification\",\"valueRequired\":true,\"valueName\":\"search_term_string\"}}],\"inLanguage\":\"fr-FR\"},{\"@type\":\"Organization\",\"@id\":\"https:\/\/tourcruiser.com\/fr\/#organization\",\"name\":\"STYLORAL PTE. LTD\",\"url\":\"https:\/\/tourcruiser.com\/fr\/\",\"logo\":{\"@type\":\"ImageObject\",\"inLanguage\":\"fr-FR\",\"@id\":\"https:\/\/tourcruiser.com\/fr\/#\/schema\/logo\/image\/\",\"url\":\"https:\/\/www.tourcruiser.com\/wp-content\/uploads\/2025\/12\/logo.png\",\"contentUrl\":\"https:\/\/www.tourcruiser.com\/wp-content\/uploads\/2025\/12\/logo.png\",\"width\":200,\"height\":65,\"caption\":\"STYLORAL PTE. LTD\"},\"image\":{\"@id\":\"https:\/\/tourcruiser.com\/fr\/#\/schema\/logo\/image\/\"}}]}<\/script>\n<!-- \/ Yoast SEO plugin. -->","yoast_head_json":{"title":"Nike G.T. Cut 3 EP Phantom\/Cobalt Tint\/Metallic Platinum\/Pink Blast - TOURCRUISER PTE. LTD","robots":{"index":"index","follow":"follow","max-snippet":"max-snippet:-1","max-image-preview":"max-image-preview:large","max-video-preview":"max-video-preview:-1"},"canonical":"https:\/\/tourcruiser.com\/fr\/products\/nike-gt-cut-3-ep-phantomcobalt-tintmetallic-platinumpink-blast\/","og_locale":"fr_FR","og_type":"article","og_title":"Nike G.T. Cut 3 EP Phantom\/Cobalt Tint\/Metallic Platinum\/Pink Blast - TOURCRUISER PTE. LTD","og_description":"Nike G.T. Cut 3 \u201d\u201d Phantom\/Cobalt Tint\/Metallic Platinum\/Pink Blast","og_url":"https:\/\/tourcruiser.com\/fr\/products\/nike-gt-cut-3-ep-phantomcobalt-tintmetallic-platinumpink-blast\/","og_site_name":"Tourcruiser Sneaker Store","article_modified_time":"2026-03-14T10:53:21+00:00","twitter_card":"summary_large_image","twitter_image":"https:\/\/images.novelship.com\/product\/nike_g_t__cut_3_ep_phantom_cobalt_tint_metallic_pl_0_75213.png","twitter_misc":{"Dur\u00e9e de lecture estim\u00e9e":"1 minute"},"schema":{"@context":"https:\/\/schema.org","@graph":[{"@type":"WebPage","@id":"https:\/\/tourcruiser.com\/fr\/products\/nike-gt-cut-3-ep-phantomcobalt-tintmetallic-platinumpink-blast\/","url":"https:\/\/tourcruiser.com\/fr\/products\/nike-gt-cut-3-ep-phantomcobalt-tintmetallic-platinumpink-blast\/","name":"Nike G.T. Cut 3 EP Phantom\/Cobalt Tint\/Metallic Platinum\/Pink Blast - TOURCRUISER PTE. LTD","isPartOf":{"@id":"https:\/\/tourcruiser.com\/fr\/#website"},"primaryImageOfPage":{"@id":"https:\/\/tourcruiser.com\/fr\/products\/nike-gt-cut-3-ep-phantomcobalt-tintmetallic-platinumpink-blast\/#primaryimage"},"image":{"@id":"https:\/\/tourcruiser.com\/fr\/products\/nike-gt-cut-3-ep-phantomcobalt-tintmetallic-platinumpink-blast\/#primaryimage"},"thumbnailUrl":"https:\/\/images.novelship.com\/product\/nike_g_t__cut_3_ep_phantom_cobalt_tint_metallic_pl_0_75213.png","datePublished":"2026-03-02T07:32:49+00:00","dateModified":"2026-03-14T10:53:21+00:00","breadcrumb":{"@id":"https:\/\/tourcruiser.com\/fr\/products\/nike-gt-cut-3-ep-phantomcobalt-tintmetallic-platinumpink-blast\/#breadcrumb"},"inLanguage":"fr-FR","potentialAction":[{"@type":"ReadAction","target":["https:\/\/tourcruiser.com\/fr\/products\/nike-gt-cut-3-ep-phantomcobalt-tintmetallic-platinumpink-blast\/"]}]},{"@type":"ImageObject","inLanguage":"fr-FR","@id":"https:\/\/tourcruiser.com\/fr\/products\/nike-gt-cut-3-ep-phantomcobalt-tintmetallic-platinumpink-blast\/#primaryimage","url":"https:\/\/images.novelship.com\/product\/nike_g_t__cut_3_ep_phantom_cobalt_tint_metallic_pl_0_75213.png","contentUrl":"https:\/\/images.novelship.com\/product\/nike_g_t__cut_3_ep_phantom_cobalt_tint_metallic_pl_0_75213.png"},{"@type":"BreadcrumbList","@id":"https:\/\/tourcruiser.com\/fr\/products\/nike-gt-cut-3-ep-phantomcobalt-tintmetallic-platinumpink-blast\/#breadcrumb","itemListElement":[{"@type":"ListItem","position":1,"name":"Home","item":"https:\/\/tourcruiser.com\/fr\/"},{"@type":"ListItem","position":2,"name":"Shop","item":"https:\/\/tourcruiser.com\/fr\/shop\/"},{"@type":"ListItem","position":3,"name":"Nike G.T. Cut 3 EP Phantom\/Cobalt Tint\/Metallic Platinum\/Pink Blast"}]},{"@type":"WebSite","@id":"https:\/\/tourcruiser.com\/fr\/#website","url":"https:\/\/tourcruiser.com\/fr\/","name":"Styloral Jewelry Shop","description":"Tourcruiser Sneaker Store \u2014 L\u2019endroit o\u00f9 l\u2019univers rencontre votre singularit\u00e9.","publisher":{"@id":"https:\/\/tourcruiser.com\/fr\/#organization"},"potentialAction":[{"@type":"SearchAction","target":{"@type":"EntryPoint","urlTemplate":"https:\/\/tourcruiser.com\/fr\/?s={search_term_string}"},"query-input":{"@type":"PropertyValueSpecification","valueRequired":true,"valueName":"search_term_string"}}],"inLanguage":"fr-FR"},{"@type":"Organization","@id":"https:\/\/tourcruiser.com\/fr\/#organization","name":"STYLORAL PTE. LTD","url":"https:\/\/tourcruiser.com\/fr\/","logo":{"@type":"ImageObject","inLanguage":"fr-FR","@id":"https:\/\/tourcruiser.com\/fr\/#\/schema\/logo\/image\/","url":"https:\/\/www.tourcruiser.com\/wp-content\/uploads\/2025\/12\/logo.png","contentUrl":"https:\/\/www.tourcruiser.com\/wp-content\/uploads\/2025\/12\/logo.png","width":200,"height":65,"caption":"STYLORAL PTE. LTD"},"image":{"@id":"https:\/\/tourcruiser.com\/fr\/#\/schema\/logo\/image\/"}}]}},"_links":{"self":[{"href":"https:\/\/tourcruiser.com\/fr\/wp-json\/wp\/v2\/product\/25258","targetHints":{"allow":["GET"]}}],"collection":[{"href":"https:\/\/tourcruiser.com\/fr\/wp-json\/wp\/v2\/product"}],"about":[{"href":"https:\/\/tourcruiser.com\/fr\/wp-json\/wp\/v2\/types\/product"}],"replies":[{"embeddable":true,"href":"https:\/\/tourcruiser.com\/fr\/wp-json\/wp\/v2\/comments?post=25258"}],"wp:featuredmedia":[{"embeddable":true,"href":"https:\/\/tourcruiser.com\/fr\/wp-json\/wp\/v2\/media\/25259"}],"wp:attachment":[{"href":"https:\/\/tourcruiser.com\/fr\/wp-json\/wp\/v2\/media?parent=25258"}],"wp:term":[{"taxonomy":"product_brand","embeddable":true,"href":"https:\/\/tourcruiser.com\/fr\/wp-json\/wp\/v2\/product_brand?post=25258"},{"taxonomy":"product_cat","embeddable":true,"href":"https:\/\/tourcruiser.com\/fr\/wp-json\/wp\/v2\/product_cat?post=25258"},{"taxonomy":"product_tag","embeddable":true,"href":"https:\/\/tourcruiser.com\/fr\/wp-json\/wp\/v2\/product_tag?post=25258"}],"curies":[{"name":"wp","href":"https:\/\/api.w.org\/{rel}","templated":true}]}}