{"id":24112,"date":"2026-02-25T19:25:01","date_gmt":"2026-02-25T12:25:01","guid":{"rendered":"http:\/\/tourcruiser.com\/product\/adidas-mercedes-amg-petronas-formula-one-team-x-ultraboost-5-strung-white-matte-gold"},"modified":"2026-03-14T18:00:48","modified_gmt":"2026-03-14T11:00:48","slug":"adidas-mercedes-amg-petronas-formula-one-team-x-ultraboost-5-strung-white-matte-gold","status":"publish","type":"product","link":"https:\/\/tourcruiser.com\/fr\/products\/adidas-mercedes-amg-petronas-formula-one-team-x-ultraboost-5-strung-white-matte-gold\/","title":{"rendered":"Adidas Mercedes-AMG Petronas Formula One Team x  UltraBoost 5 Strung &lsquo;White Matte Gold&rsquo;"},"content":{"rendered":"<p>La Mercedes-AMG Petronas Formula One Team x adidas UltraBoost 5 Strung \u00ab\u00a0Blanc Or Mat\u00a0\u00bb pr\u00e9sente une empeigne en maille blanche rehauss\u00e9e de d\u00e9tails or mat au niveau du contrefort et du logo AMG sur la languette. La semelle interm\u00e9diaire Light Boost sur toute la longueur assure un retour d&rsquo;\u00e9nergie optimal \u00e0 chaque foul\u00e9e. R\u00e9f\u00e9rence\u00a0: IH6414. Coloris\u00a0: Blanc nuage\/Blanc nuage\/Or mat. Date de sortie\u00a0: 7 ao\u00fbt 2025.<\/p>\n","protected":false},"excerpt":{"rendered":"<p>La Mercedes-AMG Petronas Formula One Team x adidas UltraBoost 5 Strung \u00ab\u00a0Blanc Or Mat\u00a0\u00bb pr\u00e9sente une empeigne en maille blanche rehauss\u00e9e de d\u00e9tails or mat au niveau du contrefort et du logo AMG sur la languette. La semelle interm\u00e9diaire Light Boost sur toute la longueur assure un retour d&rsquo;\u00e9nergie optimal \u00e0 chaque foul\u00e9e. R\u00e9f\u00e9rence\u00a0: IH6414. [&hellip;]<\/p>\n","protected":false},"featured_media":24113,"comment_status":"open","ping_status":"closed","template":"","meta":[],"product_brand":[],"product_cat":[9215],"product_tag":[10728],"class_list":{"0":"post-24112","1":"product","2":"type-product","3":"status-publish","4":"has-post-thumbnail","6":"product_cat-adidas-2026","7":"product_tag-ih64147","8":"wcpa_has_options","10":"first","11":"instock","12":"taxable","13":"shipping-taxable","14":"purchasable","15":"product-type-simple"},"wcpa_form_fields":{"rules":{"pric_overide_base_price":false,"pric_overide_base_price_if_gt_zero":false,"pric_overide_base_price_fully":false,"pric_cal_option_once":false,"pric_use_as_fee":false,"bind_quantity":false,"quantity_bind_formula":false},"fields":[{"type":"color-group","required":true,"elementId":"wcpa-color-group-66c4a7f817afe","label":"Taille","inline":true,"priceOptions":"different_for_all","pricingType":"fixed","className":"hassizechart product-shoes-size-eu product-shoes-size","name":"color-group-66c4a7f817b18","disp_type":"square","selection_type":"tick-border","disp_size":"50","show_label_inside":true,"adjust_width":true,"cart_display_type":"text","other_text":"Other","cl_rule":"show","col":6,"values":[{"label":"35","value":"EU 35","price":"","pimage":"","pimage_id":"","pthumb":"","color":""},{"label":"35.5","value":"EU 35.5","price":"","pimage":"","pimage_id":"","pthumb":"","color":""},{"label":"36","value":"EU 36","price":"","pimage":"","pimage_id":"","pthumb":"","color":"","selected":true},{"label":"36 2\/3","value":"EU 36 2\/3","price":"","pimage":"","pimage_id":"","pthumb":"","color":""},{"label":"37 1\/3","value":"EU 37 1\/3","price":"","pimage":"","pimage_id":"","pthumb":"","color":""},{"label":"38","value":"EU 38","price":"","pimage":"","pimage_id":"","pthumb":"","color":""},{"label":"38 2\/3","value":"EU 38 2\/3","price":"","pimage":"","pimage_id":"","pthumb":"","color":""},{"label":"39 1\/3","value":"EU 39 1\/3","price":"","pimage":"","pimage_id":"","pthumb":"","color":""},{"label":"40","value":"EU 40","price":"","pimage":"","pimage_id":"","pthumb":"","color":""},{"label":"40 2\/3","value":"EU 40 2\/3","price":"","pimage":"","pimage_id":"","pthumb":"","color":""},{"label":"41 1\/3","value":"EU 41 1\/3","price":"","pimage":"","pimage_id":"","pthumb":"","color":""},{"label":"42","value":"EU 42","price":"","pimage":"","pimage_id":"","pthumb":"","color":""},{"label":"42 2\/3","value":"EU 42 2\/3","price":"","pimage":"","pimage_id":"","pthumb":"","color":""},{"label":"43 1\/3","value":"EU 43 1\/3","price":"","pimage":"","pimage_id":"","pthumb":"","color":""},{"label":"44","value":"EU 44","price":"","pimage":"","pimage_id":"","pthumb":"","color":""},{"label":"44 2\/3","value":"EU 44 2\/3","price":"","pimage":"","pimage_id":"","pthumb":"","color":""},{"label":"45 1\/3","value":"EU 45 1\/3","price":"","pimage":"","pimage_id":"","pthumb":"","color":""},{"label":"46","value":"EU 46","price":"","pimage":"","pimage_id":"","pthumb":"","color":""},{"label":"46 2\/3","value":"EU 46 2\/3","price":"","pimage":"","pimage_id":"","pthumb":"","color":""},{"label":"47 1\/3","value":"EU 47 1\/3","price":"","pimage":"","pimage_id":"","pthumb":"","color":""}],"relations":[{"operator":false,"rules":[]}],"form_id":24802,"form_rules":{"pric_cal_option_once":false,"exclude_from_discount":false,"pric_use_as_fee":false,"fee_label":"Fee","render_after_acb":false,"disp_hide_options_price":false}}]},"yoast_head":"<!-- This site is optimized with the Yoast SEO plugin v26.5 - https:\/\/yoast.com\/wordpress\/plugins\/seo\/ -->\n<title>Adidas Mercedes-AMG Petronas Formula One Team x UltraBoost 5 Strung &#039;White Matte Gold&#039; - TOURCRUISER PTE. LTD<\/title>\n<meta name=\"robots\" content=\"index, follow, max-snippet:-1, max-image-preview:large, max-video-preview:-1\" \/>\n<link rel=\"canonical\" href=\"https:\/\/tourcruiser.com\/fr\/products\/adidas-mercedes-amg-petronas-formula-one-team-x-ultraboost-5-strung-white-matte-gold\/\" \/>\n<meta property=\"og:locale\" content=\"fr_FR\" \/>\n<meta property=\"og:type\" content=\"article\" \/>\n<meta property=\"og:title\" content=\"Adidas Mercedes-AMG Petronas Formula One Team x UltraBoost 5 Strung &#039;White Matte Gold&#039; - TOURCRUISER PTE. LTD\" \/>\n<meta property=\"og:description\" content=\"La Mercedes-AMG Petronas Formula One Team x adidas UltraBoost 5 Strung \u00ab\u00a0Blanc Or Mat\u00a0\u00bb pr\u00e9sente une empeigne en maille blanche rehauss\u00e9e de d\u00e9tails or mat au niveau du contrefort et du logo AMG sur la languette. La semelle interm\u00e9diaire Light Boost sur toute la longueur assure un retour d&rsquo;\u00e9nergie optimal \u00e0 chaque foul\u00e9e. R\u00e9f\u00e9rence\u00a0: IH6414. [&hellip;]\" \/>\n<meta property=\"og:url\" content=\"https:\/\/tourcruiser.com\/fr\/products\/adidas-mercedes-amg-petronas-formula-one-team-x-ultraboost-5-strung-white-matte-gold\/\" \/>\n<meta property=\"og:site_name\" content=\"Tourcruiser Sneaker Store\" \/>\n<meta property=\"article:modified_time\" content=\"2026-03-14T11:00:48+00:00\" \/>\n<meta name=\"twitter:card\" content=\"summary_large_image\" \/>\n<meta name=\"twitter:image\" content=\"https:\/\/cdn.flightclub.com\/TEMPLATE\/491461\/1.jpg?w=1600\" \/>\n<script type=\"application\/ld+json\" class=\"yoast-schema-graph\">{\"@context\":\"https:\/\/schema.org\",\"@graph\":[{\"@type\":\"WebPage\",\"@id\":\"https:\/\/tourcruiser.com\/fr\/products\/adidas-mercedes-amg-petronas-formula-one-team-x-ultraboost-5-strung-white-matte-gold\/\",\"url\":\"https:\/\/tourcruiser.com\/fr\/products\/adidas-mercedes-amg-petronas-formula-one-team-x-ultraboost-5-strung-white-matte-gold\/\",\"name\":\"Adidas Mercedes-AMG Petronas Formula One Team x UltraBoost 5 Strung 'White Matte Gold' - TOURCRUISER PTE. LTD\",\"isPartOf\":{\"@id\":\"https:\/\/tourcruiser.com\/fr\/#website\"},\"primaryImageOfPage\":{\"@id\":\"https:\/\/tourcruiser.com\/fr\/products\/adidas-mercedes-amg-petronas-formula-one-team-x-ultraboost-5-strung-white-matte-gold\/#primaryimage\"},\"image\":{\"@id\":\"https:\/\/tourcruiser.com\/fr\/products\/adidas-mercedes-amg-petronas-formula-one-team-x-ultraboost-5-strung-white-matte-gold\/#primaryimage\"},\"thumbnailUrl\":\"https:\/\/cdn.flightclub.com\/TEMPLATE\/491461\/1.jpg?w=1600\",\"datePublished\":\"2026-02-25T12:25:01+00:00\",\"dateModified\":\"2026-03-14T11:00:48+00:00\",\"breadcrumb\":{\"@id\":\"https:\/\/tourcruiser.com\/fr\/products\/adidas-mercedes-amg-petronas-formula-one-team-x-ultraboost-5-strung-white-matte-gold\/#breadcrumb\"},\"inLanguage\":\"fr-FR\",\"potentialAction\":[{\"@type\":\"ReadAction\",\"target\":[\"https:\/\/tourcruiser.com\/fr\/products\/adidas-mercedes-amg-petronas-formula-one-team-x-ultraboost-5-strung-white-matte-gold\/\"]}]},{\"@type\":\"ImageObject\",\"inLanguage\":\"fr-FR\",\"@id\":\"https:\/\/tourcruiser.com\/fr\/products\/adidas-mercedes-amg-petronas-formula-one-team-x-ultraboost-5-strung-white-matte-gold\/#primaryimage\",\"url\":\"https:\/\/cdn.flightclub.com\/TEMPLATE\/491461\/1.jpg?w=1600\",\"contentUrl\":\"https:\/\/cdn.flightclub.com\/TEMPLATE\/491461\/1.jpg?w=1600\"},{\"@type\":\"BreadcrumbList\",\"@id\":\"https:\/\/tourcruiser.com\/fr\/products\/adidas-mercedes-amg-petronas-formula-one-team-x-ultraboost-5-strung-white-matte-gold\/#breadcrumb\",\"itemListElement\":[{\"@type\":\"ListItem\",\"position\":1,\"name\":\"Home\",\"item\":\"https:\/\/tourcruiser.com\/fr\/\"},{\"@type\":\"ListItem\",\"position\":2,\"name\":\"Shop\",\"item\":\"https:\/\/tourcruiser.com\/fr\/shop\/\"},{\"@type\":\"ListItem\",\"position\":3,\"name\":\"Adidas Mercedes-AMG Petronas Formula One Team x UltraBoost 5 Strung 'White Matte Gold'\"}]},{\"@type\":\"WebSite\",\"@id\":\"https:\/\/tourcruiser.com\/fr\/#website\",\"url\":\"https:\/\/tourcruiser.com\/fr\/\",\"name\":\"Styloral Jewelry Shop\",\"description\":\"Tourcruiser Sneaker Store \u2014 L\u2019endroit o\u00f9 l\u2019univers rencontre votre singularit\u00e9.\",\"publisher\":{\"@id\":\"https:\/\/tourcruiser.com\/fr\/#organization\"},\"potentialAction\":[{\"@type\":\"SearchAction\",\"target\":{\"@type\":\"EntryPoint\",\"urlTemplate\":\"https:\/\/tourcruiser.com\/fr\/?s={search_term_string}\"},\"query-input\":{\"@type\":\"PropertyValueSpecification\",\"valueRequired\":true,\"valueName\":\"search_term_string\"}}],\"inLanguage\":\"fr-FR\"},{\"@type\":\"Organization\",\"@id\":\"https:\/\/tourcruiser.com\/fr\/#organization\",\"name\":\"STYLORAL PTE. LTD\",\"url\":\"https:\/\/tourcruiser.com\/fr\/\",\"logo\":{\"@type\":\"ImageObject\",\"inLanguage\":\"fr-FR\",\"@id\":\"https:\/\/tourcruiser.com\/fr\/#\/schema\/logo\/image\/\",\"url\":\"https:\/\/www.tourcruiser.com\/wp-content\/uploads\/2025\/12\/logo.png\",\"contentUrl\":\"https:\/\/www.tourcruiser.com\/wp-content\/uploads\/2025\/12\/logo.png\",\"width\":200,\"height\":65,\"caption\":\"STYLORAL PTE. LTD\"},\"image\":{\"@id\":\"https:\/\/tourcruiser.com\/fr\/#\/schema\/logo\/image\/\"}}]}<\/script>\n<!-- \/ Yoast SEO plugin. -->","yoast_head_json":{"title":"Adidas Mercedes-AMG Petronas Formula One Team x UltraBoost 5 Strung 'White Matte Gold' - TOURCRUISER PTE. LTD","robots":{"index":"index","follow":"follow","max-snippet":"max-snippet:-1","max-image-preview":"max-image-preview:large","max-video-preview":"max-video-preview:-1"},"canonical":"https:\/\/tourcruiser.com\/fr\/products\/adidas-mercedes-amg-petronas-formula-one-team-x-ultraboost-5-strung-white-matte-gold\/","og_locale":"fr_FR","og_type":"article","og_title":"Adidas Mercedes-AMG Petronas Formula One Team x UltraBoost 5 Strung 'White Matte Gold' - TOURCRUISER PTE. LTD","og_description":"La Mercedes-AMG Petronas Formula One Team x adidas UltraBoost 5 Strung \u00ab\u00a0Blanc Or Mat\u00a0\u00bb pr\u00e9sente une empeigne en maille blanche rehauss\u00e9e de d\u00e9tails or mat au niveau du contrefort et du logo AMG sur la languette. La semelle interm\u00e9diaire Light Boost sur toute la longueur assure un retour d&rsquo;\u00e9nergie optimal \u00e0 chaque foul\u00e9e. R\u00e9f\u00e9rence\u00a0: IH6414. [&hellip;]","og_url":"https:\/\/tourcruiser.com\/fr\/products\/adidas-mercedes-amg-petronas-formula-one-team-x-ultraboost-5-strung-white-matte-gold\/","og_site_name":"Tourcruiser Sneaker Store","article_modified_time":"2026-03-14T11:00:48+00:00","twitter_card":"summary_large_image","twitter_image":"https:\/\/cdn.flightclub.com\/TEMPLATE\/491461\/1.jpg?w=1600","schema":{"@context":"https:\/\/schema.org","@graph":[{"@type":"WebPage","@id":"https:\/\/tourcruiser.com\/fr\/products\/adidas-mercedes-amg-petronas-formula-one-team-x-ultraboost-5-strung-white-matte-gold\/","url":"https:\/\/tourcruiser.com\/fr\/products\/adidas-mercedes-amg-petronas-formula-one-team-x-ultraboost-5-strung-white-matte-gold\/","name":"Adidas Mercedes-AMG Petronas Formula One Team x UltraBoost 5 Strung 'White Matte Gold' - TOURCRUISER PTE. LTD","isPartOf":{"@id":"https:\/\/tourcruiser.com\/fr\/#website"},"primaryImageOfPage":{"@id":"https:\/\/tourcruiser.com\/fr\/products\/adidas-mercedes-amg-petronas-formula-one-team-x-ultraboost-5-strung-white-matte-gold\/#primaryimage"},"image":{"@id":"https:\/\/tourcruiser.com\/fr\/products\/adidas-mercedes-amg-petronas-formula-one-team-x-ultraboost-5-strung-white-matte-gold\/#primaryimage"},"thumbnailUrl":"https:\/\/cdn.flightclub.com\/TEMPLATE\/491461\/1.jpg?w=1600","datePublished":"2026-02-25T12:25:01+00:00","dateModified":"2026-03-14T11:00:48+00:00","breadcrumb":{"@id":"https:\/\/tourcruiser.com\/fr\/products\/adidas-mercedes-amg-petronas-formula-one-team-x-ultraboost-5-strung-white-matte-gold\/#breadcrumb"},"inLanguage":"fr-FR","potentialAction":[{"@type":"ReadAction","target":["https:\/\/tourcruiser.com\/fr\/products\/adidas-mercedes-amg-petronas-formula-one-team-x-ultraboost-5-strung-white-matte-gold\/"]}]},{"@type":"ImageObject","inLanguage":"fr-FR","@id":"https:\/\/tourcruiser.com\/fr\/products\/adidas-mercedes-amg-petronas-formula-one-team-x-ultraboost-5-strung-white-matte-gold\/#primaryimage","url":"https:\/\/cdn.flightclub.com\/TEMPLATE\/491461\/1.jpg?w=1600","contentUrl":"https:\/\/cdn.flightclub.com\/TEMPLATE\/491461\/1.jpg?w=1600"},{"@type":"BreadcrumbList","@id":"https:\/\/tourcruiser.com\/fr\/products\/adidas-mercedes-amg-petronas-formula-one-team-x-ultraboost-5-strung-white-matte-gold\/#breadcrumb","itemListElement":[{"@type":"ListItem","position":1,"name":"Home","item":"https:\/\/tourcruiser.com\/fr\/"},{"@type":"ListItem","position":2,"name":"Shop","item":"https:\/\/tourcruiser.com\/fr\/shop\/"},{"@type":"ListItem","position":3,"name":"Adidas Mercedes-AMG Petronas Formula One Team x UltraBoost 5 Strung 'White Matte Gold'"}]},{"@type":"WebSite","@id":"https:\/\/tourcruiser.com\/fr\/#website","url":"https:\/\/tourcruiser.com\/fr\/","name":"Styloral Jewelry Shop","description":"Tourcruiser Sneaker Store \u2014 L\u2019endroit o\u00f9 l\u2019univers rencontre votre singularit\u00e9.","publisher":{"@id":"https:\/\/tourcruiser.com\/fr\/#organization"},"potentialAction":[{"@type":"SearchAction","target":{"@type":"EntryPoint","urlTemplate":"https:\/\/tourcruiser.com\/fr\/?s={search_term_string}"},"query-input":{"@type":"PropertyValueSpecification","valueRequired":true,"valueName":"search_term_string"}}],"inLanguage":"fr-FR"},{"@type":"Organization","@id":"https:\/\/tourcruiser.com\/fr\/#organization","name":"STYLORAL PTE. LTD","url":"https:\/\/tourcruiser.com\/fr\/","logo":{"@type":"ImageObject","inLanguage":"fr-FR","@id":"https:\/\/tourcruiser.com\/fr\/#\/schema\/logo\/image\/","url":"https:\/\/www.tourcruiser.com\/wp-content\/uploads\/2025\/12\/logo.png","contentUrl":"https:\/\/www.tourcruiser.com\/wp-content\/uploads\/2025\/12\/logo.png","width":200,"height":65,"caption":"STYLORAL PTE. LTD"},"image":{"@id":"https:\/\/tourcruiser.com\/fr\/#\/schema\/logo\/image\/"}}]}},"_links":{"self":[{"href":"https:\/\/tourcruiser.com\/fr\/wp-json\/wp\/v2\/product\/24112","targetHints":{"allow":["GET"]}}],"collection":[{"href":"https:\/\/tourcruiser.com\/fr\/wp-json\/wp\/v2\/product"}],"about":[{"href":"https:\/\/tourcruiser.com\/fr\/wp-json\/wp\/v2\/types\/product"}],"replies":[{"embeddable":true,"href":"https:\/\/tourcruiser.com\/fr\/wp-json\/wp\/v2\/comments?post=24112"}],"wp:featuredmedia":[{"embeddable":true,"href":"https:\/\/tourcruiser.com\/fr\/wp-json\/wp\/v2\/media\/24113"}],"wp:attachment":[{"href":"https:\/\/tourcruiser.com\/fr\/wp-json\/wp\/v2\/media?parent=24112"}],"wp:term":[{"taxonomy":"product_brand","embeddable":true,"href":"https:\/\/tourcruiser.com\/fr\/wp-json\/wp\/v2\/product_brand?post=24112"},{"taxonomy":"product_cat","embeddable":true,"href":"https:\/\/tourcruiser.com\/fr\/wp-json\/wp\/v2\/product_cat?post=24112"},{"taxonomy":"product_tag","embeddable":true,"href":"https:\/\/tourcruiser.com\/fr\/wp-json\/wp\/v2\/product_tag?post=24112"}],"curies":[{"name":"wp","href":"https:\/\/api.w.org\/{rel}","templated":true}]}}