{"id":24079,"date":"2026-02-25T19:24:15","date_gmt":"2026-02-25T12:24:15","guid":{"rendered":"http:\/\/tourcruiser.com\/product\/new-balance-junya-watanabe-man-x-1906l-black"},"modified":"2026-03-14T18:00:46","modified_gmt":"2026-03-14T11:00:46","slug":"new-balance-junya-watanabe-man-x-1906l-black","status":"publish","type":"product","link":"https:\/\/tourcruiser.com\/fr\/products\/new-balance-junya-watanabe-man-x-1906l-black\/","title":{"rendered":"New Balance Junya Watanabe MAN x 1906L &lsquo;Black&rsquo;"},"content":{"rendered":"<p>La Junya Watanabe MAN x New Balance 1906L \u00ab\u00a0Black\u00a0\u00bb pr\u00e9sente une empeigne en cuir noir, des empi\u00e8cements synth\u00e9tiques brillants et un contrefort de talon. Le logo Junya Watanabe MAN orne l\u2019\u00e9tiquette de la languette et les semelles int\u00e9rieures. La semelle interm\u00e9diaire noire assortie, d\u00e9j\u00e0 vue sur la 860v2, int\u00e8gre l\u2019amorti ABZORB SBS au talon pour un confort optimal. R\u00e9f\u00e9rence\u00a0: U1906LCD. Coloris\u00a0: Noir\/Gris. Date de sortie\u00a0: 18 octobre 2024.<\/p>\n","protected":false},"excerpt":{"rendered":"<p>La Junya Watanabe MAN x New Balance 1906L \u00ab\u00a0Black\u00a0\u00bb pr\u00e9sente une empeigne en cuir noir, des empi\u00e8cements synth\u00e9tiques brillants et un contrefort de talon. Le logo Junya Watanabe MAN orne l\u2019\u00e9tiquette de la languette et les semelles int\u00e9rieures. La semelle interm\u00e9diaire noire assortie, d\u00e9j\u00e0 vue sur la 860v2, int\u00e8gre l\u2019amorti ABZORB SBS au talon pour [&hellip;]<\/p>\n","protected":false},"featured_media":24080,"comment_status":"open","ping_status":"closed","template":"","meta":[],"product_brand":[],"product_cat":[9213],"product_tag":[],"class_list":{"0":"post-24079","1":"product","2":"type-product","3":"status-publish","4":"has-post-thumbnail","6":"product_cat-new-balance-2026","7":"wcpa_has_options","9":"first","10":"instock","11":"taxable","12":"shipping-taxable","13":"purchasable","14":"product-type-simple"},"wcpa_form_fields":{"rules":{"pric_overide_base_price":false,"pric_overide_base_price_if_gt_zero":false,"pric_overide_base_price_fully":false,"pric_cal_option_once":false,"pric_use_as_fee":false,"bind_quantity":false,"quantity_bind_formula":false},"fields":[{"type":"color-group","required":true,"elementId":"wcpa-color-group-66c4a928225d2","label":"Taille","inline":true,"priceOptions":"different_for_all","pricingType":"fixed","className":"hassizechart product-shoes-size-eu product-shoes-size","name":"color-group-66c4a928225e2","disp_type":"square","selection_type":"tick-border","disp_size":"50","show_label_inside":true,"adjust_width":true,"cart_display_type":"text","other_text":"Other","cl_rule":"show","col":6,"values":[{"label":"35","value":"EU 35","price":"","pimage":"","pimage_id":"","pthumb":"","color":""},{"label":"36","value":"EU 36","price":"","pimage":"","pimage_id":"","pthumb":"","color":"","selected":true},{"label":"37","value":"EU 37","price":"","pimage":"","pimage_id":"","pthumb":"","color":""},{"label":"37.5","value":"EU 37.5","price":"","pimage":"","pimage_id":"","pthumb":"","color":""},{"label":"38","value":"EU 38","price":"","pimage":"","pimage_id":"","pthumb":"","color":""},{"label":"38.5","value":"EU 38.5","price":"","pimage":"","pimage_id":"","pthumb":"","color":""},{"label":"39","value":"EU 39","price":"","pimage":"","pimage_id":"","pthumb":"","color":""},{"label":"39.5","value":"EU 39.5","price":"","pimage":"","pimage_id":"","pthumb":"","color":""},{"label":"40","value":"EU 40","price":"","pimage":"","pimage_id":"","pthumb":"","color":""},{"label":"40.5","value":"EU 40.5","price":"","pimage":"","pimage_id":"","pthumb":"","color":""},{"label":" 41.5","value":"EU 41.5","price":"","pimage":"","pimage_id":"","pthumb":"","color":""},{"label":"42","value":"EU 42","price":"","pimage":"","pimage_id":"","pthumb":"","color":""},{"label":"42.5","value":"EU 42.5","price":"","pimage":"","pimage_id":"","pthumb":"","color":""},{"label":"43","value":"EU 43","price":"","pimage":"","pimage_id":"","pthumb":"","color":""},{"label":"44","value":"EU 44","price":"","pimage":"","pimage_id":"","pthumb":"","color":""},{"label":"44.5","value":"EU 44.5","price":"","pimage":"","pimage_id":"","pthumb":"","color":""},{"label":"45","value":"EU 45","price":"","pimage":"","pimage_id":"","pthumb":"","color":""},{"label":"45.5","value":"EU 45.5","price":"","pimage":"","pimage_id":"","pthumb":"","color":""},{"label":"46","value":"EU 46","price":"","pimage":"","pimage_id":"","pthumb":"","color":""}],"relations":[{"operator":false,"rules":[]}],"form_id":24803,"form_rules":{"pric_cal_option_once":false,"exclude_from_discount":false,"pric_use_as_fee":false,"fee_label":"Fee","render_after_acb":false,"disp_hide_options_price":false}}]},"yoast_head":"<!-- This site is optimized with the Yoast SEO plugin v26.5 - https:\/\/yoast.com\/wordpress\/plugins\/seo\/ -->\n<title>New Balance Junya Watanabe MAN x 1906L &#039;Black&#039; - TOURCRUISER PTE. LTD<\/title>\n<meta name=\"robots\" content=\"index, follow, max-snippet:-1, max-image-preview:large, max-video-preview:-1\" \/>\n<link rel=\"canonical\" href=\"https:\/\/tourcruiser.com\/fr\/products\/new-balance-junya-watanabe-man-x-1906l-black\/\" \/>\n<meta property=\"og:locale\" content=\"fr_FR\" \/>\n<meta property=\"og:type\" content=\"article\" \/>\n<meta property=\"og:title\" content=\"New Balance Junya Watanabe MAN x 1906L &#039;Black&#039; - TOURCRUISER PTE. LTD\" \/>\n<meta property=\"og:description\" content=\"La Junya Watanabe MAN x New Balance 1906L \u00ab\u00a0Black\u00a0\u00bb pr\u00e9sente une empeigne en cuir noir, des empi\u00e8cements synth\u00e9tiques brillants et un contrefort de talon. Le logo Junya Watanabe MAN orne l\u2019\u00e9tiquette de la languette et les semelles int\u00e9rieures. La semelle interm\u00e9diaire noire assortie, d\u00e9j\u00e0 vue sur la 860v2, int\u00e8gre l\u2019amorti ABZORB SBS au talon pour [&hellip;]\" \/>\n<meta property=\"og:url\" content=\"https:\/\/tourcruiser.com\/fr\/products\/new-balance-junya-watanabe-man-x-1906l-black\/\" \/>\n<meta property=\"og:site_name\" content=\"Tourcruiser Sneaker Store\" \/>\n<meta property=\"article:modified_time\" content=\"2026-03-14T11:00:46+00:00\" \/>\n<meta name=\"twitter:card\" content=\"summary_large_image\" \/>\n<meta name=\"twitter:image\" content=\"https:\/\/cdn.flightclub.com\/TEMPLATE\/466025\/1.jpg?w=1600\" \/>\n<script type=\"application\/ld+json\" class=\"yoast-schema-graph\">{\"@context\":\"https:\/\/schema.org\",\"@graph\":[{\"@type\":\"WebPage\",\"@id\":\"https:\/\/tourcruiser.com\/fr\/products\/new-balance-junya-watanabe-man-x-1906l-black\/\",\"url\":\"https:\/\/tourcruiser.com\/fr\/products\/new-balance-junya-watanabe-man-x-1906l-black\/\",\"name\":\"New Balance Junya Watanabe MAN x 1906L 'Black' - TOURCRUISER PTE. LTD\",\"isPartOf\":{\"@id\":\"https:\/\/tourcruiser.com\/fr\/#website\"},\"primaryImageOfPage\":{\"@id\":\"https:\/\/tourcruiser.com\/fr\/products\/new-balance-junya-watanabe-man-x-1906l-black\/#primaryimage\"},\"image\":{\"@id\":\"https:\/\/tourcruiser.com\/fr\/products\/new-balance-junya-watanabe-man-x-1906l-black\/#primaryimage\"},\"thumbnailUrl\":\"https:\/\/cdn.flightclub.com\/TEMPLATE\/466025\/1.jpg?w=1600\",\"datePublished\":\"2026-02-25T12:24:15+00:00\",\"dateModified\":\"2026-03-14T11:00:46+00:00\",\"breadcrumb\":{\"@id\":\"https:\/\/tourcruiser.com\/fr\/products\/new-balance-junya-watanabe-man-x-1906l-black\/#breadcrumb\"},\"inLanguage\":\"fr-FR\",\"potentialAction\":[{\"@type\":\"ReadAction\",\"target\":[\"https:\/\/tourcruiser.com\/fr\/products\/new-balance-junya-watanabe-man-x-1906l-black\/\"]}]},{\"@type\":\"ImageObject\",\"inLanguage\":\"fr-FR\",\"@id\":\"https:\/\/tourcruiser.com\/fr\/products\/new-balance-junya-watanabe-man-x-1906l-black\/#primaryimage\",\"url\":\"https:\/\/cdn.flightclub.com\/TEMPLATE\/466025\/1.jpg?w=1600\",\"contentUrl\":\"https:\/\/cdn.flightclub.com\/TEMPLATE\/466025\/1.jpg?w=1600\"},{\"@type\":\"BreadcrumbList\",\"@id\":\"https:\/\/tourcruiser.com\/fr\/products\/new-balance-junya-watanabe-man-x-1906l-black\/#breadcrumb\",\"itemListElement\":[{\"@type\":\"ListItem\",\"position\":1,\"name\":\"Home\",\"item\":\"https:\/\/tourcruiser.com\/fr\/\"},{\"@type\":\"ListItem\",\"position\":2,\"name\":\"Shop\",\"item\":\"https:\/\/tourcruiser.com\/fr\/shop\/\"},{\"@type\":\"ListItem\",\"position\":3,\"name\":\"New Balance Junya Watanabe MAN x 1906L 'Black'\"}]},{\"@type\":\"WebSite\",\"@id\":\"https:\/\/tourcruiser.com\/fr\/#website\",\"url\":\"https:\/\/tourcruiser.com\/fr\/\",\"name\":\"Styloral Jewelry Shop\",\"description\":\"Tourcruiser Sneaker Store \u2014 L\u2019endroit o\u00f9 l\u2019univers rencontre votre singularit\u00e9.\",\"publisher\":{\"@id\":\"https:\/\/tourcruiser.com\/fr\/#organization\"},\"potentialAction\":[{\"@type\":\"SearchAction\",\"target\":{\"@type\":\"EntryPoint\",\"urlTemplate\":\"https:\/\/tourcruiser.com\/fr\/?s={search_term_string}\"},\"query-input\":{\"@type\":\"PropertyValueSpecification\",\"valueRequired\":true,\"valueName\":\"search_term_string\"}}],\"inLanguage\":\"fr-FR\"},{\"@type\":\"Organization\",\"@id\":\"https:\/\/tourcruiser.com\/fr\/#organization\",\"name\":\"STYLORAL PTE. LTD\",\"url\":\"https:\/\/tourcruiser.com\/fr\/\",\"logo\":{\"@type\":\"ImageObject\",\"inLanguage\":\"fr-FR\",\"@id\":\"https:\/\/tourcruiser.com\/fr\/#\/schema\/logo\/image\/\",\"url\":\"https:\/\/www.tourcruiser.com\/wp-content\/uploads\/2025\/12\/logo.png\",\"contentUrl\":\"https:\/\/www.tourcruiser.com\/wp-content\/uploads\/2025\/12\/logo.png\",\"width\":200,\"height\":65,\"caption\":\"STYLORAL PTE. LTD\"},\"image\":{\"@id\":\"https:\/\/tourcruiser.com\/fr\/#\/schema\/logo\/image\/\"}}]}<\/script>\n<!-- \/ Yoast SEO plugin. -->","yoast_head_json":{"title":"New Balance Junya Watanabe MAN x 1906L 'Black' - TOURCRUISER PTE. LTD","robots":{"index":"index","follow":"follow","max-snippet":"max-snippet:-1","max-image-preview":"max-image-preview:large","max-video-preview":"max-video-preview:-1"},"canonical":"https:\/\/tourcruiser.com\/fr\/products\/new-balance-junya-watanabe-man-x-1906l-black\/","og_locale":"fr_FR","og_type":"article","og_title":"New Balance Junya Watanabe MAN x 1906L 'Black' - TOURCRUISER PTE. LTD","og_description":"La Junya Watanabe MAN x New Balance 1906L \u00ab\u00a0Black\u00a0\u00bb pr\u00e9sente une empeigne en cuir noir, des empi\u00e8cements synth\u00e9tiques brillants et un contrefort de talon. Le logo Junya Watanabe MAN orne l\u2019\u00e9tiquette de la languette et les semelles int\u00e9rieures. La semelle interm\u00e9diaire noire assortie, d\u00e9j\u00e0 vue sur la 860v2, int\u00e8gre l\u2019amorti ABZORB SBS au talon pour [&hellip;]","og_url":"https:\/\/tourcruiser.com\/fr\/products\/new-balance-junya-watanabe-man-x-1906l-black\/","og_site_name":"Tourcruiser Sneaker Store","article_modified_time":"2026-03-14T11:00:46+00:00","twitter_card":"summary_large_image","twitter_image":"https:\/\/cdn.flightclub.com\/TEMPLATE\/466025\/1.jpg?w=1600","schema":{"@context":"https:\/\/schema.org","@graph":[{"@type":"WebPage","@id":"https:\/\/tourcruiser.com\/fr\/products\/new-balance-junya-watanabe-man-x-1906l-black\/","url":"https:\/\/tourcruiser.com\/fr\/products\/new-balance-junya-watanabe-man-x-1906l-black\/","name":"New Balance Junya Watanabe MAN x 1906L 'Black' - TOURCRUISER PTE. LTD","isPartOf":{"@id":"https:\/\/tourcruiser.com\/fr\/#website"},"primaryImageOfPage":{"@id":"https:\/\/tourcruiser.com\/fr\/products\/new-balance-junya-watanabe-man-x-1906l-black\/#primaryimage"},"image":{"@id":"https:\/\/tourcruiser.com\/fr\/products\/new-balance-junya-watanabe-man-x-1906l-black\/#primaryimage"},"thumbnailUrl":"https:\/\/cdn.flightclub.com\/TEMPLATE\/466025\/1.jpg?w=1600","datePublished":"2026-02-25T12:24:15+00:00","dateModified":"2026-03-14T11:00:46+00:00","breadcrumb":{"@id":"https:\/\/tourcruiser.com\/fr\/products\/new-balance-junya-watanabe-man-x-1906l-black\/#breadcrumb"},"inLanguage":"fr-FR","potentialAction":[{"@type":"ReadAction","target":["https:\/\/tourcruiser.com\/fr\/products\/new-balance-junya-watanabe-man-x-1906l-black\/"]}]},{"@type":"ImageObject","inLanguage":"fr-FR","@id":"https:\/\/tourcruiser.com\/fr\/products\/new-balance-junya-watanabe-man-x-1906l-black\/#primaryimage","url":"https:\/\/cdn.flightclub.com\/TEMPLATE\/466025\/1.jpg?w=1600","contentUrl":"https:\/\/cdn.flightclub.com\/TEMPLATE\/466025\/1.jpg?w=1600"},{"@type":"BreadcrumbList","@id":"https:\/\/tourcruiser.com\/fr\/products\/new-balance-junya-watanabe-man-x-1906l-black\/#breadcrumb","itemListElement":[{"@type":"ListItem","position":1,"name":"Home","item":"https:\/\/tourcruiser.com\/fr\/"},{"@type":"ListItem","position":2,"name":"Shop","item":"https:\/\/tourcruiser.com\/fr\/shop\/"},{"@type":"ListItem","position":3,"name":"New Balance Junya Watanabe MAN x 1906L 'Black'"}]},{"@type":"WebSite","@id":"https:\/\/tourcruiser.com\/fr\/#website","url":"https:\/\/tourcruiser.com\/fr\/","name":"Styloral Jewelry Shop","description":"Tourcruiser Sneaker Store \u2014 L\u2019endroit o\u00f9 l\u2019univers rencontre votre singularit\u00e9.","publisher":{"@id":"https:\/\/tourcruiser.com\/fr\/#organization"},"potentialAction":[{"@type":"SearchAction","target":{"@type":"EntryPoint","urlTemplate":"https:\/\/tourcruiser.com\/fr\/?s={search_term_string}"},"query-input":{"@type":"PropertyValueSpecification","valueRequired":true,"valueName":"search_term_string"}}],"inLanguage":"fr-FR"},{"@type":"Organization","@id":"https:\/\/tourcruiser.com\/fr\/#organization","name":"STYLORAL PTE. LTD","url":"https:\/\/tourcruiser.com\/fr\/","logo":{"@type":"ImageObject","inLanguage":"fr-FR","@id":"https:\/\/tourcruiser.com\/fr\/#\/schema\/logo\/image\/","url":"https:\/\/www.tourcruiser.com\/wp-content\/uploads\/2025\/12\/logo.png","contentUrl":"https:\/\/www.tourcruiser.com\/wp-content\/uploads\/2025\/12\/logo.png","width":200,"height":65,"caption":"STYLORAL PTE. LTD"},"image":{"@id":"https:\/\/tourcruiser.com\/fr\/#\/schema\/logo\/image\/"}}]}},"_links":{"self":[{"href":"https:\/\/tourcruiser.com\/fr\/wp-json\/wp\/v2\/product\/24079","targetHints":{"allow":["GET"]}}],"collection":[{"href":"https:\/\/tourcruiser.com\/fr\/wp-json\/wp\/v2\/product"}],"about":[{"href":"https:\/\/tourcruiser.com\/fr\/wp-json\/wp\/v2\/types\/product"}],"replies":[{"embeddable":true,"href":"https:\/\/tourcruiser.com\/fr\/wp-json\/wp\/v2\/comments?post=24079"}],"wp:featuredmedia":[{"embeddable":true,"href":"https:\/\/tourcruiser.com\/fr\/wp-json\/wp\/v2\/media\/24080"}],"wp:attachment":[{"href":"https:\/\/tourcruiser.com\/fr\/wp-json\/wp\/v2\/media?parent=24079"}],"wp:term":[{"taxonomy":"product_brand","embeddable":true,"href":"https:\/\/tourcruiser.com\/fr\/wp-json\/wp\/v2\/product_brand?post=24079"},{"taxonomy":"product_cat","embeddable":true,"href":"https:\/\/tourcruiser.com\/fr\/wp-json\/wp\/v2\/product_cat?post=24079"},{"taxonomy":"product_tag","embeddable":true,"href":"https:\/\/tourcruiser.com\/fr\/wp-json\/wp\/v2\/product_tag?post=24079"}],"curies":[{"name":"wp","href":"https:\/\/api.w.org\/{rel}","templated":true}]}}