{"id":24070,"date":"2026-02-25T19:24:01","date_gmt":"2026-02-25T12:24:01","guid":{"rendered":"http:\/\/tourcruiser.com\/product\/new-balance-shohei-ohtani-x-990v6-made-in-usa-ohtani-signature-collection"},"modified":"2026-03-14T18:00:46","modified_gmt":"2026-03-14T11:00:46","slug":"new-balance-shohei-ohtani-x-990v6-made-in-usa-ohtani-signature-collection","status":"publish","type":"product","link":"https:\/\/tourcruiser.com\/fr\/products\/new-balance-shohei-ohtani-x-990v6-made-in-usa-ohtani-signature-collection\/","title":{"rendered":"New Balance Shohei Ohtani x 990v6 Made in USA &lsquo;Ohtani Signature Collection&rsquo;"},"content":{"rendered":"<p>Rehaussez votre style avec la Shohei Ohtani x New Balance 990v6 Made in USA \u00ab\u00a0Ohtani Signature Collection\u00a0\u00bb U990SH6. Cette collaboration exclusive allie savoir-faire d&rsquo;exception et style distinctif, c\u00e9l\u00e9brant le talent et l&rsquo;influence de Shohei Ohtani. Con\u00e7ues pour le march\u00e9 international, ces sneakers offrent un confort et une durabilit\u00e9 exceptionnels. Rejoignez un cercle exclusif qui appr\u00e9cie la fusion iconique de la performance et du design, pour un style qui ne passe pas inaper\u00e7u. Donnez \u00e0 vos chaussures une touche unique avec ce mod\u00e8le exceptionnel.<\/p>\n<ul>\n<li><strong>Coloris\u00a0:<\/strong> Marine\/Vert\/Cr\u00e8me<\/li>\n<li><strong>R\u00e9f\u00e9rence\u00a0:<\/strong> U990SH6<\/li>\n<li><strong>Tige\u00a0:<\/strong> Daim<\/li>\n<li><strong>Semelle interm\u00e9diaire\u00a0:<\/strong> FuelCell<\/li>\n<li><strong>Couleur\u00a0:<\/strong> Blanc<\/li>\n<li><strong>Saison\u00a0:<\/strong> Printemps<\/li>\n<li><strong>Ann\u00e9e de sortie\u00a0:<\/strong> 2025<\/li>\n<\/ul>\n","protected":false},"excerpt":{"rendered":"<p>New Balance 990v6 \u2014 Navy\/Green\/Cream<\/p>\n","protected":false},"featured_media":24071,"comment_status":"open","ping_status":"closed","template":"","meta":[],"product_brand":[],"product_cat":[9213],"product_tag":[],"class_list":{"0":"post-24070","1":"product","2":"type-product","3":"status-publish","4":"has-post-thumbnail","6":"product_cat-new-balance-2026","7":"wcpa_has_options","9":"first","10":"instock","11":"taxable","12":"shipping-taxable","13":"purchasable","14":"product-type-simple"},"wcpa_form_fields":{"rules":{"pric_overide_base_price":false,"pric_overide_base_price_if_gt_zero":false,"pric_overide_base_price_fully":false,"pric_cal_option_once":false,"pric_use_as_fee":false,"bind_quantity":false,"quantity_bind_formula":false},"fields":[{"type":"color-group","required":true,"elementId":"wcpa-color-group-66c4a928225d2","label":"Taille","inline":true,"priceOptions":"different_for_all","pricingType":"fixed","className":"hassizechart product-shoes-size-eu product-shoes-size","name":"color-group-66c4a928225e2","disp_type":"square","selection_type":"tick-border","disp_size":"50","show_label_inside":true,"adjust_width":true,"cart_display_type":"text","other_text":"Other","cl_rule":"show","col":6,"values":[{"label":"35","value":"EU 35","price":"","pimage":"","pimage_id":"","pthumb":"","color":""},{"label":"36","value":"EU 36","price":"","pimage":"","pimage_id":"","pthumb":"","color":"","selected":true},{"label":"37","value":"EU 37","price":"","pimage":"","pimage_id":"","pthumb":"","color":""},{"label":"37.5","value":"EU 37.5","price":"","pimage":"","pimage_id":"","pthumb":"","color":""},{"label":"38","value":"EU 38","price":"","pimage":"","pimage_id":"","pthumb":"","color":""},{"label":"38.5","value":"EU 38.5","price":"","pimage":"","pimage_id":"","pthumb":"","color":""},{"label":"39","value":"EU 39","price":"","pimage":"","pimage_id":"","pthumb":"","color":""},{"label":"39.5","value":"EU 39.5","price":"","pimage":"","pimage_id":"","pthumb":"","color":""},{"label":"40","value":"EU 40","price":"","pimage":"","pimage_id":"","pthumb":"","color":""},{"label":"40.5","value":"EU 40.5","price":"","pimage":"","pimage_id":"","pthumb":"","color":""},{"label":" 41.5","value":"EU 41.5","price":"","pimage":"","pimage_id":"","pthumb":"","color":""},{"label":"42","value":"EU 42","price":"","pimage":"","pimage_id":"","pthumb":"","color":""},{"label":"42.5","value":"EU 42.5","price":"","pimage":"","pimage_id":"","pthumb":"","color":""},{"label":"43","value":"EU 43","price":"","pimage":"","pimage_id":"","pthumb":"","color":""},{"label":"44","value":"EU 44","price":"","pimage":"","pimage_id":"","pthumb":"","color":""},{"label":"44.5","value":"EU 44.5","price":"","pimage":"","pimage_id":"","pthumb":"","color":""},{"label":"45","value":"EU 45","price":"","pimage":"","pimage_id":"","pthumb":"","color":""},{"label":"45.5","value":"EU 45.5","price":"","pimage":"","pimage_id":"","pthumb":"","color":""},{"label":"46","value":"EU 46","price":"","pimage":"","pimage_id":"","pthumb":"","color":""}],"relations":[{"operator":false,"rules":[]}],"form_id":24803,"form_rules":{"pric_cal_option_once":false,"exclude_from_discount":false,"pric_use_as_fee":false,"fee_label":"Fee","render_after_acb":false,"disp_hide_options_price":false}}]},"yoast_head":"<!-- This site is optimized with the Yoast SEO plugin v26.5 - https:\/\/yoast.com\/wordpress\/plugins\/seo\/ -->\n<title>New Balance Shohei Ohtani x 990v6 Made in USA &#039;Ohtani Signature Collection&#039; - TOURCRUISER PTE. LTD<\/title>\n<meta name=\"robots\" content=\"index, follow, max-snippet:-1, max-image-preview:large, max-video-preview:-1\" \/>\n<link rel=\"canonical\" href=\"https:\/\/tourcruiser.com\/fr\/products\/new-balance-shohei-ohtani-x-990v6-made-in-usa-ohtani-signature-collection\/\" \/>\n<meta property=\"og:locale\" content=\"fr_FR\" \/>\n<meta property=\"og:type\" content=\"article\" \/>\n<meta property=\"og:title\" content=\"New Balance Shohei Ohtani x 990v6 Made in USA &#039;Ohtani Signature Collection&#039; - TOURCRUISER PTE. LTD\" \/>\n<meta property=\"og:description\" content=\"New Balance 990v6 \u2014 Navy\/Green\/Cream\" \/>\n<meta property=\"og:url\" content=\"https:\/\/tourcruiser.com\/fr\/products\/new-balance-shohei-ohtani-x-990v6-made-in-usa-ohtani-signature-collection\/\" \/>\n<meta property=\"og:site_name\" content=\"Tourcruiser Sneaker Store\" \/>\n<meta property=\"article:modified_time\" content=\"2026-03-14T11:00:46+00:00\" \/>\n<meta name=\"twitter:card\" content=\"summary_large_image\" \/>\n<meta name=\"twitter:image\" content=\"https:\/\/images.novelship.com\/product\/shohei_ohtani_x_new_balance_990v6_made_in_usa__oht_0_36073.jpeg\" \/>\n<meta name=\"twitter:label1\" content=\"Dur\u00e9e de lecture estim\u00e9e\" \/>\n\t<meta name=\"twitter:data1\" content=\"1 minute\" \/>\n<script type=\"application\/ld+json\" class=\"yoast-schema-graph\">{\"@context\":\"https:\/\/schema.org\",\"@graph\":[{\"@type\":\"WebPage\",\"@id\":\"https:\/\/tourcruiser.com\/fr\/products\/new-balance-shohei-ohtani-x-990v6-made-in-usa-ohtani-signature-collection\/\",\"url\":\"https:\/\/tourcruiser.com\/fr\/products\/new-balance-shohei-ohtani-x-990v6-made-in-usa-ohtani-signature-collection\/\",\"name\":\"New Balance Shohei Ohtani x 990v6 Made in USA 'Ohtani Signature Collection' - TOURCRUISER PTE. LTD\",\"isPartOf\":{\"@id\":\"https:\/\/tourcruiser.com\/fr\/#website\"},\"primaryImageOfPage\":{\"@id\":\"https:\/\/tourcruiser.com\/fr\/products\/new-balance-shohei-ohtani-x-990v6-made-in-usa-ohtani-signature-collection\/#primaryimage\"},\"image\":{\"@id\":\"https:\/\/tourcruiser.com\/fr\/products\/new-balance-shohei-ohtani-x-990v6-made-in-usa-ohtani-signature-collection\/#primaryimage\"},\"thumbnailUrl\":\"https:\/\/images.novelship.com\/product\/shohei_ohtani_x_new_balance_990v6_made_in_usa__oht_0_36073.jpeg\",\"datePublished\":\"2026-02-25T12:24:01+00:00\",\"dateModified\":\"2026-03-14T11:00:46+00:00\",\"breadcrumb\":{\"@id\":\"https:\/\/tourcruiser.com\/fr\/products\/new-balance-shohei-ohtani-x-990v6-made-in-usa-ohtani-signature-collection\/#breadcrumb\"},\"inLanguage\":\"fr-FR\",\"potentialAction\":[{\"@type\":\"ReadAction\",\"target\":[\"https:\/\/tourcruiser.com\/fr\/products\/new-balance-shohei-ohtani-x-990v6-made-in-usa-ohtani-signature-collection\/\"]}]},{\"@type\":\"ImageObject\",\"inLanguage\":\"fr-FR\",\"@id\":\"https:\/\/tourcruiser.com\/fr\/products\/new-balance-shohei-ohtani-x-990v6-made-in-usa-ohtani-signature-collection\/#primaryimage\",\"url\":\"https:\/\/images.novelship.com\/product\/shohei_ohtani_x_new_balance_990v6_made_in_usa__oht_0_36073.jpeg\",\"contentUrl\":\"https:\/\/images.novelship.com\/product\/shohei_ohtani_x_new_balance_990v6_made_in_usa__oht_0_36073.jpeg\"},{\"@type\":\"BreadcrumbList\",\"@id\":\"https:\/\/tourcruiser.com\/fr\/products\/new-balance-shohei-ohtani-x-990v6-made-in-usa-ohtani-signature-collection\/#breadcrumb\",\"itemListElement\":[{\"@type\":\"ListItem\",\"position\":1,\"name\":\"Home\",\"item\":\"https:\/\/tourcruiser.com\/fr\/\"},{\"@type\":\"ListItem\",\"position\":2,\"name\":\"Shop\",\"item\":\"https:\/\/tourcruiser.com\/fr\/shop\/\"},{\"@type\":\"ListItem\",\"position\":3,\"name\":\"New Balance Shohei Ohtani x 990v6 Made in USA 'Ohtani Signature Collection'\"}]},{\"@type\":\"WebSite\",\"@id\":\"https:\/\/tourcruiser.com\/fr\/#website\",\"url\":\"https:\/\/tourcruiser.com\/fr\/\",\"name\":\"Styloral Jewelry Shop\",\"description\":\"Tourcruiser Sneaker Store \u2014 L\u2019endroit o\u00f9 l\u2019univers rencontre votre singularit\u00e9.\",\"publisher\":{\"@id\":\"https:\/\/tourcruiser.com\/fr\/#organization\"},\"potentialAction\":[{\"@type\":\"SearchAction\",\"target\":{\"@type\":\"EntryPoint\",\"urlTemplate\":\"https:\/\/tourcruiser.com\/fr\/?s={search_term_string}\"},\"query-input\":{\"@type\":\"PropertyValueSpecification\",\"valueRequired\":true,\"valueName\":\"search_term_string\"}}],\"inLanguage\":\"fr-FR\"},{\"@type\":\"Organization\",\"@id\":\"https:\/\/tourcruiser.com\/fr\/#organization\",\"name\":\"STYLORAL PTE. LTD\",\"url\":\"https:\/\/tourcruiser.com\/fr\/\",\"logo\":{\"@type\":\"ImageObject\",\"inLanguage\":\"fr-FR\",\"@id\":\"https:\/\/tourcruiser.com\/fr\/#\/schema\/logo\/image\/\",\"url\":\"https:\/\/www.tourcruiser.com\/wp-content\/uploads\/2025\/12\/logo.png\",\"contentUrl\":\"https:\/\/www.tourcruiser.com\/wp-content\/uploads\/2025\/12\/logo.png\",\"width\":200,\"height\":65,\"caption\":\"STYLORAL PTE. LTD\"},\"image\":{\"@id\":\"https:\/\/tourcruiser.com\/fr\/#\/schema\/logo\/image\/\"}}]}<\/script>\n<!-- \/ Yoast SEO plugin. -->","yoast_head_json":{"title":"New Balance Shohei Ohtani x 990v6 Made in USA 'Ohtani Signature Collection' - TOURCRUISER PTE. LTD","robots":{"index":"index","follow":"follow","max-snippet":"max-snippet:-1","max-image-preview":"max-image-preview:large","max-video-preview":"max-video-preview:-1"},"canonical":"https:\/\/tourcruiser.com\/fr\/products\/new-balance-shohei-ohtani-x-990v6-made-in-usa-ohtani-signature-collection\/","og_locale":"fr_FR","og_type":"article","og_title":"New Balance Shohei Ohtani x 990v6 Made in USA 'Ohtani Signature Collection' - TOURCRUISER PTE. LTD","og_description":"New Balance 990v6 \u2014 Navy\/Green\/Cream","og_url":"https:\/\/tourcruiser.com\/fr\/products\/new-balance-shohei-ohtani-x-990v6-made-in-usa-ohtani-signature-collection\/","og_site_name":"Tourcruiser Sneaker Store","article_modified_time":"2026-03-14T11:00:46+00:00","twitter_card":"summary_large_image","twitter_image":"https:\/\/images.novelship.com\/product\/shohei_ohtani_x_new_balance_990v6_made_in_usa__oht_0_36073.jpeg","twitter_misc":{"Dur\u00e9e de lecture estim\u00e9e":"1 minute"},"schema":{"@context":"https:\/\/schema.org","@graph":[{"@type":"WebPage","@id":"https:\/\/tourcruiser.com\/fr\/products\/new-balance-shohei-ohtani-x-990v6-made-in-usa-ohtani-signature-collection\/","url":"https:\/\/tourcruiser.com\/fr\/products\/new-balance-shohei-ohtani-x-990v6-made-in-usa-ohtani-signature-collection\/","name":"New Balance Shohei Ohtani x 990v6 Made in USA 'Ohtani Signature Collection' - TOURCRUISER PTE. LTD","isPartOf":{"@id":"https:\/\/tourcruiser.com\/fr\/#website"},"primaryImageOfPage":{"@id":"https:\/\/tourcruiser.com\/fr\/products\/new-balance-shohei-ohtani-x-990v6-made-in-usa-ohtani-signature-collection\/#primaryimage"},"image":{"@id":"https:\/\/tourcruiser.com\/fr\/products\/new-balance-shohei-ohtani-x-990v6-made-in-usa-ohtani-signature-collection\/#primaryimage"},"thumbnailUrl":"https:\/\/images.novelship.com\/product\/shohei_ohtani_x_new_balance_990v6_made_in_usa__oht_0_36073.jpeg","datePublished":"2026-02-25T12:24:01+00:00","dateModified":"2026-03-14T11:00:46+00:00","breadcrumb":{"@id":"https:\/\/tourcruiser.com\/fr\/products\/new-balance-shohei-ohtani-x-990v6-made-in-usa-ohtani-signature-collection\/#breadcrumb"},"inLanguage":"fr-FR","potentialAction":[{"@type":"ReadAction","target":["https:\/\/tourcruiser.com\/fr\/products\/new-balance-shohei-ohtani-x-990v6-made-in-usa-ohtani-signature-collection\/"]}]},{"@type":"ImageObject","inLanguage":"fr-FR","@id":"https:\/\/tourcruiser.com\/fr\/products\/new-balance-shohei-ohtani-x-990v6-made-in-usa-ohtani-signature-collection\/#primaryimage","url":"https:\/\/images.novelship.com\/product\/shohei_ohtani_x_new_balance_990v6_made_in_usa__oht_0_36073.jpeg","contentUrl":"https:\/\/images.novelship.com\/product\/shohei_ohtani_x_new_balance_990v6_made_in_usa__oht_0_36073.jpeg"},{"@type":"BreadcrumbList","@id":"https:\/\/tourcruiser.com\/fr\/products\/new-balance-shohei-ohtani-x-990v6-made-in-usa-ohtani-signature-collection\/#breadcrumb","itemListElement":[{"@type":"ListItem","position":1,"name":"Home","item":"https:\/\/tourcruiser.com\/fr\/"},{"@type":"ListItem","position":2,"name":"Shop","item":"https:\/\/tourcruiser.com\/fr\/shop\/"},{"@type":"ListItem","position":3,"name":"New Balance Shohei Ohtani x 990v6 Made in USA 'Ohtani Signature Collection'"}]},{"@type":"WebSite","@id":"https:\/\/tourcruiser.com\/fr\/#website","url":"https:\/\/tourcruiser.com\/fr\/","name":"Styloral Jewelry Shop","description":"Tourcruiser Sneaker Store \u2014 L\u2019endroit o\u00f9 l\u2019univers rencontre votre singularit\u00e9.","publisher":{"@id":"https:\/\/tourcruiser.com\/fr\/#organization"},"potentialAction":[{"@type":"SearchAction","target":{"@type":"EntryPoint","urlTemplate":"https:\/\/tourcruiser.com\/fr\/?s={search_term_string}"},"query-input":{"@type":"PropertyValueSpecification","valueRequired":true,"valueName":"search_term_string"}}],"inLanguage":"fr-FR"},{"@type":"Organization","@id":"https:\/\/tourcruiser.com\/fr\/#organization","name":"STYLORAL PTE. LTD","url":"https:\/\/tourcruiser.com\/fr\/","logo":{"@type":"ImageObject","inLanguage":"fr-FR","@id":"https:\/\/tourcruiser.com\/fr\/#\/schema\/logo\/image\/","url":"https:\/\/www.tourcruiser.com\/wp-content\/uploads\/2025\/12\/logo.png","contentUrl":"https:\/\/www.tourcruiser.com\/wp-content\/uploads\/2025\/12\/logo.png","width":200,"height":65,"caption":"STYLORAL PTE. LTD"},"image":{"@id":"https:\/\/tourcruiser.com\/fr\/#\/schema\/logo\/image\/"}}]}},"_links":{"self":[{"href":"https:\/\/tourcruiser.com\/fr\/wp-json\/wp\/v2\/product\/24070","targetHints":{"allow":["GET"]}}],"collection":[{"href":"https:\/\/tourcruiser.com\/fr\/wp-json\/wp\/v2\/product"}],"about":[{"href":"https:\/\/tourcruiser.com\/fr\/wp-json\/wp\/v2\/types\/product"}],"replies":[{"embeddable":true,"href":"https:\/\/tourcruiser.com\/fr\/wp-json\/wp\/v2\/comments?post=24070"}],"wp:featuredmedia":[{"embeddable":true,"href":"https:\/\/tourcruiser.com\/fr\/wp-json\/wp\/v2\/media\/24071"}],"wp:attachment":[{"href":"https:\/\/tourcruiser.com\/fr\/wp-json\/wp\/v2\/media?parent=24070"}],"wp:term":[{"taxonomy":"product_brand","embeddable":true,"href":"https:\/\/tourcruiser.com\/fr\/wp-json\/wp\/v2\/product_brand?post=24070"},{"taxonomy":"product_cat","embeddable":true,"href":"https:\/\/tourcruiser.com\/fr\/wp-json\/wp\/v2\/product_cat?post=24070"},{"taxonomy":"product_tag","embeddable":true,"href":"https:\/\/tourcruiser.com\/fr\/wp-json\/wp\/v2\/product_tag?post=24070"}],"curies":[{"name":"wp","href":"https:\/\/api.w.org\/{rel}","templated":true}]}}