{"id":22846,"date":"2026-02-25T18:43:41","date_gmt":"2026-02-25T11:43:41","guid":{"rendered":"http:\/\/tourcruiser.com\/product\/adidas-wmns-adizero-adios-pro-4-ekiden-pack"},"modified":"2026-03-14T17:52:16","modified_gmt":"2026-03-14T10:52:16","slug":"adidas-wmns-adizero-adios-pro-4-ekiden-pack","status":"publish","type":"product","link":"https:\/\/tourcruiser.com\/fr\/products\/adidas-wmns-adizero-adios-pro-4-ekiden-pack\/","title":{"rendered":"Adidas Wmns Adizero Adios Pro 4 &lsquo;Ekiden Pack&rsquo;"},"content":{"rendered":"<p>D\u00e9couvrez une vitesse et un confort in\u00e9gal\u00e9s avec la chaussure de running Adidas Adizero Adios Pro 4 JR6357, con\u00e7ue pour la performance et les longues distances. Gr\u00e2ce \u00e0 l&rsquo;amorti innovant Lightstrike Pro et \u00e0 la technologie ENERGYRODS, cette chaussure offre un retour d&rsquo;\u00e9nergie et une stabilit\u00e9 exceptionnels pour vos courses les plus exigeantes. L&#8217;empeigne en mesh l\u00e9ger et respirant assure un maintien s\u00fbr et adaptable, r\u00e9duisant les points de pression m\u00eame lors d&rsquo;une utilisation prolong\u00e9e. La semelle ext\u00e9rieure en caoutchouc Continental\u2122 durable et \u00e0 haute adh\u00e9rence garantit une traction optimale sur toutes les surfaces, pour une confiance totale \u00e0 chaque allure. Id\u00e9ale pour les marathoniens et les athl\u00e8tes ambitieux, cette chaussure allie un design innovant \u00e0 une fabrication de pr\u00e9cision pour vous aider \u00e0 atteindre vos objectifs. L\u00e0 o\u00f9 performance et innovation se rencontrent\u00a0: passez \u00e0 la vitesse sup\u00e9rieure en course \u00e0 pied.<\/p>\n<ul>\n<li><strong>Coloris\u00a0:<\/strong> Gris Deux\/Rouge Lucide\/Gris<\/li>\n<li><strong>Code article\u00a0:<\/strong> JR6357<\/li>\n<li><strong>Tige\u00a0:<\/strong> LIGHTLOCK<\/li>\n<li><strong>Semelle interm\u00e9diaire\u00a0:<\/strong> Lightstrike Pro<\/li>\n<li><strong>Couleur\u00a0:<\/strong> Gris<\/li>\n<\/ul>\n","protected":false},"excerpt":{"rendered":"<p>adidas Adizero Adios Pro 4 \u2014 Grey Two\/Lucid Red\/Grey<\/p>\n","protected":false},"featured_media":22847,"comment_status":"open","ping_status":"closed","template":"","meta":[],"product_brand":[],"product_cat":[9215],"product_tag":[10382],"class_list":{"0":"post-22846","1":"product","2":"type-product","3":"status-publish","4":"has-post-thumbnail","6":"product_cat-adidas-2026","7":"product_tag-10382","8":"wcpa_has_options","10":"first","11":"instock","12":"taxable","13":"shipping-taxable","14":"purchasable","15":"product-type-simple"},"wcpa_form_fields":{"rules":{"pric_overide_base_price":false,"pric_overide_base_price_if_gt_zero":false,"pric_overide_base_price_fully":false,"pric_cal_option_once":false,"pric_use_as_fee":false,"bind_quantity":false,"quantity_bind_formula":false},"fields":[{"type":"color-group","required":true,"elementId":"wcpa-color-group-66c4a7f817afe","label":"Taille","inline":true,"priceOptions":"different_for_all","pricingType":"fixed","className":"hassizechart product-shoes-size-eu product-shoes-size","name":"color-group-66c4a7f817b18","disp_type":"square","selection_type":"tick-border","disp_size":"50","show_label_inside":true,"adjust_width":true,"cart_display_type":"text","other_text":"Other","cl_rule":"show","col":6,"values":[{"label":"35","value":"EU 35","price":"","pimage":"","pimage_id":"","pthumb":"","color":""},{"label":"35.5","value":"EU 35.5","price":"","pimage":"","pimage_id":"","pthumb":"","color":""},{"label":"36","value":"EU 36","price":"","pimage":"","pimage_id":"","pthumb":"","color":"","selected":true},{"label":"36 2\/3","value":"EU 36 2\/3","price":"","pimage":"","pimage_id":"","pthumb":"","color":""},{"label":"37 1\/3","value":"EU 37 1\/3","price":"","pimage":"","pimage_id":"","pthumb":"","color":""},{"label":"38","value":"EU 38","price":"","pimage":"","pimage_id":"","pthumb":"","color":""},{"label":"38 2\/3","value":"EU 38 2\/3","price":"","pimage":"","pimage_id":"","pthumb":"","color":""},{"label":"39 1\/3","value":"EU 39 1\/3","price":"","pimage":"","pimage_id":"","pthumb":"","color":""},{"label":"40","value":"EU 40","price":"","pimage":"","pimage_id":"","pthumb":"","color":""},{"label":"40 2\/3","value":"EU 40 2\/3","price":"","pimage":"","pimage_id":"","pthumb":"","color":""},{"label":"41 1\/3","value":"EU 41 1\/3","price":"","pimage":"","pimage_id":"","pthumb":"","color":""},{"label":"42","value":"EU 42","price":"","pimage":"","pimage_id":"","pthumb":"","color":""},{"label":"42 2\/3","value":"EU 42 2\/3","price":"","pimage":"","pimage_id":"","pthumb":"","color":""},{"label":"43 1\/3","value":"EU 43 1\/3","price":"","pimage":"","pimage_id":"","pthumb":"","color":""},{"label":"44","value":"EU 44","price":"","pimage":"","pimage_id":"","pthumb":"","color":""},{"label":"44 2\/3","value":"EU 44 2\/3","price":"","pimage":"","pimage_id":"","pthumb":"","color":""},{"label":"45 1\/3","value":"EU 45 1\/3","price":"","pimage":"","pimage_id":"","pthumb":"","color":""},{"label":"46","value":"EU 46","price":"","pimage":"","pimage_id":"","pthumb":"","color":""},{"label":"46 2\/3","value":"EU 46 2\/3","price":"","pimage":"","pimage_id":"","pthumb":"","color":""},{"label":"47 1\/3","value":"EU 47 1\/3","price":"","pimage":"","pimage_id":"","pthumb":"","color":""}],"relations":[{"operator":false,"rules":[]}],"form_id":24802,"form_rules":{"pric_cal_option_once":false,"exclude_from_discount":false,"pric_use_as_fee":false,"fee_label":"Fee","render_after_acb":false,"disp_hide_options_price":false}}]},"yoast_head":"<!-- This site is optimized with the Yoast SEO plugin v26.5 - https:\/\/yoast.com\/wordpress\/plugins\/seo\/ -->\n<title>Adidas Wmns Adizero Adios Pro 4 &#039;Ekiden Pack&#039; - TOURCRUISER PTE. LTD<\/title>\n<meta name=\"robots\" content=\"index, follow, max-snippet:-1, max-image-preview:large, max-video-preview:-1\" \/>\n<link rel=\"canonical\" href=\"https:\/\/tourcruiser.com\/fr\/products\/adidas-wmns-adizero-adios-pro-4-ekiden-pack\/\" \/>\n<meta property=\"og:locale\" content=\"fr_FR\" \/>\n<meta property=\"og:type\" content=\"article\" \/>\n<meta property=\"og:title\" content=\"Adidas Wmns Adizero Adios Pro 4 &#039;Ekiden Pack&#039; - TOURCRUISER PTE. LTD\" \/>\n<meta property=\"og:description\" content=\"adidas Adizero Adios Pro 4 \u2014 Grey Two\/Lucid Red\/Grey\" \/>\n<meta property=\"og:url\" content=\"https:\/\/tourcruiser.com\/fr\/products\/adidas-wmns-adizero-adios-pro-4-ekiden-pack\/\" \/>\n<meta property=\"og:site_name\" content=\"Tourcruiser Sneaker Store\" \/>\n<meta property=\"article:modified_time\" content=\"2026-03-14T10:52:16+00:00\" \/>\n<meta name=\"twitter:card\" content=\"summary_large_image\" \/>\n<meta name=\"twitter:image\" content=\"https:\/\/images.novelship.com\/product\/_w__adidas_adizero_adios_pro_4_running_shoes_jr635_0_53979.jpeg\" \/>\n<meta name=\"twitter:label1\" content=\"Dur\u00e9e de lecture estim\u00e9e\" \/>\n\t<meta name=\"twitter:data1\" content=\"1 minute\" \/>\n<script type=\"application\/ld+json\" class=\"yoast-schema-graph\">{\"@context\":\"https:\/\/schema.org\",\"@graph\":[{\"@type\":\"WebPage\",\"@id\":\"https:\/\/tourcruiser.com\/fr\/products\/adidas-wmns-adizero-adios-pro-4-ekiden-pack\/\",\"url\":\"https:\/\/tourcruiser.com\/fr\/products\/adidas-wmns-adizero-adios-pro-4-ekiden-pack\/\",\"name\":\"Adidas Wmns Adizero Adios Pro 4 'Ekiden Pack' - TOURCRUISER PTE. LTD\",\"isPartOf\":{\"@id\":\"https:\/\/tourcruiser.com\/fr\/#website\"},\"primaryImageOfPage\":{\"@id\":\"https:\/\/tourcruiser.com\/fr\/products\/adidas-wmns-adizero-adios-pro-4-ekiden-pack\/#primaryimage\"},\"image\":{\"@id\":\"https:\/\/tourcruiser.com\/fr\/products\/adidas-wmns-adizero-adios-pro-4-ekiden-pack\/#primaryimage\"},\"thumbnailUrl\":\"https:\/\/images.novelship.com\/product\/_w__adidas_adizero_adios_pro_4_running_shoes_jr635_0_53979.jpeg\",\"datePublished\":\"2026-02-25T11:43:41+00:00\",\"dateModified\":\"2026-03-14T10:52:16+00:00\",\"breadcrumb\":{\"@id\":\"https:\/\/tourcruiser.com\/fr\/products\/adidas-wmns-adizero-adios-pro-4-ekiden-pack\/#breadcrumb\"},\"inLanguage\":\"fr-FR\",\"potentialAction\":[{\"@type\":\"ReadAction\",\"target\":[\"https:\/\/tourcruiser.com\/fr\/products\/adidas-wmns-adizero-adios-pro-4-ekiden-pack\/\"]}]},{\"@type\":\"ImageObject\",\"inLanguage\":\"fr-FR\",\"@id\":\"https:\/\/tourcruiser.com\/fr\/products\/adidas-wmns-adizero-adios-pro-4-ekiden-pack\/#primaryimage\",\"url\":\"https:\/\/images.novelship.com\/product\/_w__adidas_adizero_adios_pro_4_running_shoes_jr635_0_53979.jpeg\",\"contentUrl\":\"https:\/\/images.novelship.com\/product\/_w__adidas_adizero_adios_pro_4_running_shoes_jr635_0_53979.jpeg\"},{\"@type\":\"BreadcrumbList\",\"@id\":\"https:\/\/tourcruiser.com\/fr\/products\/adidas-wmns-adizero-adios-pro-4-ekiden-pack\/#breadcrumb\",\"itemListElement\":[{\"@type\":\"ListItem\",\"position\":1,\"name\":\"Home\",\"item\":\"https:\/\/tourcruiser.com\/fr\/\"},{\"@type\":\"ListItem\",\"position\":2,\"name\":\"Shop\",\"item\":\"https:\/\/tourcruiser.com\/fr\/shop\/\"},{\"@type\":\"ListItem\",\"position\":3,\"name\":\"Adidas Wmns Adizero Adios Pro 4 'Ekiden Pack'\"}]},{\"@type\":\"WebSite\",\"@id\":\"https:\/\/tourcruiser.com\/fr\/#website\",\"url\":\"https:\/\/tourcruiser.com\/fr\/\",\"name\":\"Styloral Jewelry Shop\",\"description\":\"Tourcruiser Sneaker Store \u2014 L\u2019endroit o\u00f9 l\u2019univers rencontre votre singularit\u00e9.\",\"publisher\":{\"@id\":\"https:\/\/tourcruiser.com\/fr\/#organization\"},\"potentialAction\":[{\"@type\":\"SearchAction\",\"target\":{\"@type\":\"EntryPoint\",\"urlTemplate\":\"https:\/\/tourcruiser.com\/fr\/?s={search_term_string}\"},\"query-input\":{\"@type\":\"PropertyValueSpecification\",\"valueRequired\":true,\"valueName\":\"search_term_string\"}}],\"inLanguage\":\"fr-FR\"},{\"@type\":\"Organization\",\"@id\":\"https:\/\/tourcruiser.com\/fr\/#organization\",\"name\":\"STYLORAL PTE. LTD\",\"url\":\"https:\/\/tourcruiser.com\/fr\/\",\"logo\":{\"@type\":\"ImageObject\",\"inLanguage\":\"fr-FR\",\"@id\":\"https:\/\/tourcruiser.com\/fr\/#\/schema\/logo\/image\/\",\"url\":\"https:\/\/www.tourcruiser.com\/wp-content\/uploads\/2025\/12\/logo.png\",\"contentUrl\":\"https:\/\/www.tourcruiser.com\/wp-content\/uploads\/2025\/12\/logo.png\",\"width\":200,\"height\":65,\"caption\":\"STYLORAL PTE. LTD\"},\"image\":{\"@id\":\"https:\/\/tourcruiser.com\/fr\/#\/schema\/logo\/image\/\"}}]}<\/script>\n<!-- \/ Yoast SEO plugin. -->","yoast_head_json":{"title":"Adidas Wmns Adizero Adios Pro 4 'Ekiden Pack' - TOURCRUISER PTE. LTD","robots":{"index":"index","follow":"follow","max-snippet":"max-snippet:-1","max-image-preview":"max-image-preview:large","max-video-preview":"max-video-preview:-1"},"canonical":"https:\/\/tourcruiser.com\/fr\/products\/adidas-wmns-adizero-adios-pro-4-ekiden-pack\/","og_locale":"fr_FR","og_type":"article","og_title":"Adidas Wmns Adizero Adios Pro 4 'Ekiden Pack' - TOURCRUISER PTE. LTD","og_description":"adidas Adizero Adios Pro 4 \u2014 Grey Two\/Lucid Red\/Grey","og_url":"https:\/\/tourcruiser.com\/fr\/products\/adidas-wmns-adizero-adios-pro-4-ekiden-pack\/","og_site_name":"Tourcruiser Sneaker Store","article_modified_time":"2026-03-14T10:52:16+00:00","twitter_card":"summary_large_image","twitter_image":"https:\/\/images.novelship.com\/product\/_w__adidas_adizero_adios_pro_4_running_shoes_jr635_0_53979.jpeg","twitter_misc":{"Dur\u00e9e de lecture estim\u00e9e":"1 minute"},"schema":{"@context":"https:\/\/schema.org","@graph":[{"@type":"WebPage","@id":"https:\/\/tourcruiser.com\/fr\/products\/adidas-wmns-adizero-adios-pro-4-ekiden-pack\/","url":"https:\/\/tourcruiser.com\/fr\/products\/adidas-wmns-adizero-adios-pro-4-ekiden-pack\/","name":"Adidas Wmns Adizero Adios Pro 4 'Ekiden Pack' - TOURCRUISER PTE. LTD","isPartOf":{"@id":"https:\/\/tourcruiser.com\/fr\/#website"},"primaryImageOfPage":{"@id":"https:\/\/tourcruiser.com\/fr\/products\/adidas-wmns-adizero-adios-pro-4-ekiden-pack\/#primaryimage"},"image":{"@id":"https:\/\/tourcruiser.com\/fr\/products\/adidas-wmns-adizero-adios-pro-4-ekiden-pack\/#primaryimage"},"thumbnailUrl":"https:\/\/images.novelship.com\/product\/_w__adidas_adizero_adios_pro_4_running_shoes_jr635_0_53979.jpeg","datePublished":"2026-02-25T11:43:41+00:00","dateModified":"2026-03-14T10:52:16+00:00","breadcrumb":{"@id":"https:\/\/tourcruiser.com\/fr\/products\/adidas-wmns-adizero-adios-pro-4-ekiden-pack\/#breadcrumb"},"inLanguage":"fr-FR","potentialAction":[{"@type":"ReadAction","target":["https:\/\/tourcruiser.com\/fr\/products\/adidas-wmns-adizero-adios-pro-4-ekiden-pack\/"]}]},{"@type":"ImageObject","inLanguage":"fr-FR","@id":"https:\/\/tourcruiser.com\/fr\/products\/adidas-wmns-adizero-adios-pro-4-ekiden-pack\/#primaryimage","url":"https:\/\/images.novelship.com\/product\/_w__adidas_adizero_adios_pro_4_running_shoes_jr635_0_53979.jpeg","contentUrl":"https:\/\/images.novelship.com\/product\/_w__adidas_adizero_adios_pro_4_running_shoes_jr635_0_53979.jpeg"},{"@type":"BreadcrumbList","@id":"https:\/\/tourcruiser.com\/fr\/products\/adidas-wmns-adizero-adios-pro-4-ekiden-pack\/#breadcrumb","itemListElement":[{"@type":"ListItem","position":1,"name":"Home","item":"https:\/\/tourcruiser.com\/fr\/"},{"@type":"ListItem","position":2,"name":"Shop","item":"https:\/\/tourcruiser.com\/fr\/shop\/"},{"@type":"ListItem","position":3,"name":"Adidas Wmns Adizero Adios Pro 4 'Ekiden Pack'"}]},{"@type":"WebSite","@id":"https:\/\/tourcruiser.com\/fr\/#website","url":"https:\/\/tourcruiser.com\/fr\/","name":"Styloral Jewelry Shop","description":"Tourcruiser Sneaker Store \u2014 L\u2019endroit o\u00f9 l\u2019univers rencontre votre singularit\u00e9.","publisher":{"@id":"https:\/\/tourcruiser.com\/fr\/#organization"},"potentialAction":[{"@type":"SearchAction","target":{"@type":"EntryPoint","urlTemplate":"https:\/\/tourcruiser.com\/fr\/?s={search_term_string}"},"query-input":{"@type":"PropertyValueSpecification","valueRequired":true,"valueName":"search_term_string"}}],"inLanguage":"fr-FR"},{"@type":"Organization","@id":"https:\/\/tourcruiser.com\/fr\/#organization","name":"STYLORAL PTE. LTD","url":"https:\/\/tourcruiser.com\/fr\/","logo":{"@type":"ImageObject","inLanguage":"fr-FR","@id":"https:\/\/tourcruiser.com\/fr\/#\/schema\/logo\/image\/","url":"https:\/\/www.tourcruiser.com\/wp-content\/uploads\/2025\/12\/logo.png","contentUrl":"https:\/\/www.tourcruiser.com\/wp-content\/uploads\/2025\/12\/logo.png","width":200,"height":65,"caption":"STYLORAL PTE. LTD"},"image":{"@id":"https:\/\/tourcruiser.com\/fr\/#\/schema\/logo\/image\/"}}]}},"_links":{"self":[{"href":"https:\/\/tourcruiser.com\/fr\/wp-json\/wp\/v2\/product\/22846","targetHints":{"allow":["GET"]}}],"collection":[{"href":"https:\/\/tourcruiser.com\/fr\/wp-json\/wp\/v2\/product"}],"about":[{"href":"https:\/\/tourcruiser.com\/fr\/wp-json\/wp\/v2\/types\/product"}],"replies":[{"embeddable":true,"href":"https:\/\/tourcruiser.com\/fr\/wp-json\/wp\/v2\/comments?post=22846"}],"wp:featuredmedia":[{"embeddable":true,"href":"https:\/\/tourcruiser.com\/fr\/wp-json\/wp\/v2\/media\/22847"}],"wp:attachment":[{"href":"https:\/\/tourcruiser.com\/fr\/wp-json\/wp\/v2\/media?parent=22846"}],"wp:term":[{"taxonomy":"product_brand","embeddable":true,"href":"https:\/\/tourcruiser.com\/fr\/wp-json\/wp\/v2\/product_brand?post=22846"},{"taxonomy":"product_cat","embeddable":true,"href":"https:\/\/tourcruiser.com\/fr\/wp-json\/wp\/v2\/product_cat?post=22846"},{"taxonomy":"product_tag","embeddable":true,"href":"https:\/\/tourcruiser.com\/fr\/wp-json\/wp\/v2\/product_tag?post=22846"}],"curies":[{"name":"wp","href":"https:\/\/api.w.org\/{rel}","templated":true}]}}