{"id":22531,"date":"2026-02-25T18:36:59","date_gmt":"2026-02-25T11:36:59","guid":{"rendered":"http:\/\/tourcruiser.com\/product\/adidas-mercedes-amg-petronas-formula-one-team-x-adi-racer-high-semi-mint-rush"},"modified":"2026-03-14T17:58:24","modified_gmt":"2026-03-14T10:58:24","slug":"adidas-mercedes-amg-petronas-formula-one-team-x-adi-racer-high-semi-mint-rush","status":"publish","type":"product","link":"https:\/\/tourcruiser.com\/fr\/products\/adidas-mercedes-amg-petronas-formula-one-team-x-adi-racer-high-semi-mint-rush\/","title":{"rendered":"Adidas Mercedes-AMG Petronas Formula One Team x Adi Racer High &lsquo;Semi Mint Rush&rsquo;"},"content":{"rendered":"<p>Affirmez votre style et vos performances avec les baskets montantes Mercedes-AMG Petronas F1 Team Adiracer JQ1779 \u2013 une alliance parfaite entre design innovant et performances issues du sport automobile. Con\u00e7ues pour un confort et une durabilit\u00e9 exceptionnels, ces baskets hautes performances arborent une silhouette \u00e9l\u00e9gante, confectionn\u00e9e \u00e0 partir de mat\u00e9riaux haut de gamme, garantissant un confort durable et une touche de sophistication moderne. Fruit d&rsquo;une collaboration avec la l\u00e9gendaire \u00e9curie de Formule 1, les baskets montantes Adiracer sont orn\u00e9es du logo Mercedes-AMG Petronas, soulignant votre passion pour la vitesse et la pr\u00e9cision. L\u00e9g\u00e8res et confortables, elles sont dot\u00e9es d&rsquo;une semelle int\u00e9rieure rembourr\u00e9e et d&rsquo;une semelle ext\u00e9rieure antid\u00e9rapante pour une adh\u00e9rence optimale \u2013 id\u00e9ales pour un style de vie actif et d\u00e9contract\u00e9. Des d\u00e9tails de design saisissants, des logos de l&rsquo;\u00e9curie aux accents de couleurs dynamiques, font de ces baskets une pi\u00e8ce ma\u00eetresse de toute garde-robe. En ville ou pour encourager vos pilotes de F1 pr\u00e9f\u00e9r\u00e9s, les baskets montantes Adiracer vous offrent des performances et un style incomparables. Ces baskets en \u00e9dition limit\u00e9e sont parfaites pour les passionn\u00e9s de sport automobile et les collectionneurs de sneakers, incarnant l&rsquo;esprit d&rsquo;innovation et d&rsquo;excellence qui caract\u00e9rise Mercedes-AMG Petronas. Alliant mode, confort et sensations fortes du sport automobile, ces chaussures embl\u00e9matiques vous propulsent dans la course et vous permettent d&rsquo;affirmer votre style en toutes circonstances. Coloris\u00a0: Vert menthe\/Noir\/Argent m\u00e9tallis\u00e9. R\u00e9f\u00e9rence\u00a0: JQ1779. Mati\u00e8re ext\u00e9rieure\u00a0: Nylon. Couleur\u00a0: Turquoise.<\/p>\n","protected":false},"excerpt":{"rendered":"<p>adidas Adiracer High \u2014 Semi Mint Rush\/Core Black\/Silver Metallic<\/p>\n","protected":false},"featured_media":22532,"comment_status":"open","ping_status":"closed","template":"","meta":[],"product_brand":[],"product_cat":[9215],"product_tag":[10308],"class_list":{"0":"post-22531","1":"product","2":"type-product","3":"status-publish","4":"has-post-thumbnail","6":"product_cat-adidas-2026","7":"product_tag-10308","8":"wcpa_has_options","10":"first","11":"instock","12":"taxable","13":"shipping-taxable","14":"purchasable","15":"product-type-simple"},"wcpa_form_fields":{"rules":{"pric_overide_base_price":false,"pric_overide_base_price_if_gt_zero":false,"pric_overide_base_price_fully":false,"pric_cal_option_once":false,"pric_use_as_fee":false,"bind_quantity":false,"quantity_bind_formula":false},"fields":[{"type":"color-group","required":true,"elementId":"wcpa-color-group-66c4a7f817afe","label":"Taille","inline":true,"priceOptions":"different_for_all","pricingType":"fixed","className":"hassizechart product-shoes-size-eu product-shoes-size","name":"color-group-66c4a7f817b18","disp_type":"square","selection_type":"tick-border","disp_size":"50","show_label_inside":true,"adjust_width":true,"cart_display_type":"text","other_text":"Other","cl_rule":"show","col":6,"values":[{"label":"35","value":"EU 35","price":"","pimage":"","pimage_id":"","pthumb":"","color":""},{"label":"35.5","value":"EU 35.5","price":"","pimage":"","pimage_id":"","pthumb":"","color":""},{"label":"36","value":"EU 36","price":"","pimage":"","pimage_id":"","pthumb":"","color":"","selected":true},{"label":"36 2\/3","value":"EU 36 2\/3","price":"","pimage":"","pimage_id":"","pthumb":"","color":""},{"label":"37 1\/3","value":"EU 37 1\/3","price":"","pimage":"","pimage_id":"","pthumb":"","color":""},{"label":"38","value":"EU 38","price":"","pimage":"","pimage_id":"","pthumb":"","color":""},{"label":"38 2\/3","value":"EU 38 2\/3","price":"","pimage":"","pimage_id":"","pthumb":"","color":""},{"label":"39 1\/3","value":"EU 39 1\/3","price":"","pimage":"","pimage_id":"","pthumb":"","color":""},{"label":"40","value":"EU 40","price":"","pimage":"","pimage_id":"","pthumb":"","color":""},{"label":"40 2\/3","value":"EU 40 2\/3","price":"","pimage":"","pimage_id":"","pthumb":"","color":""},{"label":"41 1\/3","value":"EU 41 1\/3","price":"","pimage":"","pimage_id":"","pthumb":"","color":""},{"label":"42","value":"EU 42","price":"","pimage":"","pimage_id":"","pthumb":"","color":""},{"label":"42 2\/3","value":"EU 42 2\/3","price":"","pimage":"","pimage_id":"","pthumb":"","color":""},{"label":"43 1\/3","value":"EU 43 1\/3","price":"","pimage":"","pimage_id":"","pthumb":"","color":""},{"label":"44","value":"EU 44","price":"","pimage":"","pimage_id":"","pthumb":"","color":""},{"label":"44 2\/3","value":"EU 44 2\/3","price":"","pimage":"","pimage_id":"","pthumb":"","color":""},{"label":"45 1\/3","value":"EU 45 1\/3","price":"","pimage":"","pimage_id":"","pthumb":"","color":""},{"label":"46","value":"EU 46","price":"","pimage":"","pimage_id":"","pthumb":"","color":""},{"label":"46 2\/3","value":"EU 46 2\/3","price":"","pimage":"","pimage_id":"","pthumb":"","color":""},{"label":"47 1\/3","value":"EU 47 1\/3","price":"","pimage":"","pimage_id":"","pthumb":"","color":""}],"relations":[{"operator":false,"rules":[]}],"form_id":24802,"form_rules":{"pric_cal_option_once":false,"exclude_from_discount":false,"pric_use_as_fee":false,"fee_label":"Fee","render_after_acb":false,"disp_hide_options_price":false}}]},"yoast_head":"<!-- This site is optimized with the Yoast SEO plugin v26.5 - https:\/\/yoast.com\/wordpress\/plugins\/seo\/ -->\n<title>Adidas Mercedes-AMG Petronas Formula One Team x Adi Racer High &#039;Semi Mint Rush&#039; - TOURCRUISER PTE. LTD<\/title>\n<meta name=\"robots\" content=\"index, follow, max-snippet:-1, max-image-preview:large, max-video-preview:-1\" \/>\n<link rel=\"canonical\" href=\"https:\/\/tourcruiser.com\/fr\/products\/adidas-mercedes-amg-petronas-formula-one-team-x-adi-racer-high-semi-mint-rush\/\" \/>\n<meta property=\"og:locale\" content=\"fr_FR\" \/>\n<meta property=\"og:type\" content=\"article\" \/>\n<meta property=\"og:title\" content=\"Adidas Mercedes-AMG Petronas Formula One Team x Adi Racer High &#039;Semi Mint Rush&#039; - TOURCRUISER PTE. LTD\" \/>\n<meta property=\"og:description\" content=\"adidas Adiracer High \u2014 Semi Mint Rush\/Core Black\/Silver Metallic\" \/>\n<meta property=\"og:url\" content=\"https:\/\/tourcruiser.com\/fr\/products\/adidas-mercedes-amg-petronas-formula-one-team-x-adi-racer-high-semi-mint-rush\/\" \/>\n<meta property=\"og:site_name\" content=\"Tourcruiser Sneaker Store\" \/>\n<meta property=\"article:modified_time\" content=\"2026-03-14T10:58:24+00:00\" \/>\n<meta name=\"twitter:card\" content=\"summary_large_image\" \/>\n<meta name=\"twitter:image\" content=\"https:\/\/images.novelship.com\/product\/mercedes-amg_petronas_f1_team_adiracer_high_sneake_0_5803.jpeg\" \/>\n<meta name=\"twitter:label1\" content=\"Dur\u00e9e de lecture estim\u00e9e\" \/>\n\t<meta name=\"twitter:data1\" content=\"1 minute\" \/>\n<script type=\"application\/ld+json\" class=\"yoast-schema-graph\">{\"@context\":\"https:\/\/schema.org\",\"@graph\":[{\"@type\":\"WebPage\",\"@id\":\"https:\/\/tourcruiser.com\/fr\/products\/adidas-mercedes-amg-petronas-formula-one-team-x-adi-racer-high-semi-mint-rush\/\",\"url\":\"https:\/\/tourcruiser.com\/fr\/products\/adidas-mercedes-amg-petronas-formula-one-team-x-adi-racer-high-semi-mint-rush\/\",\"name\":\"Adidas Mercedes-AMG Petronas Formula One Team x Adi Racer High 'Semi Mint Rush' - TOURCRUISER PTE. LTD\",\"isPartOf\":{\"@id\":\"https:\/\/tourcruiser.com\/fr\/#website\"},\"primaryImageOfPage\":{\"@id\":\"https:\/\/tourcruiser.com\/fr\/products\/adidas-mercedes-amg-petronas-formula-one-team-x-adi-racer-high-semi-mint-rush\/#primaryimage\"},\"image\":{\"@id\":\"https:\/\/tourcruiser.com\/fr\/products\/adidas-mercedes-amg-petronas-formula-one-team-x-adi-racer-high-semi-mint-rush\/#primaryimage\"},\"thumbnailUrl\":\"https:\/\/images.novelship.com\/product\/mercedes-amg_petronas_f1_team_adiracer_high_sneake_0_5803.jpeg\",\"datePublished\":\"2026-02-25T11:36:59+00:00\",\"dateModified\":\"2026-03-14T10:58:24+00:00\",\"breadcrumb\":{\"@id\":\"https:\/\/tourcruiser.com\/fr\/products\/adidas-mercedes-amg-petronas-formula-one-team-x-adi-racer-high-semi-mint-rush\/#breadcrumb\"},\"inLanguage\":\"fr-FR\",\"potentialAction\":[{\"@type\":\"ReadAction\",\"target\":[\"https:\/\/tourcruiser.com\/fr\/products\/adidas-mercedes-amg-petronas-formula-one-team-x-adi-racer-high-semi-mint-rush\/\"]}]},{\"@type\":\"ImageObject\",\"inLanguage\":\"fr-FR\",\"@id\":\"https:\/\/tourcruiser.com\/fr\/products\/adidas-mercedes-amg-petronas-formula-one-team-x-adi-racer-high-semi-mint-rush\/#primaryimage\",\"url\":\"https:\/\/images.novelship.com\/product\/mercedes-amg_petronas_f1_team_adiracer_high_sneake_0_5803.jpeg\",\"contentUrl\":\"https:\/\/images.novelship.com\/product\/mercedes-amg_petronas_f1_team_adiracer_high_sneake_0_5803.jpeg\"},{\"@type\":\"BreadcrumbList\",\"@id\":\"https:\/\/tourcruiser.com\/fr\/products\/adidas-mercedes-amg-petronas-formula-one-team-x-adi-racer-high-semi-mint-rush\/#breadcrumb\",\"itemListElement\":[{\"@type\":\"ListItem\",\"position\":1,\"name\":\"Home\",\"item\":\"https:\/\/tourcruiser.com\/fr\/\"},{\"@type\":\"ListItem\",\"position\":2,\"name\":\"Shop\",\"item\":\"https:\/\/tourcruiser.com\/fr\/shop\/\"},{\"@type\":\"ListItem\",\"position\":3,\"name\":\"Adidas Mercedes-AMG Petronas Formula One Team x Adi Racer High 'Semi Mint Rush'\"}]},{\"@type\":\"WebSite\",\"@id\":\"https:\/\/tourcruiser.com\/fr\/#website\",\"url\":\"https:\/\/tourcruiser.com\/fr\/\",\"name\":\"Styloral Jewelry Shop\",\"description\":\"Tourcruiser Sneaker Store \u2014 L\u2019endroit o\u00f9 l\u2019univers rencontre votre singularit\u00e9.\",\"publisher\":{\"@id\":\"https:\/\/tourcruiser.com\/fr\/#organization\"},\"potentialAction\":[{\"@type\":\"SearchAction\",\"target\":{\"@type\":\"EntryPoint\",\"urlTemplate\":\"https:\/\/tourcruiser.com\/fr\/?s={search_term_string}\"},\"query-input\":{\"@type\":\"PropertyValueSpecification\",\"valueRequired\":true,\"valueName\":\"search_term_string\"}}],\"inLanguage\":\"fr-FR\"},{\"@type\":\"Organization\",\"@id\":\"https:\/\/tourcruiser.com\/fr\/#organization\",\"name\":\"STYLORAL PTE. LTD\",\"url\":\"https:\/\/tourcruiser.com\/fr\/\",\"logo\":{\"@type\":\"ImageObject\",\"inLanguage\":\"fr-FR\",\"@id\":\"https:\/\/tourcruiser.com\/fr\/#\/schema\/logo\/image\/\",\"url\":\"https:\/\/www.tourcruiser.com\/wp-content\/uploads\/2025\/12\/logo.png\",\"contentUrl\":\"https:\/\/www.tourcruiser.com\/wp-content\/uploads\/2025\/12\/logo.png\",\"width\":200,\"height\":65,\"caption\":\"STYLORAL PTE. LTD\"},\"image\":{\"@id\":\"https:\/\/tourcruiser.com\/fr\/#\/schema\/logo\/image\/\"}}]}<\/script>\n<!-- \/ Yoast SEO plugin. -->","yoast_head_json":{"title":"Adidas Mercedes-AMG Petronas Formula One Team x Adi Racer High 'Semi Mint Rush' - TOURCRUISER PTE. LTD","robots":{"index":"index","follow":"follow","max-snippet":"max-snippet:-1","max-image-preview":"max-image-preview:large","max-video-preview":"max-video-preview:-1"},"canonical":"https:\/\/tourcruiser.com\/fr\/products\/adidas-mercedes-amg-petronas-formula-one-team-x-adi-racer-high-semi-mint-rush\/","og_locale":"fr_FR","og_type":"article","og_title":"Adidas Mercedes-AMG Petronas Formula One Team x Adi Racer High 'Semi Mint Rush' - TOURCRUISER PTE. LTD","og_description":"adidas Adiracer High \u2014 Semi Mint Rush\/Core Black\/Silver Metallic","og_url":"https:\/\/tourcruiser.com\/fr\/products\/adidas-mercedes-amg-petronas-formula-one-team-x-adi-racer-high-semi-mint-rush\/","og_site_name":"Tourcruiser Sneaker Store","article_modified_time":"2026-03-14T10:58:24+00:00","twitter_card":"summary_large_image","twitter_image":"https:\/\/images.novelship.com\/product\/mercedes-amg_petronas_f1_team_adiracer_high_sneake_0_5803.jpeg","twitter_misc":{"Dur\u00e9e de lecture estim\u00e9e":"1 minute"},"schema":{"@context":"https:\/\/schema.org","@graph":[{"@type":"WebPage","@id":"https:\/\/tourcruiser.com\/fr\/products\/adidas-mercedes-amg-petronas-formula-one-team-x-adi-racer-high-semi-mint-rush\/","url":"https:\/\/tourcruiser.com\/fr\/products\/adidas-mercedes-amg-petronas-formula-one-team-x-adi-racer-high-semi-mint-rush\/","name":"Adidas Mercedes-AMG Petronas Formula One Team x Adi Racer High 'Semi Mint Rush' - TOURCRUISER PTE. LTD","isPartOf":{"@id":"https:\/\/tourcruiser.com\/fr\/#website"},"primaryImageOfPage":{"@id":"https:\/\/tourcruiser.com\/fr\/products\/adidas-mercedes-amg-petronas-formula-one-team-x-adi-racer-high-semi-mint-rush\/#primaryimage"},"image":{"@id":"https:\/\/tourcruiser.com\/fr\/products\/adidas-mercedes-amg-petronas-formula-one-team-x-adi-racer-high-semi-mint-rush\/#primaryimage"},"thumbnailUrl":"https:\/\/images.novelship.com\/product\/mercedes-amg_petronas_f1_team_adiracer_high_sneake_0_5803.jpeg","datePublished":"2026-02-25T11:36:59+00:00","dateModified":"2026-03-14T10:58:24+00:00","breadcrumb":{"@id":"https:\/\/tourcruiser.com\/fr\/products\/adidas-mercedes-amg-petronas-formula-one-team-x-adi-racer-high-semi-mint-rush\/#breadcrumb"},"inLanguage":"fr-FR","potentialAction":[{"@type":"ReadAction","target":["https:\/\/tourcruiser.com\/fr\/products\/adidas-mercedes-amg-petronas-formula-one-team-x-adi-racer-high-semi-mint-rush\/"]}]},{"@type":"ImageObject","inLanguage":"fr-FR","@id":"https:\/\/tourcruiser.com\/fr\/products\/adidas-mercedes-amg-petronas-formula-one-team-x-adi-racer-high-semi-mint-rush\/#primaryimage","url":"https:\/\/images.novelship.com\/product\/mercedes-amg_petronas_f1_team_adiracer_high_sneake_0_5803.jpeg","contentUrl":"https:\/\/images.novelship.com\/product\/mercedes-amg_petronas_f1_team_adiracer_high_sneake_0_5803.jpeg"},{"@type":"BreadcrumbList","@id":"https:\/\/tourcruiser.com\/fr\/products\/adidas-mercedes-amg-petronas-formula-one-team-x-adi-racer-high-semi-mint-rush\/#breadcrumb","itemListElement":[{"@type":"ListItem","position":1,"name":"Home","item":"https:\/\/tourcruiser.com\/fr\/"},{"@type":"ListItem","position":2,"name":"Shop","item":"https:\/\/tourcruiser.com\/fr\/shop\/"},{"@type":"ListItem","position":3,"name":"Adidas Mercedes-AMG Petronas Formula One Team x Adi Racer High 'Semi Mint Rush'"}]},{"@type":"WebSite","@id":"https:\/\/tourcruiser.com\/fr\/#website","url":"https:\/\/tourcruiser.com\/fr\/","name":"Styloral Jewelry Shop","description":"Tourcruiser Sneaker Store \u2014 L\u2019endroit o\u00f9 l\u2019univers rencontre votre singularit\u00e9.","publisher":{"@id":"https:\/\/tourcruiser.com\/fr\/#organization"},"potentialAction":[{"@type":"SearchAction","target":{"@type":"EntryPoint","urlTemplate":"https:\/\/tourcruiser.com\/fr\/?s={search_term_string}"},"query-input":{"@type":"PropertyValueSpecification","valueRequired":true,"valueName":"search_term_string"}}],"inLanguage":"fr-FR"},{"@type":"Organization","@id":"https:\/\/tourcruiser.com\/fr\/#organization","name":"STYLORAL PTE. LTD","url":"https:\/\/tourcruiser.com\/fr\/","logo":{"@type":"ImageObject","inLanguage":"fr-FR","@id":"https:\/\/tourcruiser.com\/fr\/#\/schema\/logo\/image\/","url":"https:\/\/www.tourcruiser.com\/wp-content\/uploads\/2025\/12\/logo.png","contentUrl":"https:\/\/www.tourcruiser.com\/wp-content\/uploads\/2025\/12\/logo.png","width":200,"height":65,"caption":"STYLORAL PTE. LTD"},"image":{"@id":"https:\/\/tourcruiser.com\/fr\/#\/schema\/logo\/image\/"}}]}},"_links":{"self":[{"href":"https:\/\/tourcruiser.com\/fr\/wp-json\/wp\/v2\/product\/22531","targetHints":{"allow":["GET"]}}],"collection":[{"href":"https:\/\/tourcruiser.com\/fr\/wp-json\/wp\/v2\/product"}],"about":[{"href":"https:\/\/tourcruiser.com\/fr\/wp-json\/wp\/v2\/types\/product"}],"replies":[{"embeddable":true,"href":"https:\/\/tourcruiser.com\/fr\/wp-json\/wp\/v2\/comments?post=22531"}],"wp:featuredmedia":[{"embeddable":true,"href":"https:\/\/tourcruiser.com\/fr\/wp-json\/wp\/v2\/media\/22532"}],"wp:attachment":[{"href":"https:\/\/tourcruiser.com\/fr\/wp-json\/wp\/v2\/media?parent=22531"}],"wp:term":[{"taxonomy":"product_brand","embeddable":true,"href":"https:\/\/tourcruiser.com\/fr\/wp-json\/wp\/v2\/product_brand?post=22531"},{"taxonomy":"product_cat","embeddable":true,"href":"https:\/\/tourcruiser.com\/fr\/wp-json\/wp\/v2\/product_cat?post=22531"},{"taxonomy":"product_tag","embeddable":true,"href":"https:\/\/tourcruiser.com\/fr\/wp-json\/wp\/v2\/product_tag?post=22531"}],"curies":[{"name":"wp","href":"https:\/\/api.w.org\/{rel}","templated":true}]}}