{"id":22431,"date":"2026-02-25T18:33:16","date_gmt":"2026-02-25T11:33:16","guid":{"rendered":"http:\/\/tourcruiser.com\/product\/new-balance-salehe-bembury-x-1500-made-in-england-olive-grey"},"modified":"2026-03-14T17:58:15","modified_gmt":"2026-03-14T10:58:15","slug":"new-balance-salehe-bembury-x-1500-made-in-england-olive-grey","status":"publish","type":"product","link":"https:\/\/tourcruiser.com\/fr\/products\/new-balance-salehe-bembury-x-1500-made-in-england-olive-grey\/","title":{"rendered":"New Balance Salehe Bembury x 1500 Made in England &lsquo;Olive Grey&rsquo;"},"content":{"rendered":"<p>D\u00e9couvrez la fusion parfaite entre savoir-faire et style avec la Salehe Bembury x New Balance 1500 Made in England \u00ab Olive Grey \u00bb U1500SB. Con\u00e7ue pour les passionn\u00e9s de sneakers les plus exigeants, cette collaboration exclusive se distingue par des mat\u00e9riaux haut de gamme et des finitions exceptionnelles. Elle allie le design iconique de New Balance au style unique de Bembury. Arborant une teinte gris olive polyvalente, ces sneakers promettent confort et \u00e9l\u00e9gance. Enrichissez votre collection de chaussures avec une paire qui incarne l&rsquo;art et l&rsquo;innovation. <\/p>\n<p>Couleur : Olive\/Gris<\/p>\n<p>Code article : U1500SB<\/p>\n<p>Tige : Daim<br \/>\nSemelle interm\u00e9diaire : ENCAP<\/p>\n<p>Couleur : Beige<\/p>\n<p>Couleur : Beige<\/p>\n","protected":false},"excerpt":{"rendered":"<p>New Balance 1500 Made in England \u2014 Olive\/Grey<\/p>\n","protected":false},"featured_media":22432,"comment_status":"open","ping_status":"closed","template":"","meta":[],"product_brand":[],"product_cat":[9213],"product_tag":[],"class_list":{"0":"post-22431","1":"product","2":"type-product","3":"status-publish","4":"has-post-thumbnail","6":"product_cat-new-balance-2026","7":"wcpa_has_options","9":"first","10":"outofstock","11":"taxable","12":"shipping-taxable","13":"purchasable","14":"product-type-simple"},"wcpa_form_fields":{"rules":{"pric_overide_base_price":false,"pric_overide_base_price_if_gt_zero":false,"pric_overide_base_price_fully":false,"pric_cal_option_once":false,"pric_use_as_fee":false,"bind_quantity":false,"quantity_bind_formula":false},"fields":[{"type":"color-group","required":true,"elementId":"wcpa-color-group-66c4a928225d2","label":"Taille","inline":true,"priceOptions":"different_for_all","pricingType":"fixed","className":"hassizechart product-shoes-size-eu product-shoes-size","name":"color-group-66c4a928225e2","disp_type":"square","selection_type":"tick-border","disp_size":"50","show_label_inside":true,"adjust_width":true,"cart_display_type":"text","other_text":"Other","cl_rule":"show","col":6,"values":[{"label":"35","value":"EU 35","price":"","pimage":"","pimage_id":"","pthumb":"","color":""},{"label":"36","value":"EU 36","price":"","pimage":"","pimage_id":"","pthumb":"","color":"","selected":true},{"label":"37","value":"EU 37","price":"","pimage":"","pimage_id":"","pthumb":"","color":""},{"label":"37.5","value":"EU 37.5","price":"","pimage":"","pimage_id":"","pthumb":"","color":""},{"label":"38","value":"EU 38","price":"","pimage":"","pimage_id":"","pthumb":"","color":""},{"label":"38.5","value":"EU 38.5","price":"","pimage":"","pimage_id":"","pthumb":"","color":""},{"label":"39","value":"EU 39","price":"","pimage":"","pimage_id":"","pthumb":"","color":""},{"label":"39.5","value":"EU 39.5","price":"","pimage":"","pimage_id":"","pthumb":"","color":""},{"label":"40","value":"EU 40","price":"","pimage":"","pimage_id":"","pthumb":"","color":""},{"label":"40.5","value":"EU 40.5","price":"","pimage":"","pimage_id":"","pthumb":"","color":""},{"label":" 41.5","value":"EU 41.5","price":"","pimage":"","pimage_id":"","pthumb":"","color":""},{"label":"42","value":"EU 42","price":"","pimage":"","pimage_id":"","pthumb":"","color":""},{"label":"42.5","value":"EU 42.5","price":"","pimage":"","pimage_id":"","pthumb":"","color":""},{"label":"43","value":"EU 43","price":"","pimage":"","pimage_id":"","pthumb":"","color":""},{"label":"44","value":"EU 44","price":"","pimage":"","pimage_id":"","pthumb":"","color":""},{"label":"44.5","value":"EU 44.5","price":"","pimage":"","pimage_id":"","pthumb":"","color":""},{"label":"45","value":"EU 45","price":"","pimage":"","pimage_id":"","pthumb":"","color":""},{"label":"45.5","value":"EU 45.5","price":"","pimage":"","pimage_id":"","pthumb":"","color":""},{"label":"46","value":"EU 46","price":"","pimage":"","pimage_id":"","pthumb":"","color":""}],"relations":[{"operator":false,"rules":[]}],"form_id":24803,"form_rules":{"pric_cal_option_once":false,"exclude_from_discount":false,"pric_use_as_fee":false,"fee_label":"Fee","render_after_acb":false,"disp_hide_options_price":false}}]},"yoast_head":"<!-- This site is optimized with the Yoast SEO plugin v26.5 - https:\/\/yoast.com\/wordpress\/plugins\/seo\/ -->\n<title>New Balance Salehe Bembury x 1500 Made in England &#039;Olive Grey&#039; - TOURCRUISER PTE. LTD<\/title>\n<meta name=\"robots\" content=\"index, follow, max-snippet:-1, max-image-preview:large, max-video-preview:-1\" \/>\n<link rel=\"canonical\" href=\"https:\/\/tourcruiser.com\/fr\/products\/new-balance-salehe-bembury-x-1500-made-in-england-olive-grey\/\" \/>\n<meta property=\"og:locale\" content=\"fr_FR\" \/>\n<meta property=\"og:type\" content=\"article\" \/>\n<meta property=\"og:title\" content=\"New Balance Salehe Bembury x 1500 Made in England &#039;Olive Grey&#039; - TOURCRUISER PTE. LTD\" \/>\n<meta property=\"og:description\" content=\"New Balance 1500 Made in England \u2014 Olive\/Grey\" \/>\n<meta property=\"og:url\" content=\"https:\/\/tourcruiser.com\/fr\/products\/new-balance-salehe-bembury-x-1500-made-in-england-olive-grey\/\" \/>\n<meta property=\"og:site_name\" content=\"Tourcruiser Sneaker Store\" \/>\n<meta property=\"article:modified_time\" content=\"2026-03-14T10:58:15+00:00\" \/>\n<meta name=\"twitter:card\" content=\"summary_large_image\" \/>\n<meta name=\"twitter:image\" content=\"https:\/\/images.novelship.com\/product\/salehe_bembury_x_new_balance_1500_made_in_england__0_72560.jpeg\" \/>\n<meta name=\"twitter:label1\" content=\"Dur\u00e9e de lecture estim\u00e9e\" \/>\n\t<meta name=\"twitter:data1\" content=\"1 minute\" \/>\n<script type=\"application\/ld+json\" class=\"yoast-schema-graph\">{\"@context\":\"https:\/\/schema.org\",\"@graph\":[{\"@type\":\"WebPage\",\"@id\":\"https:\/\/tourcruiser.com\/fr\/products\/new-balance-salehe-bembury-x-1500-made-in-england-olive-grey\/\",\"url\":\"https:\/\/tourcruiser.com\/fr\/products\/new-balance-salehe-bembury-x-1500-made-in-england-olive-grey\/\",\"name\":\"New Balance Salehe Bembury x 1500 Made in England 'Olive Grey' - TOURCRUISER PTE. LTD\",\"isPartOf\":{\"@id\":\"https:\/\/tourcruiser.com\/fr\/#website\"},\"primaryImageOfPage\":{\"@id\":\"https:\/\/tourcruiser.com\/fr\/products\/new-balance-salehe-bembury-x-1500-made-in-england-olive-grey\/#primaryimage\"},\"image\":{\"@id\":\"https:\/\/tourcruiser.com\/fr\/products\/new-balance-salehe-bembury-x-1500-made-in-england-olive-grey\/#primaryimage\"},\"thumbnailUrl\":\"https:\/\/images.novelship.com\/product\/salehe_bembury_x_new_balance_1500_made_in_england__0_72560.jpeg\",\"datePublished\":\"2026-02-25T11:33:16+00:00\",\"dateModified\":\"2026-03-14T10:58:15+00:00\",\"breadcrumb\":{\"@id\":\"https:\/\/tourcruiser.com\/fr\/products\/new-balance-salehe-bembury-x-1500-made-in-england-olive-grey\/#breadcrumb\"},\"inLanguage\":\"fr-FR\",\"potentialAction\":[{\"@type\":\"ReadAction\",\"target\":[\"https:\/\/tourcruiser.com\/fr\/products\/new-balance-salehe-bembury-x-1500-made-in-england-olive-grey\/\"]}]},{\"@type\":\"ImageObject\",\"inLanguage\":\"fr-FR\",\"@id\":\"https:\/\/tourcruiser.com\/fr\/products\/new-balance-salehe-bembury-x-1500-made-in-england-olive-grey\/#primaryimage\",\"url\":\"https:\/\/images.novelship.com\/product\/salehe_bembury_x_new_balance_1500_made_in_england__0_72560.jpeg\",\"contentUrl\":\"https:\/\/images.novelship.com\/product\/salehe_bembury_x_new_balance_1500_made_in_england__0_72560.jpeg\"},{\"@type\":\"BreadcrumbList\",\"@id\":\"https:\/\/tourcruiser.com\/fr\/products\/new-balance-salehe-bembury-x-1500-made-in-england-olive-grey\/#breadcrumb\",\"itemListElement\":[{\"@type\":\"ListItem\",\"position\":1,\"name\":\"Home\",\"item\":\"https:\/\/tourcruiser.com\/fr\/\"},{\"@type\":\"ListItem\",\"position\":2,\"name\":\"Shop\",\"item\":\"https:\/\/tourcruiser.com\/fr\/shop\/\"},{\"@type\":\"ListItem\",\"position\":3,\"name\":\"New Balance Salehe Bembury x 1500 Made in England 'Olive Grey'\"}]},{\"@type\":\"WebSite\",\"@id\":\"https:\/\/tourcruiser.com\/fr\/#website\",\"url\":\"https:\/\/tourcruiser.com\/fr\/\",\"name\":\"Styloral Jewelry Shop\",\"description\":\"Tourcruiser Sneaker Store \u2014 L\u2019endroit o\u00f9 l\u2019univers rencontre votre singularit\u00e9.\",\"publisher\":{\"@id\":\"https:\/\/tourcruiser.com\/fr\/#organization\"},\"potentialAction\":[{\"@type\":\"SearchAction\",\"target\":{\"@type\":\"EntryPoint\",\"urlTemplate\":\"https:\/\/tourcruiser.com\/fr\/?s={search_term_string}\"},\"query-input\":{\"@type\":\"PropertyValueSpecification\",\"valueRequired\":true,\"valueName\":\"search_term_string\"}}],\"inLanguage\":\"fr-FR\"},{\"@type\":\"Organization\",\"@id\":\"https:\/\/tourcruiser.com\/fr\/#organization\",\"name\":\"STYLORAL PTE. LTD\",\"url\":\"https:\/\/tourcruiser.com\/fr\/\",\"logo\":{\"@type\":\"ImageObject\",\"inLanguage\":\"fr-FR\",\"@id\":\"https:\/\/tourcruiser.com\/fr\/#\/schema\/logo\/image\/\",\"url\":\"https:\/\/www.tourcruiser.com\/wp-content\/uploads\/2025\/12\/logo.png\",\"contentUrl\":\"https:\/\/www.tourcruiser.com\/wp-content\/uploads\/2025\/12\/logo.png\",\"width\":200,\"height\":65,\"caption\":\"STYLORAL PTE. LTD\"},\"image\":{\"@id\":\"https:\/\/tourcruiser.com\/fr\/#\/schema\/logo\/image\/\"}}]}<\/script>\n<!-- \/ Yoast SEO plugin. -->","yoast_head_json":{"title":"New Balance Salehe Bembury x 1500 Made in England 'Olive Grey' - TOURCRUISER PTE. LTD","robots":{"index":"index","follow":"follow","max-snippet":"max-snippet:-1","max-image-preview":"max-image-preview:large","max-video-preview":"max-video-preview:-1"},"canonical":"https:\/\/tourcruiser.com\/fr\/products\/new-balance-salehe-bembury-x-1500-made-in-england-olive-grey\/","og_locale":"fr_FR","og_type":"article","og_title":"New Balance Salehe Bembury x 1500 Made in England 'Olive Grey' - TOURCRUISER PTE. LTD","og_description":"New Balance 1500 Made in England \u2014 Olive\/Grey","og_url":"https:\/\/tourcruiser.com\/fr\/products\/new-balance-salehe-bembury-x-1500-made-in-england-olive-grey\/","og_site_name":"Tourcruiser Sneaker Store","article_modified_time":"2026-03-14T10:58:15+00:00","twitter_card":"summary_large_image","twitter_image":"https:\/\/images.novelship.com\/product\/salehe_bembury_x_new_balance_1500_made_in_england__0_72560.jpeg","twitter_misc":{"Dur\u00e9e de lecture estim\u00e9e":"1 minute"},"schema":{"@context":"https:\/\/schema.org","@graph":[{"@type":"WebPage","@id":"https:\/\/tourcruiser.com\/fr\/products\/new-balance-salehe-bembury-x-1500-made-in-england-olive-grey\/","url":"https:\/\/tourcruiser.com\/fr\/products\/new-balance-salehe-bembury-x-1500-made-in-england-olive-grey\/","name":"New Balance Salehe Bembury x 1500 Made in England 'Olive Grey' - TOURCRUISER PTE. LTD","isPartOf":{"@id":"https:\/\/tourcruiser.com\/fr\/#website"},"primaryImageOfPage":{"@id":"https:\/\/tourcruiser.com\/fr\/products\/new-balance-salehe-bembury-x-1500-made-in-england-olive-grey\/#primaryimage"},"image":{"@id":"https:\/\/tourcruiser.com\/fr\/products\/new-balance-salehe-bembury-x-1500-made-in-england-olive-grey\/#primaryimage"},"thumbnailUrl":"https:\/\/images.novelship.com\/product\/salehe_bembury_x_new_balance_1500_made_in_england__0_72560.jpeg","datePublished":"2026-02-25T11:33:16+00:00","dateModified":"2026-03-14T10:58:15+00:00","breadcrumb":{"@id":"https:\/\/tourcruiser.com\/fr\/products\/new-balance-salehe-bembury-x-1500-made-in-england-olive-grey\/#breadcrumb"},"inLanguage":"fr-FR","potentialAction":[{"@type":"ReadAction","target":["https:\/\/tourcruiser.com\/fr\/products\/new-balance-salehe-bembury-x-1500-made-in-england-olive-grey\/"]}]},{"@type":"ImageObject","inLanguage":"fr-FR","@id":"https:\/\/tourcruiser.com\/fr\/products\/new-balance-salehe-bembury-x-1500-made-in-england-olive-grey\/#primaryimage","url":"https:\/\/images.novelship.com\/product\/salehe_bembury_x_new_balance_1500_made_in_england__0_72560.jpeg","contentUrl":"https:\/\/images.novelship.com\/product\/salehe_bembury_x_new_balance_1500_made_in_england__0_72560.jpeg"},{"@type":"BreadcrumbList","@id":"https:\/\/tourcruiser.com\/fr\/products\/new-balance-salehe-bembury-x-1500-made-in-england-olive-grey\/#breadcrumb","itemListElement":[{"@type":"ListItem","position":1,"name":"Home","item":"https:\/\/tourcruiser.com\/fr\/"},{"@type":"ListItem","position":2,"name":"Shop","item":"https:\/\/tourcruiser.com\/fr\/shop\/"},{"@type":"ListItem","position":3,"name":"New Balance Salehe Bembury x 1500 Made in England 'Olive Grey'"}]},{"@type":"WebSite","@id":"https:\/\/tourcruiser.com\/fr\/#website","url":"https:\/\/tourcruiser.com\/fr\/","name":"Styloral Jewelry Shop","description":"Tourcruiser Sneaker Store \u2014 L\u2019endroit o\u00f9 l\u2019univers rencontre votre singularit\u00e9.","publisher":{"@id":"https:\/\/tourcruiser.com\/fr\/#organization"},"potentialAction":[{"@type":"SearchAction","target":{"@type":"EntryPoint","urlTemplate":"https:\/\/tourcruiser.com\/fr\/?s={search_term_string}"},"query-input":{"@type":"PropertyValueSpecification","valueRequired":true,"valueName":"search_term_string"}}],"inLanguage":"fr-FR"},{"@type":"Organization","@id":"https:\/\/tourcruiser.com\/fr\/#organization","name":"STYLORAL PTE. LTD","url":"https:\/\/tourcruiser.com\/fr\/","logo":{"@type":"ImageObject","inLanguage":"fr-FR","@id":"https:\/\/tourcruiser.com\/fr\/#\/schema\/logo\/image\/","url":"https:\/\/www.tourcruiser.com\/wp-content\/uploads\/2025\/12\/logo.png","contentUrl":"https:\/\/www.tourcruiser.com\/wp-content\/uploads\/2025\/12\/logo.png","width":200,"height":65,"caption":"STYLORAL PTE. LTD"},"image":{"@id":"https:\/\/tourcruiser.com\/fr\/#\/schema\/logo\/image\/"}}]}},"_links":{"self":[{"href":"https:\/\/tourcruiser.com\/fr\/wp-json\/wp\/v2\/product\/22431","targetHints":{"allow":["GET"]}}],"collection":[{"href":"https:\/\/tourcruiser.com\/fr\/wp-json\/wp\/v2\/product"}],"about":[{"href":"https:\/\/tourcruiser.com\/fr\/wp-json\/wp\/v2\/types\/product"}],"replies":[{"embeddable":true,"href":"https:\/\/tourcruiser.com\/fr\/wp-json\/wp\/v2\/comments?post=22431"}],"wp:featuredmedia":[{"embeddable":true,"href":"https:\/\/tourcruiser.com\/fr\/wp-json\/wp\/v2\/media\/22432"}],"wp:attachment":[{"href":"https:\/\/tourcruiser.com\/fr\/wp-json\/wp\/v2\/media?parent=22431"}],"wp:term":[{"taxonomy":"product_brand","embeddable":true,"href":"https:\/\/tourcruiser.com\/fr\/wp-json\/wp\/v2\/product_brand?post=22431"},{"taxonomy":"product_cat","embeddable":true,"href":"https:\/\/tourcruiser.com\/fr\/wp-json\/wp\/v2\/product_cat?post=22431"},{"taxonomy":"product_tag","embeddable":true,"href":"https:\/\/tourcruiser.com\/fr\/wp-json\/wp\/v2\/product_tag?post=22431"}],"curies":[{"name":"wp","href":"https:\/\/api.w.org\/{rel}","templated":true}]}}