{"id":22119,"date":"2026-02-25T18:23:36","date_gmt":"2026-02-25T11:23:36","guid":{"rendered":"http:\/\/tourcruiser.com\/product\/new-balance-shohei-ohtani-x-minimus-tr-v2-sea-salt-navy"},"modified":"2026-03-14T17:57:46","modified_gmt":"2026-03-14T10:57:46","slug":"new-balance-shohei-ohtani-x-minimus-tr-v2-sea-salt-navy","status":"publish","type":"product","link":"https:\/\/tourcruiser.com\/fr\/products\/new-balance-shohei-ohtani-x-minimus-tr-v2-sea-salt-navy\/","title":{"rendered":"New Balance Shohei Ohtani x Minimus TR v2 &lsquo;Sea Salt Navy&rsquo;"},"content":{"rendered":"<p>La Shohei Ohtani x New Balance Minimus TR v2 \u00ab\u00a0Sea Salt Navy\u00a0\u00bb offre une sensation pieds nus gr\u00e2ce \u00e0 son empeigne en mesh couleur cr\u00e8me. Des empi\u00e8cements synth\u00e9tiques assortis et un logo \u00ab\u00a0N\u00a0\u00bb bleu marine sur le c\u00f4t\u00e9 compl\u00e8tent le design. La semelle interm\u00e9diaire en mousse sur toute la longueur s&rsquo;harmonise parfaitement avec la semelle ext\u00e9rieure en caoutchouc, qui remonte jusqu&rsquo;au milieu du pied et arbore le logo d&rsquo;Ohtani. Num\u00e9ro d&rsquo;article\u00a0: MXMTRSB2. Coloris\u00a0: Sea Salt\/Marine\/Blanc. Date de sortie\u00a0: 2 juillet 2025.<\/p>\n","protected":false},"excerpt":{"rendered":"<p>La Shohei Ohtani x New Balance Minimus TR v2 \u00ab\u00a0Sea Salt Navy\u00a0\u00bb offre une sensation pieds nus gr\u00e2ce \u00e0 son empeigne en mesh couleur cr\u00e8me. Des empi\u00e8cements synth\u00e9tiques assortis et un logo \u00ab\u00a0N\u00a0\u00bb bleu marine sur le c\u00f4t\u00e9 compl\u00e8tent le design. La semelle interm\u00e9diaire en mousse sur toute la longueur s&rsquo;harmonise parfaitement avec la semelle [&hellip;]<\/p>\n","protected":false},"featured_media":22120,"comment_status":"open","ping_status":"closed","template":"","meta":[],"product_brand":[],"product_cat":[9213],"product_tag":[],"class_list":{"0":"post-22119","1":"product","2":"type-product","3":"status-publish","4":"has-post-thumbnail","6":"product_cat-new-balance-2026","7":"wcpa_has_options","9":"first","10":"instock","11":"taxable","12":"shipping-taxable","13":"purchasable","14":"product-type-simple"},"wcpa_form_fields":{"rules":{"pric_overide_base_price":false,"pric_overide_base_price_if_gt_zero":false,"pric_overide_base_price_fully":false,"pric_cal_option_once":false,"pric_use_as_fee":false,"bind_quantity":false,"quantity_bind_formula":false},"fields":[{"type":"color-group","required":true,"elementId":"wcpa-color-group-66c4a928225d2","label":"Taille","inline":true,"priceOptions":"different_for_all","pricingType":"fixed","className":"hassizechart product-shoes-size-eu product-shoes-size","name":"color-group-66c4a928225e2","disp_type":"square","selection_type":"tick-border","disp_size":"50","show_label_inside":true,"adjust_width":true,"cart_display_type":"text","other_text":"Other","cl_rule":"show","col":6,"values":[{"label":"35","value":"EU 35","price":"","pimage":"","pimage_id":"","pthumb":"","color":""},{"label":"36","value":"EU 36","price":"","pimage":"","pimage_id":"","pthumb":"","color":"","selected":true},{"label":"37","value":"EU 37","price":"","pimage":"","pimage_id":"","pthumb":"","color":""},{"label":"37.5","value":"EU 37.5","price":"","pimage":"","pimage_id":"","pthumb":"","color":""},{"label":"38","value":"EU 38","price":"","pimage":"","pimage_id":"","pthumb":"","color":""},{"label":"38.5","value":"EU 38.5","price":"","pimage":"","pimage_id":"","pthumb":"","color":""},{"label":"39","value":"EU 39","price":"","pimage":"","pimage_id":"","pthumb":"","color":""},{"label":"39.5","value":"EU 39.5","price":"","pimage":"","pimage_id":"","pthumb":"","color":""},{"label":"40","value":"EU 40","price":"","pimage":"","pimage_id":"","pthumb":"","color":""},{"label":"40.5","value":"EU 40.5","price":"","pimage":"","pimage_id":"","pthumb":"","color":""},{"label":" 41.5","value":"EU 41.5","price":"","pimage":"","pimage_id":"","pthumb":"","color":""},{"label":"42","value":"EU 42","price":"","pimage":"","pimage_id":"","pthumb":"","color":""},{"label":"42.5","value":"EU 42.5","price":"","pimage":"","pimage_id":"","pthumb":"","color":""},{"label":"43","value":"EU 43","price":"","pimage":"","pimage_id":"","pthumb":"","color":""},{"label":"44","value":"EU 44","price":"","pimage":"","pimage_id":"","pthumb":"","color":""},{"label":"44.5","value":"EU 44.5","price":"","pimage":"","pimage_id":"","pthumb":"","color":""},{"label":"45","value":"EU 45","price":"","pimage":"","pimage_id":"","pthumb":"","color":""},{"label":"45.5","value":"EU 45.5","price":"","pimage":"","pimage_id":"","pthumb":"","color":""},{"label":"46","value":"EU 46","price":"","pimage":"","pimage_id":"","pthumb":"","color":""}],"relations":[{"operator":false,"rules":[]}],"form_id":24803,"form_rules":{"pric_cal_option_once":false,"exclude_from_discount":false,"pric_use_as_fee":false,"fee_label":"Fee","render_after_acb":false,"disp_hide_options_price":false}}]},"yoast_head":"<!-- This site is optimized with the Yoast SEO plugin v26.5 - https:\/\/yoast.com\/wordpress\/plugins\/seo\/ -->\n<title>New Balance Shohei Ohtani x Minimus TR v2 &#039;Sea Salt Navy&#039; - TOURCRUISER PTE. LTD<\/title>\n<meta name=\"robots\" content=\"index, follow, max-snippet:-1, max-image-preview:large, max-video-preview:-1\" \/>\n<link rel=\"canonical\" href=\"https:\/\/tourcruiser.com\/fr\/products\/new-balance-shohei-ohtani-x-minimus-tr-v2-sea-salt-navy\/\" \/>\n<meta property=\"og:locale\" content=\"fr_FR\" \/>\n<meta property=\"og:type\" content=\"article\" \/>\n<meta property=\"og:title\" content=\"New Balance Shohei Ohtani x Minimus TR v2 &#039;Sea Salt Navy&#039; - TOURCRUISER PTE. LTD\" \/>\n<meta property=\"og:description\" content=\"La Shohei Ohtani x New Balance Minimus TR v2 \u00ab\u00a0Sea Salt Navy\u00a0\u00bb offre une sensation pieds nus gr\u00e2ce \u00e0 son empeigne en mesh couleur cr\u00e8me. Des empi\u00e8cements synth\u00e9tiques assortis et un logo \u00ab\u00a0N\u00a0\u00bb bleu marine sur le c\u00f4t\u00e9 compl\u00e8tent le design. La semelle interm\u00e9diaire en mousse sur toute la longueur s&rsquo;harmonise parfaitement avec la semelle [&hellip;]\" \/>\n<meta property=\"og:url\" content=\"https:\/\/tourcruiser.com\/fr\/products\/new-balance-shohei-ohtani-x-minimus-tr-v2-sea-salt-navy\/\" \/>\n<meta property=\"og:site_name\" content=\"Tourcruiser Sneaker Store\" \/>\n<meta property=\"article:modified_time\" content=\"2026-03-14T10:57:46+00:00\" \/>\n<meta name=\"twitter:card\" content=\"summary_large_image\" \/>\n<meta name=\"twitter:image\" content=\"https:\/\/cdn.flightclub.com\/TEMPLATE\/496926\/1.jpg?w=1600\" \/>\n<script type=\"application\/ld+json\" class=\"yoast-schema-graph\">{\"@context\":\"https:\/\/schema.org\",\"@graph\":[{\"@type\":\"WebPage\",\"@id\":\"https:\/\/tourcruiser.com\/fr\/products\/new-balance-shohei-ohtani-x-minimus-tr-v2-sea-salt-navy\/\",\"url\":\"https:\/\/tourcruiser.com\/fr\/products\/new-balance-shohei-ohtani-x-minimus-tr-v2-sea-salt-navy\/\",\"name\":\"New Balance Shohei Ohtani x Minimus TR v2 'Sea Salt Navy' - TOURCRUISER PTE. LTD\",\"isPartOf\":{\"@id\":\"https:\/\/tourcruiser.com\/fr\/#website\"},\"primaryImageOfPage\":{\"@id\":\"https:\/\/tourcruiser.com\/fr\/products\/new-balance-shohei-ohtani-x-minimus-tr-v2-sea-salt-navy\/#primaryimage\"},\"image\":{\"@id\":\"https:\/\/tourcruiser.com\/fr\/products\/new-balance-shohei-ohtani-x-minimus-tr-v2-sea-salt-navy\/#primaryimage\"},\"thumbnailUrl\":\"https:\/\/cdn.flightclub.com\/TEMPLATE\/496926\/1.jpg?w=1600\",\"datePublished\":\"2026-02-25T11:23:36+00:00\",\"dateModified\":\"2026-03-14T10:57:46+00:00\",\"breadcrumb\":{\"@id\":\"https:\/\/tourcruiser.com\/fr\/products\/new-balance-shohei-ohtani-x-minimus-tr-v2-sea-salt-navy\/#breadcrumb\"},\"inLanguage\":\"fr-FR\",\"potentialAction\":[{\"@type\":\"ReadAction\",\"target\":[\"https:\/\/tourcruiser.com\/fr\/products\/new-balance-shohei-ohtani-x-minimus-tr-v2-sea-salt-navy\/\"]}]},{\"@type\":\"ImageObject\",\"inLanguage\":\"fr-FR\",\"@id\":\"https:\/\/tourcruiser.com\/fr\/products\/new-balance-shohei-ohtani-x-minimus-tr-v2-sea-salt-navy\/#primaryimage\",\"url\":\"https:\/\/cdn.flightclub.com\/TEMPLATE\/496926\/1.jpg?w=1600\",\"contentUrl\":\"https:\/\/cdn.flightclub.com\/TEMPLATE\/496926\/1.jpg?w=1600\"},{\"@type\":\"BreadcrumbList\",\"@id\":\"https:\/\/tourcruiser.com\/fr\/products\/new-balance-shohei-ohtani-x-minimus-tr-v2-sea-salt-navy\/#breadcrumb\",\"itemListElement\":[{\"@type\":\"ListItem\",\"position\":1,\"name\":\"Home\",\"item\":\"https:\/\/tourcruiser.com\/fr\/\"},{\"@type\":\"ListItem\",\"position\":2,\"name\":\"Shop\",\"item\":\"https:\/\/tourcruiser.com\/fr\/shop\/\"},{\"@type\":\"ListItem\",\"position\":3,\"name\":\"New Balance Shohei Ohtani x Minimus TR v2 'Sea Salt Navy'\"}]},{\"@type\":\"WebSite\",\"@id\":\"https:\/\/tourcruiser.com\/fr\/#website\",\"url\":\"https:\/\/tourcruiser.com\/fr\/\",\"name\":\"Styloral Jewelry Shop\",\"description\":\"Tourcruiser Sneaker Store \u2014 L\u2019endroit o\u00f9 l\u2019univers rencontre votre singularit\u00e9.\",\"publisher\":{\"@id\":\"https:\/\/tourcruiser.com\/fr\/#organization\"},\"potentialAction\":[{\"@type\":\"SearchAction\",\"target\":{\"@type\":\"EntryPoint\",\"urlTemplate\":\"https:\/\/tourcruiser.com\/fr\/?s={search_term_string}\"},\"query-input\":{\"@type\":\"PropertyValueSpecification\",\"valueRequired\":true,\"valueName\":\"search_term_string\"}}],\"inLanguage\":\"fr-FR\"},{\"@type\":\"Organization\",\"@id\":\"https:\/\/tourcruiser.com\/fr\/#organization\",\"name\":\"STYLORAL PTE. LTD\",\"url\":\"https:\/\/tourcruiser.com\/fr\/\",\"logo\":{\"@type\":\"ImageObject\",\"inLanguage\":\"fr-FR\",\"@id\":\"https:\/\/tourcruiser.com\/fr\/#\/schema\/logo\/image\/\",\"url\":\"https:\/\/www.tourcruiser.com\/wp-content\/uploads\/2025\/12\/logo.png\",\"contentUrl\":\"https:\/\/www.tourcruiser.com\/wp-content\/uploads\/2025\/12\/logo.png\",\"width\":200,\"height\":65,\"caption\":\"STYLORAL PTE. LTD\"},\"image\":{\"@id\":\"https:\/\/tourcruiser.com\/fr\/#\/schema\/logo\/image\/\"}}]}<\/script>\n<!-- \/ Yoast SEO plugin. -->","yoast_head_json":{"title":"New Balance Shohei Ohtani x Minimus TR v2 'Sea Salt Navy' - TOURCRUISER PTE. LTD","robots":{"index":"index","follow":"follow","max-snippet":"max-snippet:-1","max-image-preview":"max-image-preview:large","max-video-preview":"max-video-preview:-1"},"canonical":"https:\/\/tourcruiser.com\/fr\/products\/new-balance-shohei-ohtani-x-minimus-tr-v2-sea-salt-navy\/","og_locale":"fr_FR","og_type":"article","og_title":"New Balance Shohei Ohtani x Minimus TR v2 'Sea Salt Navy' - TOURCRUISER PTE. LTD","og_description":"La Shohei Ohtani x New Balance Minimus TR v2 \u00ab\u00a0Sea Salt Navy\u00a0\u00bb offre une sensation pieds nus gr\u00e2ce \u00e0 son empeigne en mesh couleur cr\u00e8me. Des empi\u00e8cements synth\u00e9tiques assortis et un logo \u00ab\u00a0N\u00a0\u00bb bleu marine sur le c\u00f4t\u00e9 compl\u00e8tent le design. La semelle interm\u00e9diaire en mousse sur toute la longueur s&rsquo;harmonise parfaitement avec la semelle [&hellip;]","og_url":"https:\/\/tourcruiser.com\/fr\/products\/new-balance-shohei-ohtani-x-minimus-tr-v2-sea-salt-navy\/","og_site_name":"Tourcruiser Sneaker Store","article_modified_time":"2026-03-14T10:57:46+00:00","twitter_card":"summary_large_image","twitter_image":"https:\/\/cdn.flightclub.com\/TEMPLATE\/496926\/1.jpg?w=1600","schema":{"@context":"https:\/\/schema.org","@graph":[{"@type":"WebPage","@id":"https:\/\/tourcruiser.com\/fr\/products\/new-balance-shohei-ohtani-x-minimus-tr-v2-sea-salt-navy\/","url":"https:\/\/tourcruiser.com\/fr\/products\/new-balance-shohei-ohtani-x-minimus-tr-v2-sea-salt-navy\/","name":"New Balance Shohei Ohtani x Minimus TR v2 'Sea Salt Navy' - TOURCRUISER PTE. LTD","isPartOf":{"@id":"https:\/\/tourcruiser.com\/fr\/#website"},"primaryImageOfPage":{"@id":"https:\/\/tourcruiser.com\/fr\/products\/new-balance-shohei-ohtani-x-minimus-tr-v2-sea-salt-navy\/#primaryimage"},"image":{"@id":"https:\/\/tourcruiser.com\/fr\/products\/new-balance-shohei-ohtani-x-minimus-tr-v2-sea-salt-navy\/#primaryimage"},"thumbnailUrl":"https:\/\/cdn.flightclub.com\/TEMPLATE\/496926\/1.jpg?w=1600","datePublished":"2026-02-25T11:23:36+00:00","dateModified":"2026-03-14T10:57:46+00:00","breadcrumb":{"@id":"https:\/\/tourcruiser.com\/fr\/products\/new-balance-shohei-ohtani-x-minimus-tr-v2-sea-salt-navy\/#breadcrumb"},"inLanguage":"fr-FR","potentialAction":[{"@type":"ReadAction","target":["https:\/\/tourcruiser.com\/fr\/products\/new-balance-shohei-ohtani-x-minimus-tr-v2-sea-salt-navy\/"]}]},{"@type":"ImageObject","inLanguage":"fr-FR","@id":"https:\/\/tourcruiser.com\/fr\/products\/new-balance-shohei-ohtani-x-minimus-tr-v2-sea-salt-navy\/#primaryimage","url":"https:\/\/cdn.flightclub.com\/TEMPLATE\/496926\/1.jpg?w=1600","contentUrl":"https:\/\/cdn.flightclub.com\/TEMPLATE\/496926\/1.jpg?w=1600"},{"@type":"BreadcrumbList","@id":"https:\/\/tourcruiser.com\/fr\/products\/new-balance-shohei-ohtani-x-minimus-tr-v2-sea-salt-navy\/#breadcrumb","itemListElement":[{"@type":"ListItem","position":1,"name":"Home","item":"https:\/\/tourcruiser.com\/fr\/"},{"@type":"ListItem","position":2,"name":"Shop","item":"https:\/\/tourcruiser.com\/fr\/shop\/"},{"@type":"ListItem","position":3,"name":"New Balance Shohei Ohtani x Minimus TR v2 'Sea Salt Navy'"}]},{"@type":"WebSite","@id":"https:\/\/tourcruiser.com\/fr\/#website","url":"https:\/\/tourcruiser.com\/fr\/","name":"Styloral Jewelry Shop","description":"Tourcruiser Sneaker Store \u2014 L\u2019endroit o\u00f9 l\u2019univers rencontre votre singularit\u00e9.","publisher":{"@id":"https:\/\/tourcruiser.com\/fr\/#organization"},"potentialAction":[{"@type":"SearchAction","target":{"@type":"EntryPoint","urlTemplate":"https:\/\/tourcruiser.com\/fr\/?s={search_term_string}"},"query-input":{"@type":"PropertyValueSpecification","valueRequired":true,"valueName":"search_term_string"}}],"inLanguage":"fr-FR"},{"@type":"Organization","@id":"https:\/\/tourcruiser.com\/fr\/#organization","name":"STYLORAL PTE. LTD","url":"https:\/\/tourcruiser.com\/fr\/","logo":{"@type":"ImageObject","inLanguage":"fr-FR","@id":"https:\/\/tourcruiser.com\/fr\/#\/schema\/logo\/image\/","url":"https:\/\/www.tourcruiser.com\/wp-content\/uploads\/2025\/12\/logo.png","contentUrl":"https:\/\/www.tourcruiser.com\/wp-content\/uploads\/2025\/12\/logo.png","width":200,"height":65,"caption":"STYLORAL PTE. LTD"},"image":{"@id":"https:\/\/tourcruiser.com\/fr\/#\/schema\/logo\/image\/"}}]}},"_links":{"self":[{"href":"https:\/\/tourcruiser.com\/fr\/wp-json\/wp\/v2\/product\/22119","targetHints":{"allow":["GET"]}}],"collection":[{"href":"https:\/\/tourcruiser.com\/fr\/wp-json\/wp\/v2\/product"}],"about":[{"href":"https:\/\/tourcruiser.com\/fr\/wp-json\/wp\/v2\/types\/product"}],"replies":[{"embeddable":true,"href":"https:\/\/tourcruiser.com\/fr\/wp-json\/wp\/v2\/comments?post=22119"}],"wp:featuredmedia":[{"embeddable":true,"href":"https:\/\/tourcruiser.com\/fr\/wp-json\/wp\/v2\/media\/22120"}],"wp:attachment":[{"href":"https:\/\/tourcruiser.com\/fr\/wp-json\/wp\/v2\/media?parent=22119"}],"wp:term":[{"taxonomy":"product_brand","embeddable":true,"href":"https:\/\/tourcruiser.com\/fr\/wp-json\/wp\/v2\/product_brand?post=22119"},{"taxonomy":"product_cat","embeddable":true,"href":"https:\/\/tourcruiser.com\/fr\/wp-json\/wp\/v2\/product_cat?post=22119"},{"taxonomy":"product_tag","embeddable":true,"href":"https:\/\/tourcruiser.com\/fr\/wp-json\/wp\/v2\/product_tag?post=22119"}],"curies":[{"name":"wp","href":"https:\/\/api.w.org\/{rel}","templated":true}]}}