{"id":22059,"date":"2026-02-25T18:20:57","date_gmt":"2026-02-25T11:20:57","guid":{"rendered":"http:\/\/tourcruiser.com\/product\/adidas-wmns-terrex-skychaser-gore-tex-grey-off-white"},"modified":"2026-03-14T17:57:40","modified_gmt":"2026-03-14T10:57:40","slug":"adidas-wmns-terrex-skychaser-gore-tex-grey-off-white","status":"publish","type":"product","link":"https:\/\/tourcruiser.com\/fr\/products\/adidas-wmns-terrex-skychaser-gore-tex-grey-off-white\/","title":{"rendered":"Adidas Wmns Terrex Skychaser GORE-TEX &lsquo;Grey Off White&rsquo;"},"content":{"rendered":"<p>Les chaussures de randonn\u00e9e TERREX Skychaser Gore-Tex IH1099 sont con\u00e7ues pour les passionn\u00e9s de plein air en qu\u00eate de confort, de durabilit\u00e9 et de performance optimale. Dot\u00e9es d&rsquo;une membrane Gore-Tex, elles offrent une protection imperm\u00e9able tout en conservant une excellente respirabilit\u00e9, gardant vos pieds au sec et confortables par tous les temps. Leur conception l\u00e9g\u00e8re et leur semelle interm\u00e9diaire Boost r\u00e9active assurent un retour d&rsquo;\u00e9nergie exceptionnel, r\u00e9duisant la fatigue lors des longues randonn\u00e9es et sur les terrains difficiles. Gr\u00e2ce \u00e0 leur semelle ext\u00e9rieure en caoutchouc Continental, ces chaussures offrent une adh\u00e9rence et une traction optimales, m\u00eame sur les surfaces mouill\u00e9es et irr\u00e9guli\u00e8res, vous permettant d&rsquo;explorer en toute confiance. La Skychaser allie un maintien s\u00fbr et ajust\u00e9 \u00e0 des mat\u00e9riaux haut de gamme pour un soutien et une stabilit\u00e9 accrus en mont\u00e9e, en descente et sur les sentiers exigeants. Le bout renforc\u00e9 et la tige r\u00e9sistante \u00e0 l&rsquo;abrasion offrent une durabilit\u00e9 accrue, faisant de ces chaussures le choix id\u00e9al pour les aventures les plus extr\u00eames. Les chaussures de randonn\u00e9e TERREX Skychaser Gore-Tex IH1099 combinent parfaitement fonctionnalit\u00e9 et \u00e9l\u00e9gance, faisant d&rsquo;elles bien plus qu&rsquo;un simple \u00e9quipement de plein air : elles sont la promesse de faire de chaque pas une exp\u00e9rience unique. Que ce soit sur des sentiers de montagne escarp\u00e9s, dans des for\u00eats denses ou lors de randonn\u00e9es de plusieurs jours, ces bottes sont con\u00e7ues pour une performance optimale en toutes conditions et d\u00e9passeront vos attentes. Explorez de nouveaux territoires, gravissez des sommets plus hauts et randonnez en toute s\u00e9curit\u00e9 avec les TERREX Skychaser.<\/p>\n","protected":false},"excerpt":{"rendered":"<p>adidas Terrex Skychaser Gore-Tex \u2014 Grey One\/Off White\/Grey Three<\/p>\n","protected":false},"featured_media":22060,"comment_status":"open","ping_status":"closed","template":"","meta":[],"product_brand":[],"product_cat":[9215],"product_tag":[10175],"class_list":{"0":"post-22059","1":"product","2":"type-product","3":"status-publish","4":"has-post-thumbnail","6":"product_cat-adidas-2026","7":"product_tag-ih10995","8":"wcpa_has_options","10":"first","11":"instock","12":"taxable","13":"shipping-taxable","14":"purchasable","15":"product-type-simple"},"wcpa_form_fields":{"rules":{"pric_overide_base_price":false,"pric_overide_base_price_if_gt_zero":false,"pric_overide_base_price_fully":false,"pric_cal_option_once":false,"pric_use_as_fee":false,"bind_quantity":false,"quantity_bind_formula":false},"fields":[{"type":"color-group","required":true,"elementId":"wcpa-color-group-66c4a7f817afe","label":"Taille","inline":true,"priceOptions":"different_for_all","pricingType":"fixed","className":"hassizechart product-shoes-size-eu product-shoes-size","name":"color-group-66c4a7f817b18","disp_type":"square","selection_type":"tick-border","disp_size":"50","show_label_inside":true,"adjust_width":true,"cart_display_type":"text","other_text":"Other","cl_rule":"show","col":6,"values":[{"label":"35","value":"EU 35","price":"","pimage":"","pimage_id":"","pthumb":"","color":""},{"label":"35.5","value":"EU 35.5","price":"","pimage":"","pimage_id":"","pthumb":"","color":""},{"label":"36","value":"EU 36","price":"","pimage":"","pimage_id":"","pthumb":"","color":"","selected":true},{"label":"36 2\/3","value":"EU 36 2\/3","price":"","pimage":"","pimage_id":"","pthumb":"","color":""},{"label":"37 1\/3","value":"EU 37 1\/3","price":"","pimage":"","pimage_id":"","pthumb":"","color":""},{"label":"38","value":"EU 38","price":"","pimage":"","pimage_id":"","pthumb":"","color":""},{"label":"38 2\/3","value":"EU 38 2\/3","price":"","pimage":"","pimage_id":"","pthumb":"","color":""},{"label":"39 1\/3","value":"EU 39 1\/3","price":"","pimage":"","pimage_id":"","pthumb":"","color":""},{"label":"40","value":"EU 40","price":"","pimage":"","pimage_id":"","pthumb":"","color":""},{"label":"40 2\/3","value":"EU 40 2\/3","price":"","pimage":"","pimage_id":"","pthumb":"","color":""},{"label":"41 1\/3","value":"EU 41 1\/3","price":"","pimage":"","pimage_id":"","pthumb":"","color":""},{"label":"42","value":"EU 42","price":"","pimage":"","pimage_id":"","pthumb":"","color":""},{"label":"42 2\/3","value":"EU 42 2\/3","price":"","pimage":"","pimage_id":"","pthumb":"","color":""},{"label":"43 1\/3","value":"EU 43 1\/3","price":"","pimage":"","pimage_id":"","pthumb":"","color":""},{"label":"44","value":"EU 44","price":"","pimage":"","pimage_id":"","pthumb":"","color":""},{"label":"44 2\/3","value":"EU 44 2\/3","price":"","pimage":"","pimage_id":"","pthumb":"","color":""},{"label":"45 1\/3","value":"EU 45 1\/3","price":"","pimage":"","pimage_id":"","pthumb":"","color":""},{"label":"46","value":"EU 46","price":"","pimage":"","pimage_id":"","pthumb":"","color":""},{"label":"46 2\/3","value":"EU 46 2\/3","price":"","pimage":"","pimage_id":"","pthumb":"","color":""},{"label":"47 1\/3","value":"EU 47 1\/3","price":"","pimage":"","pimage_id":"","pthumb":"","color":""}],"relations":[{"operator":false,"rules":[]}],"form_id":24802,"form_rules":{"pric_cal_option_once":false,"exclude_from_discount":false,"pric_use_as_fee":false,"fee_label":"Fee","render_after_acb":false,"disp_hide_options_price":false}}]},"yoast_head":"<!-- This site is optimized with the Yoast SEO plugin v26.5 - https:\/\/yoast.com\/wordpress\/plugins\/seo\/ -->\n<title>Adidas Wmns Terrex Skychaser GORE-TEX &#039;Grey Off White&#039; - TOURCRUISER PTE. LTD<\/title>\n<meta name=\"robots\" content=\"index, follow, max-snippet:-1, max-image-preview:large, max-video-preview:-1\" \/>\n<link rel=\"canonical\" href=\"https:\/\/tourcruiser.com\/fr\/products\/adidas-wmns-terrex-skychaser-gore-tex-grey-off-white\/\" \/>\n<meta property=\"og:locale\" content=\"fr_FR\" \/>\n<meta property=\"og:type\" content=\"article\" \/>\n<meta property=\"og:title\" content=\"Adidas Wmns Terrex Skychaser GORE-TEX &#039;Grey Off White&#039; - TOURCRUISER PTE. LTD\" \/>\n<meta property=\"og:description\" content=\"adidas Terrex Skychaser Gore-Tex \u2014 Grey One\/Off White\/Grey Three\" \/>\n<meta property=\"og:url\" content=\"https:\/\/tourcruiser.com\/fr\/products\/adidas-wmns-terrex-skychaser-gore-tex-grey-off-white\/\" \/>\n<meta property=\"og:site_name\" content=\"Tourcruiser Sneaker Store\" \/>\n<meta property=\"article:modified_time\" content=\"2026-03-14T10:57:40+00:00\" \/>\n<meta name=\"twitter:card\" content=\"summary_large_image\" \/>\n<meta name=\"twitter:image\" content=\"https:\/\/images.novelship.com\/product\/_w__terrex_skychaser_gore-tex_hiking_boots_ih1099_0_94364.jpeg\" \/>\n<meta name=\"twitter:label1\" content=\"Dur\u00e9e de lecture estim\u00e9e\" \/>\n\t<meta name=\"twitter:data1\" content=\"1 minute\" \/>\n<script type=\"application\/ld+json\" class=\"yoast-schema-graph\">{\"@context\":\"https:\/\/schema.org\",\"@graph\":[{\"@type\":\"WebPage\",\"@id\":\"https:\/\/tourcruiser.com\/fr\/products\/adidas-wmns-terrex-skychaser-gore-tex-grey-off-white\/\",\"url\":\"https:\/\/tourcruiser.com\/fr\/products\/adidas-wmns-terrex-skychaser-gore-tex-grey-off-white\/\",\"name\":\"Adidas Wmns Terrex Skychaser GORE-TEX 'Grey Off White' - TOURCRUISER PTE. LTD\",\"isPartOf\":{\"@id\":\"https:\/\/tourcruiser.com\/fr\/#website\"},\"primaryImageOfPage\":{\"@id\":\"https:\/\/tourcruiser.com\/fr\/products\/adidas-wmns-terrex-skychaser-gore-tex-grey-off-white\/#primaryimage\"},\"image\":{\"@id\":\"https:\/\/tourcruiser.com\/fr\/products\/adidas-wmns-terrex-skychaser-gore-tex-grey-off-white\/#primaryimage\"},\"thumbnailUrl\":\"https:\/\/images.novelship.com\/product\/_w__terrex_skychaser_gore-tex_hiking_boots_ih1099_0_94364.jpeg\",\"datePublished\":\"2026-02-25T11:20:57+00:00\",\"dateModified\":\"2026-03-14T10:57:40+00:00\",\"breadcrumb\":{\"@id\":\"https:\/\/tourcruiser.com\/fr\/products\/adidas-wmns-terrex-skychaser-gore-tex-grey-off-white\/#breadcrumb\"},\"inLanguage\":\"fr-FR\",\"potentialAction\":[{\"@type\":\"ReadAction\",\"target\":[\"https:\/\/tourcruiser.com\/fr\/products\/adidas-wmns-terrex-skychaser-gore-tex-grey-off-white\/\"]}]},{\"@type\":\"ImageObject\",\"inLanguage\":\"fr-FR\",\"@id\":\"https:\/\/tourcruiser.com\/fr\/products\/adidas-wmns-terrex-skychaser-gore-tex-grey-off-white\/#primaryimage\",\"url\":\"https:\/\/images.novelship.com\/product\/_w__terrex_skychaser_gore-tex_hiking_boots_ih1099_0_94364.jpeg\",\"contentUrl\":\"https:\/\/images.novelship.com\/product\/_w__terrex_skychaser_gore-tex_hiking_boots_ih1099_0_94364.jpeg\"},{\"@type\":\"BreadcrumbList\",\"@id\":\"https:\/\/tourcruiser.com\/fr\/products\/adidas-wmns-terrex-skychaser-gore-tex-grey-off-white\/#breadcrumb\",\"itemListElement\":[{\"@type\":\"ListItem\",\"position\":1,\"name\":\"Home\",\"item\":\"https:\/\/tourcruiser.com\/fr\/\"},{\"@type\":\"ListItem\",\"position\":2,\"name\":\"Shop\",\"item\":\"https:\/\/tourcruiser.com\/fr\/shop\/\"},{\"@type\":\"ListItem\",\"position\":3,\"name\":\"Adidas Wmns Terrex Skychaser GORE-TEX 'Grey Off White'\"}]},{\"@type\":\"WebSite\",\"@id\":\"https:\/\/tourcruiser.com\/fr\/#website\",\"url\":\"https:\/\/tourcruiser.com\/fr\/\",\"name\":\"Styloral Jewelry Shop\",\"description\":\"Tourcruiser Sneaker Store \u2014 L\u2019endroit o\u00f9 l\u2019univers rencontre votre singularit\u00e9.\",\"publisher\":{\"@id\":\"https:\/\/tourcruiser.com\/fr\/#organization\"},\"potentialAction\":[{\"@type\":\"SearchAction\",\"target\":{\"@type\":\"EntryPoint\",\"urlTemplate\":\"https:\/\/tourcruiser.com\/fr\/?s={search_term_string}\"},\"query-input\":{\"@type\":\"PropertyValueSpecification\",\"valueRequired\":true,\"valueName\":\"search_term_string\"}}],\"inLanguage\":\"fr-FR\"},{\"@type\":\"Organization\",\"@id\":\"https:\/\/tourcruiser.com\/fr\/#organization\",\"name\":\"STYLORAL PTE. LTD\",\"url\":\"https:\/\/tourcruiser.com\/fr\/\",\"logo\":{\"@type\":\"ImageObject\",\"inLanguage\":\"fr-FR\",\"@id\":\"https:\/\/tourcruiser.com\/fr\/#\/schema\/logo\/image\/\",\"url\":\"https:\/\/www.tourcruiser.com\/wp-content\/uploads\/2025\/12\/logo.png\",\"contentUrl\":\"https:\/\/www.tourcruiser.com\/wp-content\/uploads\/2025\/12\/logo.png\",\"width\":200,\"height\":65,\"caption\":\"STYLORAL PTE. LTD\"},\"image\":{\"@id\":\"https:\/\/tourcruiser.com\/fr\/#\/schema\/logo\/image\/\"}}]}<\/script>\n<!-- \/ Yoast SEO plugin. -->","yoast_head_json":{"title":"Adidas Wmns Terrex Skychaser GORE-TEX 'Grey Off White' - TOURCRUISER PTE. LTD","robots":{"index":"index","follow":"follow","max-snippet":"max-snippet:-1","max-image-preview":"max-image-preview:large","max-video-preview":"max-video-preview:-1"},"canonical":"https:\/\/tourcruiser.com\/fr\/products\/adidas-wmns-terrex-skychaser-gore-tex-grey-off-white\/","og_locale":"fr_FR","og_type":"article","og_title":"Adidas Wmns Terrex Skychaser GORE-TEX 'Grey Off White' - TOURCRUISER PTE. LTD","og_description":"adidas Terrex Skychaser Gore-Tex \u2014 Grey One\/Off White\/Grey Three","og_url":"https:\/\/tourcruiser.com\/fr\/products\/adidas-wmns-terrex-skychaser-gore-tex-grey-off-white\/","og_site_name":"Tourcruiser Sneaker Store","article_modified_time":"2026-03-14T10:57:40+00:00","twitter_card":"summary_large_image","twitter_image":"https:\/\/images.novelship.com\/product\/_w__terrex_skychaser_gore-tex_hiking_boots_ih1099_0_94364.jpeg","twitter_misc":{"Dur\u00e9e de lecture estim\u00e9e":"1 minute"},"schema":{"@context":"https:\/\/schema.org","@graph":[{"@type":"WebPage","@id":"https:\/\/tourcruiser.com\/fr\/products\/adidas-wmns-terrex-skychaser-gore-tex-grey-off-white\/","url":"https:\/\/tourcruiser.com\/fr\/products\/adidas-wmns-terrex-skychaser-gore-tex-grey-off-white\/","name":"Adidas Wmns Terrex Skychaser GORE-TEX 'Grey Off White' - TOURCRUISER PTE. LTD","isPartOf":{"@id":"https:\/\/tourcruiser.com\/fr\/#website"},"primaryImageOfPage":{"@id":"https:\/\/tourcruiser.com\/fr\/products\/adidas-wmns-terrex-skychaser-gore-tex-grey-off-white\/#primaryimage"},"image":{"@id":"https:\/\/tourcruiser.com\/fr\/products\/adidas-wmns-terrex-skychaser-gore-tex-grey-off-white\/#primaryimage"},"thumbnailUrl":"https:\/\/images.novelship.com\/product\/_w__terrex_skychaser_gore-tex_hiking_boots_ih1099_0_94364.jpeg","datePublished":"2026-02-25T11:20:57+00:00","dateModified":"2026-03-14T10:57:40+00:00","breadcrumb":{"@id":"https:\/\/tourcruiser.com\/fr\/products\/adidas-wmns-terrex-skychaser-gore-tex-grey-off-white\/#breadcrumb"},"inLanguage":"fr-FR","potentialAction":[{"@type":"ReadAction","target":["https:\/\/tourcruiser.com\/fr\/products\/adidas-wmns-terrex-skychaser-gore-tex-grey-off-white\/"]}]},{"@type":"ImageObject","inLanguage":"fr-FR","@id":"https:\/\/tourcruiser.com\/fr\/products\/adidas-wmns-terrex-skychaser-gore-tex-grey-off-white\/#primaryimage","url":"https:\/\/images.novelship.com\/product\/_w__terrex_skychaser_gore-tex_hiking_boots_ih1099_0_94364.jpeg","contentUrl":"https:\/\/images.novelship.com\/product\/_w__terrex_skychaser_gore-tex_hiking_boots_ih1099_0_94364.jpeg"},{"@type":"BreadcrumbList","@id":"https:\/\/tourcruiser.com\/fr\/products\/adidas-wmns-terrex-skychaser-gore-tex-grey-off-white\/#breadcrumb","itemListElement":[{"@type":"ListItem","position":1,"name":"Home","item":"https:\/\/tourcruiser.com\/fr\/"},{"@type":"ListItem","position":2,"name":"Shop","item":"https:\/\/tourcruiser.com\/fr\/shop\/"},{"@type":"ListItem","position":3,"name":"Adidas Wmns Terrex Skychaser GORE-TEX 'Grey Off White'"}]},{"@type":"WebSite","@id":"https:\/\/tourcruiser.com\/fr\/#website","url":"https:\/\/tourcruiser.com\/fr\/","name":"Styloral Jewelry Shop","description":"Tourcruiser Sneaker Store \u2014 L\u2019endroit o\u00f9 l\u2019univers rencontre votre singularit\u00e9.","publisher":{"@id":"https:\/\/tourcruiser.com\/fr\/#organization"},"potentialAction":[{"@type":"SearchAction","target":{"@type":"EntryPoint","urlTemplate":"https:\/\/tourcruiser.com\/fr\/?s={search_term_string}"},"query-input":{"@type":"PropertyValueSpecification","valueRequired":true,"valueName":"search_term_string"}}],"inLanguage":"fr-FR"},{"@type":"Organization","@id":"https:\/\/tourcruiser.com\/fr\/#organization","name":"STYLORAL PTE. LTD","url":"https:\/\/tourcruiser.com\/fr\/","logo":{"@type":"ImageObject","inLanguage":"fr-FR","@id":"https:\/\/tourcruiser.com\/fr\/#\/schema\/logo\/image\/","url":"https:\/\/www.tourcruiser.com\/wp-content\/uploads\/2025\/12\/logo.png","contentUrl":"https:\/\/www.tourcruiser.com\/wp-content\/uploads\/2025\/12\/logo.png","width":200,"height":65,"caption":"STYLORAL PTE. LTD"},"image":{"@id":"https:\/\/tourcruiser.com\/fr\/#\/schema\/logo\/image\/"}}]}},"_links":{"self":[{"href":"https:\/\/tourcruiser.com\/fr\/wp-json\/wp\/v2\/product\/22059","targetHints":{"allow":["GET"]}}],"collection":[{"href":"https:\/\/tourcruiser.com\/fr\/wp-json\/wp\/v2\/product"}],"about":[{"href":"https:\/\/tourcruiser.com\/fr\/wp-json\/wp\/v2\/types\/product"}],"replies":[{"embeddable":true,"href":"https:\/\/tourcruiser.com\/fr\/wp-json\/wp\/v2\/comments?post=22059"}],"wp:featuredmedia":[{"embeddable":true,"href":"https:\/\/tourcruiser.com\/fr\/wp-json\/wp\/v2\/media\/22060"}],"wp:attachment":[{"href":"https:\/\/tourcruiser.com\/fr\/wp-json\/wp\/v2\/media?parent=22059"}],"wp:term":[{"taxonomy":"product_brand","embeddable":true,"href":"https:\/\/tourcruiser.com\/fr\/wp-json\/wp\/v2\/product_brand?post=22059"},{"taxonomy":"product_cat","embeddable":true,"href":"https:\/\/tourcruiser.com\/fr\/wp-json\/wp\/v2\/product_cat?post=22059"},{"taxonomy":"product_tag","embeddable":true,"href":"https:\/\/tourcruiser.com\/fr\/wp-json\/wp\/v2\/product_tag?post=22059"}],"curies":[{"name":"wp","href":"https:\/\/api.w.org\/{rel}","templated":true}]}}