{"id":21924,"date":"2026-02-25T18:18:19","date_gmt":"2026-02-25T11:18:19","guid":{"rendered":"http:\/\/tourcruiser.com\/product\/adidas-cp-company-x-gt-manchester-spzl-light-blue-bright-red"},"modified":"2026-03-14T17:57:30","modified_gmt":"2026-03-14T10:57:30","slug":"adidas-cp-company-x-gt-manchester-spzl-light-blue-bright-red","status":"publish","type":"product","link":"https:\/\/tourcruiser.com\/fr\/products\/adidas-cp-company-x-gt-manchester-spzl-light-blue-bright-red\/","title":{"rendered":"Adidas C.P. Company x GT Manchester SPZL &lsquo;Light Blue Bright Red&rsquo;"},"content":{"rendered":"<p>La C.P. Company x adidas GT Manchester SPZL \u00ab\u00a0Bleu clair et rouge vif\u00a0\u00bb IH3312 est une fusion saisissante de streetwear haut de gamme et d&rsquo;h\u00e9ritage sportswear iconique\u00a0: une sneaker pour les fans exigeants. Cette collaboration exclusive pr\u00e9sente une empeigne en daim bleu clair \u00e9clatant, rehauss\u00e9e de trois bandes et de d\u00e9tails au talon d&rsquo;un rouge vif audacieux. Il en r\u00e9sulte une esth\u00e9tique d&rsquo;inspiration r\u00e9tro qui se marie harmonieusement avec un savoir-faire moderne. Des d\u00e9tails de co-branding discrets et des logos Tr\u00e8fle ajoutent une \u00e9l\u00e9gance sobre et soulignent le partenariat entre deux marques embl\u00e9matiques. Gr\u00e2ce \u00e0 sa semelle ext\u00e9rieure en caoutchouc durable, la sneaker offre un confort optimal tout au long de la journ\u00e9e et un style intemporel, ce qui la rend parfaite pour les loisirs ou comme pi\u00e8ce de collection. Rendant hommage au riche patrimoine culturel et footballistique de Manchester, ces sneakers refl\u00e8tent l&rsquo;\u00e9nergie dynamique de la ville \u00e0 travers leur palette de couleurs vibrantes et leur souci du d\u00e9tail. Que ce soit pour la rue ou pour enrichir votre collection de sneakers, la C.P. The Company x adidas GT Manchester SPZL offre un style, une qualit\u00e9 et un confort in\u00e9gal\u00e9s. Coloris\u00a0: Bleu clair\/Rouge vif\/Bleu fonc\u00e9 Code article\u00a0: IH3312 Mati\u00e8re ext\u00e9rieure\u00a0: Nylon Couleur\u00a0: Bleu Saison\u00a0: Automne Ann\u00e9e de sortie\u00a0: 2024<\/p>\n","protected":false},"excerpt":{"rendered":"<p>adidas Spezial GT Manchester SPZL \u2014 Light Blue\/Bright Red\/Dark Blue<\/p>\n","protected":false},"featured_media":21925,"comment_status":"open","ping_status":"closed","template":"","meta":[],"product_brand":[],"product_cat":[9215],"product_tag":[10138],"class_list":{"0":"post-21924","1":"product","2":"type-product","3":"status-publish","4":"has-post-thumbnail","6":"product_cat-adidas-2026","7":"product_tag-10138","8":"wcpa_has_options","10":"first","11":"instock","12":"taxable","13":"shipping-taxable","14":"purchasable","15":"product-type-simple"},"wcpa_form_fields":{"rules":{"pric_overide_base_price":false,"pric_overide_base_price_if_gt_zero":false,"pric_overide_base_price_fully":false,"pric_cal_option_once":false,"pric_use_as_fee":false,"bind_quantity":false,"quantity_bind_formula":false},"fields":[{"type":"color-group","required":true,"elementId":"wcpa-color-group-66c4a7f817afe","label":"Taille","inline":true,"priceOptions":"different_for_all","pricingType":"fixed","className":"hassizechart product-shoes-size-eu product-shoes-size","name":"color-group-66c4a7f817b18","disp_type":"square","selection_type":"tick-border","disp_size":"50","show_label_inside":true,"adjust_width":true,"cart_display_type":"text","other_text":"Other","cl_rule":"show","col":6,"values":[{"label":"35","value":"EU 35","price":"","pimage":"","pimage_id":"","pthumb":"","color":""},{"label":"35.5","value":"EU 35.5","price":"","pimage":"","pimage_id":"","pthumb":"","color":""},{"label":"36","value":"EU 36","price":"","pimage":"","pimage_id":"","pthumb":"","color":"","selected":true},{"label":"36 2\/3","value":"EU 36 2\/3","price":"","pimage":"","pimage_id":"","pthumb":"","color":""},{"label":"37 1\/3","value":"EU 37 1\/3","price":"","pimage":"","pimage_id":"","pthumb":"","color":""},{"label":"38","value":"EU 38","price":"","pimage":"","pimage_id":"","pthumb":"","color":""},{"label":"38 2\/3","value":"EU 38 2\/3","price":"","pimage":"","pimage_id":"","pthumb":"","color":""},{"label":"39 1\/3","value":"EU 39 1\/3","price":"","pimage":"","pimage_id":"","pthumb":"","color":""},{"label":"40","value":"EU 40","price":"","pimage":"","pimage_id":"","pthumb":"","color":""},{"label":"40 2\/3","value":"EU 40 2\/3","price":"","pimage":"","pimage_id":"","pthumb":"","color":""},{"label":"41 1\/3","value":"EU 41 1\/3","price":"","pimage":"","pimage_id":"","pthumb":"","color":""},{"label":"42","value":"EU 42","price":"","pimage":"","pimage_id":"","pthumb":"","color":""},{"label":"42 2\/3","value":"EU 42 2\/3","price":"","pimage":"","pimage_id":"","pthumb":"","color":""},{"label":"43 1\/3","value":"EU 43 1\/3","price":"","pimage":"","pimage_id":"","pthumb":"","color":""},{"label":"44","value":"EU 44","price":"","pimage":"","pimage_id":"","pthumb":"","color":""},{"label":"44 2\/3","value":"EU 44 2\/3","price":"","pimage":"","pimage_id":"","pthumb":"","color":""},{"label":"45 1\/3","value":"EU 45 1\/3","price":"","pimage":"","pimage_id":"","pthumb":"","color":""},{"label":"46","value":"EU 46","price":"","pimage":"","pimage_id":"","pthumb":"","color":""},{"label":"46 2\/3","value":"EU 46 2\/3","price":"","pimage":"","pimage_id":"","pthumb":"","color":""},{"label":"47 1\/3","value":"EU 47 1\/3","price":"","pimage":"","pimage_id":"","pthumb":"","color":""}],"relations":[{"operator":false,"rules":[]}],"form_id":24802,"form_rules":{"pric_cal_option_once":false,"exclude_from_discount":false,"pric_use_as_fee":false,"fee_label":"Fee","render_after_acb":false,"disp_hide_options_price":false}}]},"yoast_head":"<!-- This site is optimized with the Yoast SEO plugin v26.5 - https:\/\/yoast.com\/wordpress\/plugins\/seo\/ -->\n<title>Adidas C.P. Company x GT Manchester SPZL &#039;Light Blue Bright Red&#039; - TOURCRUISER PTE. LTD<\/title>\n<meta name=\"robots\" content=\"index, follow, max-snippet:-1, max-image-preview:large, max-video-preview:-1\" \/>\n<link rel=\"canonical\" href=\"https:\/\/tourcruiser.com\/fr\/products\/adidas-cp-company-x-gt-manchester-spzl-light-blue-bright-red\/\" \/>\n<meta property=\"og:locale\" content=\"fr_FR\" \/>\n<meta property=\"og:type\" content=\"article\" \/>\n<meta property=\"og:title\" content=\"Adidas C.P. Company x GT Manchester SPZL &#039;Light Blue Bright Red&#039; - TOURCRUISER PTE. LTD\" \/>\n<meta property=\"og:description\" content=\"adidas Spezial GT Manchester SPZL \u2014 Light Blue\/Bright Red\/Dark Blue\" \/>\n<meta property=\"og:url\" content=\"https:\/\/tourcruiser.com\/fr\/products\/adidas-cp-company-x-gt-manchester-spzl-light-blue-bright-red\/\" \/>\n<meta property=\"og:site_name\" content=\"Tourcruiser Sneaker Store\" \/>\n<meta property=\"article:modified_time\" content=\"2026-03-14T10:57:30+00:00\" \/>\n<meta name=\"twitter:card\" content=\"summary_large_image\" \/>\n<meta name=\"twitter:image\" content=\"https:\/\/images.novelship.com\/product\/c_p__company_x_adidas_gt_manchester_spzl__light_bl_0_72745.jpeg\" \/>\n<meta name=\"twitter:label1\" content=\"Dur\u00e9e de lecture estim\u00e9e\" \/>\n\t<meta name=\"twitter:data1\" content=\"1 minute\" \/>\n<script type=\"application\/ld+json\" class=\"yoast-schema-graph\">{\"@context\":\"https:\/\/schema.org\",\"@graph\":[{\"@type\":\"WebPage\",\"@id\":\"https:\/\/tourcruiser.com\/fr\/products\/adidas-cp-company-x-gt-manchester-spzl-light-blue-bright-red\/\",\"url\":\"https:\/\/tourcruiser.com\/fr\/products\/adidas-cp-company-x-gt-manchester-spzl-light-blue-bright-red\/\",\"name\":\"Adidas C.P. Company x GT Manchester SPZL 'Light Blue Bright Red' - TOURCRUISER PTE. LTD\",\"isPartOf\":{\"@id\":\"https:\/\/tourcruiser.com\/fr\/#website\"},\"primaryImageOfPage\":{\"@id\":\"https:\/\/tourcruiser.com\/fr\/products\/adidas-cp-company-x-gt-manchester-spzl-light-blue-bright-red\/#primaryimage\"},\"image\":{\"@id\":\"https:\/\/tourcruiser.com\/fr\/products\/adidas-cp-company-x-gt-manchester-spzl-light-blue-bright-red\/#primaryimage\"},\"thumbnailUrl\":\"https:\/\/images.novelship.com\/product\/c_p__company_x_adidas_gt_manchester_spzl__light_bl_0_72745.jpeg\",\"datePublished\":\"2026-02-25T11:18:19+00:00\",\"dateModified\":\"2026-03-14T10:57:30+00:00\",\"breadcrumb\":{\"@id\":\"https:\/\/tourcruiser.com\/fr\/products\/adidas-cp-company-x-gt-manchester-spzl-light-blue-bright-red\/#breadcrumb\"},\"inLanguage\":\"fr-FR\",\"potentialAction\":[{\"@type\":\"ReadAction\",\"target\":[\"https:\/\/tourcruiser.com\/fr\/products\/adidas-cp-company-x-gt-manchester-spzl-light-blue-bright-red\/\"]}]},{\"@type\":\"ImageObject\",\"inLanguage\":\"fr-FR\",\"@id\":\"https:\/\/tourcruiser.com\/fr\/products\/adidas-cp-company-x-gt-manchester-spzl-light-blue-bright-red\/#primaryimage\",\"url\":\"https:\/\/images.novelship.com\/product\/c_p__company_x_adidas_gt_manchester_spzl__light_bl_0_72745.jpeg\",\"contentUrl\":\"https:\/\/images.novelship.com\/product\/c_p__company_x_adidas_gt_manchester_spzl__light_bl_0_72745.jpeg\"},{\"@type\":\"BreadcrumbList\",\"@id\":\"https:\/\/tourcruiser.com\/fr\/products\/adidas-cp-company-x-gt-manchester-spzl-light-blue-bright-red\/#breadcrumb\",\"itemListElement\":[{\"@type\":\"ListItem\",\"position\":1,\"name\":\"Home\",\"item\":\"https:\/\/tourcruiser.com\/fr\/\"},{\"@type\":\"ListItem\",\"position\":2,\"name\":\"Shop\",\"item\":\"https:\/\/tourcruiser.com\/fr\/shop\/\"},{\"@type\":\"ListItem\",\"position\":3,\"name\":\"Adidas C.P. Company x GT Manchester SPZL 'Light Blue Bright Red'\"}]},{\"@type\":\"WebSite\",\"@id\":\"https:\/\/tourcruiser.com\/fr\/#website\",\"url\":\"https:\/\/tourcruiser.com\/fr\/\",\"name\":\"Styloral Jewelry Shop\",\"description\":\"Tourcruiser Sneaker Store \u2014 L\u2019endroit o\u00f9 l\u2019univers rencontre votre singularit\u00e9.\",\"publisher\":{\"@id\":\"https:\/\/tourcruiser.com\/fr\/#organization\"},\"potentialAction\":[{\"@type\":\"SearchAction\",\"target\":{\"@type\":\"EntryPoint\",\"urlTemplate\":\"https:\/\/tourcruiser.com\/fr\/?s={search_term_string}\"},\"query-input\":{\"@type\":\"PropertyValueSpecification\",\"valueRequired\":true,\"valueName\":\"search_term_string\"}}],\"inLanguage\":\"fr-FR\"},{\"@type\":\"Organization\",\"@id\":\"https:\/\/tourcruiser.com\/fr\/#organization\",\"name\":\"STYLORAL PTE. LTD\",\"url\":\"https:\/\/tourcruiser.com\/fr\/\",\"logo\":{\"@type\":\"ImageObject\",\"inLanguage\":\"fr-FR\",\"@id\":\"https:\/\/tourcruiser.com\/fr\/#\/schema\/logo\/image\/\",\"url\":\"https:\/\/www.tourcruiser.com\/wp-content\/uploads\/2025\/12\/logo.png\",\"contentUrl\":\"https:\/\/www.tourcruiser.com\/wp-content\/uploads\/2025\/12\/logo.png\",\"width\":200,\"height\":65,\"caption\":\"STYLORAL PTE. LTD\"},\"image\":{\"@id\":\"https:\/\/tourcruiser.com\/fr\/#\/schema\/logo\/image\/\"}}]}<\/script>\n<!-- \/ Yoast SEO plugin. -->","yoast_head_json":{"title":"Adidas C.P. Company x GT Manchester SPZL 'Light Blue Bright Red' - TOURCRUISER PTE. LTD","robots":{"index":"index","follow":"follow","max-snippet":"max-snippet:-1","max-image-preview":"max-image-preview:large","max-video-preview":"max-video-preview:-1"},"canonical":"https:\/\/tourcruiser.com\/fr\/products\/adidas-cp-company-x-gt-manchester-spzl-light-blue-bright-red\/","og_locale":"fr_FR","og_type":"article","og_title":"Adidas C.P. Company x GT Manchester SPZL 'Light Blue Bright Red' - TOURCRUISER PTE. LTD","og_description":"adidas Spezial GT Manchester SPZL \u2014 Light Blue\/Bright Red\/Dark Blue","og_url":"https:\/\/tourcruiser.com\/fr\/products\/adidas-cp-company-x-gt-manchester-spzl-light-blue-bright-red\/","og_site_name":"Tourcruiser Sneaker Store","article_modified_time":"2026-03-14T10:57:30+00:00","twitter_card":"summary_large_image","twitter_image":"https:\/\/images.novelship.com\/product\/c_p__company_x_adidas_gt_manchester_spzl__light_bl_0_72745.jpeg","twitter_misc":{"Dur\u00e9e de lecture estim\u00e9e":"1 minute"},"schema":{"@context":"https:\/\/schema.org","@graph":[{"@type":"WebPage","@id":"https:\/\/tourcruiser.com\/fr\/products\/adidas-cp-company-x-gt-manchester-spzl-light-blue-bright-red\/","url":"https:\/\/tourcruiser.com\/fr\/products\/adidas-cp-company-x-gt-manchester-spzl-light-blue-bright-red\/","name":"Adidas C.P. Company x GT Manchester SPZL 'Light Blue Bright Red' - TOURCRUISER PTE. LTD","isPartOf":{"@id":"https:\/\/tourcruiser.com\/fr\/#website"},"primaryImageOfPage":{"@id":"https:\/\/tourcruiser.com\/fr\/products\/adidas-cp-company-x-gt-manchester-spzl-light-blue-bright-red\/#primaryimage"},"image":{"@id":"https:\/\/tourcruiser.com\/fr\/products\/adidas-cp-company-x-gt-manchester-spzl-light-blue-bright-red\/#primaryimage"},"thumbnailUrl":"https:\/\/images.novelship.com\/product\/c_p__company_x_adidas_gt_manchester_spzl__light_bl_0_72745.jpeg","datePublished":"2026-02-25T11:18:19+00:00","dateModified":"2026-03-14T10:57:30+00:00","breadcrumb":{"@id":"https:\/\/tourcruiser.com\/fr\/products\/adidas-cp-company-x-gt-manchester-spzl-light-blue-bright-red\/#breadcrumb"},"inLanguage":"fr-FR","potentialAction":[{"@type":"ReadAction","target":["https:\/\/tourcruiser.com\/fr\/products\/adidas-cp-company-x-gt-manchester-spzl-light-blue-bright-red\/"]}]},{"@type":"ImageObject","inLanguage":"fr-FR","@id":"https:\/\/tourcruiser.com\/fr\/products\/adidas-cp-company-x-gt-manchester-spzl-light-blue-bright-red\/#primaryimage","url":"https:\/\/images.novelship.com\/product\/c_p__company_x_adidas_gt_manchester_spzl__light_bl_0_72745.jpeg","contentUrl":"https:\/\/images.novelship.com\/product\/c_p__company_x_adidas_gt_manchester_spzl__light_bl_0_72745.jpeg"},{"@type":"BreadcrumbList","@id":"https:\/\/tourcruiser.com\/fr\/products\/adidas-cp-company-x-gt-manchester-spzl-light-blue-bright-red\/#breadcrumb","itemListElement":[{"@type":"ListItem","position":1,"name":"Home","item":"https:\/\/tourcruiser.com\/fr\/"},{"@type":"ListItem","position":2,"name":"Shop","item":"https:\/\/tourcruiser.com\/fr\/shop\/"},{"@type":"ListItem","position":3,"name":"Adidas C.P. Company x GT Manchester SPZL 'Light Blue Bright Red'"}]},{"@type":"WebSite","@id":"https:\/\/tourcruiser.com\/fr\/#website","url":"https:\/\/tourcruiser.com\/fr\/","name":"Styloral Jewelry Shop","description":"Tourcruiser Sneaker Store \u2014 L\u2019endroit o\u00f9 l\u2019univers rencontre votre singularit\u00e9.","publisher":{"@id":"https:\/\/tourcruiser.com\/fr\/#organization"},"potentialAction":[{"@type":"SearchAction","target":{"@type":"EntryPoint","urlTemplate":"https:\/\/tourcruiser.com\/fr\/?s={search_term_string}"},"query-input":{"@type":"PropertyValueSpecification","valueRequired":true,"valueName":"search_term_string"}}],"inLanguage":"fr-FR"},{"@type":"Organization","@id":"https:\/\/tourcruiser.com\/fr\/#organization","name":"STYLORAL PTE. LTD","url":"https:\/\/tourcruiser.com\/fr\/","logo":{"@type":"ImageObject","inLanguage":"fr-FR","@id":"https:\/\/tourcruiser.com\/fr\/#\/schema\/logo\/image\/","url":"https:\/\/www.tourcruiser.com\/wp-content\/uploads\/2025\/12\/logo.png","contentUrl":"https:\/\/www.tourcruiser.com\/wp-content\/uploads\/2025\/12\/logo.png","width":200,"height":65,"caption":"STYLORAL PTE. LTD"},"image":{"@id":"https:\/\/tourcruiser.com\/fr\/#\/schema\/logo\/image\/"}}]}},"_links":{"self":[{"href":"https:\/\/tourcruiser.com\/fr\/wp-json\/wp\/v2\/product\/21924","targetHints":{"allow":["GET"]}}],"collection":[{"href":"https:\/\/tourcruiser.com\/fr\/wp-json\/wp\/v2\/product"}],"about":[{"href":"https:\/\/tourcruiser.com\/fr\/wp-json\/wp\/v2\/types\/product"}],"replies":[{"embeddable":true,"href":"https:\/\/tourcruiser.com\/fr\/wp-json\/wp\/v2\/comments?post=21924"}],"wp:featuredmedia":[{"embeddable":true,"href":"https:\/\/tourcruiser.com\/fr\/wp-json\/wp\/v2\/media\/21925"}],"wp:attachment":[{"href":"https:\/\/tourcruiser.com\/fr\/wp-json\/wp\/v2\/media?parent=21924"}],"wp:term":[{"taxonomy":"product_brand","embeddable":true,"href":"https:\/\/tourcruiser.com\/fr\/wp-json\/wp\/v2\/product_brand?post=21924"},{"taxonomy":"product_cat","embeddable":true,"href":"https:\/\/tourcruiser.com\/fr\/wp-json\/wp\/v2\/product_cat?post=21924"},{"taxonomy":"product_tag","embeddable":true,"href":"https:\/\/tourcruiser.com\/fr\/wp-json\/wp\/v2\/product_tag?post=21924"}],"curies":[{"name":"wp","href":"https:\/\/api.w.org\/{rel}","templated":true}]}}