{"id":21744,"date":"2026-02-25T18:15:10","date_gmt":"2026-02-25T11:15:10","guid":{"rendered":"http:\/\/tourcruiser.com\/product\/new-balance-fresh-foam-680-v8-wide-shoreline-blue-nb-navy-sea-salt"},"modified":"2026-03-14T17:57:15","modified_gmt":"2026-03-14T10:57:15","slug":"new-balance-fresh-foam-680-v8-wide-shoreline-blue-nb-navy-sea-salt","status":"publish","type":"product","link":"https:\/\/tourcruiser.com\/fr\/products\/new-balance-fresh-foam-680-v8-wide-shoreline-blue-nb-navy-sea-salt\/","title":{"rendered":"New Balance Fresh Foam 680 V8 Wide &lsquo;Shoreline Blue Nb Navy Sea Salt&rsquo;"},"content":{"rendered":"<p>D\u00e9couvrez un confort optimal et une performance r\u00e9active avec la New Balance Fresh Foam 680 V8 Wide \u00ab\u00a0Shoreline Blue Nb Navy Sea Salt\u00a0\u00bb, sp\u00e9cialement con\u00e7ue pour les pieds larges. Son coloris moderne et \u00e9l\u00e9gant, combinant bleu marine et bleu clair avec des touches de bleu marine, conf\u00e8re \u00e0 cette chaussure de running une allure raffin\u00e9e. Gr\u00e2ce \u00e0 la technologie Fresh Foam de sa semelle interm\u00e9diaire, elle offre un amorti exceptionnel pour une foul\u00e9e fluide et dynamique sur tous les terrains. L&#8217;empeigne en mesh respirant assure un confort optimal et un maintien s\u00fbr, tandis que la semelle ext\u00e9rieure en caoutchouc r\u00e9sistant garantit une excellente adh\u00e9rence pour vos entra\u00eenements quotidiens ou vos s\u00e9ances plus longues. Id\u00e9ale pour les coureurs \u00e0 foul\u00e9e neutre recherchant une chaussure fiable et esth\u00e9tique, la 680 V8 offre une grande polyvalence, aussi bien pour les comp\u00e9titeurs que pour les coureurs amateurs. Que vous vous entra\u00eeniez pour votre prochain marathon ou que vous affrontiez le quotidien, cette chaussure est con\u00e7ue pour vous offrir confort et maintien \u00e0 chaque foul\u00e9e. Am\u00e9liorez votre exp\u00e9rience de course avec une paire de chaussures qui allie innovation, durabilit\u00e9 et design intemporel. Coloris\u00a0: Bleu littoral\/Bleu marine\/Sel marin R\u00e9f\u00e9rence\u00a0: M680CS8-2E Couleur\u00a0: Bleu Saison\u00a0: \u00c9t\u00e9 Ann\u00e9e de sortie\u00a0: 2025<\/p>\n","protected":false},"excerpt":{"rendered":"<p>New Balance 680v8 \u2014 Shoreline Blue\/Nb Navy\/Sea Salt<\/p>\n","protected":false},"featured_media":21745,"comment_status":"open","ping_status":"closed","template":"","meta":[],"product_brand":[],"product_cat":[9213],"product_tag":[],"class_list":{"0":"post-21744","1":"product","2":"type-product","3":"status-publish","4":"has-post-thumbnail","6":"product_cat-new-balance-2026","7":"wcpa_has_options","9":"first","10":"instock","11":"taxable","12":"shipping-taxable","13":"purchasable","14":"product-type-simple"},"wcpa_form_fields":{"rules":{"pric_overide_base_price":false,"pric_overide_base_price_if_gt_zero":false,"pric_overide_base_price_fully":false,"pric_cal_option_once":false,"pric_use_as_fee":false,"bind_quantity":false,"quantity_bind_formula":false},"fields":[{"type":"color-group","required":true,"elementId":"wcpa-color-group-66c4a928225d2","label":"Taille","inline":true,"priceOptions":"different_for_all","pricingType":"fixed","className":"hassizechart product-shoes-size-eu product-shoes-size","name":"color-group-66c4a928225e2","disp_type":"square","selection_type":"tick-border","disp_size":"50","show_label_inside":true,"adjust_width":true,"cart_display_type":"text","other_text":"Other","cl_rule":"show","col":6,"values":[{"label":"35","value":"EU 35","price":"","pimage":"","pimage_id":"","pthumb":"","color":""},{"label":"36","value":"EU 36","price":"","pimage":"","pimage_id":"","pthumb":"","color":"","selected":true},{"label":"37","value":"EU 37","price":"","pimage":"","pimage_id":"","pthumb":"","color":""},{"label":"37.5","value":"EU 37.5","price":"","pimage":"","pimage_id":"","pthumb":"","color":""},{"label":"38","value":"EU 38","price":"","pimage":"","pimage_id":"","pthumb":"","color":""},{"label":"38.5","value":"EU 38.5","price":"","pimage":"","pimage_id":"","pthumb":"","color":""},{"label":"39","value":"EU 39","price":"","pimage":"","pimage_id":"","pthumb":"","color":""},{"label":"39.5","value":"EU 39.5","price":"","pimage":"","pimage_id":"","pthumb":"","color":""},{"label":"40","value":"EU 40","price":"","pimage":"","pimage_id":"","pthumb":"","color":""},{"label":"40.5","value":"EU 40.5","price":"","pimage":"","pimage_id":"","pthumb":"","color":""},{"label":" 41.5","value":"EU 41.5","price":"","pimage":"","pimage_id":"","pthumb":"","color":""},{"label":"42","value":"EU 42","price":"","pimage":"","pimage_id":"","pthumb":"","color":""},{"label":"42.5","value":"EU 42.5","price":"","pimage":"","pimage_id":"","pthumb":"","color":""},{"label":"43","value":"EU 43","price":"","pimage":"","pimage_id":"","pthumb":"","color":""},{"label":"44","value":"EU 44","price":"","pimage":"","pimage_id":"","pthumb":"","color":""},{"label":"44.5","value":"EU 44.5","price":"","pimage":"","pimage_id":"","pthumb":"","color":""},{"label":"45","value":"EU 45","price":"","pimage":"","pimage_id":"","pthumb":"","color":""},{"label":"45.5","value":"EU 45.5","price":"","pimage":"","pimage_id":"","pthumb":"","color":""},{"label":"46","value":"EU 46","price":"","pimage":"","pimage_id":"","pthumb":"","color":""}],"relations":[{"operator":false,"rules":[]}],"form_id":24803,"form_rules":{"pric_cal_option_once":false,"exclude_from_discount":false,"pric_use_as_fee":false,"fee_label":"Fee","render_after_acb":false,"disp_hide_options_price":false}}]},"yoast_head":"<!-- This site is optimized with the Yoast SEO plugin v26.5 - https:\/\/yoast.com\/wordpress\/plugins\/seo\/ -->\n<title>New Balance Fresh Foam 680 V8 Wide &#039;Shoreline Blue Nb Navy Sea Salt&#039; - TOURCRUISER PTE. LTD<\/title>\n<meta name=\"robots\" content=\"index, follow, max-snippet:-1, max-image-preview:large, max-video-preview:-1\" \/>\n<link rel=\"canonical\" href=\"https:\/\/tourcruiser.com\/fr\/products\/new-balance-fresh-foam-680-v8-wide-shoreline-blue-nb-navy-sea-salt\/\" \/>\n<meta property=\"og:locale\" content=\"fr_FR\" \/>\n<meta property=\"og:type\" content=\"article\" \/>\n<meta property=\"og:title\" content=\"New Balance Fresh Foam 680 V8 Wide &#039;Shoreline Blue Nb Navy Sea Salt&#039; - TOURCRUISER PTE. LTD\" \/>\n<meta property=\"og:description\" content=\"New Balance 680v8 \u2014 Shoreline Blue\/Nb Navy\/Sea Salt\" \/>\n<meta property=\"og:url\" content=\"https:\/\/tourcruiser.com\/fr\/products\/new-balance-fresh-foam-680-v8-wide-shoreline-blue-nb-navy-sea-salt\/\" \/>\n<meta property=\"og:site_name\" content=\"Tourcruiser Sneaker Store\" \/>\n<meta property=\"article:modified_time\" content=\"2026-03-14T10:57:15+00:00\" \/>\n<meta name=\"twitter:card\" content=\"summary_large_image\" \/>\n<meta name=\"twitter:image\" content=\"https:\/\/images.novelship.com\/product\/new_balance_fresh_foam_680_v8_wide__shoreline_blue_0_99297.png\" \/>\n<meta name=\"twitter:label1\" content=\"Dur\u00e9e de lecture estim\u00e9e\" \/>\n\t<meta name=\"twitter:data1\" content=\"1 minute\" \/>\n<script type=\"application\/ld+json\" class=\"yoast-schema-graph\">{\"@context\":\"https:\/\/schema.org\",\"@graph\":[{\"@type\":\"WebPage\",\"@id\":\"https:\/\/tourcruiser.com\/fr\/products\/new-balance-fresh-foam-680-v8-wide-shoreline-blue-nb-navy-sea-salt\/\",\"url\":\"https:\/\/tourcruiser.com\/fr\/products\/new-balance-fresh-foam-680-v8-wide-shoreline-blue-nb-navy-sea-salt\/\",\"name\":\"New Balance Fresh Foam 680 V8 Wide 'Shoreline Blue Nb Navy Sea Salt' - TOURCRUISER PTE. LTD\",\"isPartOf\":{\"@id\":\"https:\/\/tourcruiser.com\/fr\/#website\"},\"primaryImageOfPage\":{\"@id\":\"https:\/\/tourcruiser.com\/fr\/products\/new-balance-fresh-foam-680-v8-wide-shoreline-blue-nb-navy-sea-salt\/#primaryimage\"},\"image\":{\"@id\":\"https:\/\/tourcruiser.com\/fr\/products\/new-balance-fresh-foam-680-v8-wide-shoreline-blue-nb-navy-sea-salt\/#primaryimage\"},\"thumbnailUrl\":\"https:\/\/images.novelship.com\/product\/new_balance_fresh_foam_680_v8_wide__shoreline_blue_0_99297.png\",\"datePublished\":\"2026-02-25T11:15:10+00:00\",\"dateModified\":\"2026-03-14T10:57:15+00:00\",\"breadcrumb\":{\"@id\":\"https:\/\/tourcruiser.com\/fr\/products\/new-balance-fresh-foam-680-v8-wide-shoreline-blue-nb-navy-sea-salt\/#breadcrumb\"},\"inLanguage\":\"fr-FR\",\"potentialAction\":[{\"@type\":\"ReadAction\",\"target\":[\"https:\/\/tourcruiser.com\/fr\/products\/new-balance-fresh-foam-680-v8-wide-shoreline-blue-nb-navy-sea-salt\/\"]}]},{\"@type\":\"ImageObject\",\"inLanguage\":\"fr-FR\",\"@id\":\"https:\/\/tourcruiser.com\/fr\/products\/new-balance-fresh-foam-680-v8-wide-shoreline-blue-nb-navy-sea-salt\/#primaryimage\",\"url\":\"https:\/\/images.novelship.com\/product\/new_balance_fresh_foam_680_v8_wide__shoreline_blue_0_99297.png\",\"contentUrl\":\"https:\/\/images.novelship.com\/product\/new_balance_fresh_foam_680_v8_wide__shoreline_blue_0_99297.png\"},{\"@type\":\"BreadcrumbList\",\"@id\":\"https:\/\/tourcruiser.com\/fr\/products\/new-balance-fresh-foam-680-v8-wide-shoreline-blue-nb-navy-sea-salt\/#breadcrumb\",\"itemListElement\":[{\"@type\":\"ListItem\",\"position\":1,\"name\":\"Home\",\"item\":\"https:\/\/tourcruiser.com\/fr\/\"},{\"@type\":\"ListItem\",\"position\":2,\"name\":\"Shop\",\"item\":\"https:\/\/tourcruiser.com\/fr\/shop\/\"},{\"@type\":\"ListItem\",\"position\":3,\"name\":\"New Balance Fresh Foam 680 V8 Wide 'Shoreline Blue Nb Navy Sea Salt'\"}]},{\"@type\":\"WebSite\",\"@id\":\"https:\/\/tourcruiser.com\/fr\/#website\",\"url\":\"https:\/\/tourcruiser.com\/fr\/\",\"name\":\"Styloral Jewelry Shop\",\"description\":\"Tourcruiser Sneaker Store \u2014 L\u2019endroit o\u00f9 l\u2019univers rencontre votre singularit\u00e9.\",\"publisher\":{\"@id\":\"https:\/\/tourcruiser.com\/fr\/#organization\"},\"potentialAction\":[{\"@type\":\"SearchAction\",\"target\":{\"@type\":\"EntryPoint\",\"urlTemplate\":\"https:\/\/tourcruiser.com\/fr\/?s={search_term_string}\"},\"query-input\":{\"@type\":\"PropertyValueSpecification\",\"valueRequired\":true,\"valueName\":\"search_term_string\"}}],\"inLanguage\":\"fr-FR\"},{\"@type\":\"Organization\",\"@id\":\"https:\/\/tourcruiser.com\/fr\/#organization\",\"name\":\"STYLORAL PTE. LTD\",\"url\":\"https:\/\/tourcruiser.com\/fr\/\",\"logo\":{\"@type\":\"ImageObject\",\"inLanguage\":\"fr-FR\",\"@id\":\"https:\/\/tourcruiser.com\/fr\/#\/schema\/logo\/image\/\",\"url\":\"https:\/\/www.tourcruiser.com\/wp-content\/uploads\/2025\/12\/logo.png\",\"contentUrl\":\"https:\/\/www.tourcruiser.com\/wp-content\/uploads\/2025\/12\/logo.png\",\"width\":200,\"height\":65,\"caption\":\"STYLORAL PTE. LTD\"},\"image\":{\"@id\":\"https:\/\/tourcruiser.com\/fr\/#\/schema\/logo\/image\/\"}}]}<\/script>\n<!-- \/ Yoast SEO plugin. -->","yoast_head_json":{"title":"New Balance Fresh Foam 680 V8 Wide 'Shoreline Blue Nb Navy Sea Salt' - TOURCRUISER PTE. LTD","robots":{"index":"index","follow":"follow","max-snippet":"max-snippet:-1","max-image-preview":"max-image-preview:large","max-video-preview":"max-video-preview:-1"},"canonical":"https:\/\/tourcruiser.com\/fr\/products\/new-balance-fresh-foam-680-v8-wide-shoreline-blue-nb-navy-sea-salt\/","og_locale":"fr_FR","og_type":"article","og_title":"New Balance Fresh Foam 680 V8 Wide 'Shoreline Blue Nb Navy Sea Salt' - TOURCRUISER PTE. LTD","og_description":"New Balance 680v8 \u2014 Shoreline Blue\/Nb Navy\/Sea Salt","og_url":"https:\/\/tourcruiser.com\/fr\/products\/new-balance-fresh-foam-680-v8-wide-shoreline-blue-nb-navy-sea-salt\/","og_site_name":"Tourcruiser Sneaker Store","article_modified_time":"2026-03-14T10:57:15+00:00","twitter_card":"summary_large_image","twitter_image":"https:\/\/images.novelship.com\/product\/new_balance_fresh_foam_680_v8_wide__shoreline_blue_0_99297.png","twitter_misc":{"Dur\u00e9e de lecture estim\u00e9e":"1 minute"},"schema":{"@context":"https:\/\/schema.org","@graph":[{"@type":"WebPage","@id":"https:\/\/tourcruiser.com\/fr\/products\/new-balance-fresh-foam-680-v8-wide-shoreline-blue-nb-navy-sea-salt\/","url":"https:\/\/tourcruiser.com\/fr\/products\/new-balance-fresh-foam-680-v8-wide-shoreline-blue-nb-navy-sea-salt\/","name":"New Balance Fresh Foam 680 V8 Wide 'Shoreline Blue Nb Navy Sea Salt' - TOURCRUISER PTE. LTD","isPartOf":{"@id":"https:\/\/tourcruiser.com\/fr\/#website"},"primaryImageOfPage":{"@id":"https:\/\/tourcruiser.com\/fr\/products\/new-balance-fresh-foam-680-v8-wide-shoreline-blue-nb-navy-sea-salt\/#primaryimage"},"image":{"@id":"https:\/\/tourcruiser.com\/fr\/products\/new-balance-fresh-foam-680-v8-wide-shoreline-blue-nb-navy-sea-salt\/#primaryimage"},"thumbnailUrl":"https:\/\/images.novelship.com\/product\/new_balance_fresh_foam_680_v8_wide__shoreline_blue_0_99297.png","datePublished":"2026-02-25T11:15:10+00:00","dateModified":"2026-03-14T10:57:15+00:00","breadcrumb":{"@id":"https:\/\/tourcruiser.com\/fr\/products\/new-balance-fresh-foam-680-v8-wide-shoreline-blue-nb-navy-sea-salt\/#breadcrumb"},"inLanguage":"fr-FR","potentialAction":[{"@type":"ReadAction","target":["https:\/\/tourcruiser.com\/fr\/products\/new-balance-fresh-foam-680-v8-wide-shoreline-blue-nb-navy-sea-salt\/"]}]},{"@type":"ImageObject","inLanguage":"fr-FR","@id":"https:\/\/tourcruiser.com\/fr\/products\/new-balance-fresh-foam-680-v8-wide-shoreline-blue-nb-navy-sea-salt\/#primaryimage","url":"https:\/\/images.novelship.com\/product\/new_balance_fresh_foam_680_v8_wide__shoreline_blue_0_99297.png","contentUrl":"https:\/\/images.novelship.com\/product\/new_balance_fresh_foam_680_v8_wide__shoreline_blue_0_99297.png"},{"@type":"BreadcrumbList","@id":"https:\/\/tourcruiser.com\/fr\/products\/new-balance-fresh-foam-680-v8-wide-shoreline-blue-nb-navy-sea-salt\/#breadcrumb","itemListElement":[{"@type":"ListItem","position":1,"name":"Home","item":"https:\/\/tourcruiser.com\/fr\/"},{"@type":"ListItem","position":2,"name":"Shop","item":"https:\/\/tourcruiser.com\/fr\/shop\/"},{"@type":"ListItem","position":3,"name":"New Balance Fresh Foam 680 V8 Wide 'Shoreline Blue Nb Navy Sea Salt'"}]},{"@type":"WebSite","@id":"https:\/\/tourcruiser.com\/fr\/#website","url":"https:\/\/tourcruiser.com\/fr\/","name":"Styloral Jewelry Shop","description":"Tourcruiser Sneaker Store \u2014 L\u2019endroit o\u00f9 l\u2019univers rencontre votre singularit\u00e9.","publisher":{"@id":"https:\/\/tourcruiser.com\/fr\/#organization"},"potentialAction":[{"@type":"SearchAction","target":{"@type":"EntryPoint","urlTemplate":"https:\/\/tourcruiser.com\/fr\/?s={search_term_string}"},"query-input":{"@type":"PropertyValueSpecification","valueRequired":true,"valueName":"search_term_string"}}],"inLanguage":"fr-FR"},{"@type":"Organization","@id":"https:\/\/tourcruiser.com\/fr\/#organization","name":"STYLORAL PTE. LTD","url":"https:\/\/tourcruiser.com\/fr\/","logo":{"@type":"ImageObject","inLanguage":"fr-FR","@id":"https:\/\/tourcruiser.com\/fr\/#\/schema\/logo\/image\/","url":"https:\/\/www.tourcruiser.com\/wp-content\/uploads\/2025\/12\/logo.png","contentUrl":"https:\/\/www.tourcruiser.com\/wp-content\/uploads\/2025\/12\/logo.png","width":200,"height":65,"caption":"STYLORAL PTE. LTD"},"image":{"@id":"https:\/\/tourcruiser.com\/fr\/#\/schema\/logo\/image\/"}}]}},"_links":{"self":[{"href":"https:\/\/tourcruiser.com\/fr\/wp-json\/wp\/v2\/product\/21744","targetHints":{"allow":["GET"]}}],"collection":[{"href":"https:\/\/tourcruiser.com\/fr\/wp-json\/wp\/v2\/product"}],"about":[{"href":"https:\/\/tourcruiser.com\/fr\/wp-json\/wp\/v2\/types\/product"}],"replies":[{"embeddable":true,"href":"https:\/\/tourcruiser.com\/fr\/wp-json\/wp\/v2\/comments?post=21744"}],"wp:featuredmedia":[{"embeddable":true,"href":"https:\/\/tourcruiser.com\/fr\/wp-json\/wp\/v2\/media\/21745"}],"wp:attachment":[{"href":"https:\/\/tourcruiser.com\/fr\/wp-json\/wp\/v2\/media?parent=21744"}],"wp:term":[{"taxonomy":"product_brand","embeddable":true,"href":"https:\/\/tourcruiser.com\/fr\/wp-json\/wp\/v2\/product_brand?post=21744"},{"taxonomy":"product_cat","embeddable":true,"href":"https:\/\/tourcruiser.com\/fr\/wp-json\/wp\/v2\/product_cat?post=21744"},{"taxonomy":"product_tag","embeddable":true,"href":"https:\/\/tourcruiser.com\/fr\/wp-json\/wp\/v2\/product_tag?post=21744"}],"curies":[{"name":"wp","href":"https:\/\/api.w.org\/{rel}","templated":true}]}}