{"id":21095,"date":"2026-02-25T18:01:44","date_gmt":"2026-02-25T11:01:44","guid":{"rendered":"http:\/\/tourcruiser.com\/product\/adidas-jeremy-scott-x-wmns-rapidmove-adv-2-pride"},"modified":"2026-03-14T17:51:21","modified_gmt":"2026-03-14T10:51:21","slug":"adidas-jeremy-scott-x-wmns-rapidmove-adv-2-pride","status":"publish","type":"product","link":"https:\/\/tourcruiser.com\/fr\/products\/adidas-jeremy-scott-x-wmns-rapidmove-adv-2-pride\/","title":{"rendered":"Adidas Jeremy Scott x Wmns Rapidmove ADV 2 &lsquo;Pride&rsquo;"},"content":{"rendered":"<p>La Jeremy Scott x adidas Rapidmove ADV 2 \u00ab\u00a0Pride\u00a0\u00bb pour femme est sp\u00e9cialement con\u00e7ue pour les entra\u00eenements HIIT et pr\u00e9sente une empeigne en mesh noir orn\u00e9e de motifs multicolores. De larges bandes fuchsia d\u00e9corent les c\u00f4t\u00e9s. Le chausson int\u00e9rieur offre un confort optimal, tandis que la semelle interm\u00e9diaire Lightstrike Pro sur toute la longueur assure souplesse et r\u00e9activit\u00e9. La semelle ext\u00e9rieure en caoutchouc Continental garantit une adh\u00e9rence parfaite tout au long de la journ\u00e9e. R\u00e9f\u00e9rence\u00a0: JR6402. Coloris\u00a0: Blanc nuage\/Noir\/Fuchsia \u00e9clatant. Date de sortie\u00a0: 15 mai 2025.<\/p>\n","protected":false},"excerpt":{"rendered":"<p>La Jeremy Scott x adidas Rapidmove ADV 2 \u00ab\u00a0Pride\u00a0\u00bb pour femme est sp\u00e9cialement con\u00e7ue pour les entra\u00eenements HIIT et pr\u00e9sente une empeigne en mesh noir orn\u00e9e de motifs multicolores. De larges bandes fuchsia d\u00e9corent les c\u00f4t\u00e9s. Le chausson int\u00e9rieur offre un confort optimal, tandis que la semelle interm\u00e9diaire Lightstrike Pro sur toute la longueur assure [&hellip;]<\/p>\n","protected":false},"featured_media":21096,"comment_status":"open","ping_status":"closed","template":"","meta":[],"product_brand":[],"product_cat":[9215],"product_tag":[9926],"class_list":{"0":"post-21095","1":"product","2":"type-product","3":"status-publish","4":"has-post-thumbnail","6":"product_cat-adidas-2026","7":"product_tag-jr64025","8":"wcpa_has_options","10":"first","11":"instock","12":"taxable","13":"shipping-taxable","14":"purchasable","15":"product-type-simple"},"wcpa_form_fields":{"rules":{"pric_overide_base_price":false,"pric_overide_base_price_if_gt_zero":false,"pric_overide_base_price_fully":false,"pric_cal_option_once":false,"pric_use_as_fee":false,"bind_quantity":false,"quantity_bind_formula":false},"fields":[{"type":"color-group","required":true,"elementId":"wcpa-color-group-66c4a7f817afe","label":"Taille","inline":true,"priceOptions":"different_for_all","pricingType":"fixed","className":"hassizechart product-shoes-size-eu product-shoes-size","name":"color-group-66c4a7f817b18","disp_type":"square","selection_type":"tick-border","disp_size":"50","show_label_inside":true,"adjust_width":true,"cart_display_type":"text","other_text":"Other","cl_rule":"show","col":6,"values":[{"label":"35","value":"EU 35","price":"","pimage":"","pimage_id":"","pthumb":"","color":""},{"label":"35.5","value":"EU 35.5","price":"","pimage":"","pimage_id":"","pthumb":"","color":""},{"label":"36","value":"EU 36","price":"","pimage":"","pimage_id":"","pthumb":"","color":"","selected":true},{"label":"36 2\/3","value":"EU 36 2\/3","price":"","pimage":"","pimage_id":"","pthumb":"","color":""},{"label":"37 1\/3","value":"EU 37 1\/3","price":"","pimage":"","pimage_id":"","pthumb":"","color":""},{"label":"38","value":"EU 38","price":"","pimage":"","pimage_id":"","pthumb":"","color":""},{"label":"38 2\/3","value":"EU 38 2\/3","price":"","pimage":"","pimage_id":"","pthumb":"","color":""},{"label":"39 1\/3","value":"EU 39 1\/3","price":"","pimage":"","pimage_id":"","pthumb":"","color":""},{"label":"40","value":"EU 40","price":"","pimage":"","pimage_id":"","pthumb":"","color":""},{"label":"40 2\/3","value":"EU 40 2\/3","price":"","pimage":"","pimage_id":"","pthumb":"","color":""},{"label":"41 1\/3","value":"EU 41 1\/3","price":"","pimage":"","pimage_id":"","pthumb":"","color":""},{"label":"42","value":"EU 42","price":"","pimage":"","pimage_id":"","pthumb":"","color":""},{"label":"42 2\/3","value":"EU 42 2\/3","price":"","pimage":"","pimage_id":"","pthumb":"","color":""},{"label":"43 1\/3","value":"EU 43 1\/3","price":"","pimage":"","pimage_id":"","pthumb":"","color":""},{"label":"44","value":"EU 44","price":"","pimage":"","pimage_id":"","pthumb":"","color":""},{"label":"44 2\/3","value":"EU 44 2\/3","price":"","pimage":"","pimage_id":"","pthumb":"","color":""},{"label":"45 1\/3","value":"EU 45 1\/3","price":"","pimage":"","pimage_id":"","pthumb":"","color":""},{"label":"46","value":"EU 46","price":"","pimage":"","pimage_id":"","pthumb":"","color":""},{"label":"46 2\/3","value":"EU 46 2\/3","price":"","pimage":"","pimage_id":"","pthumb":"","color":""},{"label":"47 1\/3","value":"EU 47 1\/3","price":"","pimage":"","pimage_id":"","pthumb":"","color":""}],"relations":[{"operator":false,"rules":[]}],"form_id":24802,"form_rules":{"pric_cal_option_once":false,"exclude_from_discount":false,"pric_use_as_fee":false,"fee_label":"Fee","render_after_acb":false,"disp_hide_options_price":false}}]},"yoast_head":"<!-- This site is optimized with the Yoast SEO plugin v26.5 - https:\/\/yoast.com\/wordpress\/plugins\/seo\/ -->\n<title>Adidas Jeremy Scott x Wmns Rapidmove ADV 2 &#039;Pride&#039; - TOURCRUISER PTE. LTD<\/title>\n<meta name=\"robots\" content=\"index, follow, max-snippet:-1, max-image-preview:large, max-video-preview:-1\" \/>\n<link rel=\"canonical\" href=\"https:\/\/tourcruiser.com\/fr\/products\/adidas-jeremy-scott-x-wmns-rapidmove-adv-2-pride\/\" \/>\n<meta property=\"og:locale\" content=\"fr_FR\" \/>\n<meta property=\"og:type\" content=\"article\" \/>\n<meta property=\"og:title\" content=\"Adidas Jeremy Scott x Wmns Rapidmove ADV 2 &#039;Pride&#039; - TOURCRUISER PTE. LTD\" \/>\n<meta property=\"og:description\" content=\"La Jeremy Scott x adidas Rapidmove ADV 2 \u00ab\u00a0Pride\u00a0\u00bb pour femme est sp\u00e9cialement con\u00e7ue pour les entra\u00eenements HIIT et pr\u00e9sente une empeigne en mesh noir orn\u00e9e de motifs multicolores. De larges bandes fuchsia d\u00e9corent les c\u00f4t\u00e9s. Le chausson int\u00e9rieur offre un confort optimal, tandis que la semelle interm\u00e9diaire Lightstrike Pro sur toute la longueur assure [&hellip;]\" \/>\n<meta property=\"og:url\" content=\"https:\/\/tourcruiser.com\/fr\/products\/adidas-jeremy-scott-x-wmns-rapidmove-adv-2-pride\/\" \/>\n<meta property=\"og:site_name\" content=\"Tourcruiser Sneaker Store\" \/>\n<meta property=\"article:modified_time\" content=\"2026-03-14T10:51:21+00:00\" \/>\n<meta name=\"twitter:card\" content=\"summary_large_image\" \/>\n<meta name=\"twitter:image\" content=\"https:\/\/cdn.flightclub.com\/TEMPLATE\/491470\/1.jpg?w=1600\" \/>\n<meta name=\"twitter:label1\" content=\"Dur\u00e9e de lecture estim\u00e9e\" \/>\n\t<meta name=\"twitter:data1\" content=\"1 minute\" \/>\n<script type=\"application\/ld+json\" class=\"yoast-schema-graph\">{\"@context\":\"https:\/\/schema.org\",\"@graph\":[{\"@type\":\"WebPage\",\"@id\":\"https:\/\/tourcruiser.com\/fr\/products\/adidas-jeremy-scott-x-wmns-rapidmove-adv-2-pride\/\",\"url\":\"https:\/\/tourcruiser.com\/fr\/products\/adidas-jeremy-scott-x-wmns-rapidmove-adv-2-pride\/\",\"name\":\"Adidas Jeremy Scott x Wmns Rapidmove ADV 2 'Pride' - TOURCRUISER PTE. LTD\",\"isPartOf\":{\"@id\":\"https:\/\/tourcruiser.com\/fr\/#website\"},\"primaryImageOfPage\":{\"@id\":\"https:\/\/tourcruiser.com\/fr\/products\/adidas-jeremy-scott-x-wmns-rapidmove-adv-2-pride\/#primaryimage\"},\"image\":{\"@id\":\"https:\/\/tourcruiser.com\/fr\/products\/adidas-jeremy-scott-x-wmns-rapidmove-adv-2-pride\/#primaryimage\"},\"thumbnailUrl\":\"https:\/\/cdn.flightclub.com\/TEMPLATE\/491470\/1.jpg?w=1600\",\"datePublished\":\"2026-02-25T11:01:44+00:00\",\"dateModified\":\"2026-03-14T10:51:21+00:00\",\"breadcrumb\":{\"@id\":\"https:\/\/tourcruiser.com\/fr\/products\/adidas-jeremy-scott-x-wmns-rapidmove-adv-2-pride\/#breadcrumb\"},\"inLanguage\":\"fr-FR\",\"potentialAction\":[{\"@type\":\"ReadAction\",\"target\":[\"https:\/\/tourcruiser.com\/fr\/products\/adidas-jeremy-scott-x-wmns-rapidmove-adv-2-pride\/\"]}]},{\"@type\":\"ImageObject\",\"inLanguage\":\"fr-FR\",\"@id\":\"https:\/\/tourcruiser.com\/fr\/products\/adidas-jeremy-scott-x-wmns-rapidmove-adv-2-pride\/#primaryimage\",\"url\":\"https:\/\/cdn.flightclub.com\/TEMPLATE\/491470\/1.jpg?w=1600\",\"contentUrl\":\"https:\/\/cdn.flightclub.com\/TEMPLATE\/491470\/1.jpg?w=1600\"},{\"@type\":\"BreadcrumbList\",\"@id\":\"https:\/\/tourcruiser.com\/fr\/products\/adidas-jeremy-scott-x-wmns-rapidmove-adv-2-pride\/#breadcrumb\",\"itemListElement\":[{\"@type\":\"ListItem\",\"position\":1,\"name\":\"Home\",\"item\":\"https:\/\/tourcruiser.com\/fr\/\"},{\"@type\":\"ListItem\",\"position\":2,\"name\":\"Shop\",\"item\":\"https:\/\/tourcruiser.com\/fr\/shop\/\"},{\"@type\":\"ListItem\",\"position\":3,\"name\":\"Adidas Jeremy Scott x Wmns Rapidmove ADV 2 'Pride'\"}]},{\"@type\":\"WebSite\",\"@id\":\"https:\/\/tourcruiser.com\/fr\/#website\",\"url\":\"https:\/\/tourcruiser.com\/fr\/\",\"name\":\"Styloral Jewelry Shop\",\"description\":\"Tourcruiser Sneaker Store \u2014 L\u2019endroit o\u00f9 l\u2019univers rencontre votre singularit\u00e9.\",\"publisher\":{\"@id\":\"https:\/\/tourcruiser.com\/fr\/#organization\"},\"potentialAction\":[{\"@type\":\"SearchAction\",\"target\":{\"@type\":\"EntryPoint\",\"urlTemplate\":\"https:\/\/tourcruiser.com\/fr\/?s={search_term_string}\"},\"query-input\":{\"@type\":\"PropertyValueSpecification\",\"valueRequired\":true,\"valueName\":\"search_term_string\"}}],\"inLanguage\":\"fr-FR\"},{\"@type\":\"Organization\",\"@id\":\"https:\/\/tourcruiser.com\/fr\/#organization\",\"name\":\"STYLORAL PTE. LTD\",\"url\":\"https:\/\/tourcruiser.com\/fr\/\",\"logo\":{\"@type\":\"ImageObject\",\"inLanguage\":\"fr-FR\",\"@id\":\"https:\/\/tourcruiser.com\/fr\/#\/schema\/logo\/image\/\",\"url\":\"https:\/\/www.tourcruiser.com\/wp-content\/uploads\/2025\/12\/logo.png\",\"contentUrl\":\"https:\/\/www.tourcruiser.com\/wp-content\/uploads\/2025\/12\/logo.png\",\"width\":200,\"height\":65,\"caption\":\"STYLORAL PTE. LTD\"},\"image\":{\"@id\":\"https:\/\/tourcruiser.com\/fr\/#\/schema\/logo\/image\/\"}}]}<\/script>\n<!-- \/ Yoast SEO plugin. -->","yoast_head_json":{"title":"Adidas Jeremy Scott x Wmns Rapidmove ADV 2 'Pride' - TOURCRUISER PTE. LTD","robots":{"index":"index","follow":"follow","max-snippet":"max-snippet:-1","max-image-preview":"max-image-preview:large","max-video-preview":"max-video-preview:-1"},"canonical":"https:\/\/tourcruiser.com\/fr\/products\/adidas-jeremy-scott-x-wmns-rapidmove-adv-2-pride\/","og_locale":"fr_FR","og_type":"article","og_title":"Adidas Jeremy Scott x Wmns Rapidmove ADV 2 'Pride' - TOURCRUISER PTE. LTD","og_description":"La Jeremy Scott x adidas Rapidmove ADV 2 \u00ab\u00a0Pride\u00a0\u00bb pour femme est sp\u00e9cialement con\u00e7ue pour les entra\u00eenements HIIT et pr\u00e9sente une empeigne en mesh noir orn\u00e9e de motifs multicolores. De larges bandes fuchsia d\u00e9corent les c\u00f4t\u00e9s. Le chausson int\u00e9rieur offre un confort optimal, tandis que la semelle interm\u00e9diaire Lightstrike Pro sur toute la longueur assure [&hellip;]","og_url":"https:\/\/tourcruiser.com\/fr\/products\/adidas-jeremy-scott-x-wmns-rapidmove-adv-2-pride\/","og_site_name":"Tourcruiser Sneaker Store","article_modified_time":"2026-03-14T10:51:21+00:00","twitter_card":"summary_large_image","twitter_image":"https:\/\/cdn.flightclub.com\/TEMPLATE\/491470\/1.jpg?w=1600","twitter_misc":{"Dur\u00e9e de lecture estim\u00e9e":"1 minute"},"schema":{"@context":"https:\/\/schema.org","@graph":[{"@type":"WebPage","@id":"https:\/\/tourcruiser.com\/fr\/products\/adidas-jeremy-scott-x-wmns-rapidmove-adv-2-pride\/","url":"https:\/\/tourcruiser.com\/fr\/products\/adidas-jeremy-scott-x-wmns-rapidmove-adv-2-pride\/","name":"Adidas Jeremy Scott x Wmns Rapidmove ADV 2 'Pride' - TOURCRUISER PTE. LTD","isPartOf":{"@id":"https:\/\/tourcruiser.com\/fr\/#website"},"primaryImageOfPage":{"@id":"https:\/\/tourcruiser.com\/fr\/products\/adidas-jeremy-scott-x-wmns-rapidmove-adv-2-pride\/#primaryimage"},"image":{"@id":"https:\/\/tourcruiser.com\/fr\/products\/adidas-jeremy-scott-x-wmns-rapidmove-adv-2-pride\/#primaryimage"},"thumbnailUrl":"https:\/\/cdn.flightclub.com\/TEMPLATE\/491470\/1.jpg?w=1600","datePublished":"2026-02-25T11:01:44+00:00","dateModified":"2026-03-14T10:51:21+00:00","breadcrumb":{"@id":"https:\/\/tourcruiser.com\/fr\/products\/adidas-jeremy-scott-x-wmns-rapidmove-adv-2-pride\/#breadcrumb"},"inLanguage":"fr-FR","potentialAction":[{"@type":"ReadAction","target":["https:\/\/tourcruiser.com\/fr\/products\/adidas-jeremy-scott-x-wmns-rapidmove-adv-2-pride\/"]}]},{"@type":"ImageObject","inLanguage":"fr-FR","@id":"https:\/\/tourcruiser.com\/fr\/products\/adidas-jeremy-scott-x-wmns-rapidmove-adv-2-pride\/#primaryimage","url":"https:\/\/cdn.flightclub.com\/TEMPLATE\/491470\/1.jpg?w=1600","contentUrl":"https:\/\/cdn.flightclub.com\/TEMPLATE\/491470\/1.jpg?w=1600"},{"@type":"BreadcrumbList","@id":"https:\/\/tourcruiser.com\/fr\/products\/adidas-jeremy-scott-x-wmns-rapidmove-adv-2-pride\/#breadcrumb","itemListElement":[{"@type":"ListItem","position":1,"name":"Home","item":"https:\/\/tourcruiser.com\/fr\/"},{"@type":"ListItem","position":2,"name":"Shop","item":"https:\/\/tourcruiser.com\/fr\/shop\/"},{"@type":"ListItem","position":3,"name":"Adidas Jeremy Scott x Wmns Rapidmove ADV 2 'Pride'"}]},{"@type":"WebSite","@id":"https:\/\/tourcruiser.com\/fr\/#website","url":"https:\/\/tourcruiser.com\/fr\/","name":"Styloral Jewelry Shop","description":"Tourcruiser Sneaker Store \u2014 L\u2019endroit o\u00f9 l\u2019univers rencontre votre singularit\u00e9.","publisher":{"@id":"https:\/\/tourcruiser.com\/fr\/#organization"},"potentialAction":[{"@type":"SearchAction","target":{"@type":"EntryPoint","urlTemplate":"https:\/\/tourcruiser.com\/fr\/?s={search_term_string}"},"query-input":{"@type":"PropertyValueSpecification","valueRequired":true,"valueName":"search_term_string"}}],"inLanguage":"fr-FR"},{"@type":"Organization","@id":"https:\/\/tourcruiser.com\/fr\/#organization","name":"STYLORAL PTE. LTD","url":"https:\/\/tourcruiser.com\/fr\/","logo":{"@type":"ImageObject","inLanguage":"fr-FR","@id":"https:\/\/tourcruiser.com\/fr\/#\/schema\/logo\/image\/","url":"https:\/\/www.tourcruiser.com\/wp-content\/uploads\/2025\/12\/logo.png","contentUrl":"https:\/\/www.tourcruiser.com\/wp-content\/uploads\/2025\/12\/logo.png","width":200,"height":65,"caption":"STYLORAL PTE. LTD"},"image":{"@id":"https:\/\/tourcruiser.com\/fr\/#\/schema\/logo\/image\/"}}]}},"_links":{"self":[{"href":"https:\/\/tourcruiser.com\/fr\/wp-json\/wp\/v2\/product\/21095","targetHints":{"allow":["GET"]}}],"collection":[{"href":"https:\/\/tourcruiser.com\/fr\/wp-json\/wp\/v2\/product"}],"about":[{"href":"https:\/\/tourcruiser.com\/fr\/wp-json\/wp\/v2\/types\/product"}],"replies":[{"embeddable":true,"href":"https:\/\/tourcruiser.com\/fr\/wp-json\/wp\/v2\/comments?post=21095"}],"wp:featuredmedia":[{"embeddable":true,"href":"https:\/\/tourcruiser.com\/fr\/wp-json\/wp\/v2\/media\/21096"}],"wp:attachment":[{"href":"https:\/\/tourcruiser.com\/fr\/wp-json\/wp\/v2\/media?parent=21095"}],"wp:term":[{"taxonomy":"product_brand","embeddable":true,"href":"https:\/\/tourcruiser.com\/fr\/wp-json\/wp\/v2\/product_brand?post=21095"},{"taxonomy":"product_cat","embeddable":true,"href":"https:\/\/tourcruiser.com\/fr\/wp-json\/wp\/v2\/product_cat?post=21095"},{"taxonomy":"product_tag","embeddable":true,"href":"https:\/\/tourcruiser.com\/fr\/wp-json\/wp\/v2\/product_tag?post=21095"}],"curies":[{"name":"wp","href":"https:\/\/api.w.org\/{rel}","templated":true}]}}