{"id":20876,"date":"2026-02-25T17:57:28","date_gmt":"2026-02-25T10:57:28","guid":{"rendered":"http:\/\/tourcruiser.com\/product\/adidas-hello-kitty-x-wmns-adifom-stan-smith-mule-50th-anniversary-packclear-pink"},"modified":"2026-03-14T17:56:01","modified_gmt":"2026-03-14T10:56:01","slug":"adidas-hello-kitty-x-wmns-adifom-stan-smith-mule-50th-anniversary-packclear-pink","status":"publish","type":"product","link":"https:\/\/tourcruiser.com\/fr\/products\/adidas-hello-kitty-x-wmns-adifom-stan-smith-mule-50th-anniversary-packclear-pink\/","title":{"rendered":"Adidas Hello Kitty x Wmns Adifom Stan Smith Mule &rsquo;50th Anniversary Pack &#8211; Clear Pink&rsquo;"},"content":{"rendered":"<p>Un style d\u00e9contract\u00e9 est garanti avec la mule adidas Design Stan Smith \u00ab\u00a0Rose clair\u00a0\u00bb pour femme. Le mod\u00e8le IG4446 allie la silhouette classique de la Stan Smith \u00e0 une touche de modernit\u00e9, pour un confort et une \u00e9l\u00e9gance assur\u00e9s. Sa teinte rose clair apporte une note de fra\u00eecheur \u00e0 votre garde-robe. Dot\u00e9e d&rsquo;un excellent amorti et d&rsquo;une semelle r\u00e9sistante, elle est id\u00e9ale pour une journ\u00e9e de d\u00e9tente. Rehaussez votre look sneakers avec ce mod\u00e8le iconique, m\u00e9lange de tradition et de tendance.<\/p>\n<ul>\n<li><strong>Coloris\u00a0:<\/strong> Rose clair\/Rose clair\/Rouge<\/li>\n<li><strong>Code article\u00a0:<\/strong> IG4446<\/li>\n<li><strong>Mati\u00e8re ext\u00e9rieure\u00a0:<\/strong> Synth\u00e9tique<\/li>\n<li><strong>Couleur\u00a0:<\/strong> Rose<\/li>\n<\/ul>\n","protected":false},"excerpt":{"rendered":"<p>adidas Adifom Stan Smith Mule \u2014 Clear Pink\/Clear Pink\/Red<\/p>\n","protected":false},"featured_media":20877,"comment_status":"open","ping_status":"closed","template":"","meta":[],"product_brand":[],"product_cat":[9215],"product_tag":[9871],"class_list":{"0":"post-20876","1":"product","2":"type-product","3":"status-publish","4":"has-post-thumbnail","6":"product_cat-adidas-2026","7":"product_tag-9871","8":"wcpa_has_options","10":"first","11":"instock","12":"taxable","13":"shipping-taxable","14":"purchasable","15":"product-type-simple"},"wcpa_form_fields":{"rules":{"pric_overide_base_price":false,"pric_overide_base_price_if_gt_zero":false,"pric_overide_base_price_fully":false,"pric_cal_option_once":false,"pric_use_as_fee":false,"bind_quantity":false,"quantity_bind_formula":false},"fields":[{"type":"color-group","required":true,"elementId":"wcpa-color-group-66c4a7f817afe","label":"Taille","inline":true,"priceOptions":"different_for_all","pricingType":"fixed","className":"hassizechart product-shoes-size-eu product-shoes-size","name":"color-group-66c4a7f817b18","disp_type":"square","selection_type":"tick-border","disp_size":"50","show_label_inside":true,"adjust_width":true,"cart_display_type":"text","other_text":"Other","cl_rule":"show","col":6,"values":[{"label":"35","value":"EU 35","price":"","pimage":"","pimage_id":"","pthumb":"","color":""},{"label":"35.5","value":"EU 35.5","price":"","pimage":"","pimage_id":"","pthumb":"","color":""},{"label":"36","value":"EU 36","price":"","pimage":"","pimage_id":"","pthumb":"","color":"","selected":true},{"label":"36 2\/3","value":"EU 36 2\/3","price":"","pimage":"","pimage_id":"","pthumb":"","color":""},{"label":"37 1\/3","value":"EU 37 1\/3","price":"","pimage":"","pimage_id":"","pthumb":"","color":""},{"label":"38","value":"EU 38","price":"","pimage":"","pimage_id":"","pthumb":"","color":""},{"label":"38 2\/3","value":"EU 38 2\/3","price":"","pimage":"","pimage_id":"","pthumb":"","color":""},{"label":"39 1\/3","value":"EU 39 1\/3","price":"","pimage":"","pimage_id":"","pthumb":"","color":""},{"label":"40","value":"EU 40","price":"","pimage":"","pimage_id":"","pthumb":"","color":""},{"label":"40 2\/3","value":"EU 40 2\/3","price":"","pimage":"","pimage_id":"","pthumb":"","color":""},{"label":"41 1\/3","value":"EU 41 1\/3","price":"","pimage":"","pimage_id":"","pthumb":"","color":""},{"label":"42","value":"EU 42","price":"","pimage":"","pimage_id":"","pthumb":"","color":""},{"label":"42 2\/3","value":"EU 42 2\/3","price":"","pimage":"","pimage_id":"","pthumb":"","color":""},{"label":"43 1\/3","value":"EU 43 1\/3","price":"","pimage":"","pimage_id":"","pthumb":"","color":""},{"label":"44","value":"EU 44","price":"","pimage":"","pimage_id":"","pthumb":"","color":""},{"label":"44 2\/3","value":"EU 44 2\/3","price":"","pimage":"","pimage_id":"","pthumb":"","color":""},{"label":"45 1\/3","value":"EU 45 1\/3","price":"","pimage":"","pimage_id":"","pthumb":"","color":""},{"label":"46","value":"EU 46","price":"","pimage":"","pimage_id":"","pthumb":"","color":""},{"label":"46 2\/3","value":"EU 46 2\/3","price":"","pimage":"","pimage_id":"","pthumb":"","color":""},{"label":"47 1\/3","value":"EU 47 1\/3","price":"","pimage":"","pimage_id":"","pthumb":"","color":""}],"relations":[{"operator":false,"rules":[]}],"form_id":24802,"form_rules":{"pric_cal_option_once":false,"exclude_from_discount":false,"pric_use_as_fee":false,"fee_label":"Fee","render_after_acb":false,"disp_hide_options_price":false}}]},"yoast_head":"<!-- This site is optimized with the Yoast SEO plugin v26.5 - https:\/\/yoast.com\/wordpress\/plugins\/seo\/ -->\n<title>Adidas Hello Kitty x Wmns Adifom Stan Smith Mule &#039;50th Anniversary Pack - Clear Pink&#039; - TOURCRUISER PTE. LTD<\/title>\n<meta name=\"robots\" content=\"index, follow, max-snippet:-1, max-image-preview:large, max-video-preview:-1\" \/>\n<link rel=\"canonical\" href=\"https:\/\/tourcruiser.com\/fr\/products\/adidas-hello-kitty-x-wmns-adifom-stan-smith-mule-50th-anniversary-packclear-pink\/\" \/>\n<meta property=\"og:locale\" content=\"fr_FR\" \/>\n<meta property=\"og:type\" content=\"article\" \/>\n<meta property=\"og:title\" content=\"Adidas Hello Kitty x Wmns Adifom Stan Smith Mule &#039;50th Anniversary Pack - Clear Pink&#039; - TOURCRUISER PTE. LTD\" \/>\n<meta property=\"og:description\" content=\"adidas Adifom Stan Smith Mule \u2014 Clear Pink\/Clear Pink\/Red\" \/>\n<meta property=\"og:url\" content=\"https:\/\/tourcruiser.com\/fr\/products\/adidas-hello-kitty-x-wmns-adifom-stan-smith-mule-50th-anniversary-packclear-pink\/\" \/>\n<meta property=\"og:site_name\" content=\"Tourcruiser Sneaker Store\" \/>\n<meta property=\"article:modified_time\" content=\"2026-03-14T10:56:01+00:00\" \/>\n<meta name=\"twitter:card\" content=\"summary_large_image\" \/>\n<meta name=\"twitter:image\" content=\"https:\/\/images.novelship.com\/product\/_women__adidas_adifom_stan_smith_mule__clear_pink__0_88005.jpeg\" \/>\n<meta name=\"twitter:label1\" content=\"Dur\u00e9e de lecture estim\u00e9e\" \/>\n\t<meta name=\"twitter:data1\" content=\"1 minute\" \/>\n<script type=\"application\/ld+json\" class=\"yoast-schema-graph\">{\"@context\":\"https:\/\/schema.org\",\"@graph\":[{\"@type\":\"WebPage\",\"@id\":\"https:\/\/tourcruiser.com\/fr\/products\/adidas-hello-kitty-x-wmns-adifom-stan-smith-mule-50th-anniversary-packclear-pink\/\",\"url\":\"https:\/\/tourcruiser.com\/fr\/products\/adidas-hello-kitty-x-wmns-adifom-stan-smith-mule-50th-anniversary-packclear-pink\/\",\"name\":\"Adidas Hello Kitty x Wmns Adifom Stan Smith Mule '50th Anniversary Pack - Clear Pink' - TOURCRUISER PTE. LTD\",\"isPartOf\":{\"@id\":\"https:\/\/tourcruiser.com\/fr\/#website\"},\"primaryImageOfPage\":{\"@id\":\"https:\/\/tourcruiser.com\/fr\/products\/adidas-hello-kitty-x-wmns-adifom-stan-smith-mule-50th-anniversary-packclear-pink\/#primaryimage\"},\"image\":{\"@id\":\"https:\/\/tourcruiser.com\/fr\/products\/adidas-hello-kitty-x-wmns-adifom-stan-smith-mule-50th-anniversary-packclear-pink\/#primaryimage\"},\"thumbnailUrl\":\"https:\/\/images.novelship.com\/product\/_women__adidas_adifom_stan_smith_mule__clear_pink__0_88005.jpeg\",\"datePublished\":\"2026-02-25T10:57:28+00:00\",\"dateModified\":\"2026-03-14T10:56:01+00:00\",\"breadcrumb\":{\"@id\":\"https:\/\/tourcruiser.com\/fr\/products\/adidas-hello-kitty-x-wmns-adifom-stan-smith-mule-50th-anniversary-packclear-pink\/#breadcrumb\"},\"inLanguage\":\"fr-FR\",\"potentialAction\":[{\"@type\":\"ReadAction\",\"target\":[\"https:\/\/tourcruiser.com\/fr\/products\/adidas-hello-kitty-x-wmns-adifom-stan-smith-mule-50th-anniversary-packclear-pink\/\"]}]},{\"@type\":\"ImageObject\",\"inLanguage\":\"fr-FR\",\"@id\":\"https:\/\/tourcruiser.com\/fr\/products\/adidas-hello-kitty-x-wmns-adifom-stan-smith-mule-50th-anniversary-packclear-pink\/#primaryimage\",\"url\":\"https:\/\/images.novelship.com\/product\/_women__adidas_adifom_stan_smith_mule__clear_pink__0_88005.jpeg\",\"contentUrl\":\"https:\/\/images.novelship.com\/product\/_women__adidas_adifom_stan_smith_mule__clear_pink__0_88005.jpeg\"},{\"@type\":\"BreadcrumbList\",\"@id\":\"https:\/\/tourcruiser.com\/fr\/products\/adidas-hello-kitty-x-wmns-adifom-stan-smith-mule-50th-anniversary-packclear-pink\/#breadcrumb\",\"itemListElement\":[{\"@type\":\"ListItem\",\"position\":1,\"name\":\"Home\",\"item\":\"https:\/\/tourcruiser.com\/fr\/\"},{\"@type\":\"ListItem\",\"position\":2,\"name\":\"Shop\",\"item\":\"https:\/\/tourcruiser.com\/fr\/shop\/\"},{\"@type\":\"ListItem\",\"position\":3,\"name\":\"Adidas Hello Kitty x Wmns Adifom Stan Smith Mule '50th Anniversary Pack - Clear Pink'\"}]},{\"@type\":\"WebSite\",\"@id\":\"https:\/\/tourcruiser.com\/fr\/#website\",\"url\":\"https:\/\/tourcruiser.com\/fr\/\",\"name\":\"Styloral Jewelry Shop\",\"description\":\"Tourcruiser Sneaker Store \u2014 L\u2019endroit o\u00f9 l\u2019univers rencontre votre singularit\u00e9.\",\"publisher\":{\"@id\":\"https:\/\/tourcruiser.com\/fr\/#organization\"},\"potentialAction\":[{\"@type\":\"SearchAction\",\"target\":{\"@type\":\"EntryPoint\",\"urlTemplate\":\"https:\/\/tourcruiser.com\/fr\/?s={search_term_string}\"},\"query-input\":{\"@type\":\"PropertyValueSpecification\",\"valueRequired\":true,\"valueName\":\"search_term_string\"}}],\"inLanguage\":\"fr-FR\"},{\"@type\":\"Organization\",\"@id\":\"https:\/\/tourcruiser.com\/fr\/#organization\",\"name\":\"STYLORAL PTE. LTD\",\"url\":\"https:\/\/tourcruiser.com\/fr\/\",\"logo\":{\"@type\":\"ImageObject\",\"inLanguage\":\"fr-FR\",\"@id\":\"https:\/\/tourcruiser.com\/fr\/#\/schema\/logo\/image\/\",\"url\":\"https:\/\/www.tourcruiser.com\/wp-content\/uploads\/2025\/12\/logo.png\",\"contentUrl\":\"https:\/\/www.tourcruiser.com\/wp-content\/uploads\/2025\/12\/logo.png\",\"width\":200,\"height\":65,\"caption\":\"STYLORAL PTE. LTD\"},\"image\":{\"@id\":\"https:\/\/tourcruiser.com\/fr\/#\/schema\/logo\/image\/\"}}]}<\/script>\n<!-- \/ Yoast SEO plugin. -->","yoast_head_json":{"title":"Adidas Hello Kitty x Wmns Adifom Stan Smith Mule '50th Anniversary Pack - Clear Pink' - TOURCRUISER PTE. LTD","robots":{"index":"index","follow":"follow","max-snippet":"max-snippet:-1","max-image-preview":"max-image-preview:large","max-video-preview":"max-video-preview:-1"},"canonical":"https:\/\/tourcruiser.com\/fr\/products\/adidas-hello-kitty-x-wmns-adifom-stan-smith-mule-50th-anniversary-packclear-pink\/","og_locale":"fr_FR","og_type":"article","og_title":"Adidas Hello Kitty x Wmns Adifom Stan Smith Mule '50th Anniversary Pack - Clear Pink' - TOURCRUISER PTE. LTD","og_description":"adidas Adifom Stan Smith Mule \u2014 Clear Pink\/Clear Pink\/Red","og_url":"https:\/\/tourcruiser.com\/fr\/products\/adidas-hello-kitty-x-wmns-adifom-stan-smith-mule-50th-anniversary-packclear-pink\/","og_site_name":"Tourcruiser Sneaker Store","article_modified_time":"2026-03-14T10:56:01+00:00","twitter_card":"summary_large_image","twitter_image":"https:\/\/images.novelship.com\/product\/_women__adidas_adifom_stan_smith_mule__clear_pink__0_88005.jpeg","twitter_misc":{"Dur\u00e9e de lecture estim\u00e9e":"1 minute"},"schema":{"@context":"https:\/\/schema.org","@graph":[{"@type":"WebPage","@id":"https:\/\/tourcruiser.com\/fr\/products\/adidas-hello-kitty-x-wmns-adifom-stan-smith-mule-50th-anniversary-packclear-pink\/","url":"https:\/\/tourcruiser.com\/fr\/products\/adidas-hello-kitty-x-wmns-adifom-stan-smith-mule-50th-anniversary-packclear-pink\/","name":"Adidas Hello Kitty x Wmns Adifom Stan Smith Mule '50th Anniversary Pack - Clear Pink' - TOURCRUISER PTE. LTD","isPartOf":{"@id":"https:\/\/tourcruiser.com\/fr\/#website"},"primaryImageOfPage":{"@id":"https:\/\/tourcruiser.com\/fr\/products\/adidas-hello-kitty-x-wmns-adifom-stan-smith-mule-50th-anniversary-packclear-pink\/#primaryimage"},"image":{"@id":"https:\/\/tourcruiser.com\/fr\/products\/adidas-hello-kitty-x-wmns-adifom-stan-smith-mule-50th-anniversary-packclear-pink\/#primaryimage"},"thumbnailUrl":"https:\/\/images.novelship.com\/product\/_women__adidas_adifom_stan_smith_mule__clear_pink__0_88005.jpeg","datePublished":"2026-02-25T10:57:28+00:00","dateModified":"2026-03-14T10:56:01+00:00","breadcrumb":{"@id":"https:\/\/tourcruiser.com\/fr\/products\/adidas-hello-kitty-x-wmns-adifom-stan-smith-mule-50th-anniversary-packclear-pink\/#breadcrumb"},"inLanguage":"fr-FR","potentialAction":[{"@type":"ReadAction","target":["https:\/\/tourcruiser.com\/fr\/products\/adidas-hello-kitty-x-wmns-adifom-stan-smith-mule-50th-anniversary-packclear-pink\/"]}]},{"@type":"ImageObject","inLanguage":"fr-FR","@id":"https:\/\/tourcruiser.com\/fr\/products\/adidas-hello-kitty-x-wmns-adifom-stan-smith-mule-50th-anniversary-packclear-pink\/#primaryimage","url":"https:\/\/images.novelship.com\/product\/_women__adidas_adifom_stan_smith_mule__clear_pink__0_88005.jpeg","contentUrl":"https:\/\/images.novelship.com\/product\/_women__adidas_adifom_stan_smith_mule__clear_pink__0_88005.jpeg"},{"@type":"BreadcrumbList","@id":"https:\/\/tourcruiser.com\/fr\/products\/adidas-hello-kitty-x-wmns-adifom-stan-smith-mule-50th-anniversary-packclear-pink\/#breadcrumb","itemListElement":[{"@type":"ListItem","position":1,"name":"Home","item":"https:\/\/tourcruiser.com\/fr\/"},{"@type":"ListItem","position":2,"name":"Shop","item":"https:\/\/tourcruiser.com\/fr\/shop\/"},{"@type":"ListItem","position":3,"name":"Adidas Hello Kitty x Wmns Adifom Stan Smith Mule '50th Anniversary Pack - Clear Pink'"}]},{"@type":"WebSite","@id":"https:\/\/tourcruiser.com\/fr\/#website","url":"https:\/\/tourcruiser.com\/fr\/","name":"Styloral Jewelry Shop","description":"Tourcruiser Sneaker Store \u2014 L\u2019endroit o\u00f9 l\u2019univers rencontre votre singularit\u00e9.","publisher":{"@id":"https:\/\/tourcruiser.com\/fr\/#organization"},"potentialAction":[{"@type":"SearchAction","target":{"@type":"EntryPoint","urlTemplate":"https:\/\/tourcruiser.com\/fr\/?s={search_term_string}"},"query-input":{"@type":"PropertyValueSpecification","valueRequired":true,"valueName":"search_term_string"}}],"inLanguage":"fr-FR"},{"@type":"Organization","@id":"https:\/\/tourcruiser.com\/fr\/#organization","name":"STYLORAL PTE. LTD","url":"https:\/\/tourcruiser.com\/fr\/","logo":{"@type":"ImageObject","inLanguage":"fr-FR","@id":"https:\/\/tourcruiser.com\/fr\/#\/schema\/logo\/image\/","url":"https:\/\/www.tourcruiser.com\/wp-content\/uploads\/2025\/12\/logo.png","contentUrl":"https:\/\/www.tourcruiser.com\/wp-content\/uploads\/2025\/12\/logo.png","width":200,"height":65,"caption":"STYLORAL PTE. LTD"},"image":{"@id":"https:\/\/tourcruiser.com\/fr\/#\/schema\/logo\/image\/"}}]}},"_links":{"self":[{"href":"https:\/\/tourcruiser.com\/fr\/wp-json\/wp\/v2\/product\/20876","targetHints":{"allow":["GET"]}}],"collection":[{"href":"https:\/\/tourcruiser.com\/fr\/wp-json\/wp\/v2\/product"}],"about":[{"href":"https:\/\/tourcruiser.com\/fr\/wp-json\/wp\/v2\/types\/product"}],"replies":[{"embeddable":true,"href":"https:\/\/tourcruiser.com\/fr\/wp-json\/wp\/v2\/comments?post=20876"}],"wp:featuredmedia":[{"embeddable":true,"href":"https:\/\/tourcruiser.com\/fr\/wp-json\/wp\/v2\/media\/20877"}],"wp:attachment":[{"href":"https:\/\/tourcruiser.com\/fr\/wp-json\/wp\/v2\/media?parent=20876"}],"wp:term":[{"taxonomy":"product_brand","embeddable":true,"href":"https:\/\/tourcruiser.com\/fr\/wp-json\/wp\/v2\/product_brand?post=20876"},{"taxonomy":"product_cat","embeddable":true,"href":"https:\/\/tourcruiser.com\/fr\/wp-json\/wp\/v2\/product_cat?post=20876"},{"taxonomy":"product_tag","embeddable":true,"href":"https:\/\/tourcruiser.com\/fr\/wp-json\/wp\/v2\/product_tag?post=20876"}],"curies":[{"name":"wp","href":"https:\/\/api.w.org\/{rel}","templated":true}]}}