{"id":20841,"date":"2026-02-25T17:56:43","date_gmt":"2026-02-25T10:56:43","guid":{"rendered":"http:\/\/tourcruiser.com\/product\/new-balance-wmns-fresh-foam-x-860v14-wide-sea-salt-clay-ash"},"modified":"2026-03-14T17:55:59","modified_gmt":"2026-03-14T10:55:59","slug":"new-balance-wmns-fresh-foam-x-860v14-wide-sea-salt-clay-ash","status":"publish","type":"product","link":"https:\/\/tourcruiser.com\/fr\/products\/new-balance-wmns-fresh-foam-x-860v14-wide-sea-salt-clay-ash\/","title":{"rendered":"New Balance Wmns Fresh Foam X 860v14 Wide &lsquo;Sea Salt Clay Ash&rsquo;"},"content":{"rendered":"<p>Am\u00e9liorez votre exp\u00e9rience de course avec la New Balance Fresh Foam X 860v14 Wide \u00ab\u00a0Sea Salt Clay Ash\u00a0\u00bb, con\u00e7ue pour une performance optimale et un confort durable. Cette chaussure est sp\u00e9cialement con\u00e7ue pour les femmes recherchant une stabilit\u00e9 et un maintien accrus. L&rsquo;amorti Fresh Foam X offre une foul\u00e9e souple et r\u00e9active. Le coloris moderne \u00ab\u00a0Sea Salt Clay Ash\u00a0\u00bb allie style et fonctionnalit\u00e9, la rendant id\u00e9ale pour le sport comme pour le quotidien. Sa coupe large offre une plus grande libert\u00e9 de mouvement et un confort accru, s&rsquo;adaptant \u00e0 diff\u00e9rentes morphologies de pieds. La semelle ext\u00e9rieure en caoutchouc r\u00e9sistant assure une adh\u00e9rence fiable sur toutes les surfaces, tandis que la tige en mesh technique respirant garantit une sensation de maintien et de l\u00e9g\u00e8ret\u00e9. Que vous soyez sur les sentiers ou en ville, la 860v14 garde vos pieds au frais et bien maintenus. Cette basket polyvalente allie performance, durabilit\u00e9 et esth\u00e9tique, et s&rsquo;int\u00e8gre parfaitement \u00e0 votre style de vie actif. Coloris\u00a0: Sel marin\/Angora\/Gris cendr\u00e9<br \/>\nR\u00e9f\u00e9rence\u00a0: W860T14-D<br \/>\nTige\u00a0: Mesh<br \/>\nSemelle interm\u00e9diaire\u00a0: Fresh Foam X<br \/>\nCouleur\u00a0: Bleu<br \/>\nSaison\u00a0: Printemps<br \/>\nAnn\u00e9e de sortie\u00a0: 2025\n<\/ul>\n","protected":false},"excerpt":{"rendered":"<p>New Balance Fresh Foam X 860v14 Wide \u2014 Sea Salt\/Angora\/Clay Ash<\/p>\n","protected":false},"featured_media":20842,"comment_status":"open","ping_status":"closed","template":"","meta":[],"product_brand":[],"product_cat":[9213],"product_tag":[],"class_list":{"0":"post-20841","1":"product","2":"type-product","3":"status-publish","4":"has-post-thumbnail","6":"product_cat-new-balance-2026","7":"wcpa_has_options","9":"first","10":"instock","11":"taxable","12":"shipping-taxable","13":"purchasable","14":"product-type-simple"},"wcpa_form_fields":{"rules":{"pric_overide_base_price":false,"pric_overide_base_price_if_gt_zero":false,"pric_overide_base_price_fully":false,"pric_cal_option_once":false,"pric_use_as_fee":false,"bind_quantity":false,"quantity_bind_formula":false},"fields":[{"type":"color-group","required":true,"elementId":"wcpa-color-group-66c4a928225d2","label":"Taille","inline":true,"priceOptions":"different_for_all","pricingType":"fixed","className":"hassizechart product-shoes-size-eu product-shoes-size","name":"color-group-66c4a928225e2","disp_type":"square","selection_type":"tick-border","disp_size":"50","show_label_inside":true,"adjust_width":true,"cart_display_type":"text","other_text":"Other","cl_rule":"show","col":6,"values":[{"label":"35","value":"EU 35","price":"","pimage":"","pimage_id":"","pthumb":"","color":""},{"label":"36","value":"EU 36","price":"","pimage":"","pimage_id":"","pthumb":"","color":"","selected":true},{"label":"37","value":"EU 37","price":"","pimage":"","pimage_id":"","pthumb":"","color":""},{"label":"37.5","value":"EU 37.5","price":"","pimage":"","pimage_id":"","pthumb":"","color":""},{"label":"38","value":"EU 38","price":"","pimage":"","pimage_id":"","pthumb":"","color":""},{"label":"38.5","value":"EU 38.5","price":"","pimage":"","pimage_id":"","pthumb":"","color":""},{"label":"39","value":"EU 39","price":"","pimage":"","pimage_id":"","pthumb":"","color":""},{"label":"39.5","value":"EU 39.5","price":"","pimage":"","pimage_id":"","pthumb":"","color":""},{"label":"40","value":"EU 40","price":"","pimage":"","pimage_id":"","pthumb":"","color":""},{"label":"40.5","value":"EU 40.5","price":"","pimage":"","pimage_id":"","pthumb":"","color":""},{"label":" 41.5","value":"EU 41.5","price":"","pimage":"","pimage_id":"","pthumb":"","color":""},{"label":"42","value":"EU 42","price":"","pimage":"","pimage_id":"","pthumb":"","color":""},{"label":"42.5","value":"EU 42.5","price":"","pimage":"","pimage_id":"","pthumb":"","color":""},{"label":"43","value":"EU 43","price":"","pimage":"","pimage_id":"","pthumb":"","color":""},{"label":"44","value":"EU 44","price":"","pimage":"","pimage_id":"","pthumb":"","color":""},{"label":"44.5","value":"EU 44.5","price":"","pimage":"","pimage_id":"","pthumb":"","color":""},{"label":"45","value":"EU 45","price":"","pimage":"","pimage_id":"","pthumb":"","color":""},{"label":"45.5","value":"EU 45.5","price":"","pimage":"","pimage_id":"","pthumb":"","color":""},{"label":"46","value":"EU 46","price":"","pimage":"","pimage_id":"","pthumb":"","color":""}],"relations":[{"operator":false,"rules":[]}],"form_id":24803,"form_rules":{"pric_cal_option_once":false,"exclude_from_discount":false,"pric_use_as_fee":false,"fee_label":"Fee","render_after_acb":false,"disp_hide_options_price":false}}]},"yoast_head":"<!-- This site is optimized with the Yoast SEO plugin v26.5 - https:\/\/yoast.com\/wordpress\/plugins\/seo\/ -->\n<title>New Balance Wmns Fresh Foam X 860v14 Wide &#039;Sea Salt Clay Ash&#039; - TOURCRUISER PTE. LTD<\/title>\n<meta name=\"robots\" content=\"index, follow, max-snippet:-1, max-image-preview:large, max-video-preview:-1\" \/>\n<link rel=\"canonical\" href=\"https:\/\/tourcruiser.com\/fr\/products\/new-balance-wmns-fresh-foam-x-860v14-wide-sea-salt-clay-ash\/\" \/>\n<meta property=\"og:locale\" content=\"fr_FR\" \/>\n<meta property=\"og:type\" content=\"article\" \/>\n<meta property=\"og:title\" content=\"New Balance Wmns Fresh Foam X 860v14 Wide &#039;Sea Salt Clay Ash&#039; - TOURCRUISER PTE. LTD\" \/>\n<meta property=\"og:description\" content=\"New Balance Fresh Foam X 860v14 Wide \u2014 Sea Salt\/Angora\/Clay Ash\" \/>\n<meta property=\"og:url\" content=\"https:\/\/tourcruiser.com\/fr\/products\/new-balance-wmns-fresh-foam-x-860v14-wide-sea-salt-clay-ash\/\" \/>\n<meta property=\"og:site_name\" content=\"Tourcruiser Sneaker Store\" \/>\n<meta property=\"article:modified_time\" content=\"2026-03-14T10:55:59+00:00\" \/>\n<meta name=\"twitter:card\" content=\"summary_large_image\" \/>\n<meta name=\"twitter:image\" content=\"https:\/\/images.novelship.com\/product\/_women__new_balance_fresh_foam_x_860v14_wide__sea__0_34853.png\" \/>\n<meta name=\"twitter:label1\" content=\"Dur\u00e9e de lecture estim\u00e9e\" \/>\n\t<meta name=\"twitter:data1\" content=\"1 minute\" \/>\n<script type=\"application\/ld+json\" class=\"yoast-schema-graph\">{\"@context\":\"https:\/\/schema.org\",\"@graph\":[{\"@type\":\"WebPage\",\"@id\":\"https:\/\/tourcruiser.com\/fr\/products\/new-balance-wmns-fresh-foam-x-860v14-wide-sea-salt-clay-ash\/\",\"url\":\"https:\/\/tourcruiser.com\/fr\/products\/new-balance-wmns-fresh-foam-x-860v14-wide-sea-salt-clay-ash\/\",\"name\":\"New Balance Wmns Fresh Foam X 860v14 Wide 'Sea Salt Clay Ash' - TOURCRUISER PTE. LTD\",\"isPartOf\":{\"@id\":\"https:\/\/tourcruiser.com\/fr\/#website\"},\"primaryImageOfPage\":{\"@id\":\"https:\/\/tourcruiser.com\/fr\/products\/new-balance-wmns-fresh-foam-x-860v14-wide-sea-salt-clay-ash\/#primaryimage\"},\"image\":{\"@id\":\"https:\/\/tourcruiser.com\/fr\/products\/new-balance-wmns-fresh-foam-x-860v14-wide-sea-salt-clay-ash\/#primaryimage\"},\"thumbnailUrl\":\"https:\/\/images.novelship.com\/product\/_women__new_balance_fresh_foam_x_860v14_wide__sea__0_34853.png\",\"datePublished\":\"2026-02-25T10:56:43+00:00\",\"dateModified\":\"2026-03-14T10:55:59+00:00\",\"breadcrumb\":{\"@id\":\"https:\/\/tourcruiser.com\/fr\/products\/new-balance-wmns-fresh-foam-x-860v14-wide-sea-salt-clay-ash\/#breadcrumb\"},\"inLanguage\":\"fr-FR\",\"potentialAction\":[{\"@type\":\"ReadAction\",\"target\":[\"https:\/\/tourcruiser.com\/fr\/products\/new-balance-wmns-fresh-foam-x-860v14-wide-sea-salt-clay-ash\/\"]}]},{\"@type\":\"ImageObject\",\"inLanguage\":\"fr-FR\",\"@id\":\"https:\/\/tourcruiser.com\/fr\/products\/new-balance-wmns-fresh-foam-x-860v14-wide-sea-salt-clay-ash\/#primaryimage\",\"url\":\"https:\/\/images.novelship.com\/product\/_women__new_balance_fresh_foam_x_860v14_wide__sea__0_34853.png\",\"contentUrl\":\"https:\/\/images.novelship.com\/product\/_women__new_balance_fresh_foam_x_860v14_wide__sea__0_34853.png\"},{\"@type\":\"BreadcrumbList\",\"@id\":\"https:\/\/tourcruiser.com\/fr\/products\/new-balance-wmns-fresh-foam-x-860v14-wide-sea-salt-clay-ash\/#breadcrumb\",\"itemListElement\":[{\"@type\":\"ListItem\",\"position\":1,\"name\":\"Home\",\"item\":\"https:\/\/tourcruiser.com\/fr\/\"},{\"@type\":\"ListItem\",\"position\":2,\"name\":\"Shop\",\"item\":\"https:\/\/tourcruiser.com\/fr\/shop\/\"},{\"@type\":\"ListItem\",\"position\":3,\"name\":\"New Balance Wmns Fresh Foam X 860v14 Wide 'Sea Salt Clay Ash'\"}]},{\"@type\":\"WebSite\",\"@id\":\"https:\/\/tourcruiser.com\/fr\/#website\",\"url\":\"https:\/\/tourcruiser.com\/fr\/\",\"name\":\"Styloral Jewelry Shop\",\"description\":\"Tourcruiser Sneaker Store \u2014 L\u2019endroit o\u00f9 l\u2019univers rencontre votre singularit\u00e9.\",\"publisher\":{\"@id\":\"https:\/\/tourcruiser.com\/fr\/#organization\"},\"potentialAction\":[{\"@type\":\"SearchAction\",\"target\":{\"@type\":\"EntryPoint\",\"urlTemplate\":\"https:\/\/tourcruiser.com\/fr\/?s={search_term_string}\"},\"query-input\":{\"@type\":\"PropertyValueSpecification\",\"valueRequired\":true,\"valueName\":\"search_term_string\"}}],\"inLanguage\":\"fr-FR\"},{\"@type\":\"Organization\",\"@id\":\"https:\/\/tourcruiser.com\/fr\/#organization\",\"name\":\"STYLORAL PTE. LTD\",\"url\":\"https:\/\/tourcruiser.com\/fr\/\",\"logo\":{\"@type\":\"ImageObject\",\"inLanguage\":\"fr-FR\",\"@id\":\"https:\/\/tourcruiser.com\/fr\/#\/schema\/logo\/image\/\",\"url\":\"https:\/\/www.tourcruiser.com\/wp-content\/uploads\/2025\/12\/logo.png\",\"contentUrl\":\"https:\/\/www.tourcruiser.com\/wp-content\/uploads\/2025\/12\/logo.png\",\"width\":200,\"height\":65,\"caption\":\"STYLORAL PTE. LTD\"},\"image\":{\"@id\":\"https:\/\/tourcruiser.com\/fr\/#\/schema\/logo\/image\/\"}}]}<\/script>\n<!-- \/ Yoast SEO plugin. -->","yoast_head_json":{"title":"New Balance Wmns Fresh Foam X 860v14 Wide 'Sea Salt Clay Ash' - TOURCRUISER PTE. LTD","robots":{"index":"index","follow":"follow","max-snippet":"max-snippet:-1","max-image-preview":"max-image-preview:large","max-video-preview":"max-video-preview:-1"},"canonical":"https:\/\/tourcruiser.com\/fr\/products\/new-balance-wmns-fresh-foam-x-860v14-wide-sea-salt-clay-ash\/","og_locale":"fr_FR","og_type":"article","og_title":"New Balance Wmns Fresh Foam X 860v14 Wide 'Sea Salt Clay Ash' - TOURCRUISER PTE. LTD","og_description":"New Balance Fresh Foam X 860v14 Wide \u2014 Sea Salt\/Angora\/Clay Ash","og_url":"https:\/\/tourcruiser.com\/fr\/products\/new-balance-wmns-fresh-foam-x-860v14-wide-sea-salt-clay-ash\/","og_site_name":"Tourcruiser Sneaker Store","article_modified_time":"2026-03-14T10:55:59+00:00","twitter_card":"summary_large_image","twitter_image":"https:\/\/images.novelship.com\/product\/_women__new_balance_fresh_foam_x_860v14_wide__sea__0_34853.png","twitter_misc":{"Dur\u00e9e de lecture estim\u00e9e":"1 minute"},"schema":{"@context":"https:\/\/schema.org","@graph":[{"@type":"WebPage","@id":"https:\/\/tourcruiser.com\/fr\/products\/new-balance-wmns-fresh-foam-x-860v14-wide-sea-salt-clay-ash\/","url":"https:\/\/tourcruiser.com\/fr\/products\/new-balance-wmns-fresh-foam-x-860v14-wide-sea-salt-clay-ash\/","name":"New Balance Wmns Fresh Foam X 860v14 Wide 'Sea Salt Clay Ash' - TOURCRUISER PTE. LTD","isPartOf":{"@id":"https:\/\/tourcruiser.com\/fr\/#website"},"primaryImageOfPage":{"@id":"https:\/\/tourcruiser.com\/fr\/products\/new-balance-wmns-fresh-foam-x-860v14-wide-sea-salt-clay-ash\/#primaryimage"},"image":{"@id":"https:\/\/tourcruiser.com\/fr\/products\/new-balance-wmns-fresh-foam-x-860v14-wide-sea-salt-clay-ash\/#primaryimage"},"thumbnailUrl":"https:\/\/images.novelship.com\/product\/_women__new_balance_fresh_foam_x_860v14_wide__sea__0_34853.png","datePublished":"2026-02-25T10:56:43+00:00","dateModified":"2026-03-14T10:55:59+00:00","breadcrumb":{"@id":"https:\/\/tourcruiser.com\/fr\/products\/new-balance-wmns-fresh-foam-x-860v14-wide-sea-salt-clay-ash\/#breadcrumb"},"inLanguage":"fr-FR","potentialAction":[{"@type":"ReadAction","target":["https:\/\/tourcruiser.com\/fr\/products\/new-balance-wmns-fresh-foam-x-860v14-wide-sea-salt-clay-ash\/"]}]},{"@type":"ImageObject","inLanguage":"fr-FR","@id":"https:\/\/tourcruiser.com\/fr\/products\/new-balance-wmns-fresh-foam-x-860v14-wide-sea-salt-clay-ash\/#primaryimage","url":"https:\/\/images.novelship.com\/product\/_women__new_balance_fresh_foam_x_860v14_wide__sea__0_34853.png","contentUrl":"https:\/\/images.novelship.com\/product\/_women__new_balance_fresh_foam_x_860v14_wide__sea__0_34853.png"},{"@type":"BreadcrumbList","@id":"https:\/\/tourcruiser.com\/fr\/products\/new-balance-wmns-fresh-foam-x-860v14-wide-sea-salt-clay-ash\/#breadcrumb","itemListElement":[{"@type":"ListItem","position":1,"name":"Home","item":"https:\/\/tourcruiser.com\/fr\/"},{"@type":"ListItem","position":2,"name":"Shop","item":"https:\/\/tourcruiser.com\/fr\/shop\/"},{"@type":"ListItem","position":3,"name":"New Balance Wmns Fresh Foam X 860v14 Wide 'Sea Salt Clay Ash'"}]},{"@type":"WebSite","@id":"https:\/\/tourcruiser.com\/fr\/#website","url":"https:\/\/tourcruiser.com\/fr\/","name":"Styloral Jewelry Shop","description":"Tourcruiser Sneaker Store \u2014 L\u2019endroit o\u00f9 l\u2019univers rencontre votre singularit\u00e9.","publisher":{"@id":"https:\/\/tourcruiser.com\/fr\/#organization"},"potentialAction":[{"@type":"SearchAction","target":{"@type":"EntryPoint","urlTemplate":"https:\/\/tourcruiser.com\/fr\/?s={search_term_string}"},"query-input":{"@type":"PropertyValueSpecification","valueRequired":true,"valueName":"search_term_string"}}],"inLanguage":"fr-FR"},{"@type":"Organization","@id":"https:\/\/tourcruiser.com\/fr\/#organization","name":"STYLORAL PTE. LTD","url":"https:\/\/tourcruiser.com\/fr\/","logo":{"@type":"ImageObject","inLanguage":"fr-FR","@id":"https:\/\/tourcruiser.com\/fr\/#\/schema\/logo\/image\/","url":"https:\/\/www.tourcruiser.com\/wp-content\/uploads\/2025\/12\/logo.png","contentUrl":"https:\/\/www.tourcruiser.com\/wp-content\/uploads\/2025\/12\/logo.png","width":200,"height":65,"caption":"STYLORAL PTE. LTD"},"image":{"@id":"https:\/\/tourcruiser.com\/fr\/#\/schema\/logo\/image\/"}}]}},"_links":{"self":[{"href":"https:\/\/tourcruiser.com\/fr\/wp-json\/wp\/v2\/product\/20841","targetHints":{"allow":["GET"]}}],"collection":[{"href":"https:\/\/tourcruiser.com\/fr\/wp-json\/wp\/v2\/product"}],"about":[{"href":"https:\/\/tourcruiser.com\/fr\/wp-json\/wp\/v2\/types\/product"}],"replies":[{"embeddable":true,"href":"https:\/\/tourcruiser.com\/fr\/wp-json\/wp\/v2\/comments?post=20841"}],"wp:featuredmedia":[{"embeddable":true,"href":"https:\/\/tourcruiser.com\/fr\/wp-json\/wp\/v2\/media\/20842"}],"wp:attachment":[{"href":"https:\/\/tourcruiser.com\/fr\/wp-json\/wp\/v2\/media?parent=20841"}],"wp:term":[{"taxonomy":"product_brand","embeddable":true,"href":"https:\/\/tourcruiser.com\/fr\/wp-json\/wp\/v2\/product_brand?post=20841"},{"taxonomy":"product_cat","embeddable":true,"href":"https:\/\/tourcruiser.com\/fr\/wp-json\/wp\/v2\/product_cat?post=20841"},{"taxonomy":"product_tag","embeddable":true,"href":"https:\/\/tourcruiser.com\/fr\/wp-json\/wp\/v2\/product_tag?post=20841"}],"curies":[{"name":"wp","href":"https:\/\/api.w.org\/{rel}","templated":true}]}}