{"id":20139,"date":"2026-02-25T17:39:25","date_gmt":"2026-02-25T10:39:25","guid":{"rendered":"http:\/\/tourcruiser.com\/product\/adidas-s2g-spikeless-24-golf-white-collegiate-green-gum"},"modified":"2026-03-14T17:54:38","modified_gmt":"2026-03-14T10:54:38","slug":"adidas-s2g-spikeless-24-golf-white-collegiate-green-gum","status":"publish","type":"product","link":"https:\/\/tourcruiser.com\/fr\/products\/adidas-s2g-spikeless-24-golf-white-collegiate-green-gum\/","title":{"rendered":"Adidas S2G Spikeless 24 Golf &lsquo;White Collegiate Green Gum&rsquo;"},"content":{"rendered":"<p>Am\u00e9liorez votre jeu avec les chaussures de golf adidas S2G Spikeless Leather 24, coloris Collegiate Green \u2013 l&rsquo;alliance parfaite de performance, de confort et de style. Confectionn\u00e9es en cuir premium, ces chaussures sans crampons offrent un \u00e9quilibre id\u00e9al entre durabilit\u00e9 et \u00e9l\u00e9gance, pour un confort optimal sur le parcours. Le coloris Collegiate Green apporte une touche de modernit\u00e9 \u00e0 votre tenue, pour un look \u00e0 la fois discret et sophistiqu\u00e9. La semelle ext\u00e9rieure, con\u00e7ue pour une stabilit\u00e9 et une adh\u00e9rence optimales, s&rsquo;adapte parfaitement \u00e0 toutes les surfaces \u2013 id\u00e9ale pour le golf comme pour vos loisirs. L&rsquo;amorti r\u00e9actif assure un confort durable, vous permettant de rester concentr\u00e9 du premier au dernier putt. Gr\u00e2ce \u00e0 la technologie innovante adidas et \u00e0 des mat\u00e9riaux \u00e9co-responsables, les S2G Spikeless Leather 24 sont le choix fiable et \u00e9l\u00e9gant des golfeurs soucieux de durabilit\u00e9 et de haute performance. Adapt\u00e9es \u00e0 tous les niveaux, ces chaussures offrent une traction et un maintien optimaux pour un jeu confiant sur 18 trous et plus. Affirmez votre style et profitez d&rsquo;un confort in\u00e9gal\u00e9 gr\u00e2ce \u00e0 l&rsquo;engagement d&rsquo;adidas pour un savoir-faire d&rsquo;exception. Coloris\u00a0: Blanc nuage\/Vert universitaire\/Gomme Code article\u00a0: IF0299 Mati\u00e8re ext\u00e9rieure\u00a0: Cuir Semelle interm\u00e9diaire\u00a0: Lightstrike Couleur\u00a0: Blanc<\/p>\n","protected":false},"excerpt":{"rendered":"<p>adidas S2G Spikeless Leather 24 \u2014 Cloud White\/Collegiate Green\/Gum<\/p>\n","protected":false},"featured_media":20140,"comment_status":"open","ping_status":"closed","template":"","meta":[],"product_brand":[],"product_cat":[9215],"product_tag":[9644],"class_list":{"0":"post-20139","1":"product","2":"type-product","3":"status-publish","4":"has-post-thumbnail","6":"product_cat-adidas-2026","7":"product_tag-9644","8":"wcpa_has_options","10":"first","11":"instock","12":"taxable","13":"shipping-taxable","14":"purchasable","15":"product-type-simple"},"wcpa_form_fields":{"rules":{"pric_overide_base_price":false,"pric_overide_base_price_if_gt_zero":false,"pric_overide_base_price_fully":false,"pric_cal_option_once":false,"pric_use_as_fee":false,"bind_quantity":false,"quantity_bind_formula":false},"fields":[{"type":"color-group","required":true,"elementId":"wcpa-color-group-66c4a7f817afe","label":"Taille","inline":true,"priceOptions":"different_for_all","pricingType":"fixed","className":"hassizechart product-shoes-size-eu product-shoes-size","name":"color-group-66c4a7f817b18","disp_type":"square","selection_type":"tick-border","disp_size":"50","show_label_inside":true,"adjust_width":true,"cart_display_type":"text","other_text":"Other","cl_rule":"show","col":6,"values":[{"label":"35","value":"EU 35","price":"","pimage":"","pimage_id":"","pthumb":"","color":""},{"label":"35.5","value":"EU 35.5","price":"","pimage":"","pimage_id":"","pthumb":"","color":""},{"label":"36","value":"EU 36","price":"","pimage":"","pimage_id":"","pthumb":"","color":"","selected":true},{"label":"36 2\/3","value":"EU 36 2\/3","price":"","pimage":"","pimage_id":"","pthumb":"","color":""},{"label":"37 1\/3","value":"EU 37 1\/3","price":"","pimage":"","pimage_id":"","pthumb":"","color":""},{"label":"38","value":"EU 38","price":"","pimage":"","pimage_id":"","pthumb":"","color":""},{"label":"38 2\/3","value":"EU 38 2\/3","price":"","pimage":"","pimage_id":"","pthumb":"","color":""},{"label":"39 1\/3","value":"EU 39 1\/3","price":"","pimage":"","pimage_id":"","pthumb":"","color":""},{"label":"40","value":"EU 40","price":"","pimage":"","pimage_id":"","pthumb":"","color":""},{"label":"40 2\/3","value":"EU 40 2\/3","price":"","pimage":"","pimage_id":"","pthumb":"","color":""},{"label":"41 1\/3","value":"EU 41 1\/3","price":"","pimage":"","pimage_id":"","pthumb":"","color":""},{"label":"42","value":"EU 42","price":"","pimage":"","pimage_id":"","pthumb":"","color":""},{"label":"42 2\/3","value":"EU 42 2\/3","price":"","pimage":"","pimage_id":"","pthumb":"","color":""},{"label":"43 1\/3","value":"EU 43 1\/3","price":"","pimage":"","pimage_id":"","pthumb":"","color":""},{"label":"44","value":"EU 44","price":"","pimage":"","pimage_id":"","pthumb":"","color":""},{"label":"44 2\/3","value":"EU 44 2\/3","price":"","pimage":"","pimage_id":"","pthumb":"","color":""},{"label":"45 1\/3","value":"EU 45 1\/3","price":"","pimage":"","pimage_id":"","pthumb":"","color":""},{"label":"46","value":"EU 46","price":"","pimage":"","pimage_id":"","pthumb":"","color":""},{"label":"46 2\/3","value":"EU 46 2\/3","price":"","pimage":"","pimage_id":"","pthumb":"","color":""},{"label":"47 1\/3","value":"EU 47 1\/3","price":"","pimage":"","pimage_id":"","pthumb":"","color":""}],"relations":[{"operator":false,"rules":[]}],"form_id":24802,"form_rules":{"pric_cal_option_once":false,"exclude_from_discount":false,"pric_use_as_fee":false,"fee_label":"Fee","render_after_acb":false,"disp_hide_options_price":false}}]},"yoast_head":"<!-- This site is optimized with the Yoast SEO plugin v26.5 - https:\/\/yoast.com\/wordpress\/plugins\/seo\/ -->\n<title>Adidas S2G Spikeless 24 Golf &#039;White Collegiate Green Gum&#039; - TOURCRUISER PTE. LTD<\/title>\n<meta name=\"robots\" content=\"index, follow, max-snippet:-1, max-image-preview:large, max-video-preview:-1\" \/>\n<link rel=\"canonical\" href=\"https:\/\/tourcruiser.com\/fr\/products\/adidas-s2g-spikeless-24-golf-white-collegiate-green-gum\/\" \/>\n<meta property=\"og:locale\" content=\"fr_FR\" \/>\n<meta property=\"og:type\" content=\"article\" \/>\n<meta property=\"og:title\" content=\"Adidas S2G Spikeless 24 Golf &#039;White Collegiate Green Gum&#039; - TOURCRUISER PTE. LTD\" \/>\n<meta property=\"og:description\" content=\"adidas S2G Spikeless Leather 24 \u2014 Cloud White\/Collegiate Green\/Gum\" \/>\n<meta property=\"og:url\" content=\"https:\/\/tourcruiser.com\/fr\/products\/adidas-s2g-spikeless-24-golf-white-collegiate-green-gum\/\" \/>\n<meta property=\"og:site_name\" content=\"Tourcruiser Sneaker Store\" \/>\n<meta property=\"article:modified_time\" content=\"2026-03-14T10:54:38+00:00\" \/>\n<meta name=\"twitter:card\" content=\"summary_large_image\" \/>\n<meta name=\"twitter:image\" content=\"https:\/\/images.novelship.com\/product\/adidas_s2g_spikeless_leather_24_golf__collegiate_g_0_98965.jpeg\" \/>\n<meta name=\"twitter:label1\" content=\"Dur\u00e9e de lecture estim\u00e9e\" \/>\n\t<meta name=\"twitter:data1\" content=\"1 minute\" \/>\n<script type=\"application\/ld+json\" class=\"yoast-schema-graph\">{\"@context\":\"https:\/\/schema.org\",\"@graph\":[{\"@type\":\"WebPage\",\"@id\":\"https:\/\/tourcruiser.com\/fr\/products\/adidas-s2g-spikeless-24-golf-white-collegiate-green-gum\/\",\"url\":\"https:\/\/tourcruiser.com\/fr\/products\/adidas-s2g-spikeless-24-golf-white-collegiate-green-gum\/\",\"name\":\"Adidas S2G Spikeless 24 Golf 'White Collegiate Green Gum' - TOURCRUISER PTE. LTD\",\"isPartOf\":{\"@id\":\"https:\/\/tourcruiser.com\/fr\/#website\"},\"primaryImageOfPage\":{\"@id\":\"https:\/\/tourcruiser.com\/fr\/products\/adidas-s2g-spikeless-24-golf-white-collegiate-green-gum\/#primaryimage\"},\"image\":{\"@id\":\"https:\/\/tourcruiser.com\/fr\/products\/adidas-s2g-spikeless-24-golf-white-collegiate-green-gum\/#primaryimage\"},\"thumbnailUrl\":\"https:\/\/images.novelship.com\/product\/adidas_s2g_spikeless_leather_24_golf__collegiate_g_0_98965.jpeg\",\"datePublished\":\"2026-02-25T10:39:25+00:00\",\"dateModified\":\"2026-03-14T10:54:38+00:00\",\"breadcrumb\":{\"@id\":\"https:\/\/tourcruiser.com\/fr\/products\/adidas-s2g-spikeless-24-golf-white-collegiate-green-gum\/#breadcrumb\"},\"inLanguage\":\"fr-FR\",\"potentialAction\":[{\"@type\":\"ReadAction\",\"target\":[\"https:\/\/tourcruiser.com\/fr\/products\/adidas-s2g-spikeless-24-golf-white-collegiate-green-gum\/\"]}]},{\"@type\":\"ImageObject\",\"inLanguage\":\"fr-FR\",\"@id\":\"https:\/\/tourcruiser.com\/fr\/products\/adidas-s2g-spikeless-24-golf-white-collegiate-green-gum\/#primaryimage\",\"url\":\"https:\/\/images.novelship.com\/product\/adidas_s2g_spikeless_leather_24_golf__collegiate_g_0_98965.jpeg\",\"contentUrl\":\"https:\/\/images.novelship.com\/product\/adidas_s2g_spikeless_leather_24_golf__collegiate_g_0_98965.jpeg\"},{\"@type\":\"BreadcrumbList\",\"@id\":\"https:\/\/tourcruiser.com\/fr\/products\/adidas-s2g-spikeless-24-golf-white-collegiate-green-gum\/#breadcrumb\",\"itemListElement\":[{\"@type\":\"ListItem\",\"position\":1,\"name\":\"Home\",\"item\":\"https:\/\/tourcruiser.com\/fr\/\"},{\"@type\":\"ListItem\",\"position\":2,\"name\":\"Shop\",\"item\":\"https:\/\/tourcruiser.com\/fr\/shop\/\"},{\"@type\":\"ListItem\",\"position\":3,\"name\":\"Adidas S2G Spikeless 24 Golf 'White Collegiate Green Gum'\"}]},{\"@type\":\"WebSite\",\"@id\":\"https:\/\/tourcruiser.com\/fr\/#website\",\"url\":\"https:\/\/tourcruiser.com\/fr\/\",\"name\":\"Styloral Jewelry Shop\",\"description\":\"Tourcruiser Sneaker Store \u2014 L\u2019endroit o\u00f9 l\u2019univers rencontre votre singularit\u00e9.\",\"publisher\":{\"@id\":\"https:\/\/tourcruiser.com\/fr\/#organization\"},\"potentialAction\":[{\"@type\":\"SearchAction\",\"target\":{\"@type\":\"EntryPoint\",\"urlTemplate\":\"https:\/\/tourcruiser.com\/fr\/?s={search_term_string}\"},\"query-input\":{\"@type\":\"PropertyValueSpecification\",\"valueRequired\":true,\"valueName\":\"search_term_string\"}}],\"inLanguage\":\"fr-FR\"},{\"@type\":\"Organization\",\"@id\":\"https:\/\/tourcruiser.com\/fr\/#organization\",\"name\":\"STYLORAL PTE. LTD\",\"url\":\"https:\/\/tourcruiser.com\/fr\/\",\"logo\":{\"@type\":\"ImageObject\",\"inLanguage\":\"fr-FR\",\"@id\":\"https:\/\/tourcruiser.com\/fr\/#\/schema\/logo\/image\/\",\"url\":\"https:\/\/www.tourcruiser.com\/wp-content\/uploads\/2025\/12\/logo.png\",\"contentUrl\":\"https:\/\/www.tourcruiser.com\/wp-content\/uploads\/2025\/12\/logo.png\",\"width\":200,\"height\":65,\"caption\":\"STYLORAL PTE. LTD\"},\"image\":{\"@id\":\"https:\/\/tourcruiser.com\/fr\/#\/schema\/logo\/image\/\"}}]}<\/script>\n<!-- \/ Yoast SEO plugin. -->","yoast_head_json":{"title":"Adidas S2G Spikeless 24 Golf 'White Collegiate Green Gum' - TOURCRUISER PTE. LTD","robots":{"index":"index","follow":"follow","max-snippet":"max-snippet:-1","max-image-preview":"max-image-preview:large","max-video-preview":"max-video-preview:-1"},"canonical":"https:\/\/tourcruiser.com\/fr\/products\/adidas-s2g-spikeless-24-golf-white-collegiate-green-gum\/","og_locale":"fr_FR","og_type":"article","og_title":"Adidas S2G Spikeless 24 Golf 'White Collegiate Green Gum' - TOURCRUISER PTE. LTD","og_description":"adidas S2G Spikeless Leather 24 \u2014 Cloud White\/Collegiate Green\/Gum","og_url":"https:\/\/tourcruiser.com\/fr\/products\/adidas-s2g-spikeless-24-golf-white-collegiate-green-gum\/","og_site_name":"Tourcruiser Sneaker Store","article_modified_time":"2026-03-14T10:54:38+00:00","twitter_card":"summary_large_image","twitter_image":"https:\/\/images.novelship.com\/product\/adidas_s2g_spikeless_leather_24_golf__collegiate_g_0_98965.jpeg","twitter_misc":{"Dur\u00e9e de lecture estim\u00e9e":"1 minute"},"schema":{"@context":"https:\/\/schema.org","@graph":[{"@type":"WebPage","@id":"https:\/\/tourcruiser.com\/fr\/products\/adidas-s2g-spikeless-24-golf-white-collegiate-green-gum\/","url":"https:\/\/tourcruiser.com\/fr\/products\/adidas-s2g-spikeless-24-golf-white-collegiate-green-gum\/","name":"Adidas S2G Spikeless 24 Golf 'White Collegiate Green Gum' - TOURCRUISER PTE. LTD","isPartOf":{"@id":"https:\/\/tourcruiser.com\/fr\/#website"},"primaryImageOfPage":{"@id":"https:\/\/tourcruiser.com\/fr\/products\/adidas-s2g-spikeless-24-golf-white-collegiate-green-gum\/#primaryimage"},"image":{"@id":"https:\/\/tourcruiser.com\/fr\/products\/adidas-s2g-spikeless-24-golf-white-collegiate-green-gum\/#primaryimage"},"thumbnailUrl":"https:\/\/images.novelship.com\/product\/adidas_s2g_spikeless_leather_24_golf__collegiate_g_0_98965.jpeg","datePublished":"2026-02-25T10:39:25+00:00","dateModified":"2026-03-14T10:54:38+00:00","breadcrumb":{"@id":"https:\/\/tourcruiser.com\/fr\/products\/adidas-s2g-spikeless-24-golf-white-collegiate-green-gum\/#breadcrumb"},"inLanguage":"fr-FR","potentialAction":[{"@type":"ReadAction","target":["https:\/\/tourcruiser.com\/fr\/products\/adidas-s2g-spikeless-24-golf-white-collegiate-green-gum\/"]}]},{"@type":"ImageObject","inLanguage":"fr-FR","@id":"https:\/\/tourcruiser.com\/fr\/products\/adidas-s2g-spikeless-24-golf-white-collegiate-green-gum\/#primaryimage","url":"https:\/\/images.novelship.com\/product\/adidas_s2g_spikeless_leather_24_golf__collegiate_g_0_98965.jpeg","contentUrl":"https:\/\/images.novelship.com\/product\/adidas_s2g_spikeless_leather_24_golf__collegiate_g_0_98965.jpeg"},{"@type":"BreadcrumbList","@id":"https:\/\/tourcruiser.com\/fr\/products\/adidas-s2g-spikeless-24-golf-white-collegiate-green-gum\/#breadcrumb","itemListElement":[{"@type":"ListItem","position":1,"name":"Home","item":"https:\/\/tourcruiser.com\/fr\/"},{"@type":"ListItem","position":2,"name":"Shop","item":"https:\/\/tourcruiser.com\/fr\/shop\/"},{"@type":"ListItem","position":3,"name":"Adidas S2G Spikeless 24 Golf 'White Collegiate Green Gum'"}]},{"@type":"WebSite","@id":"https:\/\/tourcruiser.com\/fr\/#website","url":"https:\/\/tourcruiser.com\/fr\/","name":"Styloral Jewelry Shop","description":"Tourcruiser Sneaker Store \u2014 L\u2019endroit o\u00f9 l\u2019univers rencontre votre singularit\u00e9.","publisher":{"@id":"https:\/\/tourcruiser.com\/fr\/#organization"},"potentialAction":[{"@type":"SearchAction","target":{"@type":"EntryPoint","urlTemplate":"https:\/\/tourcruiser.com\/fr\/?s={search_term_string}"},"query-input":{"@type":"PropertyValueSpecification","valueRequired":true,"valueName":"search_term_string"}}],"inLanguage":"fr-FR"},{"@type":"Organization","@id":"https:\/\/tourcruiser.com\/fr\/#organization","name":"STYLORAL PTE. LTD","url":"https:\/\/tourcruiser.com\/fr\/","logo":{"@type":"ImageObject","inLanguage":"fr-FR","@id":"https:\/\/tourcruiser.com\/fr\/#\/schema\/logo\/image\/","url":"https:\/\/www.tourcruiser.com\/wp-content\/uploads\/2025\/12\/logo.png","contentUrl":"https:\/\/www.tourcruiser.com\/wp-content\/uploads\/2025\/12\/logo.png","width":200,"height":65,"caption":"STYLORAL PTE. LTD"},"image":{"@id":"https:\/\/tourcruiser.com\/fr\/#\/schema\/logo\/image\/"}}]}},"_links":{"self":[{"href":"https:\/\/tourcruiser.com\/fr\/wp-json\/wp\/v2\/product\/20139","targetHints":{"allow":["GET"]}}],"collection":[{"href":"https:\/\/tourcruiser.com\/fr\/wp-json\/wp\/v2\/product"}],"about":[{"href":"https:\/\/tourcruiser.com\/fr\/wp-json\/wp\/v2\/types\/product"}],"replies":[{"embeddable":true,"href":"https:\/\/tourcruiser.com\/fr\/wp-json\/wp\/v2\/comments?post=20139"}],"wp:featuredmedia":[{"embeddable":true,"href":"https:\/\/tourcruiser.com\/fr\/wp-json\/wp\/v2\/media\/20140"}],"wp:attachment":[{"href":"https:\/\/tourcruiser.com\/fr\/wp-json\/wp\/v2\/media?parent=20139"}],"wp:term":[{"taxonomy":"product_brand","embeddable":true,"href":"https:\/\/tourcruiser.com\/fr\/wp-json\/wp\/v2\/product_brand?post=20139"},{"taxonomy":"product_cat","embeddable":true,"href":"https:\/\/tourcruiser.com\/fr\/wp-json\/wp\/v2\/product_cat?post=20139"},{"taxonomy":"product_tag","embeddable":true,"href":"https:\/\/tourcruiser.com\/fr\/wp-json\/wp\/v2\/product_tag?post=20139"}],"curies":[{"name":"wp","href":"https:\/\/api.w.org\/{rel}","templated":true}]}}