{"id":19961,"date":"2026-02-25T17:35:33","date_gmt":"2026-02-25T10:35:33","guid":{"rendered":"http:\/\/tourcruiser.com\/product\/adidas-caroline-hu-x-clot-x-wmns-taekwondo-off-white-silver-metallic-brown"},"modified":"2026-03-14T17:54:16","modified_gmt":"2026-03-14T10:54:16","slug":"adidas-caroline-hu-x-clot-x-wmns-taekwondo-off-white-silver-metallic-brown","status":"publish","type":"product","link":"https:\/\/tourcruiser.com\/fr\/products\/adidas-caroline-hu-x-clot-x-wmns-taekwondo-off-white-silver-metallic-brown\/","title":{"rendered":"Adidas Caroline Hu x CLOT x Wmns Taekwondo &lsquo;Off White Silver Metallic Brown&rsquo;"},"content":{"rendered":"<p>D\u00e9couvrez la collaboration exclusive Adidas Taekwondo CH x EDC\u00a0: l\u2019alliance parfaite du style et de la performance. Ces baskets blanc cr\u00e8me, rehauss\u00e9es de d\u00e9tails argent\u00e9s m\u00e9tallis\u00e9s et d\u2019une \u00e9l\u00e9gante teinte marron, sont con\u00e7ues pour la femme moderne qui allie mode et fonctionnalit\u00e9. Id\u00e9ales pour un mode de vie actif, elles offrent un confort exceptionnel et un maintien optimal. Appr\u00e9ciez la fusion du design inspir\u00e9 du Taekwondo et d\u2019une touche urbaine et d\u00e9marquez-vous en toutes circonstances. Enrichissez votre collection de chaussures avec une \u00e9l\u00e9gance incomparable et des performances sportives. <\/p>\n<p>Couleur\u00a0: Blanc cr\u00e8me\/Argent m\u00e9tallis\u00e9\/Marron<br \/>\nR\u00e9f\u00e9rence\u00a0: JR6919<br \/>\nMati\u00e8re ext\u00e9rieure\u00a0: Cuir verni<br \/>\nCouleur\u00a0: Blanc<\/p>\n<p>Couleur\u00a0:<\/p>\n","protected":false},"excerpt":{"rendered":"<p>adidas Taekwondo \u2014 Off White\/Silver Metallic\/Brown<\/p>\n","protected":false},"featured_media":19962,"comment_status":"open","ping_status":"closed","template":"","meta":[],"product_brand":[],"product_cat":[9215],"product_tag":[9589],"class_list":{"0":"post-19961","1":"product","2":"type-product","3":"status-publish","4":"has-post-thumbnail","6":"product_cat-adidas-2026","7":"product_tag-9589","8":"wcpa_has_options","10":"first","11":"instock","12":"taxable","13":"shipping-taxable","14":"purchasable","15":"product-type-simple"},"wcpa_form_fields":{"rules":{"pric_overide_base_price":false,"pric_overide_base_price_if_gt_zero":false,"pric_overide_base_price_fully":false,"pric_cal_option_once":false,"pric_use_as_fee":false,"bind_quantity":false,"quantity_bind_formula":false},"fields":[{"type":"color-group","required":true,"elementId":"wcpa-color-group-66c4a7f817afe","label":"Taille","inline":true,"priceOptions":"different_for_all","pricingType":"fixed","className":"hassizechart product-shoes-size-eu product-shoes-size","name":"color-group-66c4a7f817b18","disp_type":"square","selection_type":"tick-border","disp_size":"50","show_label_inside":true,"adjust_width":true,"cart_display_type":"text","other_text":"Other","cl_rule":"show","col":6,"values":[{"label":"35","value":"EU 35","price":"","pimage":"","pimage_id":"","pthumb":"","color":""},{"label":"35.5","value":"EU 35.5","price":"","pimage":"","pimage_id":"","pthumb":"","color":""},{"label":"36","value":"EU 36","price":"","pimage":"","pimage_id":"","pthumb":"","color":"","selected":true},{"label":"36 2\/3","value":"EU 36 2\/3","price":"","pimage":"","pimage_id":"","pthumb":"","color":""},{"label":"37 1\/3","value":"EU 37 1\/3","price":"","pimage":"","pimage_id":"","pthumb":"","color":""},{"label":"38","value":"EU 38","price":"","pimage":"","pimage_id":"","pthumb":"","color":""},{"label":"38 2\/3","value":"EU 38 2\/3","price":"","pimage":"","pimage_id":"","pthumb":"","color":""},{"label":"39 1\/3","value":"EU 39 1\/3","price":"","pimage":"","pimage_id":"","pthumb":"","color":""},{"label":"40","value":"EU 40","price":"","pimage":"","pimage_id":"","pthumb":"","color":""},{"label":"40 2\/3","value":"EU 40 2\/3","price":"","pimage":"","pimage_id":"","pthumb":"","color":""},{"label":"41 1\/3","value":"EU 41 1\/3","price":"","pimage":"","pimage_id":"","pthumb":"","color":""},{"label":"42","value":"EU 42","price":"","pimage":"","pimage_id":"","pthumb":"","color":""},{"label":"42 2\/3","value":"EU 42 2\/3","price":"","pimage":"","pimage_id":"","pthumb":"","color":""},{"label":"43 1\/3","value":"EU 43 1\/3","price":"","pimage":"","pimage_id":"","pthumb":"","color":""},{"label":"44","value":"EU 44","price":"","pimage":"","pimage_id":"","pthumb":"","color":""},{"label":"44 2\/3","value":"EU 44 2\/3","price":"","pimage":"","pimage_id":"","pthumb":"","color":""},{"label":"45 1\/3","value":"EU 45 1\/3","price":"","pimage":"","pimage_id":"","pthumb":"","color":""},{"label":"46","value":"EU 46","price":"","pimage":"","pimage_id":"","pthumb":"","color":""},{"label":"46 2\/3","value":"EU 46 2\/3","price":"","pimage":"","pimage_id":"","pthumb":"","color":""},{"label":"47 1\/3","value":"EU 47 1\/3","price":"","pimage":"","pimage_id":"","pthumb":"","color":""}],"relations":[{"operator":false,"rules":[]}],"form_id":24802,"form_rules":{"pric_cal_option_once":false,"exclude_from_discount":false,"pric_use_as_fee":false,"fee_label":"Fee","render_after_acb":false,"disp_hide_options_price":false}}]},"yoast_head":"<!-- This site is optimized with the Yoast SEO plugin v26.5 - https:\/\/yoast.com\/wordpress\/plugins\/seo\/ -->\n<title>Adidas Caroline Hu x CLOT x Wmns Taekwondo &#039;Off White Silver Metallic Brown&#039; - TOURCRUISER PTE. LTD<\/title>\n<meta name=\"robots\" content=\"index, follow, max-snippet:-1, max-image-preview:large, max-video-preview:-1\" \/>\n<link rel=\"canonical\" href=\"https:\/\/tourcruiser.com\/fr\/products\/adidas-caroline-hu-x-clot-x-wmns-taekwondo-off-white-silver-metallic-brown\/\" \/>\n<meta property=\"og:locale\" content=\"fr_FR\" \/>\n<meta property=\"og:type\" content=\"article\" \/>\n<meta property=\"og:title\" content=\"Adidas Caroline Hu x CLOT x Wmns Taekwondo &#039;Off White Silver Metallic Brown&#039; - TOURCRUISER PTE. LTD\" \/>\n<meta property=\"og:description\" content=\"adidas Taekwondo \u2014 Off White\/Silver Metallic\/Brown\" \/>\n<meta property=\"og:url\" content=\"https:\/\/tourcruiser.com\/fr\/products\/adidas-caroline-hu-x-clot-x-wmns-taekwondo-off-white-silver-metallic-brown\/\" \/>\n<meta property=\"og:site_name\" content=\"Tourcruiser Sneaker Store\" \/>\n<meta property=\"article:modified_time\" content=\"2026-03-14T10:54:16+00:00\" \/>\n<meta name=\"twitter:card\" content=\"summary_large_image\" \/>\n<meta name=\"twitter:image\" content=\"https:\/\/images.novelship.com\/product\/_women__adidas_taekwondo_collaboration_ch_x_edc_sn_0_92199.jpeg\" \/>\n<meta name=\"twitter:label1\" content=\"Dur\u00e9e de lecture estim\u00e9e\" \/>\n\t<meta name=\"twitter:data1\" content=\"1 minute\" \/>\n<script type=\"application\/ld+json\" class=\"yoast-schema-graph\">{\"@context\":\"https:\/\/schema.org\",\"@graph\":[{\"@type\":\"WebPage\",\"@id\":\"https:\/\/tourcruiser.com\/fr\/products\/adidas-caroline-hu-x-clot-x-wmns-taekwondo-off-white-silver-metallic-brown\/\",\"url\":\"https:\/\/tourcruiser.com\/fr\/products\/adidas-caroline-hu-x-clot-x-wmns-taekwondo-off-white-silver-metallic-brown\/\",\"name\":\"Adidas Caroline Hu x CLOT x Wmns Taekwondo 'Off White Silver Metallic Brown' - TOURCRUISER PTE. LTD\",\"isPartOf\":{\"@id\":\"https:\/\/tourcruiser.com\/fr\/#website\"},\"primaryImageOfPage\":{\"@id\":\"https:\/\/tourcruiser.com\/fr\/products\/adidas-caroline-hu-x-clot-x-wmns-taekwondo-off-white-silver-metallic-brown\/#primaryimage\"},\"image\":{\"@id\":\"https:\/\/tourcruiser.com\/fr\/products\/adidas-caroline-hu-x-clot-x-wmns-taekwondo-off-white-silver-metallic-brown\/#primaryimage\"},\"thumbnailUrl\":\"https:\/\/images.novelship.com\/product\/_women__adidas_taekwondo_collaboration_ch_x_edc_sn_0_92199.jpeg\",\"datePublished\":\"2026-02-25T10:35:33+00:00\",\"dateModified\":\"2026-03-14T10:54:16+00:00\",\"breadcrumb\":{\"@id\":\"https:\/\/tourcruiser.com\/fr\/products\/adidas-caroline-hu-x-clot-x-wmns-taekwondo-off-white-silver-metallic-brown\/#breadcrumb\"},\"inLanguage\":\"fr-FR\",\"potentialAction\":[{\"@type\":\"ReadAction\",\"target\":[\"https:\/\/tourcruiser.com\/fr\/products\/adidas-caroline-hu-x-clot-x-wmns-taekwondo-off-white-silver-metallic-brown\/\"]}]},{\"@type\":\"ImageObject\",\"inLanguage\":\"fr-FR\",\"@id\":\"https:\/\/tourcruiser.com\/fr\/products\/adidas-caroline-hu-x-clot-x-wmns-taekwondo-off-white-silver-metallic-brown\/#primaryimage\",\"url\":\"https:\/\/images.novelship.com\/product\/_women__adidas_taekwondo_collaboration_ch_x_edc_sn_0_92199.jpeg\",\"contentUrl\":\"https:\/\/images.novelship.com\/product\/_women__adidas_taekwondo_collaboration_ch_x_edc_sn_0_92199.jpeg\"},{\"@type\":\"BreadcrumbList\",\"@id\":\"https:\/\/tourcruiser.com\/fr\/products\/adidas-caroline-hu-x-clot-x-wmns-taekwondo-off-white-silver-metallic-brown\/#breadcrumb\",\"itemListElement\":[{\"@type\":\"ListItem\",\"position\":1,\"name\":\"Home\",\"item\":\"https:\/\/tourcruiser.com\/fr\/\"},{\"@type\":\"ListItem\",\"position\":2,\"name\":\"Shop\",\"item\":\"https:\/\/tourcruiser.com\/fr\/shop\/\"},{\"@type\":\"ListItem\",\"position\":3,\"name\":\"Adidas Caroline Hu x CLOT x Wmns Taekwondo 'Off White Silver Metallic Brown'\"}]},{\"@type\":\"WebSite\",\"@id\":\"https:\/\/tourcruiser.com\/fr\/#website\",\"url\":\"https:\/\/tourcruiser.com\/fr\/\",\"name\":\"Styloral Jewelry Shop\",\"description\":\"Tourcruiser Sneaker Store \u2014 L\u2019endroit o\u00f9 l\u2019univers rencontre votre singularit\u00e9.\",\"publisher\":{\"@id\":\"https:\/\/tourcruiser.com\/fr\/#organization\"},\"potentialAction\":[{\"@type\":\"SearchAction\",\"target\":{\"@type\":\"EntryPoint\",\"urlTemplate\":\"https:\/\/tourcruiser.com\/fr\/?s={search_term_string}\"},\"query-input\":{\"@type\":\"PropertyValueSpecification\",\"valueRequired\":true,\"valueName\":\"search_term_string\"}}],\"inLanguage\":\"fr-FR\"},{\"@type\":\"Organization\",\"@id\":\"https:\/\/tourcruiser.com\/fr\/#organization\",\"name\":\"STYLORAL PTE. LTD\",\"url\":\"https:\/\/tourcruiser.com\/fr\/\",\"logo\":{\"@type\":\"ImageObject\",\"inLanguage\":\"fr-FR\",\"@id\":\"https:\/\/tourcruiser.com\/fr\/#\/schema\/logo\/image\/\",\"url\":\"https:\/\/www.tourcruiser.com\/wp-content\/uploads\/2025\/12\/logo.png\",\"contentUrl\":\"https:\/\/www.tourcruiser.com\/wp-content\/uploads\/2025\/12\/logo.png\",\"width\":200,\"height\":65,\"caption\":\"STYLORAL PTE. LTD\"},\"image\":{\"@id\":\"https:\/\/tourcruiser.com\/fr\/#\/schema\/logo\/image\/\"}}]}<\/script>\n<!-- \/ Yoast SEO plugin. -->","yoast_head_json":{"title":"Adidas Caroline Hu x CLOT x Wmns Taekwondo 'Off White Silver Metallic Brown' - TOURCRUISER PTE. LTD","robots":{"index":"index","follow":"follow","max-snippet":"max-snippet:-1","max-image-preview":"max-image-preview:large","max-video-preview":"max-video-preview:-1"},"canonical":"https:\/\/tourcruiser.com\/fr\/products\/adidas-caroline-hu-x-clot-x-wmns-taekwondo-off-white-silver-metallic-brown\/","og_locale":"fr_FR","og_type":"article","og_title":"Adidas Caroline Hu x CLOT x Wmns Taekwondo 'Off White Silver Metallic Brown' - TOURCRUISER PTE. LTD","og_description":"adidas Taekwondo \u2014 Off White\/Silver Metallic\/Brown","og_url":"https:\/\/tourcruiser.com\/fr\/products\/adidas-caroline-hu-x-clot-x-wmns-taekwondo-off-white-silver-metallic-brown\/","og_site_name":"Tourcruiser Sneaker Store","article_modified_time":"2026-03-14T10:54:16+00:00","twitter_card":"summary_large_image","twitter_image":"https:\/\/images.novelship.com\/product\/_women__adidas_taekwondo_collaboration_ch_x_edc_sn_0_92199.jpeg","twitter_misc":{"Dur\u00e9e de lecture estim\u00e9e":"1 minute"},"schema":{"@context":"https:\/\/schema.org","@graph":[{"@type":"WebPage","@id":"https:\/\/tourcruiser.com\/fr\/products\/adidas-caroline-hu-x-clot-x-wmns-taekwondo-off-white-silver-metallic-brown\/","url":"https:\/\/tourcruiser.com\/fr\/products\/adidas-caroline-hu-x-clot-x-wmns-taekwondo-off-white-silver-metallic-brown\/","name":"Adidas Caroline Hu x CLOT x Wmns Taekwondo 'Off White Silver Metallic Brown' - TOURCRUISER PTE. LTD","isPartOf":{"@id":"https:\/\/tourcruiser.com\/fr\/#website"},"primaryImageOfPage":{"@id":"https:\/\/tourcruiser.com\/fr\/products\/adidas-caroline-hu-x-clot-x-wmns-taekwondo-off-white-silver-metallic-brown\/#primaryimage"},"image":{"@id":"https:\/\/tourcruiser.com\/fr\/products\/adidas-caroline-hu-x-clot-x-wmns-taekwondo-off-white-silver-metallic-brown\/#primaryimage"},"thumbnailUrl":"https:\/\/images.novelship.com\/product\/_women__adidas_taekwondo_collaboration_ch_x_edc_sn_0_92199.jpeg","datePublished":"2026-02-25T10:35:33+00:00","dateModified":"2026-03-14T10:54:16+00:00","breadcrumb":{"@id":"https:\/\/tourcruiser.com\/fr\/products\/adidas-caroline-hu-x-clot-x-wmns-taekwondo-off-white-silver-metallic-brown\/#breadcrumb"},"inLanguage":"fr-FR","potentialAction":[{"@type":"ReadAction","target":["https:\/\/tourcruiser.com\/fr\/products\/adidas-caroline-hu-x-clot-x-wmns-taekwondo-off-white-silver-metallic-brown\/"]}]},{"@type":"ImageObject","inLanguage":"fr-FR","@id":"https:\/\/tourcruiser.com\/fr\/products\/adidas-caroline-hu-x-clot-x-wmns-taekwondo-off-white-silver-metallic-brown\/#primaryimage","url":"https:\/\/images.novelship.com\/product\/_women__adidas_taekwondo_collaboration_ch_x_edc_sn_0_92199.jpeg","contentUrl":"https:\/\/images.novelship.com\/product\/_women__adidas_taekwondo_collaboration_ch_x_edc_sn_0_92199.jpeg"},{"@type":"BreadcrumbList","@id":"https:\/\/tourcruiser.com\/fr\/products\/adidas-caroline-hu-x-clot-x-wmns-taekwondo-off-white-silver-metallic-brown\/#breadcrumb","itemListElement":[{"@type":"ListItem","position":1,"name":"Home","item":"https:\/\/tourcruiser.com\/fr\/"},{"@type":"ListItem","position":2,"name":"Shop","item":"https:\/\/tourcruiser.com\/fr\/shop\/"},{"@type":"ListItem","position":3,"name":"Adidas Caroline Hu x CLOT x Wmns Taekwondo 'Off White Silver Metallic Brown'"}]},{"@type":"WebSite","@id":"https:\/\/tourcruiser.com\/fr\/#website","url":"https:\/\/tourcruiser.com\/fr\/","name":"Styloral Jewelry Shop","description":"Tourcruiser Sneaker Store \u2014 L\u2019endroit o\u00f9 l\u2019univers rencontre votre singularit\u00e9.","publisher":{"@id":"https:\/\/tourcruiser.com\/fr\/#organization"},"potentialAction":[{"@type":"SearchAction","target":{"@type":"EntryPoint","urlTemplate":"https:\/\/tourcruiser.com\/fr\/?s={search_term_string}"},"query-input":{"@type":"PropertyValueSpecification","valueRequired":true,"valueName":"search_term_string"}}],"inLanguage":"fr-FR"},{"@type":"Organization","@id":"https:\/\/tourcruiser.com\/fr\/#organization","name":"STYLORAL PTE. LTD","url":"https:\/\/tourcruiser.com\/fr\/","logo":{"@type":"ImageObject","inLanguage":"fr-FR","@id":"https:\/\/tourcruiser.com\/fr\/#\/schema\/logo\/image\/","url":"https:\/\/www.tourcruiser.com\/wp-content\/uploads\/2025\/12\/logo.png","contentUrl":"https:\/\/www.tourcruiser.com\/wp-content\/uploads\/2025\/12\/logo.png","width":200,"height":65,"caption":"STYLORAL PTE. LTD"},"image":{"@id":"https:\/\/tourcruiser.com\/fr\/#\/schema\/logo\/image\/"}}]}},"_links":{"self":[{"href":"https:\/\/tourcruiser.com\/fr\/wp-json\/wp\/v2\/product\/19961","targetHints":{"allow":["GET"]}}],"collection":[{"href":"https:\/\/tourcruiser.com\/fr\/wp-json\/wp\/v2\/product"}],"about":[{"href":"https:\/\/tourcruiser.com\/fr\/wp-json\/wp\/v2\/types\/product"}],"replies":[{"embeddable":true,"href":"https:\/\/tourcruiser.com\/fr\/wp-json\/wp\/v2\/comments?post=19961"}],"wp:featuredmedia":[{"embeddable":true,"href":"https:\/\/tourcruiser.com\/fr\/wp-json\/wp\/v2\/media\/19962"}],"wp:attachment":[{"href":"https:\/\/tourcruiser.com\/fr\/wp-json\/wp\/v2\/media?parent=19961"}],"wp:term":[{"taxonomy":"product_brand","embeddable":true,"href":"https:\/\/tourcruiser.com\/fr\/wp-json\/wp\/v2\/product_brand?post=19961"},{"taxonomy":"product_cat","embeddable":true,"href":"https:\/\/tourcruiser.com\/fr\/wp-json\/wp\/v2\/product_cat?post=19961"},{"taxonomy":"product_tag","embeddable":true,"href":"https:\/\/tourcruiser.com\/fr\/wp-json\/wp\/v2\/product_tag?post=19961"}],"curies":[{"name":"wp","href":"https:\/\/api.w.org\/{rel}","templated":true}]}}