{"id":19914,"date":"2026-02-25T17:34:35","date_gmt":"2026-02-25T10:34:35","guid":{"rendered":"http:\/\/tourcruiser.com\/product\/adidas-wmns-gazelle-indoor-black-carbon-velvet"},"modified":"2026-04-03T15:03:36","modified_gmt":"2026-04-03T08:03:36","slug":"adidas-wmns-gazelle-indoor-black-carbon-velvet","status":"publish","type":"product","link":"https:\/\/tourcruiser.com\/fr\/products\/adidas-wmns-gazelle-indoor-black-carbon-velvet\/","title":{"rendered":"Adidas Wmns Gazelle Indoor &lsquo;Black Carbon Velvet&rsquo;"},"content":{"rendered":"<p>Rehaussez votre style au quotidien avec les baskets d&rsquo;int\u00e9rieur Gazelle JI2712 \u2013 l&rsquo;alliance parfaite du charme r\u00e9tro et du confort moderne. Ces baskets polyvalentes arborent une tige en daim souple aux coloris intemporels, rehauss\u00e9e des embl\u00e9matiques 3 bandes. La semelle en caoutchouc l\u00e9ger offre une excellente adh\u00e9rence et un confort optimal, les rendant id\u00e9ales pour les loisirs et les sports en salle. Une semelle int\u00e9rieure rembourr\u00e9e assure un confort durable, tandis que la mati\u00e8re respirante garantit une a\u00e9ration optimale du pied. Con\u00e7ues avec pr\u00e9cision et souci du d\u00e9tail, les baskets d&rsquo;int\u00e9rieur Gazelle JI2712 offrent un chaussant \u00e0 la fois confortable et flexible, garantissant un confort et une durabilit\u00e9 exceptionnels. Ces baskets sont un incontournable pour les personnes soucieuses de leur style qui appr\u00e9cient la fusion du design classique et de la fonctionnalit\u00e9 moderne. Port\u00e9es avec un jean, un jogging ou un short, elles apportent une touche d&rsquo;\u00e9l\u00e9gance naturelle \u00e0 toutes vos tenues. \u00c0 la fois tendance et pratiques, les baskets d&rsquo;int\u00e9rieur Gazelle JI2712 sont le choix id\u00e9al pour celles et ceux qui recherchent une chaussure styl\u00e9e, fiable et iconique. Profitez d&rsquo;un confort et d&rsquo;un style sans compromis et faites de ces baskets intemporelles une pi\u00e8ce essentielle de votre collection. Que ce soit \u00e0 la salle de sport ou dans la rue, profitez de performances exceptionnelles et d&rsquo;un charme durable \u00e0 chaque pas. Ayez confiance en vous, soyez \u00e9l\u00e9gant et gardez toujours une longueur d&rsquo;avance.<\/p>\n","protected":false},"excerpt":{"rendered":"<p>adidas Gazelle Indoor \u2014 Core Black\/Carbon\/Grey Five<\/p>\n","protected":false},"featured_media":19915,"comment_status":"open","ping_status":"closed","template":"","meta":[],"product_brand":[],"product_cat":[9215],"product_tag":[9582],"class_list":{"0":"post-19914","1":"product","2":"type-product","3":"status-publish","4":"has-post-thumbnail","6":"product_cat-adidas-2026","7":"product_tag-9582","8":"wcpa_has_options","10":"first","11":"outofstock","12":"taxable","13":"shipping-taxable","14":"purchasable","15":"product-type-simple"},"wcpa_form_fields":{"rules":{"pric_overide_base_price":false,"pric_overide_base_price_if_gt_zero":false,"pric_overide_base_price_fully":false,"pric_cal_option_once":false,"pric_use_as_fee":false,"bind_quantity":false,"quantity_bind_formula":false},"fields":[{"type":"color-group","required":true,"elementId":"wcpa-color-group-66c4a7f817afe","label":"Taille","inline":true,"priceOptions":"different_for_all","pricingType":"fixed","className":"hassizechart product-shoes-size-eu product-shoes-size","name":"color-group-66c4a7f817b18","disp_type":"square","selection_type":"tick-border","disp_size":"50","show_label_inside":true,"adjust_width":true,"cart_display_type":"text","other_text":"Other","cl_rule":"show","col":6,"values":[{"label":"35","value":"EU 35","price":"","pimage":"","pimage_id":"","pthumb":"","color":""},{"label":"35.5","value":"EU 35.5","price":"","pimage":"","pimage_id":"","pthumb":"","color":""},{"label":"36","value":"EU 36","price":"","pimage":"","pimage_id":"","pthumb":"","color":"","selected":true},{"label":"36 2\/3","value":"EU 36 2\/3","price":"","pimage":"","pimage_id":"","pthumb":"","color":""},{"label":"37 1\/3","value":"EU 37 1\/3","price":"","pimage":"","pimage_id":"","pthumb":"","color":""},{"label":"38","value":"EU 38","price":"","pimage":"","pimage_id":"","pthumb":"","color":""},{"label":"38 2\/3","value":"EU 38 2\/3","price":"","pimage":"","pimage_id":"","pthumb":"","color":""},{"label":"39 1\/3","value":"EU 39 1\/3","price":"","pimage":"","pimage_id":"","pthumb":"","color":""},{"label":"40","value":"EU 40","price":"","pimage":"","pimage_id":"","pthumb":"","color":""},{"label":"40 2\/3","value":"EU 40 2\/3","price":"","pimage":"","pimage_id":"","pthumb":"","color":""},{"label":"41 1\/3","value":"EU 41 1\/3","price":"","pimage":"","pimage_id":"","pthumb":"","color":""},{"label":"42","value":"EU 42","price":"","pimage":"","pimage_id":"","pthumb":"","color":""},{"label":"42 2\/3","value":"EU 42 2\/3","price":"","pimage":"","pimage_id":"","pthumb":"","color":""},{"label":"43 1\/3","value":"EU 43 1\/3","price":"","pimage":"","pimage_id":"","pthumb":"","color":""},{"label":"44","value":"EU 44","price":"","pimage":"","pimage_id":"","pthumb":"","color":""},{"label":"44 2\/3","value":"EU 44 2\/3","price":"","pimage":"","pimage_id":"","pthumb":"","color":""},{"label":"45 1\/3","value":"EU 45 1\/3","price":"","pimage":"","pimage_id":"","pthumb":"","color":""},{"label":"46","value":"EU 46","price":"","pimage":"","pimage_id":"","pthumb":"","color":""},{"label":"46 2\/3","value":"EU 46 2\/3","price":"","pimage":"","pimage_id":"","pthumb":"","color":""},{"label":"47 1\/3","value":"EU 47 1\/3","price":"","pimage":"","pimage_id":"","pthumb":"","color":""}],"relations":[{"operator":false,"rules":[]}],"form_id":24802,"form_rules":{"pric_cal_option_once":false,"exclude_from_discount":false,"pric_use_as_fee":false,"fee_label":"Fee","render_after_acb":false,"disp_hide_options_price":false}}]},"yoast_head":"<!-- This site is optimized with the Yoast SEO plugin v26.5 - https:\/\/yoast.com\/wordpress\/plugins\/seo\/ -->\n<title>Adidas Wmns Gazelle Indoor &#039;Black Carbon Velvet&#039; - TOURCRUISER PTE. LTD<\/title>\n<meta name=\"robots\" content=\"index, follow, max-snippet:-1, max-image-preview:large, max-video-preview:-1\" \/>\n<link rel=\"canonical\" href=\"https:\/\/tourcruiser.com\/fr\/products\/adidas-wmns-gazelle-indoor-black-carbon-velvet\/\" \/>\n<meta property=\"og:locale\" content=\"fr_FR\" \/>\n<meta property=\"og:type\" content=\"article\" \/>\n<meta property=\"og:title\" content=\"Adidas Wmns Gazelle Indoor &#039;Black Carbon Velvet&#039; - TOURCRUISER PTE. LTD\" \/>\n<meta property=\"og:description\" content=\"adidas Gazelle Indoor \u2014 Core Black\/Carbon\/Grey Five\" \/>\n<meta property=\"og:url\" content=\"https:\/\/tourcruiser.com\/fr\/products\/adidas-wmns-gazelle-indoor-black-carbon-velvet\/\" \/>\n<meta property=\"og:site_name\" content=\"Tourcruiser Sneaker Store\" \/>\n<meta property=\"article:modified_time\" content=\"2026-04-03T08:03:36+00:00\" \/>\n<meta name=\"twitter:card\" content=\"summary_large_image\" \/>\n<meta name=\"twitter:image\" content=\"https:\/\/images.novelship.com\/product\/_w__gazelle_indoor_sneakers_ji2712_0_15030.jpeg\" \/>\n<meta name=\"twitter:label1\" content=\"Dur\u00e9e de lecture estim\u00e9e\" \/>\n\t<meta name=\"twitter:data1\" content=\"1 minute\" \/>\n<script type=\"application\/ld+json\" class=\"yoast-schema-graph\">{\"@context\":\"https:\/\/schema.org\",\"@graph\":[{\"@type\":\"WebPage\",\"@id\":\"https:\/\/tourcruiser.com\/fr\/products\/adidas-wmns-gazelle-indoor-black-carbon-velvet\/\",\"url\":\"https:\/\/tourcruiser.com\/fr\/products\/adidas-wmns-gazelle-indoor-black-carbon-velvet\/\",\"name\":\"Adidas Wmns Gazelle Indoor 'Black Carbon Velvet' - TOURCRUISER PTE. LTD\",\"isPartOf\":{\"@id\":\"https:\/\/tourcruiser.com\/fr\/#website\"},\"primaryImageOfPage\":{\"@id\":\"https:\/\/tourcruiser.com\/fr\/products\/adidas-wmns-gazelle-indoor-black-carbon-velvet\/#primaryimage\"},\"image\":{\"@id\":\"https:\/\/tourcruiser.com\/fr\/products\/adidas-wmns-gazelle-indoor-black-carbon-velvet\/#primaryimage\"},\"thumbnailUrl\":\"https:\/\/images.novelship.com\/product\/_w__gazelle_indoor_sneakers_ji2712_0_15030.jpeg\",\"datePublished\":\"2026-02-25T10:34:35+00:00\",\"dateModified\":\"2026-04-03T08:03:36+00:00\",\"breadcrumb\":{\"@id\":\"https:\/\/tourcruiser.com\/fr\/products\/adidas-wmns-gazelle-indoor-black-carbon-velvet\/#breadcrumb\"},\"inLanguage\":\"fr-FR\",\"potentialAction\":[{\"@type\":\"ReadAction\",\"target\":[\"https:\/\/tourcruiser.com\/fr\/products\/adidas-wmns-gazelle-indoor-black-carbon-velvet\/\"]}]},{\"@type\":\"ImageObject\",\"inLanguage\":\"fr-FR\",\"@id\":\"https:\/\/tourcruiser.com\/fr\/products\/adidas-wmns-gazelle-indoor-black-carbon-velvet\/#primaryimage\",\"url\":\"https:\/\/images.novelship.com\/product\/_w__gazelle_indoor_sneakers_ji2712_0_15030.jpeg\",\"contentUrl\":\"https:\/\/images.novelship.com\/product\/_w__gazelle_indoor_sneakers_ji2712_0_15030.jpeg\"},{\"@type\":\"BreadcrumbList\",\"@id\":\"https:\/\/tourcruiser.com\/fr\/products\/adidas-wmns-gazelle-indoor-black-carbon-velvet\/#breadcrumb\",\"itemListElement\":[{\"@type\":\"ListItem\",\"position\":1,\"name\":\"Home\",\"item\":\"https:\/\/tourcruiser.com\/fr\/\"},{\"@type\":\"ListItem\",\"position\":2,\"name\":\"Shop\",\"item\":\"https:\/\/tourcruiser.com\/fr\/shop\/\"},{\"@type\":\"ListItem\",\"position\":3,\"name\":\"Adidas Wmns Gazelle Indoor 'Black Carbon Velvet'\"}]},{\"@type\":\"WebSite\",\"@id\":\"https:\/\/tourcruiser.com\/fr\/#website\",\"url\":\"https:\/\/tourcruiser.com\/fr\/\",\"name\":\"Styloral Jewelry Shop\",\"description\":\"Tourcruiser Sneaker Store \u2014 L\u2019endroit o\u00f9 l\u2019univers rencontre votre singularit\u00e9.\",\"publisher\":{\"@id\":\"https:\/\/tourcruiser.com\/fr\/#organization\"},\"potentialAction\":[{\"@type\":\"SearchAction\",\"target\":{\"@type\":\"EntryPoint\",\"urlTemplate\":\"https:\/\/tourcruiser.com\/fr\/?s={search_term_string}\"},\"query-input\":{\"@type\":\"PropertyValueSpecification\",\"valueRequired\":true,\"valueName\":\"search_term_string\"}}],\"inLanguage\":\"fr-FR\"},{\"@type\":\"Organization\",\"@id\":\"https:\/\/tourcruiser.com\/fr\/#organization\",\"name\":\"STYLORAL PTE. LTD\",\"url\":\"https:\/\/tourcruiser.com\/fr\/\",\"logo\":{\"@type\":\"ImageObject\",\"inLanguage\":\"fr-FR\",\"@id\":\"https:\/\/tourcruiser.com\/fr\/#\/schema\/logo\/image\/\",\"url\":\"https:\/\/www.tourcruiser.com\/wp-content\/uploads\/2025\/12\/logo.png\",\"contentUrl\":\"https:\/\/www.tourcruiser.com\/wp-content\/uploads\/2025\/12\/logo.png\",\"width\":200,\"height\":65,\"caption\":\"STYLORAL PTE. LTD\"},\"image\":{\"@id\":\"https:\/\/tourcruiser.com\/fr\/#\/schema\/logo\/image\/\"}}]}<\/script>\n<!-- \/ Yoast SEO plugin. -->","yoast_head_json":{"title":"Adidas Wmns Gazelle Indoor 'Black Carbon Velvet' - TOURCRUISER PTE. LTD","robots":{"index":"index","follow":"follow","max-snippet":"max-snippet:-1","max-image-preview":"max-image-preview:large","max-video-preview":"max-video-preview:-1"},"canonical":"https:\/\/tourcruiser.com\/fr\/products\/adidas-wmns-gazelle-indoor-black-carbon-velvet\/","og_locale":"fr_FR","og_type":"article","og_title":"Adidas Wmns Gazelle Indoor 'Black Carbon Velvet' - TOURCRUISER PTE. LTD","og_description":"adidas Gazelle Indoor \u2014 Core Black\/Carbon\/Grey Five","og_url":"https:\/\/tourcruiser.com\/fr\/products\/adidas-wmns-gazelle-indoor-black-carbon-velvet\/","og_site_name":"Tourcruiser Sneaker Store","article_modified_time":"2026-04-03T08:03:36+00:00","twitter_card":"summary_large_image","twitter_image":"https:\/\/images.novelship.com\/product\/_w__gazelle_indoor_sneakers_ji2712_0_15030.jpeg","twitter_misc":{"Dur\u00e9e de lecture estim\u00e9e":"1 minute"},"schema":{"@context":"https:\/\/schema.org","@graph":[{"@type":"WebPage","@id":"https:\/\/tourcruiser.com\/fr\/products\/adidas-wmns-gazelle-indoor-black-carbon-velvet\/","url":"https:\/\/tourcruiser.com\/fr\/products\/adidas-wmns-gazelle-indoor-black-carbon-velvet\/","name":"Adidas Wmns Gazelle Indoor 'Black Carbon Velvet' - TOURCRUISER PTE. LTD","isPartOf":{"@id":"https:\/\/tourcruiser.com\/fr\/#website"},"primaryImageOfPage":{"@id":"https:\/\/tourcruiser.com\/fr\/products\/adidas-wmns-gazelle-indoor-black-carbon-velvet\/#primaryimage"},"image":{"@id":"https:\/\/tourcruiser.com\/fr\/products\/adidas-wmns-gazelle-indoor-black-carbon-velvet\/#primaryimage"},"thumbnailUrl":"https:\/\/images.novelship.com\/product\/_w__gazelle_indoor_sneakers_ji2712_0_15030.jpeg","datePublished":"2026-02-25T10:34:35+00:00","dateModified":"2026-04-03T08:03:36+00:00","breadcrumb":{"@id":"https:\/\/tourcruiser.com\/fr\/products\/adidas-wmns-gazelle-indoor-black-carbon-velvet\/#breadcrumb"},"inLanguage":"fr-FR","potentialAction":[{"@type":"ReadAction","target":["https:\/\/tourcruiser.com\/fr\/products\/adidas-wmns-gazelle-indoor-black-carbon-velvet\/"]}]},{"@type":"ImageObject","inLanguage":"fr-FR","@id":"https:\/\/tourcruiser.com\/fr\/products\/adidas-wmns-gazelle-indoor-black-carbon-velvet\/#primaryimage","url":"https:\/\/images.novelship.com\/product\/_w__gazelle_indoor_sneakers_ji2712_0_15030.jpeg","contentUrl":"https:\/\/images.novelship.com\/product\/_w__gazelle_indoor_sneakers_ji2712_0_15030.jpeg"},{"@type":"BreadcrumbList","@id":"https:\/\/tourcruiser.com\/fr\/products\/adidas-wmns-gazelle-indoor-black-carbon-velvet\/#breadcrumb","itemListElement":[{"@type":"ListItem","position":1,"name":"Home","item":"https:\/\/tourcruiser.com\/fr\/"},{"@type":"ListItem","position":2,"name":"Shop","item":"https:\/\/tourcruiser.com\/fr\/shop\/"},{"@type":"ListItem","position":3,"name":"Adidas Wmns Gazelle Indoor 'Black Carbon Velvet'"}]},{"@type":"WebSite","@id":"https:\/\/tourcruiser.com\/fr\/#website","url":"https:\/\/tourcruiser.com\/fr\/","name":"Styloral Jewelry Shop","description":"Tourcruiser Sneaker Store \u2014 L\u2019endroit o\u00f9 l\u2019univers rencontre votre singularit\u00e9.","publisher":{"@id":"https:\/\/tourcruiser.com\/fr\/#organization"},"potentialAction":[{"@type":"SearchAction","target":{"@type":"EntryPoint","urlTemplate":"https:\/\/tourcruiser.com\/fr\/?s={search_term_string}"},"query-input":{"@type":"PropertyValueSpecification","valueRequired":true,"valueName":"search_term_string"}}],"inLanguage":"fr-FR"},{"@type":"Organization","@id":"https:\/\/tourcruiser.com\/fr\/#organization","name":"STYLORAL PTE. LTD","url":"https:\/\/tourcruiser.com\/fr\/","logo":{"@type":"ImageObject","inLanguage":"fr-FR","@id":"https:\/\/tourcruiser.com\/fr\/#\/schema\/logo\/image\/","url":"https:\/\/www.tourcruiser.com\/wp-content\/uploads\/2025\/12\/logo.png","contentUrl":"https:\/\/www.tourcruiser.com\/wp-content\/uploads\/2025\/12\/logo.png","width":200,"height":65,"caption":"STYLORAL PTE. LTD"},"image":{"@id":"https:\/\/tourcruiser.com\/fr\/#\/schema\/logo\/image\/"}}]}},"_links":{"self":[{"href":"https:\/\/tourcruiser.com\/fr\/wp-json\/wp\/v2\/product\/19914","targetHints":{"allow":["GET"]}}],"collection":[{"href":"https:\/\/tourcruiser.com\/fr\/wp-json\/wp\/v2\/product"}],"about":[{"href":"https:\/\/tourcruiser.com\/fr\/wp-json\/wp\/v2\/types\/product"}],"replies":[{"embeddable":true,"href":"https:\/\/tourcruiser.com\/fr\/wp-json\/wp\/v2\/comments?post=19914"}],"wp:featuredmedia":[{"embeddable":true,"href":"https:\/\/tourcruiser.com\/fr\/wp-json\/wp\/v2\/media\/19915"}],"wp:attachment":[{"href":"https:\/\/tourcruiser.com\/fr\/wp-json\/wp\/v2\/media?parent=19914"}],"wp:term":[{"taxonomy":"product_brand","embeddable":true,"href":"https:\/\/tourcruiser.com\/fr\/wp-json\/wp\/v2\/product_brand?post=19914"},{"taxonomy":"product_cat","embeddable":true,"href":"https:\/\/tourcruiser.com\/fr\/wp-json\/wp\/v2\/product_cat?post=19914"},{"taxonomy":"product_tag","embeddable":true,"href":"https:\/\/tourcruiser.com\/fr\/wp-json\/wp\/v2\/product_tag?post=19914"}],"curies":[{"name":"wp","href":"https:\/\/api.w.org\/{rel}","templated":true}]}}