{"id":19608,"date":"2026-02-25T17:28:11","date_gmt":"2026-02-25T10:28:11","guid":{"rendered":"http:\/\/tourcruiser.com\/product\/adidas-kseniaschnaider-x-wmns-sl72-og-blue-denim"},"modified":"2026-03-14T17:53:43","modified_gmt":"2026-03-14T10:53:43","slug":"adidas-kseniaschnaider-x-wmns-sl72-og-blue-denim","status":"publish","type":"product","link":"https:\/\/tourcruiser.com\/fr\/products\/adidas-kseniaschnaider-x-wmns-sl72-og-blue-denim\/","title":{"rendered":"Adidas KSENIASCHNAIDER x Wmns SL72 OG &lsquo;Blue Denim&rsquo;"},"content":{"rendered":"<p>La KSENIASCHNAIDER x adidas SL72 OG \u00ab\u00a0Blue Denim\u00a0\u00bb pour femme pr\u00e9sente une empeigne en denim bleu clair avec des empi\u00e8cements bleu fonc\u00e9 et les trois bandes embl\u00e9matiques. Le logo Tr\u00e8fle orne la languette en daim mauve au niveau du talon et du contrefort. Ces deux logos se retrouvent sur les semelles int\u00e9rieures, tandis que l&rsquo;\u00e9tiquette de prix verte signature de KSENIASCHNAIDER est appos\u00e9e sur le c\u00f4t\u00e9 int\u00e9rieur. Num\u00e9ro d&rsquo;article\u00a0: IE9027. Coloris\u00a0: Couleur fournisseur\/Couleur fournisseur\/Preloved Crimson. Date de sortie\u00a0: 1er septembre 2024.<\/p>\n","protected":false},"excerpt":{"rendered":"<p>La KSENIASCHNAIDER x adidas SL72 OG \u00ab\u00a0Blue Denim\u00a0\u00bb pour femme pr\u00e9sente une empeigne en denim bleu clair avec des empi\u00e8cements bleu fonc\u00e9 et les trois bandes embl\u00e9matiques. Le logo Tr\u00e8fle orne la languette en daim mauve au niveau du talon et du contrefort. Ces deux logos se retrouvent sur les semelles int\u00e9rieures, tandis que l&rsquo;\u00e9tiquette [&hellip;]<\/p>\n","protected":false},"featured_media":19609,"comment_status":"open","ping_status":"closed","template":"","meta":[],"product_brand":[],"product_cat":[9215],"product_tag":[9513],"class_list":{"0":"post-19608","1":"product","2":"type-product","3":"status-publish","4":"has-post-thumbnail","6":"product_cat-adidas-2026","7":"product_tag-9513","8":"wcpa_has_options","10":"first","11":"instock","12":"taxable","13":"shipping-taxable","14":"purchasable","15":"product-type-simple"},"wcpa_form_fields":{"rules":{"pric_overide_base_price":false,"pric_overide_base_price_if_gt_zero":false,"pric_overide_base_price_fully":false,"pric_cal_option_once":false,"pric_use_as_fee":false,"bind_quantity":false,"quantity_bind_formula":false},"fields":[{"type":"color-group","required":true,"elementId":"wcpa-color-group-66c4a7f817afe","label":"Taille","inline":true,"priceOptions":"different_for_all","pricingType":"fixed","className":"hassizechart product-shoes-size-eu product-shoes-size","name":"color-group-66c4a7f817b18","disp_type":"square","selection_type":"tick-border","disp_size":"50","show_label_inside":true,"adjust_width":true,"cart_display_type":"text","other_text":"Other","cl_rule":"show","col":6,"values":[{"label":"35","value":"EU 35","price":"","pimage":"","pimage_id":"","pthumb":"","color":""},{"label":"35.5","value":"EU 35.5","price":"","pimage":"","pimage_id":"","pthumb":"","color":""},{"label":"36","value":"EU 36","price":"","pimage":"","pimage_id":"","pthumb":"","color":"","selected":true},{"label":"36 2\/3","value":"EU 36 2\/3","price":"","pimage":"","pimage_id":"","pthumb":"","color":""},{"label":"37 1\/3","value":"EU 37 1\/3","price":"","pimage":"","pimage_id":"","pthumb":"","color":""},{"label":"38","value":"EU 38","price":"","pimage":"","pimage_id":"","pthumb":"","color":""},{"label":"38 2\/3","value":"EU 38 2\/3","price":"","pimage":"","pimage_id":"","pthumb":"","color":""},{"label":"39 1\/3","value":"EU 39 1\/3","price":"","pimage":"","pimage_id":"","pthumb":"","color":""},{"label":"40","value":"EU 40","price":"","pimage":"","pimage_id":"","pthumb":"","color":""},{"label":"40 2\/3","value":"EU 40 2\/3","price":"","pimage":"","pimage_id":"","pthumb":"","color":""},{"label":"41 1\/3","value":"EU 41 1\/3","price":"","pimage":"","pimage_id":"","pthumb":"","color":""},{"label":"42","value":"EU 42","price":"","pimage":"","pimage_id":"","pthumb":"","color":""},{"label":"42 2\/3","value":"EU 42 2\/3","price":"","pimage":"","pimage_id":"","pthumb":"","color":""},{"label":"43 1\/3","value":"EU 43 1\/3","price":"","pimage":"","pimage_id":"","pthumb":"","color":""},{"label":"44","value":"EU 44","price":"","pimage":"","pimage_id":"","pthumb":"","color":""},{"label":"44 2\/3","value":"EU 44 2\/3","price":"","pimage":"","pimage_id":"","pthumb":"","color":""},{"label":"45 1\/3","value":"EU 45 1\/3","price":"","pimage":"","pimage_id":"","pthumb":"","color":""},{"label":"46","value":"EU 46","price":"","pimage":"","pimage_id":"","pthumb":"","color":""},{"label":"46 2\/3","value":"EU 46 2\/3","price":"","pimage":"","pimage_id":"","pthumb":"","color":""},{"label":"47 1\/3","value":"EU 47 1\/3","price":"","pimage":"","pimage_id":"","pthumb":"","color":""}],"relations":[{"operator":false,"rules":[]}],"form_id":24802,"form_rules":{"pric_cal_option_once":false,"exclude_from_discount":false,"pric_use_as_fee":false,"fee_label":"Fee","render_after_acb":false,"disp_hide_options_price":false}}]},"yoast_head":"<!-- This site is optimized with the Yoast SEO plugin v26.5 - https:\/\/yoast.com\/wordpress\/plugins\/seo\/ -->\n<title>Adidas KSENIASCHNAIDER x Wmns SL72 OG &#039;Blue Denim&#039; - TOURCRUISER PTE. LTD<\/title>\n<meta name=\"robots\" content=\"index, follow, max-snippet:-1, max-image-preview:large, max-video-preview:-1\" \/>\n<link rel=\"canonical\" href=\"https:\/\/tourcruiser.com\/fr\/products\/adidas-kseniaschnaider-x-wmns-sl72-og-blue-denim\/\" \/>\n<meta property=\"og:locale\" content=\"fr_FR\" \/>\n<meta property=\"og:type\" content=\"article\" \/>\n<meta property=\"og:title\" content=\"Adidas KSENIASCHNAIDER x Wmns SL72 OG &#039;Blue Denim&#039; - TOURCRUISER PTE. LTD\" \/>\n<meta property=\"og:description\" content=\"La KSENIASCHNAIDER x adidas SL72 OG \u00ab\u00a0Blue Denim\u00a0\u00bb pour femme pr\u00e9sente une empeigne en denim bleu clair avec des empi\u00e8cements bleu fonc\u00e9 et les trois bandes embl\u00e9matiques. Le logo Tr\u00e8fle orne la languette en daim mauve au niveau du talon et du contrefort. Ces deux logos se retrouvent sur les semelles int\u00e9rieures, tandis que l&rsquo;\u00e9tiquette [&hellip;]\" \/>\n<meta property=\"og:url\" content=\"https:\/\/tourcruiser.com\/fr\/products\/adidas-kseniaschnaider-x-wmns-sl72-og-blue-denim\/\" \/>\n<meta property=\"og:site_name\" content=\"Tourcruiser Sneaker Store\" \/>\n<meta property=\"article:modified_time\" content=\"2026-03-14T10:53:43+00:00\" \/>\n<meta name=\"twitter:card\" content=\"summary_large_image\" \/>\n<meta name=\"twitter:image\" content=\"https:\/\/cdn.flightclub.com\/TEMPLATE\/460471\/1.jpg?w=1600\" \/>\n<script type=\"application\/ld+json\" class=\"yoast-schema-graph\">{\"@context\":\"https:\/\/schema.org\",\"@graph\":[{\"@type\":\"WebPage\",\"@id\":\"https:\/\/tourcruiser.com\/fr\/products\/adidas-kseniaschnaider-x-wmns-sl72-og-blue-denim\/\",\"url\":\"https:\/\/tourcruiser.com\/fr\/products\/adidas-kseniaschnaider-x-wmns-sl72-og-blue-denim\/\",\"name\":\"Adidas KSENIASCHNAIDER x Wmns SL72 OG 'Blue Denim' - TOURCRUISER PTE. LTD\",\"isPartOf\":{\"@id\":\"https:\/\/tourcruiser.com\/fr\/#website\"},\"primaryImageOfPage\":{\"@id\":\"https:\/\/tourcruiser.com\/fr\/products\/adidas-kseniaschnaider-x-wmns-sl72-og-blue-denim\/#primaryimage\"},\"image\":{\"@id\":\"https:\/\/tourcruiser.com\/fr\/products\/adidas-kseniaschnaider-x-wmns-sl72-og-blue-denim\/#primaryimage\"},\"thumbnailUrl\":\"https:\/\/cdn.flightclub.com\/TEMPLATE\/460471\/1.jpg?w=1600\",\"datePublished\":\"2026-02-25T10:28:11+00:00\",\"dateModified\":\"2026-03-14T10:53:43+00:00\",\"breadcrumb\":{\"@id\":\"https:\/\/tourcruiser.com\/fr\/products\/adidas-kseniaschnaider-x-wmns-sl72-og-blue-denim\/#breadcrumb\"},\"inLanguage\":\"fr-FR\",\"potentialAction\":[{\"@type\":\"ReadAction\",\"target\":[\"https:\/\/tourcruiser.com\/fr\/products\/adidas-kseniaschnaider-x-wmns-sl72-og-blue-denim\/\"]}]},{\"@type\":\"ImageObject\",\"inLanguage\":\"fr-FR\",\"@id\":\"https:\/\/tourcruiser.com\/fr\/products\/adidas-kseniaschnaider-x-wmns-sl72-og-blue-denim\/#primaryimage\",\"url\":\"https:\/\/cdn.flightclub.com\/TEMPLATE\/460471\/1.jpg?w=1600\",\"contentUrl\":\"https:\/\/cdn.flightclub.com\/TEMPLATE\/460471\/1.jpg?w=1600\"},{\"@type\":\"BreadcrumbList\",\"@id\":\"https:\/\/tourcruiser.com\/fr\/products\/adidas-kseniaschnaider-x-wmns-sl72-og-blue-denim\/#breadcrumb\",\"itemListElement\":[{\"@type\":\"ListItem\",\"position\":1,\"name\":\"Home\",\"item\":\"https:\/\/tourcruiser.com\/fr\/\"},{\"@type\":\"ListItem\",\"position\":2,\"name\":\"Shop\",\"item\":\"https:\/\/tourcruiser.com\/fr\/shop\/\"},{\"@type\":\"ListItem\",\"position\":3,\"name\":\"Adidas KSENIASCHNAIDER x Wmns SL72 OG 'Blue Denim'\"}]},{\"@type\":\"WebSite\",\"@id\":\"https:\/\/tourcruiser.com\/fr\/#website\",\"url\":\"https:\/\/tourcruiser.com\/fr\/\",\"name\":\"Styloral Jewelry Shop\",\"description\":\"Tourcruiser Sneaker Store \u2014 L\u2019endroit o\u00f9 l\u2019univers rencontre votre singularit\u00e9.\",\"publisher\":{\"@id\":\"https:\/\/tourcruiser.com\/fr\/#organization\"},\"potentialAction\":[{\"@type\":\"SearchAction\",\"target\":{\"@type\":\"EntryPoint\",\"urlTemplate\":\"https:\/\/tourcruiser.com\/fr\/?s={search_term_string}\"},\"query-input\":{\"@type\":\"PropertyValueSpecification\",\"valueRequired\":true,\"valueName\":\"search_term_string\"}}],\"inLanguage\":\"fr-FR\"},{\"@type\":\"Organization\",\"@id\":\"https:\/\/tourcruiser.com\/fr\/#organization\",\"name\":\"STYLORAL PTE. LTD\",\"url\":\"https:\/\/tourcruiser.com\/fr\/\",\"logo\":{\"@type\":\"ImageObject\",\"inLanguage\":\"fr-FR\",\"@id\":\"https:\/\/tourcruiser.com\/fr\/#\/schema\/logo\/image\/\",\"url\":\"https:\/\/www.tourcruiser.com\/wp-content\/uploads\/2025\/12\/logo.png\",\"contentUrl\":\"https:\/\/www.tourcruiser.com\/wp-content\/uploads\/2025\/12\/logo.png\",\"width\":200,\"height\":65,\"caption\":\"STYLORAL PTE. LTD\"},\"image\":{\"@id\":\"https:\/\/tourcruiser.com\/fr\/#\/schema\/logo\/image\/\"}}]}<\/script>\n<!-- \/ Yoast SEO plugin. -->","yoast_head_json":{"title":"Adidas KSENIASCHNAIDER x Wmns SL72 OG 'Blue Denim' - TOURCRUISER PTE. LTD","robots":{"index":"index","follow":"follow","max-snippet":"max-snippet:-1","max-image-preview":"max-image-preview:large","max-video-preview":"max-video-preview:-1"},"canonical":"https:\/\/tourcruiser.com\/fr\/products\/adidas-kseniaschnaider-x-wmns-sl72-og-blue-denim\/","og_locale":"fr_FR","og_type":"article","og_title":"Adidas KSENIASCHNAIDER x Wmns SL72 OG 'Blue Denim' - TOURCRUISER PTE. LTD","og_description":"La KSENIASCHNAIDER x adidas SL72 OG \u00ab\u00a0Blue Denim\u00a0\u00bb pour femme pr\u00e9sente une empeigne en denim bleu clair avec des empi\u00e8cements bleu fonc\u00e9 et les trois bandes embl\u00e9matiques. Le logo Tr\u00e8fle orne la languette en daim mauve au niveau du talon et du contrefort. Ces deux logos se retrouvent sur les semelles int\u00e9rieures, tandis que l&rsquo;\u00e9tiquette [&hellip;]","og_url":"https:\/\/tourcruiser.com\/fr\/products\/adidas-kseniaschnaider-x-wmns-sl72-og-blue-denim\/","og_site_name":"Tourcruiser Sneaker Store","article_modified_time":"2026-03-14T10:53:43+00:00","twitter_card":"summary_large_image","twitter_image":"https:\/\/cdn.flightclub.com\/TEMPLATE\/460471\/1.jpg?w=1600","schema":{"@context":"https:\/\/schema.org","@graph":[{"@type":"WebPage","@id":"https:\/\/tourcruiser.com\/fr\/products\/adidas-kseniaschnaider-x-wmns-sl72-og-blue-denim\/","url":"https:\/\/tourcruiser.com\/fr\/products\/adidas-kseniaschnaider-x-wmns-sl72-og-blue-denim\/","name":"Adidas KSENIASCHNAIDER x Wmns SL72 OG 'Blue Denim' - TOURCRUISER PTE. LTD","isPartOf":{"@id":"https:\/\/tourcruiser.com\/fr\/#website"},"primaryImageOfPage":{"@id":"https:\/\/tourcruiser.com\/fr\/products\/adidas-kseniaschnaider-x-wmns-sl72-og-blue-denim\/#primaryimage"},"image":{"@id":"https:\/\/tourcruiser.com\/fr\/products\/adidas-kseniaschnaider-x-wmns-sl72-og-blue-denim\/#primaryimage"},"thumbnailUrl":"https:\/\/cdn.flightclub.com\/TEMPLATE\/460471\/1.jpg?w=1600","datePublished":"2026-02-25T10:28:11+00:00","dateModified":"2026-03-14T10:53:43+00:00","breadcrumb":{"@id":"https:\/\/tourcruiser.com\/fr\/products\/adidas-kseniaschnaider-x-wmns-sl72-og-blue-denim\/#breadcrumb"},"inLanguage":"fr-FR","potentialAction":[{"@type":"ReadAction","target":["https:\/\/tourcruiser.com\/fr\/products\/adidas-kseniaschnaider-x-wmns-sl72-og-blue-denim\/"]}]},{"@type":"ImageObject","inLanguage":"fr-FR","@id":"https:\/\/tourcruiser.com\/fr\/products\/adidas-kseniaschnaider-x-wmns-sl72-og-blue-denim\/#primaryimage","url":"https:\/\/cdn.flightclub.com\/TEMPLATE\/460471\/1.jpg?w=1600","contentUrl":"https:\/\/cdn.flightclub.com\/TEMPLATE\/460471\/1.jpg?w=1600"},{"@type":"BreadcrumbList","@id":"https:\/\/tourcruiser.com\/fr\/products\/adidas-kseniaschnaider-x-wmns-sl72-og-blue-denim\/#breadcrumb","itemListElement":[{"@type":"ListItem","position":1,"name":"Home","item":"https:\/\/tourcruiser.com\/fr\/"},{"@type":"ListItem","position":2,"name":"Shop","item":"https:\/\/tourcruiser.com\/fr\/shop\/"},{"@type":"ListItem","position":3,"name":"Adidas KSENIASCHNAIDER x Wmns SL72 OG 'Blue Denim'"}]},{"@type":"WebSite","@id":"https:\/\/tourcruiser.com\/fr\/#website","url":"https:\/\/tourcruiser.com\/fr\/","name":"Styloral Jewelry Shop","description":"Tourcruiser Sneaker Store \u2014 L\u2019endroit o\u00f9 l\u2019univers rencontre votre singularit\u00e9.","publisher":{"@id":"https:\/\/tourcruiser.com\/fr\/#organization"},"potentialAction":[{"@type":"SearchAction","target":{"@type":"EntryPoint","urlTemplate":"https:\/\/tourcruiser.com\/fr\/?s={search_term_string}"},"query-input":{"@type":"PropertyValueSpecification","valueRequired":true,"valueName":"search_term_string"}}],"inLanguage":"fr-FR"},{"@type":"Organization","@id":"https:\/\/tourcruiser.com\/fr\/#organization","name":"STYLORAL PTE. LTD","url":"https:\/\/tourcruiser.com\/fr\/","logo":{"@type":"ImageObject","inLanguage":"fr-FR","@id":"https:\/\/tourcruiser.com\/fr\/#\/schema\/logo\/image\/","url":"https:\/\/www.tourcruiser.com\/wp-content\/uploads\/2025\/12\/logo.png","contentUrl":"https:\/\/www.tourcruiser.com\/wp-content\/uploads\/2025\/12\/logo.png","width":200,"height":65,"caption":"STYLORAL PTE. LTD"},"image":{"@id":"https:\/\/tourcruiser.com\/fr\/#\/schema\/logo\/image\/"}}]}},"_links":{"self":[{"href":"https:\/\/tourcruiser.com\/fr\/wp-json\/wp\/v2\/product\/19608","targetHints":{"allow":["GET"]}}],"collection":[{"href":"https:\/\/tourcruiser.com\/fr\/wp-json\/wp\/v2\/product"}],"about":[{"href":"https:\/\/tourcruiser.com\/fr\/wp-json\/wp\/v2\/types\/product"}],"replies":[{"embeddable":true,"href":"https:\/\/tourcruiser.com\/fr\/wp-json\/wp\/v2\/comments?post=19608"}],"wp:featuredmedia":[{"embeddable":true,"href":"https:\/\/tourcruiser.com\/fr\/wp-json\/wp\/v2\/media\/19609"}],"wp:attachment":[{"href":"https:\/\/tourcruiser.com\/fr\/wp-json\/wp\/v2\/media?parent=19608"}],"wp:term":[{"taxonomy":"product_brand","embeddable":true,"href":"https:\/\/tourcruiser.com\/fr\/wp-json\/wp\/v2\/product_brand?post=19608"},{"taxonomy":"product_cat","embeddable":true,"href":"https:\/\/tourcruiser.com\/fr\/wp-json\/wp\/v2\/product_cat?post=19608"},{"taxonomy":"product_tag","embeddable":true,"href":"https:\/\/tourcruiser.com\/fr\/wp-json\/wp\/v2\/product_tag?post=19608"}],"curies":[{"name":"wp","href":"https:\/\/api.w.org\/{rel}","templated":true}]}}