{"id":19315,"date":"2026-02-25T17:21:02","date_gmt":"2026-02-25T10:21:02","guid":{"rendered":"http:\/\/tourcruiser.com\/product\/new-balance-infinion-1080v15-medusa-green-salt-water"},"modified":"2026-03-14T17:53:14","modified_gmt":"2026-03-14T10:53:14","slug":"new-balance-infinion-1080v15-medusa-green-salt-water","status":"publish","type":"product","link":"https:\/\/tourcruiser.com\/fr\/products\/new-balance-infinion-1080v15-medusa-green-salt-water\/","title":{"rendered":"New Balance Infinion 1080v15 &lsquo;Medusa Green Salt Water&rsquo;"},"content":{"rendered":"<p>D\u00e9couvrez le summum de la performance et du confort avec la New Balance Infineon 1080v15 Vert M\u00e9duse et Bleu Sel. Cette chaussure de running haut de gamme est con\u00e7ue pour les coureurs exigeant un amorti et un maintien optimaux \u00e0 chaque foul\u00e9e. La technologie Fresh Foam X r\u00e9active offre une foul\u00e9e d&rsquo;une fluidit\u00e9 exceptionnelle, id\u00e9ale pour les entra\u00eenements longue distance et au quotidien. L&#8217;empeigne innovante Hypoknit assure un maintien ajust\u00e9 et adaptatif, tout en offrant respirabilit\u00e9 et flexibilit\u00e9 l\u00e0 o\u00f9 vous en avez besoin. La semelle interm\u00e9diaire grav\u00e9e au laser est con\u00e7ue pour une durabilit\u00e9 accrue, optimisant la l\u00e9g\u00e8ret\u00e9 de la chaussure sans compromettre sa stabilit\u00e9 et son dynamisme. Avec son \u00e9l\u00e9gante combinaison de couleurs Vert M\u00e9duse et Bleu Sel, la 1080v15 allie design moderne et fonctionnalit\u00e9 de pointe, am\u00e9liorant \u00e0 la fois vos performances et votre style. Le contrefort de talon enti\u00e8rement int\u00e9gr\u00e9 garantit un maintien s\u00fbr et minimise les glissements, m\u00eame lors des entra\u00eenements les plus intenses. Que vous soyez un athl\u00e8te confirm\u00e9 ou un coureur occasionnel, cette chaussure offre une libert\u00e9 de mouvement, un amorti et un maintien in\u00e9gal\u00e9s. Vivez une exp\u00e9rience de course in\u00e9dite gr\u00e2ce \u00e0 l&rsquo;innovation et au savoir-faire typiques de New Balance avec l&rsquo;Infineon 1080v15 \u2013 un incontournable pour tous les coureurs. Coloris\u00a0: Vert M\u00e9duse\/Argent fonc\u00e9 m\u00e9tallis\u00e9\/Bleu sal\u00e9. R\u00e9f\u00e9rence\u00a0: M10807RO. Couleur\u00a0: Bleu. Ann\u00e9e de sortie\u00a0: 2026.<\/p>\n","protected":false},"excerpt":{"rendered":"<p>New Balance 1080v15 \u2014 Medusa Green\/Dark Silver Metallic\/Salt Water<\/p>\n","protected":false},"featured_media":19316,"comment_status":"open","ping_status":"closed","template":"","meta":[],"product_brand":[],"product_cat":[9213],"product_tag":[],"class_list":{"0":"post-19315","1":"product","2":"type-product","3":"status-publish","4":"has-post-thumbnail","6":"product_cat-new-balance-2026","7":"wcpa_has_options","9":"first","10":"instock","11":"taxable","12":"shipping-taxable","13":"purchasable","14":"product-type-simple"},"wcpa_form_fields":{"rules":{"pric_overide_base_price":false,"pric_overide_base_price_if_gt_zero":false,"pric_overide_base_price_fully":false,"pric_cal_option_once":false,"pric_use_as_fee":false,"bind_quantity":false,"quantity_bind_formula":false},"fields":[{"type":"color-group","required":true,"elementId":"wcpa-color-group-66c4a928225d2","label":"Taille","inline":true,"priceOptions":"different_for_all","pricingType":"fixed","className":"hassizechart product-shoes-size-eu product-shoes-size","name":"color-group-66c4a928225e2","disp_type":"square","selection_type":"tick-border","disp_size":"50","show_label_inside":true,"adjust_width":true,"cart_display_type":"text","other_text":"Other","cl_rule":"show","col":6,"values":[{"label":"35","value":"EU 35","price":"","pimage":"","pimage_id":"","pthumb":"","color":""},{"label":"36","value":"EU 36","price":"","pimage":"","pimage_id":"","pthumb":"","color":"","selected":true},{"label":"37","value":"EU 37","price":"","pimage":"","pimage_id":"","pthumb":"","color":""},{"label":"37.5","value":"EU 37.5","price":"","pimage":"","pimage_id":"","pthumb":"","color":""},{"label":"38","value":"EU 38","price":"","pimage":"","pimage_id":"","pthumb":"","color":""},{"label":"38.5","value":"EU 38.5","price":"","pimage":"","pimage_id":"","pthumb":"","color":""},{"label":"39","value":"EU 39","price":"","pimage":"","pimage_id":"","pthumb":"","color":""},{"label":"39.5","value":"EU 39.5","price":"","pimage":"","pimage_id":"","pthumb":"","color":""},{"label":"40","value":"EU 40","price":"","pimage":"","pimage_id":"","pthumb":"","color":""},{"label":"40.5","value":"EU 40.5","price":"","pimage":"","pimage_id":"","pthumb":"","color":""},{"label":" 41.5","value":"EU 41.5","price":"","pimage":"","pimage_id":"","pthumb":"","color":""},{"label":"42","value":"EU 42","price":"","pimage":"","pimage_id":"","pthumb":"","color":""},{"label":"42.5","value":"EU 42.5","price":"","pimage":"","pimage_id":"","pthumb":"","color":""},{"label":"43","value":"EU 43","price":"","pimage":"","pimage_id":"","pthumb":"","color":""},{"label":"44","value":"EU 44","price":"","pimage":"","pimage_id":"","pthumb":"","color":""},{"label":"44.5","value":"EU 44.5","price":"","pimage":"","pimage_id":"","pthumb":"","color":""},{"label":"45","value":"EU 45","price":"","pimage":"","pimage_id":"","pthumb":"","color":""},{"label":"45.5","value":"EU 45.5","price":"","pimage":"","pimage_id":"","pthumb":"","color":""},{"label":"46","value":"EU 46","price":"","pimage":"","pimage_id":"","pthumb":"","color":""}],"relations":[{"operator":false,"rules":[]}],"form_id":24803,"form_rules":{"pric_cal_option_once":false,"exclude_from_discount":false,"pric_use_as_fee":false,"fee_label":"Fee","render_after_acb":false,"disp_hide_options_price":false}}]},"yoast_head":"<!-- This site is optimized with the Yoast SEO plugin v26.5 - https:\/\/yoast.com\/wordpress\/plugins\/seo\/ -->\n<title>New Balance Infinion 1080v15 &#039;Medusa Green Salt Water&#039; - TOURCRUISER PTE. LTD<\/title>\n<meta name=\"robots\" content=\"index, follow, max-snippet:-1, max-image-preview:large, max-video-preview:-1\" \/>\n<link rel=\"canonical\" href=\"https:\/\/tourcruiser.com\/fr\/products\/new-balance-infinion-1080v15-medusa-green-salt-water\/\" \/>\n<meta property=\"og:locale\" content=\"fr_FR\" \/>\n<meta property=\"og:type\" content=\"article\" \/>\n<meta property=\"og:title\" content=\"New Balance Infinion 1080v15 &#039;Medusa Green Salt Water&#039; - TOURCRUISER PTE. LTD\" \/>\n<meta property=\"og:description\" content=\"New Balance 1080v15 \u2014 Medusa Green\/Dark Silver Metallic\/Salt Water\" \/>\n<meta property=\"og:url\" content=\"https:\/\/tourcruiser.com\/fr\/products\/new-balance-infinion-1080v15-medusa-green-salt-water\/\" \/>\n<meta property=\"og:site_name\" content=\"Tourcruiser Sneaker Store\" \/>\n<meta property=\"article:modified_time\" content=\"2026-03-14T10:53:14+00:00\" \/>\n<meta name=\"twitter:card\" content=\"summary_large_image\" \/>\n<meta name=\"twitter:image\" content=\"https:\/\/images.novelship.com\/product\/new_balance_infinion_1080v15_medusa_green_salt_wat_0_39582.jpeg\" \/>\n<meta name=\"twitter:label1\" content=\"Dur\u00e9e de lecture estim\u00e9e\" \/>\n\t<meta name=\"twitter:data1\" content=\"1 minute\" \/>\n<script type=\"application\/ld+json\" class=\"yoast-schema-graph\">{\"@context\":\"https:\/\/schema.org\",\"@graph\":[{\"@type\":\"WebPage\",\"@id\":\"https:\/\/tourcruiser.com\/fr\/products\/new-balance-infinion-1080v15-medusa-green-salt-water\/\",\"url\":\"https:\/\/tourcruiser.com\/fr\/products\/new-balance-infinion-1080v15-medusa-green-salt-water\/\",\"name\":\"New Balance Infinion 1080v15 'Medusa Green Salt Water' - TOURCRUISER PTE. LTD\",\"isPartOf\":{\"@id\":\"https:\/\/tourcruiser.com\/fr\/#website\"},\"primaryImageOfPage\":{\"@id\":\"https:\/\/tourcruiser.com\/fr\/products\/new-balance-infinion-1080v15-medusa-green-salt-water\/#primaryimage\"},\"image\":{\"@id\":\"https:\/\/tourcruiser.com\/fr\/products\/new-balance-infinion-1080v15-medusa-green-salt-water\/#primaryimage\"},\"thumbnailUrl\":\"https:\/\/images.novelship.com\/product\/new_balance_infinion_1080v15_medusa_green_salt_wat_0_39582.jpeg\",\"datePublished\":\"2026-02-25T10:21:02+00:00\",\"dateModified\":\"2026-03-14T10:53:14+00:00\",\"breadcrumb\":{\"@id\":\"https:\/\/tourcruiser.com\/fr\/products\/new-balance-infinion-1080v15-medusa-green-salt-water\/#breadcrumb\"},\"inLanguage\":\"fr-FR\",\"potentialAction\":[{\"@type\":\"ReadAction\",\"target\":[\"https:\/\/tourcruiser.com\/fr\/products\/new-balance-infinion-1080v15-medusa-green-salt-water\/\"]}]},{\"@type\":\"ImageObject\",\"inLanguage\":\"fr-FR\",\"@id\":\"https:\/\/tourcruiser.com\/fr\/products\/new-balance-infinion-1080v15-medusa-green-salt-water\/#primaryimage\",\"url\":\"https:\/\/images.novelship.com\/product\/new_balance_infinion_1080v15_medusa_green_salt_wat_0_39582.jpeg\",\"contentUrl\":\"https:\/\/images.novelship.com\/product\/new_balance_infinion_1080v15_medusa_green_salt_wat_0_39582.jpeg\"},{\"@type\":\"BreadcrumbList\",\"@id\":\"https:\/\/tourcruiser.com\/fr\/products\/new-balance-infinion-1080v15-medusa-green-salt-water\/#breadcrumb\",\"itemListElement\":[{\"@type\":\"ListItem\",\"position\":1,\"name\":\"Home\",\"item\":\"https:\/\/tourcruiser.com\/fr\/\"},{\"@type\":\"ListItem\",\"position\":2,\"name\":\"Shop\",\"item\":\"https:\/\/tourcruiser.com\/fr\/shop\/\"},{\"@type\":\"ListItem\",\"position\":3,\"name\":\"New Balance Infinion 1080v15 'Medusa Green Salt Water'\"}]},{\"@type\":\"WebSite\",\"@id\":\"https:\/\/tourcruiser.com\/fr\/#website\",\"url\":\"https:\/\/tourcruiser.com\/fr\/\",\"name\":\"Styloral Jewelry Shop\",\"description\":\"Tourcruiser Sneaker Store \u2014 L\u2019endroit o\u00f9 l\u2019univers rencontre votre singularit\u00e9.\",\"publisher\":{\"@id\":\"https:\/\/tourcruiser.com\/fr\/#organization\"},\"potentialAction\":[{\"@type\":\"SearchAction\",\"target\":{\"@type\":\"EntryPoint\",\"urlTemplate\":\"https:\/\/tourcruiser.com\/fr\/?s={search_term_string}\"},\"query-input\":{\"@type\":\"PropertyValueSpecification\",\"valueRequired\":true,\"valueName\":\"search_term_string\"}}],\"inLanguage\":\"fr-FR\"},{\"@type\":\"Organization\",\"@id\":\"https:\/\/tourcruiser.com\/fr\/#organization\",\"name\":\"STYLORAL PTE. LTD\",\"url\":\"https:\/\/tourcruiser.com\/fr\/\",\"logo\":{\"@type\":\"ImageObject\",\"inLanguage\":\"fr-FR\",\"@id\":\"https:\/\/tourcruiser.com\/fr\/#\/schema\/logo\/image\/\",\"url\":\"https:\/\/www.tourcruiser.com\/wp-content\/uploads\/2025\/12\/logo.png\",\"contentUrl\":\"https:\/\/www.tourcruiser.com\/wp-content\/uploads\/2025\/12\/logo.png\",\"width\":200,\"height\":65,\"caption\":\"STYLORAL PTE. LTD\"},\"image\":{\"@id\":\"https:\/\/tourcruiser.com\/fr\/#\/schema\/logo\/image\/\"}}]}<\/script>\n<!-- \/ Yoast SEO plugin. -->","yoast_head_json":{"title":"New Balance Infinion 1080v15 'Medusa Green Salt Water' - TOURCRUISER PTE. LTD","robots":{"index":"index","follow":"follow","max-snippet":"max-snippet:-1","max-image-preview":"max-image-preview:large","max-video-preview":"max-video-preview:-1"},"canonical":"https:\/\/tourcruiser.com\/fr\/products\/new-balance-infinion-1080v15-medusa-green-salt-water\/","og_locale":"fr_FR","og_type":"article","og_title":"New Balance Infinion 1080v15 'Medusa Green Salt Water' - TOURCRUISER PTE. LTD","og_description":"New Balance 1080v15 \u2014 Medusa Green\/Dark Silver Metallic\/Salt Water","og_url":"https:\/\/tourcruiser.com\/fr\/products\/new-balance-infinion-1080v15-medusa-green-salt-water\/","og_site_name":"Tourcruiser Sneaker Store","article_modified_time":"2026-03-14T10:53:14+00:00","twitter_card":"summary_large_image","twitter_image":"https:\/\/images.novelship.com\/product\/new_balance_infinion_1080v15_medusa_green_salt_wat_0_39582.jpeg","twitter_misc":{"Dur\u00e9e de lecture estim\u00e9e":"1 minute"},"schema":{"@context":"https:\/\/schema.org","@graph":[{"@type":"WebPage","@id":"https:\/\/tourcruiser.com\/fr\/products\/new-balance-infinion-1080v15-medusa-green-salt-water\/","url":"https:\/\/tourcruiser.com\/fr\/products\/new-balance-infinion-1080v15-medusa-green-salt-water\/","name":"New Balance Infinion 1080v15 'Medusa Green Salt Water' - TOURCRUISER PTE. LTD","isPartOf":{"@id":"https:\/\/tourcruiser.com\/fr\/#website"},"primaryImageOfPage":{"@id":"https:\/\/tourcruiser.com\/fr\/products\/new-balance-infinion-1080v15-medusa-green-salt-water\/#primaryimage"},"image":{"@id":"https:\/\/tourcruiser.com\/fr\/products\/new-balance-infinion-1080v15-medusa-green-salt-water\/#primaryimage"},"thumbnailUrl":"https:\/\/images.novelship.com\/product\/new_balance_infinion_1080v15_medusa_green_salt_wat_0_39582.jpeg","datePublished":"2026-02-25T10:21:02+00:00","dateModified":"2026-03-14T10:53:14+00:00","breadcrumb":{"@id":"https:\/\/tourcruiser.com\/fr\/products\/new-balance-infinion-1080v15-medusa-green-salt-water\/#breadcrumb"},"inLanguage":"fr-FR","potentialAction":[{"@type":"ReadAction","target":["https:\/\/tourcruiser.com\/fr\/products\/new-balance-infinion-1080v15-medusa-green-salt-water\/"]}]},{"@type":"ImageObject","inLanguage":"fr-FR","@id":"https:\/\/tourcruiser.com\/fr\/products\/new-balance-infinion-1080v15-medusa-green-salt-water\/#primaryimage","url":"https:\/\/images.novelship.com\/product\/new_balance_infinion_1080v15_medusa_green_salt_wat_0_39582.jpeg","contentUrl":"https:\/\/images.novelship.com\/product\/new_balance_infinion_1080v15_medusa_green_salt_wat_0_39582.jpeg"},{"@type":"BreadcrumbList","@id":"https:\/\/tourcruiser.com\/fr\/products\/new-balance-infinion-1080v15-medusa-green-salt-water\/#breadcrumb","itemListElement":[{"@type":"ListItem","position":1,"name":"Home","item":"https:\/\/tourcruiser.com\/fr\/"},{"@type":"ListItem","position":2,"name":"Shop","item":"https:\/\/tourcruiser.com\/fr\/shop\/"},{"@type":"ListItem","position":3,"name":"New Balance Infinion 1080v15 'Medusa Green Salt Water'"}]},{"@type":"WebSite","@id":"https:\/\/tourcruiser.com\/fr\/#website","url":"https:\/\/tourcruiser.com\/fr\/","name":"Styloral Jewelry Shop","description":"Tourcruiser Sneaker Store \u2014 L\u2019endroit o\u00f9 l\u2019univers rencontre votre singularit\u00e9.","publisher":{"@id":"https:\/\/tourcruiser.com\/fr\/#organization"},"potentialAction":[{"@type":"SearchAction","target":{"@type":"EntryPoint","urlTemplate":"https:\/\/tourcruiser.com\/fr\/?s={search_term_string}"},"query-input":{"@type":"PropertyValueSpecification","valueRequired":true,"valueName":"search_term_string"}}],"inLanguage":"fr-FR"},{"@type":"Organization","@id":"https:\/\/tourcruiser.com\/fr\/#organization","name":"STYLORAL PTE. LTD","url":"https:\/\/tourcruiser.com\/fr\/","logo":{"@type":"ImageObject","inLanguage":"fr-FR","@id":"https:\/\/tourcruiser.com\/fr\/#\/schema\/logo\/image\/","url":"https:\/\/www.tourcruiser.com\/wp-content\/uploads\/2025\/12\/logo.png","contentUrl":"https:\/\/www.tourcruiser.com\/wp-content\/uploads\/2025\/12\/logo.png","width":200,"height":65,"caption":"STYLORAL PTE. LTD"},"image":{"@id":"https:\/\/tourcruiser.com\/fr\/#\/schema\/logo\/image\/"}}]}},"_links":{"self":[{"href":"https:\/\/tourcruiser.com\/fr\/wp-json\/wp\/v2\/product\/19315","targetHints":{"allow":["GET"]}}],"collection":[{"href":"https:\/\/tourcruiser.com\/fr\/wp-json\/wp\/v2\/product"}],"about":[{"href":"https:\/\/tourcruiser.com\/fr\/wp-json\/wp\/v2\/types\/product"}],"replies":[{"embeddable":true,"href":"https:\/\/tourcruiser.com\/fr\/wp-json\/wp\/v2\/comments?post=19315"}],"wp:featuredmedia":[{"embeddable":true,"href":"https:\/\/tourcruiser.com\/fr\/wp-json\/wp\/v2\/media\/19316"}],"wp:attachment":[{"href":"https:\/\/tourcruiser.com\/fr\/wp-json\/wp\/v2\/media?parent=19315"}],"wp:term":[{"taxonomy":"product_brand","embeddable":true,"href":"https:\/\/tourcruiser.com\/fr\/wp-json\/wp\/v2\/product_brand?post=19315"},{"taxonomy":"product_cat","embeddable":true,"href":"https:\/\/tourcruiser.com\/fr\/wp-json\/wp\/v2\/product_cat?post=19315"},{"taxonomy":"product_tag","embeddable":true,"href":"https:\/\/tourcruiser.com\/fr\/wp-json\/wp\/v2\/product_tag?post=19315"}],"curies":[{"name":"wp","href":"https:\/\/api.w.org\/{rel}","templated":true}]}}