{"id":18850,"date":"2026-02-25T17:04:30","date_gmt":"2026-02-25T10:04:30","guid":{"rendered":"http:\/\/tourcruiser.com\/product\/adidas-sporty-rich-x-handball-spezial-night-indigo"},"modified":"2026-03-14T17:52:26","modified_gmt":"2026-03-14T10:52:26","slug":"adidas-sporty-rich-x-handball-spezial-night-indigo","status":"publish","type":"product","link":"https:\/\/tourcruiser.com\/fr\/products\/adidas-sporty-rich-x-handball-spezial-night-indigo\/","title":{"rendered":"Adidas Sporty &#038; Rich x Handball Spezial &lsquo;Night Indigo&rsquo;"},"content":{"rendered":"<p>Avec la Sporty &#038; Rich x adidas Handball Spezial \u00ab Night Indigo \u00bb JP7066, apportez une touche de sophistication \u00e0 votre style sneakers\u00a0: une combinaison intemporelle d&rsquo;esth\u00e9tique r\u00e9tro et de design moderne. Cette collaboration exclusive unit l&rsquo;\u00e9l\u00e9gance naturelle de Sporty &#038; Rich \u00e0 la silhouette iconique de l&rsquo;adidas Handball Spezial, c\u00e9l\u00e8bre pour son h\u00e9ritage dans la culture sportive et streetwear. Le coloris \u00ab Night Indigo \u00bb pr\u00e9sente une empeigne en daim premium aux tons indigo profonds, rehauss\u00e9e par les trois bandes blanches \u00e9clatantes, pour un look \u00e9pur\u00e9 et polyvalent. La semelle ext\u00e9rieure en caoutchouc r\u00e9sistant apporte une touche vintage tout en offrant une adh\u00e9rence et un confort optimaux pour les loisirs et le quotidien. Le logo Sporty &#038; Rich dor\u00e9 sur le c\u00f4t\u00e9 ajoute une note de luxe et souligne l&rsquo;exclusivit\u00e9 de cette collaboration. Alliant un design minimaliste et \u00e9l\u00e9gant \u00e0 un chaussant ergonomique, cette chaussure est le choix id\u00e9al pour les passionn\u00e9s de sneakers et les influenceurs du monde entier. Que ce soit pour aller \u00e0 la salle de sport, faire des courses ou simplement attirer les regards dans la rue, la Sporty &#038; Rich x adidas Handball Spezial \u00ab\u00a0Night Indigo\u00a0\u00bb offre un confort in\u00e9gal\u00e9 et un style intemporel. Coloris\u00a0: Night Indigo\/Cloud White\/Gum. Code article\u00a0: JP7066. Mati\u00e8re ext\u00e9rieure\u00a0: Daim. Couleur\u00a0: Bleu. Saison\u00a0: Hiver. Ann\u00e9e de sortie\u00a0: 2025.<\/p>\n","protected":false},"excerpt":{"rendered":"<p>adidas Handball Spezial \u2014 Night Indigo\/Cloud White\/Gum<\/p>\n","protected":false},"featured_media":18851,"comment_status":"open","ping_status":"closed","template":"","meta":[],"product_brand":[],"product_cat":[9215],"product_tag":[9316],"class_list":{"0":"post-18850","1":"product","2":"type-product","3":"status-publish","4":"has-post-thumbnail","6":"product_cat-adidas-2026","7":"product_tag-9316","8":"wcpa_has_options","10":"first","11":"instock","12":"taxable","13":"shipping-taxable","14":"purchasable","15":"product-type-simple"},"wcpa_form_fields":{"rules":{"pric_overide_base_price":false,"pric_overide_base_price_if_gt_zero":false,"pric_overide_base_price_fully":false,"pric_cal_option_once":false,"pric_use_as_fee":false,"bind_quantity":false,"quantity_bind_formula":false},"fields":[{"type":"color-group","required":true,"elementId":"wcpa-color-group-66c4a7f817afe","label":"Taille","inline":true,"priceOptions":"different_for_all","pricingType":"fixed","className":"hassizechart product-shoes-size-eu product-shoes-size","name":"color-group-66c4a7f817b18","disp_type":"square","selection_type":"tick-border","disp_size":"50","show_label_inside":true,"adjust_width":true,"cart_display_type":"text","other_text":"Other","cl_rule":"show","col":6,"values":[{"label":"35","value":"EU 35","price":"","pimage":"","pimage_id":"","pthumb":"","color":""},{"label":"35.5","value":"EU 35.5","price":"","pimage":"","pimage_id":"","pthumb":"","color":""},{"label":"36","value":"EU 36","price":"","pimage":"","pimage_id":"","pthumb":"","color":"","selected":true},{"label":"36 2\/3","value":"EU 36 2\/3","price":"","pimage":"","pimage_id":"","pthumb":"","color":""},{"label":"37 1\/3","value":"EU 37 1\/3","price":"","pimage":"","pimage_id":"","pthumb":"","color":""},{"label":"38","value":"EU 38","price":"","pimage":"","pimage_id":"","pthumb":"","color":""},{"label":"38 2\/3","value":"EU 38 2\/3","price":"","pimage":"","pimage_id":"","pthumb":"","color":""},{"label":"39 1\/3","value":"EU 39 1\/3","price":"","pimage":"","pimage_id":"","pthumb":"","color":""},{"label":"40","value":"EU 40","price":"","pimage":"","pimage_id":"","pthumb":"","color":""},{"label":"40 2\/3","value":"EU 40 2\/3","price":"","pimage":"","pimage_id":"","pthumb":"","color":""},{"label":"41 1\/3","value":"EU 41 1\/3","price":"","pimage":"","pimage_id":"","pthumb":"","color":""},{"label":"42","value":"EU 42","price":"","pimage":"","pimage_id":"","pthumb":"","color":""},{"label":"42 2\/3","value":"EU 42 2\/3","price":"","pimage":"","pimage_id":"","pthumb":"","color":""},{"label":"43 1\/3","value":"EU 43 1\/3","price":"","pimage":"","pimage_id":"","pthumb":"","color":""},{"label":"44","value":"EU 44","price":"","pimage":"","pimage_id":"","pthumb":"","color":""},{"label":"44 2\/3","value":"EU 44 2\/3","price":"","pimage":"","pimage_id":"","pthumb":"","color":""},{"label":"45 1\/3","value":"EU 45 1\/3","price":"","pimage":"","pimage_id":"","pthumb":"","color":""},{"label":"46","value":"EU 46","price":"","pimage":"","pimage_id":"","pthumb":"","color":""},{"label":"46 2\/3","value":"EU 46 2\/3","price":"","pimage":"","pimage_id":"","pthumb":"","color":""},{"label":"47 1\/3","value":"EU 47 1\/3","price":"","pimage":"","pimage_id":"","pthumb":"","color":""}],"relations":[{"operator":false,"rules":[]}],"form_id":24802,"form_rules":{"pric_cal_option_once":false,"exclude_from_discount":false,"pric_use_as_fee":false,"fee_label":"Fee","render_after_acb":false,"disp_hide_options_price":false}}]},"yoast_head":"<!-- This site is optimized with the Yoast SEO plugin v26.5 - https:\/\/yoast.com\/wordpress\/plugins\/seo\/ -->\n<title>Adidas Sporty &amp; Rich x Handball Spezial &#039;Night Indigo&#039; - TOURCRUISER PTE. LTD<\/title>\n<meta name=\"robots\" content=\"index, follow, max-snippet:-1, max-image-preview:large, max-video-preview:-1\" \/>\n<link rel=\"canonical\" href=\"https:\/\/tourcruiser.com\/fr\/products\/adidas-sporty-rich-x-handball-spezial-night-indigo\/\" \/>\n<meta property=\"og:locale\" content=\"fr_FR\" \/>\n<meta property=\"og:type\" content=\"article\" \/>\n<meta property=\"og:title\" content=\"Adidas Sporty &amp; Rich x Handball Spezial &#039;Night Indigo&#039; - TOURCRUISER PTE. LTD\" \/>\n<meta property=\"og:description\" content=\"adidas Handball Spezial \u2014 Night Indigo\/Cloud White\/Gum\" \/>\n<meta property=\"og:url\" content=\"https:\/\/tourcruiser.com\/fr\/products\/adidas-sporty-rich-x-handball-spezial-night-indigo\/\" \/>\n<meta property=\"og:site_name\" content=\"Tourcruiser Sneaker Store\" \/>\n<meta property=\"article:modified_time\" content=\"2026-03-14T10:52:26+00:00\" \/>\n<meta name=\"twitter:card\" content=\"summary_large_image\" \/>\n<meta name=\"twitter:image\" content=\"https:\/\/images.novelship.com\/product\/sporty___rich_x_adidas_handball_spezial__night_ind_0_88272.jpeg\" \/>\n<meta name=\"twitter:label1\" content=\"Dur\u00e9e de lecture estim\u00e9e\" \/>\n\t<meta name=\"twitter:data1\" content=\"1 minute\" \/>\n<script type=\"application\/ld+json\" class=\"yoast-schema-graph\">{\"@context\":\"https:\/\/schema.org\",\"@graph\":[{\"@type\":\"WebPage\",\"@id\":\"https:\/\/tourcruiser.com\/fr\/products\/adidas-sporty-rich-x-handball-spezial-night-indigo\/\",\"url\":\"https:\/\/tourcruiser.com\/fr\/products\/adidas-sporty-rich-x-handball-spezial-night-indigo\/\",\"name\":\"Adidas Sporty & Rich x Handball Spezial 'Night Indigo' - TOURCRUISER PTE. LTD\",\"isPartOf\":{\"@id\":\"https:\/\/tourcruiser.com\/fr\/#website\"},\"primaryImageOfPage\":{\"@id\":\"https:\/\/tourcruiser.com\/fr\/products\/adidas-sporty-rich-x-handball-spezial-night-indigo\/#primaryimage\"},\"image\":{\"@id\":\"https:\/\/tourcruiser.com\/fr\/products\/adidas-sporty-rich-x-handball-spezial-night-indigo\/#primaryimage\"},\"thumbnailUrl\":\"https:\/\/images.novelship.com\/product\/sporty___rich_x_adidas_handball_spezial__night_ind_0_88272.jpeg\",\"datePublished\":\"2026-02-25T10:04:30+00:00\",\"dateModified\":\"2026-03-14T10:52:26+00:00\",\"breadcrumb\":{\"@id\":\"https:\/\/tourcruiser.com\/fr\/products\/adidas-sporty-rich-x-handball-spezial-night-indigo\/#breadcrumb\"},\"inLanguage\":\"fr-FR\",\"potentialAction\":[{\"@type\":\"ReadAction\",\"target\":[\"https:\/\/tourcruiser.com\/fr\/products\/adidas-sporty-rich-x-handball-spezial-night-indigo\/\"]}]},{\"@type\":\"ImageObject\",\"inLanguage\":\"fr-FR\",\"@id\":\"https:\/\/tourcruiser.com\/fr\/products\/adidas-sporty-rich-x-handball-spezial-night-indigo\/#primaryimage\",\"url\":\"https:\/\/images.novelship.com\/product\/sporty___rich_x_adidas_handball_spezial__night_ind_0_88272.jpeg\",\"contentUrl\":\"https:\/\/images.novelship.com\/product\/sporty___rich_x_adidas_handball_spezial__night_ind_0_88272.jpeg\"},{\"@type\":\"BreadcrumbList\",\"@id\":\"https:\/\/tourcruiser.com\/fr\/products\/adidas-sporty-rich-x-handball-spezial-night-indigo\/#breadcrumb\",\"itemListElement\":[{\"@type\":\"ListItem\",\"position\":1,\"name\":\"Home\",\"item\":\"https:\/\/tourcruiser.com\/fr\/\"},{\"@type\":\"ListItem\",\"position\":2,\"name\":\"Shop\",\"item\":\"https:\/\/tourcruiser.com\/fr\/shop\/\"},{\"@type\":\"ListItem\",\"position\":3,\"name\":\"Adidas Sporty &#038; Rich x Handball Spezial 'Night Indigo'\"}]},{\"@type\":\"WebSite\",\"@id\":\"https:\/\/tourcruiser.com\/fr\/#website\",\"url\":\"https:\/\/tourcruiser.com\/fr\/\",\"name\":\"Styloral Jewelry Shop\",\"description\":\"Tourcruiser Sneaker Store \u2014 L\u2019endroit o\u00f9 l\u2019univers rencontre votre singularit\u00e9.\",\"publisher\":{\"@id\":\"https:\/\/tourcruiser.com\/fr\/#organization\"},\"potentialAction\":[{\"@type\":\"SearchAction\",\"target\":{\"@type\":\"EntryPoint\",\"urlTemplate\":\"https:\/\/tourcruiser.com\/fr\/?s={search_term_string}\"},\"query-input\":{\"@type\":\"PropertyValueSpecification\",\"valueRequired\":true,\"valueName\":\"search_term_string\"}}],\"inLanguage\":\"fr-FR\"},{\"@type\":\"Organization\",\"@id\":\"https:\/\/tourcruiser.com\/fr\/#organization\",\"name\":\"STYLORAL PTE. LTD\",\"url\":\"https:\/\/tourcruiser.com\/fr\/\",\"logo\":{\"@type\":\"ImageObject\",\"inLanguage\":\"fr-FR\",\"@id\":\"https:\/\/tourcruiser.com\/fr\/#\/schema\/logo\/image\/\",\"url\":\"https:\/\/www.tourcruiser.com\/wp-content\/uploads\/2025\/12\/logo.png\",\"contentUrl\":\"https:\/\/www.tourcruiser.com\/wp-content\/uploads\/2025\/12\/logo.png\",\"width\":200,\"height\":65,\"caption\":\"STYLORAL PTE. LTD\"},\"image\":{\"@id\":\"https:\/\/tourcruiser.com\/fr\/#\/schema\/logo\/image\/\"}}]}<\/script>\n<!-- \/ Yoast SEO plugin. -->","yoast_head_json":{"title":"Adidas Sporty & Rich x Handball Spezial 'Night Indigo' - TOURCRUISER PTE. LTD","robots":{"index":"index","follow":"follow","max-snippet":"max-snippet:-1","max-image-preview":"max-image-preview:large","max-video-preview":"max-video-preview:-1"},"canonical":"https:\/\/tourcruiser.com\/fr\/products\/adidas-sporty-rich-x-handball-spezial-night-indigo\/","og_locale":"fr_FR","og_type":"article","og_title":"Adidas Sporty & Rich x Handball Spezial 'Night Indigo' - TOURCRUISER PTE. LTD","og_description":"adidas Handball Spezial \u2014 Night Indigo\/Cloud White\/Gum","og_url":"https:\/\/tourcruiser.com\/fr\/products\/adidas-sporty-rich-x-handball-spezial-night-indigo\/","og_site_name":"Tourcruiser Sneaker Store","article_modified_time":"2026-03-14T10:52:26+00:00","twitter_card":"summary_large_image","twitter_image":"https:\/\/images.novelship.com\/product\/sporty___rich_x_adidas_handball_spezial__night_ind_0_88272.jpeg","twitter_misc":{"Dur\u00e9e de lecture estim\u00e9e":"1 minute"},"schema":{"@context":"https:\/\/schema.org","@graph":[{"@type":"WebPage","@id":"https:\/\/tourcruiser.com\/fr\/products\/adidas-sporty-rich-x-handball-spezial-night-indigo\/","url":"https:\/\/tourcruiser.com\/fr\/products\/adidas-sporty-rich-x-handball-spezial-night-indigo\/","name":"Adidas Sporty & Rich x Handball Spezial 'Night Indigo' - TOURCRUISER PTE. LTD","isPartOf":{"@id":"https:\/\/tourcruiser.com\/fr\/#website"},"primaryImageOfPage":{"@id":"https:\/\/tourcruiser.com\/fr\/products\/adidas-sporty-rich-x-handball-spezial-night-indigo\/#primaryimage"},"image":{"@id":"https:\/\/tourcruiser.com\/fr\/products\/adidas-sporty-rich-x-handball-spezial-night-indigo\/#primaryimage"},"thumbnailUrl":"https:\/\/images.novelship.com\/product\/sporty___rich_x_adidas_handball_spezial__night_ind_0_88272.jpeg","datePublished":"2026-02-25T10:04:30+00:00","dateModified":"2026-03-14T10:52:26+00:00","breadcrumb":{"@id":"https:\/\/tourcruiser.com\/fr\/products\/adidas-sporty-rich-x-handball-spezial-night-indigo\/#breadcrumb"},"inLanguage":"fr-FR","potentialAction":[{"@type":"ReadAction","target":["https:\/\/tourcruiser.com\/fr\/products\/adidas-sporty-rich-x-handball-spezial-night-indigo\/"]}]},{"@type":"ImageObject","inLanguage":"fr-FR","@id":"https:\/\/tourcruiser.com\/fr\/products\/adidas-sporty-rich-x-handball-spezial-night-indigo\/#primaryimage","url":"https:\/\/images.novelship.com\/product\/sporty___rich_x_adidas_handball_spezial__night_ind_0_88272.jpeg","contentUrl":"https:\/\/images.novelship.com\/product\/sporty___rich_x_adidas_handball_spezial__night_ind_0_88272.jpeg"},{"@type":"BreadcrumbList","@id":"https:\/\/tourcruiser.com\/fr\/products\/adidas-sporty-rich-x-handball-spezial-night-indigo\/#breadcrumb","itemListElement":[{"@type":"ListItem","position":1,"name":"Home","item":"https:\/\/tourcruiser.com\/fr\/"},{"@type":"ListItem","position":2,"name":"Shop","item":"https:\/\/tourcruiser.com\/fr\/shop\/"},{"@type":"ListItem","position":3,"name":"Adidas Sporty &#038; Rich x Handball Spezial 'Night Indigo'"}]},{"@type":"WebSite","@id":"https:\/\/tourcruiser.com\/fr\/#website","url":"https:\/\/tourcruiser.com\/fr\/","name":"Styloral Jewelry Shop","description":"Tourcruiser Sneaker Store \u2014 L\u2019endroit o\u00f9 l\u2019univers rencontre votre singularit\u00e9.","publisher":{"@id":"https:\/\/tourcruiser.com\/fr\/#organization"},"potentialAction":[{"@type":"SearchAction","target":{"@type":"EntryPoint","urlTemplate":"https:\/\/tourcruiser.com\/fr\/?s={search_term_string}"},"query-input":{"@type":"PropertyValueSpecification","valueRequired":true,"valueName":"search_term_string"}}],"inLanguage":"fr-FR"},{"@type":"Organization","@id":"https:\/\/tourcruiser.com\/fr\/#organization","name":"STYLORAL PTE. LTD","url":"https:\/\/tourcruiser.com\/fr\/","logo":{"@type":"ImageObject","inLanguage":"fr-FR","@id":"https:\/\/tourcruiser.com\/fr\/#\/schema\/logo\/image\/","url":"https:\/\/www.tourcruiser.com\/wp-content\/uploads\/2025\/12\/logo.png","contentUrl":"https:\/\/www.tourcruiser.com\/wp-content\/uploads\/2025\/12\/logo.png","width":200,"height":65,"caption":"STYLORAL PTE. LTD"},"image":{"@id":"https:\/\/tourcruiser.com\/fr\/#\/schema\/logo\/image\/"}}]}},"_links":{"self":[{"href":"https:\/\/tourcruiser.com\/fr\/wp-json\/wp\/v2\/product\/18850","targetHints":{"allow":["GET"]}}],"collection":[{"href":"https:\/\/tourcruiser.com\/fr\/wp-json\/wp\/v2\/product"}],"about":[{"href":"https:\/\/tourcruiser.com\/fr\/wp-json\/wp\/v2\/types\/product"}],"replies":[{"embeddable":true,"href":"https:\/\/tourcruiser.com\/fr\/wp-json\/wp\/v2\/comments?post=18850"}],"wp:featuredmedia":[{"embeddable":true,"href":"https:\/\/tourcruiser.com\/fr\/wp-json\/wp\/v2\/media\/18851"}],"wp:attachment":[{"href":"https:\/\/tourcruiser.com\/fr\/wp-json\/wp\/v2\/media?parent=18850"}],"wp:term":[{"taxonomy":"product_brand","embeddable":true,"href":"https:\/\/tourcruiser.com\/fr\/wp-json\/wp\/v2\/product_brand?post=18850"},{"taxonomy":"product_cat","embeddable":true,"href":"https:\/\/tourcruiser.com\/fr\/wp-json\/wp\/v2\/product_cat?post=18850"},{"taxonomy":"product_tag","embeddable":true,"href":"https:\/\/tourcruiser.com\/fr\/wp-json\/wp\/v2\/product_tag?post=18850"}],"curies":[{"name":"wp","href":"https:\/\/api.w.org\/{rel}","templated":true}]}}