{"id":18646,"date":"2026-02-25T17:00:52","date_gmt":"2026-02-25T10:00:52","guid":{"rendered":"http:\/\/tourcruiser.com\/product\/adidas-wmns-rapidmove-adv-2-hiit-violet-tone-lucid-lemon"},"modified":"2026-03-14T17:52:10","modified_gmt":"2026-03-14T10:52:10","slug":"adidas-wmns-rapidmove-adv-2-hiit-violet-tone-lucid-lemon","status":"publish","type":"product","link":"https:\/\/tourcruiser.com\/fr\/products\/adidas-wmns-rapidmove-adv-2-hiit-violet-tone-lucid-lemon\/","title":{"rendered":"Adidas Wmns Rapidmove ADV 2 HIIT &lsquo;Violet Tone Lucid Lemon&rsquo;"},"content":{"rendered":"<p>Optimisez vos entra\u00eenements haute intensit\u00e9 avec l&rsquo;adidas Rapidmove ADV 2 HIIT, une sneaker styl\u00e9e et performante aux couleurs \u00e9clatantes Violet Tone et Citron Lucid. Con\u00e7ue sp\u00e9cifiquement pour les femmes, cette chaussure d&rsquo;entra\u00eenement polyvalente offre un maintien et une stabilit\u00e9 exceptionnels lors des mouvements dynamiques gr\u00e2ce \u00e0 un soutien renforc\u00e9 du m\u00e9dio-pied et une semelle ext\u00e9rieure r\u00e9sistante. L&#8217;empeigne en mesh respirant et les renforts strat\u00e9giquement plac\u00e9s garantissent un confort et une durabilit\u00e9 optimaux, vous permettant d&rsquo;atteindre votre plein potentiel. L&rsquo;amorti l\u00e9ger offre un \u00e9quilibre parfait entre confort et r\u00e9activit\u00e9, faisant de cette chaussure le choix id\u00e9al pour les entra\u00eenements intensifs en salle ou en ext\u00e9rieur. Avec son esth\u00e9tique moderne et son design fonctionnel, l&rsquo;adidas Rapidmove ADV 2 HIIT allie style et performance pour les femmes qui repoussent leurs limites. Coloris : Violet\/Gris chin\u00e9\/Citron Lucid. Code article : IH5137. Mati\u00e8re de l&#8217;empeigne : Mesh. Semelle interm\u00e9diaire : Lightstrike Pro. Couleur : Violet. Ann\u00e9e de sortie : 2025.<\/p>\n","protected":false},"excerpt":{"rendered":"<p>adidas Rapidmove ADV 2 HIIT \u2014 Violet Tone\/Dash Grey\/Lucid Lemon<\/p>\n","protected":false},"featured_media":18647,"comment_status":"open","ping_status":"closed","template":"","meta":[],"product_brand":[],"product_cat":[9215],"product_tag":[9266],"class_list":{"0":"post-18646","1":"product","2":"type-product","3":"status-publish","4":"has-post-thumbnail","6":"product_cat-adidas-2026","7":"product_tag-ih51377","8":"wcpa_has_options","10":"first","11":"instock","12":"taxable","13":"shipping-taxable","14":"purchasable","15":"product-type-simple"},"wcpa_form_fields":{"rules":{"pric_overide_base_price":false,"pric_overide_base_price_if_gt_zero":false,"pric_overide_base_price_fully":false,"pric_cal_option_once":false,"pric_use_as_fee":false,"bind_quantity":false,"quantity_bind_formula":false},"fields":[{"type":"color-group","required":true,"elementId":"wcpa-color-group-66c4a7f817afe","label":"Taille","inline":true,"priceOptions":"different_for_all","pricingType":"fixed","className":"hassizechart product-shoes-size-eu product-shoes-size","name":"color-group-66c4a7f817b18","disp_type":"square","selection_type":"tick-border","disp_size":"50","show_label_inside":true,"adjust_width":true,"cart_display_type":"text","other_text":"Other","cl_rule":"show","col":6,"values":[{"label":"35","value":"EU 35","price":"","pimage":"","pimage_id":"","pthumb":"","color":""},{"label":"35.5","value":"EU 35.5","price":"","pimage":"","pimage_id":"","pthumb":"","color":""},{"label":"36","value":"EU 36","price":"","pimage":"","pimage_id":"","pthumb":"","color":"","selected":true},{"label":"36 2\/3","value":"EU 36 2\/3","price":"","pimage":"","pimage_id":"","pthumb":"","color":""},{"label":"37 1\/3","value":"EU 37 1\/3","price":"","pimage":"","pimage_id":"","pthumb":"","color":""},{"label":"38","value":"EU 38","price":"","pimage":"","pimage_id":"","pthumb":"","color":""},{"label":"38 2\/3","value":"EU 38 2\/3","price":"","pimage":"","pimage_id":"","pthumb":"","color":""},{"label":"39 1\/3","value":"EU 39 1\/3","price":"","pimage":"","pimage_id":"","pthumb":"","color":""},{"label":"40","value":"EU 40","price":"","pimage":"","pimage_id":"","pthumb":"","color":""},{"label":"40 2\/3","value":"EU 40 2\/3","price":"","pimage":"","pimage_id":"","pthumb":"","color":""},{"label":"41 1\/3","value":"EU 41 1\/3","price":"","pimage":"","pimage_id":"","pthumb":"","color":""},{"label":"42","value":"EU 42","price":"","pimage":"","pimage_id":"","pthumb":"","color":""},{"label":"42 2\/3","value":"EU 42 2\/3","price":"","pimage":"","pimage_id":"","pthumb":"","color":""},{"label":"43 1\/3","value":"EU 43 1\/3","price":"","pimage":"","pimage_id":"","pthumb":"","color":""},{"label":"44","value":"EU 44","price":"","pimage":"","pimage_id":"","pthumb":"","color":""},{"label":"44 2\/3","value":"EU 44 2\/3","price":"","pimage":"","pimage_id":"","pthumb":"","color":""},{"label":"45 1\/3","value":"EU 45 1\/3","price":"","pimage":"","pimage_id":"","pthumb":"","color":""},{"label":"46","value":"EU 46","price":"","pimage":"","pimage_id":"","pthumb":"","color":""},{"label":"46 2\/3","value":"EU 46 2\/3","price":"","pimage":"","pimage_id":"","pthumb":"","color":""},{"label":"47 1\/3","value":"EU 47 1\/3","price":"","pimage":"","pimage_id":"","pthumb":"","color":""}],"relations":[{"operator":false,"rules":[]}],"form_id":24802,"form_rules":{"pric_cal_option_once":false,"exclude_from_discount":false,"pric_use_as_fee":false,"fee_label":"Fee","render_after_acb":false,"disp_hide_options_price":false}}]},"yoast_head":"<!-- This site is optimized with the Yoast SEO plugin v26.5 - https:\/\/yoast.com\/wordpress\/plugins\/seo\/ -->\n<title>Adidas Wmns Rapidmove ADV 2 HIIT &#039;Violet Tone Lucid Lemon&#039; - TOURCRUISER PTE. LTD<\/title>\n<meta name=\"robots\" content=\"index, follow, max-snippet:-1, max-image-preview:large, max-video-preview:-1\" \/>\n<link rel=\"canonical\" href=\"https:\/\/tourcruiser.com\/fr\/products\/adidas-wmns-rapidmove-adv-2-hiit-violet-tone-lucid-lemon\/\" \/>\n<meta property=\"og:locale\" content=\"fr_FR\" \/>\n<meta property=\"og:type\" content=\"article\" \/>\n<meta property=\"og:title\" content=\"Adidas Wmns Rapidmove ADV 2 HIIT &#039;Violet Tone Lucid Lemon&#039; - TOURCRUISER PTE. LTD\" \/>\n<meta property=\"og:description\" content=\"adidas Rapidmove ADV 2 HIIT \u2014 Violet Tone\/Dash Grey\/Lucid Lemon\" \/>\n<meta property=\"og:url\" content=\"https:\/\/tourcruiser.com\/fr\/products\/adidas-wmns-rapidmove-adv-2-hiit-violet-tone-lucid-lemon\/\" \/>\n<meta property=\"og:site_name\" content=\"Tourcruiser Sneaker Store\" \/>\n<meta property=\"article:modified_time\" content=\"2026-03-14T10:52:10+00:00\" \/>\n<meta name=\"twitter:card\" content=\"summary_large_image\" \/>\n<meta name=\"twitter:image\" content=\"https:\/\/images.novelship.com\/product\/_women__adidas_rapidmove_adv_2_hiit__violet_tone_l_0_70879.jpeg\" \/>\n<meta name=\"twitter:label1\" content=\"Dur\u00e9e de lecture estim\u00e9e\" \/>\n\t<meta name=\"twitter:data1\" content=\"1 minute\" \/>\n<script type=\"application\/ld+json\" class=\"yoast-schema-graph\">{\"@context\":\"https:\/\/schema.org\",\"@graph\":[{\"@type\":\"WebPage\",\"@id\":\"https:\/\/tourcruiser.com\/fr\/products\/adidas-wmns-rapidmove-adv-2-hiit-violet-tone-lucid-lemon\/\",\"url\":\"https:\/\/tourcruiser.com\/fr\/products\/adidas-wmns-rapidmove-adv-2-hiit-violet-tone-lucid-lemon\/\",\"name\":\"Adidas Wmns Rapidmove ADV 2 HIIT 'Violet Tone Lucid Lemon' - TOURCRUISER PTE. LTD\",\"isPartOf\":{\"@id\":\"https:\/\/tourcruiser.com\/fr\/#website\"},\"primaryImageOfPage\":{\"@id\":\"https:\/\/tourcruiser.com\/fr\/products\/adidas-wmns-rapidmove-adv-2-hiit-violet-tone-lucid-lemon\/#primaryimage\"},\"image\":{\"@id\":\"https:\/\/tourcruiser.com\/fr\/products\/adidas-wmns-rapidmove-adv-2-hiit-violet-tone-lucid-lemon\/#primaryimage\"},\"thumbnailUrl\":\"https:\/\/images.novelship.com\/product\/_women__adidas_rapidmove_adv_2_hiit__violet_tone_l_0_70879.jpeg\",\"datePublished\":\"2026-02-25T10:00:52+00:00\",\"dateModified\":\"2026-03-14T10:52:10+00:00\",\"breadcrumb\":{\"@id\":\"https:\/\/tourcruiser.com\/fr\/products\/adidas-wmns-rapidmove-adv-2-hiit-violet-tone-lucid-lemon\/#breadcrumb\"},\"inLanguage\":\"fr-FR\",\"potentialAction\":[{\"@type\":\"ReadAction\",\"target\":[\"https:\/\/tourcruiser.com\/fr\/products\/adidas-wmns-rapidmove-adv-2-hiit-violet-tone-lucid-lemon\/\"]}]},{\"@type\":\"ImageObject\",\"inLanguage\":\"fr-FR\",\"@id\":\"https:\/\/tourcruiser.com\/fr\/products\/adidas-wmns-rapidmove-adv-2-hiit-violet-tone-lucid-lemon\/#primaryimage\",\"url\":\"https:\/\/images.novelship.com\/product\/_women__adidas_rapidmove_adv_2_hiit__violet_tone_l_0_70879.jpeg\",\"contentUrl\":\"https:\/\/images.novelship.com\/product\/_women__adidas_rapidmove_adv_2_hiit__violet_tone_l_0_70879.jpeg\"},{\"@type\":\"BreadcrumbList\",\"@id\":\"https:\/\/tourcruiser.com\/fr\/products\/adidas-wmns-rapidmove-adv-2-hiit-violet-tone-lucid-lemon\/#breadcrumb\",\"itemListElement\":[{\"@type\":\"ListItem\",\"position\":1,\"name\":\"Home\",\"item\":\"https:\/\/tourcruiser.com\/fr\/\"},{\"@type\":\"ListItem\",\"position\":2,\"name\":\"Shop\",\"item\":\"https:\/\/tourcruiser.com\/fr\/shop\/\"},{\"@type\":\"ListItem\",\"position\":3,\"name\":\"Adidas Wmns Rapidmove ADV 2 HIIT 'Violet Tone Lucid Lemon'\"}]},{\"@type\":\"WebSite\",\"@id\":\"https:\/\/tourcruiser.com\/fr\/#website\",\"url\":\"https:\/\/tourcruiser.com\/fr\/\",\"name\":\"Styloral Jewelry Shop\",\"description\":\"Tourcruiser Sneaker Store \u2014 L\u2019endroit o\u00f9 l\u2019univers rencontre votre singularit\u00e9.\",\"publisher\":{\"@id\":\"https:\/\/tourcruiser.com\/fr\/#organization\"},\"potentialAction\":[{\"@type\":\"SearchAction\",\"target\":{\"@type\":\"EntryPoint\",\"urlTemplate\":\"https:\/\/tourcruiser.com\/fr\/?s={search_term_string}\"},\"query-input\":{\"@type\":\"PropertyValueSpecification\",\"valueRequired\":true,\"valueName\":\"search_term_string\"}}],\"inLanguage\":\"fr-FR\"},{\"@type\":\"Organization\",\"@id\":\"https:\/\/tourcruiser.com\/fr\/#organization\",\"name\":\"STYLORAL PTE. LTD\",\"url\":\"https:\/\/tourcruiser.com\/fr\/\",\"logo\":{\"@type\":\"ImageObject\",\"inLanguage\":\"fr-FR\",\"@id\":\"https:\/\/tourcruiser.com\/fr\/#\/schema\/logo\/image\/\",\"url\":\"https:\/\/www.tourcruiser.com\/wp-content\/uploads\/2025\/12\/logo.png\",\"contentUrl\":\"https:\/\/www.tourcruiser.com\/wp-content\/uploads\/2025\/12\/logo.png\",\"width\":200,\"height\":65,\"caption\":\"STYLORAL PTE. LTD\"},\"image\":{\"@id\":\"https:\/\/tourcruiser.com\/fr\/#\/schema\/logo\/image\/\"}}]}<\/script>\n<!-- \/ Yoast SEO plugin. -->","yoast_head_json":{"title":"Adidas Wmns Rapidmove ADV 2 HIIT 'Violet Tone Lucid Lemon' - TOURCRUISER PTE. LTD","robots":{"index":"index","follow":"follow","max-snippet":"max-snippet:-1","max-image-preview":"max-image-preview:large","max-video-preview":"max-video-preview:-1"},"canonical":"https:\/\/tourcruiser.com\/fr\/products\/adidas-wmns-rapidmove-adv-2-hiit-violet-tone-lucid-lemon\/","og_locale":"fr_FR","og_type":"article","og_title":"Adidas Wmns Rapidmove ADV 2 HIIT 'Violet Tone Lucid Lemon' - TOURCRUISER PTE. LTD","og_description":"adidas Rapidmove ADV 2 HIIT \u2014 Violet Tone\/Dash Grey\/Lucid Lemon","og_url":"https:\/\/tourcruiser.com\/fr\/products\/adidas-wmns-rapidmove-adv-2-hiit-violet-tone-lucid-lemon\/","og_site_name":"Tourcruiser Sneaker Store","article_modified_time":"2026-03-14T10:52:10+00:00","twitter_card":"summary_large_image","twitter_image":"https:\/\/images.novelship.com\/product\/_women__adidas_rapidmove_adv_2_hiit__violet_tone_l_0_70879.jpeg","twitter_misc":{"Dur\u00e9e de lecture estim\u00e9e":"1 minute"},"schema":{"@context":"https:\/\/schema.org","@graph":[{"@type":"WebPage","@id":"https:\/\/tourcruiser.com\/fr\/products\/adidas-wmns-rapidmove-adv-2-hiit-violet-tone-lucid-lemon\/","url":"https:\/\/tourcruiser.com\/fr\/products\/adidas-wmns-rapidmove-adv-2-hiit-violet-tone-lucid-lemon\/","name":"Adidas Wmns Rapidmove ADV 2 HIIT 'Violet Tone Lucid Lemon' - TOURCRUISER PTE. LTD","isPartOf":{"@id":"https:\/\/tourcruiser.com\/fr\/#website"},"primaryImageOfPage":{"@id":"https:\/\/tourcruiser.com\/fr\/products\/adidas-wmns-rapidmove-adv-2-hiit-violet-tone-lucid-lemon\/#primaryimage"},"image":{"@id":"https:\/\/tourcruiser.com\/fr\/products\/adidas-wmns-rapidmove-adv-2-hiit-violet-tone-lucid-lemon\/#primaryimage"},"thumbnailUrl":"https:\/\/images.novelship.com\/product\/_women__adidas_rapidmove_adv_2_hiit__violet_tone_l_0_70879.jpeg","datePublished":"2026-02-25T10:00:52+00:00","dateModified":"2026-03-14T10:52:10+00:00","breadcrumb":{"@id":"https:\/\/tourcruiser.com\/fr\/products\/adidas-wmns-rapidmove-adv-2-hiit-violet-tone-lucid-lemon\/#breadcrumb"},"inLanguage":"fr-FR","potentialAction":[{"@type":"ReadAction","target":["https:\/\/tourcruiser.com\/fr\/products\/adidas-wmns-rapidmove-adv-2-hiit-violet-tone-lucid-lemon\/"]}]},{"@type":"ImageObject","inLanguage":"fr-FR","@id":"https:\/\/tourcruiser.com\/fr\/products\/adidas-wmns-rapidmove-adv-2-hiit-violet-tone-lucid-lemon\/#primaryimage","url":"https:\/\/images.novelship.com\/product\/_women__adidas_rapidmove_adv_2_hiit__violet_tone_l_0_70879.jpeg","contentUrl":"https:\/\/images.novelship.com\/product\/_women__adidas_rapidmove_adv_2_hiit__violet_tone_l_0_70879.jpeg"},{"@type":"BreadcrumbList","@id":"https:\/\/tourcruiser.com\/fr\/products\/adidas-wmns-rapidmove-adv-2-hiit-violet-tone-lucid-lemon\/#breadcrumb","itemListElement":[{"@type":"ListItem","position":1,"name":"Home","item":"https:\/\/tourcruiser.com\/fr\/"},{"@type":"ListItem","position":2,"name":"Shop","item":"https:\/\/tourcruiser.com\/fr\/shop\/"},{"@type":"ListItem","position":3,"name":"Adidas Wmns Rapidmove ADV 2 HIIT 'Violet Tone Lucid Lemon'"}]},{"@type":"WebSite","@id":"https:\/\/tourcruiser.com\/fr\/#website","url":"https:\/\/tourcruiser.com\/fr\/","name":"Styloral Jewelry Shop","description":"Tourcruiser Sneaker Store \u2014 L\u2019endroit o\u00f9 l\u2019univers rencontre votre singularit\u00e9.","publisher":{"@id":"https:\/\/tourcruiser.com\/fr\/#organization"},"potentialAction":[{"@type":"SearchAction","target":{"@type":"EntryPoint","urlTemplate":"https:\/\/tourcruiser.com\/fr\/?s={search_term_string}"},"query-input":{"@type":"PropertyValueSpecification","valueRequired":true,"valueName":"search_term_string"}}],"inLanguage":"fr-FR"},{"@type":"Organization","@id":"https:\/\/tourcruiser.com\/fr\/#organization","name":"STYLORAL PTE. LTD","url":"https:\/\/tourcruiser.com\/fr\/","logo":{"@type":"ImageObject","inLanguage":"fr-FR","@id":"https:\/\/tourcruiser.com\/fr\/#\/schema\/logo\/image\/","url":"https:\/\/www.tourcruiser.com\/wp-content\/uploads\/2025\/12\/logo.png","contentUrl":"https:\/\/www.tourcruiser.com\/wp-content\/uploads\/2025\/12\/logo.png","width":200,"height":65,"caption":"STYLORAL PTE. LTD"},"image":{"@id":"https:\/\/tourcruiser.com\/fr\/#\/schema\/logo\/image\/"}}]}},"_links":{"self":[{"href":"https:\/\/tourcruiser.com\/fr\/wp-json\/wp\/v2\/product\/18646","targetHints":{"allow":["GET"]}}],"collection":[{"href":"https:\/\/tourcruiser.com\/fr\/wp-json\/wp\/v2\/product"}],"about":[{"href":"https:\/\/tourcruiser.com\/fr\/wp-json\/wp\/v2\/types\/product"}],"replies":[{"embeddable":true,"href":"https:\/\/tourcruiser.com\/fr\/wp-json\/wp\/v2\/comments?post=18646"}],"wp:featuredmedia":[{"embeddable":true,"href":"https:\/\/tourcruiser.com\/fr\/wp-json\/wp\/v2\/media\/18647"}],"wp:attachment":[{"href":"https:\/\/tourcruiser.com\/fr\/wp-json\/wp\/v2\/media?parent=18646"}],"wp:term":[{"taxonomy":"product_brand","embeddable":true,"href":"https:\/\/tourcruiser.com\/fr\/wp-json\/wp\/v2\/product_brand?post=18646"},{"taxonomy":"product_cat","embeddable":true,"href":"https:\/\/tourcruiser.com\/fr\/wp-json\/wp\/v2\/product_cat?post=18646"},{"taxonomy":"product_tag","embeddable":true,"href":"https:\/\/tourcruiser.com\/fr\/wp-json\/wp\/v2\/product_tag?post=18646"}],"curies":[{"name":"wp","href":"https:\/\/api.w.org\/{rel}","templated":true}]}}