{"id":18501,"date":"2026-02-25T16:58:06","date_gmt":"2026-02-25T09:58:06","guid":{"rendered":"http:\/\/tourcruiser.com\/product\/adidas-dingyun-zhang-x-kouza-black-box"},"modified":"2026-03-14T17:50:15","modified_gmt":"2026-03-14T10:50:15","slug":"adidas-dingyun-zhang-x-kouza-black-box","status":"publish","type":"product","link":"https:\/\/tourcruiser.com\/fr\/products\/adidas-dingyun-zhang-x-kouza-black-box\/","title":{"rendered":"Adidas Dingyun Zhang x Kouza &lsquo;Black Box&rsquo;"},"content":{"rendered":"<p>La Dingyun Zhang x adidas Kouza \u00ab Black Box \u00bb IF9705 est une fusion innovante entre mode avant-gardiste et chaussure de haute performance, con\u00e7ue pour les influenceurs \u00e0 la pointe de la mode. Cette collaboration exclusive entre le designer visionnaire Dingyun Zhang et adidas red\u00e9finit le streetwear moderne gr\u00e2ce \u00e0 sa silhouette sculpturale saisissante et son esth\u00e9tique futuriste. L&rsquo;\u00e9l\u00e9gant coloris noir est rehauss\u00e9 de d\u00e9tails raffin\u00e9s et de mat\u00e9riaux haut de gamme, pour un design \u00e0 la fois polyvalent et expressif. Gr\u00e2ce \u00e0 l&rsquo;esprit d&rsquo;innovation d&rsquo;adidas, la Kouza \u00ab Black Box \u00bb offre un amorti et un maintien sup\u00e9rieurs pour un confort in\u00e9gal\u00e9 au quotidien comme lors d&rsquo;aventures improvis\u00e9es. Sa construction robuste garantit sa durabilit\u00e9, tandis que ses contours et textures expressifs lui conf\u00e8rent un style unique. Parfaite pour la ville ou pour quiconque souhaite se d\u00e9marquer : cette sneaker allie fonctionnalit\u00e9 et design avant-gardiste. Chaque paire t\u00e9moigne d&rsquo;un savoir-faire m\u00e9ticuleux et de principes de mode novateurs, ce qui en fait une pi\u00e8ce incontournable pour les collectionneurs et les passionn\u00e9s de style. Qu&rsquo;elle soit port\u00e9e avec une tenue d\u00e9contract\u00e9e ou comme pi\u00e8ce ma\u00eetresse d&rsquo;une cr\u00e9ation haute couture \u00e9l\u00e9gante, la Dingyun Zhang x adidas Kouza \u00ab Black Box \u00bb IF9705 ne manquera pas d&rsquo;attirer les regards tout en r\u00e9pondant aux exigences fonctionnelles d&rsquo;un mode de vie moderne et actif. D\u00e9couvrez une fusion visionnaire d&rsquo;art et d&rsquo;innovation avec cette pi\u00e8ce d&rsquo;exception en \u00e9dition limit\u00e9e, con\u00e7ue pour celles et ceux qui souhaitent explorer de nouvelles voies en mati\u00e8re de forme et de fonction. Coloris\u00a0: Noir-Black Box\/Noir-Black Box\/Noir-Black Box. Code article\u00a0: IF9705. Tige\u00a0: Mesh. Semelle interm\u00e9diaire\u00a0: Lightstrike. Couleur\u00a0: Noir. Ann\u00e9e de sortie\u00a0: 2024.<\/p>\n","protected":false},"excerpt":{"rendered":"<p>adidas Dingyun Zhang Kouza \u2014 Black-Black Box\/Black-Black Box\/Black-Black Box<\/p>\n","protected":false},"featured_media":18502,"comment_status":"open","ping_status":"closed","template":"","meta":[],"product_brand":[],"product_cat":[9215],"product_tag":[9230],"class_list":{"0":"post-18501","1":"product","2":"type-product","3":"status-publish","4":"has-post-thumbnail","6":"product_cat-adidas-2026","7":"product_tag-9230","8":"wcpa_has_options","10":"first","11":"instock","12":"taxable","13":"shipping-taxable","14":"purchasable","15":"product-type-simple"},"wcpa_form_fields":{"rules":{"pric_overide_base_price":false,"pric_overide_base_price_if_gt_zero":false,"pric_overide_base_price_fully":false,"pric_cal_option_once":false,"pric_use_as_fee":false,"bind_quantity":false,"quantity_bind_formula":false},"fields":[{"type":"color-group","required":true,"elementId":"wcpa-color-group-66c4a7f817afe","label":"Taille","inline":true,"priceOptions":"different_for_all","pricingType":"fixed","className":"hassizechart product-shoes-size-eu product-shoes-size","name":"color-group-66c4a7f817b18","disp_type":"square","selection_type":"tick-border","disp_size":"50","show_label_inside":true,"adjust_width":true,"cart_display_type":"text","other_text":"Other","cl_rule":"show","col":6,"values":[{"label":"35","value":"EU 35","price":"","pimage":"","pimage_id":"","pthumb":"","color":""},{"label":"35.5","value":"EU 35.5","price":"","pimage":"","pimage_id":"","pthumb":"","color":""},{"label":"36","value":"EU 36","price":"","pimage":"","pimage_id":"","pthumb":"","color":"","selected":true},{"label":"36 2\/3","value":"EU 36 2\/3","price":"","pimage":"","pimage_id":"","pthumb":"","color":""},{"label":"37 1\/3","value":"EU 37 1\/3","price":"","pimage":"","pimage_id":"","pthumb":"","color":""},{"label":"38","value":"EU 38","price":"","pimage":"","pimage_id":"","pthumb":"","color":""},{"label":"38 2\/3","value":"EU 38 2\/3","price":"","pimage":"","pimage_id":"","pthumb":"","color":""},{"label":"39 1\/3","value":"EU 39 1\/3","price":"","pimage":"","pimage_id":"","pthumb":"","color":""},{"label":"40","value":"EU 40","price":"","pimage":"","pimage_id":"","pthumb":"","color":""},{"label":"40 2\/3","value":"EU 40 2\/3","price":"","pimage":"","pimage_id":"","pthumb":"","color":""},{"label":"41 1\/3","value":"EU 41 1\/3","price":"","pimage":"","pimage_id":"","pthumb":"","color":""},{"label":"42","value":"EU 42","price":"","pimage":"","pimage_id":"","pthumb":"","color":""},{"label":"42 2\/3","value":"EU 42 2\/3","price":"","pimage":"","pimage_id":"","pthumb":"","color":""},{"label":"43 1\/3","value":"EU 43 1\/3","price":"","pimage":"","pimage_id":"","pthumb":"","color":""},{"label":"44","value":"EU 44","price":"","pimage":"","pimage_id":"","pthumb":"","color":""},{"label":"44 2\/3","value":"EU 44 2\/3","price":"","pimage":"","pimage_id":"","pthumb":"","color":""},{"label":"45 1\/3","value":"EU 45 1\/3","price":"","pimage":"","pimage_id":"","pthumb":"","color":""},{"label":"46","value":"EU 46","price":"","pimage":"","pimage_id":"","pthumb":"","color":""},{"label":"46 2\/3","value":"EU 46 2\/3","price":"","pimage":"","pimage_id":"","pthumb":"","color":""},{"label":"47 1\/3","value":"EU 47 1\/3","price":"","pimage":"","pimage_id":"","pthumb":"","color":""}],"relations":[{"operator":false,"rules":[]}],"form_id":24802,"form_rules":{"pric_cal_option_once":false,"exclude_from_discount":false,"pric_use_as_fee":false,"fee_label":"Fee","render_after_acb":false,"disp_hide_options_price":false}}]},"yoast_head":"<!-- This site is optimized with the Yoast SEO plugin v26.5 - https:\/\/yoast.com\/wordpress\/plugins\/seo\/ -->\n<title>Adidas Dingyun Zhang x Kouza &#039;Black Box&#039; - TOURCRUISER PTE. LTD<\/title>\n<meta name=\"robots\" content=\"index, follow, max-snippet:-1, max-image-preview:large, max-video-preview:-1\" \/>\n<link rel=\"canonical\" href=\"https:\/\/tourcruiser.com\/fr\/products\/adidas-dingyun-zhang-x-kouza-black-box\/\" \/>\n<meta property=\"og:locale\" content=\"fr_FR\" \/>\n<meta property=\"og:type\" content=\"article\" \/>\n<meta property=\"og:title\" content=\"Adidas Dingyun Zhang x Kouza &#039;Black Box&#039; - TOURCRUISER PTE. LTD\" \/>\n<meta property=\"og:description\" content=\"adidas Dingyun Zhang Kouza \u2014 Black-Black Box\/Black-Black Box\/Black-Black Box\" \/>\n<meta property=\"og:url\" content=\"https:\/\/tourcruiser.com\/fr\/products\/adidas-dingyun-zhang-x-kouza-black-box\/\" \/>\n<meta property=\"og:site_name\" content=\"Tourcruiser Sneaker Store\" \/>\n<meta property=\"article:modified_time\" content=\"2026-03-14T10:50:15+00:00\" \/>\n<meta name=\"twitter:card\" content=\"summary_large_image\" \/>\n<meta name=\"twitter:image\" content=\"https:\/\/images.novelship.com\/product\/dingyun_zhang_x_adidas_kouza__black_box__if9705_0_62122.png\" \/>\n<meta name=\"twitter:label1\" content=\"Dur\u00e9e de lecture estim\u00e9e\" \/>\n\t<meta name=\"twitter:data1\" content=\"1 minute\" \/>\n<script type=\"application\/ld+json\" class=\"yoast-schema-graph\">{\"@context\":\"https:\/\/schema.org\",\"@graph\":[{\"@type\":\"WebPage\",\"@id\":\"https:\/\/tourcruiser.com\/fr\/products\/adidas-dingyun-zhang-x-kouza-black-box\/\",\"url\":\"https:\/\/tourcruiser.com\/fr\/products\/adidas-dingyun-zhang-x-kouza-black-box\/\",\"name\":\"Adidas Dingyun Zhang x Kouza 'Black Box' - TOURCRUISER PTE. LTD\",\"isPartOf\":{\"@id\":\"https:\/\/tourcruiser.com\/fr\/#website\"},\"primaryImageOfPage\":{\"@id\":\"https:\/\/tourcruiser.com\/fr\/products\/adidas-dingyun-zhang-x-kouza-black-box\/#primaryimage\"},\"image\":{\"@id\":\"https:\/\/tourcruiser.com\/fr\/products\/adidas-dingyun-zhang-x-kouza-black-box\/#primaryimage\"},\"thumbnailUrl\":\"https:\/\/images.novelship.com\/product\/dingyun_zhang_x_adidas_kouza__black_box__if9705_0_62122.png\",\"datePublished\":\"2026-02-25T09:58:06+00:00\",\"dateModified\":\"2026-03-14T10:50:15+00:00\",\"breadcrumb\":{\"@id\":\"https:\/\/tourcruiser.com\/fr\/products\/adidas-dingyun-zhang-x-kouza-black-box\/#breadcrumb\"},\"inLanguage\":\"fr-FR\",\"potentialAction\":[{\"@type\":\"ReadAction\",\"target\":[\"https:\/\/tourcruiser.com\/fr\/products\/adidas-dingyun-zhang-x-kouza-black-box\/\"]}]},{\"@type\":\"ImageObject\",\"inLanguage\":\"fr-FR\",\"@id\":\"https:\/\/tourcruiser.com\/fr\/products\/adidas-dingyun-zhang-x-kouza-black-box\/#primaryimage\",\"url\":\"https:\/\/images.novelship.com\/product\/dingyun_zhang_x_adidas_kouza__black_box__if9705_0_62122.png\",\"contentUrl\":\"https:\/\/images.novelship.com\/product\/dingyun_zhang_x_adidas_kouza__black_box__if9705_0_62122.png\"},{\"@type\":\"BreadcrumbList\",\"@id\":\"https:\/\/tourcruiser.com\/fr\/products\/adidas-dingyun-zhang-x-kouza-black-box\/#breadcrumb\",\"itemListElement\":[{\"@type\":\"ListItem\",\"position\":1,\"name\":\"Home\",\"item\":\"https:\/\/tourcruiser.com\/fr\/\"},{\"@type\":\"ListItem\",\"position\":2,\"name\":\"Shop\",\"item\":\"https:\/\/tourcruiser.com\/fr\/shop\/\"},{\"@type\":\"ListItem\",\"position\":3,\"name\":\"Adidas Dingyun Zhang x Kouza 'Black Box'\"}]},{\"@type\":\"WebSite\",\"@id\":\"https:\/\/tourcruiser.com\/fr\/#website\",\"url\":\"https:\/\/tourcruiser.com\/fr\/\",\"name\":\"Styloral Jewelry Shop\",\"description\":\"Tourcruiser Sneaker Store \u2014 L\u2019endroit o\u00f9 l\u2019univers rencontre votre singularit\u00e9.\",\"publisher\":{\"@id\":\"https:\/\/tourcruiser.com\/fr\/#organization\"},\"potentialAction\":[{\"@type\":\"SearchAction\",\"target\":{\"@type\":\"EntryPoint\",\"urlTemplate\":\"https:\/\/tourcruiser.com\/fr\/?s={search_term_string}\"},\"query-input\":{\"@type\":\"PropertyValueSpecification\",\"valueRequired\":true,\"valueName\":\"search_term_string\"}}],\"inLanguage\":\"fr-FR\"},{\"@type\":\"Organization\",\"@id\":\"https:\/\/tourcruiser.com\/fr\/#organization\",\"name\":\"STYLORAL PTE. LTD\",\"url\":\"https:\/\/tourcruiser.com\/fr\/\",\"logo\":{\"@type\":\"ImageObject\",\"inLanguage\":\"fr-FR\",\"@id\":\"https:\/\/tourcruiser.com\/fr\/#\/schema\/logo\/image\/\",\"url\":\"https:\/\/www.tourcruiser.com\/wp-content\/uploads\/2025\/12\/logo.png\",\"contentUrl\":\"https:\/\/www.tourcruiser.com\/wp-content\/uploads\/2025\/12\/logo.png\",\"width\":200,\"height\":65,\"caption\":\"STYLORAL PTE. LTD\"},\"image\":{\"@id\":\"https:\/\/tourcruiser.com\/fr\/#\/schema\/logo\/image\/\"}}]}<\/script>\n<!-- \/ Yoast SEO plugin. -->","yoast_head_json":{"title":"Adidas Dingyun Zhang x Kouza 'Black Box' - TOURCRUISER PTE. LTD","robots":{"index":"index","follow":"follow","max-snippet":"max-snippet:-1","max-image-preview":"max-image-preview:large","max-video-preview":"max-video-preview:-1"},"canonical":"https:\/\/tourcruiser.com\/fr\/products\/adidas-dingyun-zhang-x-kouza-black-box\/","og_locale":"fr_FR","og_type":"article","og_title":"Adidas Dingyun Zhang x Kouza 'Black Box' - TOURCRUISER PTE. LTD","og_description":"adidas Dingyun Zhang Kouza \u2014 Black-Black Box\/Black-Black Box\/Black-Black Box","og_url":"https:\/\/tourcruiser.com\/fr\/products\/adidas-dingyun-zhang-x-kouza-black-box\/","og_site_name":"Tourcruiser Sneaker Store","article_modified_time":"2026-03-14T10:50:15+00:00","twitter_card":"summary_large_image","twitter_image":"https:\/\/images.novelship.com\/product\/dingyun_zhang_x_adidas_kouza__black_box__if9705_0_62122.png","twitter_misc":{"Dur\u00e9e de lecture estim\u00e9e":"1 minute"},"schema":{"@context":"https:\/\/schema.org","@graph":[{"@type":"WebPage","@id":"https:\/\/tourcruiser.com\/fr\/products\/adidas-dingyun-zhang-x-kouza-black-box\/","url":"https:\/\/tourcruiser.com\/fr\/products\/adidas-dingyun-zhang-x-kouza-black-box\/","name":"Adidas Dingyun Zhang x Kouza 'Black Box' - TOURCRUISER PTE. LTD","isPartOf":{"@id":"https:\/\/tourcruiser.com\/fr\/#website"},"primaryImageOfPage":{"@id":"https:\/\/tourcruiser.com\/fr\/products\/adidas-dingyun-zhang-x-kouza-black-box\/#primaryimage"},"image":{"@id":"https:\/\/tourcruiser.com\/fr\/products\/adidas-dingyun-zhang-x-kouza-black-box\/#primaryimage"},"thumbnailUrl":"https:\/\/images.novelship.com\/product\/dingyun_zhang_x_adidas_kouza__black_box__if9705_0_62122.png","datePublished":"2026-02-25T09:58:06+00:00","dateModified":"2026-03-14T10:50:15+00:00","breadcrumb":{"@id":"https:\/\/tourcruiser.com\/fr\/products\/adidas-dingyun-zhang-x-kouza-black-box\/#breadcrumb"},"inLanguage":"fr-FR","potentialAction":[{"@type":"ReadAction","target":["https:\/\/tourcruiser.com\/fr\/products\/adidas-dingyun-zhang-x-kouza-black-box\/"]}]},{"@type":"ImageObject","inLanguage":"fr-FR","@id":"https:\/\/tourcruiser.com\/fr\/products\/adidas-dingyun-zhang-x-kouza-black-box\/#primaryimage","url":"https:\/\/images.novelship.com\/product\/dingyun_zhang_x_adidas_kouza__black_box__if9705_0_62122.png","contentUrl":"https:\/\/images.novelship.com\/product\/dingyun_zhang_x_adidas_kouza__black_box__if9705_0_62122.png"},{"@type":"BreadcrumbList","@id":"https:\/\/tourcruiser.com\/fr\/products\/adidas-dingyun-zhang-x-kouza-black-box\/#breadcrumb","itemListElement":[{"@type":"ListItem","position":1,"name":"Home","item":"https:\/\/tourcruiser.com\/fr\/"},{"@type":"ListItem","position":2,"name":"Shop","item":"https:\/\/tourcruiser.com\/fr\/shop\/"},{"@type":"ListItem","position":3,"name":"Adidas Dingyun Zhang x Kouza 'Black Box'"}]},{"@type":"WebSite","@id":"https:\/\/tourcruiser.com\/fr\/#website","url":"https:\/\/tourcruiser.com\/fr\/","name":"Styloral Jewelry Shop","description":"Tourcruiser Sneaker Store \u2014 L\u2019endroit o\u00f9 l\u2019univers rencontre votre singularit\u00e9.","publisher":{"@id":"https:\/\/tourcruiser.com\/fr\/#organization"},"potentialAction":[{"@type":"SearchAction","target":{"@type":"EntryPoint","urlTemplate":"https:\/\/tourcruiser.com\/fr\/?s={search_term_string}"},"query-input":{"@type":"PropertyValueSpecification","valueRequired":true,"valueName":"search_term_string"}}],"inLanguage":"fr-FR"},{"@type":"Organization","@id":"https:\/\/tourcruiser.com\/fr\/#organization","name":"STYLORAL PTE. LTD","url":"https:\/\/tourcruiser.com\/fr\/","logo":{"@type":"ImageObject","inLanguage":"fr-FR","@id":"https:\/\/tourcruiser.com\/fr\/#\/schema\/logo\/image\/","url":"https:\/\/www.tourcruiser.com\/wp-content\/uploads\/2025\/12\/logo.png","contentUrl":"https:\/\/www.tourcruiser.com\/wp-content\/uploads\/2025\/12\/logo.png","width":200,"height":65,"caption":"STYLORAL PTE. LTD"},"image":{"@id":"https:\/\/tourcruiser.com\/fr\/#\/schema\/logo\/image\/"}}]}},"_links":{"self":[{"href":"https:\/\/tourcruiser.com\/fr\/wp-json\/wp\/v2\/product\/18501","targetHints":{"allow":["GET"]}}],"collection":[{"href":"https:\/\/tourcruiser.com\/fr\/wp-json\/wp\/v2\/product"}],"about":[{"href":"https:\/\/tourcruiser.com\/fr\/wp-json\/wp\/v2\/types\/product"}],"replies":[{"embeddable":true,"href":"https:\/\/tourcruiser.com\/fr\/wp-json\/wp\/v2\/comments?post=18501"}],"wp:featuredmedia":[{"embeddable":true,"href":"https:\/\/tourcruiser.com\/fr\/wp-json\/wp\/v2\/media\/18502"}],"wp:attachment":[{"href":"https:\/\/tourcruiser.com\/fr\/wp-json\/wp\/v2\/media?parent=18501"}],"wp:term":[{"taxonomy":"product_brand","embeddable":true,"href":"https:\/\/tourcruiser.com\/fr\/wp-json\/wp\/v2\/product_brand?post=18501"},{"taxonomy":"product_cat","embeddable":true,"href":"https:\/\/tourcruiser.com\/fr\/wp-json\/wp\/v2\/product_cat?post=18501"},{"taxonomy":"product_tag","embeddable":true,"href":"https:\/\/tourcruiser.com\/fr\/wp-json\/wp\/v2\/product_tag?post=18501"}],"curies":[{"name":"wp","href":"https:\/\/api.w.org\/{rel}","templated":true}]}}