{"id":183349,"date":"2026-03-02T16:40:27","date_gmt":"2026-03-02T09:40:27","guid":{"rendered":"http:\/\/tourcruiser.com\/product\/cp-company-x-asics-gel-quantum-360-8-cement-grey"},"modified":"2026-03-14T19:48:56","modified_gmt":"2026-03-14T12:48:56","slug":"cp-company-x-asics-gel-quantum-360-8-cement-grey","status":"publish","type":"product","link":"https:\/\/tourcruiser.com\/fr\/products\/cp-company-x-asics-gel-quantum-360-8-cement-grey\/","title":{"rendered":"C.P. Company x ASICS Gel Quantum 360 8 &lsquo;Cement Grey&rsquo;"},"content":{"rendered":"<p>D\u00e9couvrez un confort et un style incomparables avec les sneakers C.P. Company x ASICS Gel Quantum 360 8 \u00ab\u00a0Gris Ciment\u00a0\u00bb. Confectionn\u00e9es \u00e0 partir de mat\u00e9riaux haut de gamme, ces sneakers s\u00e9duisent par leur \u00e9l\u00e9gante teinte gris ciment et offrent un look \u00e0 la fois polyvalent et saisissant. Le syst\u00e8me d&rsquo;amorti Gel Quantum 360 embl\u00e9matique assure un confort exceptionnel, tandis que la semelle ext\u00e9rieure Vibram\u00ae durable garantit une adh\u00e9rence optimale et une grande long\u00e9vit\u00e9. Avec ces sneakers en \u00e9dition limit\u00e9e, qui allient parfaitement mode et fonctionnalit\u00e9, vous apporterez une touche unique \u00e0 votre style \u2013 id\u00e9ales au quotidien comme pour le sport. Coloris\u00a0: Gris Ciment\/Gris Ciment. Num\u00e9ro d&rsquo;article\u00a0: 1203A507-020. Tige\u00a0: Mesh. Semelle interm\u00e9diaire\u00a0: Gel. Couleur\u00a0: Gris. Ann\u00e9e de sortie\u00a0: 2024.<\/p>\n","protected":false},"excerpt":{"rendered":"<p>ASICS Gel Quantum 360 8 \u201d\u201d Cement Grey\/Cement Grey<\/p>\n","protected":false},"featured_media":183350,"comment_status":"open","ping_status":"closed","template":"","meta":[],"product_brand":[],"product_cat":[10792],"product_tag":[10791,10750,10753,10754,10765,10768],"class_list":{"0":"post-183349","1":"product","2":"type-product","3":"status-publish","4":"has-post-thumbnail","6":"product_cat-asics","7":"product_tag-asics","8":"product_tag-athleisure-shoes","9":"product_tag-gift-for-him","10":"product_tag-lifestyle-casual-shoes","11":"product_tag-lifestyle-shoes-running-inspired","12":"product_tag-retro-running-shoes","13":"wcpa_has_options","15":"first","16":"instock","17":"taxable","18":"shipping-taxable","19":"purchasable","20":"product-type-simple"},"wcpa_form_fields":{"rules":{"pric_overide_base_price":false,"pric_overide_base_price_if_gt_zero":false,"pric_overide_base_price_fully":false,"pric_cal_option_once":false,"pric_use_as_fee":false,"bind_quantity":false,"quantity_bind_formula":false},"fields":[{"type":"color-group","required":true,"elementId":"wcpa-color-group-69a5ab08ee12d","label":"Taille","inline":true,"priceOptions":"different_for_all","pricingType":"fixed","className":"hassizechart product-shoes-size-eu product-shoes-size","name":"color-group-69a5ab08ee136","disp_type":"square","selection_type":"tick-border","disp_size":"50","show_label_inside":true,"adjust_width":true,"cart_display_type":"text","other_text":"Other","cl_rule":"show","col":6,"values":[{"label":"36","value":"EU 36","price":"","pimage":"","pimage_id":"","pthumb":"","color":"","selected":true},{"label":"37","value":"EU 37","price":"","pimage":"","pimage_id":"","pthumb":"","color":""},{"label":"37.5","value":"EU 37.5","price":"","pimage":"","pimage_id":"","pthumb":"","color":""},{"label":"38","value":"EU 38","price":"","pimage":"","pimage_id":"","pthumb":"","color":""},{"label":"38.5","value":"EU 38.5","price":"","pimage":"","pimage_id":"","pthumb":"","color":""},{"label":"39","value":"EU 39","price":"","pimage":"","pimage_id":"","pthumb":"","color":""},{"label":"39.5","value":"EU 39.5","price":"","pimage":"","pimage_id":"","pthumb":"","color":""},{"label":"40","value":"EU 40","price":"","pimage":"","pimage_id":"","pthumb":"","color":""},{"label":"40.5","value":"EU 40.5","price":"","pimage":"","pimage_id":"","pthumb":"","color":""},{"label":" 41.5","value":"EU 41.5","price":"","pimage":"","pimage_id":"","pthumb":"","color":""},{"label":"42","value":"EU 42","price":"","pimage":"","pimage_id":"","pthumb":"","color":""},{"label":"42.5","value":"EU 42.5","price":"","pimage":"","pimage_id":"","pthumb":"","color":""},{"label":"43","value":"EU 43","price":"","pimage":"","pimage_id":"","pthumb":"","color":""},{"label":"44","value":"EU 44","price":"","pimage":"","pimage_id":"","pthumb":"","color":""},{"label":"44.5","value":"EU 44.5","price":"","pimage":"","pimage_id":"","pthumb":"","color":""},{"label":"45","value":"EU 45","price":"","pimage":"","pimage_id":"","pthumb":"","color":""},{"label":"45.5","value":"EU 45.5","price":"","pimage":"","pimage_id":"","pthumb":"","color":""},{"label":"46","value":"EU 46","price":"","pimage":"","pimage_id":"","pthumb":"","color":""},{"label":"46.5","value":"EU 46.5","price":"","pimage":"","pimage_id":"","pthumb":"","color":""},{"label":"47","value":"EU 47","price":"","pimage":"","pimage_id":"","pthumb":"","color":""}],"relations":[{"operator":false,"rules":[]}],"form_id":184311,"form_rules":{"pric_cal_option_once":false,"exclude_from_discount":false,"pric_use_as_fee":false,"fee_label":"Fee","render_after_acb":false,"disp_hide_options_price":false}}]},"yoast_head":"<!-- This site is optimized with the Yoast SEO plugin v26.5 - https:\/\/yoast.com\/wordpress\/plugins\/seo\/ -->\n<title>C.P. Company x ASICS Gel Quantum 360 8 &#039;Cement Grey&#039; - TOURCRUISER PTE. LTD<\/title>\n<meta name=\"robots\" content=\"index, follow, max-snippet:-1, max-image-preview:large, max-video-preview:-1\" \/>\n<link rel=\"canonical\" href=\"https:\/\/tourcruiser.com\/fr\/products\/cp-company-x-asics-gel-quantum-360-8-cement-grey\/\" \/>\n<meta property=\"og:locale\" content=\"fr_FR\" \/>\n<meta property=\"og:type\" content=\"article\" \/>\n<meta property=\"og:title\" content=\"C.P. Company x ASICS Gel Quantum 360 8 &#039;Cement Grey&#039; - TOURCRUISER PTE. LTD\" \/>\n<meta property=\"og:description\" content=\"ASICS Gel Quantum 360 8 \u201d\u201d Cement Grey\/Cement Grey\" \/>\n<meta property=\"og:url\" content=\"https:\/\/tourcruiser.com\/fr\/products\/cp-company-x-asics-gel-quantum-360-8-cement-grey\/\" \/>\n<meta property=\"og:site_name\" content=\"Tourcruiser Sneaker Store\" \/>\n<meta property=\"article:modified_time\" content=\"2026-03-14T12:48:56+00:00\" \/>\n<meta name=\"twitter:card\" content=\"summary_large_image\" \/>\n<meta name=\"twitter:image\" content=\"https:\/\/images.novelship.com\/product\/c_p__company_x_asics_gel_quantum_360_8__cement_gre_0_81836.jpeg\" \/>\n<meta name=\"twitter:label1\" content=\"Dur\u00e9e de lecture estim\u00e9e\" \/>\n\t<meta name=\"twitter:data1\" content=\"1 minute\" \/>\n<script type=\"application\/ld+json\" class=\"yoast-schema-graph\">{\"@context\":\"https:\/\/schema.org\",\"@graph\":[{\"@type\":\"WebPage\",\"@id\":\"https:\/\/tourcruiser.com\/fr\/products\/cp-company-x-asics-gel-quantum-360-8-cement-grey\/\",\"url\":\"https:\/\/tourcruiser.com\/fr\/products\/cp-company-x-asics-gel-quantum-360-8-cement-grey\/\",\"name\":\"C.P. Company x ASICS Gel Quantum 360 8 'Cement Grey' - TOURCRUISER PTE. LTD\",\"isPartOf\":{\"@id\":\"https:\/\/tourcruiser.com\/fr\/#website\"},\"primaryImageOfPage\":{\"@id\":\"https:\/\/tourcruiser.com\/fr\/products\/cp-company-x-asics-gel-quantum-360-8-cement-grey\/#primaryimage\"},\"image\":{\"@id\":\"https:\/\/tourcruiser.com\/fr\/products\/cp-company-x-asics-gel-quantum-360-8-cement-grey\/#primaryimage\"},\"thumbnailUrl\":\"https:\/\/images.novelship.com\/product\/c_p__company_x_asics_gel_quantum_360_8__cement_gre_0_81836.jpeg\",\"datePublished\":\"2026-03-02T09:40:27+00:00\",\"dateModified\":\"2026-03-14T12:48:56+00:00\",\"breadcrumb\":{\"@id\":\"https:\/\/tourcruiser.com\/fr\/products\/cp-company-x-asics-gel-quantum-360-8-cement-grey\/#breadcrumb\"},\"inLanguage\":\"fr-FR\",\"potentialAction\":[{\"@type\":\"ReadAction\",\"target\":[\"https:\/\/tourcruiser.com\/fr\/products\/cp-company-x-asics-gel-quantum-360-8-cement-grey\/\"]}]},{\"@type\":\"ImageObject\",\"inLanguage\":\"fr-FR\",\"@id\":\"https:\/\/tourcruiser.com\/fr\/products\/cp-company-x-asics-gel-quantum-360-8-cement-grey\/#primaryimage\",\"url\":\"https:\/\/images.novelship.com\/product\/c_p__company_x_asics_gel_quantum_360_8__cement_gre_0_81836.jpeg\",\"contentUrl\":\"https:\/\/images.novelship.com\/product\/c_p__company_x_asics_gel_quantum_360_8__cement_gre_0_81836.jpeg\"},{\"@type\":\"BreadcrumbList\",\"@id\":\"https:\/\/tourcruiser.com\/fr\/products\/cp-company-x-asics-gel-quantum-360-8-cement-grey\/#breadcrumb\",\"itemListElement\":[{\"@type\":\"ListItem\",\"position\":1,\"name\":\"Home\",\"item\":\"https:\/\/tourcruiser.com\/fr\/\"},{\"@type\":\"ListItem\",\"position\":2,\"name\":\"Shop\",\"item\":\"https:\/\/tourcruiser.com\/fr\/shop\/\"},{\"@type\":\"ListItem\",\"position\":3,\"name\":\"C.P. Company x ASICS Gel Quantum 360 8 'Cement Grey'\"}]},{\"@type\":\"WebSite\",\"@id\":\"https:\/\/tourcruiser.com\/fr\/#website\",\"url\":\"https:\/\/tourcruiser.com\/fr\/\",\"name\":\"Styloral Jewelry Shop\",\"description\":\"Tourcruiser Sneaker Store \u2014 L\u2019endroit o\u00f9 l\u2019univers rencontre votre singularit\u00e9.\",\"publisher\":{\"@id\":\"https:\/\/tourcruiser.com\/fr\/#organization\"},\"potentialAction\":[{\"@type\":\"SearchAction\",\"target\":{\"@type\":\"EntryPoint\",\"urlTemplate\":\"https:\/\/tourcruiser.com\/fr\/?s={search_term_string}\"},\"query-input\":{\"@type\":\"PropertyValueSpecification\",\"valueRequired\":true,\"valueName\":\"search_term_string\"}}],\"inLanguage\":\"fr-FR\"},{\"@type\":\"Organization\",\"@id\":\"https:\/\/tourcruiser.com\/fr\/#organization\",\"name\":\"STYLORAL PTE. LTD\",\"url\":\"https:\/\/tourcruiser.com\/fr\/\",\"logo\":{\"@type\":\"ImageObject\",\"inLanguage\":\"fr-FR\",\"@id\":\"https:\/\/tourcruiser.com\/fr\/#\/schema\/logo\/image\/\",\"url\":\"https:\/\/www.tourcruiser.com\/wp-content\/uploads\/2025\/12\/logo.png\",\"contentUrl\":\"https:\/\/www.tourcruiser.com\/wp-content\/uploads\/2025\/12\/logo.png\",\"width\":200,\"height\":65,\"caption\":\"STYLORAL PTE. LTD\"},\"image\":{\"@id\":\"https:\/\/tourcruiser.com\/fr\/#\/schema\/logo\/image\/\"}}]}<\/script>\n<!-- \/ Yoast SEO plugin. -->","yoast_head_json":{"title":"C.P. Company x ASICS Gel Quantum 360 8 'Cement Grey' - TOURCRUISER PTE. LTD","robots":{"index":"index","follow":"follow","max-snippet":"max-snippet:-1","max-image-preview":"max-image-preview:large","max-video-preview":"max-video-preview:-1"},"canonical":"https:\/\/tourcruiser.com\/fr\/products\/cp-company-x-asics-gel-quantum-360-8-cement-grey\/","og_locale":"fr_FR","og_type":"article","og_title":"C.P. Company x ASICS Gel Quantum 360 8 'Cement Grey' - TOURCRUISER PTE. LTD","og_description":"ASICS Gel Quantum 360 8 \u201d\u201d Cement Grey\/Cement Grey","og_url":"https:\/\/tourcruiser.com\/fr\/products\/cp-company-x-asics-gel-quantum-360-8-cement-grey\/","og_site_name":"Tourcruiser Sneaker Store","article_modified_time":"2026-03-14T12:48:56+00:00","twitter_card":"summary_large_image","twitter_image":"https:\/\/images.novelship.com\/product\/c_p__company_x_asics_gel_quantum_360_8__cement_gre_0_81836.jpeg","twitter_misc":{"Dur\u00e9e de lecture estim\u00e9e":"1 minute"},"schema":{"@context":"https:\/\/schema.org","@graph":[{"@type":"WebPage","@id":"https:\/\/tourcruiser.com\/fr\/products\/cp-company-x-asics-gel-quantum-360-8-cement-grey\/","url":"https:\/\/tourcruiser.com\/fr\/products\/cp-company-x-asics-gel-quantum-360-8-cement-grey\/","name":"C.P. Company x ASICS Gel Quantum 360 8 'Cement Grey' - TOURCRUISER PTE. LTD","isPartOf":{"@id":"https:\/\/tourcruiser.com\/fr\/#website"},"primaryImageOfPage":{"@id":"https:\/\/tourcruiser.com\/fr\/products\/cp-company-x-asics-gel-quantum-360-8-cement-grey\/#primaryimage"},"image":{"@id":"https:\/\/tourcruiser.com\/fr\/products\/cp-company-x-asics-gel-quantum-360-8-cement-grey\/#primaryimage"},"thumbnailUrl":"https:\/\/images.novelship.com\/product\/c_p__company_x_asics_gel_quantum_360_8__cement_gre_0_81836.jpeg","datePublished":"2026-03-02T09:40:27+00:00","dateModified":"2026-03-14T12:48:56+00:00","breadcrumb":{"@id":"https:\/\/tourcruiser.com\/fr\/products\/cp-company-x-asics-gel-quantum-360-8-cement-grey\/#breadcrumb"},"inLanguage":"fr-FR","potentialAction":[{"@type":"ReadAction","target":["https:\/\/tourcruiser.com\/fr\/products\/cp-company-x-asics-gel-quantum-360-8-cement-grey\/"]}]},{"@type":"ImageObject","inLanguage":"fr-FR","@id":"https:\/\/tourcruiser.com\/fr\/products\/cp-company-x-asics-gel-quantum-360-8-cement-grey\/#primaryimage","url":"https:\/\/images.novelship.com\/product\/c_p__company_x_asics_gel_quantum_360_8__cement_gre_0_81836.jpeg","contentUrl":"https:\/\/images.novelship.com\/product\/c_p__company_x_asics_gel_quantum_360_8__cement_gre_0_81836.jpeg"},{"@type":"BreadcrumbList","@id":"https:\/\/tourcruiser.com\/fr\/products\/cp-company-x-asics-gel-quantum-360-8-cement-grey\/#breadcrumb","itemListElement":[{"@type":"ListItem","position":1,"name":"Home","item":"https:\/\/tourcruiser.com\/fr\/"},{"@type":"ListItem","position":2,"name":"Shop","item":"https:\/\/tourcruiser.com\/fr\/shop\/"},{"@type":"ListItem","position":3,"name":"C.P. Company x ASICS Gel Quantum 360 8 'Cement Grey'"}]},{"@type":"WebSite","@id":"https:\/\/tourcruiser.com\/fr\/#website","url":"https:\/\/tourcruiser.com\/fr\/","name":"Styloral Jewelry Shop","description":"Tourcruiser Sneaker Store \u2014 L\u2019endroit o\u00f9 l\u2019univers rencontre votre singularit\u00e9.","publisher":{"@id":"https:\/\/tourcruiser.com\/fr\/#organization"},"potentialAction":[{"@type":"SearchAction","target":{"@type":"EntryPoint","urlTemplate":"https:\/\/tourcruiser.com\/fr\/?s={search_term_string}"},"query-input":{"@type":"PropertyValueSpecification","valueRequired":true,"valueName":"search_term_string"}}],"inLanguage":"fr-FR"},{"@type":"Organization","@id":"https:\/\/tourcruiser.com\/fr\/#organization","name":"STYLORAL PTE. LTD","url":"https:\/\/tourcruiser.com\/fr\/","logo":{"@type":"ImageObject","inLanguage":"fr-FR","@id":"https:\/\/tourcruiser.com\/fr\/#\/schema\/logo\/image\/","url":"https:\/\/www.tourcruiser.com\/wp-content\/uploads\/2025\/12\/logo.png","contentUrl":"https:\/\/www.tourcruiser.com\/wp-content\/uploads\/2025\/12\/logo.png","width":200,"height":65,"caption":"STYLORAL PTE. LTD"},"image":{"@id":"https:\/\/tourcruiser.com\/fr\/#\/schema\/logo\/image\/"}}]}},"_links":{"self":[{"href":"https:\/\/tourcruiser.com\/fr\/wp-json\/wp\/v2\/product\/183349","targetHints":{"allow":["GET"]}}],"collection":[{"href":"https:\/\/tourcruiser.com\/fr\/wp-json\/wp\/v2\/product"}],"about":[{"href":"https:\/\/tourcruiser.com\/fr\/wp-json\/wp\/v2\/types\/product"}],"replies":[{"embeddable":true,"href":"https:\/\/tourcruiser.com\/fr\/wp-json\/wp\/v2\/comments?post=183349"}],"wp:featuredmedia":[{"embeddable":true,"href":"https:\/\/tourcruiser.com\/fr\/wp-json\/wp\/v2\/media\/183350"}],"wp:attachment":[{"href":"https:\/\/tourcruiser.com\/fr\/wp-json\/wp\/v2\/media?parent=183349"}],"wp:term":[{"taxonomy":"product_brand","embeddable":true,"href":"https:\/\/tourcruiser.com\/fr\/wp-json\/wp\/v2\/product_brand?post=183349"},{"taxonomy":"product_cat","embeddable":true,"href":"https:\/\/tourcruiser.com\/fr\/wp-json\/wp\/v2\/product_cat?post=183349"},{"taxonomy":"product_tag","embeddable":true,"href":"https:\/\/tourcruiser.com\/fr\/wp-json\/wp\/v2\/product_tag?post=183349"}],"curies":[{"name":"wp","href":"https:\/\/api.w.org\/{rel}","templated":true}]}}