{"id":183262,"date":"2026-03-02T16:40:19","date_gmt":"2026-03-02T09:40:19","guid":{"rendered":"http:\/\/tourcruiser.com\/product\/adidas-tubular-doom-sock-primeknit-cookies-and-cream"},"modified":"2026-03-14T19:48:51","modified_gmt":"2026-03-14T12:48:51","slug":"adidas-tubular-doom-sock-primeknit-cookies-and-cream","status":"publish","type":"product","link":"https:\/\/tourcruiser.com\/fr\/products\/adidas-tubular-doom-sock-primeknit-cookies-and-cream\/","title":{"rendered":"adidas Tubular Doom Sock Primeknit &lsquo;Cookies and Cream&rsquo;"},"content":{"rendered":"<p>Rehaussez votre style sneakers avec l&rsquo;Adidas Tubular Doom Sock Primeknit \u00ab Cookies and Cream \u00bb BY3558. Gr\u00e2ce \u00e0 sa tige Primeknit innovante, cette chaussure offre un confort optimal gr\u00e2ce \u00e0 son ajustement seconde peau. Son \u00e9l\u00e9gant motif en maille noire et blanche apporte une touche moderne et styl\u00e9e, tandis que sa semelle interm\u00e9diaire textur\u00e9e assure un excellent amorti. Parfaite au quotidien ou pour un look sportif, cette chaussure iconique allie technologie de pointe et style urbain d\u00e9contract\u00e9. R\u00e9inventez votre collection avec l&rsquo;Adidas ultime\u00a0!<\/p>\n<p>Couleur\u00a0: Blanc\/Noir<br \/>\nR\u00e9f\u00e9rence\u00a0: BY3558<br \/>\nCouleur\u00a0: Blanc<br \/>\nDesigner\u00a0: Nic Galway<br \/>\nSaison\u00a0: Toute l&rsquo;ann\u00e9e<br \/>\nAnn\u00e9e de sortie\u00a0: 2017<\/p>\n","protected":false},"excerpt":{"rendered":"<p>adidas Tubular Doom \u201d\u201d Footwaer White\/Core Black<\/p>\n","protected":false},"featured_media":183263,"comment_status":"open","ping_status":"closed","template":"","meta":[],"product_brand":[],"product_cat":[10760],"product_tag":[10759,10750,10753,10754,10765,10768],"class_list":{"0":"post-183262","1":"product","2":"type-product","3":"status-publish","4":"has-post-thumbnail","6":"product_cat-adidas","7":"product_tag-adidas","8":"product_tag-athleisure-shoes","9":"product_tag-gift-for-him","10":"product_tag-lifestyle-casual-shoes","11":"product_tag-lifestyle-shoes-running-inspired","12":"product_tag-retro-running-shoes","13":"wcpa_has_options","15":"first","16":"instock","17":"taxable","18":"shipping-taxable","19":"purchasable","20":"product-type-simple"},"wcpa_form_fields":{"rules":{"pric_overide_base_price":false,"pric_overide_base_price_if_gt_zero":false,"pric_overide_base_price_fully":false,"pric_cal_option_once":false,"pric_use_as_fee":false,"bind_quantity":false,"quantity_bind_formula":false},"fields":[{"type":"color-group","required":true,"elementId":"wcpa-color-group-66c4a7f817afe","label":"Taille","inline":true,"priceOptions":"different_for_all","pricingType":"fixed","className":"hassizechart product-shoes-size-eu product-shoes-size","name":"color-group-66c4a7f817b18","disp_type":"square","selection_type":"tick-border","disp_size":"50","show_label_inside":true,"adjust_width":true,"cart_display_type":"text","other_text":"Other","cl_rule":"show","col":6,"values":[{"label":"35","value":"EU 35","price":"","pimage":"","pimage_id":"","pthumb":"","color":""},{"label":"35.5","value":"EU 35.5","price":"","pimage":"","pimage_id":"","pthumb":"","color":""},{"label":"36","value":"EU 36","price":"","pimage":"","pimage_id":"","pthumb":"","color":"","selected":true},{"label":"36 2\/3","value":"EU 36 2\/3","price":"","pimage":"","pimage_id":"","pthumb":"","color":""},{"label":"37 1\/3","value":"EU 37 1\/3","price":"","pimage":"","pimage_id":"","pthumb":"","color":""},{"label":"38","value":"EU 38","price":"","pimage":"","pimage_id":"","pthumb":"","color":""},{"label":"38 2\/3","value":"EU 38 2\/3","price":"","pimage":"","pimage_id":"","pthumb":"","color":""},{"label":"39 1\/3","value":"EU 39 1\/3","price":"","pimage":"","pimage_id":"","pthumb":"","color":""},{"label":"40","value":"EU 40","price":"","pimage":"","pimage_id":"","pthumb":"","color":""},{"label":"40 2\/3","value":"EU 40 2\/3","price":"","pimage":"","pimage_id":"","pthumb":"","color":""},{"label":"41 1\/3","value":"EU 41 1\/3","price":"","pimage":"","pimage_id":"","pthumb":"","color":""},{"label":"42","value":"EU 42","price":"","pimage":"","pimage_id":"","pthumb":"","color":""},{"label":"42 2\/3","value":"EU 42 2\/3","price":"","pimage":"","pimage_id":"","pthumb":"","color":""},{"label":"43 1\/3","value":"EU 43 1\/3","price":"","pimage":"","pimage_id":"","pthumb":"","color":""},{"label":"44","value":"EU 44","price":"","pimage":"","pimage_id":"","pthumb":"","color":""},{"label":"44 2\/3","value":"EU 44 2\/3","price":"","pimage":"","pimage_id":"","pthumb":"","color":""},{"label":"45 1\/3","value":"EU 45 1\/3","price":"","pimage":"","pimage_id":"","pthumb":"","color":""},{"label":"46","value":"EU 46","price":"","pimage":"","pimage_id":"","pthumb":"","color":""},{"label":"46 2\/3","value":"EU 46 2\/3","price":"","pimage":"","pimage_id":"","pthumb":"","color":""},{"label":"47 1\/3","value":"EU 47 1\/3","price":"","pimage":"","pimage_id":"","pthumb":"","color":""}],"relations":[{"operator":false,"rules":[]}],"form_id":24802,"form_rules":{"pric_cal_option_once":false,"exclude_from_discount":false,"pric_use_as_fee":false,"fee_label":"Fee","render_after_acb":false,"disp_hide_options_price":false}}]},"yoast_head":"<!-- This site is optimized with the Yoast SEO plugin v26.5 - https:\/\/yoast.com\/wordpress\/plugins\/seo\/ -->\n<title>adidas Tubular Doom Sock Primeknit &#039;Cookies and Cream&#039; - TOURCRUISER PTE. LTD<\/title>\n<meta name=\"robots\" content=\"index, follow, max-snippet:-1, max-image-preview:large, max-video-preview:-1\" \/>\n<link rel=\"canonical\" href=\"https:\/\/tourcruiser.com\/fr\/products\/adidas-tubular-doom-sock-primeknit-cookies-and-cream\/\" \/>\n<meta property=\"og:locale\" content=\"fr_FR\" \/>\n<meta property=\"og:type\" content=\"article\" \/>\n<meta property=\"og:title\" content=\"adidas Tubular Doom Sock Primeknit &#039;Cookies and Cream&#039; - TOURCRUISER PTE. LTD\" \/>\n<meta property=\"og:description\" content=\"adidas Tubular Doom \u201d\u201d Footwaer White\/Core Black\" \/>\n<meta property=\"og:url\" content=\"https:\/\/tourcruiser.com\/fr\/products\/adidas-tubular-doom-sock-primeknit-cookies-and-cream\/\" \/>\n<meta property=\"og:site_name\" content=\"Tourcruiser Sneaker Store\" \/>\n<meta property=\"article:modified_time\" content=\"2026-03-14T12:48:51+00:00\" \/>\n<meta name=\"twitter:card\" content=\"summary_large_image\" \/>\n<meta name=\"twitter:image\" content=\"https:\/\/images.novelship.com\/product\/adidas_tubular_doom_sock_primeknit__cookies_and_cr_0_94587.jpeg\" \/>\n<meta name=\"twitter:label1\" content=\"Dur\u00e9e de lecture estim\u00e9e\" \/>\n\t<meta name=\"twitter:data1\" content=\"1 minute\" \/>\n<script type=\"application\/ld+json\" class=\"yoast-schema-graph\">{\"@context\":\"https:\/\/schema.org\",\"@graph\":[{\"@type\":\"WebPage\",\"@id\":\"https:\/\/tourcruiser.com\/fr\/products\/adidas-tubular-doom-sock-primeknit-cookies-and-cream\/\",\"url\":\"https:\/\/tourcruiser.com\/fr\/products\/adidas-tubular-doom-sock-primeknit-cookies-and-cream\/\",\"name\":\"adidas Tubular Doom Sock Primeknit 'Cookies and Cream' - TOURCRUISER PTE. LTD\",\"isPartOf\":{\"@id\":\"https:\/\/tourcruiser.com\/fr\/#website\"},\"primaryImageOfPage\":{\"@id\":\"https:\/\/tourcruiser.com\/fr\/products\/adidas-tubular-doom-sock-primeknit-cookies-and-cream\/#primaryimage\"},\"image\":{\"@id\":\"https:\/\/tourcruiser.com\/fr\/products\/adidas-tubular-doom-sock-primeknit-cookies-and-cream\/#primaryimage\"},\"thumbnailUrl\":\"https:\/\/images.novelship.com\/product\/adidas_tubular_doom_sock_primeknit__cookies_and_cr_0_94587.jpeg\",\"datePublished\":\"2026-03-02T09:40:19+00:00\",\"dateModified\":\"2026-03-14T12:48:51+00:00\",\"breadcrumb\":{\"@id\":\"https:\/\/tourcruiser.com\/fr\/products\/adidas-tubular-doom-sock-primeknit-cookies-and-cream\/#breadcrumb\"},\"inLanguage\":\"fr-FR\",\"potentialAction\":[{\"@type\":\"ReadAction\",\"target\":[\"https:\/\/tourcruiser.com\/fr\/products\/adidas-tubular-doom-sock-primeknit-cookies-and-cream\/\"]}]},{\"@type\":\"ImageObject\",\"inLanguage\":\"fr-FR\",\"@id\":\"https:\/\/tourcruiser.com\/fr\/products\/adidas-tubular-doom-sock-primeknit-cookies-and-cream\/#primaryimage\",\"url\":\"https:\/\/images.novelship.com\/product\/adidas_tubular_doom_sock_primeknit__cookies_and_cr_0_94587.jpeg\",\"contentUrl\":\"https:\/\/images.novelship.com\/product\/adidas_tubular_doom_sock_primeknit__cookies_and_cr_0_94587.jpeg\"},{\"@type\":\"BreadcrumbList\",\"@id\":\"https:\/\/tourcruiser.com\/fr\/products\/adidas-tubular-doom-sock-primeknit-cookies-and-cream\/#breadcrumb\",\"itemListElement\":[{\"@type\":\"ListItem\",\"position\":1,\"name\":\"Home\",\"item\":\"https:\/\/tourcruiser.com\/fr\/\"},{\"@type\":\"ListItem\",\"position\":2,\"name\":\"Shop\",\"item\":\"https:\/\/tourcruiser.com\/fr\/shop\/\"},{\"@type\":\"ListItem\",\"position\":3,\"name\":\"adidas Tubular Doom Sock Primeknit 'Cookies and Cream'\"}]},{\"@type\":\"WebSite\",\"@id\":\"https:\/\/tourcruiser.com\/fr\/#website\",\"url\":\"https:\/\/tourcruiser.com\/fr\/\",\"name\":\"Styloral Jewelry Shop\",\"description\":\"Tourcruiser Sneaker Store \u2014 L\u2019endroit o\u00f9 l\u2019univers rencontre votre singularit\u00e9.\",\"publisher\":{\"@id\":\"https:\/\/tourcruiser.com\/fr\/#organization\"},\"potentialAction\":[{\"@type\":\"SearchAction\",\"target\":{\"@type\":\"EntryPoint\",\"urlTemplate\":\"https:\/\/tourcruiser.com\/fr\/?s={search_term_string}\"},\"query-input\":{\"@type\":\"PropertyValueSpecification\",\"valueRequired\":true,\"valueName\":\"search_term_string\"}}],\"inLanguage\":\"fr-FR\"},{\"@type\":\"Organization\",\"@id\":\"https:\/\/tourcruiser.com\/fr\/#organization\",\"name\":\"STYLORAL PTE. LTD\",\"url\":\"https:\/\/tourcruiser.com\/fr\/\",\"logo\":{\"@type\":\"ImageObject\",\"inLanguage\":\"fr-FR\",\"@id\":\"https:\/\/tourcruiser.com\/fr\/#\/schema\/logo\/image\/\",\"url\":\"https:\/\/www.tourcruiser.com\/wp-content\/uploads\/2025\/12\/logo.png\",\"contentUrl\":\"https:\/\/www.tourcruiser.com\/wp-content\/uploads\/2025\/12\/logo.png\",\"width\":200,\"height\":65,\"caption\":\"STYLORAL PTE. LTD\"},\"image\":{\"@id\":\"https:\/\/tourcruiser.com\/fr\/#\/schema\/logo\/image\/\"}}]}<\/script>\n<!-- \/ Yoast SEO plugin. -->","yoast_head_json":{"title":"adidas Tubular Doom Sock Primeknit 'Cookies and Cream' - TOURCRUISER PTE. LTD","robots":{"index":"index","follow":"follow","max-snippet":"max-snippet:-1","max-image-preview":"max-image-preview:large","max-video-preview":"max-video-preview:-1"},"canonical":"https:\/\/tourcruiser.com\/fr\/products\/adidas-tubular-doom-sock-primeknit-cookies-and-cream\/","og_locale":"fr_FR","og_type":"article","og_title":"adidas Tubular Doom Sock Primeknit 'Cookies and Cream' - TOURCRUISER PTE. LTD","og_description":"adidas Tubular Doom \u201d\u201d Footwaer White\/Core Black","og_url":"https:\/\/tourcruiser.com\/fr\/products\/adidas-tubular-doom-sock-primeknit-cookies-and-cream\/","og_site_name":"Tourcruiser Sneaker Store","article_modified_time":"2026-03-14T12:48:51+00:00","twitter_card":"summary_large_image","twitter_image":"https:\/\/images.novelship.com\/product\/adidas_tubular_doom_sock_primeknit__cookies_and_cr_0_94587.jpeg","twitter_misc":{"Dur\u00e9e de lecture estim\u00e9e":"1 minute"},"schema":{"@context":"https:\/\/schema.org","@graph":[{"@type":"WebPage","@id":"https:\/\/tourcruiser.com\/fr\/products\/adidas-tubular-doom-sock-primeknit-cookies-and-cream\/","url":"https:\/\/tourcruiser.com\/fr\/products\/adidas-tubular-doom-sock-primeknit-cookies-and-cream\/","name":"adidas Tubular Doom Sock Primeknit 'Cookies and Cream' - TOURCRUISER PTE. LTD","isPartOf":{"@id":"https:\/\/tourcruiser.com\/fr\/#website"},"primaryImageOfPage":{"@id":"https:\/\/tourcruiser.com\/fr\/products\/adidas-tubular-doom-sock-primeknit-cookies-and-cream\/#primaryimage"},"image":{"@id":"https:\/\/tourcruiser.com\/fr\/products\/adidas-tubular-doom-sock-primeknit-cookies-and-cream\/#primaryimage"},"thumbnailUrl":"https:\/\/images.novelship.com\/product\/adidas_tubular_doom_sock_primeknit__cookies_and_cr_0_94587.jpeg","datePublished":"2026-03-02T09:40:19+00:00","dateModified":"2026-03-14T12:48:51+00:00","breadcrumb":{"@id":"https:\/\/tourcruiser.com\/fr\/products\/adidas-tubular-doom-sock-primeknit-cookies-and-cream\/#breadcrumb"},"inLanguage":"fr-FR","potentialAction":[{"@type":"ReadAction","target":["https:\/\/tourcruiser.com\/fr\/products\/adidas-tubular-doom-sock-primeknit-cookies-and-cream\/"]}]},{"@type":"ImageObject","inLanguage":"fr-FR","@id":"https:\/\/tourcruiser.com\/fr\/products\/adidas-tubular-doom-sock-primeknit-cookies-and-cream\/#primaryimage","url":"https:\/\/images.novelship.com\/product\/adidas_tubular_doom_sock_primeknit__cookies_and_cr_0_94587.jpeg","contentUrl":"https:\/\/images.novelship.com\/product\/adidas_tubular_doom_sock_primeknit__cookies_and_cr_0_94587.jpeg"},{"@type":"BreadcrumbList","@id":"https:\/\/tourcruiser.com\/fr\/products\/adidas-tubular-doom-sock-primeknit-cookies-and-cream\/#breadcrumb","itemListElement":[{"@type":"ListItem","position":1,"name":"Home","item":"https:\/\/tourcruiser.com\/fr\/"},{"@type":"ListItem","position":2,"name":"Shop","item":"https:\/\/tourcruiser.com\/fr\/shop\/"},{"@type":"ListItem","position":3,"name":"adidas Tubular Doom Sock Primeknit 'Cookies and Cream'"}]},{"@type":"WebSite","@id":"https:\/\/tourcruiser.com\/fr\/#website","url":"https:\/\/tourcruiser.com\/fr\/","name":"Styloral Jewelry Shop","description":"Tourcruiser Sneaker Store \u2014 L\u2019endroit o\u00f9 l\u2019univers rencontre votre singularit\u00e9.","publisher":{"@id":"https:\/\/tourcruiser.com\/fr\/#organization"},"potentialAction":[{"@type":"SearchAction","target":{"@type":"EntryPoint","urlTemplate":"https:\/\/tourcruiser.com\/fr\/?s={search_term_string}"},"query-input":{"@type":"PropertyValueSpecification","valueRequired":true,"valueName":"search_term_string"}}],"inLanguage":"fr-FR"},{"@type":"Organization","@id":"https:\/\/tourcruiser.com\/fr\/#organization","name":"STYLORAL PTE. LTD","url":"https:\/\/tourcruiser.com\/fr\/","logo":{"@type":"ImageObject","inLanguage":"fr-FR","@id":"https:\/\/tourcruiser.com\/fr\/#\/schema\/logo\/image\/","url":"https:\/\/www.tourcruiser.com\/wp-content\/uploads\/2025\/12\/logo.png","contentUrl":"https:\/\/www.tourcruiser.com\/wp-content\/uploads\/2025\/12\/logo.png","width":200,"height":65,"caption":"STYLORAL PTE. LTD"},"image":{"@id":"https:\/\/tourcruiser.com\/fr\/#\/schema\/logo\/image\/"}}]}},"_links":{"self":[{"href":"https:\/\/tourcruiser.com\/fr\/wp-json\/wp\/v2\/product\/183262","targetHints":{"allow":["GET"]}}],"collection":[{"href":"https:\/\/tourcruiser.com\/fr\/wp-json\/wp\/v2\/product"}],"about":[{"href":"https:\/\/tourcruiser.com\/fr\/wp-json\/wp\/v2\/types\/product"}],"replies":[{"embeddable":true,"href":"https:\/\/tourcruiser.com\/fr\/wp-json\/wp\/v2\/comments?post=183262"}],"wp:featuredmedia":[{"embeddable":true,"href":"https:\/\/tourcruiser.com\/fr\/wp-json\/wp\/v2\/media\/183263"}],"wp:attachment":[{"href":"https:\/\/tourcruiser.com\/fr\/wp-json\/wp\/v2\/media?parent=183262"}],"wp:term":[{"taxonomy":"product_brand","embeddable":true,"href":"https:\/\/tourcruiser.com\/fr\/wp-json\/wp\/v2\/product_brand?post=183262"},{"taxonomy":"product_cat","embeddable":true,"href":"https:\/\/tourcruiser.com\/fr\/wp-json\/wp\/v2\/product_cat?post=183262"},{"taxonomy":"product_tag","embeddable":true,"href":"https:\/\/tourcruiser.com\/fr\/wp-json\/wp\/v2\/product_tag?post=183262"}],"curies":[{"name":"wp","href":"https:\/\/api.w.org\/{rel}","templated":true}]}}