{"id":182899,"date":"2026-03-02T16:39:47","date_gmt":"2026-03-02T09:39:47","guid":{"rendered":"http:\/\/tourcruiser.com\/product\/asics-ub12-s-gel-sd-lyte-running-shoes-lichen-rockblack-coffee"},"modified":"2026-03-14T18:18:15","modified_gmt":"2026-03-14T11:18:15","slug":"asics-ub12-s-gel-sd-lyte-running-shoes-lichen-rockblack-coffee","status":"publish","type":"product","link":"https:\/\/tourcruiser.com\/fr\/products\/asics-ub12-s-gel-sd-lyte-running-shoes-lichen-rockblack-coffee\/","title":{"rendered":"Asics UB12-S GEL-SD-LYTE Running Shoes Lichen Rock\/Black Coffee"},"content":{"rendered":"<p>D\u00e9couvrez un confort et un style incomparables avec les chaussures de running Asics UB12-S GEL-SD-LYTE en coloris Lichen Rock\/Black Coffee. Con\u00e7ues pour les coureurs de tous niveaux, ces chaussures dynamiques associent un amorti GEL de qualit\u00e9 sup\u00e9rieure \u00e0 une conception l\u00e9g\u00e8re et respirante pour des performances optimales. Le mod\u00e8le 1203A665-300 offre stabilit\u00e9 et durabilit\u00e9 sur tous les terrains, et son design \u00e9l\u00e9gant s&rsquo;accorde facilement avec toutes vos tenues de sport. Am\u00e9liorez votre exp\u00e9rience de course partout dans le monde gr\u00e2ce \u00e0 l&rsquo;alliance parfaite d&rsquo;innovation et d&rsquo;\u00e9l\u00e9gance qui fait la renomm\u00e9e de la marque Asics. <\/p>\n<p>Coloris\u00a0: Lichen Rock\/Black Coffee<br \/>\nR\u00e9f\u00e9rence\u00a0: 1203A665-300<br \/>\nMati\u00e8re ext\u00e9rieure\u00a0: Mesh<br \/>\nColoris\u00a0: Noir<\/p>\n<p>Coloris\u00a0: Noir<\/p>\n","protected":false},"excerpt":{"rendered":"<p>ASICS UB12-S GEL-SD-LYTE \u201d\u201d Lichen Rock\/Black Coffee<\/p>\n","protected":false},"featured_media":182900,"comment_status":"open","ping_status":"closed","template":"","meta":[],"product_brand":[],"product_cat":[10792],"product_tag":[10791,10750,10754,10765,10768,10758],"class_list":{"0":"post-182899","1":"product","2":"type-product","3":"status-publish","4":"has-post-thumbnail","6":"product_cat-asics","7":"product_tag-asics","8":"product_tag-athleisure-shoes","9":"product_tag-lifestyle-casual-shoes","10":"product_tag-lifestyle-shoes-running-inspired","11":"product_tag-retro-running-shoes","12":"product_tag-under-retail","13":"wcpa_has_options","15":"first","16":"instock","17":"taxable","18":"shipping-taxable","19":"purchasable","20":"product-type-simple"},"wcpa_form_fields":{"rules":{"pric_overide_base_price":false,"pric_overide_base_price_if_gt_zero":false,"pric_overide_base_price_fully":false,"pric_cal_option_once":false,"pric_use_as_fee":false,"bind_quantity":false,"quantity_bind_formula":false},"fields":[{"type":"color-group","required":true,"elementId":"wcpa-color-group-69a5ab08ee12d","label":"Taille","inline":true,"priceOptions":"different_for_all","pricingType":"fixed","className":"hassizechart product-shoes-size-eu product-shoes-size","name":"color-group-69a5ab08ee136","disp_type":"square","selection_type":"tick-border","disp_size":"50","show_label_inside":true,"adjust_width":true,"cart_display_type":"text","other_text":"Other","cl_rule":"show","col":6,"values":[{"label":"36","value":"EU 36","price":"","pimage":"","pimage_id":"","pthumb":"","color":"","selected":true},{"label":"37","value":"EU 37","price":"","pimage":"","pimage_id":"","pthumb":"","color":""},{"label":"37.5","value":"EU 37.5","price":"","pimage":"","pimage_id":"","pthumb":"","color":""},{"label":"38","value":"EU 38","price":"","pimage":"","pimage_id":"","pthumb":"","color":""},{"label":"38.5","value":"EU 38.5","price":"","pimage":"","pimage_id":"","pthumb":"","color":""},{"label":"39","value":"EU 39","price":"","pimage":"","pimage_id":"","pthumb":"","color":""},{"label":"39.5","value":"EU 39.5","price":"","pimage":"","pimage_id":"","pthumb":"","color":""},{"label":"40","value":"EU 40","price":"","pimage":"","pimage_id":"","pthumb":"","color":""},{"label":"40.5","value":"EU 40.5","price":"","pimage":"","pimage_id":"","pthumb":"","color":""},{"label":" 41.5","value":"EU 41.5","price":"","pimage":"","pimage_id":"","pthumb":"","color":""},{"label":"42","value":"EU 42","price":"","pimage":"","pimage_id":"","pthumb":"","color":""},{"label":"42.5","value":"EU 42.5","price":"","pimage":"","pimage_id":"","pthumb":"","color":""},{"label":"43","value":"EU 43","price":"","pimage":"","pimage_id":"","pthumb":"","color":""},{"label":"44","value":"EU 44","price":"","pimage":"","pimage_id":"","pthumb":"","color":""},{"label":"44.5","value":"EU 44.5","price":"","pimage":"","pimage_id":"","pthumb":"","color":""},{"label":"45","value":"EU 45","price":"","pimage":"","pimage_id":"","pthumb":"","color":""},{"label":"45.5","value":"EU 45.5","price":"","pimage":"","pimage_id":"","pthumb":"","color":""},{"label":"46","value":"EU 46","price":"","pimage":"","pimage_id":"","pthumb":"","color":""},{"label":"46.5","value":"EU 46.5","price":"","pimage":"","pimage_id":"","pthumb":"","color":""},{"label":"47","value":"EU 47","price":"","pimage":"","pimage_id":"","pthumb":"","color":""}],"relations":[{"operator":false,"rules":[]}],"form_id":184311,"form_rules":{"pric_cal_option_once":false,"exclude_from_discount":false,"pric_use_as_fee":false,"fee_label":"Fee","render_after_acb":false,"disp_hide_options_price":false}}]},"yoast_head":"<!-- This site is optimized with the Yoast SEO plugin v26.5 - https:\/\/yoast.com\/wordpress\/plugins\/seo\/ -->\n<title>Asics UB12-S GEL-SD-LYTE Running Shoes Lichen Rock\/Black Coffee - TOURCRUISER PTE. LTD<\/title>\n<meta name=\"robots\" content=\"index, follow, max-snippet:-1, max-image-preview:large, max-video-preview:-1\" \/>\n<link rel=\"canonical\" href=\"https:\/\/tourcruiser.com\/fr\/products\/asics-ub12-s-gel-sd-lyte-running-shoes-lichen-rockblack-coffee\/\" \/>\n<meta property=\"og:locale\" content=\"fr_FR\" \/>\n<meta property=\"og:type\" content=\"article\" \/>\n<meta property=\"og:title\" content=\"Asics UB12-S GEL-SD-LYTE Running Shoes Lichen Rock\/Black Coffee - TOURCRUISER PTE. LTD\" \/>\n<meta property=\"og:description\" content=\"ASICS UB12-S GEL-SD-LYTE \u201d\u201d Lichen Rock\/Black Coffee\" \/>\n<meta property=\"og:url\" content=\"https:\/\/tourcruiser.com\/fr\/products\/asics-ub12-s-gel-sd-lyte-running-shoes-lichen-rockblack-coffee\/\" \/>\n<meta property=\"og:site_name\" content=\"Tourcruiser Sneaker Store\" \/>\n<meta property=\"article:modified_time\" content=\"2026-03-14T11:18:15+00:00\" \/>\n<meta name=\"twitter:card\" content=\"summary_large_image\" \/>\n<meta name=\"twitter:image\" content=\"https:\/\/images.novelship.com\/product\/asics_ub12-s_gel-sd-lyte_running_shoes_lichen_rock_0_95713.jpeg\" \/>\n<meta name=\"twitter:label1\" content=\"Dur\u00e9e de lecture estim\u00e9e\" \/>\n\t<meta name=\"twitter:data1\" content=\"1 minute\" \/>\n<script type=\"application\/ld+json\" class=\"yoast-schema-graph\">{\"@context\":\"https:\/\/schema.org\",\"@graph\":[{\"@type\":\"WebPage\",\"@id\":\"https:\/\/tourcruiser.com\/fr\/products\/asics-ub12-s-gel-sd-lyte-running-shoes-lichen-rockblack-coffee\/\",\"url\":\"https:\/\/tourcruiser.com\/fr\/products\/asics-ub12-s-gel-sd-lyte-running-shoes-lichen-rockblack-coffee\/\",\"name\":\"Asics UB12-S GEL-SD-LYTE Running Shoes Lichen Rock\/Black Coffee - TOURCRUISER PTE. LTD\",\"isPartOf\":{\"@id\":\"https:\/\/tourcruiser.com\/fr\/#website\"},\"primaryImageOfPage\":{\"@id\":\"https:\/\/tourcruiser.com\/fr\/products\/asics-ub12-s-gel-sd-lyte-running-shoes-lichen-rockblack-coffee\/#primaryimage\"},\"image\":{\"@id\":\"https:\/\/tourcruiser.com\/fr\/products\/asics-ub12-s-gel-sd-lyte-running-shoes-lichen-rockblack-coffee\/#primaryimage\"},\"thumbnailUrl\":\"https:\/\/images.novelship.com\/product\/asics_ub12-s_gel-sd-lyte_running_shoes_lichen_rock_0_95713.jpeg\",\"datePublished\":\"2026-03-02T09:39:47+00:00\",\"dateModified\":\"2026-03-14T11:18:15+00:00\",\"breadcrumb\":{\"@id\":\"https:\/\/tourcruiser.com\/fr\/products\/asics-ub12-s-gel-sd-lyte-running-shoes-lichen-rockblack-coffee\/#breadcrumb\"},\"inLanguage\":\"fr-FR\",\"potentialAction\":[{\"@type\":\"ReadAction\",\"target\":[\"https:\/\/tourcruiser.com\/fr\/products\/asics-ub12-s-gel-sd-lyte-running-shoes-lichen-rockblack-coffee\/\"]}]},{\"@type\":\"ImageObject\",\"inLanguage\":\"fr-FR\",\"@id\":\"https:\/\/tourcruiser.com\/fr\/products\/asics-ub12-s-gel-sd-lyte-running-shoes-lichen-rockblack-coffee\/#primaryimage\",\"url\":\"https:\/\/images.novelship.com\/product\/asics_ub12-s_gel-sd-lyte_running_shoes_lichen_rock_0_95713.jpeg\",\"contentUrl\":\"https:\/\/images.novelship.com\/product\/asics_ub12-s_gel-sd-lyte_running_shoes_lichen_rock_0_95713.jpeg\"},{\"@type\":\"BreadcrumbList\",\"@id\":\"https:\/\/tourcruiser.com\/fr\/products\/asics-ub12-s-gel-sd-lyte-running-shoes-lichen-rockblack-coffee\/#breadcrumb\",\"itemListElement\":[{\"@type\":\"ListItem\",\"position\":1,\"name\":\"Home\",\"item\":\"https:\/\/tourcruiser.com\/fr\/\"},{\"@type\":\"ListItem\",\"position\":2,\"name\":\"Shop\",\"item\":\"https:\/\/tourcruiser.com\/fr\/shop\/\"},{\"@type\":\"ListItem\",\"position\":3,\"name\":\"Asics UB12-S GEL-SD-LYTE Running Shoes Lichen Rock\/Black Coffee\"}]},{\"@type\":\"WebSite\",\"@id\":\"https:\/\/tourcruiser.com\/fr\/#website\",\"url\":\"https:\/\/tourcruiser.com\/fr\/\",\"name\":\"Styloral Jewelry Shop\",\"description\":\"Tourcruiser Sneaker Store \u2014 L\u2019endroit o\u00f9 l\u2019univers rencontre votre singularit\u00e9.\",\"publisher\":{\"@id\":\"https:\/\/tourcruiser.com\/fr\/#organization\"},\"potentialAction\":[{\"@type\":\"SearchAction\",\"target\":{\"@type\":\"EntryPoint\",\"urlTemplate\":\"https:\/\/tourcruiser.com\/fr\/?s={search_term_string}\"},\"query-input\":{\"@type\":\"PropertyValueSpecification\",\"valueRequired\":true,\"valueName\":\"search_term_string\"}}],\"inLanguage\":\"fr-FR\"},{\"@type\":\"Organization\",\"@id\":\"https:\/\/tourcruiser.com\/fr\/#organization\",\"name\":\"STYLORAL PTE. LTD\",\"url\":\"https:\/\/tourcruiser.com\/fr\/\",\"logo\":{\"@type\":\"ImageObject\",\"inLanguage\":\"fr-FR\",\"@id\":\"https:\/\/tourcruiser.com\/fr\/#\/schema\/logo\/image\/\",\"url\":\"https:\/\/www.tourcruiser.com\/wp-content\/uploads\/2025\/12\/logo.png\",\"contentUrl\":\"https:\/\/www.tourcruiser.com\/wp-content\/uploads\/2025\/12\/logo.png\",\"width\":200,\"height\":65,\"caption\":\"STYLORAL PTE. LTD\"},\"image\":{\"@id\":\"https:\/\/tourcruiser.com\/fr\/#\/schema\/logo\/image\/\"}}]}<\/script>\n<!-- \/ Yoast SEO plugin. -->","yoast_head_json":{"title":"Asics UB12-S GEL-SD-LYTE Running Shoes Lichen Rock\/Black Coffee - TOURCRUISER PTE. LTD","robots":{"index":"index","follow":"follow","max-snippet":"max-snippet:-1","max-image-preview":"max-image-preview:large","max-video-preview":"max-video-preview:-1"},"canonical":"https:\/\/tourcruiser.com\/fr\/products\/asics-ub12-s-gel-sd-lyte-running-shoes-lichen-rockblack-coffee\/","og_locale":"fr_FR","og_type":"article","og_title":"Asics UB12-S GEL-SD-LYTE Running Shoes Lichen Rock\/Black Coffee - TOURCRUISER PTE. LTD","og_description":"ASICS UB12-S GEL-SD-LYTE \u201d\u201d Lichen Rock\/Black Coffee","og_url":"https:\/\/tourcruiser.com\/fr\/products\/asics-ub12-s-gel-sd-lyte-running-shoes-lichen-rockblack-coffee\/","og_site_name":"Tourcruiser Sneaker Store","article_modified_time":"2026-03-14T11:18:15+00:00","twitter_card":"summary_large_image","twitter_image":"https:\/\/images.novelship.com\/product\/asics_ub12-s_gel-sd-lyte_running_shoes_lichen_rock_0_95713.jpeg","twitter_misc":{"Dur\u00e9e de lecture estim\u00e9e":"1 minute"},"schema":{"@context":"https:\/\/schema.org","@graph":[{"@type":"WebPage","@id":"https:\/\/tourcruiser.com\/fr\/products\/asics-ub12-s-gel-sd-lyte-running-shoes-lichen-rockblack-coffee\/","url":"https:\/\/tourcruiser.com\/fr\/products\/asics-ub12-s-gel-sd-lyte-running-shoes-lichen-rockblack-coffee\/","name":"Asics UB12-S GEL-SD-LYTE Running Shoes Lichen Rock\/Black Coffee - TOURCRUISER PTE. LTD","isPartOf":{"@id":"https:\/\/tourcruiser.com\/fr\/#website"},"primaryImageOfPage":{"@id":"https:\/\/tourcruiser.com\/fr\/products\/asics-ub12-s-gel-sd-lyte-running-shoes-lichen-rockblack-coffee\/#primaryimage"},"image":{"@id":"https:\/\/tourcruiser.com\/fr\/products\/asics-ub12-s-gel-sd-lyte-running-shoes-lichen-rockblack-coffee\/#primaryimage"},"thumbnailUrl":"https:\/\/images.novelship.com\/product\/asics_ub12-s_gel-sd-lyte_running_shoes_lichen_rock_0_95713.jpeg","datePublished":"2026-03-02T09:39:47+00:00","dateModified":"2026-03-14T11:18:15+00:00","breadcrumb":{"@id":"https:\/\/tourcruiser.com\/fr\/products\/asics-ub12-s-gel-sd-lyte-running-shoes-lichen-rockblack-coffee\/#breadcrumb"},"inLanguage":"fr-FR","potentialAction":[{"@type":"ReadAction","target":["https:\/\/tourcruiser.com\/fr\/products\/asics-ub12-s-gel-sd-lyte-running-shoes-lichen-rockblack-coffee\/"]}]},{"@type":"ImageObject","inLanguage":"fr-FR","@id":"https:\/\/tourcruiser.com\/fr\/products\/asics-ub12-s-gel-sd-lyte-running-shoes-lichen-rockblack-coffee\/#primaryimage","url":"https:\/\/images.novelship.com\/product\/asics_ub12-s_gel-sd-lyte_running_shoes_lichen_rock_0_95713.jpeg","contentUrl":"https:\/\/images.novelship.com\/product\/asics_ub12-s_gel-sd-lyte_running_shoes_lichen_rock_0_95713.jpeg"},{"@type":"BreadcrumbList","@id":"https:\/\/tourcruiser.com\/fr\/products\/asics-ub12-s-gel-sd-lyte-running-shoes-lichen-rockblack-coffee\/#breadcrumb","itemListElement":[{"@type":"ListItem","position":1,"name":"Home","item":"https:\/\/tourcruiser.com\/fr\/"},{"@type":"ListItem","position":2,"name":"Shop","item":"https:\/\/tourcruiser.com\/fr\/shop\/"},{"@type":"ListItem","position":3,"name":"Asics UB12-S GEL-SD-LYTE Running Shoes Lichen Rock\/Black Coffee"}]},{"@type":"WebSite","@id":"https:\/\/tourcruiser.com\/fr\/#website","url":"https:\/\/tourcruiser.com\/fr\/","name":"Styloral Jewelry Shop","description":"Tourcruiser Sneaker Store \u2014 L\u2019endroit o\u00f9 l\u2019univers rencontre votre singularit\u00e9.","publisher":{"@id":"https:\/\/tourcruiser.com\/fr\/#organization"},"potentialAction":[{"@type":"SearchAction","target":{"@type":"EntryPoint","urlTemplate":"https:\/\/tourcruiser.com\/fr\/?s={search_term_string}"},"query-input":{"@type":"PropertyValueSpecification","valueRequired":true,"valueName":"search_term_string"}}],"inLanguage":"fr-FR"},{"@type":"Organization","@id":"https:\/\/tourcruiser.com\/fr\/#organization","name":"STYLORAL PTE. LTD","url":"https:\/\/tourcruiser.com\/fr\/","logo":{"@type":"ImageObject","inLanguage":"fr-FR","@id":"https:\/\/tourcruiser.com\/fr\/#\/schema\/logo\/image\/","url":"https:\/\/www.tourcruiser.com\/wp-content\/uploads\/2025\/12\/logo.png","contentUrl":"https:\/\/www.tourcruiser.com\/wp-content\/uploads\/2025\/12\/logo.png","width":200,"height":65,"caption":"STYLORAL PTE. LTD"},"image":{"@id":"https:\/\/tourcruiser.com\/fr\/#\/schema\/logo\/image\/"}}]}},"_links":{"self":[{"href":"https:\/\/tourcruiser.com\/fr\/wp-json\/wp\/v2\/product\/182899","targetHints":{"allow":["GET"]}}],"collection":[{"href":"https:\/\/tourcruiser.com\/fr\/wp-json\/wp\/v2\/product"}],"about":[{"href":"https:\/\/tourcruiser.com\/fr\/wp-json\/wp\/v2\/types\/product"}],"replies":[{"embeddable":true,"href":"https:\/\/tourcruiser.com\/fr\/wp-json\/wp\/v2\/comments?post=182899"}],"wp:featuredmedia":[{"embeddable":true,"href":"https:\/\/tourcruiser.com\/fr\/wp-json\/wp\/v2\/media\/182900"}],"wp:attachment":[{"href":"https:\/\/tourcruiser.com\/fr\/wp-json\/wp\/v2\/media?parent=182899"}],"wp:term":[{"taxonomy":"product_brand","embeddable":true,"href":"https:\/\/tourcruiser.com\/fr\/wp-json\/wp\/v2\/product_brand?post=182899"},{"taxonomy":"product_cat","embeddable":true,"href":"https:\/\/tourcruiser.com\/fr\/wp-json\/wp\/v2\/product_cat?post=182899"},{"taxonomy":"product_tag","embeddable":true,"href":"https:\/\/tourcruiser.com\/fr\/wp-json\/wp\/v2\/product_tag?post=182899"}],"curies":[{"name":"wp","href":"https:\/\/api.w.org\/{rel}","templated":true}]}}