{"id":182811,"date":"2026-03-02T16:39:38","date_gmt":"2026-03-02T09:39:38","guid":{"rendered":"http:\/\/tourcruiser.com\/product\/f50-pro-hgag-soccer-cleats-for-firm-groundartificial-turf"},"modified":"2026-03-14T19:48:28","modified_gmt":"2026-03-14T12:48:28","slug":"f50-pro-hgag-soccer-cleats-for-firm-groundartificial-turf","status":"publish","type":"product","link":"https:\/\/tourcruiser.com\/fr\/products\/f50-pro-hgag-soccer-cleats-for-firm-groundartificial-turf\/","title":{"rendered":"F50 Pro HG\/AG Soccer Cleats for Firm Ground\/Artificial Turf"},"content":{"rendered":"<p>Am\u00e9liorez votre jeu avec les chaussures de football F50 Pro HG\/AG, con\u00e7ues pour une performance optimale sur terrain ferme et synth\u00e9tique. Leur conception pr\u00e9cise offre un \u00e9quipement l\u00e9ger et r\u00e9sistant pour une vitesse et une agilit\u00e9 in\u00e9gal\u00e9es \u2013 id\u00e9al pour les joueurs qui veulent dominer le terrain. La semelle HG\/AG, strat\u00e9giquement plac\u00e9e, assure une traction et une stabilit\u00e9 exceptionnelles, permettant des transitions fluides et des mouvements explosifs sur gazon naturel et synth\u00e9tique. Les chaussures de football F50 Pro HG\/AG arborent un design \u00e9l\u00e9gant et sont fabriqu\u00e9es \u00e0 partir de mat\u00e9riaux haut de gamme qui garantissent un confort et une durabilit\u00e9 accrus, offrant un maintien optimal m\u00eame lors des matchs et entra\u00eenements les plus intenses. Le col ajust\u00e9 et le syst\u00e8me de la\u00e7age avanc\u00e9 assurent un maintien s\u00fbr et un contr\u00f4le optimal \u00e0 chaque pas. Ces chaussures de football sont id\u00e9ales pour les joueurs qui recherchent un \u00e9quilibre parfait entre style, confort et performance, et sont indispensables pour quiconque souhaite surpasser ses adversaires. Des sprints fulgurants aux frappes puissantes, les chaussures de football F50 Pro HG\/AG garantissent une performance optimale sur toutes les surfaces, ce qui en fait le choix polyvalent des athl\u00e8tes de tous niveaux. Dominez le jeu et repoussez vos limites avec des bottes \u00e0 la hauteur de votre passion et de votre ambition. Coloris\u00a0: Turbo\/Noir Aurore\/Platine M\u00e9tallis\u00e9. R\u00e9f\u00e9rence\u00a0: IH5818. Couleur\u00a0: Rose.<\/p>\n","protected":false},"excerpt":{"rendered":"<p>adidas None \u201d\u201d Turbo\/Aurora Black\/Platinum Metallic<\/p>\n","protected":false},"featured_media":182812,"comment_status":"open","ping_status":"closed","template":"","meta":[],"product_brand":[],"product_cat":[10760],"product_tag":[10759,11476,11087,10802,10986,10987,10785,10786,10758],"class_list":{"0":"post-182811","1":"product","2":"type-product","3":"status-publish","4":"has-post-thumbnail","6":"product_cat-adidas","7":"product_tag-adidas","8":"product_tag-artificial-ground-ag-football-boots","9":"product_tag-firm-ground-fg-football-boots","10":"product_tag-performance-sport-shoes","11":"product_tag-soccer-shoes","12":"product_tag-soccer-shoes-football-cleats","13":"product_tag-trending-deals","14":"product_tag-trending-deals-under-150","15":"product_tag-under-retail","16":"wcpa_has_options","18":"first","19":"instock","20":"taxable","21":"shipping-taxable","22":"purchasable","23":"product-type-simple"},"wcpa_form_fields":{"rules":{"pric_overide_base_price":false,"pric_overide_base_price_if_gt_zero":false,"pric_overide_base_price_fully":false,"pric_cal_option_once":false,"pric_use_as_fee":false,"bind_quantity":false,"quantity_bind_formula":false},"fields":[{"type":"color-group","required":true,"elementId":"wcpa-color-group-66c4a7f817afe","label":"Taille","inline":true,"priceOptions":"different_for_all","pricingType":"fixed","className":"hassizechart product-shoes-size-eu product-shoes-size","name":"color-group-66c4a7f817b18","disp_type":"square","selection_type":"tick-border","disp_size":"50","show_label_inside":true,"adjust_width":true,"cart_display_type":"text","other_text":"Other","cl_rule":"show","col":6,"values":[{"label":"35","value":"EU 35","price":"","pimage":"","pimage_id":"","pthumb":"","color":""},{"label":"35.5","value":"EU 35.5","price":"","pimage":"","pimage_id":"","pthumb":"","color":""},{"label":"36","value":"EU 36","price":"","pimage":"","pimage_id":"","pthumb":"","color":"","selected":true},{"label":"36 2\/3","value":"EU 36 2\/3","price":"","pimage":"","pimage_id":"","pthumb":"","color":""},{"label":"37 1\/3","value":"EU 37 1\/3","price":"","pimage":"","pimage_id":"","pthumb":"","color":""},{"label":"38","value":"EU 38","price":"","pimage":"","pimage_id":"","pthumb":"","color":""},{"label":"38 2\/3","value":"EU 38 2\/3","price":"","pimage":"","pimage_id":"","pthumb":"","color":""},{"label":"39 1\/3","value":"EU 39 1\/3","price":"","pimage":"","pimage_id":"","pthumb":"","color":""},{"label":"40","value":"EU 40","price":"","pimage":"","pimage_id":"","pthumb":"","color":""},{"label":"40 2\/3","value":"EU 40 2\/3","price":"","pimage":"","pimage_id":"","pthumb":"","color":""},{"label":"41 1\/3","value":"EU 41 1\/3","price":"","pimage":"","pimage_id":"","pthumb":"","color":""},{"label":"42","value":"EU 42","price":"","pimage":"","pimage_id":"","pthumb":"","color":""},{"label":"42 2\/3","value":"EU 42 2\/3","price":"","pimage":"","pimage_id":"","pthumb":"","color":""},{"label":"43 1\/3","value":"EU 43 1\/3","price":"","pimage":"","pimage_id":"","pthumb":"","color":""},{"label":"44","value":"EU 44","price":"","pimage":"","pimage_id":"","pthumb":"","color":""},{"label":"44 2\/3","value":"EU 44 2\/3","price":"","pimage":"","pimage_id":"","pthumb":"","color":""},{"label":"45 1\/3","value":"EU 45 1\/3","price":"","pimage":"","pimage_id":"","pthumb":"","color":""},{"label":"46","value":"EU 46","price":"","pimage":"","pimage_id":"","pthumb":"","color":""},{"label":"46 2\/3","value":"EU 46 2\/3","price":"","pimage":"","pimage_id":"","pthumb":"","color":""},{"label":"47 1\/3","value":"EU 47 1\/3","price":"","pimage":"","pimage_id":"","pthumb":"","color":""}],"relations":[{"operator":false,"rules":[]}],"form_id":24802,"form_rules":{"pric_cal_option_once":false,"exclude_from_discount":false,"pric_use_as_fee":false,"fee_label":"Fee","render_after_acb":false,"disp_hide_options_price":false}}]},"yoast_head":"<!-- This site is optimized with the Yoast SEO plugin v26.5 - https:\/\/yoast.com\/wordpress\/plugins\/seo\/ -->\n<title>F50 Pro HG\/AG Soccer Cleats for Firm Ground\/Artificial Turf - TOURCRUISER PTE. LTD<\/title>\n<meta name=\"robots\" content=\"index, follow, max-snippet:-1, max-image-preview:large, max-video-preview:-1\" \/>\n<link rel=\"canonical\" href=\"https:\/\/tourcruiser.com\/fr\/products\/f50-pro-hgag-soccer-cleats-for-firm-groundartificial-turf\/\" \/>\n<meta property=\"og:locale\" content=\"fr_FR\" \/>\n<meta property=\"og:type\" content=\"article\" \/>\n<meta property=\"og:title\" content=\"F50 Pro HG\/AG Soccer Cleats for Firm Ground\/Artificial Turf - TOURCRUISER PTE. LTD\" \/>\n<meta property=\"og:description\" content=\"adidas None \u201d\u201d Turbo\/Aurora Black\/Platinum Metallic\" \/>\n<meta property=\"og:url\" content=\"https:\/\/tourcruiser.com\/fr\/products\/f50-pro-hgag-soccer-cleats-for-firm-groundartificial-turf\/\" \/>\n<meta property=\"og:site_name\" content=\"Tourcruiser Sneaker Store\" \/>\n<meta property=\"article:modified_time\" content=\"2026-03-14T12:48:28+00:00\" \/>\n<meta name=\"twitter:card\" content=\"summary_large_image\" \/>\n<meta name=\"twitter:image\" content=\"https:\/\/images.novelship.com\/product\/f50_pro_hg_ag_soccer_cleats_for_firm_ground_artifi_0_5918.jpeg\" \/>\n<meta name=\"twitter:label1\" content=\"Dur\u00e9e de lecture estim\u00e9e\" \/>\n\t<meta name=\"twitter:data1\" content=\"1 minute\" \/>\n<script type=\"application\/ld+json\" class=\"yoast-schema-graph\">{\"@context\":\"https:\/\/schema.org\",\"@graph\":[{\"@type\":\"WebPage\",\"@id\":\"https:\/\/tourcruiser.com\/fr\/products\/f50-pro-hgag-soccer-cleats-for-firm-groundartificial-turf\/\",\"url\":\"https:\/\/tourcruiser.com\/fr\/products\/f50-pro-hgag-soccer-cleats-for-firm-groundartificial-turf\/\",\"name\":\"F50 Pro HG\/AG Soccer Cleats for Firm Ground\/Artificial Turf - TOURCRUISER PTE. LTD\",\"isPartOf\":{\"@id\":\"https:\/\/tourcruiser.com\/fr\/#website\"},\"primaryImageOfPage\":{\"@id\":\"https:\/\/tourcruiser.com\/fr\/products\/f50-pro-hgag-soccer-cleats-for-firm-groundartificial-turf\/#primaryimage\"},\"image\":{\"@id\":\"https:\/\/tourcruiser.com\/fr\/products\/f50-pro-hgag-soccer-cleats-for-firm-groundartificial-turf\/#primaryimage\"},\"thumbnailUrl\":\"https:\/\/images.novelship.com\/product\/f50_pro_hg_ag_soccer_cleats_for_firm_ground_artifi_0_5918.jpeg\",\"datePublished\":\"2026-03-02T09:39:38+00:00\",\"dateModified\":\"2026-03-14T12:48:28+00:00\",\"breadcrumb\":{\"@id\":\"https:\/\/tourcruiser.com\/fr\/products\/f50-pro-hgag-soccer-cleats-for-firm-groundartificial-turf\/#breadcrumb\"},\"inLanguage\":\"fr-FR\",\"potentialAction\":[{\"@type\":\"ReadAction\",\"target\":[\"https:\/\/tourcruiser.com\/fr\/products\/f50-pro-hgag-soccer-cleats-for-firm-groundartificial-turf\/\"]}]},{\"@type\":\"ImageObject\",\"inLanguage\":\"fr-FR\",\"@id\":\"https:\/\/tourcruiser.com\/fr\/products\/f50-pro-hgag-soccer-cleats-for-firm-groundartificial-turf\/#primaryimage\",\"url\":\"https:\/\/images.novelship.com\/product\/f50_pro_hg_ag_soccer_cleats_for_firm_ground_artifi_0_5918.jpeg\",\"contentUrl\":\"https:\/\/images.novelship.com\/product\/f50_pro_hg_ag_soccer_cleats_for_firm_ground_artifi_0_5918.jpeg\"},{\"@type\":\"BreadcrumbList\",\"@id\":\"https:\/\/tourcruiser.com\/fr\/products\/f50-pro-hgag-soccer-cleats-for-firm-groundartificial-turf\/#breadcrumb\",\"itemListElement\":[{\"@type\":\"ListItem\",\"position\":1,\"name\":\"Home\",\"item\":\"https:\/\/tourcruiser.com\/fr\/\"},{\"@type\":\"ListItem\",\"position\":2,\"name\":\"Shop\",\"item\":\"https:\/\/tourcruiser.com\/fr\/shop\/\"},{\"@type\":\"ListItem\",\"position\":3,\"name\":\"F50 Pro HG\/AG Soccer Cleats for Firm Ground\/Artificial Turf\"}]},{\"@type\":\"WebSite\",\"@id\":\"https:\/\/tourcruiser.com\/fr\/#website\",\"url\":\"https:\/\/tourcruiser.com\/fr\/\",\"name\":\"Styloral Jewelry Shop\",\"description\":\"Tourcruiser Sneaker Store \u2014 L\u2019endroit o\u00f9 l\u2019univers rencontre votre singularit\u00e9.\",\"publisher\":{\"@id\":\"https:\/\/tourcruiser.com\/fr\/#organization\"},\"potentialAction\":[{\"@type\":\"SearchAction\",\"target\":{\"@type\":\"EntryPoint\",\"urlTemplate\":\"https:\/\/tourcruiser.com\/fr\/?s={search_term_string}\"},\"query-input\":{\"@type\":\"PropertyValueSpecification\",\"valueRequired\":true,\"valueName\":\"search_term_string\"}}],\"inLanguage\":\"fr-FR\"},{\"@type\":\"Organization\",\"@id\":\"https:\/\/tourcruiser.com\/fr\/#organization\",\"name\":\"STYLORAL PTE. LTD\",\"url\":\"https:\/\/tourcruiser.com\/fr\/\",\"logo\":{\"@type\":\"ImageObject\",\"inLanguage\":\"fr-FR\",\"@id\":\"https:\/\/tourcruiser.com\/fr\/#\/schema\/logo\/image\/\",\"url\":\"https:\/\/www.tourcruiser.com\/wp-content\/uploads\/2025\/12\/logo.png\",\"contentUrl\":\"https:\/\/www.tourcruiser.com\/wp-content\/uploads\/2025\/12\/logo.png\",\"width\":200,\"height\":65,\"caption\":\"STYLORAL PTE. LTD\"},\"image\":{\"@id\":\"https:\/\/tourcruiser.com\/fr\/#\/schema\/logo\/image\/\"}}]}<\/script>\n<!-- \/ Yoast SEO plugin. -->","yoast_head_json":{"title":"F50 Pro HG\/AG Soccer Cleats for Firm Ground\/Artificial Turf - TOURCRUISER PTE. LTD","robots":{"index":"index","follow":"follow","max-snippet":"max-snippet:-1","max-image-preview":"max-image-preview:large","max-video-preview":"max-video-preview:-1"},"canonical":"https:\/\/tourcruiser.com\/fr\/products\/f50-pro-hgag-soccer-cleats-for-firm-groundartificial-turf\/","og_locale":"fr_FR","og_type":"article","og_title":"F50 Pro HG\/AG Soccer Cleats for Firm Ground\/Artificial Turf - TOURCRUISER PTE. LTD","og_description":"adidas None \u201d\u201d Turbo\/Aurora Black\/Platinum Metallic","og_url":"https:\/\/tourcruiser.com\/fr\/products\/f50-pro-hgag-soccer-cleats-for-firm-groundartificial-turf\/","og_site_name":"Tourcruiser Sneaker Store","article_modified_time":"2026-03-14T12:48:28+00:00","twitter_card":"summary_large_image","twitter_image":"https:\/\/images.novelship.com\/product\/f50_pro_hg_ag_soccer_cleats_for_firm_ground_artifi_0_5918.jpeg","twitter_misc":{"Dur\u00e9e de lecture estim\u00e9e":"1 minute"},"schema":{"@context":"https:\/\/schema.org","@graph":[{"@type":"WebPage","@id":"https:\/\/tourcruiser.com\/fr\/products\/f50-pro-hgag-soccer-cleats-for-firm-groundartificial-turf\/","url":"https:\/\/tourcruiser.com\/fr\/products\/f50-pro-hgag-soccer-cleats-for-firm-groundartificial-turf\/","name":"F50 Pro HG\/AG Soccer Cleats for Firm Ground\/Artificial Turf - TOURCRUISER PTE. LTD","isPartOf":{"@id":"https:\/\/tourcruiser.com\/fr\/#website"},"primaryImageOfPage":{"@id":"https:\/\/tourcruiser.com\/fr\/products\/f50-pro-hgag-soccer-cleats-for-firm-groundartificial-turf\/#primaryimage"},"image":{"@id":"https:\/\/tourcruiser.com\/fr\/products\/f50-pro-hgag-soccer-cleats-for-firm-groundartificial-turf\/#primaryimage"},"thumbnailUrl":"https:\/\/images.novelship.com\/product\/f50_pro_hg_ag_soccer_cleats_for_firm_ground_artifi_0_5918.jpeg","datePublished":"2026-03-02T09:39:38+00:00","dateModified":"2026-03-14T12:48:28+00:00","breadcrumb":{"@id":"https:\/\/tourcruiser.com\/fr\/products\/f50-pro-hgag-soccer-cleats-for-firm-groundartificial-turf\/#breadcrumb"},"inLanguage":"fr-FR","potentialAction":[{"@type":"ReadAction","target":["https:\/\/tourcruiser.com\/fr\/products\/f50-pro-hgag-soccer-cleats-for-firm-groundartificial-turf\/"]}]},{"@type":"ImageObject","inLanguage":"fr-FR","@id":"https:\/\/tourcruiser.com\/fr\/products\/f50-pro-hgag-soccer-cleats-for-firm-groundartificial-turf\/#primaryimage","url":"https:\/\/images.novelship.com\/product\/f50_pro_hg_ag_soccer_cleats_for_firm_ground_artifi_0_5918.jpeg","contentUrl":"https:\/\/images.novelship.com\/product\/f50_pro_hg_ag_soccer_cleats_for_firm_ground_artifi_0_5918.jpeg"},{"@type":"BreadcrumbList","@id":"https:\/\/tourcruiser.com\/fr\/products\/f50-pro-hgag-soccer-cleats-for-firm-groundartificial-turf\/#breadcrumb","itemListElement":[{"@type":"ListItem","position":1,"name":"Home","item":"https:\/\/tourcruiser.com\/fr\/"},{"@type":"ListItem","position":2,"name":"Shop","item":"https:\/\/tourcruiser.com\/fr\/shop\/"},{"@type":"ListItem","position":3,"name":"F50 Pro HG\/AG Soccer Cleats for Firm Ground\/Artificial Turf"}]},{"@type":"WebSite","@id":"https:\/\/tourcruiser.com\/fr\/#website","url":"https:\/\/tourcruiser.com\/fr\/","name":"Styloral Jewelry Shop","description":"Tourcruiser Sneaker Store \u2014 L\u2019endroit o\u00f9 l\u2019univers rencontre votre singularit\u00e9.","publisher":{"@id":"https:\/\/tourcruiser.com\/fr\/#organization"},"potentialAction":[{"@type":"SearchAction","target":{"@type":"EntryPoint","urlTemplate":"https:\/\/tourcruiser.com\/fr\/?s={search_term_string}"},"query-input":{"@type":"PropertyValueSpecification","valueRequired":true,"valueName":"search_term_string"}}],"inLanguage":"fr-FR"},{"@type":"Organization","@id":"https:\/\/tourcruiser.com\/fr\/#organization","name":"STYLORAL PTE. LTD","url":"https:\/\/tourcruiser.com\/fr\/","logo":{"@type":"ImageObject","inLanguage":"fr-FR","@id":"https:\/\/tourcruiser.com\/fr\/#\/schema\/logo\/image\/","url":"https:\/\/www.tourcruiser.com\/wp-content\/uploads\/2025\/12\/logo.png","contentUrl":"https:\/\/www.tourcruiser.com\/wp-content\/uploads\/2025\/12\/logo.png","width":200,"height":65,"caption":"STYLORAL PTE. LTD"},"image":{"@id":"https:\/\/tourcruiser.com\/fr\/#\/schema\/logo\/image\/"}}]}},"_links":{"self":[{"href":"https:\/\/tourcruiser.com\/fr\/wp-json\/wp\/v2\/product\/182811","targetHints":{"allow":["GET"]}}],"collection":[{"href":"https:\/\/tourcruiser.com\/fr\/wp-json\/wp\/v2\/product"}],"about":[{"href":"https:\/\/tourcruiser.com\/fr\/wp-json\/wp\/v2\/types\/product"}],"replies":[{"embeddable":true,"href":"https:\/\/tourcruiser.com\/fr\/wp-json\/wp\/v2\/comments?post=182811"}],"wp:featuredmedia":[{"embeddable":true,"href":"https:\/\/tourcruiser.com\/fr\/wp-json\/wp\/v2\/media\/182812"}],"wp:attachment":[{"href":"https:\/\/tourcruiser.com\/fr\/wp-json\/wp\/v2\/media?parent=182811"}],"wp:term":[{"taxonomy":"product_brand","embeddable":true,"href":"https:\/\/tourcruiser.com\/fr\/wp-json\/wp\/v2\/product_brand?post=182811"},{"taxonomy":"product_cat","embeddable":true,"href":"https:\/\/tourcruiser.com\/fr\/wp-json\/wp\/v2\/product_cat?post=182811"},{"taxonomy":"product_tag","embeddable":true,"href":"https:\/\/tourcruiser.com\/fr\/wp-json\/wp\/v2\/product_tag?post=182811"}],"curies":[{"name":"wp","href":"https:\/\/api.w.org\/{rel}","templated":true}]}}